{"id":67736,"date":"2025-06-16T17:56:07","date_gmt":"2025-06-16T15:56:07","guid":{"rendered":"https:\/\/dev.invicta.wp19.axome.cc\/produit\/poele-a-granules-loria-ibc6-gris\/"},"modified":"2025-06-16T17:56:08","modified_gmt":"2025-06-16T15:56:08","slug":"loria-gris-ibc-6-kw","status":"publish","type":"product","link":"https:\/\/dev.invicta.wp19.axome.cc\/fr\/produit\/loria-gris-ibc-6-kw\/","title":{"rendered":"Po\u00eale \u00e0 Granul\u00e9s LORIA IBC6 gris"},"content":{"rendered":"<p>Au concours de la performance \u00e9nerg\u00e9tique et de l\u2019esth\u00e9tique, ce po\u00eale \u00e0 granul\u00e9s r\u00e9colterait de nombreux lauriers. Les formes arrondies de Loria, le galbe de sa double porte et l\u2019\u00e9l\u00e9gance de sa vitre pleine exaltent le pouvoir de s\u00e9duction des flammes. Laissez-vous charmer et profitez de tous les atouts d\u2019un po\u00eale \u00e0 granul\u00e9s dans une esth\u00e9tique sublime et soign\u00e9e.<\/p>\n","protected":false},"excerpt":{"rendered":"<p>Au concours de la performance \u00e9nerg\u00e9tique et de l\u2019esth\u00e9tique, ce po\u00eale \u00e0 granul\u00e9s r\u00e9colterait de nombreux lauriers. Les formes arrondies de Loria, le galbe de sa double porte et l\u2019\u00e9l\u00e9gance de sa vitre pleine exaltent le pouvoir de s\u00e9duction des flammes. Laissez-vous charmer et profitez de tous les atouts d\u2019un po\u00eale \u00e0 granul\u00e9s dans une [&hellip;]<\/p>\n","protected":false},"featured_media":67711,"template":"","meta":{"_acf_changed":false},"product_brand":[],"product_cat":[],"product_tag":[57,7095,58,7096,64,7093,73,55,5606,6825],"plus_produit":[144,137,6835,1932,2132,5365,7299,1925,1924,1983,2142,2143,2137,5912,141],"class_list":{"1":"product","4":"has-post-thumbnail","6":"product_tag-flamme-verte","7":"product_tag-1-flamme-verte-7","8":"product_tag-eco-design-2022","9":"product_tag-2-eco-design-2022","10":"product_tag-a-ecolabel-2","11":"product_tag-flamme-verte-2","12":"product_tag-raccordable-2","13":"product_tag-raccordable","14":"product_tag-zone-3-ventouse","15":"product_tag-garantie-extension-1-an","16":"pa_autonomie-maximum-23-50","17":"pa_autonomie-minimum-11-00","18":"pa_capacite-de-la-tremie-16-50","19":"pa_consommation-0-69-1-50","20":"pa_depart-des-fumees-arriere","21":"pa_diametre-de-buse-80-mm","22":"pa_indice-de-performance-127-00","23":"pa_modulation-de-puissance-31-65","24":"pa_surface-de-chauffe-25-00-70-00","25":"pa_taux-de-co-0-0078","26":"pa_volume-de-chauffe-min-65-00-max-180-00","27":"plus_produit-appareil-etanche-compatible-rt2012","28":"plus_produit-diffusion-dair-chaud-par-ventilateur-tangenciel","29":"plus_produit-extension-de-garantie-1-an","30":"plus_produit-installation-possible-en-facade-zone-3-ventouse","31":"plus_produit-kit-de-controle-de-la-combustion-kcc-2","32":"plus_produit-kit-wifi-en-option","33":"plus_produit-porte-double-galbee","34":"plus_produit-possibilite-de-pilotage-par-thermostat-externe-non-fourni","35":"plus_produit-programmation-chrono-thermostat","36":"plus_produit-raccordable","37":"plus_produit-radiocommande-en-option","38":"plus_produit-regulation-de-la-puissance-ou-de-la-temperature-ambiante","39":"plus_produit-stand-by-veille","40":"plus_produit-ventilation-desactivable","41":"plus_produit-vitre-exterieure-grand-angle","43":"first","44":"instock","45":"purchasable","46":"product-type-simple"},"acf":[],"yoast_head":"<!-- This site is optimized with the Yoast SEO plugin v24.7 - https:\/\/yoast.com\/wordpress\/plugins\/seo\/ -->\n<title>Po\u00eale \u00e0 Granul\u00e9s LORIA IBC6 gris - Invicta<\/title>\n<meta name=\"description\" content=\"Au concours de la performance \u00e9nerg\u00e9tique et de l\u2019esth\u00e9tique, ce po\u00eale \u00e0 granul\u00e9s r\u00e9colterait de nombreux lauriers. Les formes arrondies de Loria, le\" \/>\n<meta name=\"robots\" content=\"index, follow, max-snippet:-1, max-image-preview:large, max-video-preview:-1\" \/>\n<link rel=\"canonical\" href=\"https:\/\/dev.invicta.wp19.axome.cc\/fr\/produit\/loria-gris-ibc-6-kw\/\" \/>\n<meta property=\"og:locale\" content=\"fr_FR\" \/>\n<meta property=\"og:type\" content=\"article\" \/>\n<meta property=\"og:title\" content=\"Po\u00eale \u00e0 Granul\u00e9s LORIA IBC6 gris - Invicta\" \/>\n<meta property=\"og:description\" content=\"Au concours de la performance \u00e9nerg\u00e9tique et de l\u2019esth\u00e9tique, ce po\u00eale \u00e0 granul\u00e9s r\u00e9colterait de nombreux lauriers. Les formes arrondies de Loria, le\" \/>\n<meta property=\"og:url\" content=\"https:\/\/dev.invicta.wp19.axome.cc\/fr\/produit\/loria-gris-ibc-6-kw\/\" \/>\n<meta property=\"og:site_name\" content=\"Invicta\" \/>\n<meta property=\"article:modified_time\" content=\"2025-06-16T15:56:08+00:00\" \/>\n<meta property=\"og:image\" content=\"https:\/\/dev.invicta.wp19.axome.cc\/wp-content\/uploads\/2025\/06\/LORIA_gris.jpg\" \/>\n\t<meta property=\"og:image:width\" content=\"600\" \/>\n\t<meta property=\"og:image:height\" content=\"1146\" \/>\n\t<meta property=\"og:image:type\" content=\"image\/jpeg\" \/>\n<meta name=\"twitter:card\" content=\"summary_large_image\" \/>\n<script type=\"application\/ld+json\" class=\"yoast-schema-graph\">{\"@context\":\"https:\/\/schema.org\",\"@graph\":[{\"@type\":\"WebPage\",\"@id\":\"https:\/\/dev.invicta.wp19.axome.cc\/fr\/produit\/loria-gris-ibc-6-kw\/\",\"url\":\"https:\/\/dev.invicta.wp19.axome.cc\/fr\/produit\/loria-gris-ibc-6-kw\/\",\"name\":\"Po\u00eale \u00e0 Granul\u00e9s LORIA IBC6 gris - Invicta\",\"isPartOf\":{\"@id\":\"https:\/\/dev.invicta.wp19.axome.cc\/fr\/#website\"},\"primaryImageOfPage\":{\"@id\":\"https:\/\/dev.invicta.wp19.axome.cc\/fr\/produit\/loria-gris-ibc-6-kw\/#primaryimage\"},\"image\":{\"@id\":\"https:\/\/dev.invicta.wp19.axome.cc\/fr\/produit\/loria-gris-ibc-6-kw\/#primaryimage\"},\"thumbnailUrl\":\"https:\/\/dev.invicta.wp19.axome.cc\/wp-content\/uploads\/2025\/06\/LORIA_gris.jpg\",\"datePublished\":\"2025-06-16T15:56:07+00:00\",\"dateModified\":\"2025-06-16T15:56:08+00:00\",\"description\":\"Au concours de la performance \u00e9nerg\u00e9tique et de l\u2019esth\u00e9tique, ce po\u00eale \u00e0 granul\u00e9s r\u00e9colterait de nombreux lauriers. Les formes arrondies de Loria, le\",\"breadcrumb\":{\"@id\":\"https:\/\/dev.invicta.wp19.axome.cc\/fr\/produit\/loria-gris-ibc-6-kw\/#breadcrumb\"},\"inLanguage\":\"fr-FR\",\"potentialAction\":[{\"@type\":\"ReadAction\",\"target\":[\"https:\/\/dev.invicta.wp19.axome.cc\/fr\/produit\/loria-gris-ibc-6-kw\/\"]}]},{\"@type\":\"ImageObject\",\"inLanguage\":\"fr-FR\",\"@id\":\"https:\/\/dev.invicta.wp19.axome.cc\/fr\/produit\/loria-gris-ibc-6-kw\/#primaryimage\",\"url\":\"https:\/\/dev.invicta.wp19.axome.cc\/wp-content\/uploads\/2025\/06\/LORIA_gris.jpg\",\"contentUrl\":\"https:\/\/dev.invicta.wp19.axome.cc\/wp-content\/uploads\/2025\/06\/LORIA_gris.jpg\",\"width\":600,\"height\":1146,\"caption\":\"Po\u00eale \u00e0 Granul\u00e9s Canalisable LORIA ID9 gris\"},{\"@type\":\"BreadcrumbList\",\"@id\":\"https:\/\/dev.invicta.wp19.axome.cc\/fr\/produit\/loria-gris-ibc-6-kw\/#breadcrumb\",\"itemListElement\":[{\"@type\":\"ListItem\",\"position\":1,\"name\":\"Accueil\",\"item\":\"https:\/\/dev.invicta.wp19.axome.cc\/fr\/\"},{\"@type\":\"ListItem\",\"position\":2,\"name\":\"Produits\",\"item\":\"https:\/\/dev.invicta.wp19.axome.cc\/fr\/shop\/\"},{\"@type\":\"ListItem\",\"position\":3,\"name\":\"Po\u00eale \u00e0 Granul\u00e9s LORIA IBC6 gris\"}]},{\"@type\":\"WebSite\",\"@id\":\"https:\/\/dev.invicta.wp19.axome.cc\/fr\/#website\",\"url\":\"https:\/\/dev.invicta.wp19.axome.cc\/fr\/\",\"name\":\"Invicta\",\"description\":\"Fabricant fran\u00e7ais, sp\u00e9cialiste europ\u00e9en du chauffage au bois : po\u00eales \u00e0 bois et \u00e0 granul\u00e9s, chemin\u00e9es, foyers et inserts\",\"publisher\":{\"@id\":\"https:\/\/dev.invicta.wp19.axome.cc\/fr\/#organization\"},\"potentialAction\":[{\"@type\":\"SearchAction\",\"target\":{\"@type\":\"EntryPoint\",\"urlTemplate\":\"https:\/\/dev.invicta.wp19.axome.cc\/fr\/?s={search_term_string}\"},\"query-input\":{\"@type\":\"PropertyValueSpecification\",\"valueRequired\":true,\"valueName\":\"search_term_string\"}}],\"inLanguage\":\"fr-FR\"},{\"@type\":\"Organization\",\"@id\":\"https:\/\/dev.invicta.wp19.axome.cc\/fr\/#organization\",\"name\":\"Invicta\",\"url\":\"https:\/\/dev.invicta.wp19.axome.cc\/fr\/\",\"logo\":{\"@type\":\"ImageObject\",\"inLanguage\":\"fr-FR\",\"@id\":\"https:\/\/dev.invicta.wp19.axome.cc\/fr\/#\/schema\/logo\/image\/\",\"url\":\"https:\/\/www.invicta.fr\/wp-content\/uploads\/2019\/06\/INVICTALOGO_RVB.png\",\"contentUrl\":\"https:\/\/www.invicta.fr\/wp-content\/uploads\/2019\/06\/INVICTALOGO_RVB.png\",\"width\":1810,\"height\":1280,\"caption\":\"Invicta\"},\"image\":{\"@id\":\"https:\/\/dev.invicta.wp19.axome.cc\/fr\/#\/schema\/logo\/image\/\"}}]}<\/script>\n<!-- \/ Yoast SEO plugin. -->","yoast_head_json":{"title":"Po\u00eale \u00e0 Granul\u00e9s LORIA IBC6 gris - Invicta","description":"Au concours de la performance \u00e9nerg\u00e9tique et de l\u2019esth\u00e9tique, ce po\u00eale \u00e0 granul\u00e9s r\u00e9colterait de nombreux lauriers. Les formes arrondies de Loria, le","robots":{"index":"index","follow":"follow","max-snippet":"max-snippet:-1","max-image-preview":"max-image-preview:large","max-video-preview":"max-video-preview:-1"},"canonical":"https:\/\/dev.invicta.wp19.axome.cc\/fr\/produit\/loria-gris-ibc-6-kw\/","og_locale":"fr_FR","og_type":"article","og_title":"Po\u00eale \u00e0 Granul\u00e9s LORIA IBC6 gris - Invicta","og_description":"Au concours de la performance \u00e9nerg\u00e9tique et de l\u2019esth\u00e9tique, ce po\u00eale \u00e0 granul\u00e9s r\u00e9colterait de nombreux lauriers. Les formes arrondies de Loria, le","og_url":"https:\/\/dev.invicta.wp19.axome.cc\/fr\/produit\/loria-gris-ibc-6-kw\/","og_site_name":"Invicta","article_modified_time":"2025-06-16T15:56:08+00:00","og_image":[{"width":600,"height":1146,"url":"https:\/\/dev.invicta.wp19.axome.cc\/wp-content\/uploads\/2025\/06\/LORIA_gris.jpg","type":"image\/jpeg"}],"twitter_card":"summary_large_image","schema":{"@context":"https:\/\/schema.org","@graph":[{"@type":"WebPage","@id":"https:\/\/dev.invicta.wp19.axome.cc\/fr\/produit\/loria-gris-ibc-6-kw\/","url":"https:\/\/dev.invicta.wp19.axome.cc\/fr\/produit\/loria-gris-ibc-6-kw\/","name":"Po\u00eale \u00e0 Granul\u00e9s LORIA IBC6 gris - Invicta","isPartOf":{"@id":"https:\/\/dev.invicta.wp19.axome.cc\/fr\/#website"},"primaryImageOfPage":{"@id":"https:\/\/dev.invicta.wp19.axome.cc\/fr\/produit\/loria-gris-ibc-6-kw\/#primaryimage"},"image":{"@id":"https:\/\/dev.invicta.wp19.axome.cc\/fr\/produit\/loria-gris-ibc-6-kw\/#primaryimage"},"thumbnailUrl":"https:\/\/dev.invicta.wp19.axome.cc\/wp-content\/uploads\/2025\/06\/LORIA_gris.jpg","datePublished":"2025-06-16T15:56:07+00:00","dateModified":"2025-06-16T15:56:08+00:00","description":"Au concours de la performance \u00e9nerg\u00e9tique et de l\u2019esth\u00e9tique, ce po\u00eale \u00e0 granul\u00e9s r\u00e9colterait de nombreux lauriers. Les formes arrondies de Loria, le","breadcrumb":{"@id":"https:\/\/dev.invicta.wp19.axome.cc\/fr\/produit\/loria-gris-ibc-6-kw\/#breadcrumb"},"inLanguage":"fr-FR","potentialAction":[{"@type":"ReadAction","target":["https:\/\/dev.invicta.wp19.axome.cc\/fr\/produit\/loria-gris-ibc-6-kw\/"]}]},{"@type":"ImageObject","inLanguage":"fr-FR","@id":"https:\/\/dev.invicta.wp19.axome.cc\/fr\/produit\/loria-gris-ibc-6-kw\/#primaryimage","url":"https:\/\/dev.invicta.wp19.axome.cc\/wp-content\/uploads\/2025\/06\/LORIA_gris.jpg","contentUrl":"https:\/\/dev.invicta.wp19.axome.cc\/wp-content\/uploads\/2025\/06\/LORIA_gris.jpg","width":600,"height":1146,"caption":"Po\u00eale \u00e0 Granul\u00e9s Canalisable LORIA ID9 gris"},{"@type":"BreadcrumbList","@id":"https:\/\/dev.invicta.wp19.axome.cc\/fr\/produit\/loria-gris-ibc-6-kw\/#breadcrumb","itemListElement":[{"@type":"ListItem","position":1,"name":"Accueil","item":"https:\/\/dev.invicta.wp19.axome.cc\/fr\/"},{"@type":"ListItem","position":2,"name":"Produits","item":"https:\/\/dev.invicta.wp19.axome.cc\/fr\/shop\/"},{"@type":"ListItem","position":3,"name":"Po\u00eale \u00e0 Granul\u00e9s LORIA IBC6 gris"}]},{"@type":"WebSite","@id":"https:\/\/dev.invicta.wp19.axome.cc\/fr\/#website","url":"https:\/\/dev.invicta.wp19.axome.cc\/fr\/","name":"Invicta","description":"Fabricant fran\u00e7ais, sp\u00e9cialiste europ\u00e9en du chauffage au bois : po\u00eales \u00e0 bois et \u00e0 granul\u00e9s, chemin\u00e9es, foyers et inserts","publisher":{"@id":"https:\/\/dev.invicta.wp19.axome.cc\/fr\/#organization"},"potentialAction":[{"@type":"SearchAction","target":{"@type":"EntryPoint","urlTemplate":"https:\/\/dev.invicta.wp19.axome.cc\/fr\/?s={search_term_string}"},"query-input":{"@type":"PropertyValueSpecification","valueRequired":true,"valueName":"search_term_string"}}],"inLanguage":"fr-FR"},{"@type":"Organization","@id":"https:\/\/dev.invicta.wp19.axome.cc\/fr\/#organization","name":"Invicta","url":"https:\/\/dev.invicta.wp19.axome.cc\/fr\/","logo":{"@type":"ImageObject","inLanguage":"fr-FR","@id":"https:\/\/dev.invicta.wp19.axome.cc\/fr\/#\/schema\/logo\/image\/","url":"https:\/\/www.invicta.fr\/wp-content\/uploads\/2019\/06\/INVICTALOGO_RVB.png","contentUrl":"https:\/\/www.invicta.fr\/wp-content\/uploads\/2019\/06\/INVICTALOGO_RVB.png","width":1810,"height":1280,"caption":"Invicta"},"image":{"@id":"https:\/\/dev.invicta.wp19.axome.cc\/fr\/#\/schema\/logo\/image\/"}}]}},"_links":{"self":[{"href":"https:\/\/dev.invicta.wp19.axome.cc\/fr\/wp-json\/wp\/v2\/product\/67736","targetHints":{"allow":["GET"]}}],"collection":[{"href":"https:\/\/dev.invicta.wp19.axome.cc\/fr\/wp-json\/wp\/v2\/product"}],"about":[{"href":"https:\/\/dev.invicta.wp19.axome.cc\/fr\/wp-json\/wp\/v2\/types\/product"}],"wp:featuredmedia":[{"embeddable":true,"href":"https:\/\/dev.invicta.wp19.axome.cc\/fr\/wp-json\/wp\/v2\/media\/67711"}],"wp:attachment":[{"href":"https:\/\/dev.invicta.wp19.axome.cc\/fr\/wp-json\/wp\/v2\/media?parent=67736"}],"wp:term":[{"taxonomy":"product_brand","embeddable":true,"href":"https:\/\/dev.invicta.wp19.axome.cc\/fr\/wp-json\/wp\/v2\/product_brand?post=67736"},{"taxonomy":"product_cat","embeddable":true,"href":"https:\/\/dev.invicta.wp19.axome.cc\/fr\/wp-json\/wp\/v2\/product_cat?post=67736"},{"taxonomy":"product_tag","embeddable":true,"href":"https:\/\/dev.invicta.wp19.axome.cc\/fr\/wp-json\/wp\/v2\/product_tag?post=67736"},{"taxonomy":"plus_produit","embeddable":true,"href":"https:\/\/dev.invicta.wp19.axome.cc\/fr\/wp-json\/wp\/v2\/plus_produit?post=67736"}],"curies":[{"name":"wp","href":"https:\/\/api.w.org\/{rel}","templated":true}]}}