{"id":67739,"date":"2025-06-16T17:56:13","date_gmt":"2025-06-16T15:56:13","guid":{"rendered":"https:\/\/dev.invicta.wp19.axome.cc\/produit\/arum-etanche-wifi-is-9-kw\/"},"modified":"2025-06-16T17:56:14","modified_gmt":"2025-06-16T15:56:14","slug":"arum-etanche-wifi-is-9-kw","status":"publish","type":"product","link":"https:\/\/dev.invicta.wp19.axome.cc\/fr\/produit\/arum-etanche-wifi-is-9-kw\/","title":{"rendered":"ARUM \u00e9tanche WiFi- IS 9 kW"},"content":{"rendered":"<p>Vous cherchez \u00e0 gagner de l\u2019espace\u00a0? Le po\u00eale \u00e0 granul\u00e9s Arum Slim offre une solution de chauffage originale et peu encombrante. L&#8217;association \u00e9l\u00e9gante de la c\u00e9ramique aspect marbre de Savoie et de la vitre noire Magic Light captivera les amateurs de design. Tout est en place pour se laisser hypnotiser par le spectacle du feu.<\/p>\n","protected":false},"excerpt":{"rendered":"<p>Vous cherchez \u00e0 gagner de l\u2019espace\u00a0? Le po\u00eale \u00e0 granul\u00e9s Arum Slim offre une solution de chauffage originale et peu encombrante. L&#8217;association \u00e9l\u00e9gante de la c\u00e9ramique aspect marbre de Savoie et de la vitre noire Magic Light captivera les amateurs de design. Tout est en place pour se laisser hypnotiser par le spectacle du feu.<\/p>\n","protected":false},"featured_media":67740,"template":"","meta":{"_acf_changed":false},"product_brand":[],"product_cat":[],"product_tag":[58,7096,64,3055,5599,73,55,5600,5606,6825],"plus_produit":[144,5396,7334,6835,1932,1925,1924,1983,2143,6957,7335,2137,5912,6900,5384],"class_list":{"1":"product","4":"has-post-thumbnail","6":"product_tag-eco-design-2022","7":"product_tag-2-eco-design-2022","8":"product_tag-a-ecolabel-2","9":"product_tag-canalisable","10":"product_tag-canalisable-1-ventilateur-dedie","11":"product_tag-raccordable-2","12":"product_tag-raccordable","13":"product_tag-wifi-de-serie","14":"product_tag-zone-3-ventouse","15":"product_tag-garantie-extension-1-an","16":"pa_autonomie-maximum-30-00","17":"pa_autonomie-minimum-10-00","18":"pa_capacite-de-la-tremie-21-00","19":"pa_consommation-0-69-2-06","20":"pa_depart-des-fumees-concentrique","21":"pa_diametre-de-buse-80_130","22":"pa_indice-de-performance-121-00","23":"pa_modulation-de-puissance-32-91","24":"pa_surface-de-chauffe-35-00-110-00","25":"pa_taux-de-co-0-0031","26":"pa_volume-de-chauffe-min-85-00-max-275-00","27":"plus_produit-appareil-etanche-compatible-rt2012","28":"plus_produit-canalisable-avec-ventilateur-dedie","29":"plus_produit-diffusion-dair-chaud-par-ventilateur-radial-centrifuge","30":"plus_produit-extension-de-garantie-1-an","31":"plus_produit-installation-possible-en-facade-zone-3-ventouse","32":"plus_produit-possibilite-de-pilotage-par-thermostat-externe-non-fourni","33":"plus_produit-programmation-chrono-thermostat","34":"plus_produit-raccordable","35":"plus_produit-regulation-de-la-puissance-ou-de-la-temperature-ambiante","36":"plus_produit-sortie-dessus-concentrique-coaxiale-integree-80-130","37":"plus_produit-sortie-fumees-concentrique","38":"plus_produit-stand-by-veille","39":"plus_produit-ventilation-desactivable","40":"plus_produit-vitre-magic-light","41":"plus_produit-wifi-integre","43":"first","44":"instock","45":"purchasable","46":"product-type-simple"},"acf":[],"yoast_head":"<!-- This site is optimized with the Yoast SEO plugin v24.7 - https:\/\/yoast.com\/wordpress\/plugins\/seo\/ -->\n<title>ARUM \u00e9tanche WiFi- IS 9 kW - Invicta<\/title>\n<meta name=\"description\" content=\"Vous cherchez \u00e0 gagner de l\u2019espace\u00a0? Le po\u00eale \u00e0 granul\u00e9s Arum Slim offre une solution de chauffage originale et peu encombrante. L&#039;association \u00e9l\u00e9gante de\" \/>\n<meta name=\"robots\" content=\"index, follow, max-snippet:-1, max-image-preview:large, max-video-preview:-1\" \/>\n<link rel=\"canonical\" href=\"https:\/\/dev.invicta.wp19.axome.cc\/fr\/produit\/arum-etanche-wifi-is-9-kw\/\" \/>\n<meta property=\"og:locale\" content=\"fr_FR\" \/>\n<meta property=\"og:type\" content=\"article\" \/>\n<meta property=\"og:title\" content=\"ARUM \u00e9tanche WiFi- IS 9 kW - Invicta\" \/>\n<meta property=\"og:description\" content=\"Vous cherchez \u00e0 gagner de l\u2019espace\u00a0? Le po\u00eale \u00e0 granul\u00e9s Arum Slim offre une solution de chauffage originale et peu encombrante. L&#039;association \u00e9l\u00e9gante de\" \/>\n<meta property=\"og:url\" content=\"https:\/\/dev.invicta.wp19.axome.cc\/fr\/produit\/arum-etanche-wifi-is-9-kw\/\" \/>\n<meta property=\"og:site_name\" content=\"Invicta\" \/>\n<meta property=\"article:modified_time\" content=\"2025-06-16T15:56:14+00:00\" \/>\n<meta property=\"og:image\" content=\"https:\/\/dev.invicta.wp19.axome.cc\/wp-content\/uploads\/2025\/06\/C-ARUM.jpg\" \/>\n\t<meta property=\"og:image:width\" content=\"588\" \/>\n\t<meta property=\"og:image:height\" content=\"553\" \/>\n\t<meta property=\"og:image:type\" content=\"image\/jpeg\" \/>\n<meta name=\"twitter:card\" content=\"summary_large_image\" \/>\n<script type=\"application\/ld+json\" class=\"yoast-schema-graph\">{\"@context\":\"https:\/\/schema.org\",\"@graph\":[{\"@type\":\"WebPage\",\"@id\":\"https:\/\/dev.invicta.wp19.axome.cc\/fr\/produit\/arum-etanche-wifi-is-9-kw\/\",\"url\":\"https:\/\/dev.invicta.wp19.axome.cc\/fr\/produit\/arum-etanche-wifi-is-9-kw\/\",\"name\":\"ARUM \u00e9tanche WiFi- IS 9 kW - Invicta\",\"isPartOf\":{\"@id\":\"https:\/\/dev.invicta.wp19.axome.cc\/fr\/#website\"},\"primaryImageOfPage\":{\"@id\":\"https:\/\/dev.invicta.wp19.axome.cc\/fr\/produit\/arum-etanche-wifi-is-9-kw\/#primaryimage\"},\"image\":{\"@id\":\"https:\/\/dev.invicta.wp19.axome.cc\/fr\/produit\/arum-etanche-wifi-is-9-kw\/#primaryimage\"},\"thumbnailUrl\":\"https:\/\/dev.invicta.wp19.axome.cc\/wp-content\/uploads\/2025\/06\/C-ARUM.jpg\",\"datePublished\":\"2025-06-16T15:56:13+00:00\",\"dateModified\":\"2025-06-16T15:56:14+00:00\",\"description\":\"Vous cherchez \u00e0 gagner de l\u2019espace\u00a0? Le po\u00eale \u00e0 granul\u00e9s Arum Slim offre une solution de chauffage originale et peu encombrante. L'association \u00e9l\u00e9gante de\",\"breadcrumb\":{\"@id\":\"https:\/\/dev.invicta.wp19.axome.cc\/fr\/produit\/arum-etanche-wifi-is-9-kw\/#breadcrumb\"},\"inLanguage\":\"fr-FR\",\"potentialAction\":[{\"@type\":\"ReadAction\",\"target\":[\"https:\/\/dev.invicta.wp19.axome.cc\/fr\/produit\/arum-etanche-wifi-is-9-kw\/\"]}]},{\"@type\":\"ImageObject\",\"inLanguage\":\"fr-FR\",\"@id\":\"https:\/\/dev.invicta.wp19.axome.cc\/fr\/produit\/arum-etanche-wifi-is-9-kw\/#primaryimage\",\"url\":\"https:\/\/dev.invicta.wp19.axome.cc\/wp-content\/uploads\/2025\/06\/C-ARUM.jpg\",\"contentUrl\":\"https:\/\/dev.invicta.wp19.axome.cc\/wp-content\/uploads\/2025\/06\/C-ARUM.jpg\",\"width\":588,\"height\":553,\"caption\":\"ARUM \u00e9tanche WiFi- IS 9 kW\"},{\"@type\":\"BreadcrumbList\",\"@id\":\"https:\/\/dev.invicta.wp19.axome.cc\/fr\/produit\/arum-etanche-wifi-is-9-kw\/#breadcrumb\",\"itemListElement\":[{\"@type\":\"ListItem\",\"position\":1,\"name\":\"Accueil\",\"item\":\"https:\/\/dev.invicta.wp19.axome.cc\/fr\/\"},{\"@type\":\"ListItem\",\"position\":2,\"name\":\"Produits\",\"item\":\"https:\/\/dev.invicta.wp19.axome.cc\/fr\/shop\/\"},{\"@type\":\"ListItem\",\"position\":3,\"name\":\"ARUM \u00e9tanche WiFi- IS 9 kW\"}]},{\"@type\":\"WebSite\",\"@id\":\"https:\/\/dev.invicta.wp19.axome.cc\/fr\/#website\",\"url\":\"https:\/\/dev.invicta.wp19.axome.cc\/fr\/\",\"name\":\"Invicta\",\"description\":\"Fabricant fran\u00e7ais, sp\u00e9cialiste europ\u00e9en du chauffage au bois : po\u00eales \u00e0 bois et \u00e0 granul\u00e9s, chemin\u00e9es, foyers et inserts\",\"publisher\":{\"@id\":\"https:\/\/dev.invicta.wp19.axome.cc\/fr\/#organization\"},\"potentialAction\":[{\"@type\":\"SearchAction\",\"target\":{\"@type\":\"EntryPoint\",\"urlTemplate\":\"https:\/\/dev.invicta.wp19.axome.cc\/fr\/?s={search_term_string}\"},\"query-input\":{\"@type\":\"PropertyValueSpecification\",\"valueRequired\":true,\"valueName\":\"search_term_string\"}}],\"inLanguage\":\"fr-FR\"},{\"@type\":\"Organization\",\"@id\":\"https:\/\/dev.invicta.wp19.axome.cc\/fr\/#organization\",\"name\":\"Invicta\",\"url\":\"https:\/\/dev.invicta.wp19.axome.cc\/fr\/\",\"logo\":{\"@type\":\"ImageObject\",\"inLanguage\":\"fr-FR\",\"@id\":\"https:\/\/dev.invicta.wp19.axome.cc\/fr\/#\/schema\/logo\/image\/\",\"url\":\"https:\/\/www.invicta.fr\/wp-content\/uploads\/2019\/06\/INVICTALOGO_RVB.png\",\"contentUrl\":\"https:\/\/www.invicta.fr\/wp-content\/uploads\/2019\/06\/INVICTALOGO_RVB.png\",\"width\":1810,\"height\":1280,\"caption\":\"Invicta\"},\"image\":{\"@id\":\"https:\/\/dev.invicta.wp19.axome.cc\/fr\/#\/schema\/logo\/image\/\"}}]}<\/script>\n<!-- \/ Yoast SEO plugin. -->","yoast_head_json":{"title":"ARUM \u00e9tanche WiFi- IS 9 kW - Invicta","description":"Vous cherchez \u00e0 gagner de l\u2019espace\u00a0? Le po\u00eale \u00e0 granul\u00e9s Arum Slim offre une solution de chauffage originale et peu encombrante. L'association \u00e9l\u00e9gante de","robots":{"index":"index","follow":"follow","max-snippet":"max-snippet:-1","max-image-preview":"max-image-preview:large","max-video-preview":"max-video-preview:-1"},"canonical":"https:\/\/dev.invicta.wp19.axome.cc\/fr\/produit\/arum-etanche-wifi-is-9-kw\/","og_locale":"fr_FR","og_type":"article","og_title":"ARUM \u00e9tanche WiFi- IS 9 kW - Invicta","og_description":"Vous cherchez \u00e0 gagner de l\u2019espace\u00a0? Le po\u00eale \u00e0 granul\u00e9s Arum Slim offre une solution de chauffage originale et peu encombrante. L'association \u00e9l\u00e9gante de","og_url":"https:\/\/dev.invicta.wp19.axome.cc\/fr\/produit\/arum-etanche-wifi-is-9-kw\/","og_site_name":"Invicta","article_modified_time":"2025-06-16T15:56:14+00:00","og_image":[{"width":588,"height":553,"url":"https:\/\/dev.invicta.wp19.axome.cc\/wp-content\/uploads\/2025\/06\/C-ARUM.jpg","type":"image\/jpeg"}],"twitter_card":"summary_large_image","schema":{"@context":"https:\/\/schema.org","@graph":[{"@type":"WebPage","@id":"https:\/\/dev.invicta.wp19.axome.cc\/fr\/produit\/arum-etanche-wifi-is-9-kw\/","url":"https:\/\/dev.invicta.wp19.axome.cc\/fr\/produit\/arum-etanche-wifi-is-9-kw\/","name":"ARUM \u00e9tanche WiFi- IS 9 kW - Invicta","isPartOf":{"@id":"https:\/\/dev.invicta.wp19.axome.cc\/fr\/#website"},"primaryImageOfPage":{"@id":"https:\/\/dev.invicta.wp19.axome.cc\/fr\/produit\/arum-etanche-wifi-is-9-kw\/#primaryimage"},"image":{"@id":"https:\/\/dev.invicta.wp19.axome.cc\/fr\/produit\/arum-etanche-wifi-is-9-kw\/#primaryimage"},"thumbnailUrl":"https:\/\/dev.invicta.wp19.axome.cc\/wp-content\/uploads\/2025\/06\/C-ARUM.jpg","datePublished":"2025-06-16T15:56:13+00:00","dateModified":"2025-06-16T15:56:14+00:00","description":"Vous cherchez \u00e0 gagner de l\u2019espace\u00a0? Le po\u00eale \u00e0 granul\u00e9s Arum Slim offre une solution de chauffage originale et peu encombrante. L'association \u00e9l\u00e9gante de","breadcrumb":{"@id":"https:\/\/dev.invicta.wp19.axome.cc\/fr\/produit\/arum-etanche-wifi-is-9-kw\/#breadcrumb"},"inLanguage":"fr-FR","potentialAction":[{"@type":"ReadAction","target":["https:\/\/dev.invicta.wp19.axome.cc\/fr\/produit\/arum-etanche-wifi-is-9-kw\/"]}]},{"@type":"ImageObject","inLanguage":"fr-FR","@id":"https:\/\/dev.invicta.wp19.axome.cc\/fr\/produit\/arum-etanche-wifi-is-9-kw\/#primaryimage","url":"https:\/\/dev.invicta.wp19.axome.cc\/wp-content\/uploads\/2025\/06\/C-ARUM.jpg","contentUrl":"https:\/\/dev.invicta.wp19.axome.cc\/wp-content\/uploads\/2025\/06\/C-ARUM.jpg","width":588,"height":553,"caption":"ARUM \u00e9tanche WiFi- IS 9 kW"},{"@type":"BreadcrumbList","@id":"https:\/\/dev.invicta.wp19.axome.cc\/fr\/produit\/arum-etanche-wifi-is-9-kw\/#breadcrumb","itemListElement":[{"@type":"ListItem","position":1,"name":"Accueil","item":"https:\/\/dev.invicta.wp19.axome.cc\/fr\/"},{"@type":"ListItem","position":2,"name":"Produits","item":"https:\/\/dev.invicta.wp19.axome.cc\/fr\/shop\/"},{"@type":"ListItem","position":3,"name":"ARUM \u00e9tanche WiFi- IS 9 kW"}]},{"@type":"WebSite","@id":"https:\/\/dev.invicta.wp19.axome.cc\/fr\/#website","url":"https:\/\/dev.invicta.wp19.axome.cc\/fr\/","name":"Invicta","description":"Fabricant fran\u00e7ais, sp\u00e9cialiste europ\u00e9en du chauffage au bois : po\u00eales \u00e0 bois et \u00e0 granul\u00e9s, chemin\u00e9es, foyers et inserts","publisher":{"@id":"https:\/\/dev.invicta.wp19.axome.cc\/fr\/#organization"},"potentialAction":[{"@type":"SearchAction","target":{"@type":"EntryPoint","urlTemplate":"https:\/\/dev.invicta.wp19.axome.cc\/fr\/?s={search_term_string}"},"query-input":{"@type":"PropertyValueSpecification","valueRequired":true,"valueName":"search_term_string"}}],"inLanguage":"fr-FR"},{"@type":"Organization","@id":"https:\/\/dev.invicta.wp19.axome.cc\/fr\/#organization","name":"Invicta","url":"https:\/\/dev.invicta.wp19.axome.cc\/fr\/","logo":{"@type":"ImageObject","inLanguage":"fr-FR","@id":"https:\/\/dev.invicta.wp19.axome.cc\/fr\/#\/schema\/logo\/image\/","url":"https:\/\/www.invicta.fr\/wp-content\/uploads\/2019\/06\/INVICTALOGO_RVB.png","contentUrl":"https:\/\/www.invicta.fr\/wp-content\/uploads\/2019\/06\/INVICTALOGO_RVB.png","width":1810,"height":1280,"caption":"Invicta"},"image":{"@id":"https:\/\/dev.invicta.wp19.axome.cc\/fr\/#\/schema\/logo\/image\/"}}]}},"_links":{"self":[{"href":"https:\/\/dev.invicta.wp19.axome.cc\/fr\/wp-json\/wp\/v2\/product\/67739","targetHints":{"allow":["GET"]}}],"collection":[{"href":"https:\/\/dev.invicta.wp19.axome.cc\/fr\/wp-json\/wp\/v2\/product"}],"about":[{"href":"https:\/\/dev.invicta.wp19.axome.cc\/fr\/wp-json\/wp\/v2\/types\/product"}],"wp:featuredmedia":[{"embeddable":true,"href":"https:\/\/dev.invicta.wp19.axome.cc\/fr\/wp-json\/wp\/v2\/media\/67740"}],"wp:attachment":[{"href":"https:\/\/dev.invicta.wp19.axome.cc\/fr\/wp-json\/wp\/v2\/media?parent=67739"}],"wp:term":[{"taxonomy":"product_brand","embeddable":true,"href":"https:\/\/dev.invicta.wp19.axome.cc\/fr\/wp-json\/wp\/v2\/product_brand?post=67739"},{"taxonomy":"product_cat","embeddable":true,"href":"https:\/\/dev.invicta.wp19.axome.cc\/fr\/wp-json\/wp\/v2\/product_cat?post=67739"},{"taxonomy":"product_tag","embeddable":true,"href":"https:\/\/dev.invicta.wp19.axome.cc\/fr\/wp-json\/wp\/v2\/product_tag?post=67739"},{"taxonomy":"plus_produit","embeddable":true,"href":"https:\/\/dev.invicta.wp19.axome.cc\/fr\/wp-json\/wp\/v2\/plus_produit?post=67739"}],"curies":[{"name":"wp","href":"https:\/\/api.w.org\/{rel}","templated":true}]}}