{"id":67743,"date":"2025-06-16T17:56:17","date_gmt":"2025-06-16T15:56:17","guid":{"rendered":"https:\/\/dev.invicta.wp19.axome.cc\/produit\/poele-a-granules-etanche-corte-6-kw-wifi-noir\/"},"modified":"2025-06-16T17:56:18","modified_gmt":"2025-06-16T15:56:18","slug":"poele-a-granules-etanche-corte-6-kw-wifi-noir","status":"publish","type":"product","link":"https:\/\/dev.invicta.wp19.axome.cc\/fr\/produit\/poele-a-granules-etanche-corte-6-kw-wifi-noir\/","title":{"rendered":"Po\u00eale \u00e0 Granul\u00e9s \u00e9tanche CORTE 6 kW WIFI noir"},"content":{"rendered":"<p>Alliez performance et simplicit\u00e9 avec le po\u00eale \u00e0 granul\u00e9s Corte. \u00c9tanche et \u00e9quip\u00e9 d&#8217;une sortie dessus concentrique, cette source de chaleur \u00e9cologique et \u00e9conomique s&#8217;int\u00e8gre facilement dans votre habitat. Habillage sobre et \u00e9l\u00e9gant en acier noir ou gris.<\/p>\n","protected":false},"excerpt":{"rendered":"<p>Alliez performance et simplicit\u00e9 avec le po\u00eale \u00e0 granul\u00e9s Corte. \u00c9tanche et \u00e9quip\u00e9 d&#8217;une sortie dessus concentrique, cette source de chaleur \u00e9cologique et \u00e9conomique s&#8217;int\u00e8gre facilement dans votre habitat. Habillage sobre et \u00e9l\u00e9gant en acier noir ou gris.<\/p>\n","protected":false},"featured_media":67744,"template":"","meta":{"_acf_changed":false},"product_brand":[],"product_cat":[],"product_tag":[58,7096,64,73,55,5600,5606,6825],"plus_produit":[144,137,6835,1932,2132,1925,1924,1983,1921,6957,7335,2137,5384],"class_list":{"1":"product","4":"has-post-thumbnail","6":"product_tag-eco-design-2022","7":"product_tag-2-eco-design-2022","8":"product_tag-a-ecolabel-2","9":"product_tag-raccordable-2","10":"product_tag-raccordable","11":"product_tag-wifi-de-serie","12":"product_tag-zone-3-ventouse","13":"product_tag-garantie-extension-1-an","14":"pa_autonomie-maximum-18-50","15":"pa_autonomie-minimum-9-50","16":"pa_capacite-de-la-tremie-14-00","17":"pa_consommation-0-75-1-44","18":"pa_depart-des-fumees-concentrique","19":"pa_diametre-de-buse-80_130","20":"pa_indice-de-performance-121-00","21":"pa_modulation-de-puissance-32-64","22":"pa_surface-de-chauffe-25-00-70-00","23":"pa_taux-de-co-0-0120","24":"pa_volume-de-chauffe-min-65-00-max-180-00","25":"plus_produit-appareil-etanche-compatible-rt2012","26":"plus_produit-diffusion-dair-chaud-par-ventilateur-tangenciel","27":"plus_produit-extension-de-garantie-1-an","28":"plus_produit-installation-possible-en-facade-zone-3-ventouse","29":"plus_produit-kit-de-controle-de-la-combustion-kcc-2","30":"plus_produit-possibilite-de-pilotage-par-thermostat-externe-non-fourni","31":"plus_produit-programmation-chrono-thermostat","32":"plus_produit-raccordable","33":"plus_produit-regulation-de-lallure-ou-de-la-temperature-ambiante","34":"plus_produit-sortie-dessus-concentrique-coaxiale-integree-80-130","35":"plus_produit-sortie-fumees-concentrique","36":"plus_produit-stand-by-veille","37":"plus_produit-wifi-integre","39":"first","40":"instock","41":"purchasable","42":"product-type-simple"},"acf":[],"yoast_head":"<!-- This site is optimized with the Yoast SEO plugin v24.7 - https:\/\/yoast.com\/wordpress\/plugins\/seo\/ -->\n<title>Po\u00eale \u00e0 Granul\u00e9s \u00e9tanche CORTE 6 kW WIFI noir - Invicta<\/title>\n<meta name=\"description\" content=\"Alliez performance et simplicit\u00e9 avec le po\u00eale \u00e0 granul\u00e9s Corte. \u00c9tanche et \u00e9quip\u00e9 d&#039;une sortie dessus concentrique, cette source de chaleur \u00e9cologique et\" \/>\n<meta name=\"robots\" content=\"index, follow, max-snippet:-1, max-image-preview:large, max-video-preview:-1\" \/>\n<link rel=\"canonical\" href=\"https:\/\/dev.invicta.wp19.axome.cc\/fr\/produit\/poele-a-granules-etanche-corte-6-kw-wifi-noir\/\" \/>\n<meta property=\"og:locale\" content=\"fr_FR\" \/>\n<meta property=\"og:type\" content=\"article\" \/>\n<meta property=\"og:title\" content=\"Po\u00eale \u00e0 Granul\u00e9s \u00e9tanche CORTE 6 kW WIFI noir - Invicta\" \/>\n<meta property=\"og:description\" content=\"Alliez performance et simplicit\u00e9 avec le po\u00eale \u00e0 granul\u00e9s Corte. \u00c9tanche et \u00e9quip\u00e9 d&#039;une sortie dessus concentrique, cette source de chaleur \u00e9cologique et\" \/>\n<meta property=\"og:url\" content=\"https:\/\/dev.invicta.wp19.axome.cc\/fr\/produit\/poele-a-granules-etanche-corte-6-kw-wifi-noir\/\" \/>\n<meta property=\"og:site_name\" content=\"Invicta\" \/>\n<meta property=\"article:modified_time\" content=\"2025-06-16T15:56:18+00:00\" \/>\n<meta property=\"og:image\" content=\"https:\/\/dev.invicta.wp19.axome.cc\/wp-content\/uploads\/2025\/06\/C-CORTE_noir-web.jpg\" \/>\n\t<meta property=\"og:image:width\" content=\"980\" \/>\n\t<meta property=\"og:image:height\" content=\"980\" \/>\n\t<meta property=\"og:image:type\" content=\"image\/jpeg\" \/>\n<meta name=\"twitter:card\" content=\"summary_large_image\" \/>\n<script type=\"application\/ld+json\" class=\"yoast-schema-graph\">{\"@context\":\"https:\/\/schema.org\",\"@graph\":[{\"@type\":\"WebPage\",\"@id\":\"https:\/\/dev.invicta.wp19.axome.cc\/fr\/produit\/poele-a-granules-etanche-corte-6-kw-wifi-noir\/\",\"url\":\"https:\/\/dev.invicta.wp19.axome.cc\/fr\/produit\/poele-a-granules-etanche-corte-6-kw-wifi-noir\/\",\"name\":\"Po\u00eale \u00e0 Granul\u00e9s \u00e9tanche CORTE 6 kW WIFI noir - Invicta\",\"isPartOf\":{\"@id\":\"https:\/\/dev.invicta.wp19.axome.cc\/fr\/#website\"},\"primaryImageOfPage\":{\"@id\":\"https:\/\/dev.invicta.wp19.axome.cc\/fr\/produit\/poele-a-granules-etanche-corte-6-kw-wifi-noir\/#primaryimage\"},\"image\":{\"@id\":\"https:\/\/dev.invicta.wp19.axome.cc\/fr\/produit\/poele-a-granules-etanche-corte-6-kw-wifi-noir\/#primaryimage\"},\"thumbnailUrl\":\"https:\/\/dev.invicta.wp19.axome.cc\/wp-content\/uploads\/2025\/06\/C-CORTE_noir-web.jpg\",\"datePublished\":\"2025-06-16T15:56:17+00:00\",\"dateModified\":\"2025-06-16T15:56:18+00:00\",\"description\":\"Alliez performance et simplicit\u00e9 avec le po\u00eale \u00e0 granul\u00e9s Corte. \u00c9tanche et \u00e9quip\u00e9 d'une sortie dessus concentrique, cette source de chaleur \u00e9cologique et\",\"breadcrumb\":{\"@id\":\"https:\/\/dev.invicta.wp19.axome.cc\/fr\/produit\/poele-a-granules-etanche-corte-6-kw-wifi-noir\/#breadcrumb\"},\"inLanguage\":\"fr-FR\",\"potentialAction\":[{\"@type\":\"ReadAction\",\"target\":[\"https:\/\/dev.invicta.wp19.axome.cc\/fr\/produit\/poele-a-granules-etanche-corte-6-kw-wifi-noir\/\"]}]},{\"@type\":\"ImageObject\",\"inLanguage\":\"fr-FR\",\"@id\":\"https:\/\/dev.invicta.wp19.axome.cc\/fr\/produit\/poele-a-granules-etanche-corte-6-kw-wifi-noir\/#primaryimage\",\"url\":\"https:\/\/dev.invicta.wp19.axome.cc\/wp-content\/uploads\/2025\/06\/C-CORTE_noir-web.jpg\",\"contentUrl\":\"https:\/\/dev.invicta.wp19.axome.cc\/wp-content\/uploads\/2025\/06\/C-CORTE_noir-web.jpg\",\"width\":980,\"height\":980,\"caption\":\"Po\u00eale \u00e0 Granul\u00e9s \u00e9tanche CORTE 6 kW WIFI noir\"},{\"@type\":\"BreadcrumbList\",\"@id\":\"https:\/\/dev.invicta.wp19.axome.cc\/fr\/produit\/poele-a-granules-etanche-corte-6-kw-wifi-noir\/#breadcrumb\",\"itemListElement\":[{\"@type\":\"ListItem\",\"position\":1,\"name\":\"Accueil\",\"item\":\"https:\/\/dev.invicta.wp19.axome.cc\/fr\/\"},{\"@type\":\"ListItem\",\"position\":2,\"name\":\"Produits\",\"item\":\"https:\/\/dev.invicta.wp19.axome.cc\/fr\/shop\/\"},{\"@type\":\"ListItem\",\"position\":3,\"name\":\"Po\u00eale \u00e0 Granul\u00e9s \u00e9tanche CORTE 6 kW WIFI noir\"}]},{\"@type\":\"WebSite\",\"@id\":\"https:\/\/dev.invicta.wp19.axome.cc\/fr\/#website\",\"url\":\"https:\/\/dev.invicta.wp19.axome.cc\/fr\/\",\"name\":\"Invicta\",\"description\":\"Fabricant fran\u00e7ais, sp\u00e9cialiste europ\u00e9en du chauffage au bois : po\u00eales \u00e0 bois et \u00e0 granul\u00e9s, chemin\u00e9es, foyers et inserts\",\"publisher\":{\"@id\":\"https:\/\/dev.invicta.wp19.axome.cc\/fr\/#organization\"},\"potentialAction\":[{\"@type\":\"SearchAction\",\"target\":{\"@type\":\"EntryPoint\",\"urlTemplate\":\"https:\/\/dev.invicta.wp19.axome.cc\/fr\/?s={search_term_string}\"},\"query-input\":{\"@type\":\"PropertyValueSpecification\",\"valueRequired\":true,\"valueName\":\"search_term_string\"}}],\"inLanguage\":\"fr-FR\"},{\"@type\":\"Organization\",\"@id\":\"https:\/\/dev.invicta.wp19.axome.cc\/fr\/#organization\",\"name\":\"Invicta\",\"url\":\"https:\/\/dev.invicta.wp19.axome.cc\/fr\/\",\"logo\":{\"@type\":\"ImageObject\",\"inLanguage\":\"fr-FR\",\"@id\":\"https:\/\/dev.invicta.wp19.axome.cc\/fr\/#\/schema\/logo\/image\/\",\"url\":\"https:\/\/www.invicta.fr\/wp-content\/uploads\/2019\/06\/INVICTALOGO_RVB.png\",\"contentUrl\":\"https:\/\/www.invicta.fr\/wp-content\/uploads\/2019\/06\/INVICTALOGO_RVB.png\",\"width\":1810,\"height\":1280,\"caption\":\"Invicta\"},\"image\":{\"@id\":\"https:\/\/dev.invicta.wp19.axome.cc\/fr\/#\/schema\/logo\/image\/\"}}]}<\/script>\n<!-- \/ Yoast SEO plugin. -->","yoast_head_json":{"title":"Po\u00eale \u00e0 Granul\u00e9s \u00e9tanche CORTE 6 kW WIFI noir - Invicta","description":"Alliez performance et simplicit\u00e9 avec le po\u00eale \u00e0 granul\u00e9s Corte. \u00c9tanche et \u00e9quip\u00e9 d'une sortie dessus concentrique, cette source de chaleur \u00e9cologique et","robots":{"index":"index","follow":"follow","max-snippet":"max-snippet:-1","max-image-preview":"max-image-preview:large","max-video-preview":"max-video-preview:-1"},"canonical":"https:\/\/dev.invicta.wp19.axome.cc\/fr\/produit\/poele-a-granules-etanche-corte-6-kw-wifi-noir\/","og_locale":"fr_FR","og_type":"article","og_title":"Po\u00eale \u00e0 Granul\u00e9s \u00e9tanche CORTE 6 kW WIFI noir - Invicta","og_description":"Alliez performance et simplicit\u00e9 avec le po\u00eale \u00e0 granul\u00e9s Corte. \u00c9tanche et \u00e9quip\u00e9 d'une sortie dessus concentrique, cette source de chaleur \u00e9cologique et","og_url":"https:\/\/dev.invicta.wp19.axome.cc\/fr\/produit\/poele-a-granules-etanche-corte-6-kw-wifi-noir\/","og_site_name":"Invicta","article_modified_time":"2025-06-16T15:56:18+00:00","og_image":[{"width":980,"height":980,"url":"https:\/\/dev.invicta.wp19.axome.cc\/wp-content\/uploads\/2025\/06\/C-CORTE_noir-web.jpg","type":"image\/jpeg"}],"twitter_card":"summary_large_image","schema":{"@context":"https:\/\/schema.org","@graph":[{"@type":"WebPage","@id":"https:\/\/dev.invicta.wp19.axome.cc\/fr\/produit\/poele-a-granules-etanche-corte-6-kw-wifi-noir\/","url":"https:\/\/dev.invicta.wp19.axome.cc\/fr\/produit\/poele-a-granules-etanche-corte-6-kw-wifi-noir\/","name":"Po\u00eale \u00e0 Granul\u00e9s \u00e9tanche CORTE 6 kW WIFI noir - Invicta","isPartOf":{"@id":"https:\/\/dev.invicta.wp19.axome.cc\/fr\/#website"},"primaryImageOfPage":{"@id":"https:\/\/dev.invicta.wp19.axome.cc\/fr\/produit\/poele-a-granules-etanche-corte-6-kw-wifi-noir\/#primaryimage"},"image":{"@id":"https:\/\/dev.invicta.wp19.axome.cc\/fr\/produit\/poele-a-granules-etanche-corte-6-kw-wifi-noir\/#primaryimage"},"thumbnailUrl":"https:\/\/dev.invicta.wp19.axome.cc\/wp-content\/uploads\/2025\/06\/C-CORTE_noir-web.jpg","datePublished":"2025-06-16T15:56:17+00:00","dateModified":"2025-06-16T15:56:18+00:00","description":"Alliez performance et simplicit\u00e9 avec le po\u00eale \u00e0 granul\u00e9s Corte. \u00c9tanche et \u00e9quip\u00e9 d'une sortie dessus concentrique, cette source de chaleur \u00e9cologique et","breadcrumb":{"@id":"https:\/\/dev.invicta.wp19.axome.cc\/fr\/produit\/poele-a-granules-etanche-corte-6-kw-wifi-noir\/#breadcrumb"},"inLanguage":"fr-FR","potentialAction":[{"@type":"ReadAction","target":["https:\/\/dev.invicta.wp19.axome.cc\/fr\/produit\/poele-a-granules-etanche-corte-6-kw-wifi-noir\/"]}]},{"@type":"ImageObject","inLanguage":"fr-FR","@id":"https:\/\/dev.invicta.wp19.axome.cc\/fr\/produit\/poele-a-granules-etanche-corte-6-kw-wifi-noir\/#primaryimage","url":"https:\/\/dev.invicta.wp19.axome.cc\/wp-content\/uploads\/2025\/06\/C-CORTE_noir-web.jpg","contentUrl":"https:\/\/dev.invicta.wp19.axome.cc\/wp-content\/uploads\/2025\/06\/C-CORTE_noir-web.jpg","width":980,"height":980,"caption":"Po\u00eale \u00e0 Granul\u00e9s \u00e9tanche CORTE 6 kW WIFI noir"},{"@type":"BreadcrumbList","@id":"https:\/\/dev.invicta.wp19.axome.cc\/fr\/produit\/poele-a-granules-etanche-corte-6-kw-wifi-noir\/#breadcrumb","itemListElement":[{"@type":"ListItem","position":1,"name":"Accueil","item":"https:\/\/dev.invicta.wp19.axome.cc\/fr\/"},{"@type":"ListItem","position":2,"name":"Produits","item":"https:\/\/dev.invicta.wp19.axome.cc\/fr\/shop\/"},{"@type":"ListItem","position":3,"name":"Po\u00eale \u00e0 Granul\u00e9s \u00e9tanche CORTE 6 kW WIFI noir"}]},{"@type":"WebSite","@id":"https:\/\/dev.invicta.wp19.axome.cc\/fr\/#website","url":"https:\/\/dev.invicta.wp19.axome.cc\/fr\/","name":"Invicta","description":"Fabricant fran\u00e7ais, sp\u00e9cialiste europ\u00e9en du chauffage au bois : po\u00eales \u00e0 bois et \u00e0 granul\u00e9s, chemin\u00e9es, foyers et inserts","publisher":{"@id":"https:\/\/dev.invicta.wp19.axome.cc\/fr\/#organization"},"potentialAction":[{"@type":"SearchAction","target":{"@type":"EntryPoint","urlTemplate":"https:\/\/dev.invicta.wp19.axome.cc\/fr\/?s={search_term_string}"},"query-input":{"@type":"PropertyValueSpecification","valueRequired":true,"valueName":"search_term_string"}}],"inLanguage":"fr-FR"},{"@type":"Organization","@id":"https:\/\/dev.invicta.wp19.axome.cc\/fr\/#organization","name":"Invicta","url":"https:\/\/dev.invicta.wp19.axome.cc\/fr\/","logo":{"@type":"ImageObject","inLanguage":"fr-FR","@id":"https:\/\/dev.invicta.wp19.axome.cc\/fr\/#\/schema\/logo\/image\/","url":"https:\/\/www.invicta.fr\/wp-content\/uploads\/2019\/06\/INVICTALOGO_RVB.png","contentUrl":"https:\/\/www.invicta.fr\/wp-content\/uploads\/2019\/06\/INVICTALOGO_RVB.png","width":1810,"height":1280,"caption":"Invicta"},"image":{"@id":"https:\/\/dev.invicta.wp19.axome.cc\/fr\/#\/schema\/logo\/image\/"}}]}},"_links":{"self":[{"href":"https:\/\/dev.invicta.wp19.axome.cc\/fr\/wp-json\/wp\/v2\/product\/67743","targetHints":{"allow":["GET"]}}],"collection":[{"href":"https:\/\/dev.invicta.wp19.axome.cc\/fr\/wp-json\/wp\/v2\/product"}],"about":[{"href":"https:\/\/dev.invicta.wp19.axome.cc\/fr\/wp-json\/wp\/v2\/types\/product"}],"wp:featuredmedia":[{"embeddable":true,"href":"https:\/\/dev.invicta.wp19.axome.cc\/fr\/wp-json\/wp\/v2\/media\/67744"}],"wp:attachment":[{"href":"https:\/\/dev.invicta.wp19.axome.cc\/fr\/wp-json\/wp\/v2\/media?parent=67743"}],"wp:term":[{"taxonomy":"product_brand","embeddable":true,"href":"https:\/\/dev.invicta.wp19.axome.cc\/fr\/wp-json\/wp\/v2\/product_brand?post=67743"},{"taxonomy":"product_cat","embeddable":true,"href":"https:\/\/dev.invicta.wp19.axome.cc\/fr\/wp-json\/wp\/v2\/product_cat?post=67743"},{"taxonomy":"product_tag","embeddable":true,"href":"https:\/\/dev.invicta.wp19.axome.cc\/fr\/wp-json\/wp\/v2\/product_tag?post=67743"},{"taxonomy":"plus_produit","embeddable":true,"href":"https:\/\/dev.invicta.wp19.axome.cc\/fr\/wp-json\/wp\/v2\/plus_produit?post=67743"}],"curies":[{"name":"wp","href":"https:\/\/api.w.org\/{rel}","templated":true}]}}