{"id":67760,"date":"2025-06-16T17:56:29","date_gmt":"2025-06-16T15:56:29","guid":{"rendered":"https:\/\/dev.invicta.wp19.axome.cc\/produit\/foyer-a-bois-bayard-134-cheminee\/"},"modified":"2025-06-16T17:56:29","modified_gmt":"2025-06-16T15:56:29","slug":"foyer-a-bois-bayard-134-cheminee","status":"publish","type":"product","link":"https:\/\/dev.invicta.wp19.axome.cc\/fr\/produit\/foyer-a-bois-bayard-134-cheminee\/","title":{"rendered":"Foyer \u00e0 Bois BAYARD 134 \u2013 Chemin\u00e9e"},"content":{"rendered":"<p>Ce foyer extralarge au design minimaliste accueille de grandes b\u00fbches et renforce la fascination exerc\u00e9e par les flammes. Relevez la porte escamotable pour ajouter facilement une b\u00fbche. Gr\u00e2ce aux pierres r\u00e9fractaires qui \u00e9quipent le foyer vous b\u00e9n\u00e9ficiez de hautes performances \u00e9nerg\u00e9tiques.<\/p>\n","protected":false},"excerpt":{"rendered":"<p>Ce foyer extralarge au design minimaliste accueille de grandes b\u00fbches et renforce la fascination exerc\u00e9e par les flammes. Relevez la porte escamotable pour ajouter facilement une b\u00fbche. Gr\u00e2ce aux pierres r\u00e9fractaires qui \u00e9quipent le foyer vous b\u00e9n\u00e9ficiez de hautes performances \u00e9nerg\u00e9tiques.<\/p>\n","protected":false},"featured_media":67761,"template":"","meta":{"_acf_changed":false},"product_brand":[],"product_cat":[],"product_tag":[57,7095,58,7096,64,3055,7093,53,73,55,7094,6826],"plus_produit":[138,6834,7161,2036,7377,1983,141,130],"class_list":{"1":"product","4":"has-post-thumbnail","6":"product_tag-flamme-verte","7":"product_tag-1-flamme-verte-7","8":"product_tag-eco-design-2022","9":"product_tag-2-eco-design-2022","10":"product_tag-a-ecolabel-2","11":"product_tag-canalisable","12":"product_tag-flamme-verte-2","13":"product_tag-post-combustion","14":"product_tag-raccordable-2","15":"product_tag-raccordable","16":"product_tag-vitre-propre","17":"product_tag-garantie-extension-3-ans","18":"pa_combustible-recommande-50-2","19":"pa_depart-des-fumees-dessus","20":"pa_diametre-de-buse-7363","21":"pa_indice-de-performance-110-00","22":"pa_surface-de-chauffe-85-00-185-00","23":"pa_taux-de-co-0-1000","24":"pa_volume-de-chauffe-min-205-00-max-450-00","25":"plus_produit-canalisable","26":"plus_produit-extension-de-garantie-3-ans","27":"plus_produit-habillage-foyer-brique-refractaire","28":"plus_produit-intermittent","29":"plus_produit-porte-escamotable","30":"plus_produit-raccordable","31":"plus_produit-vitre-exterieure-grand-angle","32":"plus_produit-vitre-propre","34":"first","35":"instock","36":"purchasable","37":"product-type-simple"},"acf":[],"yoast_head":"<!-- This site is optimized with the Yoast SEO plugin v24.7 - https:\/\/yoast.com\/wordpress\/plugins\/seo\/ -->\n<title>Foyer \u00e0 Bois BAYARD 134 \u2013 Chemin\u00e9e - Invicta<\/title>\n<meta name=\"description\" content=\"Ce foyer extralarge au design minimaliste accueille de grandes b\u00fbches et renforce la fascination exerc\u00e9e par les flammes. Relevez la porte escamotable\" \/>\n<meta name=\"robots\" content=\"index, follow, max-snippet:-1, max-image-preview:large, max-video-preview:-1\" \/>\n<link rel=\"canonical\" href=\"https:\/\/dev.invicta.wp19.axome.cc\/fr\/produit\/foyer-a-bois-bayard-134-cheminee\/\" \/>\n<meta property=\"og:locale\" content=\"fr_FR\" \/>\n<meta property=\"og:type\" content=\"article\" \/>\n<meta property=\"og:title\" content=\"Foyer \u00e0 Bois BAYARD 134 \u2013 Chemin\u00e9e - Invicta\" \/>\n<meta property=\"og:description\" content=\"Ce foyer extralarge au design minimaliste accueille de grandes b\u00fbches et renforce la fascination exerc\u00e9e par les flammes. Relevez la porte escamotable\" \/>\n<meta property=\"og:url\" content=\"https:\/\/dev.invicta.wp19.axome.cc\/fr\/produit\/foyer-a-bois-bayard-134-cheminee\/\" \/>\n<meta property=\"og:site_name\" content=\"Invicta\" \/>\n<meta property=\"og:image\" content=\"https:\/\/dev.invicta.wp19.axome.cc\/wp-content\/uploads\/2025\/06\/BAYARD134.jpg\" \/>\n\t<meta property=\"og:image:width\" content=\"959\" \/>\n\t<meta property=\"og:image:height\" content=\"1000\" \/>\n\t<meta property=\"og:image:type\" content=\"image\/jpeg\" \/>\n<meta name=\"twitter:card\" content=\"summary_large_image\" \/>\n<script type=\"application\/ld+json\" class=\"yoast-schema-graph\">{\"@context\":\"https:\/\/schema.org\",\"@graph\":[{\"@type\":\"WebPage\",\"@id\":\"https:\/\/dev.invicta.wp19.axome.cc\/fr\/produit\/foyer-a-bois-bayard-134-cheminee\/\",\"url\":\"https:\/\/dev.invicta.wp19.axome.cc\/fr\/produit\/foyer-a-bois-bayard-134-cheminee\/\",\"name\":\"Foyer \u00e0 Bois BAYARD 134 \u2013 Chemin\u00e9e - Invicta\",\"isPartOf\":{\"@id\":\"https:\/\/dev.invicta.wp19.axome.cc\/fr\/#website\"},\"primaryImageOfPage\":{\"@id\":\"https:\/\/dev.invicta.wp19.axome.cc\/fr\/produit\/foyer-a-bois-bayard-134-cheminee\/#primaryimage\"},\"image\":{\"@id\":\"https:\/\/dev.invicta.wp19.axome.cc\/fr\/produit\/foyer-a-bois-bayard-134-cheminee\/#primaryimage\"},\"thumbnailUrl\":\"https:\/\/dev.invicta.wp19.axome.cc\/wp-content\/uploads\/2025\/06\/BAYARD134.jpg\",\"datePublished\":\"2025-06-16T15:56:29+00:00\",\"description\":\"Ce foyer extralarge au design minimaliste accueille de grandes b\u00fbches et renforce la fascination exerc\u00e9e par les flammes. Relevez la porte escamotable\",\"breadcrumb\":{\"@id\":\"https:\/\/dev.invicta.wp19.axome.cc\/fr\/produit\/foyer-a-bois-bayard-134-cheminee\/#breadcrumb\"},\"inLanguage\":\"fr-FR\",\"potentialAction\":[{\"@type\":\"ReadAction\",\"target\":[\"https:\/\/dev.invicta.wp19.axome.cc\/fr\/produit\/foyer-a-bois-bayard-134-cheminee\/\"]}]},{\"@type\":\"ImageObject\",\"inLanguage\":\"fr-FR\",\"@id\":\"https:\/\/dev.invicta.wp19.axome.cc\/fr\/produit\/foyer-a-bois-bayard-134-cheminee\/#primaryimage\",\"url\":\"https:\/\/dev.invicta.wp19.axome.cc\/wp-content\/uploads\/2025\/06\/BAYARD134.jpg\",\"contentUrl\":\"https:\/\/dev.invicta.wp19.axome.cc\/wp-content\/uploads\/2025\/06\/BAYARD134.jpg\",\"width\":959,\"height\":1000,\"caption\":\"Foyer \u00e0 Bois BAYARD 134 \u2013 Chemin\u00e9e\"},{\"@type\":\"BreadcrumbList\",\"@id\":\"https:\/\/dev.invicta.wp19.axome.cc\/fr\/produit\/foyer-a-bois-bayard-134-cheminee\/#breadcrumb\",\"itemListElement\":[{\"@type\":\"ListItem\",\"position\":1,\"name\":\"Accueil\",\"item\":\"https:\/\/dev.invicta.wp19.axome.cc\/fr\/\"},{\"@type\":\"ListItem\",\"position\":2,\"name\":\"Produits\",\"item\":\"https:\/\/dev.invicta.wp19.axome.cc\/fr\/shop\/\"},{\"@type\":\"ListItem\",\"position\":3,\"name\":\"Foyer \u00e0 Bois BAYARD 134 \u2013 Chemin\u00e9e\"}]},{\"@type\":\"WebSite\",\"@id\":\"https:\/\/dev.invicta.wp19.axome.cc\/fr\/#website\",\"url\":\"https:\/\/dev.invicta.wp19.axome.cc\/fr\/\",\"name\":\"Invicta\",\"description\":\"Fabricant fran\u00e7ais, sp\u00e9cialiste europ\u00e9en du chauffage au bois : po\u00eales \u00e0 bois et \u00e0 granul\u00e9s, chemin\u00e9es, foyers et inserts\",\"publisher\":{\"@id\":\"https:\/\/dev.invicta.wp19.axome.cc\/fr\/#organization\"},\"potentialAction\":[{\"@type\":\"SearchAction\",\"target\":{\"@type\":\"EntryPoint\",\"urlTemplate\":\"https:\/\/dev.invicta.wp19.axome.cc\/fr\/?s={search_term_string}\"},\"query-input\":{\"@type\":\"PropertyValueSpecification\",\"valueRequired\":true,\"valueName\":\"search_term_string\"}}],\"inLanguage\":\"fr-FR\"},{\"@type\":\"Organization\",\"@id\":\"https:\/\/dev.invicta.wp19.axome.cc\/fr\/#organization\",\"name\":\"Invicta\",\"url\":\"https:\/\/dev.invicta.wp19.axome.cc\/fr\/\",\"logo\":{\"@type\":\"ImageObject\",\"inLanguage\":\"fr-FR\",\"@id\":\"https:\/\/dev.invicta.wp19.axome.cc\/fr\/#\/schema\/logo\/image\/\",\"url\":\"https:\/\/www.invicta.fr\/wp-content\/uploads\/2019\/06\/INVICTALOGO_RVB.png\",\"contentUrl\":\"https:\/\/www.invicta.fr\/wp-content\/uploads\/2019\/06\/INVICTALOGO_RVB.png\",\"width\":1810,\"height\":1280,\"caption\":\"Invicta\"},\"image\":{\"@id\":\"https:\/\/dev.invicta.wp19.axome.cc\/fr\/#\/schema\/logo\/image\/\"}}]}<\/script>\n<!-- \/ Yoast SEO plugin. -->","yoast_head_json":{"title":"Foyer \u00e0 Bois BAYARD 134 \u2013 Chemin\u00e9e - Invicta","description":"Ce foyer extralarge au design minimaliste accueille de grandes b\u00fbches et renforce la fascination exerc\u00e9e par les flammes. Relevez la porte escamotable","robots":{"index":"index","follow":"follow","max-snippet":"max-snippet:-1","max-image-preview":"max-image-preview:large","max-video-preview":"max-video-preview:-1"},"canonical":"https:\/\/dev.invicta.wp19.axome.cc\/fr\/produit\/foyer-a-bois-bayard-134-cheminee\/","og_locale":"fr_FR","og_type":"article","og_title":"Foyer \u00e0 Bois BAYARD 134 \u2013 Chemin\u00e9e - Invicta","og_description":"Ce foyer extralarge au design minimaliste accueille de grandes b\u00fbches et renforce la fascination exerc\u00e9e par les flammes. Relevez la porte escamotable","og_url":"https:\/\/dev.invicta.wp19.axome.cc\/fr\/produit\/foyer-a-bois-bayard-134-cheminee\/","og_site_name":"Invicta","og_image":[{"width":959,"height":1000,"url":"https:\/\/dev.invicta.wp19.axome.cc\/wp-content\/uploads\/2025\/06\/BAYARD134.jpg","type":"image\/jpeg"}],"twitter_card":"summary_large_image","schema":{"@context":"https:\/\/schema.org","@graph":[{"@type":"WebPage","@id":"https:\/\/dev.invicta.wp19.axome.cc\/fr\/produit\/foyer-a-bois-bayard-134-cheminee\/","url":"https:\/\/dev.invicta.wp19.axome.cc\/fr\/produit\/foyer-a-bois-bayard-134-cheminee\/","name":"Foyer \u00e0 Bois BAYARD 134 \u2013 Chemin\u00e9e - Invicta","isPartOf":{"@id":"https:\/\/dev.invicta.wp19.axome.cc\/fr\/#website"},"primaryImageOfPage":{"@id":"https:\/\/dev.invicta.wp19.axome.cc\/fr\/produit\/foyer-a-bois-bayard-134-cheminee\/#primaryimage"},"image":{"@id":"https:\/\/dev.invicta.wp19.axome.cc\/fr\/produit\/foyer-a-bois-bayard-134-cheminee\/#primaryimage"},"thumbnailUrl":"https:\/\/dev.invicta.wp19.axome.cc\/wp-content\/uploads\/2025\/06\/BAYARD134.jpg","datePublished":"2025-06-16T15:56:29+00:00","description":"Ce foyer extralarge au design minimaliste accueille de grandes b\u00fbches et renforce la fascination exerc\u00e9e par les flammes. Relevez la porte escamotable","breadcrumb":{"@id":"https:\/\/dev.invicta.wp19.axome.cc\/fr\/produit\/foyer-a-bois-bayard-134-cheminee\/#breadcrumb"},"inLanguage":"fr-FR","potentialAction":[{"@type":"ReadAction","target":["https:\/\/dev.invicta.wp19.axome.cc\/fr\/produit\/foyer-a-bois-bayard-134-cheminee\/"]}]},{"@type":"ImageObject","inLanguage":"fr-FR","@id":"https:\/\/dev.invicta.wp19.axome.cc\/fr\/produit\/foyer-a-bois-bayard-134-cheminee\/#primaryimage","url":"https:\/\/dev.invicta.wp19.axome.cc\/wp-content\/uploads\/2025\/06\/BAYARD134.jpg","contentUrl":"https:\/\/dev.invicta.wp19.axome.cc\/wp-content\/uploads\/2025\/06\/BAYARD134.jpg","width":959,"height":1000,"caption":"Foyer \u00e0 Bois BAYARD 134 \u2013 Chemin\u00e9e"},{"@type":"BreadcrumbList","@id":"https:\/\/dev.invicta.wp19.axome.cc\/fr\/produit\/foyer-a-bois-bayard-134-cheminee\/#breadcrumb","itemListElement":[{"@type":"ListItem","position":1,"name":"Accueil","item":"https:\/\/dev.invicta.wp19.axome.cc\/fr\/"},{"@type":"ListItem","position":2,"name":"Produits","item":"https:\/\/dev.invicta.wp19.axome.cc\/fr\/shop\/"},{"@type":"ListItem","position":3,"name":"Foyer \u00e0 Bois BAYARD 134 \u2013 Chemin\u00e9e"}]},{"@type":"WebSite","@id":"https:\/\/dev.invicta.wp19.axome.cc\/fr\/#website","url":"https:\/\/dev.invicta.wp19.axome.cc\/fr\/","name":"Invicta","description":"Fabricant fran\u00e7ais, sp\u00e9cialiste europ\u00e9en du chauffage au bois : po\u00eales \u00e0 bois et \u00e0 granul\u00e9s, chemin\u00e9es, foyers et inserts","publisher":{"@id":"https:\/\/dev.invicta.wp19.axome.cc\/fr\/#organization"},"potentialAction":[{"@type":"SearchAction","target":{"@type":"EntryPoint","urlTemplate":"https:\/\/dev.invicta.wp19.axome.cc\/fr\/?s={search_term_string}"},"query-input":{"@type":"PropertyValueSpecification","valueRequired":true,"valueName":"search_term_string"}}],"inLanguage":"fr-FR"},{"@type":"Organization","@id":"https:\/\/dev.invicta.wp19.axome.cc\/fr\/#organization","name":"Invicta","url":"https:\/\/dev.invicta.wp19.axome.cc\/fr\/","logo":{"@type":"ImageObject","inLanguage":"fr-FR","@id":"https:\/\/dev.invicta.wp19.axome.cc\/fr\/#\/schema\/logo\/image\/","url":"https:\/\/www.invicta.fr\/wp-content\/uploads\/2019\/06\/INVICTALOGO_RVB.png","contentUrl":"https:\/\/www.invicta.fr\/wp-content\/uploads\/2019\/06\/INVICTALOGO_RVB.png","width":1810,"height":1280,"caption":"Invicta"},"image":{"@id":"https:\/\/dev.invicta.wp19.axome.cc\/fr\/#\/schema\/logo\/image\/"}}]}},"_links":{"self":[{"href":"https:\/\/dev.invicta.wp19.axome.cc\/fr\/wp-json\/wp\/v2\/product\/67760","targetHints":{"allow":["GET"]}}],"collection":[{"href":"https:\/\/dev.invicta.wp19.axome.cc\/fr\/wp-json\/wp\/v2\/product"}],"about":[{"href":"https:\/\/dev.invicta.wp19.axome.cc\/fr\/wp-json\/wp\/v2\/types\/product"}],"wp:featuredmedia":[{"embeddable":true,"href":"https:\/\/dev.invicta.wp19.axome.cc\/fr\/wp-json\/wp\/v2\/media\/67761"}],"wp:attachment":[{"href":"https:\/\/dev.invicta.wp19.axome.cc\/fr\/wp-json\/wp\/v2\/media?parent=67760"}],"wp:term":[{"taxonomy":"product_brand","embeddable":true,"href":"https:\/\/dev.invicta.wp19.axome.cc\/fr\/wp-json\/wp\/v2\/product_brand?post=67760"},{"taxonomy":"product_cat","embeddable":true,"href":"https:\/\/dev.invicta.wp19.axome.cc\/fr\/wp-json\/wp\/v2\/product_cat?post=67760"},{"taxonomy":"product_tag","embeddable":true,"href":"https:\/\/dev.invicta.wp19.axome.cc\/fr\/wp-json\/wp\/v2\/product_tag?post=67760"},{"taxonomy":"plus_produit","embeddable":true,"href":"https:\/\/dev.invicta.wp19.axome.cc\/fr\/wp-json\/wp\/v2\/plus_produit?post=67760"}],"curies":[{"name":"wp","href":"https:\/\/api.w.org\/{rel}","templated":true}]}}