{"id":67785,"date":"2025-06-16T17:56:41","date_gmt":"2025-06-16T15:56:41","guid":{"rendered":"https:\/\/dev.invicta.wp19.axome.cc\/produit\/cuisiniere-a-bois-melisse-90-bleu-nuit\/"},"modified":"2025-06-16T17:56:42","modified_gmt":"2025-06-16T15:56:42","slug":"cuisiniere-bois-melisse-90-bleu-nuit","status":"publish","type":"product","link":"https:\/\/dev.invicta.wp19.axome.cc\/fr\/produit\/cuisiniere-bois-melisse-90-bleu-nuit\/","title":{"rendered":"Cuisini\u00e8re \u00e0 Bois M\u00c9LISSE 90 bleu nuit"},"content":{"rendered":"<p>Que vous soyez adeptes de la cuisine m\u00e9diterran\u00e9enne, des saveurs asiatiques ou des plats traditionnels, la cuisini\u00e8re M\u00e9lisse 90 apportera saveur, chaleur, et exotisme dans toutes vos recettes. Il r\u00e9chauffera aussi vos soir\u00e9es en famille ou entre amis. Bon app\u00e9tit !<\/p>\n","protected":false},"excerpt":{"rendered":"<p>Que vous soyez adeptes de la cuisine m\u00e9diterran\u00e9enne, des saveurs asiatiques ou des plats traditionnels, la cuisini\u00e8re M\u00e9lisse 90 apportera saveur, chaleur, et exotisme dans toutes vos recettes. Il r\u00e9chauffera aussi vos soir\u00e9es en famille ou entre amis. Bon app\u00e9tit !<\/p>\n","protected":false},"featured_media":67786,"template":"","meta":{"_acf_changed":false},"product_brand":[],"product_cat":[],"product_tag":[57,7095,58,7096,59,7093,53,6826],"plus_produit":[7398,7399,7400,6834,7401,7161,7402,7403,129],"class_list":{"1":"product","4":"has-post-thumbnail","6":"product_tag-flamme-verte","7":"product_tag-1-flamme-verte-7","8":"product_tag-eco-design-2022","9":"product_tag-2-eco-design-2022","10":"product_tag-a-ecolabel","11":"product_tag-flamme-verte-2","12":"product_tag-post-combustion","13":"product_tag-garantie-extension-3-ans","14":"pa_combustible-recommande-50-2","15":"pa_depart-des-fumees-arriere","16":"pa_depart-des-fumees-dessus","17":"pa_diametre-de-buse-150_153","18":"pa_indice-de-performance-100-00","19":"pa_surface-de-chauffe-50-00-110-00","20":"pa_taux-de-co-0-1000","21":"pa_volume-de-chauffe-min-125-00-max-275-00","22":"plus_produit-construction-robuste","23":"plus_produit-convivialite","24":"plus_produit-cuisson-sous-controle","25":"plus_produit-extension-de-garantie-3-ans","26":"plus_produit-four-grande-capacite","27":"plus_produit-habillage-foyer-brique-refractaire","28":"plus_produit-plaque-de-cuisson-en-fonte","29":"plus_produit-rangement-pratique","30":"plus_produit-systeme-de-post-combustion","32":"first","33":"instock","34":"purchasable","35":"product-type-simple"},"acf":[],"yoast_head":"<!-- This site is optimized with the Yoast SEO plugin v24.7 - https:\/\/yoast.com\/wordpress\/plugins\/seo\/ -->\n<title>Cuisini\u00e8re \u00e0 Bois M\u00c9LISSE 90 bleu nuit - Invicta<\/title>\n<meta name=\"description\" content=\"Que vous soyez adeptes de la cuisine m\u00e9diterran\u00e9enne, des saveurs asiatiques ou des plats traditionnels, la cuisini\u00e8re M\u00e9lisse 90 apportera saveur,\" \/>\n<meta name=\"robots\" content=\"index, follow, max-snippet:-1, max-image-preview:large, max-video-preview:-1\" \/>\n<link rel=\"canonical\" href=\"https:\/\/dev.invicta.wp19.axome.cc\/fr\/produit\/cuisiniere-bois-melisse-90-bleu-nuit\/\" \/>\n<meta property=\"og:locale\" content=\"fr_FR\" \/>\n<meta property=\"og:type\" content=\"article\" \/>\n<meta property=\"og:title\" content=\"Cuisini\u00e8re \u00e0 Bois M\u00c9LISSE 90 bleu nuit - Invicta\" \/>\n<meta property=\"og:description\" content=\"Que vous soyez adeptes de la cuisine m\u00e9diterran\u00e9enne, des saveurs asiatiques ou des plats traditionnels, la cuisini\u00e8re M\u00e9lisse 90 apportera saveur,\" \/>\n<meta property=\"og:url\" content=\"https:\/\/dev.invicta.wp19.axome.cc\/fr\/produit\/cuisiniere-bois-melisse-90-bleu-nuit\/\" \/>\n<meta property=\"og:site_name\" content=\"Invicta\" \/>\n<meta property=\"article:modified_time\" content=\"2025-06-16T15:56:42+00:00\" \/>\n<meta property=\"og:image\" content=\"https:\/\/dev.invicta.wp19.axome.cc\/wp-content\/uploads\/2025\/06\/C-MELISSE90-bleu-nuit-web.jpg\" \/>\n\t<meta property=\"og:image:width\" content=\"1000\" \/>\n\t<meta property=\"og:image:height\" content=\"829\" \/>\n\t<meta property=\"og:image:type\" content=\"image\/jpeg\" \/>\n<meta name=\"twitter:card\" content=\"summary_large_image\" \/>\n<script type=\"application\/ld+json\" class=\"yoast-schema-graph\">{\"@context\":\"https:\/\/schema.org\",\"@graph\":[{\"@type\":\"WebPage\",\"@id\":\"https:\/\/dev.invicta.wp19.axome.cc\/fr\/produit\/cuisiniere-bois-melisse-90-bleu-nuit\/\",\"url\":\"https:\/\/dev.invicta.wp19.axome.cc\/fr\/produit\/cuisiniere-bois-melisse-90-bleu-nuit\/\",\"name\":\"Cuisini\u00e8re \u00e0 Bois M\u00c9LISSE 90 bleu nuit - Invicta\",\"isPartOf\":{\"@id\":\"https:\/\/dev.invicta.wp19.axome.cc\/fr\/#website\"},\"primaryImageOfPage\":{\"@id\":\"https:\/\/dev.invicta.wp19.axome.cc\/fr\/produit\/cuisiniere-bois-melisse-90-bleu-nuit\/#primaryimage\"},\"image\":{\"@id\":\"https:\/\/dev.invicta.wp19.axome.cc\/fr\/produit\/cuisiniere-bois-melisse-90-bleu-nuit\/#primaryimage\"},\"thumbnailUrl\":\"https:\/\/dev.invicta.wp19.axome.cc\/wp-content\/uploads\/2025\/06\/C-MELISSE90-bleu-nuit-web.jpg\",\"datePublished\":\"2025-06-16T15:56:41+00:00\",\"dateModified\":\"2025-06-16T15:56:42+00:00\",\"description\":\"Que vous soyez adeptes de la cuisine m\u00e9diterran\u00e9enne, des saveurs asiatiques ou des plats traditionnels, la cuisini\u00e8re M\u00e9lisse 90 apportera saveur,\",\"breadcrumb\":{\"@id\":\"https:\/\/dev.invicta.wp19.axome.cc\/fr\/produit\/cuisiniere-bois-melisse-90-bleu-nuit\/#breadcrumb\"},\"inLanguage\":\"fr-FR\",\"potentialAction\":[{\"@type\":\"ReadAction\",\"target\":[\"https:\/\/dev.invicta.wp19.axome.cc\/fr\/produit\/cuisiniere-bois-melisse-90-bleu-nuit\/\"]}]},{\"@type\":\"ImageObject\",\"inLanguage\":\"fr-FR\",\"@id\":\"https:\/\/dev.invicta.wp19.axome.cc\/fr\/produit\/cuisiniere-bois-melisse-90-bleu-nuit\/#primaryimage\",\"url\":\"https:\/\/dev.invicta.wp19.axome.cc\/wp-content\/uploads\/2025\/06\/C-MELISSE90-bleu-nuit-web.jpg\",\"contentUrl\":\"https:\/\/dev.invicta.wp19.axome.cc\/wp-content\/uploads\/2025\/06\/C-MELISSE90-bleu-nuit-web.jpg\",\"width\":1000,\"height\":829,\"caption\":\"Cuisini\u00e8re \u00e0 Bois M\u00c9LISSE 90 bleu nuit\"},{\"@type\":\"BreadcrumbList\",\"@id\":\"https:\/\/dev.invicta.wp19.axome.cc\/fr\/produit\/cuisiniere-bois-melisse-90-bleu-nuit\/#breadcrumb\",\"itemListElement\":[{\"@type\":\"ListItem\",\"position\":1,\"name\":\"Accueil\",\"item\":\"https:\/\/dev.invicta.wp19.axome.cc\/fr\/\"},{\"@type\":\"ListItem\",\"position\":2,\"name\":\"Produits\",\"item\":\"https:\/\/dev.invicta.wp19.axome.cc\/fr\/shop\/\"},{\"@type\":\"ListItem\",\"position\":3,\"name\":\"Cuisini\u00e8re \u00e0 Bois M\u00c9LISSE 90 bleu nuit\"}]},{\"@type\":\"WebSite\",\"@id\":\"https:\/\/dev.invicta.wp19.axome.cc\/fr\/#website\",\"url\":\"https:\/\/dev.invicta.wp19.axome.cc\/fr\/\",\"name\":\"Invicta\",\"description\":\"Fabricant fran\u00e7ais, sp\u00e9cialiste europ\u00e9en du chauffage au bois : po\u00eales \u00e0 bois et \u00e0 granul\u00e9s, chemin\u00e9es, foyers et inserts\",\"publisher\":{\"@id\":\"https:\/\/dev.invicta.wp19.axome.cc\/fr\/#organization\"},\"potentialAction\":[{\"@type\":\"SearchAction\",\"target\":{\"@type\":\"EntryPoint\",\"urlTemplate\":\"https:\/\/dev.invicta.wp19.axome.cc\/fr\/?s={search_term_string}\"},\"query-input\":{\"@type\":\"PropertyValueSpecification\",\"valueRequired\":true,\"valueName\":\"search_term_string\"}}],\"inLanguage\":\"fr-FR\"},{\"@type\":\"Organization\",\"@id\":\"https:\/\/dev.invicta.wp19.axome.cc\/fr\/#organization\",\"name\":\"Invicta\",\"url\":\"https:\/\/dev.invicta.wp19.axome.cc\/fr\/\",\"logo\":{\"@type\":\"ImageObject\",\"inLanguage\":\"fr-FR\",\"@id\":\"https:\/\/dev.invicta.wp19.axome.cc\/fr\/#\/schema\/logo\/image\/\",\"url\":\"https:\/\/www.invicta.fr\/wp-content\/uploads\/2019\/06\/INVICTALOGO_RVB.png\",\"contentUrl\":\"https:\/\/www.invicta.fr\/wp-content\/uploads\/2019\/06\/INVICTALOGO_RVB.png\",\"width\":1810,\"height\":1280,\"caption\":\"Invicta\"},\"image\":{\"@id\":\"https:\/\/dev.invicta.wp19.axome.cc\/fr\/#\/schema\/logo\/image\/\"}}]}<\/script>\n<!-- \/ Yoast SEO plugin. -->","yoast_head_json":{"title":"Cuisini\u00e8re \u00e0 Bois M\u00c9LISSE 90 bleu nuit - Invicta","description":"Que vous soyez adeptes de la cuisine m\u00e9diterran\u00e9enne, des saveurs asiatiques ou des plats traditionnels, la cuisini\u00e8re M\u00e9lisse 90 apportera saveur,","robots":{"index":"index","follow":"follow","max-snippet":"max-snippet:-1","max-image-preview":"max-image-preview:large","max-video-preview":"max-video-preview:-1"},"canonical":"https:\/\/dev.invicta.wp19.axome.cc\/fr\/produit\/cuisiniere-bois-melisse-90-bleu-nuit\/","og_locale":"fr_FR","og_type":"article","og_title":"Cuisini\u00e8re \u00e0 Bois M\u00c9LISSE 90 bleu nuit - Invicta","og_description":"Que vous soyez adeptes de la cuisine m\u00e9diterran\u00e9enne, des saveurs asiatiques ou des plats traditionnels, la cuisini\u00e8re M\u00e9lisse 90 apportera saveur,","og_url":"https:\/\/dev.invicta.wp19.axome.cc\/fr\/produit\/cuisiniere-bois-melisse-90-bleu-nuit\/","og_site_name":"Invicta","article_modified_time":"2025-06-16T15:56:42+00:00","og_image":[{"width":1000,"height":829,"url":"https:\/\/dev.invicta.wp19.axome.cc\/wp-content\/uploads\/2025\/06\/C-MELISSE90-bleu-nuit-web.jpg","type":"image\/jpeg"}],"twitter_card":"summary_large_image","schema":{"@context":"https:\/\/schema.org","@graph":[{"@type":"WebPage","@id":"https:\/\/dev.invicta.wp19.axome.cc\/fr\/produit\/cuisiniere-bois-melisse-90-bleu-nuit\/","url":"https:\/\/dev.invicta.wp19.axome.cc\/fr\/produit\/cuisiniere-bois-melisse-90-bleu-nuit\/","name":"Cuisini\u00e8re \u00e0 Bois M\u00c9LISSE 90 bleu nuit - Invicta","isPartOf":{"@id":"https:\/\/dev.invicta.wp19.axome.cc\/fr\/#website"},"primaryImageOfPage":{"@id":"https:\/\/dev.invicta.wp19.axome.cc\/fr\/produit\/cuisiniere-bois-melisse-90-bleu-nuit\/#primaryimage"},"image":{"@id":"https:\/\/dev.invicta.wp19.axome.cc\/fr\/produit\/cuisiniere-bois-melisse-90-bleu-nuit\/#primaryimage"},"thumbnailUrl":"https:\/\/dev.invicta.wp19.axome.cc\/wp-content\/uploads\/2025\/06\/C-MELISSE90-bleu-nuit-web.jpg","datePublished":"2025-06-16T15:56:41+00:00","dateModified":"2025-06-16T15:56:42+00:00","description":"Que vous soyez adeptes de la cuisine m\u00e9diterran\u00e9enne, des saveurs asiatiques ou des plats traditionnels, la cuisini\u00e8re M\u00e9lisse 90 apportera saveur,","breadcrumb":{"@id":"https:\/\/dev.invicta.wp19.axome.cc\/fr\/produit\/cuisiniere-bois-melisse-90-bleu-nuit\/#breadcrumb"},"inLanguage":"fr-FR","potentialAction":[{"@type":"ReadAction","target":["https:\/\/dev.invicta.wp19.axome.cc\/fr\/produit\/cuisiniere-bois-melisse-90-bleu-nuit\/"]}]},{"@type":"ImageObject","inLanguage":"fr-FR","@id":"https:\/\/dev.invicta.wp19.axome.cc\/fr\/produit\/cuisiniere-bois-melisse-90-bleu-nuit\/#primaryimage","url":"https:\/\/dev.invicta.wp19.axome.cc\/wp-content\/uploads\/2025\/06\/C-MELISSE90-bleu-nuit-web.jpg","contentUrl":"https:\/\/dev.invicta.wp19.axome.cc\/wp-content\/uploads\/2025\/06\/C-MELISSE90-bleu-nuit-web.jpg","width":1000,"height":829,"caption":"Cuisini\u00e8re \u00e0 Bois M\u00c9LISSE 90 bleu nuit"},{"@type":"BreadcrumbList","@id":"https:\/\/dev.invicta.wp19.axome.cc\/fr\/produit\/cuisiniere-bois-melisse-90-bleu-nuit\/#breadcrumb","itemListElement":[{"@type":"ListItem","position":1,"name":"Accueil","item":"https:\/\/dev.invicta.wp19.axome.cc\/fr\/"},{"@type":"ListItem","position":2,"name":"Produits","item":"https:\/\/dev.invicta.wp19.axome.cc\/fr\/shop\/"},{"@type":"ListItem","position":3,"name":"Cuisini\u00e8re \u00e0 Bois M\u00c9LISSE 90 bleu nuit"}]},{"@type":"WebSite","@id":"https:\/\/dev.invicta.wp19.axome.cc\/fr\/#website","url":"https:\/\/dev.invicta.wp19.axome.cc\/fr\/","name":"Invicta","description":"Fabricant fran\u00e7ais, sp\u00e9cialiste europ\u00e9en du chauffage au bois : po\u00eales \u00e0 bois et \u00e0 granul\u00e9s, chemin\u00e9es, foyers et inserts","publisher":{"@id":"https:\/\/dev.invicta.wp19.axome.cc\/fr\/#organization"},"potentialAction":[{"@type":"SearchAction","target":{"@type":"EntryPoint","urlTemplate":"https:\/\/dev.invicta.wp19.axome.cc\/fr\/?s={search_term_string}"},"query-input":{"@type":"PropertyValueSpecification","valueRequired":true,"valueName":"search_term_string"}}],"inLanguage":"fr-FR"},{"@type":"Organization","@id":"https:\/\/dev.invicta.wp19.axome.cc\/fr\/#organization","name":"Invicta","url":"https:\/\/dev.invicta.wp19.axome.cc\/fr\/","logo":{"@type":"ImageObject","inLanguage":"fr-FR","@id":"https:\/\/dev.invicta.wp19.axome.cc\/fr\/#\/schema\/logo\/image\/","url":"https:\/\/www.invicta.fr\/wp-content\/uploads\/2019\/06\/INVICTALOGO_RVB.png","contentUrl":"https:\/\/www.invicta.fr\/wp-content\/uploads\/2019\/06\/INVICTALOGO_RVB.png","width":1810,"height":1280,"caption":"Invicta"},"image":{"@id":"https:\/\/dev.invicta.wp19.axome.cc\/fr\/#\/schema\/logo\/image\/"}}]}},"_links":{"self":[{"href":"https:\/\/dev.invicta.wp19.axome.cc\/fr\/wp-json\/wp\/v2\/product\/67785","targetHints":{"allow":["GET"]}}],"collection":[{"href":"https:\/\/dev.invicta.wp19.axome.cc\/fr\/wp-json\/wp\/v2\/product"}],"about":[{"href":"https:\/\/dev.invicta.wp19.axome.cc\/fr\/wp-json\/wp\/v2\/types\/product"}],"wp:featuredmedia":[{"embeddable":true,"href":"https:\/\/dev.invicta.wp19.axome.cc\/fr\/wp-json\/wp\/v2\/media\/67786"}],"wp:attachment":[{"href":"https:\/\/dev.invicta.wp19.axome.cc\/fr\/wp-json\/wp\/v2\/media?parent=67785"}],"wp:term":[{"taxonomy":"product_brand","embeddable":true,"href":"https:\/\/dev.invicta.wp19.axome.cc\/fr\/wp-json\/wp\/v2\/product_brand?post=67785"},{"taxonomy":"product_cat","embeddable":true,"href":"https:\/\/dev.invicta.wp19.axome.cc\/fr\/wp-json\/wp\/v2\/product_cat?post=67785"},{"taxonomy":"product_tag","embeddable":true,"href":"https:\/\/dev.invicta.wp19.axome.cc\/fr\/wp-json\/wp\/v2\/product_tag?post=67785"},{"taxonomy":"plus_produit","embeddable":true,"href":"https:\/\/dev.invicta.wp19.axome.cc\/fr\/wp-json\/wp\/v2\/plus_produit?post=67785"}],"curies":[{"name":"wp","href":"https:\/\/api.w.org\/{rel}","templated":true}]}}