{"id":67816,"date":"2025-11-26T08:24:17","date_gmt":"2025-11-26T07:24:17","guid":{"rendered":"https:\/\/dev.invicta.wp19.axome.cc\/produit\/poele-a-bois-en-fonte-kazan\/"},"modified":"2025-11-26T09:24:20","modified_gmt":"2025-11-26T08:24:20","slug":"poele-fonte-kazan","status":"publish","type":"product","link":"https:\/\/dev.invicta.wp19.axome.cc\/fr\/produit\/poele-fonte-kazan\/","title":{"rendered":"Po\u00eale \u00e0 bois en fonte Kazan"},"content":{"rendered":"","protected":false},"excerpt":{"rendered":"<p>Directement inspir\u00e9 de l&#8217;efficacit\u00e9 thermique des radiateurs en fonte, le po\u00eale Kazan allie design et performance. Les ailettes conf\u00e8rent \u00e0 ce po\u00eale un style unique et rac\u00e9 tout en renfor\u00e7ant les performances \u00e9nerg\u00e9tiques par une surface d&#8217;\u00e9change thermique accrue.<\/p>\n","protected":false},"featured_media":67818,"template":"","meta":{"_acf_changed":false},"product_brand":[],"product_cat":[2117,25,44,5868,5853],"product_tag":[57,7095,58,7096,59,7107,7093,51,53,7094,65,6826],"plus_produit":[6930,612,131,6834,1919,129,130],"class_list":{"1":"product","4":"has-post-thumbnail","6":"product_cat-aide-au-choix","7":"product_cat-poeles-bois","8":"product_cat-poeles-a-bois-fonte-acier","9":"product_cat-poeles-a-bois-9-kw","10":"product_cat-poeles-a-bois-sortie-arriere","11":"product_tag-flamme-verte","12":"product_tag-1-flamme-verte-7","13":"product_tag-eco-design-2022","14":"product_tag-2-eco-design-2022","15":"product_tag-a-ecolabel","16":"product_tag-combustion-prolongee","17":"product_tag-flamme-verte-2","18":"product_tag-fonte-100","19":"product_tag-post-combustion","20":"product_tag-vitre-propre","21":"product_tag-garantie-2-ans","22":"product_tag-garantie-extension-3-ans","23":"pa_combustible-recommande-10259","24":"pa_consommation-053-a-222-kg-heure","25":"pa_depart-des-fumees-arriere","26":"pa_depart-des-fumees-dessus","27":"pa_designer-b-dequet","28":"pa_diametre-de-buse-10217","29":"pa_indice-de-performance-5571","30":"pa_surface-de-chauffe-50-a-110-m","31":"pa_taux-de-co-0-1","32":"pa_volume-de-chauffe-125-275-m","33":"plus_produit-100-fonte","34":"plus_produit-air-secondaire-reglable","35":"plus_produit-combustion-prolongee-8-heures","36":"plus_produit-extension-de-garantie-3-ans","37":"plus_produit-origine-france-garantie","38":"plus_produit-systeme-de-post-combustion","39":"plus_produit-vitre-propre","41":"first","42":"instock","43":"purchasable","44":"product-type-simple"},"acf":[],"yoast_head":"<!-- This site is optimized with the Yoast SEO plugin v24.7 - https:\/\/yoast.com\/wordpress\/plugins\/seo\/ -->\n<title>Po\u00eale \u00e0 bois en fonte Kazan - Invicta<\/title>\n<meta name=\"description\" content=\"Directement inspir\u00e9 de l&#039;efficacit\u00e9 thermique des radiateurs en fonte, le po\u00eale Kazan allie design et performance. Les ailettes conf\u00e8rent \u00e0 ce po\u00eale un style unique et rac\u00e9 tout en renfor\u00e7ant les performances \u00e9nerg\u00e9tiques par une surface d&#039;\u00e9change thermique accrue.\" \/>\n<meta name=\"robots\" content=\"index, follow, max-snippet:-1, max-image-preview:large, max-video-preview:-1\" \/>\n<link rel=\"canonical\" href=\"https:\/\/dev.invicta.wp19.axome.cc\/fr\/produit\/poele-fonte-kazan\/\" \/>\n<meta property=\"og:locale\" content=\"fr_FR\" \/>\n<meta property=\"og:type\" content=\"article\" \/>\n<meta property=\"og:title\" content=\"Po\u00eale \u00e0 bois en fonte Kazan - Invicta\" \/>\n<meta property=\"og:description\" content=\"Directement inspir\u00e9 de l&#039;efficacit\u00e9 thermique des radiateurs en fonte, le po\u00eale Kazan allie design et performance. Les ailettes conf\u00e8rent \u00e0 ce po\u00eale un style unique et rac\u00e9 tout en renfor\u00e7ant les performances \u00e9nerg\u00e9tiques par une surface d&#039;\u00e9change thermique accrue.\" \/>\n<meta property=\"og:url\" content=\"https:\/\/dev.invicta.wp19.axome.cc\/fr\/produit\/poele-fonte-kazan\/\" \/>\n<meta property=\"og:site_name\" content=\"Invicta\" \/>\n<meta property=\"article:modified_time\" content=\"2025-11-26T08:24:20+00:00\" \/>\n<meta property=\"og:image\" content=\"https:\/\/dev.invicta.wp19.axome.cc\/wp-content\/uploads\/2025\/06\/kazan_ambiance_poele.jpg\" \/>\n\t<meta property=\"og:image:width\" content=\"644\" \/>\n\t<meta property=\"og:image:height\" content=\"900\" \/>\n\t<meta property=\"og:image:type\" content=\"image\/jpeg\" \/>\n<meta name=\"twitter:card\" content=\"summary_large_image\" \/>\n<script type=\"application\/ld+json\" class=\"yoast-schema-graph\">{\"@context\":\"https:\/\/schema.org\",\"@graph\":[{\"@type\":\"WebPage\",\"@id\":\"https:\/\/dev.invicta.wp19.axome.cc\/fr\/produit\/poele-fonte-kazan\/\",\"url\":\"https:\/\/dev.invicta.wp19.axome.cc\/fr\/produit\/poele-fonte-kazan\/\",\"name\":\"Po\u00eale \u00e0 bois en fonte Kazan - Invicta\",\"isPartOf\":{\"@id\":\"https:\/\/dev.invicta.wp19.axome.cc\/fr\/#website\"},\"primaryImageOfPage\":{\"@id\":\"https:\/\/dev.invicta.wp19.axome.cc\/fr\/produit\/poele-fonte-kazan\/#primaryimage\"},\"image\":{\"@id\":\"https:\/\/dev.invicta.wp19.axome.cc\/fr\/produit\/poele-fonte-kazan\/#primaryimage\"},\"thumbnailUrl\":\"https:\/\/dev.invicta.wp19.axome.cc\/wp-content\/uploads\/2025\/06\/kazan_ambiance_poele.jpg\",\"datePublished\":\"2025-11-26T07:24:17+00:00\",\"dateModified\":\"2025-11-26T08:24:20+00:00\",\"description\":\"Directement inspir\u00e9 de l'efficacit\u00e9 thermique des radiateurs en fonte, le po\u00eale Kazan allie design et performance. Les ailettes conf\u00e8rent \u00e0 ce po\u00eale un style unique et rac\u00e9 tout en renfor\u00e7ant les performances \u00e9nerg\u00e9tiques par une surface d'\u00e9change thermique accrue.\",\"breadcrumb\":{\"@id\":\"https:\/\/dev.invicta.wp19.axome.cc\/fr\/produit\/poele-fonte-kazan\/#breadcrumb\"},\"inLanguage\":\"fr-FR\",\"potentialAction\":[{\"@type\":\"ReadAction\",\"target\":[\"https:\/\/dev.invicta.wp19.axome.cc\/fr\/produit\/poele-fonte-kazan\/\"]}]},{\"@type\":\"ImageObject\",\"inLanguage\":\"fr-FR\",\"@id\":\"https:\/\/dev.invicta.wp19.axome.cc\/fr\/produit\/poele-fonte-kazan\/#primaryimage\",\"url\":\"https:\/\/dev.invicta.wp19.axome.cc\/wp-content\/uploads\/2025\/06\/kazan_ambiance_poele.jpg\",\"contentUrl\":\"https:\/\/dev.invicta.wp19.axome.cc\/wp-content\/uploads\/2025\/06\/kazan_ambiance_poele.jpg\",\"width\":644,\"height\":900,\"caption\":\"Po\u00eale \u00e0 bois en fonte Kazan\"},{\"@type\":\"BreadcrumbList\",\"@id\":\"https:\/\/dev.invicta.wp19.axome.cc\/fr\/produit\/poele-fonte-kazan\/#breadcrumb\",\"itemListElement\":[{\"@type\":\"ListItem\",\"position\":1,\"name\":\"Accueil\",\"item\":\"https:\/\/dev.invicta.wp19.axome.cc\/fr\/\"},{\"@type\":\"ListItem\",\"position\":2,\"name\":\"Produits\",\"item\":\"https:\/\/dev.invicta.wp19.axome.cc\/fr\/shop\/\"},{\"@type\":\"ListItem\",\"position\":3,\"name\":\"Po\u00eales \u00e0 Bois\",\"item\":\"https:\/\/dev.invicta.wp19.axome.cc\/fr\/categorie-produit\/poeles-bois\/\"},{\"@type\":\"ListItem\",\"position\":4,\"name\":\"Po\u00eales \u00e0 Bois en Fonte\",\"item\":\"https:\/\/dev.invicta.wp19.axome.cc\/fr\/categorie-produit\/poeles-bois\/poeles-a-bois-fonte-acier\/\"},{\"@type\":\"ListItem\",\"position\":5,\"name\":\"Po\u00eale \u00e0 bois en fonte Kazan\"}]},{\"@type\":\"WebSite\",\"@id\":\"https:\/\/dev.invicta.wp19.axome.cc\/fr\/#website\",\"url\":\"https:\/\/dev.invicta.wp19.axome.cc\/fr\/\",\"name\":\"Invicta\",\"description\":\"Fabricant fran\u00e7ais, sp\u00e9cialiste europ\u00e9en du chauffage au bois : po\u00eales \u00e0 bois et \u00e0 granul\u00e9s, chemin\u00e9es, foyers et inserts\",\"publisher\":{\"@id\":\"https:\/\/dev.invicta.wp19.axome.cc\/fr\/#organization\"},\"potentialAction\":[{\"@type\":\"SearchAction\",\"target\":{\"@type\":\"EntryPoint\",\"urlTemplate\":\"https:\/\/dev.invicta.wp19.axome.cc\/fr\/?s={search_term_string}\"},\"query-input\":{\"@type\":\"PropertyValueSpecification\",\"valueRequired\":true,\"valueName\":\"search_term_string\"}}],\"inLanguage\":\"fr-FR\"},{\"@type\":\"Organization\",\"@id\":\"https:\/\/dev.invicta.wp19.axome.cc\/fr\/#organization\",\"name\":\"Invicta\",\"url\":\"https:\/\/dev.invicta.wp19.axome.cc\/fr\/\",\"logo\":{\"@type\":\"ImageObject\",\"inLanguage\":\"fr-FR\",\"@id\":\"https:\/\/dev.invicta.wp19.axome.cc\/fr\/#\/schema\/logo\/image\/\",\"url\":\"https:\/\/www.invicta.fr\/wp-content\/uploads\/2019\/06\/INVICTALOGO_RVB.png\",\"contentUrl\":\"https:\/\/www.invicta.fr\/wp-content\/uploads\/2019\/06\/INVICTALOGO_RVB.png\",\"width\":1810,\"height\":1280,\"caption\":\"Invicta\"},\"image\":{\"@id\":\"https:\/\/dev.invicta.wp19.axome.cc\/fr\/#\/schema\/logo\/image\/\"}}]}<\/script>\n<!-- \/ Yoast SEO plugin. -->","yoast_head_json":{"title":"Po\u00eale \u00e0 bois en fonte Kazan - Invicta","description":"Directement inspir\u00e9 de l'efficacit\u00e9 thermique des radiateurs en fonte, le po\u00eale Kazan allie design et performance. Les ailettes conf\u00e8rent \u00e0 ce po\u00eale un style unique et rac\u00e9 tout en renfor\u00e7ant les performances \u00e9nerg\u00e9tiques par une surface d'\u00e9change thermique accrue.","robots":{"index":"index","follow":"follow","max-snippet":"max-snippet:-1","max-image-preview":"max-image-preview:large","max-video-preview":"max-video-preview:-1"},"canonical":"https:\/\/dev.invicta.wp19.axome.cc\/fr\/produit\/poele-fonte-kazan\/","og_locale":"fr_FR","og_type":"article","og_title":"Po\u00eale \u00e0 bois en fonte Kazan - Invicta","og_description":"Directement inspir\u00e9 de l'efficacit\u00e9 thermique des radiateurs en fonte, le po\u00eale Kazan allie design et performance. Les ailettes conf\u00e8rent \u00e0 ce po\u00eale un style unique et rac\u00e9 tout en renfor\u00e7ant les performances \u00e9nerg\u00e9tiques par une surface d'\u00e9change thermique accrue.","og_url":"https:\/\/dev.invicta.wp19.axome.cc\/fr\/produit\/poele-fonte-kazan\/","og_site_name":"Invicta","article_modified_time":"2025-11-26T08:24:20+00:00","og_image":[{"width":644,"height":900,"url":"https:\/\/dev.invicta.wp19.axome.cc\/wp-content\/uploads\/2025\/06\/kazan_ambiance_poele.jpg","type":"image\/jpeg"}],"twitter_card":"summary_large_image","schema":{"@context":"https:\/\/schema.org","@graph":[{"@type":"WebPage","@id":"https:\/\/dev.invicta.wp19.axome.cc\/fr\/produit\/poele-fonte-kazan\/","url":"https:\/\/dev.invicta.wp19.axome.cc\/fr\/produit\/poele-fonte-kazan\/","name":"Po\u00eale \u00e0 bois en fonte Kazan - Invicta","isPartOf":{"@id":"https:\/\/dev.invicta.wp19.axome.cc\/fr\/#website"},"primaryImageOfPage":{"@id":"https:\/\/dev.invicta.wp19.axome.cc\/fr\/produit\/poele-fonte-kazan\/#primaryimage"},"image":{"@id":"https:\/\/dev.invicta.wp19.axome.cc\/fr\/produit\/poele-fonte-kazan\/#primaryimage"},"thumbnailUrl":"https:\/\/dev.invicta.wp19.axome.cc\/wp-content\/uploads\/2025\/06\/kazan_ambiance_poele.jpg","datePublished":"2025-11-26T07:24:17+00:00","dateModified":"2025-11-26T08:24:20+00:00","description":"Directement inspir\u00e9 de l'efficacit\u00e9 thermique des radiateurs en fonte, le po\u00eale Kazan allie design et performance. Les ailettes conf\u00e8rent \u00e0 ce po\u00eale un style unique et rac\u00e9 tout en renfor\u00e7ant les performances \u00e9nerg\u00e9tiques par une surface d'\u00e9change thermique accrue.","breadcrumb":{"@id":"https:\/\/dev.invicta.wp19.axome.cc\/fr\/produit\/poele-fonte-kazan\/#breadcrumb"},"inLanguage":"fr-FR","potentialAction":[{"@type":"ReadAction","target":["https:\/\/dev.invicta.wp19.axome.cc\/fr\/produit\/poele-fonte-kazan\/"]}]},{"@type":"ImageObject","inLanguage":"fr-FR","@id":"https:\/\/dev.invicta.wp19.axome.cc\/fr\/produit\/poele-fonte-kazan\/#primaryimage","url":"https:\/\/dev.invicta.wp19.axome.cc\/wp-content\/uploads\/2025\/06\/kazan_ambiance_poele.jpg","contentUrl":"https:\/\/dev.invicta.wp19.axome.cc\/wp-content\/uploads\/2025\/06\/kazan_ambiance_poele.jpg","width":644,"height":900,"caption":"Po\u00eale \u00e0 bois en fonte Kazan"},{"@type":"BreadcrumbList","@id":"https:\/\/dev.invicta.wp19.axome.cc\/fr\/produit\/poele-fonte-kazan\/#breadcrumb","itemListElement":[{"@type":"ListItem","position":1,"name":"Accueil","item":"https:\/\/dev.invicta.wp19.axome.cc\/fr\/"},{"@type":"ListItem","position":2,"name":"Produits","item":"https:\/\/dev.invicta.wp19.axome.cc\/fr\/shop\/"},{"@type":"ListItem","position":3,"name":"Po\u00eales \u00e0 Bois","item":"https:\/\/dev.invicta.wp19.axome.cc\/fr\/categorie-produit\/poeles-bois\/"},{"@type":"ListItem","position":4,"name":"Po\u00eales \u00e0 Bois en Fonte","item":"https:\/\/dev.invicta.wp19.axome.cc\/fr\/categorie-produit\/poeles-bois\/poeles-a-bois-fonte-acier\/"},{"@type":"ListItem","position":5,"name":"Po\u00eale \u00e0 bois en fonte Kazan"}]},{"@type":"WebSite","@id":"https:\/\/dev.invicta.wp19.axome.cc\/fr\/#website","url":"https:\/\/dev.invicta.wp19.axome.cc\/fr\/","name":"Invicta","description":"Fabricant fran\u00e7ais, sp\u00e9cialiste europ\u00e9en du chauffage au bois : po\u00eales \u00e0 bois et \u00e0 granul\u00e9s, chemin\u00e9es, foyers et inserts","publisher":{"@id":"https:\/\/dev.invicta.wp19.axome.cc\/fr\/#organization"},"potentialAction":[{"@type":"SearchAction","target":{"@type":"EntryPoint","urlTemplate":"https:\/\/dev.invicta.wp19.axome.cc\/fr\/?s={search_term_string}"},"query-input":{"@type":"PropertyValueSpecification","valueRequired":true,"valueName":"search_term_string"}}],"inLanguage":"fr-FR"},{"@type":"Organization","@id":"https:\/\/dev.invicta.wp19.axome.cc\/fr\/#organization","name":"Invicta","url":"https:\/\/dev.invicta.wp19.axome.cc\/fr\/","logo":{"@type":"ImageObject","inLanguage":"fr-FR","@id":"https:\/\/dev.invicta.wp19.axome.cc\/fr\/#\/schema\/logo\/image\/","url":"https:\/\/www.invicta.fr\/wp-content\/uploads\/2019\/06\/INVICTALOGO_RVB.png","contentUrl":"https:\/\/www.invicta.fr\/wp-content\/uploads\/2019\/06\/INVICTALOGO_RVB.png","width":1810,"height":1280,"caption":"Invicta"},"image":{"@id":"https:\/\/dev.invicta.wp19.axome.cc\/fr\/#\/schema\/logo\/image\/"}}]}},"_links":{"self":[{"href":"https:\/\/dev.invicta.wp19.axome.cc\/fr\/wp-json\/wp\/v2\/product\/67816","targetHints":{"allow":["GET"]}}],"collection":[{"href":"https:\/\/dev.invicta.wp19.axome.cc\/fr\/wp-json\/wp\/v2\/product"}],"about":[{"href":"https:\/\/dev.invicta.wp19.axome.cc\/fr\/wp-json\/wp\/v2\/types\/product"}],"wp:featuredmedia":[{"embeddable":true,"href":"https:\/\/dev.invicta.wp19.axome.cc\/fr\/wp-json\/wp\/v2\/media\/67818"}],"wp:attachment":[{"href":"https:\/\/dev.invicta.wp19.axome.cc\/fr\/wp-json\/wp\/v2\/media?parent=67816"}],"wp:term":[{"taxonomy":"product_brand","embeddable":true,"href":"https:\/\/dev.invicta.wp19.axome.cc\/fr\/wp-json\/wp\/v2\/product_brand?post=67816"},{"taxonomy":"product_cat","embeddable":true,"href":"https:\/\/dev.invicta.wp19.axome.cc\/fr\/wp-json\/wp\/v2\/product_cat?post=67816"},{"taxonomy":"product_tag","embeddable":true,"href":"https:\/\/dev.invicta.wp19.axome.cc\/fr\/wp-json\/wp\/v2\/product_tag?post=67816"},{"taxonomy":"plus_produit","embeddable":true,"href":"https:\/\/dev.invicta.wp19.axome.cc\/fr\/wp-json\/wp\/v2\/plus_produit?post=67816"}],"curies":[{"name":"wp","href":"https:\/\/api.w.org\/{rel}","templated":true}]}}