{"id":67825,"date":"2025-11-26T08:22:03","date_gmt":"2025-11-26T07:22:03","guid":{"rendered":"https:\/\/dev.invicta.wp19.axome.cc\/produit\/poele-a-bois-en-fonte-iwaki\/"},"modified":"2025-11-26T09:22:05","modified_gmt":"2025-11-26T08:22:05","slug":"poele-fonte-iwaki","status":"publish","type":"product","link":"https:\/\/dev.invicta.wp19.axome.cc\/fr\/produit\/poele-fonte-iwaki\/","title":{"rendered":"Po\u00eale \u00e0 bois en fonte Iwaki"},"content":{"rendered":"","protected":false},"excerpt":{"rendered":"<p>D&#8217;esprit zen, Iwaki insuffle harmonie et s\u00e9r\u00e9nit\u00e9 \u00e0 votre int\u00e9rieur. Ressentez toute l&#8217;\u00e9nergie positive qui se d\u00e9gage de ce po\u00eale aux proportions \u00e9quilibr\u00e9es.<\/p>\n","protected":false},"featured_media":67827,"template":"","meta":{"_acf_changed":false},"product_brand":[],"product_cat":[2117,25,44,5849,5860,5835,5874,5838,5873,5853],"product_tag":[57,7095,58,7096,59,7107,7093,51,53,7094,65,6826],"plus_produit":[6930,612,131,6834,1919,129,130],"class_list":{"1":"product","4":"has-post-thumbnail","6":"product_cat-aide-au-choix","7":"product_cat-poeles-bois","8":"product_cat-poeles-a-bois-fonte-acier","9":"product_cat-poeles-a-bois-7-kw","10":"product_cat-poeles-a-bois-contemporains","11":"product_cat-poeles-a-bois-design","12":"product_cat-poeles-a-bois-industriels","13":"product_cat-poeles-a-bois-modernes","14":"product_cat-poeles-a-bois-petit-format","15":"product_cat-poeles-a-bois-sortie-arriere","16":"product_tag-flamme-verte","17":"product_tag-1-flamme-verte-7","18":"product_tag-eco-design-2022","19":"product_tag-2-eco-design-2022","20":"product_tag-a-ecolabel","21":"product_tag-combustion-prolongee","22":"product_tag-flamme-verte-2","23":"product_tag-fonte-100","24":"product_tag-post-combustion","25":"product_tag-vitre-propre","26":"product_tag-garantie-2-ans","27":"product_tag-garantie-extension-3-ans","28":"pa_combustible-recommande-25-2","29":"pa_consommation-053-a-222-kg-heure","30":"pa_depart-des-fumees-arriere","31":"pa_depart-des-fumees-dessus","32":"pa_designer-b-dequet","33":"pa_diametre-de-buse-10217","34":"pa_indice-de-performance-5582","35":"pa_surface-de-chauffe-40-a-85-m","36":"pa_taux-de-co-0-08","37":"pa_volume-de-chauffe-100-210-m","38":"plus_produit-100-fonte","39":"plus_produit-air-secondaire-reglable","40":"plus_produit-combustion-prolongee-8-heures","41":"plus_produit-extension-de-garantie-3-ans","42":"plus_produit-origine-france-garantie","43":"plus_produit-systeme-de-post-combustion","44":"plus_produit-vitre-propre","46":"first","47":"instock","48":"purchasable","49":"product-type-simple"},"acf":[],"yoast_head":"<!-- This site is optimized with the Yoast SEO plugin v24.7 - https:\/\/yoast.com\/wordpress\/plugins\/seo\/ -->\n<title>Po\u00eale \u00e0 bois en fonte Iwaki - Invicta<\/title>\n<meta name=\"description\" content=\"D&#039;esprit zen, Iwaki insuffle harmonie et s\u00e9r\u00e9nit\u00e9 \u00e0 votre int\u00e9rieur. Ressentez toute l&#039;\u00e9nergie positive qui se d\u00e9gage de ce po\u00eale aux proportions \u00e9quilibr\u00e9es.\" \/>\n<meta name=\"robots\" content=\"index, follow, max-snippet:-1, max-image-preview:large, max-video-preview:-1\" \/>\n<link rel=\"canonical\" href=\"https:\/\/dev.invicta.wp19.axome.cc\/fr\/produit\/poele-fonte-iwaki\/\" \/>\n<meta property=\"og:locale\" content=\"fr_FR\" \/>\n<meta property=\"og:type\" content=\"article\" \/>\n<meta property=\"og:title\" content=\"Po\u00eale \u00e0 bois en fonte Iwaki - Invicta\" \/>\n<meta property=\"og:description\" content=\"D&#039;esprit zen, Iwaki insuffle harmonie et s\u00e9r\u00e9nit\u00e9 \u00e0 votre int\u00e9rieur. Ressentez toute l&#039;\u00e9nergie positive qui se d\u00e9gage de ce po\u00eale aux proportions \u00e9quilibr\u00e9es.\" \/>\n<meta property=\"og:url\" content=\"https:\/\/dev.invicta.wp19.axome.cc\/fr\/produit\/poele-fonte-iwaki\/\" \/>\n<meta property=\"og:site_name\" content=\"Invicta\" \/>\n<meta property=\"article:modified_time\" content=\"2025-11-26T08:22:05+00:00\" \/>\n<meta property=\"og:image\" content=\"https:\/\/dev.invicta.wp19.axome.cc\/wp-content\/uploads\/2025\/06\/NEW-iwaki-ambiance_1431531632.jpg\" \/>\n\t<meta property=\"og:image:width\" content=\"1276\" \/>\n\t<meta property=\"og:image:height\" content=\"1042\" \/>\n\t<meta property=\"og:image:type\" content=\"image\/jpeg\" \/>\n<meta name=\"twitter:card\" content=\"summary_large_image\" \/>\n<script type=\"application\/ld+json\" class=\"yoast-schema-graph\">{\"@context\":\"https:\/\/schema.org\",\"@graph\":[{\"@type\":\"WebPage\",\"@id\":\"https:\/\/dev.invicta.wp19.axome.cc\/fr\/produit\/poele-fonte-iwaki\/\",\"url\":\"https:\/\/dev.invicta.wp19.axome.cc\/fr\/produit\/poele-fonte-iwaki\/\",\"name\":\"Po\u00eale \u00e0 bois en fonte Iwaki - Invicta\",\"isPartOf\":{\"@id\":\"https:\/\/dev.invicta.wp19.axome.cc\/fr\/#website\"},\"primaryImageOfPage\":{\"@id\":\"https:\/\/dev.invicta.wp19.axome.cc\/fr\/produit\/poele-fonte-iwaki\/#primaryimage\"},\"image\":{\"@id\":\"https:\/\/dev.invicta.wp19.axome.cc\/fr\/produit\/poele-fonte-iwaki\/#primaryimage\"},\"thumbnailUrl\":\"https:\/\/dev.invicta.wp19.axome.cc\/wp-content\/uploads\/2025\/06\/NEW-iwaki-ambiance_1431531632.jpg\",\"datePublished\":\"2025-11-26T07:22:03+00:00\",\"dateModified\":\"2025-11-26T08:22:05+00:00\",\"description\":\"D'esprit zen, Iwaki insuffle harmonie et s\u00e9r\u00e9nit\u00e9 \u00e0 votre int\u00e9rieur. Ressentez toute l'\u00e9nergie positive qui se d\u00e9gage de ce po\u00eale aux proportions \u00e9quilibr\u00e9es.\",\"breadcrumb\":{\"@id\":\"https:\/\/dev.invicta.wp19.axome.cc\/fr\/produit\/poele-fonte-iwaki\/#breadcrumb\"},\"inLanguage\":\"fr-FR\",\"potentialAction\":[{\"@type\":\"ReadAction\",\"target\":[\"https:\/\/dev.invicta.wp19.axome.cc\/fr\/produit\/poele-fonte-iwaki\/\"]}]},{\"@type\":\"ImageObject\",\"inLanguage\":\"fr-FR\",\"@id\":\"https:\/\/dev.invicta.wp19.axome.cc\/fr\/produit\/poele-fonte-iwaki\/#primaryimage\",\"url\":\"https:\/\/dev.invicta.wp19.axome.cc\/wp-content\/uploads\/2025\/06\/NEW-iwaki-ambiance_1431531632.jpg\",\"contentUrl\":\"https:\/\/dev.invicta.wp19.axome.cc\/wp-content\/uploads\/2025\/06\/NEW-iwaki-ambiance_1431531632.jpg\",\"width\":1276,\"height\":1042,\"caption\":\"Po\u00eale \u00e0 bois en fonte Iwaki\"},{\"@type\":\"BreadcrumbList\",\"@id\":\"https:\/\/dev.invicta.wp19.axome.cc\/fr\/produit\/poele-fonte-iwaki\/#breadcrumb\",\"itemListElement\":[{\"@type\":\"ListItem\",\"position\":1,\"name\":\"Accueil\",\"item\":\"https:\/\/dev.invicta.wp19.axome.cc\/fr\/\"},{\"@type\":\"ListItem\",\"position\":2,\"name\":\"Produits\",\"item\":\"https:\/\/dev.invicta.wp19.axome.cc\/fr\/shop\/\"},{\"@type\":\"ListItem\",\"position\":3,\"name\":\"Po\u00eales \u00e0 Bois\",\"item\":\"https:\/\/dev.invicta.wp19.axome.cc\/fr\/categorie-produit\/poeles-bois\/\"},{\"@type\":\"ListItem\",\"position\":4,\"name\":\"Po\u00eales \u00e0 Bois en Fonte\",\"item\":\"https:\/\/dev.invicta.wp19.axome.cc\/fr\/categorie-produit\/poeles-bois\/poeles-a-bois-fonte-acier\/\"},{\"@type\":\"ListItem\",\"position\":5,\"name\":\"Po\u00eale \u00e0 bois en fonte Iwaki\"}]},{\"@type\":\"WebSite\",\"@id\":\"https:\/\/dev.invicta.wp19.axome.cc\/fr\/#website\",\"url\":\"https:\/\/dev.invicta.wp19.axome.cc\/fr\/\",\"name\":\"Invicta\",\"description\":\"Fabricant fran\u00e7ais, sp\u00e9cialiste europ\u00e9en du chauffage au bois : po\u00eales \u00e0 bois et \u00e0 granul\u00e9s, chemin\u00e9es, foyers et inserts\",\"publisher\":{\"@id\":\"https:\/\/dev.invicta.wp19.axome.cc\/fr\/#organization\"},\"potentialAction\":[{\"@type\":\"SearchAction\",\"target\":{\"@type\":\"EntryPoint\",\"urlTemplate\":\"https:\/\/dev.invicta.wp19.axome.cc\/fr\/?s={search_term_string}\"},\"query-input\":{\"@type\":\"PropertyValueSpecification\",\"valueRequired\":true,\"valueName\":\"search_term_string\"}}],\"inLanguage\":\"fr-FR\"},{\"@type\":\"Organization\",\"@id\":\"https:\/\/dev.invicta.wp19.axome.cc\/fr\/#organization\",\"name\":\"Invicta\",\"url\":\"https:\/\/dev.invicta.wp19.axome.cc\/fr\/\",\"logo\":{\"@type\":\"ImageObject\",\"inLanguage\":\"fr-FR\",\"@id\":\"https:\/\/dev.invicta.wp19.axome.cc\/fr\/#\/schema\/logo\/image\/\",\"url\":\"https:\/\/www.invicta.fr\/wp-content\/uploads\/2019\/06\/INVICTALOGO_RVB.png\",\"contentUrl\":\"https:\/\/www.invicta.fr\/wp-content\/uploads\/2019\/06\/INVICTALOGO_RVB.png\",\"width\":1810,\"height\":1280,\"caption\":\"Invicta\"},\"image\":{\"@id\":\"https:\/\/dev.invicta.wp19.axome.cc\/fr\/#\/schema\/logo\/image\/\"}}]}<\/script>\n<!-- \/ Yoast SEO plugin. -->","yoast_head_json":{"title":"Po\u00eale \u00e0 bois en fonte Iwaki - Invicta","description":"D'esprit zen, Iwaki insuffle harmonie et s\u00e9r\u00e9nit\u00e9 \u00e0 votre int\u00e9rieur. Ressentez toute l'\u00e9nergie positive qui se d\u00e9gage de ce po\u00eale aux proportions \u00e9quilibr\u00e9es.","robots":{"index":"index","follow":"follow","max-snippet":"max-snippet:-1","max-image-preview":"max-image-preview:large","max-video-preview":"max-video-preview:-1"},"canonical":"https:\/\/dev.invicta.wp19.axome.cc\/fr\/produit\/poele-fonte-iwaki\/","og_locale":"fr_FR","og_type":"article","og_title":"Po\u00eale \u00e0 bois en fonte Iwaki - Invicta","og_description":"D'esprit zen, Iwaki insuffle harmonie et s\u00e9r\u00e9nit\u00e9 \u00e0 votre int\u00e9rieur. Ressentez toute l'\u00e9nergie positive qui se d\u00e9gage de ce po\u00eale aux proportions \u00e9quilibr\u00e9es.","og_url":"https:\/\/dev.invicta.wp19.axome.cc\/fr\/produit\/poele-fonte-iwaki\/","og_site_name":"Invicta","article_modified_time":"2025-11-26T08:22:05+00:00","og_image":[{"width":1276,"height":1042,"url":"https:\/\/dev.invicta.wp19.axome.cc\/wp-content\/uploads\/2025\/06\/NEW-iwaki-ambiance_1431531632.jpg","type":"image\/jpeg"}],"twitter_card":"summary_large_image","schema":{"@context":"https:\/\/schema.org","@graph":[{"@type":"WebPage","@id":"https:\/\/dev.invicta.wp19.axome.cc\/fr\/produit\/poele-fonte-iwaki\/","url":"https:\/\/dev.invicta.wp19.axome.cc\/fr\/produit\/poele-fonte-iwaki\/","name":"Po\u00eale \u00e0 bois en fonte Iwaki - Invicta","isPartOf":{"@id":"https:\/\/dev.invicta.wp19.axome.cc\/fr\/#website"},"primaryImageOfPage":{"@id":"https:\/\/dev.invicta.wp19.axome.cc\/fr\/produit\/poele-fonte-iwaki\/#primaryimage"},"image":{"@id":"https:\/\/dev.invicta.wp19.axome.cc\/fr\/produit\/poele-fonte-iwaki\/#primaryimage"},"thumbnailUrl":"https:\/\/dev.invicta.wp19.axome.cc\/wp-content\/uploads\/2025\/06\/NEW-iwaki-ambiance_1431531632.jpg","datePublished":"2025-11-26T07:22:03+00:00","dateModified":"2025-11-26T08:22:05+00:00","description":"D'esprit zen, Iwaki insuffle harmonie et s\u00e9r\u00e9nit\u00e9 \u00e0 votre int\u00e9rieur. Ressentez toute l'\u00e9nergie positive qui se d\u00e9gage de ce po\u00eale aux proportions \u00e9quilibr\u00e9es.","breadcrumb":{"@id":"https:\/\/dev.invicta.wp19.axome.cc\/fr\/produit\/poele-fonte-iwaki\/#breadcrumb"},"inLanguage":"fr-FR","potentialAction":[{"@type":"ReadAction","target":["https:\/\/dev.invicta.wp19.axome.cc\/fr\/produit\/poele-fonte-iwaki\/"]}]},{"@type":"ImageObject","inLanguage":"fr-FR","@id":"https:\/\/dev.invicta.wp19.axome.cc\/fr\/produit\/poele-fonte-iwaki\/#primaryimage","url":"https:\/\/dev.invicta.wp19.axome.cc\/wp-content\/uploads\/2025\/06\/NEW-iwaki-ambiance_1431531632.jpg","contentUrl":"https:\/\/dev.invicta.wp19.axome.cc\/wp-content\/uploads\/2025\/06\/NEW-iwaki-ambiance_1431531632.jpg","width":1276,"height":1042,"caption":"Po\u00eale \u00e0 bois en fonte Iwaki"},{"@type":"BreadcrumbList","@id":"https:\/\/dev.invicta.wp19.axome.cc\/fr\/produit\/poele-fonte-iwaki\/#breadcrumb","itemListElement":[{"@type":"ListItem","position":1,"name":"Accueil","item":"https:\/\/dev.invicta.wp19.axome.cc\/fr\/"},{"@type":"ListItem","position":2,"name":"Produits","item":"https:\/\/dev.invicta.wp19.axome.cc\/fr\/shop\/"},{"@type":"ListItem","position":3,"name":"Po\u00eales \u00e0 Bois","item":"https:\/\/dev.invicta.wp19.axome.cc\/fr\/categorie-produit\/poeles-bois\/"},{"@type":"ListItem","position":4,"name":"Po\u00eales \u00e0 Bois en Fonte","item":"https:\/\/dev.invicta.wp19.axome.cc\/fr\/categorie-produit\/poeles-bois\/poeles-a-bois-fonte-acier\/"},{"@type":"ListItem","position":5,"name":"Po\u00eale \u00e0 bois en fonte Iwaki"}]},{"@type":"WebSite","@id":"https:\/\/dev.invicta.wp19.axome.cc\/fr\/#website","url":"https:\/\/dev.invicta.wp19.axome.cc\/fr\/","name":"Invicta","description":"Fabricant fran\u00e7ais, sp\u00e9cialiste europ\u00e9en du chauffage au bois : po\u00eales \u00e0 bois et \u00e0 granul\u00e9s, chemin\u00e9es, foyers et inserts","publisher":{"@id":"https:\/\/dev.invicta.wp19.axome.cc\/fr\/#organization"},"potentialAction":[{"@type":"SearchAction","target":{"@type":"EntryPoint","urlTemplate":"https:\/\/dev.invicta.wp19.axome.cc\/fr\/?s={search_term_string}"},"query-input":{"@type":"PropertyValueSpecification","valueRequired":true,"valueName":"search_term_string"}}],"inLanguage":"fr-FR"},{"@type":"Organization","@id":"https:\/\/dev.invicta.wp19.axome.cc\/fr\/#organization","name":"Invicta","url":"https:\/\/dev.invicta.wp19.axome.cc\/fr\/","logo":{"@type":"ImageObject","inLanguage":"fr-FR","@id":"https:\/\/dev.invicta.wp19.axome.cc\/fr\/#\/schema\/logo\/image\/","url":"https:\/\/www.invicta.fr\/wp-content\/uploads\/2019\/06\/INVICTALOGO_RVB.png","contentUrl":"https:\/\/www.invicta.fr\/wp-content\/uploads\/2019\/06\/INVICTALOGO_RVB.png","width":1810,"height":1280,"caption":"Invicta"},"image":{"@id":"https:\/\/dev.invicta.wp19.axome.cc\/fr\/#\/schema\/logo\/image\/"}}]}},"_links":{"self":[{"href":"https:\/\/dev.invicta.wp19.axome.cc\/fr\/wp-json\/wp\/v2\/product\/67825","targetHints":{"allow":["GET"]}}],"collection":[{"href":"https:\/\/dev.invicta.wp19.axome.cc\/fr\/wp-json\/wp\/v2\/product"}],"about":[{"href":"https:\/\/dev.invicta.wp19.axome.cc\/fr\/wp-json\/wp\/v2\/types\/product"}],"wp:featuredmedia":[{"embeddable":true,"href":"https:\/\/dev.invicta.wp19.axome.cc\/fr\/wp-json\/wp\/v2\/media\/67827"}],"wp:attachment":[{"href":"https:\/\/dev.invicta.wp19.axome.cc\/fr\/wp-json\/wp\/v2\/media?parent=67825"}],"wp:term":[{"taxonomy":"product_brand","embeddable":true,"href":"https:\/\/dev.invicta.wp19.axome.cc\/fr\/wp-json\/wp\/v2\/product_brand?post=67825"},{"taxonomy":"product_cat","embeddable":true,"href":"https:\/\/dev.invicta.wp19.axome.cc\/fr\/wp-json\/wp\/v2\/product_cat?post=67825"},{"taxonomy":"product_tag","embeddable":true,"href":"https:\/\/dev.invicta.wp19.axome.cc\/fr\/wp-json\/wp\/v2\/product_tag?post=67825"},{"taxonomy":"plus_produit","embeddable":true,"href":"https:\/\/dev.invicta.wp19.axome.cc\/fr\/wp-json\/wp\/v2\/plus_produit?post=67825"}],"curies":[{"name":"wp","href":"https:\/\/api.w.org\/{rel}","templated":true}]}}