{"id":67851,"date":"2025-11-26T08:27:28","date_gmt":"2025-11-26T07:27:28","guid":{"rendered":"https:\/\/dev.invicta.wp19.axome.cc\/produit\/poele-a-bois-fonte-symphonia\/"},"modified":"2025-11-26T09:27:30","modified_gmt":"2025-11-26T08:27:30","slug":"poele-fonte-symphonia","status":"publish","type":"product","link":"https:\/\/dev.invicta.wp19.axome.cc\/fr\/produit\/poele-fonte-symphonia\/","title":{"rendered":"Po\u00eale \u00e0 bois fonte Symphonia"},"content":{"rendered":"","protected":false},"excerpt":{"rendered":"<p>Laissez \u00e9vader vos sens avec Symphonia. La danse hypnotisante des flammes se prolonge sur le d\u00e9cor des portes du po\u00eale \u00e0 bois. De douces soir\u00e9es s&#8217;annoncent au rythme du cr\u00e9pitement du feu. Un physique authentique qui certifie aussi de belles performances.<\/p>\n","protected":false},"featured_media":67853,"template":"","meta":{"_acf_changed":false},"product_brand":[],"product_cat":[2117,25,44,5861,5887,5860,5835,5874,5838,5851],"product_tag":[57,7095,58,7096,59,7107,7093,51,53,7094,65,6826],"plus_produit":[6930,612,131,6834,1919,129,130],"class_list":{"1":"product","4":"has-post-thumbnail","6":"product_cat-aide-au-choix","7":"product_cat-poeles-bois","8":"product_cat-poeles-a-bois-fonte-acier","9":"product_cat-poeles-a-bois-buches-50-cm","10":"product_cat-poeles-a-bois-13-kw","11":"product_cat-poeles-a-bois-contemporains","12":"product_cat-poeles-a-bois-design","13":"product_cat-poeles-a-bois-industriels","14":"product_cat-poeles-a-bois-modernes","15":"product_cat-poeles-a-bois-12-kw","16":"product_tag-flamme-verte","17":"product_tag-1-flamme-verte-7","18":"product_tag-eco-design-2022","19":"product_tag-2-eco-design-2022","20":"product_tag-a-ecolabel","21":"product_tag-combustion-prolongee","22":"product_tag-flamme-verte-2","23":"product_tag-fonte-100","24":"product_tag-post-combustion","25":"product_tag-vitre-propre","26":"product_tag-garantie-2-ans","27":"product_tag-garantie-extension-3-ans","28":"pa_combustible-recommande-10259","29":"pa_consommation-053-a-222-kg-heure","30":"pa_depart-des-fumees-dessus","31":"pa_designer-b-dequet","32":"pa_diametre-de-buse-10327","33":"pa_indice-de-performance-5715","34":"pa_surface-de-chauffe-65-a-145-m","35":"pa_taux-de-co-0-1","36":"pa_volume-de-chauffe-160-a-360-m","37":"plus_produit-100-fonte","38":"plus_produit-air-secondaire-reglable","39":"plus_produit-combustion-prolongee-8-heures","40":"plus_produit-extension-de-garantie-3-ans","41":"plus_produit-origine-france-garantie","42":"plus_produit-systeme-de-post-combustion","43":"plus_produit-vitre-propre","45":"first","46":"instock","47":"purchasable","48":"product-type-simple"},"acf":[],"yoast_head":"<!-- This site is optimized with the Yoast SEO plugin v24.7 - https:\/\/yoast.com\/wordpress\/plugins\/seo\/ -->\n<title>Po\u00eale \u00e0 bois fonte Symphonia - Invicta<\/title>\n<meta name=\"description\" content=\"Laissez \u00e9vader vos sens avec Symphonia. La danse hypnotisante des flammes se prolonge sur le d\u00e9cor des portes du po\u00eale \u00e0 bois. De douces soir\u00e9es s&#039;annoncent au rythme du cr\u00e9pitement du feu. Un physique authentique qui certifie aussi de belles performances.\" \/>\n<meta name=\"robots\" content=\"index, follow, max-snippet:-1, max-image-preview:large, max-video-preview:-1\" \/>\n<link rel=\"canonical\" href=\"https:\/\/dev.invicta.wp19.axome.cc\/fr\/produit\/poele-fonte-symphonia\/\" \/>\n<meta property=\"og:locale\" content=\"fr_FR\" \/>\n<meta property=\"og:type\" content=\"article\" \/>\n<meta property=\"og:title\" content=\"Po\u00eale \u00e0 bois fonte Symphonia - Invicta\" \/>\n<meta property=\"og:description\" content=\"Laissez \u00e9vader vos sens avec Symphonia. La danse hypnotisante des flammes se prolonge sur le d\u00e9cor des portes du po\u00eale \u00e0 bois. De douces soir\u00e9es s&#039;annoncent au rythme du cr\u00e9pitement du feu. Un physique authentique qui certifie aussi de belles performances.\" \/>\n<meta property=\"og:url\" content=\"https:\/\/dev.invicta.wp19.axome.cc\/fr\/produit\/poele-fonte-symphonia\/\" \/>\n<meta property=\"og:site_name\" content=\"Invicta\" \/>\n<meta property=\"article:modified_time\" content=\"2025-11-26T08:27:30+00:00\" \/>\n<meta property=\"og:image\" content=\"https:\/\/dev.invicta.wp19.axome.cc\/wp-content\/uploads\/2025\/06\/A_P611544_SYMPHONIA_RET_web.jpg\" \/>\n\t<meta property=\"og:image:width\" content=\"750\" \/>\n\t<meta property=\"og:image:height\" content=\"1000\" \/>\n\t<meta property=\"og:image:type\" content=\"image\/jpeg\" \/>\n<meta name=\"twitter:card\" content=\"summary_large_image\" \/>\n<script type=\"application\/ld+json\" class=\"yoast-schema-graph\">{\"@context\":\"https:\/\/schema.org\",\"@graph\":[{\"@type\":\"WebPage\",\"@id\":\"https:\/\/dev.invicta.wp19.axome.cc\/fr\/produit\/poele-fonte-symphonia\/\",\"url\":\"https:\/\/dev.invicta.wp19.axome.cc\/fr\/produit\/poele-fonte-symphonia\/\",\"name\":\"Po\u00eale \u00e0 bois fonte Symphonia - Invicta\",\"isPartOf\":{\"@id\":\"https:\/\/dev.invicta.wp19.axome.cc\/fr\/#website\"},\"primaryImageOfPage\":{\"@id\":\"https:\/\/dev.invicta.wp19.axome.cc\/fr\/produit\/poele-fonte-symphonia\/#primaryimage\"},\"image\":{\"@id\":\"https:\/\/dev.invicta.wp19.axome.cc\/fr\/produit\/poele-fonte-symphonia\/#primaryimage\"},\"thumbnailUrl\":\"https:\/\/dev.invicta.wp19.axome.cc\/wp-content\/uploads\/2025\/06\/A_P611544_SYMPHONIA_RET_web.jpg\",\"datePublished\":\"2025-11-26T07:27:28+00:00\",\"dateModified\":\"2025-11-26T08:27:30+00:00\",\"description\":\"Laissez \u00e9vader vos sens avec Symphonia. La danse hypnotisante des flammes se prolonge sur le d\u00e9cor des portes du po\u00eale \u00e0 bois. De douces soir\u00e9es s'annoncent au rythme du cr\u00e9pitement du feu. Un physique authentique qui certifie aussi de belles performances.\",\"breadcrumb\":{\"@id\":\"https:\/\/dev.invicta.wp19.axome.cc\/fr\/produit\/poele-fonte-symphonia\/#breadcrumb\"},\"inLanguage\":\"fr-FR\",\"potentialAction\":[{\"@type\":\"ReadAction\",\"target\":[\"https:\/\/dev.invicta.wp19.axome.cc\/fr\/produit\/poele-fonte-symphonia\/\"]}]},{\"@type\":\"ImageObject\",\"inLanguage\":\"fr-FR\",\"@id\":\"https:\/\/dev.invicta.wp19.axome.cc\/fr\/produit\/poele-fonte-symphonia\/#primaryimage\",\"url\":\"https:\/\/dev.invicta.wp19.axome.cc\/wp-content\/uploads\/2025\/06\/A_P611544_SYMPHONIA_RET_web.jpg\",\"contentUrl\":\"https:\/\/dev.invicta.wp19.axome.cc\/wp-content\/uploads\/2025\/06\/A_P611544_SYMPHONIA_RET_web.jpg\",\"width\":750,\"height\":1000,\"caption\":\"Po\u00eale \u00e0 bois fonte Symphonia\"},{\"@type\":\"BreadcrumbList\",\"@id\":\"https:\/\/dev.invicta.wp19.axome.cc\/fr\/produit\/poele-fonte-symphonia\/#breadcrumb\",\"itemListElement\":[{\"@type\":\"ListItem\",\"position\":1,\"name\":\"Accueil\",\"item\":\"https:\/\/dev.invicta.wp19.axome.cc\/fr\/\"},{\"@type\":\"ListItem\",\"position\":2,\"name\":\"Produits\",\"item\":\"https:\/\/dev.invicta.wp19.axome.cc\/fr\/shop\/\"},{\"@type\":\"ListItem\",\"position\":3,\"name\":\"Po\u00eales \u00e0 Bois\",\"item\":\"https:\/\/dev.invicta.wp19.axome.cc\/fr\/categorie-produit\/poeles-bois\/\"},{\"@type\":\"ListItem\",\"position\":4,\"name\":\"Po\u00eales \u00e0 Bois en Fonte\",\"item\":\"https:\/\/dev.invicta.wp19.axome.cc\/fr\/categorie-produit\/poeles-bois\/poeles-a-bois-fonte-acier\/\"},{\"@type\":\"ListItem\",\"position\":5,\"name\":\"Po\u00eale \u00e0 bois fonte Symphonia\"}]},{\"@type\":\"WebSite\",\"@id\":\"https:\/\/dev.invicta.wp19.axome.cc\/fr\/#website\",\"url\":\"https:\/\/dev.invicta.wp19.axome.cc\/fr\/\",\"name\":\"Invicta\",\"description\":\"Fabricant fran\u00e7ais, sp\u00e9cialiste europ\u00e9en du chauffage au bois : po\u00eales \u00e0 bois et \u00e0 granul\u00e9s, chemin\u00e9es, foyers et inserts\",\"publisher\":{\"@id\":\"https:\/\/dev.invicta.wp19.axome.cc\/fr\/#organization\"},\"potentialAction\":[{\"@type\":\"SearchAction\",\"target\":{\"@type\":\"EntryPoint\",\"urlTemplate\":\"https:\/\/dev.invicta.wp19.axome.cc\/fr\/?s={search_term_string}\"},\"query-input\":{\"@type\":\"PropertyValueSpecification\",\"valueRequired\":true,\"valueName\":\"search_term_string\"}}],\"inLanguage\":\"fr-FR\"},{\"@type\":\"Organization\",\"@id\":\"https:\/\/dev.invicta.wp19.axome.cc\/fr\/#organization\",\"name\":\"Invicta\",\"url\":\"https:\/\/dev.invicta.wp19.axome.cc\/fr\/\",\"logo\":{\"@type\":\"ImageObject\",\"inLanguage\":\"fr-FR\",\"@id\":\"https:\/\/dev.invicta.wp19.axome.cc\/fr\/#\/schema\/logo\/image\/\",\"url\":\"https:\/\/www.invicta.fr\/wp-content\/uploads\/2019\/06\/INVICTALOGO_RVB.png\",\"contentUrl\":\"https:\/\/www.invicta.fr\/wp-content\/uploads\/2019\/06\/INVICTALOGO_RVB.png\",\"width\":1810,\"height\":1280,\"caption\":\"Invicta\"},\"image\":{\"@id\":\"https:\/\/dev.invicta.wp19.axome.cc\/fr\/#\/schema\/logo\/image\/\"}}]}<\/script>\n<!-- \/ Yoast SEO plugin. -->","yoast_head_json":{"title":"Po\u00eale \u00e0 bois fonte Symphonia - Invicta","description":"Laissez \u00e9vader vos sens avec Symphonia. La danse hypnotisante des flammes se prolonge sur le d\u00e9cor des portes du po\u00eale \u00e0 bois. De douces soir\u00e9es s'annoncent au rythme du cr\u00e9pitement du feu. Un physique authentique qui certifie aussi de belles performances.","robots":{"index":"index","follow":"follow","max-snippet":"max-snippet:-1","max-image-preview":"max-image-preview:large","max-video-preview":"max-video-preview:-1"},"canonical":"https:\/\/dev.invicta.wp19.axome.cc\/fr\/produit\/poele-fonte-symphonia\/","og_locale":"fr_FR","og_type":"article","og_title":"Po\u00eale \u00e0 bois fonte Symphonia - Invicta","og_description":"Laissez \u00e9vader vos sens avec Symphonia. La danse hypnotisante des flammes se prolonge sur le d\u00e9cor des portes du po\u00eale \u00e0 bois. De douces soir\u00e9es s'annoncent au rythme du cr\u00e9pitement du feu. Un physique authentique qui certifie aussi de belles performances.","og_url":"https:\/\/dev.invicta.wp19.axome.cc\/fr\/produit\/poele-fonte-symphonia\/","og_site_name":"Invicta","article_modified_time":"2025-11-26T08:27:30+00:00","og_image":[{"width":750,"height":1000,"url":"https:\/\/dev.invicta.wp19.axome.cc\/wp-content\/uploads\/2025\/06\/A_P611544_SYMPHONIA_RET_web.jpg","type":"image\/jpeg"}],"twitter_card":"summary_large_image","schema":{"@context":"https:\/\/schema.org","@graph":[{"@type":"WebPage","@id":"https:\/\/dev.invicta.wp19.axome.cc\/fr\/produit\/poele-fonte-symphonia\/","url":"https:\/\/dev.invicta.wp19.axome.cc\/fr\/produit\/poele-fonte-symphonia\/","name":"Po\u00eale \u00e0 bois fonte Symphonia - Invicta","isPartOf":{"@id":"https:\/\/dev.invicta.wp19.axome.cc\/fr\/#website"},"primaryImageOfPage":{"@id":"https:\/\/dev.invicta.wp19.axome.cc\/fr\/produit\/poele-fonte-symphonia\/#primaryimage"},"image":{"@id":"https:\/\/dev.invicta.wp19.axome.cc\/fr\/produit\/poele-fonte-symphonia\/#primaryimage"},"thumbnailUrl":"https:\/\/dev.invicta.wp19.axome.cc\/wp-content\/uploads\/2025\/06\/A_P611544_SYMPHONIA_RET_web.jpg","datePublished":"2025-11-26T07:27:28+00:00","dateModified":"2025-11-26T08:27:30+00:00","description":"Laissez \u00e9vader vos sens avec Symphonia. La danse hypnotisante des flammes se prolonge sur le d\u00e9cor des portes du po\u00eale \u00e0 bois. De douces soir\u00e9es s'annoncent au rythme du cr\u00e9pitement du feu. Un physique authentique qui certifie aussi de belles performances.","breadcrumb":{"@id":"https:\/\/dev.invicta.wp19.axome.cc\/fr\/produit\/poele-fonte-symphonia\/#breadcrumb"},"inLanguage":"fr-FR","potentialAction":[{"@type":"ReadAction","target":["https:\/\/dev.invicta.wp19.axome.cc\/fr\/produit\/poele-fonte-symphonia\/"]}]},{"@type":"ImageObject","inLanguage":"fr-FR","@id":"https:\/\/dev.invicta.wp19.axome.cc\/fr\/produit\/poele-fonte-symphonia\/#primaryimage","url":"https:\/\/dev.invicta.wp19.axome.cc\/wp-content\/uploads\/2025\/06\/A_P611544_SYMPHONIA_RET_web.jpg","contentUrl":"https:\/\/dev.invicta.wp19.axome.cc\/wp-content\/uploads\/2025\/06\/A_P611544_SYMPHONIA_RET_web.jpg","width":750,"height":1000,"caption":"Po\u00eale \u00e0 bois fonte Symphonia"},{"@type":"BreadcrumbList","@id":"https:\/\/dev.invicta.wp19.axome.cc\/fr\/produit\/poele-fonte-symphonia\/#breadcrumb","itemListElement":[{"@type":"ListItem","position":1,"name":"Accueil","item":"https:\/\/dev.invicta.wp19.axome.cc\/fr\/"},{"@type":"ListItem","position":2,"name":"Produits","item":"https:\/\/dev.invicta.wp19.axome.cc\/fr\/shop\/"},{"@type":"ListItem","position":3,"name":"Po\u00eales \u00e0 Bois","item":"https:\/\/dev.invicta.wp19.axome.cc\/fr\/categorie-produit\/poeles-bois\/"},{"@type":"ListItem","position":4,"name":"Po\u00eales \u00e0 Bois en Fonte","item":"https:\/\/dev.invicta.wp19.axome.cc\/fr\/categorie-produit\/poeles-bois\/poeles-a-bois-fonte-acier\/"},{"@type":"ListItem","position":5,"name":"Po\u00eale \u00e0 bois fonte Symphonia"}]},{"@type":"WebSite","@id":"https:\/\/dev.invicta.wp19.axome.cc\/fr\/#website","url":"https:\/\/dev.invicta.wp19.axome.cc\/fr\/","name":"Invicta","description":"Fabricant fran\u00e7ais, sp\u00e9cialiste europ\u00e9en du chauffage au bois : po\u00eales \u00e0 bois et \u00e0 granul\u00e9s, chemin\u00e9es, foyers et inserts","publisher":{"@id":"https:\/\/dev.invicta.wp19.axome.cc\/fr\/#organization"},"potentialAction":[{"@type":"SearchAction","target":{"@type":"EntryPoint","urlTemplate":"https:\/\/dev.invicta.wp19.axome.cc\/fr\/?s={search_term_string}"},"query-input":{"@type":"PropertyValueSpecification","valueRequired":true,"valueName":"search_term_string"}}],"inLanguage":"fr-FR"},{"@type":"Organization","@id":"https:\/\/dev.invicta.wp19.axome.cc\/fr\/#organization","name":"Invicta","url":"https:\/\/dev.invicta.wp19.axome.cc\/fr\/","logo":{"@type":"ImageObject","inLanguage":"fr-FR","@id":"https:\/\/dev.invicta.wp19.axome.cc\/fr\/#\/schema\/logo\/image\/","url":"https:\/\/www.invicta.fr\/wp-content\/uploads\/2019\/06\/INVICTALOGO_RVB.png","contentUrl":"https:\/\/www.invicta.fr\/wp-content\/uploads\/2019\/06\/INVICTALOGO_RVB.png","width":1810,"height":1280,"caption":"Invicta"},"image":{"@id":"https:\/\/dev.invicta.wp19.axome.cc\/fr\/#\/schema\/logo\/image\/"}}]}},"_links":{"self":[{"href":"https:\/\/dev.invicta.wp19.axome.cc\/fr\/wp-json\/wp\/v2\/product\/67851","targetHints":{"allow":["GET"]}}],"collection":[{"href":"https:\/\/dev.invicta.wp19.axome.cc\/fr\/wp-json\/wp\/v2\/product"}],"about":[{"href":"https:\/\/dev.invicta.wp19.axome.cc\/fr\/wp-json\/wp\/v2\/types\/product"}],"wp:featuredmedia":[{"embeddable":true,"href":"https:\/\/dev.invicta.wp19.axome.cc\/fr\/wp-json\/wp\/v2\/media\/67853"}],"wp:attachment":[{"href":"https:\/\/dev.invicta.wp19.axome.cc\/fr\/wp-json\/wp\/v2\/media?parent=67851"}],"wp:term":[{"taxonomy":"product_brand","embeddable":true,"href":"https:\/\/dev.invicta.wp19.axome.cc\/fr\/wp-json\/wp\/v2\/product_brand?post=67851"},{"taxonomy":"product_cat","embeddable":true,"href":"https:\/\/dev.invicta.wp19.axome.cc\/fr\/wp-json\/wp\/v2\/product_cat?post=67851"},{"taxonomy":"product_tag","embeddable":true,"href":"https:\/\/dev.invicta.wp19.axome.cc\/fr\/wp-json\/wp\/v2\/product_tag?post=67851"},{"taxonomy":"plus_produit","embeddable":true,"href":"https:\/\/dev.invicta.wp19.axome.cc\/fr\/wp-json\/wp\/v2\/plus_produit?post=67851"}],"curies":[{"name":"wp","href":"https:\/\/api.w.org\/{rel}","templated":true}]}}