{"id":67882,"date":"2025-11-26T08:29:13","date_gmt":"2025-11-26T07:29:13","guid":{"rendered":"https:\/\/dev.invicta.wp19.axome.cc\/produit\/poele-a-bois-en-fonte-etanche-moai\/"},"modified":"2025-11-26T09:29:16","modified_gmt":"2025-11-26T08:29:16","slug":"poele-a-bois-etanche-moai","status":"publish","type":"product","link":"https:\/\/dev.invicta.wp19.axome.cc\/fr\/produit\/poele-a-bois-etanche-moai\/","title":{"rendered":"Po\u00eale \u00e0 bois en fonte Etanche Moa\u00ef"},"content":{"rendered":"","protected":false},"excerpt":{"rendered":"<p>Inspir\u00e9 des contours des statues de l&#8217;\u00eele de P\u00e2ques, le po\u00eale \u00e0 bois Moa\u00ef et sa vitre angulaire offrent un panorama magnifique sur les flammes. Chaque Moa\u00ef porte la responsabilit\u00e9 de la partie du monde qu&#8217;il regarde et prot\u00e8ge donc votre foyer du froid.<\/p>\n","protected":false},"featured_media":67884,"template":"","meta":{"_acf_changed":false},"product_brand":[],"product_cat":[2117,25,41,5862,5848,5860,5835,5874,5838,5853],"product_tag":[57,7095,58,7096,59,54,7107,7093,51,53,7094,65,6826],"plus_produit":[6930,607,610,612,144,131,6834,2144,1919,129,130],"class_list":{"1":"product","4":"has-post-thumbnail","6":"product_cat-aide-au-choix","7":"product_cat-poeles-bois","8":"product_cat-poeles-a-bois-etanches","9":"product_cat-poeles-a-bois-8-kw","10":"product_cat-poeles-a-bois-angle","11":"product_cat-poeles-a-bois-contemporains","12":"product_cat-poeles-a-bois-design","13":"product_cat-poeles-a-bois-industriels","14":"product_cat-poeles-a-bois-modernes","15":"product_cat-poeles-a-bois-sortie-arriere","16":"product_tag-flamme-verte","17":"product_tag-1-flamme-verte-7","18":"product_tag-eco-design-2022","19":"product_tag-2-eco-design-2022","20":"product_tag-a-ecolabel","21":"product_tag-air-control","22":"product_tag-combustion-prolongee","23":"product_tag-flamme-verte-2","24":"product_tag-fonte-100","25":"product_tag-post-combustion","26":"product_tag-vitre-propre","27":"product_tag-garantie-2-ans","28":"product_tag-garantie-extension-3-ans","29":"pa_combustible-recommande-25-2","30":"pa_consommation-053-a-222-kg-heure","31":"pa_depart-des-fumees-arriere","32":"pa_depart-des-fumees-dessus","33":"pa_designer-b-dequet","34":"pa_diametre-de-buse-10327","35":"pa_indice-de-performance-5715","36":"pa_surface-de-chauffe-40-a-100-m","37":"pa_taux-de-co-0-08","38":"pa_volume-de-chauffe-105-240-m-2","39":"plus_produit-100-fonte","40":"plus_produit-4-pieds-reglables","41":"plus_produit-air-control","42":"plus_produit-air-secondaire-reglable","43":"plus_produit-appareil-etanche-compatible-rt2012","44":"plus_produit-combustion-prolongee-8-heures","45":"plus_produit-extension-de-garantie-3-ans","46":"plus_produit-habillage-foyer-en-vermiculite","47":"plus_produit-origine-france-garantie","48":"plus_produit-systeme-de-post-combustion","49":"plus_produit-vitre-propre","51":"first","52":"instock","53":"purchasable","54":"product-type-simple"},"acf":[],"yoast_head":"<!-- This site is optimized with the Yoast SEO plugin v24.7 - https:\/\/yoast.com\/wordpress\/plugins\/seo\/ -->\n<title>Po\u00eale \u00e0 bois en fonte Etanche Moa\u00ef - Invicta<\/title>\n<meta name=\"description\" content=\"Inspir\u00e9 des contours des statues de l&#039;\u00eele de P\u00e2ques, le po\u00eale \u00e0 bois Moa\u00ef et sa vitre angulaire offrent un panorama magnifique sur les flammes. Chaque Moa\u00ef porte la responsabilit\u00e9 de la partie du monde qu&#039;il regarde et prot\u00e8ge donc votre foyer du froid.\" \/>\n<meta name=\"robots\" content=\"index, follow, max-snippet:-1, max-image-preview:large, max-video-preview:-1\" \/>\n<link rel=\"canonical\" href=\"https:\/\/dev.invicta.wp19.axome.cc\/fr\/produit\/poele-a-bois-etanche-moai\/\" \/>\n<meta property=\"og:locale\" content=\"fr_FR\" \/>\n<meta property=\"og:type\" content=\"article\" \/>\n<meta property=\"og:title\" content=\"Po\u00eale \u00e0 bois en fonte Etanche Moa\u00ef - Invicta\" \/>\n<meta property=\"og:description\" content=\"Inspir\u00e9 des contours des statues de l&#039;\u00eele de P\u00e2ques, le po\u00eale \u00e0 bois Moa\u00ef et sa vitre angulaire offrent un panorama magnifique sur les flammes. Chaque Moa\u00ef porte la responsabilit\u00e9 de la partie du monde qu&#039;il regarde et prot\u00e8ge donc votre foyer du froid.\" \/>\n<meta property=\"og:url\" content=\"https:\/\/dev.invicta.wp19.axome.cc\/fr\/produit\/poele-a-bois-etanche-moai\/\" \/>\n<meta property=\"og:site_name\" content=\"Invicta\" \/>\n<meta property=\"article:modified_time\" content=\"2025-11-26T08:29:16+00:00\" \/>\n<meta property=\"og:image\" content=\"https:\/\/dev.invicta.wp19.axome.cc\/wp-content\/uploads\/2025\/06\/moai-poele_a_bois_ambiance_1431678811-e1567778011219.jpg\" \/>\n\t<meta property=\"og:image:width\" content=\"564\" \/>\n\t<meta property=\"og:image:height\" content=\"731\" \/>\n\t<meta property=\"og:image:type\" content=\"image\/jpeg\" \/>\n<meta name=\"twitter:card\" content=\"summary_large_image\" \/>\n<script type=\"application\/ld+json\" class=\"yoast-schema-graph\">{\"@context\":\"https:\/\/schema.org\",\"@graph\":[{\"@type\":\"WebPage\",\"@id\":\"https:\/\/dev.invicta.wp19.axome.cc\/fr\/produit\/poele-a-bois-etanche-moai\/\",\"url\":\"https:\/\/dev.invicta.wp19.axome.cc\/fr\/produit\/poele-a-bois-etanche-moai\/\",\"name\":\"Po\u00eale \u00e0 bois en fonte Etanche Moa\u00ef - Invicta\",\"isPartOf\":{\"@id\":\"https:\/\/dev.invicta.wp19.axome.cc\/fr\/#website\"},\"primaryImageOfPage\":{\"@id\":\"https:\/\/dev.invicta.wp19.axome.cc\/fr\/produit\/poele-a-bois-etanche-moai\/#primaryimage\"},\"image\":{\"@id\":\"https:\/\/dev.invicta.wp19.axome.cc\/fr\/produit\/poele-a-bois-etanche-moai\/#primaryimage\"},\"thumbnailUrl\":\"https:\/\/dev.invicta.wp19.axome.cc\/wp-content\/uploads\/2025\/06\/moai-poele_a_bois_ambiance_1431678811-e1567778011219.jpg\",\"datePublished\":\"2025-11-26T07:29:13+00:00\",\"dateModified\":\"2025-11-26T08:29:16+00:00\",\"description\":\"Inspir\u00e9 des contours des statues de l'\u00eele de P\u00e2ques, le po\u00eale \u00e0 bois Moa\u00ef et sa vitre angulaire offrent un panorama magnifique sur les flammes. Chaque Moa\u00ef porte la responsabilit\u00e9 de la partie du monde qu'il regarde et prot\u00e8ge donc votre foyer du froid.\",\"breadcrumb\":{\"@id\":\"https:\/\/dev.invicta.wp19.axome.cc\/fr\/produit\/poele-a-bois-etanche-moai\/#breadcrumb\"},\"inLanguage\":\"fr-FR\",\"potentialAction\":[{\"@type\":\"ReadAction\",\"target\":[\"https:\/\/dev.invicta.wp19.axome.cc\/fr\/produit\/poele-a-bois-etanche-moai\/\"]}]},{\"@type\":\"ImageObject\",\"inLanguage\":\"fr-FR\",\"@id\":\"https:\/\/dev.invicta.wp19.axome.cc\/fr\/produit\/poele-a-bois-etanche-moai\/#primaryimage\",\"url\":\"https:\/\/dev.invicta.wp19.axome.cc\/wp-content\/uploads\/2025\/06\/moai-poele_a_bois_ambiance_1431678811-e1567778011219.jpg\",\"contentUrl\":\"https:\/\/dev.invicta.wp19.axome.cc\/wp-content\/uploads\/2025\/06\/moai-poele_a_bois_ambiance_1431678811-e1567778011219.jpg\",\"width\":564,\"height\":731,\"caption\":\"Po\u00eale \u00e0 bois en fonte Etanche Moa\u00ef\"},{\"@type\":\"BreadcrumbList\",\"@id\":\"https:\/\/dev.invicta.wp19.axome.cc\/fr\/produit\/poele-a-bois-etanche-moai\/#breadcrumb\",\"itemListElement\":[{\"@type\":\"ListItem\",\"position\":1,\"name\":\"Accueil\",\"item\":\"https:\/\/dev.invicta.wp19.axome.cc\/fr\/\"},{\"@type\":\"ListItem\",\"position\":2,\"name\":\"Produits\",\"item\":\"https:\/\/dev.invicta.wp19.axome.cc\/fr\/shop\/\"},{\"@type\":\"ListItem\",\"position\":3,\"name\":\"Po\u00eales \u00e0 Bois\",\"item\":\"https:\/\/dev.invicta.wp19.axome.cc\/fr\/categorie-produit\/poeles-bois\/\"},{\"@type\":\"ListItem\",\"position\":4,\"name\":\"Po\u00eales \u00e0 Bois \u00e9tanches\",\"item\":\"https:\/\/dev.invicta.wp19.axome.cc\/fr\/categorie-produit\/poeles-bois\/poeles-a-bois-etanches\/\"},{\"@type\":\"ListItem\",\"position\":5,\"name\":\"Po\u00eale \u00e0 bois en fonte Etanche Moa\u00ef\"}]},{\"@type\":\"WebSite\",\"@id\":\"https:\/\/dev.invicta.wp19.axome.cc\/fr\/#website\",\"url\":\"https:\/\/dev.invicta.wp19.axome.cc\/fr\/\",\"name\":\"Invicta\",\"description\":\"Fabricant fran\u00e7ais, sp\u00e9cialiste europ\u00e9en du chauffage au bois : po\u00eales \u00e0 bois et \u00e0 granul\u00e9s, chemin\u00e9es, foyers et inserts\",\"publisher\":{\"@id\":\"https:\/\/dev.invicta.wp19.axome.cc\/fr\/#organization\"},\"potentialAction\":[{\"@type\":\"SearchAction\",\"target\":{\"@type\":\"EntryPoint\",\"urlTemplate\":\"https:\/\/dev.invicta.wp19.axome.cc\/fr\/?s={search_term_string}\"},\"query-input\":{\"@type\":\"PropertyValueSpecification\",\"valueRequired\":true,\"valueName\":\"search_term_string\"}}],\"inLanguage\":\"fr-FR\"},{\"@type\":\"Organization\",\"@id\":\"https:\/\/dev.invicta.wp19.axome.cc\/fr\/#organization\",\"name\":\"Invicta\",\"url\":\"https:\/\/dev.invicta.wp19.axome.cc\/fr\/\",\"logo\":{\"@type\":\"ImageObject\",\"inLanguage\":\"fr-FR\",\"@id\":\"https:\/\/dev.invicta.wp19.axome.cc\/fr\/#\/schema\/logo\/image\/\",\"url\":\"https:\/\/www.invicta.fr\/wp-content\/uploads\/2019\/06\/INVICTALOGO_RVB.png\",\"contentUrl\":\"https:\/\/www.invicta.fr\/wp-content\/uploads\/2019\/06\/INVICTALOGO_RVB.png\",\"width\":1810,\"height\":1280,\"caption\":\"Invicta\"},\"image\":{\"@id\":\"https:\/\/dev.invicta.wp19.axome.cc\/fr\/#\/schema\/logo\/image\/\"}}]}<\/script>\n<!-- \/ Yoast SEO plugin. -->","yoast_head_json":{"title":"Po\u00eale \u00e0 bois en fonte Etanche Moa\u00ef - Invicta","description":"Inspir\u00e9 des contours des statues de l'\u00eele de P\u00e2ques, le po\u00eale \u00e0 bois Moa\u00ef et sa vitre angulaire offrent un panorama magnifique sur les flammes. Chaque Moa\u00ef porte la responsabilit\u00e9 de la partie du monde qu'il regarde et prot\u00e8ge donc votre foyer du froid.","robots":{"index":"index","follow":"follow","max-snippet":"max-snippet:-1","max-image-preview":"max-image-preview:large","max-video-preview":"max-video-preview:-1"},"canonical":"https:\/\/dev.invicta.wp19.axome.cc\/fr\/produit\/poele-a-bois-etanche-moai\/","og_locale":"fr_FR","og_type":"article","og_title":"Po\u00eale \u00e0 bois en fonte Etanche Moa\u00ef - Invicta","og_description":"Inspir\u00e9 des contours des statues de l'\u00eele de P\u00e2ques, le po\u00eale \u00e0 bois Moa\u00ef et sa vitre angulaire offrent un panorama magnifique sur les flammes. Chaque Moa\u00ef porte la responsabilit\u00e9 de la partie du monde qu'il regarde et prot\u00e8ge donc votre foyer du froid.","og_url":"https:\/\/dev.invicta.wp19.axome.cc\/fr\/produit\/poele-a-bois-etanche-moai\/","og_site_name":"Invicta","article_modified_time":"2025-11-26T08:29:16+00:00","og_image":[{"width":564,"height":731,"url":"https:\/\/dev.invicta.wp19.axome.cc\/wp-content\/uploads\/2025\/06\/moai-poele_a_bois_ambiance_1431678811-e1567778011219.jpg","type":"image\/jpeg"}],"twitter_card":"summary_large_image","schema":{"@context":"https:\/\/schema.org","@graph":[{"@type":"WebPage","@id":"https:\/\/dev.invicta.wp19.axome.cc\/fr\/produit\/poele-a-bois-etanche-moai\/","url":"https:\/\/dev.invicta.wp19.axome.cc\/fr\/produit\/poele-a-bois-etanche-moai\/","name":"Po\u00eale \u00e0 bois en fonte Etanche Moa\u00ef - Invicta","isPartOf":{"@id":"https:\/\/dev.invicta.wp19.axome.cc\/fr\/#website"},"primaryImageOfPage":{"@id":"https:\/\/dev.invicta.wp19.axome.cc\/fr\/produit\/poele-a-bois-etanche-moai\/#primaryimage"},"image":{"@id":"https:\/\/dev.invicta.wp19.axome.cc\/fr\/produit\/poele-a-bois-etanche-moai\/#primaryimage"},"thumbnailUrl":"https:\/\/dev.invicta.wp19.axome.cc\/wp-content\/uploads\/2025\/06\/moai-poele_a_bois_ambiance_1431678811-e1567778011219.jpg","datePublished":"2025-11-26T07:29:13+00:00","dateModified":"2025-11-26T08:29:16+00:00","description":"Inspir\u00e9 des contours des statues de l'\u00eele de P\u00e2ques, le po\u00eale \u00e0 bois Moa\u00ef et sa vitre angulaire offrent un panorama magnifique sur les flammes. Chaque Moa\u00ef porte la responsabilit\u00e9 de la partie du monde qu'il regarde et prot\u00e8ge donc votre foyer du froid.","breadcrumb":{"@id":"https:\/\/dev.invicta.wp19.axome.cc\/fr\/produit\/poele-a-bois-etanche-moai\/#breadcrumb"},"inLanguage":"fr-FR","potentialAction":[{"@type":"ReadAction","target":["https:\/\/dev.invicta.wp19.axome.cc\/fr\/produit\/poele-a-bois-etanche-moai\/"]}]},{"@type":"ImageObject","inLanguage":"fr-FR","@id":"https:\/\/dev.invicta.wp19.axome.cc\/fr\/produit\/poele-a-bois-etanche-moai\/#primaryimage","url":"https:\/\/dev.invicta.wp19.axome.cc\/wp-content\/uploads\/2025\/06\/moai-poele_a_bois_ambiance_1431678811-e1567778011219.jpg","contentUrl":"https:\/\/dev.invicta.wp19.axome.cc\/wp-content\/uploads\/2025\/06\/moai-poele_a_bois_ambiance_1431678811-e1567778011219.jpg","width":564,"height":731,"caption":"Po\u00eale \u00e0 bois en fonte Etanche Moa\u00ef"},{"@type":"BreadcrumbList","@id":"https:\/\/dev.invicta.wp19.axome.cc\/fr\/produit\/poele-a-bois-etanche-moai\/#breadcrumb","itemListElement":[{"@type":"ListItem","position":1,"name":"Accueil","item":"https:\/\/dev.invicta.wp19.axome.cc\/fr\/"},{"@type":"ListItem","position":2,"name":"Produits","item":"https:\/\/dev.invicta.wp19.axome.cc\/fr\/shop\/"},{"@type":"ListItem","position":3,"name":"Po\u00eales \u00e0 Bois","item":"https:\/\/dev.invicta.wp19.axome.cc\/fr\/categorie-produit\/poeles-bois\/"},{"@type":"ListItem","position":4,"name":"Po\u00eales \u00e0 Bois \u00e9tanches","item":"https:\/\/dev.invicta.wp19.axome.cc\/fr\/categorie-produit\/poeles-bois\/poeles-a-bois-etanches\/"},{"@type":"ListItem","position":5,"name":"Po\u00eale \u00e0 bois en fonte Etanche Moa\u00ef"}]},{"@type":"WebSite","@id":"https:\/\/dev.invicta.wp19.axome.cc\/fr\/#website","url":"https:\/\/dev.invicta.wp19.axome.cc\/fr\/","name":"Invicta","description":"Fabricant fran\u00e7ais, sp\u00e9cialiste europ\u00e9en du chauffage au bois : po\u00eales \u00e0 bois et \u00e0 granul\u00e9s, chemin\u00e9es, foyers et inserts","publisher":{"@id":"https:\/\/dev.invicta.wp19.axome.cc\/fr\/#organization"},"potentialAction":[{"@type":"SearchAction","target":{"@type":"EntryPoint","urlTemplate":"https:\/\/dev.invicta.wp19.axome.cc\/fr\/?s={search_term_string}"},"query-input":{"@type":"PropertyValueSpecification","valueRequired":true,"valueName":"search_term_string"}}],"inLanguage":"fr-FR"},{"@type":"Organization","@id":"https:\/\/dev.invicta.wp19.axome.cc\/fr\/#organization","name":"Invicta","url":"https:\/\/dev.invicta.wp19.axome.cc\/fr\/","logo":{"@type":"ImageObject","inLanguage":"fr-FR","@id":"https:\/\/dev.invicta.wp19.axome.cc\/fr\/#\/schema\/logo\/image\/","url":"https:\/\/www.invicta.fr\/wp-content\/uploads\/2019\/06\/INVICTALOGO_RVB.png","contentUrl":"https:\/\/www.invicta.fr\/wp-content\/uploads\/2019\/06\/INVICTALOGO_RVB.png","width":1810,"height":1280,"caption":"Invicta"},"image":{"@id":"https:\/\/dev.invicta.wp19.axome.cc\/fr\/#\/schema\/logo\/image\/"}}]}},"_links":{"self":[{"href":"https:\/\/dev.invicta.wp19.axome.cc\/fr\/wp-json\/wp\/v2\/product\/67882","targetHints":{"allow":["GET"]}}],"collection":[{"href":"https:\/\/dev.invicta.wp19.axome.cc\/fr\/wp-json\/wp\/v2\/product"}],"about":[{"href":"https:\/\/dev.invicta.wp19.axome.cc\/fr\/wp-json\/wp\/v2\/types\/product"}],"wp:featuredmedia":[{"embeddable":true,"href":"https:\/\/dev.invicta.wp19.axome.cc\/fr\/wp-json\/wp\/v2\/media\/67884"}],"wp:attachment":[{"href":"https:\/\/dev.invicta.wp19.axome.cc\/fr\/wp-json\/wp\/v2\/media?parent=67882"}],"wp:term":[{"taxonomy":"product_brand","embeddable":true,"href":"https:\/\/dev.invicta.wp19.axome.cc\/fr\/wp-json\/wp\/v2\/product_brand?post=67882"},{"taxonomy":"product_cat","embeddable":true,"href":"https:\/\/dev.invicta.wp19.axome.cc\/fr\/wp-json\/wp\/v2\/product_cat?post=67882"},{"taxonomy":"product_tag","embeddable":true,"href":"https:\/\/dev.invicta.wp19.axome.cc\/fr\/wp-json\/wp\/v2\/product_tag?post=67882"},{"taxonomy":"plus_produit","embeddable":true,"href":"https:\/\/dev.invicta.wp19.axome.cc\/fr\/wp-json\/wp\/v2\/plus_produit?post=67882"}],"curies":[{"name":"wp","href":"https:\/\/api.w.org\/{rel}","templated":true}]}}