{"id":67897,"date":"2025-11-26T08:26:22","date_gmt":"2025-11-26T07:26:22","guid":{"rendered":"https:\/\/dev.invicta.wp19.axome.cc\/produit\/poele-a-bois-en-fonte-tipi\/"},"modified":"2025-11-26T09:26:24","modified_gmt":"2025-11-26T08:26:24","slug":"poele-fonte-tipi","status":"publish","type":"product","link":"https:\/\/dev.invicta.wp19.axome.cc\/fr\/produit\/poele-fonte-tipi\/","title":{"rendered":"Po\u00eale \u00e0 bois en fonte Tipi"},"content":{"rendered":"","protected":false},"excerpt":{"rendered":"<p>Le grand esprit sacr\u00e9 du feu plane sur ce po\u00eale. Sa forme est largement inspir\u00e9e de l&#8217;habitation traditionnelle des Indiens des plaines d&#8217;Am\u00e9rique du Nord. Simple et \u00e9lanc\u00e9, Tipi fonctionne parfaitement portes ouvertes pour c\u00e9l\u00e9brer le culte du feu. Par grand froid, portes ferm\u00e9es, c&#8217;est une formidable source de chaleur renouvelable.<\/p>\n","protected":false},"featured_media":67901,"template":"","meta":{"_acf_changed":false},"product_brand":[],"product_cat":[2117,25,44,5860,5835,5874,5838,5854,5877],"product_tag":[57,7095,58,7096,59,7107,7093,51,53,7094,65,6826],"plus_produit":[6930,612,131,6834,7502,2144,1919,129,130],"class_list":{"1":"product","4":"has-post-thumbnail","6":"product_cat-aide-au-choix","7":"product_cat-poeles-bois","8":"product_cat-poeles-a-bois-fonte-acier","9":"product_cat-poeles-a-bois-contemporains","10":"product_cat-poeles-a-bois-design","11":"product_cat-poeles-a-bois-industriels","12":"product_cat-poeles-a-bois-modernes","13":"product_cat-poeles-a-bois-10-kw","14":"product_cat-poeles-a-bois-11-kw","15":"product_tag-flamme-verte","16":"product_tag-1-flamme-verte-7","17":"product_tag-eco-design-2022","18":"product_tag-2-eco-design-2022","19":"product_tag-a-ecolabel","20":"product_tag-combustion-prolongee","21":"product_tag-flamme-verte-2","22":"product_tag-fonte-100","23":"product_tag-post-combustion","24":"product_tag-vitre-propre","25":"product_tag-garantie-2-ans","26":"product_tag-garantie-extension-3-ans","27":"pa_combustible-recommande-25-2","28":"pa_consommation-053-a-222-kg-heure","29":"pa_depart-des-fumees-dessus","30":"pa_designer-b-dequet","31":"pa_diametre-de-buse-10287","32":"pa_indice-de-performance-5571","33":"pa_surface-de-chauffe-55-a-120-m","34":"pa_taux-de-co-0-09","35":"pa_volume-de-chauffe-135-300-m-2","36":"plus_produit-100-fonte","37":"plus_produit-air-secondaire-reglable","38":"plus_produit-combustion-prolongee-8-heures","39":"plus_produit-extension-de-garantie-3-ans","40":"plus_produit-fonctionne-egalement-portes-ouvertes","41":"plus_produit-habillage-foyer-en-vermiculite","42":"plus_produit-origine-france-garantie","43":"plus_produit-systeme-de-post-combustion","44":"plus_produit-vitre-propre","46":"first","47":"instock","48":"purchasable","49":"product-type-simple"},"acf":[],"yoast_head":"<!-- This site is optimized with the Yoast SEO plugin v24.7 - https:\/\/yoast.com\/wordpress\/plugins\/seo\/ -->\n<title>Po\u00eale \u00e0 bois en fonte Tipi - Invicta<\/title>\n<meta name=\"description\" content=\"Le grand esprit sacr\u00e9 du feu plane sur ce po\u00eale. Sa forme est largement inspir\u00e9e de l&#039;habitation traditionnelle des Indiens des plaines d&#039;Am\u00e9rique du Nord. Simple et \u00e9lanc\u00e9, Tipi fonctionne parfaitement portes ouvertes pour c\u00e9l\u00e9brer le culte du feu. Par grand froid, portes ferm\u00e9es, c&#039;est une formidable source de chaleur renouvelable.\" \/>\n<meta name=\"robots\" content=\"index, follow, max-snippet:-1, max-image-preview:large, max-video-preview:-1\" \/>\n<link rel=\"canonical\" href=\"https:\/\/dev.invicta.wp19.axome.cc\/fr\/produit\/poele-fonte-tipi\/\" \/>\n<meta property=\"og:locale\" content=\"fr_FR\" \/>\n<meta property=\"og:type\" content=\"article\" \/>\n<meta property=\"og:title\" content=\"Po\u00eale \u00e0 bois en fonte Tipi - Invicta\" \/>\n<meta property=\"og:description\" content=\"Le grand esprit sacr\u00e9 du feu plane sur ce po\u00eale. Sa forme est largement inspir\u00e9e de l&#039;habitation traditionnelle des Indiens des plaines d&#039;Am\u00e9rique du Nord. Simple et \u00e9lanc\u00e9, Tipi fonctionne parfaitement portes ouvertes pour c\u00e9l\u00e9brer le culte du feu. Par grand froid, portes ferm\u00e9es, c&#039;est une formidable source de chaleur renouvelable.\" \/>\n<meta property=\"og:url\" content=\"https:\/\/dev.invicta.wp19.axome.cc\/fr\/produit\/poele-fonte-tipi\/\" \/>\n<meta property=\"og:site_name\" content=\"Invicta\" \/>\n<meta property=\"article:modified_time\" content=\"2025-11-26T08:26:24+00:00\" \/>\n<meta property=\"og:image\" content=\"https:\/\/dev.invicta.wp19.axome.cc\/wp-content\/uploads\/2025\/06\/tipi-poele_a_bois-ambiance_700_1431530034-e1567776853635.jpg\" \/>\n\t<meta property=\"og:image:width\" content=\"525\" \/>\n\t<meta property=\"og:image:height\" content=\"668\" \/>\n\t<meta property=\"og:image:type\" content=\"image\/jpeg\" \/>\n<meta name=\"twitter:card\" content=\"summary_large_image\" \/>\n<script type=\"application\/ld+json\" class=\"yoast-schema-graph\">{\"@context\":\"https:\/\/schema.org\",\"@graph\":[{\"@type\":\"WebPage\",\"@id\":\"https:\/\/dev.invicta.wp19.axome.cc\/fr\/produit\/poele-fonte-tipi\/\",\"url\":\"https:\/\/dev.invicta.wp19.axome.cc\/fr\/produit\/poele-fonte-tipi\/\",\"name\":\"Po\u00eale \u00e0 bois en fonte Tipi - Invicta\",\"isPartOf\":{\"@id\":\"https:\/\/dev.invicta.wp19.axome.cc\/fr\/#website\"},\"primaryImageOfPage\":{\"@id\":\"https:\/\/dev.invicta.wp19.axome.cc\/fr\/produit\/poele-fonte-tipi\/#primaryimage\"},\"image\":{\"@id\":\"https:\/\/dev.invicta.wp19.axome.cc\/fr\/produit\/poele-fonte-tipi\/#primaryimage\"},\"thumbnailUrl\":\"https:\/\/dev.invicta.wp19.axome.cc\/wp-content\/uploads\/2025\/06\/tipi-poele_a_bois-ambiance_700_1431530034-e1567776853635.jpg\",\"datePublished\":\"2025-11-26T07:26:22+00:00\",\"dateModified\":\"2025-11-26T08:26:24+00:00\",\"description\":\"Le grand esprit sacr\u00e9 du feu plane sur ce po\u00eale. Sa forme est largement inspir\u00e9e de l'habitation traditionnelle des Indiens des plaines d'Am\u00e9rique du Nord. Simple et \u00e9lanc\u00e9, Tipi fonctionne parfaitement portes ouvertes pour c\u00e9l\u00e9brer le culte du feu. Par grand froid, portes ferm\u00e9es, c'est une formidable source de chaleur renouvelable.\",\"breadcrumb\":{\"@id\":\"https:\/\/dev.invicta.wp19.axome.cc\/fr\/produit\/poele-fonte-tipi\/#breadcrumb\"},\"inLanguage\":\"fr-FR\",\"potentialAction\":[{\"@type\":\"ReadAction\",\"target\":[\"https:\/\/dev.invicta.wp19.axome.cc\/fr\/produit\/poele-fonte-tipi\/\"]}]},{\"@type\":\"ImageObject\",\"inLanguage\":\"fr-FR\",\"@id\":\"https:\/\/dev.invicta.wp19.axome.cc\/fr\/produit\/poele-fonte-tipi\/#primaryimage\",\"url\":\"https:\/\/dev.invicta.wp19.axome.cc\/wp-content\/uploads\/2025\/06\/tipi-poele_a_bois-ambiance_700_1431530034-e1567776853635.jpg\",\"contentUrl\":\"https:\/\/dev.invicta.wp19.axome.cc\/wp-content\/uploads\/2025\/06\/tipi-poele_a_bois-ambiance_700_1431530034-e1567776853635.jpg\",\"width\":525,\"height\":668,\"caption\":\"Po\u00eale \u00e0 bois en fonte Tipi\"},{\"@type\":\"BreadcrumbList\",\"@id\":\"https:\/\/dev.invicta.wp19.axome.cc\/fr\/produit\/poele-fonte-tipi\/#breadcrumb\",\"itemListElement\":[{\"@type\":\"ListItem\",\"position\":1,\"name\":\"Accueil\",\"item\":\"https:\/\/dev.invicta.wp19.axome.cc\/fr\/\"},{\"@type\":\"ListItem\",\"position\":2,\"name\":\"Produits\",\"item\":\"https:\/\/dev.invicta.wp19.axome.cc\/fr\/shop\/\"},{\"@type\":\"ListItem\",\"position\":3,\"name\":\"Po\u00eales \u00e0 Bois\",\"item\":\"https:\/\/dev.invicta.wp19.axome.cc\/fr\/categorie-produit\/poeles-bois\/\"},{\"@type\":\"ListItem\",\"position\":4,\"name\":\"Po\u00eales \u00e0 Bois en Fonte\",\"item\":\"https:\/\/dev.invicta.wp19.axome.cc\/fr\/categorie-produit\/poeles-bois\/poeles-a-bois-fonte-acier\/\"},{\"@type\":\"ListItem\",\"position\":5,\"name\":\"Po\u00eale \u00e0 bois en fonte Tipi\"}]},{\"@type\":\"WebSite\",\"@id\":\"https:\/\/dev.invicta.wp19.axome.cc\/fr\/#website\",\"url\":\"https:\/\/dev.invicta.wp19.axome.cc\/fr\/\",\"name\":\"Invicta\",\"description\":\"Fabricant fran\u00e7ais, sp\u00e9cialiste europ\u00e9en du chauffage au bois : po\u00eales \u00e0 bois et \u00e0 granul\u00e9s, chemin\u00e9es, foyers et inserts\",\"publisher\":{\"@id\":\"https:\/\/dev.invicta.wp19.axome.cc\/fr\/#organization\"},\"potentialAction\":[{\"@type\":\"SearchAction\",\"target\":{\"@type\":\"EntryPoint\",\"urlTemplate\":\"https:\/\/dev.invicta.wp19.axome.cc\/fr\/?s={search_term_string}\"},\"query-input\":{\"@type\":\"PropertyValueSpecification\",\"valueRequired\":true,\"valueName\":\"search_term_string\"}}],\"inLanguage\":\"fr-FR\"},{\"@type\":\"Organization\",\"@id\":\"https:\/\/dev.invicta.wp19.axome.cc\/fr\/#organization\",\"name\":\"Invicta\",\"url\":\"https:\/\/dev.invicta.wp19.axome.cc\/fr\/\",\"logo\":{\"@type\":\"ImageObject\",\"inLanguage\":\"fr-FR\",\"@id\":\"https:\/\/dev.invicta.wp19.axome.cc\/fr\/#\/schema\/logo\/image\/\",\"url\":\"https:\/\/www.invicta.fr\/wp-content\/uploads\/2019\/06\/INVICTALOGO_RVB.png\",\"contentUrl\":\"https:\/\/www.invicta.fr\/wp-content\/uploads\/2019\/06\/INVICTALOGO_RVB.png\",\"width\":1810,\"height\":1280,\"caption\":\"Invicta\"},\"image\":{\"@id\":\"https:\/\/dev.invicta.wp19.axome.cc\/fr\/#\/schema\/logo\/image\/\"}}]}<\/script>\n<!-- \/ Yoast SEO plugin. -->","yoast_head_json":{"title":"Po\u00eale \u00e0 bois en fonte Tipi - Invicta","description":"Le grand esprit sacr\u00e9 du feu plane sur ce po\u00eale. Sa forme est largement inspir\u00e9e de l'habitation traditionnelle des Indiens des plaines d'Am\u00e9rique du Nord. Simple et \u00e9lanc\u00e9, Tipi fonctionne parfaitement portes ouvertes pour c\u00e9l\u00e9brer le culte du feu. Par grand froid, portes ferm\u00e9es, c'est une formidable source de chaleur renouvelable.","robots":{"index":"index","follow":"follow","max-snippet":"max-snippet:-1","max-image-preview":"max-image-preview:large","max-video-preview":"max-video-preview:-1"},"canonical":"https:\/\/dev.invicta.wp19.axome.cc\/fr\/produit\/poele-fonte-tipi\/","og_locale":"fr_FR","og_type":"article","og_title":"Po\u00eale \u00e0 bois en fonte Tipi - Invicta","og_description":"Le grand esprit sacr\u00e9 du feu plane sur ce po\u00eale. Sa forme est largement inspir\u00e9e de l'habitation traditionnelle des Indiens des plaines d'Am\u00e9rique du Nord. Simple et \u00e9lanc\u00e9, Tipi fonctionne parfaitement portes ouvertes pour c\u00e9l\u00e9brer le culte du feu. Par grand froid, portes ferm\u00e9es, c'est une formidable source de chaleur renouvelable.","og_url":"https:\/\/dev.invicta.wp19.axome.cc\/fr\/produit\/poele-fonte-tipi\/","og_site_name":"Invicta","article_modified_time":"2025-11-26T08:26:24+00:00","og_image":[{"width":525,"height":668,"url":"https:\/\/dev.invicta.wp19.axome.cc\/wp-content\/uploads\/2025\/06\/tipi-poele_a_bois-ambiance_700_1431530034-e1567776853635.jpg","type":"image\/jpeg"}],"twitter_card":"summary_large_image","schema":{"@context":"https:\/\/schema.org","@graph":[{"@type":"WebPage","@id":"https:\/\/dev.invicta.wp19.axome.cc\/fr\/produit\/poele-fonte-tipi\/","url":"https:\/\/dev.invicta.wp19.axome.cc\/fr\/produit\/poele-fonte-tipi\/","name":"Po\u00eale \u00e0 bois en fonte Tipi - Invicta","isPartOf":{"@id":"https:\/\/dev.invicta.wp19.axome.cc\/fr\/#website"},"primaryImageOfPage":{"@id":"https:\/\/dev.invicta.wp19.axome.cc\/fr\/produit\/poele-fonte-tipi\/#primaryimage"},"image":{"@id":"https:\/\/dev.invicta.wp19.axome.cc\/fr\/produit\/poele-fonte-tipi\/#primaryimage"},"thumbnailUrl":"https:\/\/dev.invicta.wp19.axome.cc\/wp-content\/uploads\/2025\/06\/tipi-poele_a_bois-ambiance_700_1431530034-e1567776853635.jpg","datePublished":"2025-11-26T07:26:22+00:00","dateModified":"2025-11-26T08:26:24+00:00","description":"Le grand esprit sacr\u00e9 du feu plane sur ce po\u00eale. Sa forme est largement inspir\u00e9e de l'habitation traditionnelle des Indiens des plaines d'Am\u00e9rique du Nord. Simple et \u00e9lanc\u00e9, Tipi fonctionne parfaitement portes ouvertes pour c\u00e9l\u00e9brer le culte du feu. Par grand froid, portes ferm\u00e9es, c'est une formidable source de chaleur renouvelable.","breadcrumb":{"@id":"https:\/\/dev.invicta.wp19.axome.cc\/fr\/produit\/poele-fonte-tipi\/#breadcrumb"},"inLanguage":"fr-FR","potentialAction":[{"@type":"ReadAction","target":["https:\/\/dev.invicta.wp19.axome.cc\/fr\/produit\/poele-fonte-tipi\/"]}]},{"@type":"ImageObject","inLanguage":"fr-FR","@id":"https:\/\/dev.invicta.wp19.axome.cc\/fr\/produit\/poele-fonte-tipi\/#primaryimage","url":"https:\/\/dev.invicta.wp19.axome.cc\/wp-content\/uploads\/2025\/06\/tipi-poele_a_bois-ambiance_700_1431530034-e1567776853635.jpg","contentUrl":"https:\/\/dev.invicta.wp19.axome.cc\/wp-content\/uploads\/2025\/06\/tipi-poele_a_bois-ambiance_700_1431530034-e1567776853635.jpg","width":525,"height":668,"caption":"Po\u00eale \u00e0 bois en fonte Tipi"},{"@type":"BreadcrumbList","@id":"https:\/\/dev.invicta.wp19.axome.cc\/fr\/produit\/poele-fonte-tipi\/#breadcrumb","itemListElement":[{"@type":"ListItem","position":1,"name":"Accueil","item":"https:\/\/dev.invicta.wp19.axome.cc\/fr\/"},{"@type":"ListItem","position":2,"name":"Produits","item":"https:\/\/dev.invicta.wp19.axome.cc\/fr\/shop\/"},{"@type":"ListItem","position":3,"name":"Po\u00eales \u00e0 Bois","item":"https:\/\/dev.invicta.wp19.axome.cc\/fr\/categorie-produit\/poeles-bois\/"},{"@type":"ListItem","position":4,"name":"Po\u00eales \u00e0 Bois en Fonte","item":"https:\/\/dev.invicta.wp19.axome.cc\/fr\/categorie-produit\/poeles-bois\/poeles-a-bois-fonte-acier\/"},{"@type":"ListItem","position":5,"name":"Po\u00eale \u00e0 bois en fonte Tipi"}]},{"@type":"WebSite","@id":"https:\/\/dev.invicta.wp19.axome.cc\/fr\/#website","url":"https:\/\/dev.invicta.wp19.axome.cc\/fr\/","name":"Invicta","description":"Fabricant fran\u00e7ais, sp\u00e9cialiste europ\u00e9en du chauffage au bois : po\u00eales \u00e0 bois et \u00e0 granul\u00e9s, chemin\u00e9es, foyers et inserts","publisher":{"@id":"https:\/\/dev.invicta.wp19.axome.cc\/fr\/#organization"},"potentialAction":[{"@type":"SearchAction","target":{"@type":"EntryPoint","urlTemplate":"https:\/\/dev.invicta.wp19.axome.cc\/fr\/?s={search_term_string}"},"query-input":{"@type":"PropertyValueSpecification","valueRequired":true,"valueName":"search_term_string"}}],"inLanguage":"fr-FR"},{"@type":"Organization","@id":"https:\/\/dev.invicta.wp19.axome.cc\/fr\/#organization","name":"Invicta","url":"https:\/\/dev.invicta.wp19.axome.cc\/fr\/","logo":{"@type":"ImageObject","inLanguage":"fr-FR","@id":"https:\/\/dev.invicta.wp19.axome.cc\/fr\/#\/schema\/logo\/image\/","url":"https:\/\/www.invicta.fr\/wp-content\/uploads\/2019\/06\/INVICTALOGO_RVB.png","contentUrl":"https:\/\/www.invicta.fr\/wp-content\/uploads\/2019\/06\/INVICTALOGO_RVB.png","width":1810,"height":1280,"caption":"Invicta"},"image":{"@id":"https:\/\/dev.invicta.wp19.axome.cc\/fr\/#\/schema\/logo\/image\/"}}]}},"_links":{"self":[{"href":"https:\/\/dev.invicta.wp19.axome.cc\/fr\/wp-json\/wp\/v2\/product\/67897","targetHints":{"allow":["GET"]}}],"collection":[{"href":"https:\/\/dev.invicta.wp19.axome.cc\/fr\/wp-json\/wp\/v2\/product"}],"about":[{"href":"https:\/\/dev.invicta.wp19.axome.cc\/fr\/wp-json\/wp\/v2\/types\/product"}],"wp:featuredmedia":[{"embeddable":true,"href":"https:\/\/dev.invicta.wp19.axome.cc\/fr\/wp-json\/wp\/v2\/media\/67901"}],"wp:attachment":[{"href":"https:\/\/dev.invicta.wp19.axome.cc\/fr\/wp-json\/wp\/v2\/media?parent=67897"}],"wp:term":[{"taxonomy":"product_brand","embeddable":true,"href":"https:\/\/dev.invicta.wp19.axome.cc\/fr\/wp-json\/wp\/v2\/product_brand?post=67897"},{"taxonomy":"product_cat","embeddable":true,"href":"https:\/\/dev.invicta.wp19.axome.cc\/fr\/wp-json\/wp\/v2\/product_cat?post=67897"},{"taxonomy":"product_tag","embeddable":true,"href":"https:\/\/dev.invicta.wp19.axome.cc\/fr\/wp-json\/wp\/v2\/product_tag?post=67897"},{"taxonomy":"plus_produit","embeddable":true,"href":"https:\/\/dev.invicta.wp19.axome.cc\/fr\/wp-json\/wp\/v2\/plus_produit?post=67897"}],"curies":[{"name":"wp","href":"https:\/\/api.w.org\/{rel}","templated":true}]}}