{"id":67956,"date":"2025-11-26T08:15:47","date_gmt":"2025-11-26T07:15:47","guid":{"rendered":"https:\/\/dev.invicta.wp19.axome.cc\/produit\/poele-granules-talo-11-canalisable-gris\/"},"modified":"2025-11-26T09:15:50","modified_gmt":"2025-11-26T08:15:50","slug":"poele-granules-talo-11-gris","status":"publish","type":"product","link":"https:\/\/dev.invicta.wp19.axome.cc\/fr\/produit\/poele-granules-talo-11-gris\/","title":{"rendered":"Po\u00eale granul\u00e9s Talo 11 Canalisable gris"},"content":{"rendered":"","protected":false},"excerpt":{"rendered":"<p>Le po\u00eale \u00e0 granul\u00e9s Talo 11 gris, canalisable et puissant, peut chauffer plusieurs pi\u00e8ces gr\u00e2ce \u00e0 son ventilateur suppl\u00e9mentaire d\u00e9di\u00e9 \u00e0 la diffusion d&#8217;air chaud. Canalisation 8 m\u00e8tres maximum.<\/p>\n","protected":false},"featured_media":67957,"template":"","meta":{"_acf_changed":false},"product_brand":[],"product_cat":[2117,26,49,5842,5865,5857,5836,5837,5885,5856],"product_tag":[57,7095,58,7096,64,3055,5599,7093,73,55,5592,65,6825],"plus_produit":[5396,137,6835,5365,1925,1968,1983,1921,2137],"class_list":{"1":"product","4":"has-post-thumbnail","6":"product_cat-aide-au-choix","7":"product_cat-poeles-granules","8":"product_cat-poeles-a-granules-pellets","9":"product_cat-poeles-a-granules-10-kw","10":"product_cat-poeles-a-granules-11-kw","11":"product_cat-poeles-a-granules-autonomes","12":"product_cat-poeles-a-granules-canalisables","13":"product_cat-poeles-a-granules-programmables","14":"product_cat-poeles-a-granules-contemporains","15":"product_cat-poeles-a-granules-modernes","16":"product_tag-flamme-verte","17":"product_tag-1-flamme-verte-7","18":"product_tag-eco-design-2022","19":"product_tag-2-eco-design-2022","20":"product_tag-a-ecolabel-2","21":"product_tag-canalisable","22":"product_tag-canalisable-1-ventilateur-dedie","23":"product_tag-flamme-verte-2","24":"product_tag-raccordable-2","25":"product_tag-raccordable","26":"product_tag-wifi-option-c02270","27":"product_tag-garantie-2-ans","28":"product_tag-garantie-extension-1-an","29":"pa_autonomie-maximum-29-heures","30":"pa_autonomie-minimum-10-heures","31":"pa_capacite-de-la-tremie-25-kg","32":"pa_consommation-0-86-2-44","33":"pa_depart-des-fumees-arriere","34":"pa_designer-non-utilise","35":"pa_diametre-de-buse-10228","36":"pa_indice-de-performance-5581","37":"pa_modulation-de-puissance-39-104-kw","38":"pa_surface-de-chauffe-35-a-130-m","39":"pa_taux-de-co-0-013","40":"pa_volume-de-chauffe-85-a-325-m","41":"plus_produit-canalisable-avec-ventilateur-dedie","42":"plus_produit-diffusion-dair-chaud-par-ventilateur-tangenciel","43":"plus_produit-extension-de-garantie-1-an","44":"plus_produit-kit-wifi-en-option","45":"plus_produit-possibilite-de-pilotage-par-thermostat-externe-non-fourni","46":"plus_produit-programmation","47":"plus_produit-raccordable","48":"plus_produit-regulation-de-lallure-ou-de-la-temperature-ambiante","49":"plus_produit-stand-by-veille","51":"first","52":"instock","53":"purchasable","54":"product-type-simple"},"acf":[],"yoast_head":"<!-- This site is optimized with the Yoast SEO plugin v24.7 - https:\/\/yoast.com\/wordpress\/plugins\/seo\/ -->\n<title>Po\u00eale granul\u00e9s Talo 11 Canalisable gris - Invicta<\/title>\n<meta name=\"description\" content=\"Le po\u00eale \u00e0 granul\u00e9s Talo 11 gris, canalisable et puissant, peut chauffer plusieurs pi\u00e8ces gr\u00e2ce \u00e0 son ventilateur suppl\u00e9mentaire d\u00e9di\u00e9 \u00e0 la diffusion d&#039;air chaud. Canalisation 8 m\u00e8tres maximum.\" \/>\n<meta name=\"robots\" content=\"index, follow, max-snippet:-1, max-image-preview:large, max-video-preview:-1\" \/>\n<link rel=\"canonical\" href=\"https:\/\/dev.invicta.wp19.axome.cc\/fr\/produit\/poele-granules-talo-11-gris\/\" \/>\n<meta property=\"og:locale\" content=\"fr_FR\" \/>\n<meta property=\"og:type\" content=\"article\" \/>\n<meta property=\"og:title\" content=\"Po\u00eale granul\u00e9s Talo 11 Canalisable gris - Invicta\" \/>\n<meta property=\"og:description\" content=\"Le po\u00eale \u00e0 granul\u00e9s Talo 11 gris, canalisable et puissant, peut chauffer plusieurs pi\u00e8ces gr\u00e2ce \u00e0 son ventilateur suppl\u00e9mentaire d\u00e9di\u00e9 \u00e0 la diffusion d&#039;air chaud. Canalisation 8 m\u00e8tres maximum.\" \/>\n<meta property=\"og:url\" content=\"https:\/\/dev.invicta.wp19.axome.cc\/fr\/produit\/poele-granules-talo-11-gris\/\" \/>\n<meta property=\"og:site_name\" content=\"Invicta\" \/>\n<meta property=\"article:modified_time\" content=\"2025-11-26T08:15:50+00:00\" \/>\n<meta property=\"og:image\" content=\"https:\/\/dev.invicta.wp19.axome.cc\/wp-content\/uploads\/2025\/06\/Talo-gris.jpg\" \/>\n\t<meta property=\"og:image:width\" content=\"567\" \/>\n\t<meta property=\"og:image:height\" content=\"800\" \/>\n\t<meta property=\"og:image:type\" content=\"image\/jpeg\" \/>\n<meta name=\"twitter:card\" content=\"summary_large_image\" \/>\n<script type=\"application\/ld+json\" class=\"yoast-schema-graph\">{\"@context\":\"https:\/\/schema.org\",\"@graph\":[{\"@type\":\"WebPage\",\"@id\":\"https:\/\/dev.invicta.wp19.axome.cc\/fr\/produit\/poele-granules-talo-11-gris\/\",\"url\":\"https:\/\/dev.invicta.wp19.axome.cc\/fr\/produit\/poele-granules-talo-11-gris\/\",\"name\":\"Po\u00eale granul\u00e9s Talo 11 Canalisable gris - Invicta\",\"isPartOf\":{\"@id\":\"https:\/\/dev.invicta.wp19.axome.cc\/fr\/#website\"},\"primaryImageOfPage\":{\"@id\":\"https:\/\/dev.invicta.wp19.axome.cc\/fr\/produit\/poele-granules-talo-11-gris\/#primaryimage\"},\"image\":{\"@id\":\"https:\/\/dev.invicta.wp19.axome.cc\/fr\/produit\/poele-granules-talo-11-gris\/#primaryimage\"},\"thumbnailUrl\":\"https:\/\/dev.invicta.wp19.axome.cc\/wp-content\/uploads\/2025\/06\/Talo-gris.jpg\",\"datePublished\":\"2025-11-26T07:15:47+00:00\",\"dateModified\":\"2025-11-26T08:15:50+00:00\",\"description\":\"Le po\u00eale \u00e0 granul\u00e9s Talo 11 gris, canalisable et puissant, peut chauffer plusieurs pi\u00e8ces gr\u00e2ce \u00e0 son ventilateur suppl\u00e9mentaire d\u00e9di\u00e9 \u00e0 la diffusion d'air chaud. Canalisation 8 m\u00e8tres maximum.\",\"breadcrumb\":{\"@id\":\"https:\/\/dev.invicta.wp19.axome.cc\/fr\/produit\/poele-granules-talo-11-gris\/#breadcrumb\"},\"inLanguage\":\"fr-FR\",\"potentialAction\":[{\"@type\":\"ReadAction\",\"target\":[\"https:\/\/dev.invicta.wp19.axome.cc\/fr\/produit\/poele-granules-talo-11-gris\/\"]}]},{\"@type\":\"ImageObject\",\"inLanguage\":\"fr-FR\",\"@id\":\"https:\/\/dev.invicta.wp19.axome.cc\/fr\/produit\/poele-granules-talo-11-gris\/#primaryimage\",\"url\":\"https:\/\/dev.invicta.wp19.axome.cc\/wp-content\/uploads\/2025\/06\/Talo-gris.jpg\",\"contentUrl\":\"https:\/\/dev.invicta.wp19.axome.cc\/wp-content\/uploads\/2025\/06\/Talo-gris.jpg\",\"width\":567,\"height\":800,\"caption\":\"Po\u00eale granul\u00e9s Talo 11 Canalisable gris\"},{\"@type\":\"BreadcrumbList\",\"@id\":\"https:\/\/dev.invicta.wp19.axome.cc\/fr\/produit\/poele-granules-talo-11-gris\/#breadcrumb\",\"itemListElement\":[{\"@type\":\"ListItem\",\"position\":1,\"name\":\"Accueil\",\"item\":\"https:\/\/dev.invicta.wp19.axome.cc\/fr\/\"},{\"@type\":\"ListItem\",\"position\":2,\"name\":\"Produits\",\"item\":\"https:\/\/dev.invicta.wp19.axome.cc\/fr\/shop\/\"},{\"@type\":\"ListItem\",\"position\":3,\"name\":\"Po\u00eales \u00e0 Granul\u00e9s\",\"item\":\"https:\/\/dev.invicta.wp19.axome.cc\/fr\/categorie-produit\/poeles-granules\/\"},{\"@type\":\"ListItem\",\"position\":4,\"name\":\"Po\u00eales \u00e0 Granul\u00e9s Standards\",\"item\":\"https:\/\/dev.invicta.wp19.axome.cc\/fr\/categorie-produit\/poeles-granules\/poeles-a-granules-pellets\/\"},{\"@type\":\"ListItem\",\"position\":5,\"name\":\"Po\u00eale granul\u00e9s Talo 11 Canalisable gris\"}]},{\"@type\":\"WebSite\",\"@id\":\"https:\/\/dev.invicta.wp19.axome.cc\/fr\/#website\",\"url\":\"https:\/\/dev.invicta.wp19.axome.cc\/fr\/\",\"name\":\"Invicta\",\"description\":\"Fabricant fran\u00e7ais, sp\u00e9cialiste europ\u00e9en du chauffage au bois : po\u00eales \u00e0 bois et \u00e0 granul\u00e9s, chemin\u00e9es, foyers et inserts\",\"publisher\":{\"@id\":\"https:\/\/dev.invicta.wp19.axome.cc\/fr\/#organization\"},\"potentialAction\":[{\"@type\":\"SearchAction\",\"target\":{\"@type\":\"EntryPoint\",\"urlTemplate\":\"https:\/\/dev.invicta.wp19.axome.cc\/fr\/?s={search_term_string}\"},\"query-input\":{\"@type\":\"PropertyValueSpecification\",\"valueRequired\":true,\"valueName\":\"search_term_string\"}}],\"inLanguage\":\"fr-FR\"},{\"@type\":\"Organization\",\"@id\":\"https:\/\/dev.invicta.wp19.axome.cc\/fr\/#organization\",\"name\":\"Invicta\",\"url\":\"https:\/\/dev.invicta.wp19.axome.cc\/fr\/\",\"logo\":{\"@type\":\"ImageObject\",\"inLanguage\":\"fr-FR\",\"@id\":\"https:\/\/dev.invicta.wp19.axome.cc\/fr\/#\/schema\/logo\/image\/\",\"url\":\"https:\/\/www.invicta.fr\/wp-content\/uploads\/2019\/06\/INVICTALOGO_RVB.png\",\"contentUrl\":\"https:\/\/www.invicta.fr\/wp-content\/uploads\/2019\/06\/INVICTALOGO_RVB.png\",\"width\":1810,\"height\":1280,\"caption\":\"Invicta\"},\"image\":{\"@id\":\"https:\/\/dev.invicta.wp19.axome.cc\/fr\/#\/schema\/logo\/image\/\"}}]}<\/script>\n<!-- \/ Yoast SEO plugin. -->","yoast_head_json":{"title":"Po\u00eale granul\u00e9s Talo 11 Canalisable gris - Invicta","description":"Le po\u00eale \u00e0 granul\u00e9s Talo 11 gris, canalisable et puissant, peut chauffer plusieurs pi\u00e8ces gr\u00e2ce \u00e0 son ventilateur suppl\u00e9mentaire d\u00e9di\u00e9 \u00e0 la diffusion d'air chaud. Canalisation 8 m\u00e8tres maximum.","robots":{"index":"index","follow":"follow","max-snippet":"max-snippet:-1","max-image-preview":"max-image-preview:large","max-video-preview":"max-video-preview:-1"},"canonical":"https:\/\/dev.invicta.wp19.axome.cc\/fr\/produit\/poele-granules-talo-11-gris\/","og_locale":"fr_FR","og_type":"article","og_title":"Po\u00eale granul\u00e9s Talo 11 Canalisable gris - Invicta","og_description":"Le po\u00eale \u00e0 granul\u00e9s Talo 11 gris, canalisable et puissant, peut chauffer plusieurs pi\u00e8ces gr\u00e2ce \u00e0 son ventilateur suppl\u00e9mentaire d\u00e9di\u00e9 \u00e0 la diffusion d'air chaud. Canalisation 8 m\u00e8tres maximum.","og_url":"https:\/\/dev.invicta.wp19.axome.cc\/fr\/produit\/poele-granules-talo-11-gris\/","og_site_name":"Invicta","article_modified_time":"2025-11-26T08:15:50+00:00","og_image":[{"width":567,"height":800,"url":"https:\/\/dev.invicta.wp19.axome.cc\/wp-content\/uploads\/2025\/06\/Talo-gris.jpg","type":"image\/jpeg"}],"twitter_card":"summary_large_image","schema":{"@context":"https:\/\/schema.org","@graph":[{"@type":"WebPage","@id":"https:\/\/dev.invicta.wp19.axome.cc\/fr\/produit\/poele-granules-talo-11-gris\/","url":"https:\/\/dev.invicta.wp19.axome.cc\/fr\/produit\/poele-granules-talo-11-gris\/","name":"Po\u00eale granul\u00e9s Talo 11 Canalisable gris - Invicta","isPartOf":{"@id":"https:\/\/dev.invicta.wp19.axome.cc\/fr\/#website"},"primaryImageOfPage":{"@id":"https:\/\/dev.invicta.wp19.axome.cc\/fr\/produit\/poele-granules-talo-11-gris\/#primaryimage"},"image":{"@id":"https:\/\/dev.invicta.wp19.axome.cc\/fr\/produit\/poele-granules-talo-11-gris\/#primaryimage"},"thumbnailUrl":"https:\/\/dev.invicta.wp19.axome.cc\/wp-content\/uploads\/2025\/06\/Talo-gris.jpg","datePublished":"2025-11-26T07:15:47+00:00","dateModified":"2025-11-26T08:15:50+00:00","description":"Le po\u00eale \u00e0 granul\u00e9s Talo 11 gris, canalisable et puissant, peut chauffer plusieurs pi\u00e8ces gr\u00e2ce \u00e0 son ventilateur suppl\u00e9mentaire d\u00e9di\u00e9 \u00e0 la diffusion d'air chaud. Canalisation 8 m\u00e8tres maximum.","breadcrumb":{"@id":"https:\/\/dev.invicta.wp19.axome.cc\/fr\/produit\/poele-granules-talo-11-gris\/#breadcrumb"},"inLanguage":"fr-FR","potentialAction":[{"@type":"ReadAction","target":["https:\/\/dev.invicta.wp19.axome.cc\/fr\/produit\/poele-granules-talo-11-gris\/"]}]},{"@type":"ImageObject","inLanguage":"fr-FR","@id":"https:\/\/dev.invicta.wp19.axome.cc\/fr\/produit\/poele-granules-talo-11-gris\/#primaryimage","url":"https:\/\/dev.invicta.wp19.axome.cc\/wp-content\/uploads\/2025\/06\/Talo-gris.jpg","contentUrl":"https:\/\/dev.invicta.wp19.axome.cc\/wp-content\/uploads\/2025\/06\/Talo-gris.jpg","width":567,"height":800,"caption":"Po\u00eale granul\u00e9s Talo 11 Canalisable gris"},{"@type":"BreadcrumbList","@id":"https:\/\/dev.invicta.wp19.axome.cc\/fr\/produit\/poele-granules-talo-11-gris\/#breadcrumb","itemListElement":[{"@type":"ListItem","position":1,"name":"Accueil","item":"https:\/\/dev.invicta.wp19.axome.cc\/fr\/"},{"@type":"ListItem","position":2,"name":"Produits","item":"https:\/\/dev.invicta.wp19.axome.cc\/fr\/shop\/"},{"@type":"ListItem","position":3,"name":"Po\u00eales \u00e0 Granul\u00e9s","item":"https:\/\/dev.invicta.wp19.axome.cc\/fr\/categorie-produit\/poeles-granules\/"},{"@type":"ListItem","position":4,"name":"Po\u00eales \u00e0 Granul\u00e9s Standards","item":"https:\/\/dev.invicta.wp19.axome.cc\/fr\/categorie-produit\/poeles-granules\/poeles-a-granules-pellets\/"},{"@type":"ListItem","position":5,"name":"Po\u00eale granul\u00e9s Talo 11 Canalisable gris"}]},{"@type":"WebSite","@id":"https:\/\/dev.invicta.wp19.axome.cc\/fr\/#website","url":"https:\/\/dev.invicta.wp19.axome.cc\/fr\/","name":"Invicta","description":"Fabricant fran\u00e7ais, sp\u00e9cialiste europ\u00e9en du chauffage au bois : po\u00eales \u00e0 bois et \u00e0 granul\u00e9s, chemin\u00e9es, foyers et inserts","publisher":{"@id":"https:\/\/dev.invicta.wp19.axome.cc\/fr\/#organization"},"potentialAction":[{"@type":"SearchAction","target":{"@type":"EntryPoint","urlTemplate":"https:\/\/dev.invicta.wp19.axome.cc\/fr\/?s={search_term_string}"},"query-input":{"@type":"PropertyValueSpecification","valueRequired":true,"valueName":"search_term_string"}}],"inLanguage":"fr-FR"},{"@type":"Organization","@id":"https:\/\/dev.invicta.wp19.axome.cc\/fr\/#organization","name":"Invicta","url":"https:\/\/dev.invicta.wp19.axome.cc\/fr\/","logo":{"@type":"ImageObject","inLanguage":"fr-FR","@id":"https:\/\/dev.invicta.wp19.axome.cc\/fr\/#\/schema\/logo\/image\/","url":"https:\/\/www.invicta.fr\/wp-content\/uploads\/2019\/06\/INVICTALOGO_RVB.png","contentUrl":"https:\/\/www.invicta.fr\/wp-content\/uploads\/2019\/06\/INVICTALOGO_RVB.png","width":1810,"height":1280,"caption":"Invicta"},"image":{"@id":"https:\/\/dev.invicta.wp19.axome.cc\/fr\/#\/schema\/logo\/image\/"}}]}},"_links":{"self":[{"href":"https:\/\/dev.invicta.wp19.axome.cc\/fr\/wp-json\/wp\/v2\/product\/67956","targetHints":{"allow":["GET"]}}],"collection":[{"href":"https:\/\/dev.invicta.wp19.axome.cc\/fr\/wp-json\/wp\/v2\/product"}],"about":[{"href":"https:\/\/dev.invicta.wp19.axome.cc\/fr\/wp-json\/wp\/v2\/types\/product"}],"wp:featuredmedia":[{"embeddable":true,"href":"https:\/\/dev.invicta.wp19.axome.cc\/fr\/wp-json\/wp\/v2\/media\/67957"}],"wp:attachment":[{"href":"https:\/\/dev.invicta.wp19.axome.cc\/fr\/wp-json\/wp\/v2\/media?parent=67956"}],"wp:term":[{"taxonomy":"product_brand","embeddable":true,"href":"https:\/\/dev.invicta.wp19.axome.cc\/fr\/wp-json\/wp\/v2\/product_brand?post=67956"},{"taxonomy":"product_cat","embeddable":true,"href":"https:\/\/dev.invicta.wp19.axome.cc\/fr\/wp-json\/wp\/v2\/product_cat?post=67956"},{"taxonomy":"product_tag","embeddable":true,"href":"https:\/\/dev.invicta.wp19.axome.cc\/fr\/wp-json\/wp\/v2\/product_tag?post=67956"},{"taxonomy":"plus_produit","embeddable":true,"href":"https:\/\/dev.invicta.wp19.axome.cc\/fr\/wp-json\/wp\/v2\/plus_produit?post=67956"}],"curies":[{"name":"wp","href":"https:\/\/api.w.org\/{rel}","templated":true}]}}