{"id":67974,"date":"2025-11-26T08:06:34","date_gmt":"2025-11-26T07:06:34","guid":{"rendered":"https:\/\/dev.invicta.wp19.axome.cc\/produit\/poele-a-granules-etanche-fontica-8-rouge-wifi-ventilation-desactivable\/"},"modified":"2025-11-26T09:06:37","modified_gmt":"2025-11-26T08:06:37","slug":"poele-a-granules-etanche-fontica-8-rouge-wifi-ventilation-desactivable","status":"publish","type":"product","link":"https:\/\/dev.invicta.wp19.axome.cc\/fr\/produit\/poele-a-granules-etanche-fontica-8-rouge-wifi-ventilation-desactivable\/","title":{"rendered":"Po\u00eale \u00e0 granul\u00e9s \u00e9tanche Fontica 8 rouge WiFi &#8211; Ventilation d\u00e9sactivable"},"content":{"rendered":"","protected":false},"excerpt":{"rendered":"<p>Ce po\u00eale \u00e0 granul\u00e9s est unique et hyper performant gr\u00e2ce \u00e0 la mati\u00e8re fonte qui constitue son corps de chauffe. \u00c9tanche, l&#8217;installation de Fontica peut \u00eatre facilit\u00e9e en sortie ventouse horizontale sans conduit de chemin\u00e9e.<\/p>\n","protected":false},"featured_media":67976,"template":"","meta":{"_acf_changed":false},"product_brand":[],"product_cat":[2117,26,48,5859,5907,5857,5837,5834,5885,5856,5855,5883,5863],"product_tag":[57,7095,58,7096,64,7093,5600,5606,65,6825],"plus_produit":[144,5385,137,1933,6835,1932,2132,1925,1968,1921,2137,5912,5384],"class_list":{"1":"product","4":"has-post-thumbnail","6":"product_cat-aide-au-choix","7":"product_cat-poeles-granules","8":"product_cat-poeles-a-granules-etanches-pellets","9":"product_cat-poeles-a-granules-8-kw","10":"product_cat-poeles-a-granules-etanches-8-kw","11":"product_cat-poeles-a-granules-autonomes","12":"product_cat-poeles-a-granules-programmables","13":"product_cat-poeles-a-granules-design","14":"product_cat-poeles-a-granules-contemporains","15":"product_cat-poeles-a-granules-modernes","16":"product_cat-poeles-a-granules-ronds","17":"product_cat-poeles-a-granules-sortie-murale","18":"product_cat-poeles-a-granules-sortie-ventouse","19":"product_tag-flamme-verte","20":"product_tag-1-flamme-verte-7","21":"product_tag-eco-design-2022","22":"product_tag-2-eco-design-2022","23":"product_tag-a-ecolabel-2","24":"product_tag-flamme-verte-2","25":"product_tag-wifi-de-serie","26":"product_tag-zone-3-ventouse","27":"product_tag-garantie-2-ans","28":"product_tag-garantie-extension-1-an","29":"pa_autonomie-maximum-18-5","30":"pa_autonomie-minimum-9-heures","31":"pa_capacite-de-la-tremie-17-kg","32":"pa_consommation-0-9-1-88","33":"pa_depart-des-fumees-arriere","34":"pa_designer-non-utilise","35":"pa_diametre-de-buse-10228","36":"pa_indice-de-performance-5578","37":"pa_modulation-de-puissance-4-82-kw","38":"pa_surface-de-chauffe-36-a-100-m","39":"pa_taux-de-co-0-0104","40":"pa_volume-de-chauffe-90-a-250-m","41":"plus_produit-appareil-etanche-compatible-rt2012","42":"plus_produit-corps-de-chauffe-en-fonte","43":"plus_produit-diffusion-dair-chaud-par-ventilateur-tangenciel","44":"plus_produit-document-technique-dapplication-n14-2-15-2130_v8","45":"plus_produit-extension-de-garantie-1-an","46":"plus_produit-installation-possible-en-facade-zone-3-ventouse","47":"plus_produit-kit-de-controle-de-la-combustion-kcc-2","48":"plus_produit-possibilite-de-pilotage-par-thermostat-externe-non-fourni","49":"plus_produit-programmation","50":"plus_produit-regulation-de-lallure-ou-de-la-temperature-ambiante","51":"plus_produit-stand-by-veille","52":"plus_produit-ventilation-desactivable","53":"plus_produit-wifi-integre","55":"first","56":"instock","57":"purchasable","58":"product-type-simple"},"acf":[],"yoast_head":"<!-- This site is optimized with the Yoast SEO plugin v24.7 - https:\/\/yoast.com\/wordpress\/plugins\/seo\/ -->\n<title>Po\u00eale \u00e0 granul\u00e9s \u00e9tanche Fontica 8 rouge WiFi - Ventilation d\u00e9sactivable - Invicta<\/title>\n<meta name=\"description\" content=\"Ce po\u00eale \u00e0 granul\u00e9s est unique et hyper performant gr\u00e2ce \u00e0 la mati\u00e8re fonte qui constitue son corps de chauffe. \u00c9tanche, l&#039;installation de Fontica peut \u00eatre facilit\u00e9e en sortie ventouse horizontale sans conduit de chemin\u00e9e.\" \/>\n<meta name=\"robots\" content=\"index, follow, max-snippet:-1, max-image-preview:large, max-video-preview:-1\" \/>\n<link rel=\"canonical\" href=\"https:\/\/dev.invicta.wp19.axome.cc\/fr\/produit\/poele-a-granules-etanche-fontica-8-rouge-wifi-ventilation-desactivable\/\" \/>\n<meta property=\"og:locale\" content=\"fr_FR\" \/>\n<meta property=\"og:type\" content=\"article\" \/>\n<meta property=\"og:title\" content=\"Po\u00eale \u00e0 granul\u00e9s \u00e9tanche Fontica 8 rouge WiFi - Ventilation d\u00e9sactivable - Invicta\" \/>\n<meta property=\"og:description\" content=\"Ce po\u00eale \u00e0 granul\u00e9s est unique et hyper performant gr\u00e2ce \u00e0 la mati\u00e8re fonte qui constitue son corps de chauffe. \u00c9tanche, l&#039;installation de Fontica peut \u00eatre facilit\u00e9e en sortie ventouse horizontale sans conduit de chemin\u00e9e.\" \/>\n<meta property=\"og:url\" content=\"https:\/\/dev.invicta.wp19.axome.cc\/fr\/produit\/poele-a-granules-etanche-fontica-8-rouge-wifi-ventilation-desactivable\/\" \/>\n<meta property=\"og:site_name\" content=\"Invicta\" \/>\n<meta property=\"article:modified_time\" content=\"2025-11-26T08:06:37+00:00\" \/>\n<meta property=\"og:image\" content=\"https:\/\/dev.invicta.wp19.axome.cc\/wp-content\/uploads\/2025\/06\/A-FONTICA-rouge-web.jpg\" \/>\n\t<meta property=\"og:image:width\" content=\"1440\" \/>\n\t<meta property=\"og:image:height\" content=\"879\" \/>\n\t<meta property=\"og:image:type\" content=\"image\/jpeg\" \/>\n<meta name=\"twitter:card\" content=\"summary_large_image\" \/>\n<script type=\"application\/ld+json\" class=\"yoast-schema-graph\">{\"@context\":\"https:\/\/schema.org\",\"@graph\":[{\"@type\":\"WebPage\",\"@id\":\"https:\/\/dev.invicta.wp19.axome.cc\/fr\/produit\/poele-a-granules-etanche-fontica-8-rouge-wifi-ventilation-desactivable\/\",\"url\":\"https:\/\/dev.invicta.wp19.axome.cc\/fr\/produit\/poele-a-granules-etanche-fontica-8-rouge-wifi-ventilation-desactivable\/\",\"name\":\"Po\u00eale \u00e0 granul\u00e9s \u00e9tanche Fontica 8 rouge WiFi - Ventilation d\u00e9sactivable - Invicta\",\"isPartOf\":{\"@id\":\"https:\/\/dev.invicta.wp19.axome.cc\/fr\/#website\"},\"primaryImageOfPage\":{\"@id\":\"https:\/\/dev.invicta.wp19.axome.cc\/fr\/produit\/poele-a-granules-etanche-fontica-8-rouge-wifi-ventilation-desactivable\/#primaryimage\"},\"image\":{\"@id\":\"https:\/\/dev.invicta.wp19.axome.cc\/fr\/produit\/poele-a-granules-etanche-fontica-8-rouge-wifi-ventilation-desactivable\/#primaryimage\"},\"thumbnailUrl\":\"https:\/\/dev.invicta.wp19.axome.cc\/wp-content\/uploads\/2025\/06\/A-FONTICA-rouge-web.jpg\",\"datePublished\":\"2025-11-26T07:06:34+00:00\",\"dateModified\":\"2025-11-26T08:06:37+00:00\",\"description\":\"Ce po\u00eale \u00e0 granul\u00e9s est unique et hyper performant gr\u00e2ce \u00e0 la mati\u00e8re fonte qui constitue son corps de chauffe. \u00c9tanche, l'installation de Fontica peut \u00eatre facilit\u00e9e en sortie ventouse horizontale sans conduit de chemin\u00e9e.\",\"breadcrumb\":{\"@id\":\"https:\/\/dev.invicta.wp19.axome.cc\/fr\/produit\/poele-a-granules-etanche-fontica-8-rouge-wifi-ventilation-desactivable\/#breadcrumb\"},\"inLanguage\":\"fr-FR\",\"potentialAction\":[{\"@type\":\"ReadAction\",\"target\":[\"https:\/\/dev.invicta.wp19.axome.cc\/fr\/produit\/poele-a-granules-etanche-fontica-8-rouge-wifi-ventilation-desactivable\/\"]}]},{\"@type\":\"ImageObject\",\"inLanguage\":\"fr-FR\",\"@id\":\"https:\/\/dev.invicta.wp19.axome.cc\/fr\/produit\/poele-a-granules-etanche-fontica-8-rouge-wifi-ventilation-desactivable\/#primaryimage\",\"url\":\"https:\/\/dev.invicta.wp19.axome.cc\/wp-content\/uploads\/2025\/06\/A-FONTICA-rouge-web.jpg\",\"contentUrl\":\"https:\/\/dev.invicta.wp19.axome.cc\/wp-content\/uploads\/2025\/06\/A-FONTICA-rouge-web.jpg\",\"width\":1440,\"height\":879,\"caption\":\"Po\u00eale \u00e0 granul\u00e9s \u00e9tanche Fontica 8 rouge WiFi - Ventilation d\u00e9sactivable\"},{\"@type\":\"BreadcrumbList\",\"@id\":\"https:\/\/dev.invicta.wp19.axome.cc\/fr\/produit\/poele-a-granules-etanche-fontica-8-rouge-wifi-ventilation-desactivable\/#breadcrumb\",\"itemListElement\":[{\"@type\":\"ListItem\",\"position\":1,\"name\":\"Accueil\",\"item\":\"https:\/\/dev.invicta.wp19.axome.cc\/fr\/\"},{\"@type\":\"ListItem\",\"position\":2,\"name\":\"Produits\",\"item\":\"https:\/\/dev.invicta.wp19.axome.cc\/fr\/shop\/\"},{\"@type\":\"ListItem\",\"position\":3,\"name\":\"Po\u00eales \u00e0 Granul\u00e9s\",\"item\":\"https:\/\/dev.invicta.wp19.axome.cc\/fr\/categorie-produit\/poeles-granules\/\"},{\"@type\":\"ListItem\",\"position\":4,\"name\":\"Po\u00eales \u00e0 Granul\u00e9s \u00c9tanches\",\"item\":\"https:\/\/dev.invicta.wp19.axome.cc\/fr\/categorie-produit\/poeles-granules\/poeles-a-granules-etanches-pellets\/\"},{\"@type\":\"ListItem\",\"position\":5,\"name\":\"Po\u00eale \u00e0 granul\u00e9s \u00e9tanche Fontica 8 rouge WiFi &#8211; Ventilation d\u00e9sactivable\"}]},{\"@type\":\"WebSite\",\"@id\":\"https:\/\/dev.invicta.wp19.axome.cc\/fr\/#website\",\"url\":\"https:\/\/dev.invicta.wp19.axome.cc\/fr\/\",\"name\":\"Invicta\",\"description\":\"Fabricant fran\u00e7ais, sp\u00e9cialiste europ\u00e9en du chauffage au bois : po\u00eales \u00e0 bois et \u00e0 granul\u00e9s, chemin\u00e9es, foyers et inserts\",\"publisher\":{\"@id\":\"https:\/\/dev.invicta.wp19.axome.cc\/fr\/#organization\"},\"potentialAction\":[{\"@type\":\"SearchAction\",\"target\":{\"@type\":\"EntryPoint\",\"urlTemplate\":\"https:\/\/dev.invicta.wp19.axome.cc\/fr\/?s={search_term_string}\"},\"query-input\":{\"@type\":\"PropertyValueSpecification\",\"valueRequired\":true,\"valueName\":\"search_term_string\"}}],\"inLanguage\":\"fr-FR\"},{\"@type\":\"Organization\",\"@id\":\"https:\/\/dev.invicta.wp19.axome.cc\/fr\/#organization\",\"name\":\"Invicta\",\"url\":\"https:\/\/dev.invicta.wp19.axome.cc\/fr\/\",\"logo\":{\"@type\":\"ImageObject\",\"inLanguage\":\"fr-FR\",\"@id\":\"https:\/\/dev.invicta.wp19.axome.cc\/fr\/#\/schema\/logo\/image\/\",\"url\":\"https:\/\/www.invicta.fr\/wp-content\/uploads\/2019\/06\/INVICTALOGO_RVB.png\",\"contentUrl\":\"https:\/\/www.invicta.fr\/wp-content\/uploads\/2019\/06\/INVICTALOGO_RVB.png\",\"width\":1810,\"height\":1280,\"caption\":\"Invicta\"},\"image\":{\"@id\":\"https:\/\/dev.invicta.wp19.axome.cc\/fr\/#\/schema\/logo\/image\/\"}}]}<\/script>\n<!-- \/ Yoast SEO plugin. -->","yoast_head_json":{"title":"Po\u00eale \u00e0 granul\u00e9s \u00e9tanche Fontica 8 rouge WiFi - Ventilation d\u00e9sactivable - Invicta","description":"Ce po\u00eale \u00e0 granul\u00e9s est unique et hyper performant gr\u00e2ce \u00e0 la mati\u00e8re fonte qui constitue son corps de chauffe. \u00c9tanche, l'installation de Fontica peut \u00eatre facilit\u00e9e en sortie ventouse horizontale sans conduit de chemin\u00e9e.","robots":{"index":"index","follow":"follow","max-snippet":"max-snippet:-1","max-image-preview":"max-image-preview:large","max-video-preview":"max-video-preview:-1"},"canonical":"https:\/\/dev.invicta.wp19.axome.cc\/fr\/produit\/poele-a-granules-etanche-fontica-8-rouge-wifi-ventilation-desactivable\/","og_locale":"fr_FR","og_type":"article","og_title":"Po\u00eale \u00e0 granul\u00e9s \u00e9tanche Fontica 8 rouge WiFi - Ventilation d\u00e9sactivable - Invicta","og_description":"Ce po\u00eale \u00e0 granul\u00e9s est unique et hyper performant gr\u00e2ce \u00e0 la mati\u00e8re fonte qui constitue son corps de chauffe. \u00c9tanche, l'installation de Fontica peut \u00eatre facilit\u00e9e en sortie ventouse horizontale sans conduit de chemin\u00e9e.","og_url":"https:\/\/dev.invicta.wp19.axome.cc\/fr\/produit\/poele-a-granules-etanche-fontica-8-rouge-wifi-ventilation-desactivable\/","og_site_name":"Invicta","article_modified_time":"2025-11-26T08:06:37+00:00","og_image":[{"width":1440,"height":879,"url":"https:\/\/dev.invicta.wp19.axome.cc\/wp-content\/uploads\/2025\/06\/A-FONTICA-rouge-web.jpg","type":"image\/jpeg"}],"twitter_card":"summary_large_image","schema":{"@context":"https:\/\/schema.org","@graph":[{"@type":"WebPage","@id":"https:\/\/dev.invicta.wp19.axome.cc\/fr\/produit\/poele-a-granules-etanche-fontica-8-rouge-wifi-ventilation-desactivable\/","url":"https:\/\/dev.invicta.wp19.axome.cc\/fr\/produit\/poele-a-granules-etanche-fontica-8-rouge-wifi-ventilation-desactivable\/","name":"Po\u00eale \u00e0 granul\u00e9s \u00e9tanche Fontica 8 rouge WiFi - Ventilation d\u00e9sactivable - Invicta","isPartOf":{"@id":"https:\/\/dev.invicta.wp19.axome.cc\/fr\/#website"},"primaryImageOfPage":{"@id":"https:\/\/dev.invicta.wp19.axome.cc\/fr\/produit\/poele-a-granules-etanche-fontica-8-rouge-wifi-ventilation-desactivable\/#primaryimage"},"image":{"@id":"https:\/\/dev.invicta.wp19.axome.cc\/fr\/produit\/poele-a-granules-etanche-fontica-8-rouge-wifi-ventilation-desactivable\/#primaryimage"},"thumbnailUrl":"https:\/\/dev.invicta.wp19.axome.cc\/wp-content\/uploads\/2025\/06\/A-FONTICA-rouge-web.jpg","datePublished":"2025-11-26T07:06:34+00:00","dateModified":"2025-11-26T08:06:37+00:00","description":"Ce po\u00eale \u00e0 granul\u00e9s est unique et hyper performant gr\u00e2ce \u00e0 la mati\u00e8re fonte qui constitue son corps de chauffe. \u00c9tanche, l'installation de Fontica peut \u00eatre facilit\u00e9e en sortie ventouse horizontale sans conduit de chemin\u00e9e.","breadcrumb":{"@id":"https:\/\/dev.invicta.wp19.axome.cc\/fr\/produit\/poele-a-granules-etanche-fontica-8-rouge-wifi-ventilation-desactivable\/#breadcrumb"},"inLanguage":"fr-FR","potentialAction":[{"@type":"ReadAction","target":["https:\/\/dev.invicta.wp19.axome.cc\/fr\/produit\/poele-a-granules-etanche-fontica-8-rouge-wifi-ventilation-desactivable\/"]}]},{"@type":"ImageObject","inLanguage":"fr-FR","@id":"https:\/\/dev.invicta.wp19.axome.cc\/fr\/produit\/poele-a-granules-etanche-fontica-8-rouge-wifi-ventilation-desactivable\/#primaryimage","url":"https:\/\/dev.invicta.wp19.axome.cc\/wp-content\/uploads\/2025\/06\/A-FONTICA-rouge-web.jpg","contentUrl":"https:\/\/dev.invicta.wp19.axome.cc\/wp-content\/uploads\/2025\/06\/A-FONTICA-rouge-web.jpg","width":1440,"height":879,"caption":"Po\u00eale \u00e0 granul\u00e9s \u00e9tanche Fontica 8 rouge WiFi - Ventilation d\u00e9sactivable"},{"@type":"BreadcrumbList","@id":"https:\/\/dev.invicta.wp19.axome.cc\/fr\/produit\/poele-a-granules-etanche-fontica-8-rouge-wifi-ventilation-desactivable\/#breadcrumb","itemListElement":[{"@type":"ListItem","position":1,"name":"Accueil","item":"https:\/\/dev.invicta.wp19.axome.cc\/fr\/"},{"@type":"ListItem","position":2,"name":"Produits","item":"https:\/\/dev.invicta.wp19.axome.cc\/fr\/shop\/"},{"@type":"ListItem","position":3,"name":"Po\u00eales \u00e0 Granul\u00e9s","item":"https:\/\/dev.invicta.wp19.axome.cc\/fr\/categorie-produit\/poeles-granules\/"},{"@type":"ListItem","position":4,"name":"Po\u00eales \u00e0 Granul\u00e9s \u00c9tanches","item":"https:\/\/dev.invicta.wp19.axome.cc\/fr\/categorie-produit\/poeles-granules\/poeles-a-granules-etanches-pellets\/"},{"@type":"ListItem","position":5,"name":"Po\u00eale \u00e0 granul\u00e9s \u00e9tanche Fontica 8 rouge WiFi &#8211; Ventilation d\u00e9sactivable"}]},{"@type":"WebSite","@id":"https:\/\/dev.invicta.wp19.axome.cc\/fr\/#website","url":"https:\/\/dev.invicta.wp19.axome.cc\/fr\/","name":"Invicta","description":"Fabricant fran\u00e7ais, sp\u00e9cialiste europ\u00e9en du chauffage au bois : po\u00eales \u00e0 bois et \u00e0 granul\u00e9s, chemin\u00e9es, foyers et inserts","publisher":{"@id":"https:\/\/dev.invicta.wp19.axome.cc\/fr\/#organization"},"potentialAction":[{"@type":"SearchAction","target":{"@type":"EntryPoint","urlTemplate":"https:\/\/dev.invicta.wp19.axome.cc\/fr\/?s={search_term_string}"},"query-input":{"@type":"PropertyValueSpecification","valueRequired":true,"valueName":"search_term_string"}}],"inLanguage":"fr-FR"},{"@type":"Organization","@id":"https:\/\/dev.invicta.wp19.axome.cc\/fr\/#organization","name":"Invicta","url":"https:\/\/dev.invicta.wp19.axome.cc\/fr\/","logo":{"@type":"ImageObject","inLanguage":"fr-FR","@id":"https:\/\/dev.invicta.wp19.axome.cc\/fr\/#\/schema\/logo\/image\/","url":"https:\/\/www.invicta.fr\/wp-content\/uploads\/2019\/06\/INVICTALOGO_RVB.png","contentUrl":"https:\/\/www.invicta.fr\/wp-content\/uploads\/2019\/06\/INVICTALOGO_RVB.png","width":1810,"height":1280,"caption":"Invicta"},"image":{"@id":"https:\/\/dev.invicta.wp19.axome.cc\/fr\/#\/schema\/logo\/image\/"}}]}},"_links":{"self":[{"href":"https:\/\/dev.invicta.wp19.axome.cc\/fr\/wp-json\/wp\/v2\/product\/67974","targetHints":{"allow":["GET"]}}],"collection":[{"href":"https:\/\/dev.invicta.wp19.axome.cc\/fr\/wp-json\/wp\/v2\/product"}],"about":[{"href":"https:\/\/dev.invicta.wp19.axome.cc\/fr\/wp-json\/wp\/v2\/types\/product"}],"wp:featuredmedia":[{"embeddable":true,"href":"https:\/\/dev.invicta.wp19.axome.cc\/fr\/wp-json\/wp\/v2\/media\/67976"}],"wp:attachment":[{"href":"https:\/\/dev.invicta.wp19.axome.cc\/fr\/wp-json\/wp\/v2\/media?parent=67974"}],"wp:term":[{"taxonomy":"product_brand","embeddable":true,"href":"https:\/\/dev.invicta.wp19.axome.cc\/fr\/wp-json\/wp\/v2\/product_brand?post=67974"},{"taxonomy":"product_cat","embeddable":true,"href":"https:\/\/dev.invicta.wp19.axome.cc\/fr\/wp-json\/wp\/v2\/product_cat?post=67974"},{"taxonomy":"product_tag","embeddable":true,"href":"https:\/\/dev.invicta.wp19.axome.cc\/fr\/wp-json\/wp\/v2\/product_tag?post=67974"},{"taxonomy":"plus_produit","embeddable":true,"href":"https:\/\/dev.invicta.wp19.axome.cc\/fr\/wp-json\/wp\/v2\/plus_produit?post=67974"}],"curies":[{"name":"wp","href":"https:\/\/api.w.org\/{rel}","templated":true}]}}