{"id":67992,"date":"2025-11-26T08:06:44","date_gmt":"2025-11-26T07:06:44","guid":{"rendered":"https:\/\/dev.invicta.wp19.axome.cc\/produit\/poele-a-granules-bassano-5-gris-poele-a-pellets\/"},"modified":"2025-11-26T09:06:46","modified_gmt":"2025-11-26T08:06:46","slug":"bassano-5-gris","status":"publish","type":"product","link":"https:\/\/dev.invicta.wp19.axome.cc\/fr\/produit\/bassano-5-gris\/","title":{"rendered":"Po\u00eale \u00e0 granul\u00e9s Bassano 5 gris &#8211; Po\u00eale \u00e0 pellets"},"content":{"rendered":"","protected":false},"excerpt":{"rendered":"<p>Avec le po\u00eale \u00e0 granul\u00e9s Bassano, profitez du meilleur rapport qualit\u00e9\/prix du march\u00e9 !  En gris, il s&#8217;harmonise avec toutes les d\u00e9corations.<\/p>\n","protected":false},"featured_media":0,"template":"","meta":{"_acf_changed":false},"product_brand":[],"product_cat":[],"product_tag":[64,5592,65,6825],"plus_produit":[137,6835,1966,5365,1925,1968,1921,2138,2137],"class_list":{"1":"product","5":"product_tag-a-ecolabel-2","6":"product_tag-wifi-option-c02270","7":"product_tag-garantie-2-ans","8":"product_tag-garantie-extension-1-an","9":"pa_autonomie-maximum-8-heures","10":"pa_autonomie-minimum-8-hours","11":"pa_capacite-de-la-tremie-10246","12":"pa_consommation-0-95-0-95","13":"pa_depart-des-fumees-arriere","14":"pa_depart-des-fumees-dessus","15":"pa_designer-non-utilise","16":"pa_diametre-de-buse-10228","17":"pa_indice-de-performance-5443","18":"pa_modulation-de-puissance-42-kw","19":"pa_surface-de-chauffe-25-100","20":"pa_taux-de-co-0-01","21":"pa_volume-de-chauffe-125-125","22":"plus_produit-diffusion-dair-chaud-par-ventilateur-tangenciel","23":"plus_produit-extension-de-garantie-1-an","24":"plus_produit-ideal-budgets-serres","25":"plus_produit-kit-wifi-en-option","26":"plus_produit-possibilite-de-pilotage-par-thermostat-externe-non-fourni","27":"plus_produit-programmation","28":"plus_produit-regulation-de-lallure-ou-de-la-temperature-ambiante","29":"plus_produit-sortie-dessus","30":"plus_produit-stand-by-veille","32":"first","33":"instock","34":"purchasable","35":"product-type-simple"},"acf":[],"yoast_head":"<!-- This site is optimized with the Yoast SEO plugin v24.7 - https:\/\/yoast.com\/wordpress\/plugins\/seo\/ -->\n<title>Po\u00eale \u00e0 granul\u00e9s Bassano 5 gris - Po\u00eale \u00e0 pellets - Invicta<\/title>\n<meta name=\"description\" content=\"Avec le po\u00eale \u00e0 granul\u00e9s Bassano, profitez du meilleur rapport qualit\u00e9\/prix du march\u00e9 ! En gris, il s&#039;harmonise avec toutes les d\u00e9corations.\" \/>\n<meta name=\"robots\" content=\"index, follow, max-snippet:-1, max-image-preview:large, max-video-preview:-1\" \/>\n<link rel=\"canonical\" href=\"https:\/\/dev.invicta.wp19.axome.cc\/fr\/produit\/bassano-5-gris\/\" \/>\n<meta property=\"og:locale\" content=\"fr_FR\" \/>\n<meta property=\"og:type\" content=\"article\" \/>\n<meta property=\"og:title\" content=\"Po\u00eale \u00e0 granul\u00e9s Bassano 5 gris - Po\u00eale \u00e0 pellets - Invicta\" \/>\n<meta property=\"og:description\" content=\"Avec le po\u00eale \u00e0 granul\u00e9s Bassano, profitez du meilleur rapport qualit\u00e9\/prix du march\u00e9 ! En gris, il s&#039;harmonise avec toutes les d\u00e9corations.\" \/>\n<meta property=\"og:url\" content=\"https:\/\/dev.invicta.wp19.axome.cc\/fr\/produit\/bassano-5-gris\/\" \/>\n<meta property=\"og:site_name\" content=\"Invicta\" \/>\n<meta property=\"article:modified_time\" content=\"2025-11-26T08:06:46+00:00\" \/>\n<meta name=\"twitter:card\" content=\"summary_large_image\" \/>\n<script type=\"application\/ld+json\" class=\"yoast-schema-graph\">{\"@context\":\"https:\/\/schema.org\",\"@graph\":[{\"@type\":\"WebPage\",\"@id\":\"https:\/\/dev.invicta.wp19.axome.cc\/fr\/produit\/bassano-5-gris\/\",\"url\":\"https:\/\/dev.invicta.wp19.axome.cc\/fr\/produit\/bassano-5-gris\/\",\"name\":\"Po\u00eale \u00e0 granul\u00e9s Bassano 5 gris - Po\u00eale \u00e0 pellets - Invicta\",\"isPartOf\":{\"@id\":\"https:\/\/dev.invicta.wp19.axome.cc\/fr\/#website\"},\"datePublished\":\"2025-11-26T07:06:44+00:00\",\"dateModified\":\"2025-11-26T08:06:46+00:00\",\"description\":\"Avec le po\u00eale \u00e0 granul\u00e9s Bassano, profitez du meilleur rapport qualit\u00e9\/prix du march\u00e9 ! En gris, il s'harmonise avec toutes les d\u00e9corations.\",\"breadcrumb\":{\"@id\":\"https:\/\/dev.invicta.wp19.axome.cc\/fr\/produit\/bassano-5-gris\/#breadcrumb\"},\"inLanguage\":\"fr-FR\",\"potentialAction\":[{\"@type\":\"ReadAction\",\"target\":[\"https:\/\/dev.invicta.wp19.axome.cc\/fr\/produit\/bassano-5-gris\/\"]}]},{\"@type\":\"BreadcrumbList\",\"@id\":\"https:\/\/dev.invicta.wp19.axome.cc\/fr\/produit\/bassano-5-gris\/#breadcrumb\",\"itemListElement\":[{\"@type\":\"ListItem\",\"position\":1,\"name\":\"Accueil\",\"item\":\"https:\/\/dev.invicta.wp19.axome.cc\/fr\/\"},{\"@type\":\"ListItem\",\"position\":2,\"name\":\"Produits\",\"item\":\"https:\/\/dev.invicta.wp19.axome.cc\/fr\/shop\/\"},{\"@type\":\"ListItem\",\"position\":3,\"name\":\"Po\u00eale \u00e0 granul\u00e9s Bassano 5 gris &#8211; Po\u00eale \u00e0 pellets\"}]},{\"@type\":\"WebSite\",\"@id\":\"https:\/\/dev.invicta.wp19.axome.cc\/fr\/#website\",\"url\":\"https:\/\/dev.invicta.wp19.axome.cc\/fr\/\",\"name\":\"Invicta\",\"description\":\"Fabricant fran\u00e7ais, sp\u00e9cialiste europ\u00e9en du chauffage au bois : po\u00eales \u00e0 bois et \u00e0 granul\u00e9s, chemin\u00e9es, foyers et inserts\",\"publisher\":{\"@id\":\"https:\/\/dev.invicta.wp19.axome.cc\/fr\/#organization\"},\"potentialAction\":[{\"@type\":\"SearchAction\",\"target\":{\"@type\":\"EntryPoint\",\"urlTemplate\":\"https:\/\/dev.invicta.wp19.axome.cc\/fr\/?s={search_term_string}\"},\"query-input\":{\"@type\":\"PropertyValueSpecification\",\"valueRequired\":true,\"valueName\":\"search_term_string\"}}],\"inLanguage\":\"fr-FR\"},{\"@type\":\"Organization\",\"@id\":\"https:\/\/dev.invicta.wp19.axome.cc\/fr\/#organization\",\"name\":\"Invicta\",\"url\":\"https:\/\/dev.invicta.wp19.axome.cc\/fr\/\",\"logo\":{\"@type\":\"ImageObject\",\"inLanguage\":\"fr-FR\",\"@id\":\"https:\/\/dev.invicta.wp19.axome.cc\/fr\/#\/schema\/logo\/image\/\",\"url\":\"https:\/\/www.invicta.fr\/wp-content\/uploads\/2019\/06\/INVICTALOGO_RVB.png\",\"contentUrl\":\"https:\/\/www.invicta.fr\/wp-content\/uploads\/2019\/06\/INVICTALOGO_RVB.png\",\"width\":1810,\"height\":1280,\"caption\":\"Invicta\"},\"image\":{\"@id\":\"https:\/\/dev.invicta.wp19.axome.cc\/fr\/#\/schema\/logo\/image\/\"}}]}<\/script>\n<!-- \/ Yoast SEO plugin. -->","yoast_head_json":{"title":"Po\u00eale \u00e0 granul\u00e9s Bassano 5 gris - Po\u00eale \u00e0 pellets - Invicta","description":"Avec le po\u00eale \u00e0 granul\u00e9s Bassano, profitez du meilleur rapport qualit\u00e9\/prix du march\u00e9 ! En gris, il s'harmonise avec toutes les d\u00e9corations.","robots":{"index":"index","follow":"follow","max-snippet":"max-snippet:-1","max-image-preview":"max-image-preview:large","max-video-preview":"max-video-preview:-1"},"canonical":"https:\/\/dev.invicta.wp19.axome.cc\/fr\/produit\/bassano-5-gris\/","og_locale":"fr_FR","og_type":"article","og_title":"Po\u00eale \u00e0 granul\u00e9s Bassano 5 gris - Po\u00eale \u00e0 pellets - Invicta","og_description":"Avec le po\u00eale \u00e0 granul\u00e9s Bassano, profitez du meilleur rapport qualit\u00e9\/prix du march\u00e9 ! En gris, il s'harmonise avec toutes les d\u00e9corations.","og_url":"https:\/\/dev.invicta.wp19.axome.cc\/fr\/produit\/bassano-5-gris\/","og_site_name":"Invicta","article_modified_time":"2025-11-26T08:06:46+00:00","twitter_card":"summary_large_image","schema":{"@context":"https:\/\/schema.org","@graph":[{"@type":"WebPage","@id":"https:\/\/dev.invicta.wp19.axome.cc\/fr\/produit\/bassano-5-gris\/","url":"https:\/\/dev.invicta.wp19.axome.cc\/fr\/produit\/bassano-5-gris\/","name":"Po\u00eale \u00e0 granul\u00e9s Bassano 5 gris - Po\u00eale \u00e0 pellets - Invicta","isPartOf":{"@id":"https:\/\/dev.invicta.wp19.axome.cc\/fr\/#website"},"datePublished":"2025-11-26T07:06:44+00:00","dateModified":"2025-11-26T08:06:46+00:00","description":"Avec le po\u00eale \u00e0 granul\u00e9s Bassano, profitez du meilleur rapport qualit\u00e9\/prix du march\u00e9 ! En gris, il s'harmonise avec toutes les d\u00e9corations.","breadcrumb":{"@id":"https:\/\/dev.invicta.wp19.axome.cc\/fr\/produit\/bassano-5-gris\/#breadcrumb"},"inLanguage":"fr-FR","potentialAction":[{"@type":"ReadAction","target":["https:\/\/dev.invicta.wp19.axome.cc\/fr\/produit\/bassano-5-gris\/"]}]},{"@type":"BreadcrumbList","@id":"https:\/\/dev.invicta.wp19.axome.cc\/fr\/produit\/bassano-5-gris\/#breadcrumb","itemListElement":[{"@type":"ListItem","position":1,"name":"Accueil","item":"https:\/\/dev.invicta.wp19.axome.cc\/fr\/"},{"@type":"ListItem","position":2,"name":"Produits","item":"https:\/\/dev.invicta.wp19.axome.cc\/fr\/shop\/"},{"@type":"ListItem","position":3,"name":"Po\u00eale \u00e0 granul\u00e9s Bassano 5 gris &#8211; Po\u00eale \u00e0 pellets"}]},{"@type":"WebSite","@id":"https:\/\/dev.invicta.wp19.axome.cc\/fr\/#website","url":"https:\/\/dev.invicta.wp19.axome.cc\/fr\/","name":"Invicta","description":"Fabricant fran\u00e7ais, sp\u00e9cialiste europ\u00e9en du chauffage au bois : po\u00eales \u00e0 bois et \u00e0 granul\u00e9s, chemin\u00e9es, foyers et inserts","publisher":{"@id":"https:\/\/dev.invicta.wp19.axome.cc\/fr\/#organization"},"potentialAction":[{"@type":"SearchAction","target":{"@type":"EntryPoint","urlTemplate":"https:\/\/dev.invicta.wp19.axome.cc\/fr\/?s={search_term_string}"},"query-input":{"@type":"PropertyValueSpecification","valueRequired":true,"valueName":"search_term_string"}}],"inLanguage":"fr-FR"},{"@type":"Organization","@id":"https:\/\/dev.invicta.wp19.axome.cc\/fr\/#organization","name":"Invicta","url":"https:\/\/dev.invicta.wp19.axome.cc\/fr\/","logo":{"@type":"ImageObject","inLanguage":"fr-FR","@id":"https:\/\/dev.invicta.wp19.axome.cc\/fr\/#\/schema\/logo\/image\/","url":"https:\/\/www.invicta.fr\/wp-content\/uploads\/2019\/06\/INVICTALOGO_RVB.png","contentUrl":"https:\/\/www.invicta.fr\/wp-content\/uploads\/2019\/06\/INVICTALOGO_RVB.png","width":1810,"height":1280,"caption":"Invicta"},"image":{"@id":"https:\/\/dev.invicta.wp19.axome.cc\/fr\/#\/schema\/logo\/image\/"}}]}},"_links":{"self":[{"href":"https:\/\/dev.invicta.wp19.axome.cc\/fr\/wp-json\/wp\/v2\/product\/67992","targetHints":{"allow":["GET"]}}],"collection":[{"href":"https:\/\/dev.invicta.wp19.axome.cc\/fr\/wp-json\/wp\/v2\/product"}],"about":[{"href":"https:\/\/dev.invicta.wp19.axome.cc\/fr\/wp-json\/wp\/v2\/types\/product"}],"wp:attachment":[{"href":"https:\/\/dev.invicta.wp19.axome.cc\/fr\/wp-json\/wp\/v2\/media?parent=67992"}],"wp:term":[{"taxonomy":"product_brand","embeddable":true,"href":"https:\/\/dev.invicta.wp19.axome.cc\/fr\/wp-json\/wp\/v2\/product_brand?post=67992"},{"taxonomy":"product_cat","embeddable":true,"href":"https:\/\/dev.invicta.wp19.axome.cc\/fr\/wp-json\/wp\/v2\/product_cat?post=67992"},{"taxonomy":"product_tag","embeddable":true,"href":"https:\/\/dev.invicta.wp19.axome.cc\/fr\/wp-json\/wp\/v2\/product_tag?post=67992"},{"taxonomy":"plus_produit","embeddable":true,"href":"https:\/\/dev.invicta.wp19.axome.cc\/fr\/wp-json\/wp\/v2\/plus_produit?post=67992"}],"curies":[{"name":"wp","href":"https:\/\/api.w.org\/{rel}","templated":true}]}}