{"id":68028,"date":"2025-11-26T08:16:44","date_gmt":"2025-11-26T07:16:44","guid":{"rendered":"https:\/\/dev.invicta.wp19.axome.cc\/produit\/poele-a-granules-mirano-8-gris-wi-fi\/"},"modified":"2025-11-26T09:16:46","modified_gmt":"2025-11-26T08:16:46","slug":"poele-a-granules-mirano-8-gris-wi-fi","status":"publish","type":"product","link":"https:\/\/dev.invicta.wp19.axome.cc\/fr\/produit\/poele-a-granules-mirano-8-gris-wi-fi\/","title":{"rendered":"Po\u00eale \u00e0 granul\u00e9s Mirano 8 gris Wi-Fi"},"content":{"rendered":"","protected":false},"excerpt":{"rendered":"<p>Laissez vous s\u00e9duire par le confort et la practicit\u00e9 de ce po\u00eale \u00e0 granul\u00e9s pilotable via smartphone. Mirano 8 vous r\u00e9chauffera tout en r\u00e9duisant votre budget chauffage.<\/p>\n","protected":false},"featured_media":0,"template":"","meta":{"_acf_changed":false},"product_brand":[],"product_cat":[2117,26,49,5859,5857,5837,5885,5856],"product_tag":[57,7095,58,7096,64,7093,5600,65,6825],"plus_produit":[137,6835,1966,1925,6722,6721,2137,5384],"class_list":{"1":"product","5":"product_cat-aide-au-choix","6":"product_cat-poeles-granules","7":"product_cat-poeles-a-granules-pellets","8":"product_cat-poeles-a-granules-8-kw","9":"product_cat-poeles-a-granules-autonomes","10":"product_cat-poeles-a-granules-programmables","11":"product_cat-poeles-a-granules-contemporains","12":"product_cat-poeles-a-granules-modernes","13":"product_tag-flamme-verte","14":"product_tag-1-flamme-verte-7","15":"product_tag-eco-design-2022","16":"product_tag-2-eco-design-2022","17":"product_tag-a-ecolabel-2","18":"product_tag-flamme-verte-2","19":"product_tag-wifi-de-serie","20":"product_tag-garantie-2-ans","21":"product_tag-garantie-extension-1-an","22":"pa_autonomie-maximum-21-5","23":"pa_autonomie-minimum-8-hours","24":"pa_capacite-de-la-tremie-15-kg","25":"pa_consommation-0-69-1-86","26":"pa_depart-des-fumees-arriere","27":"pa_designer-non-utilise","28":"pa_diametre-de-buse-10228","29":"pa_indice-de-performance-5581","30":"pa_modulation-de-puissance-31-8-kw","31":"pa_surface-de-chauffe-30-a-100-m","32":"pa_taux-de-co-0-0141","33":"pa_volume-de-chauffe-75-a-240-m","34":"plus_produit-diffusion-dair-chaud-par-ventilateur-tangenciel","35":"plus_produit-extension-de-garantie-1-an","36":"plus_produit-ideal-budgets-serres","37":"plus_produit-possibilite-de-pilotage-par-thermostat-externe-non-fourni","38":"plus_produit-programmation-horaire-pre-enregistree","39":"plus_produit-regulation-de-la-puissance-11-ou-de-la-temperature-ambiante","40":"plus_produit-stand-by-veille","41":"plus_produit-wifi-integre","43":"first","44":"instock","45":"purchasable","46":"product-type-simple"},"acf":[],"yoast_head":"<!-- This site is optimized with the Yoast SEO plugin v24.7 - https:\/\/yoast.com\/wordpress\/plugins\/seo\/ -->\n<title>Po\u00eale \u00e0 granul\u00e9s Mirano 8 gris Wi-Fi - Invicta<\/title>\n<meta name=\"description\" content=\"Laissez vous s\u00e9duire par le confort et la practicit\u00e9 de ce po\u00eale \u00e0 granul\u00e9s pilotable via smartphone. Mirano 8 vous r\u00e9chauffera tout en r\u00e9duisant votre budget chauffage.\" \/>\n<meta name=\"robots\" content=\"index, follow, max-snippet:-1, max-image-preview:large, max-video-preview:-1\" \/>\n<link rel=\"canonical\" href=\"https:\/\/dev.invicta.wp19.axome.cc\/fr\/produit\/poele-a-granules-mirano-8-gris-wi-fi\/\" \/>\n<meta property=\"og:locale\" content=\"fr_FR\" \/>\n<meta property=\"og:type\" content=\"article\" \/>\n<meta property=\"og:title\" content=\"Po\u00eale \u00e0 granul\u00e9s Mirano 8 gris Wi-Fi - Invicta\" \/>\n<meta property=\"og:description\" content=\"Laissez vous s\u00e9duire par le confort et la practicit\u00e9 de ce po\u00eale \u00e0 granul\u00e9s pilotable via smartphone. Mirano 8 vous r\u00e9chauffera tout en r\u00e9duisant votre budget chauffage.\" \/>\n<meta property=\"og:url\" content=\"https:\/\/dev.invicta.wp19.axome.cc\/fr\/produit\/poele-a-granules-mirano-8-gris-wi-fi\/\" \/>\n<meta property=\"og:site_name\" content=\"Invicta\" \/>\n<meta property=\"article:modified_time\" content=\"2025-11-26T08:16:46+00:00\" \/>\n<meta name=\"twitter:card\" content=\"summary_large_image\" \/>\n<script type=\"application\/ld+json\" class=\"yoast-schema-graph\">{\"@context\":\"https:\/\/schema.org\",\"@graph\":[{\"@type\":\"WebPage\",\"@id\":\"https:\/\/dev.invicta.wp19.axome.cc\/fr\/produit\/poele-a-granules-mirano-8-gris-wi-fi\/\",\"url\":\"https:\/\/dev.invicta.wp19.axome.cc\/fr\/produit\/poele-a-granules-mirano-8-gris-wi-fi\/\",\"name\":\"Po\u00eale \u00e0 granul\u00e9s Mirano 8 gris Wi-Fi - Invicta\",\"isPartOf\":{\"@id\":\"https:\/\/dev.invicta.wp19.axome.cc\/fr\/#website\"},\"datePublished\":\"2025-11-26T07:16:44+00:00\",\"dateModified\":\"2025-11-26T08:16:46+00:00\",\"description\":\"Laissez vous s\u00e9duire par le confort et la practicit\u00e9 de ce po\u00eale \u00e0 granul\u00e9s pilotable via smartphone. Mirano 8 vous r\u00e9chauffera tout en r\u00e9duisant votre budget chauffage.\",\"breadcrumb\":{\"@id\":\"https:\/\/dev.invicta.wp19.axome.cc\/fr\/produit\/poele-a-granules-mirano-8-gris-wi-fi\/#breadcrumb\"},\"inLanguage\":\"fr-FR\",\"potentialAction\":[{\"@type\":\"ReadAction\",\"target\":[\"https:\/\/dev.invicta.wp19.axome.cc\/fr\/produit\/poele-a-granules-mirano-8-gris-wi-fi\/\"]}]},{\"@type\":\"BreadcrumbList\",\"@id\":\"https:\/\/dev.invicta.wp19.axome.cc\/fr\/produit\/poele-a-granules-mirano-8-gris-wi-fi\/#breadcrumb\",\"itemListElement\":[{\"@type\":\"ListItem\",\"position\":1,\"name\":\"Accueil\",\"item\":\"https:\/\/dev.invicta.wp19.axome.cc\/fr\/\"},{\"@type\":\"ListItem\",\"position\":2,\"name\":\"Produits\",\"item\":\"https:\/\/dev.invicta.wp19.axome.cc\/fr\/shop\/\"},{\"@type\":\"ListItem\",\"position\":3,\"name\":\"Po\u00eales \u00e0 Granul\u00e9s\",\"item\":\"https:\/\/dev.invicta.wp19.axome.cc\/fr\/categorie-produit\/poeles-granules\/\"},{\"@type\":\"ListItem\",\"position\":4,\"name\":\"Po\u00eales \u00e0 Granul\u00e9s Standards\",\"item\":\"https:\/\/dev.invicta.wp19.axome.cc\/fr\/categorie-produit\/poeles-granules\/poeles-a-granules-pellets\/\"},{\"@type\":\"ListItem\",\"position\":5,\"name\":\"Po\u00eale \u00e0 granul\u00e9s Mirano 8 gris Wi-Fi\"}]},{\"@type\":\"WebSite\",\"@id\":\"https:\/\/dev.invicta.wp19.axome.cc\/fr\/#website\",\"url\":\"https:\/\/dev.invicta.wp19.axome.cc\/fr\/\",\"name\":\"Invicta\",\"description\":\"Fabricant fran\u00e7ais, sp\u00e9cialiste europ\u00e9en du chauffage au bois : po\u00eales \u00e0 bois et \u00e0 granul\u00e9s, chemin\u00e9es, foyers et inserts\",\"publisher\":{\"@id\":\"https:\/\/dev.invicta.wp19.axome.cc\/fr\/#organization\"},\"potentialAction\":[{\"@type\":\"SearchAction\",\"target\":{\"@type\":\"EntryPoint\",\"urlTemplate\":\"https:\/\/dev.invicta.wp19.axome.cc\/fr\/?s={search_term_string}\"},\"query-input\":{\"@type\":\"PropertyValueSpecification\",\"valueRequired\":true,\"valueName\":\"search_term_string\"}}],\"inLanguage\":\"fr-FR\"},{\"@type\":\"Organization\",\"@id\":\"https:\/\/dev.invicta.wp19.axome.cc\/fr\/#organization\",\"name\":\"Invicta\",\"url\":\"https:\/\/dev.invicta.wp19.axome.cc\/fr\/\",\"logo\":{\"@type\":\"ImageObject\",\"inLanguage\":\"fr-FR\",\"@id\":\"https:\/\/dev.invicta.wp19.axome.cc\/fr\/#\/schema\/logo\/image\/\",\"url\":\"https:\/\/www.invicta.fr\/wp-content\/uploads\/2019\/06\/INVICTALOGO_RVB.png\",\"contentUrl\":\"https:\/\/www.invicta.fr\/wp-content\/uploads\/2019\/06\/INVICTALOGO_RVB.png\",\"width\":1810,\"height\":1280,\"caption\":\"Invicta\"},\"image\":{\"@id\":\"https:\/\/dev.invicta.wp19.axome.cc\/fr\/#\/schema\/logo\/image\/\"}}]}<\/script>\n<!-- \/ Yoast SEO plugin. -->","yoast_head_json":{"title":"Po\u00eale \u00e0 granul\u00e9s Mirano 8 gris Wi-Fi - Invicta","description":"Laissez vous s\u00e9duire par le confort et la practicit\u00e9 de ce po\u00eale \u00e0 granul\u00e9s pilotable via smartphone. Mirano 8 vous r\u00e9chauffera tout en r\u00e9duisant votre budget chauffage.","robots":{"index":"index","follow":"follow","max-snippet":"max-snippet:-1","max-image-preview":"max-image-preview:large","max-video-preview":"max-video-preview:-1"},"canonical":"https:\/\/dev.invicta.wp19.axome.cc\/fr\/produit\/poele-a-granules-mirano-8-gris-wi-fi\/","og_locale":"fr_FR","og_type":"article","og_title":"Po\u00eale \u00e0 granul\u00e9s Mirano 8 gris Wi-Fi - Invicta","og_description":"Laissez vous s\u00e9duire par le confort et la practicit\u00e9 de ce po\u00eale \u00e0 granul\u00e9s pilotable via smartphone. Mirano 8 vous r\u00e9chauffera tout en r\u00e9duisant votre budget chauffage.","og_url":"https:\/\/dev.invicta.wp19.axome.cc\/fr\/produit\/poele-a-granules-mirano-8-gris-wi-fi\/","og_site_name":"Invicta","article_modified_time":"2025-11-26T08:16:46+00:00","twitter_card":"summary_large_image","schema":{"@context":"https:\/\/schema.org","@graph":[{"@type":"WebPage","@id":"https:\/\/dev.invicta.wp19.axome.cc\/fr\/produit\/poele-a-granules-mirano-8-gris-wi-fi\/","url":"https:\/\/dev.invicta.wp19.axome.cc\/fr\/produit\/poele-a-granules-mirano-8-gris-wi-fi\/","name":"Po\u00eale \u00e0 granul\u00e9s Mirano 8 gris Wi-Fi - Invicta","isPartOf":{"@id":"https:\/\/dev.invicta.wp19.axome.cc\/fr\/#website"},"datePublished":"2025-11-26T07:16:44+00:00","dateModified":"2025-11-26T08:16:46+00:00","description":"Laissez vous s\u00e9duire par le confort et la practicit\u00e9 de ce po\u00eale \u00e0 granul\u00e9s pilotable via smartphone. Mirano 8 vous r\u00e9chauffera tout en r\u00e9duisant votre budget chauffage.","breadcrumb":{"@id":"https:\/\/dev.invicta.wp19.axome.cc\/fr\/produit\/poele-a-granules-mirano-8-gris-wi-fi\/#breadcrumb"},"inLanguage":"fr-FR","potentialAction":[{"@type":"ReadAction","target":["https:\/\/dev.invicta.wp19.axome.cc\/fr\/produit\/poele-a-granules-mirano-8-gris-wi-fi\/"]}]},{"@type":"BreadcrumbList","@id":"https:\/\/dev.invicta.wp19.axome.cc\/fr\/produit\/poele-a-granules-mirano-8-gris-wi-fi\/#breadcrumb","itemListElement":[{"@type":"ListItem","position":1,"name":"Accueil","item":"https:\/\/dev.invicta.wp19.axome.cc\/fr\/"},{"@type":"ListItem","position":2,"name":"Produits","item":"https:\/\/dev.invicta.wp19.axome.cc\/fr\/shop\/"},{"@type":"ListItem","position":3,"name":"Po\u00eales \u00e0 Granul\u00e9s","item":"https:\/\/dev.invicta.wp19.axome.cc\/fr\/categorie-produit\/poeles-granules\/"},{"@type":"ListItem","position":4,"name":"Po\u00eales \u00e0 Granul\u00e9s Standards","item":"https:\/\/dev.invicta.wp19.axome.cc\/fr\/categorie-produit\/poeles-granules\/poeles-a-granules-pellets\/"},{"@type":"ListItem","position":5,"name":"Po\u00eale \u00e0 granul\u00e9s Mirano 8 gris Wi-Fi"}]},{"@type":"WebSite","@id":"https:\/\/dev.invicta.wp19.axome.cc\/fr\/#website","url":"https:\/\/dev.invicta.wp19.axome.cc\/fr\/","name":"Invicta","description":"Fabricant fran\u00e7ais, sp\u00e9cialiste europ\u00e9en du chauffage au bois : po\u00eales \u00e0 bois et \u00e0 granul\u00e9s, chemin\u00e9es, foyers et inserts","publisher":{"@id":"https:\/\/dev.invicta.wp19.axome.cc\/fr\/#organization"},"potentialAction":[{"@type":"SearchAction","target":{"@type":"EntryPoint","urlTemplate":"https:\/\/dev.invicta.wp19.axome.cc\/fr\/?s={search_term_string}"},"query-input":{"@type":"PropertyValueSpecification","valueRequired":true,"valueName":"search_term_string"}}],"inLanguage":"fr-FR"},{"@type":"Organization","@id":"https:\/\/dev.invicta.wp19.axome.cc\/fr\/#organization","name":"Invicta","url":"https:\/\/dev.invicta.wp19.axome.cc\/fr\/","logo":{"@type":"ImageObject","inLanguage":"fr-FR","@id":"https:\/\/dev.invicta.wp19.axome.cc\/fr\/#\/schema\/logo\/image\/","url":"https:\/\/www.invicta.fr\/wp-content\/uploads\/2019\/06\/INVICTALOGO_RVB.png","contentUrl":"https:\/\/www.invicta.fr\/wp-content\/uploads\/2019\/06\/INVICTALOGO_RVB.png","width":1810,"height":1280,"caption":"Invicta"},"image":{"@id":"https:\/\/dev.invicta.wp19.axome.cc\/fr\/#\/schema\/logo\/image\/"}}]}},"_links":{"self":[{"href":"https:\/\/dev.invicta.wp19.axome.cc\/fr\/wp-json\/wp\/v2\/product\/68028","targetHints":{"allow":["GET"]}}],"collection":[{"href":"https:\/\/dev.invicta.wp19.axome.cc\/fr\/wp-json\/wp\/v2\/product"}],"about":[{"href":"https:\/\/dev.invicta.wp19.axome.cc\/fr\/wp-json\/wp\/v2\/types\/product"}],"wp:attachment":[{"href":"https:\/\/dev.invicta.wp19.axome.cc\/fr\/wp-json\/wp\/v2\/media?parent=68028"}],"wp:term":[{"taxonomy":"product_brand","embeddable":true,"href":"https:\/\/dev.invicta.wp19.axome.cc\/fr\/wp-json\/wp\/v2\/product_brand?post=68028"},{"taxonomy":"product_cat","embeddable":true,"href":"https:\/\/dev.invicta.wp19.axome.cc\/fr\/wp-json\/wp\/v2\/product_cat?post=68028"},{"taxonomy":"product_tag","embeddable":true,"href":"https:\/\/dev.invicta.wp19.axome.cc\/fr\/wp-json\/wp\/v2\/product_tag?post=68028"},{"taxonomy":"plus_produit","embeddable":true,"href":"https:\/\/dev.invicta.wp19.axome.cc\/fr\/wp-json\/wp\/v2\/plus_produit?post=68028"}],"curies":[{"name":"wp","href":"https:\/\/api.w.org\/{rel}","templated":true}]}}