{"id":68051,"date":"2025-11-26T08:07:15","date_gmt":"2025-11-26T07:07:15","guid":{"rendered":"https:\/\/dev.invicta.wp19.axome.cc\/produit\/poele-a-bois-en-fonte-fifty-sur-pied\/"},"modified":"2025-11-26T09:07:16","modified_gmt":"2025-11-26T08:07:16","slug":"poele-a-bois-en-fonte-fifty-sur-pied","status":"publish","type":"product","link":"https:\/\/dev.invicta.wp19.axome.cc\/fr\/produit\/poele-a-bois-en-fonte-fifty-sur-pied\/","title":{"rendered":"Po\u00eale \u00e0 bois en fonte Fifty sur Pied"},"content":{"rendered":"","protected":false},"excerpt":{"rendered":"<p>L&#8217;esprit et la fantaisie des jours heureux s&#8217;invitent dans votre int\u00e9rieur avec ce po\u00eale \u00e0 bois vintage, d\u00e9clin\u00e9 en plusieurs couleurs. Inspir\u00e9 des influences esth\u00e9tiques des ann\u00e9es 50, Fifty vous transporte \u00e9galement dans le futur gr\u00e2ce \u00e0 de belles performances.<\/p>\n","protected":false},"featured_media":68055,"template":"","meta":{"_acf_changed":false},"product_brand":[],"product_cat":[],"product_tag":[57,7095,58,7096,59,7107,7093,53,7094,65,6826],"plus_produit":[612,131,6834,1919,129,130],"class_list":{"1":"product","4":"has-post-thumbnail","6":"product_tag-flamme-verte","7":"product_tag-1-flamme-verte-7","8":"product_tag-eco-design-2022","9":"product_tag-2-eco-design-2022","10":"product_tag-a-ecolabel","11":"product_tag-combustion-prolongee","12":"product_tag-flamme-verte-2","13":"product_tag-post-combustion","14":"product_tag-vitre-propre","15":"product_tag-garantie-2-ans","16":"product_tag-garantie-extension-3-ans","17":"pa_consommation-053-a-222-kg-heure","18":"pa_depart-des-fumees-dessus","19":"pa_designer-non-utilise","20":"pa_diametre-de-buse-10217","21":"pa_indice-de-performance-5571","22":"pa_surface-de-chauffe-55-a-120-m","23":"pa_volume-de-chauffe-135-300-m-2","24":"plus_produit-air-secondaire-reglable","25":"plus_produit-combustion-prolongee-8-heures","26":"plus_produit-extension-de-garantie-3-ans","27":"plus_produit-origine-france-garantie","28":"plus_produit-systeme-de-post-combustion","29":"plus_produit-vitre-propre","31":"first","32":"instock","33":"purchasable","34":"product-type-simple"},"acf":[],"yoast_head":"<!-- This site is optimized with the Yoast SEO plugin v24.7 - https:\/\/yoast.com\/wordpress\/plugins\/seo\/ -->\n<title>Po\u00eale \u00e0 bois en fonte Fifty sur Pied - Invicta<\/title>\n<meta name=\"description\" content=\"L&#039;esprit et la fantaisie des jours heureux s&#039;invitent dans votre int\u00e9rieur avec ce po\u00eale \u00e0 bois vintage, d\u00e9clin\u00e9 en plusieurs couleurs. Inspir\u00e9 des influences esth\u00e9tiques des ann\u00e9es 50, Fifty vous transporte \u00e9galement dans le futur gr\u00e2ce \u00e0 de belles performances.\" \/>\n<meta name=\"robots\" content=\"index, follow, max-snippet:-1, max-image-preview:large, max-video-preview:-1\" \/>\n<link rel=\"canonical\" href=\"https:\/\/dev.invicta.wp19.axome.cc\/fr\/produit\/poele-a-bois-en-fonte-fifty-sur-pied\/\" \/>\n<meta property=\"og:locale\" content=\"fr_FR\" \/>\n<meta property=\"og:type\" content=\"article\" \/>\n<meta property=\"og:title\" content=\"Po\u00eale \u00e0 bois en fonte Fifty sur Pied - Invicta\" \/>\n<meta property=\"og:description\" content=\"L&#039;esprit et la fantaisie des jours heureux s&#039;invitent dans votre int\u00e9rieur avec ce po\u00eale \u00e0 bois vintage, d\u00e9clin\u00e9 en plusieurs couleurs. Inspir\u00e9 des influences esth\u00e9tiques des ann\u00e9es 50, Fifty vous transporte \u00e9galement dans le futur gr\u00e2ce \u00e0 de belles performances.\" \/>\n<meta property=\"og:url\" content=\"https:\/\/dev.invicta.wp19.axome.cc\/fr\/produit\/poele-a-bois-en-fonte-fifty-sur-pied\/\" \/>\n<meta property=\"og:site_name\" content=\"Invicta\" \/>\n<meta property=\"article:modified_time\" content=\"2025-11-26T08:07:16+00:00\" \/>\n<meta property=\"og:image\" content=\"https:\/\/dev.invicta.wp19.axome.cc\/wp-content\/uploads\/2025\/06\/fifty-ambiance_poele-anthracite.jpg\" \/>\n\t<meta property=\"og:image:width\" content=\"877\" \/>\n\t<meta property=\"og:image:height\" content=\"900\" \/>\n\t<meta property=\"og:image:type\" content=\"image\/jpeg\" \/>\n<meta name=\"twitter:card\" content=\"summary_large_image\" \/>\n<script type=\"application\/ld+json\" class=\"yoast-schema-graph\">{\"@context\":\"https:\/\/schema.org\",\"@graph\":[{\"@type\":\"WebPage\",\"@id\":\"https:\/\/dev.invicta.wp19.axome.cc\/fr\/produit\/poele-a-bois-en-fonte-fifty-sur-pied\/\",\"url\":\"https:\/\/dev.invicta.wp19.axome.cc\/fr\/produit\/poele-a-bois-en-fonte-fifty-sur-pied\/\",\"name\":\"Po\u00eale \u00e0 bois en fonte Fifty sur Pied - Invicta\",\"isPartOf\":{\"@id\":\"https:\/\/dev.invicta.wp19.axome.cc\/fr\/#website\"},\"primaryImageOfPage\":{\"@id\":\"https:\/\/dev.invicta.wp19.axome.cc\/fr\/produit\/poele-a-bois-en-fonte-fifty-sur-pied\/#primaryimage\"},\"image\":{\"@id\":\"https:\/\/dev.invicta.wp19.axome.cc\/fr\/produit\/poele-a-bois-en-fonte-fifty-sur-pied\/#primaryimage\"},\"thumbnailUrl\":\"https:\/\/dev.invicta.wp19.axome.cc\/wp-content\/uploads\/2025\/06\/fifty-ambiance_poele-anthracite.jpg\",\"datePublished\":\"2025-11-26T07:07:15+00:00\",\"dateModified\":\"2025-11-26T08:07:16+00:00\",\"description\":\"L'esprit et la fantaisie des jours heureux s'invitent dans votre int\u00e9rieur avec ce po\u00eale \u00e0 bois vintage, d\u00e9clin\u00e9 en plusieurs couleurs. Inspir\u00e9 des influences esth\u00e9tiques des ann\u00e9es 50, Fifty vous transporte \u00e9galement dans le futur gr\u00e2ce \u00e0 de belles performances.\",\"breadcrumb\":{\"@id\":\"https:\/\/dev.invicta.wp19.axome.cc\/fr\/produit\/poele-a-bois-en-fonte-fifty-sur-pied\/#breadcrumb\"},\"inLanguage\":\"fr-FR\",\"potentialAction\":[{\"@type\":\"ReadAction\",\"target\":[\"https:\/\/dev.invicta.wp19.axome.cc\/fr\/produit\/poele-a-bois-en-fonte-fifty-sur-pied\/\"]}]},{\"@type\":\"ImageObject\",\"inLanguage\":\"fr-FR\",\"@id\":\"https:\/\/dev.invicta.wp19.axome.cc\/fr\/produit\/poele-a-bois-en-fonte-fifty-sur-pied\/#primaryimage\",\"url\":\"https:\/\/dev.invicta.wp19.axome.cc\/wp-content\/uploads\/2025\/06\/fifty-ambiance_poele-anthracite.jpg\",\"contentUrl\":\"https:\/\/dev.invicta.wp19.axome.cc\/wp-content\/uploads\/2025\/06\/fifty-ambiance_poele-anthracite.jpg\",\"width\":877,\"height\":900,\"caption\":\"Po\u00eale \u00e0 bois Fonte Fifty Plus sur Pied anthracite\"},{\"@type\":\"BreadcrumbList\",\"@id\":\"https:\/\/dev.invicta.wp19.axome.cc\/fr\/produit\/poele-a-bois-en-fonte-fifty-sur-pied\/#breadcrumb\",\"itemListElement\":[{\"@type\":\"ListItem\",\"position\":1,\"name\":\"Accueil\",\"item\":\"https:\/\/dev.invicta.wp19.axome.cc\/fr\/\"},{\"@type\":\"ListItem\",\"position\":2,\"name\":\"Produits\",\"item\":\"https:\/\/dev.invicta.wp19.axome.cc\/fr\/shop\/\"},{\"@type\":\"ListItem\",\"position\":3,\"name\":\"Po\u00eale \u00e0 bois en fonte Fifty sur Pied\"}]},{\"@type\":\"WebSite\",\"@id\":\"https:\/\/dev.invicta.wp19.axome.cc\/fr\/#website\",\"url\":\"https:\/\/dev.invicta.wp19.axome.cc\/fr\/\",\"name\":\"Invicta\",\"description\":\"Fabricant fran\u00e7ais, sp\u00e9cialiste europ\u00e9en du chauffage au bois : po\u00eales \u00e0 bois et \u00e0 granul\u00e9s, chemin\u00e9es, foyers et inserts\",\"publisher\":{\"@id\":\"https:\/\/dev.invicta.wp19.axome.cc\/fr\/#organization\"},\"potentialAction\":[{\"@type\":\"SearchAction\",\"target\":{\"@type\":\"EntryPoint\",\"urlTemplate\":\"https:\/\/dev.invicta.wp19.axome.cc\/fr\/?s={search_term_string}\"},\"query-input\":{\"@type\":\"PropertyValueSpecification\",\"valueRequired\":true,\"valueName\":\"search_term_string\"}}],\"inLanguage\":\"fr-FR\"},{\"@type\":\"Organization\",\"@id\":\"https:\/\/dev.invicta.wp19.axome.cc\/fr\/#organization\",\"name\":\"Invicta\",\"url\":\"https:\/\/dev.invicta.wp19.axome.cc\/fr\/\",\"logo\":{\"@type\":\"ImageObject\",\"inLanguage\":\"fr-FR\",\"@id\":\"https:\/\/dev.invicta.wp19.axome.cc\/fr\/#\/schema\/logo\/image\/\",\"url\":\"https:\/\/www.invicta.fr\/wp-content\/uploads\/2019\/06\/INVICTALOGO_RVB.png\",\"contentUrl\":\"https:\/\/www.invicta.fr\/wp-content\/uploads\/2019\/06\/INVICTALOGO_RVB.png\",\"width\":1810,\"height\":1280,\"caption\":\"Invicta\"},\"image\":{\"@id\":\"https:\/\/dev.invicta.wp19.axome.cc\/fr\/#\/schema\/logo\/image\/\"}}]}<\/script>\n<!-- \/ Yoast SEO plugin. -->","yoast_head_json":{"title":"Po\u00eale \u00e0 bois en fonte Fifty sur Pied - Invicta","description":"L'esprit et la fantaisie des jours heureux s'invitent dans votre int\u00e9rieur avec ce po\u00eale \u00e0 bois vintage, d\u00e9clin\u00e9 en plusieurs couleurs. Inspir\u00e9 des influences esth\u00e9tiques des ann\u00e9es 50, Fifty vous transporte \u00e9galement dans le futur gr\u00e2ce \u00e0 de belles performances.","robots":{"index":"index","follow":"follow","max-snippet":"max-snippet:-1","max-image-preview":"max-image-preview:large","max-video-preview":"max-video-preview:-1"},"canonical":"https:\/\/dev.invicta.wp19.axome.cc\/fr\/produit\/poele-a-bois-en-fonte-fifty-sur-pied\/","og_locale":"fr_FR","og_type":"article","og_title":"Po\u00eale \u00e0 bois en fonte Fifty sur Pied - Invicta","og_description":"L'esprit et la fantaisie des jours heureux s'invitent dans votre int\u00e9rieur avec ce po\u00eale \u00e0 bois vintage, d\u00e9clin\u00e9 en plusieurs couleurs. Inspir\u00e9 des influences esth\u00e9tiques des ann\u00e9es 50, Fifty vous transporte \u00e9galement dans le futur gr\u00e2ce \u00e0 de belles performances.","og_url":"https:\/\/dev.invicta.wp19.axome.cc\/fr\/produit\/poele-a-bois-en-fonte-fifty-sur-pied\/","og_site_name":"Invicta","article_modified_time":"2025-11-26T08:07:16+00:00","og_image":[{"width":877,"height":900,"url":"https:\/\/dev.invicta.wp19.axome.cc\/wp-content\/uploads\/2025\/06\/fifty-ambiance_poele-anthracite.jpg","type":"image\/jpeg"}],"twitter_card":"summary_large_image","schema":{"@context":"https:\/\/schema.org","@graph":[{"@type":"WebPage","@id":"https:\/\/dev.invicta.wp19.axome.cc\/fr\/produit\/poele-a-bois-en-fonte-fifty-sur-pied\/","url":"https:\/\/dev.invicta.wp19.axome.cc\/fr\/produit\/poele-a-bois-en-fonte-fifty-sur-pied\/","name":"Po\u00eale \u00e0 bois en fonte Fifty sur Pied - Invicta","isPartOf":{"@id":"https:\/\/dev.invicta.wp19.axome.cc\/fr\/#website"},"primaryImageOfPage":{"@id":"https:\/\/dev.invicta.wp19.axome.cc\/fr\/produit\/poele-a-bois-en-fonte-fifty-sur-pied\/#primaryimage"},"image":{"@id":"https:\/\/dev.invicta.wp19.axome.cc\/fr\/produit\/poele-a-bois-en-fonte-fifty-sur-pied\/#primaryimage"},"thumbnailUrl":"https:\/\/dev.invicta.wp19.axome.cc\/wp-content\/uploads\/2025\/06\/fifty-ambiance_poele-anthracite.jpg","datePublished":"2025-11-26T07:07:15+00:00","dateModified":"2025-11-26T08:07:16+00:00","description":"L'esprit et la fantaisie des jours heureux s'invitent dans votre int\u00e9rieur avec ce po\u00eale \u00e0 bois vintage, d\u00e9clin\u00e9 en plusieurs couleurs. Inspir\u00e9 des influences esth\u00e9tiques des ann\u00e9es 50, Fifty vous transporte \u00e9galement dans le futur gr\u00e2ce \u00e0 de belles performances.","breadcrumb":{"@id":"https:\/\/dev.invicta.wp19.axome.cc\/fr\/produit\/poele-a-bois-en-fonte-fifty-sur-pied\/#breadcrumb"},"inLanguage":"fr-FR","potentialAction":[{"@type":"ReadAction","target":["https:\/\/dev.invicta.wp19.axome.cc\/fr\/produit\/poele-a-bois-en-fonte-fifty-sur-pied\/"]}]},{"@type":"ImageObject","inLanguage":"fr-FR","@id":"https:\/\/dev.invicta.wp19.axome.cc\/fr\/produit\/poele-a-bois-en-fonte-fifty-sur-pied\/#primaryimage","url":"https:\/\/dev.invicta.wp19.axome.cc\/wp-content\/uploads\/2025\/06\/fifty-ambiance_poele-anthracite.jpg","contentUrl":"https:\/\/dev.invicta.wp19.axome.cc\/wp-content\/uploads\/2025\/06\/fifty-ambiance_poele-anthracite.jpg","width":877,"height":900,"caption":"Po\u00eale \u00e0 bois Fonte Fifty Plus sur Pied anthracite"},{"@type":"BreadcrumbList","@id":"https:\/\/dev.invicta.wp19.axome.cc\/fr\/produit\/poele-a-bois-en-fonte-fifty-sur-pied\/#breadcrumb","itemListElement":[{"@type":"ListItem","position":1,"name":"Accueil","item":"https:\/\/dev.invicta.wp19.axome.cc\/fr\/"},{"@type":"ListItem","position":2,"name":"Produits","item":"https:\/\/dev.invicta.wp19.axome.cc\/fr\/shop\/"},{"@type":"ListItem","position":3,"name":"Po\u00eale \u00e0 bois en fonte Fifty sur Pied"}]},{"@type":"WebSite","@id":"https:\/\/dev.invicta.wp19.axome.cc\/fr\/#website","url":"https:\/\/dev.invicta.wp19.axome.cc\/fr\/","name":"Invicta","description":"Fabricant fran\u00e7ais, sp\u00e9cialiste europ\u00e9en du chauffage au bois : po\u00eales \u00e0 bois et \u00e0 granul\u00e9s, chemin\u00e9es, foyers et inserts","publisher":{"@id":"https:\/\/dev.invicta.wp19.axome.cc\/fr\/#organization"},"potentialAction":[{"@type":"SearchAction","target":{"@type":"EntryPoint","urlTemplate":"https:\/\/dev.invicta.wp19.axome.cc\/fr\/?s={search_term_string}"},"query-input":{"@type":"PropertyValueSpecification","valueRequired":true,"valueName":"search_term_string"}}],"inLanguage":"fr-FR"},{"@type":"Organization","@id":"https:\/\/dev.invicta.wp19.axome.cc\/fr\/#organization","name":"Invicta","url":"https:\/\/dev.invicta.wp19.axome.cc\/fr\/","logo":{"@type":"ImageObject","inLanguage":"fr-FR","@id":"https:\/\/dev.invicta.wp19.axome.cc\/fr\/#\/schema\/logo\/image\/","url":"https:\/\/www.invicta.fr\/wp-content\/uploads\/2019\/06\/INVICTALOGO_RVB.png","contentUrl":"https:\/\/www.invicta.fr\/wp-content\/uploads\/2019\/06\/INVICTALOGO_RVB.png","width":1810,"height":1280,"caption":"Invicta"},"image":{"@id":"https:\/\/dev.invicta.wp19.axome.cc\/fr\/#\/schema\/logo\/image\/"}}]}},"_links":{"self":[{"href":"https:\/\/dev.invicta.wp19.axome.cc\/fr\/wp-json\/wp\/v2\/product\/68051","targetHints":{"allow":["GET"]}}],"collection":[{"href":"https:\/\/dev.invicta.wp19.axome.cc\/fr\/wp-json\/wp\/v2\/product"}],"about":[{"href":"https:\/\/dev.invicta.wp19.axome.cc\/fr\/wp-json\/wp\/v2\/types\/product"}],"wp:featuredmedia":[{"embeddable":true,"href":"https:\/\/dev.invicta.wp19.axome.cc\/fr\/wp-json\/wp\/v2\/media\/68055"}],"wp:attachment":[{"href":"https:\/\/dev.invicta.wp19.axome.cc\/fr\/wp-json\/wp\/v2\/media?parent=68051"}],"wp:term":[{"taxonomy":"product_brand","embeddable":true,"href":"https:\/\/dev.invicta.wp19.axome.cc\/fr\/wp-json\/wp\/v2\/product_brand?post=68051"},{"taxonomy":"product_cat","embeddable":true,"href":"https:\/\/dev.invicta.wp19.axome.cc\/fr\/wp-json\/wp\/v2\/product_cat?post=68051"},{"taxonomy":"product_tag","embeddable":true,"href":"https:\/\/dev.invicta.wp19.axome.cc\/fr\/wp-json\/wp\/v2\/product_tag?post=68051"},{"taxonomy":"plus_produit","embeddable":true,"href":"https:\/\/dev.invicta.wp19.axome.cc\/fr\/wp-json\/wp\/v2\/plus_produit?post=68051"}],"curies":[{"name":"wp","href":"https:\/\/api.w.org\/{rel}","templated":true}]}}