{"id":68074,"date":"2025-11-26T08:21:37","date_gmt":"2025-11-26T07:21:37","guid":{"rendered":"https:\/\/dev.invicta.wp19.axome.cc\/produit\/poele-a-bois-en-fonte-brio-sur-pied-raccordable\/"},"modified":"2025-11-26T09:21:39","modified_gmt":"2025-11-26T08:21:39","slug":"poele-fonte-brio-sur-pied-raccordable","status":"publish","type":"product","link":"https:\/\/dev.invicta.wp19.axome.cc\/fr\/produit\/poele-fonte-brio-sur-pied-raccordable\/","title":{"rendered":"Po\u00eale \u00e0 bois en fonte Brio sur pied \u2013 Raccordable"},"content":{"rendered":"<h3>D\u00e9couvrir en vid\u00e9o<\/h3>\n<p><iframe title=\"Invicta - Po\u00eale \u00e0 bois design BRIO - 4K\" width=\"500\" height=\"281\" src=\"https:\/\/www.youtube.com\/embed\/V9lNk_Bgd0w?feature=oembed\" frameborder=\"0\" allow=\"accelerometer; autoplay; clipboard-write; encrypted-media; gyroscope; picture-in-picture; web-share\" referrerpolicy=\"strict-origin-when-cross-origin\" allowfullscreen><\/iframe><\/p>\n","protected":false},"excerpt":{"rendered":"<p>Du haut de sa colonne centrale en fonte, ce po\u00eale \u00e0 bois r\u00e9v\u00e8le son immense talent. Tous les projecteurs se braquent sur cette nouvelle star du chauffage au look incroyable. Energie positive et ondes chaleureuses galvanisent son public. Quel Brio !<\/p>\n","protected":false},"featured_media":68075,"template":"","meta":{"_acf_changed":false},"product_brand":[],"product_cat":[2117,25,44,5861,5849,5860,5835,5874,5838,5841],"product_tag":[57,7095,58,7096,59,7107,7093,51,53,73,55,7094,65,6826],"plus_produit":[6930,131,5371,7639,6834,1919,1983,129,130],"class_list":{"1":"product","4":"has-post-thumbnail","6":"product_cat-aide-au-choix","7":"product_cat-poeles-bois","8":"product_cat-poeles-a-bois-fonte-acier","9":"product_cat-poeles-a-bois-buches-50-cm","10":"product_cat-poeles-a-bois-7-kw","11":"product_cat-poeles-a-bois-contemporains","12":"product_cat-poeles-a-bois-design","13":"product_cat-poeles-a-bois-industriels","14":"product_cat-poeles-a-bois-modernes","15":"product_cat-poeles-a-bois-ronds","16":"product_tag-flamme-verte","17":"product_tag-1-flamme-verte-7","18":"product_tag-eco-design-2022","19":"product_tag-2-eco-design-2022","20":"product_tag-a-ecolabel","21":"product_tag-combustion-prolongee","22":"product_tag-flamme-verte-2","23":"product_tag-fonte-100","24":"product_tag-post-combustion","25":"product_tag-raccordable-2","26":"product_tag-raccordable","27":"product_tag-vitre-propre","28":"product_tag-garantie-2-ans","29":"product_tag-garantie-extension-3-ans","30":"pa_combustible-recommande-25-2","31":"pa_consommation-053-a-222-kg-heure","32":"pa_depart-des-fumees-dessus","33":"pa_designer-b-dequet","34":"pa_diametre-de-buse-10217","35":"pa_indice-de-performance-5571","36":"pa_surface-de-chauffe-40-a-85-m","37":"pa_taux-de-co-0-1","38":"pa_volume-de-chauffe-100-210-m","39":"plus_produit-100-fonte","40":"plus_produit-combustion-prolongee-8-heures","41":"plus_produit-conception-soignee","42":"plus_produit-design-aerien","43":"plus_produit-extension-de-garantie-3-ans","44":"plus_produit-origine-france-garantie","45":"plus_produit-raccordable","46":"plus_produit-systeme-de-post-combustion","47":"plus_produit-vitre-propre","49":"first","50":"instock","51":"purchasable","52":"product-type-simple"},"acf":[],"yoast_head":"<!-- This site is optimized with the Yoast SEO plugin v24.7 - https:\/\/yoast.com\/wordpress\/plugins\/seo\/ -->\n<title>Po\u00eale \u00e0 bois en fonte Brio sur pied \u2013 Raccordable - Invicta<\/title>\n<meta name=\"description\" content=\"Du haut de sa colonne centrale en fonte, ce po\u00eale \u00e0 bois r\u00e9v\u00e8le son immense talent. Tous les projecteurs se braquent sur cette nouvelle star du chauffage au look incroyable. Energie positive et ondes chaleureuses galvanisent son public. Quel Brio !\" \/>\n<meta name=\"robots\" content=\"index, follow, max-snippet:-1, max-image-preview:large, max-video-preview:-1\" \/>\n<link rel=\"canonical\" href=\"https:\/\/dev.invicta.wp19.axome.cc\/fr\/produit\/poele-fonte-brio-sur-pied-raccordable\/\" \/>\n<meta property=\"og:locale\" content=\"fr_FR\" \/>\n<meta property=\"og:type\" content=\"article\" \/>\n<meta property=\"og:title\" content=\"Po\u00eale \u00e0 bois en fonte Brio sur pied \u2013 Raccordable - Invicta\" \/>\n<meta property=\"og:description\" content=\"Du haut de sa colonne centrale en fonte, ce po\u00eale \u00e0 bois r\u00e9v\u00e8le son immense talent. Tous les projecteurs se braquent sur cette nouvelle star du chauffage au look incroyable. Energie positive et ondes chaleureuses galvanisent son public. Quel Brio !\" \/>\n<meta property=\"og:url\" content=\"https:\/\/dev.invicta.wp19.axome.cc\/fr\/produit\/poele-fonte-brio-sur-pied-raccordable\/\" \/>\n<meta property=\"og:site_name\" content=\"Invicta\" \/>\n<meta property=\"article:modified_time\" content=\"2025-11-26T08:21:39+00:00\" \/>\n<meta property=\"og:image\" content=\"https:\/\/dev.invicta.wp19.axome.cc\/wp-content\/uploads\/2025\/06\/C-BRIO-sur-pied-web.jpg\" \/>\n\t<meta property=\"og:image:width\" content=\"1008\" \/>\n\t<meta property=\"og:image:height\" content=\"1008\" \/>\n\t<meta property=\"og:image:type\" content=\"image\/jpeg\" \/>\n<meta name=\"twitter:card\" content=\"summary_large_image\" \/>\n<script type=\"application\/ld+json\" class=\"yoast-schema-graph\">{\"@context\":\"https:\/\/schema.org\",\"@graph\":[{\"@type\":\"WebPage\",\"@id\":\"https:\/\/dev.invicta.wp19.axome.cc\/fr\/produit\/poele-fonte-brio-sur-pied-raccordable\/\",\"url\":\"https:\/\/dev.invicta.wp19.axome.cc\/fr\/produit\/poele-fonte-brio-sur-pied-raccordable\/\",\"name\":\"Po\u00eale \u00e0 bois en fonte Brio sur pied \u2013 Raccordable - Invicta\",\"isPartOf\":{\"@id\":\"https:\/\/dev.invicta.wp19.axome.cc\/fr\/#website\"},\"primaryImageOfPage\":{\"@id\":\"https:\/\/dev.invicta.wp19.axome.cc\/fr\/produit\/poele-fonte-brio-sur-pied-raccordable\/#primaryimage\"},\"image\":{\"@id\":\"https:\/\/dev.invicta.wp19.axome.cc\/fr\/produit\/poele-fonte-brio-sur-pied-raccordable\/#primaryimage\"},\"thumbnailUrl\":\"https:\/\/dev.invicta.wp19.axome.cc\/wp-content\/uploads\/2025\/06\/C-BRIO-sur-pied-web.jpg\",\"datePublished\":\"2025-11-26T07:21:37+00:00\",\"dateModified\":\"2025-11-26T08:21:39+00:00\",\"description\":\"Du haut de sa colonne centrale en fonte, ce po\u00eale \u00e0 bois r\u00e9v\u00e8le son immense talent. Tous les projecteurs se braquent sur cette nouvelle star du chauffage au look incroyable. Energie positive et ondes chaleureuses galvanisent son public. Quel Brio !\",\"breadcrumb\":{\"@id\":\"https:\/\/dev.invicta.wp19.axome.cc\/fr\/produit\/poele-fonte-brio-sur-pied-raccordable\/#breadcrumb\"},\"inLanguage\":\"fr-FR\",\"potentialAction\":[{\"@type\":\"ReadAction\",\"target\":[\"https:\/\/dev.invicta.wp19.axome.cc\/fr\/produit\/poele-fonte-brio-sur-pied-raccordable\/\"]}]},{\"@type\":\"ImageObject\",\"inLanguage\":\"fr-FR\",\"@id\":\"https:\/\/dev.invicta.wp19.axome.cc\/fr\/produit\/poele-fonte-brio-sur-pied-raccordable\/#primaryimage\",\"url\":\"https:\/\/dev.invicta.wp19.axome.cc\/wp-content\/uploads\/2025\/06\/C-BRIO-sur-pied-web.jpg\",\"contentUrl\":\"https:\/\/dev.invicta.wp19.axome.cc\/wp-content\/uploads\/2025\/06\/C-BRIO-sur-pied-web.jpg\",\"width\":1008,\"height\":1008,\"caption\":\"Po\u00eale \u00e0 bois en fonte Brio sur pied \u2013 Raccordable\"},{\"@type\":\"BreadcrumbList\",\"@id\":\"https:\/\/dev.invicta.wp19.axome.cc\/fr\/produit\/poele-fonte-brio-sur-pied-raccordable\/#breadcrumb\",\"itemListElement\":[{\"@type\":\"ListItem\",\"position\":1,\"name\":\"Accueil\",\"item\":\"https:\/\/dev.invicta.wp19.axome.cc\/fr\/\"},{\"@type\":\"ListItem\",\"position\":2,\"name\":\"Produits\",\"item\":\"https:\/\/dev.invicta.wp19.axome.cc\/fr\/shop\/\"},{\"@type\":\"ListItem\",\"position\":3,\"name\":\"Po\u00eales \u00e0 Bois\",\"item\":\"https:\/\/dev.invicta.wp19.axome.cc\/fr\/categorie-produit\/poeles-bois\/\"},{\"@type\":\"ListItem\",\"position\":4,\"name\":\"Po\u00eales \u00e0 Bois en Fonte\",\"item\":\"https:\/\/dev.invicta.wp19.axome.cc\/fr\/categorie-produit\/poeles-bois\/poeles-a-bois-fonte-acier\/\"},{\"@type\":\"ListItem\",\"position\":5,\"name\":\"Po\u00eale \u00e0 bois en fonte Brio sur pied \u2013 Raccordable\"}]},{\"@type\":\"WebSite\",\"@id\":\"https:\/\/dev.invicta.wp19.axome.cc\/fr\/#website\",\"url\":\"https:\/\/dev.invicta.wp19.axome.cc\/fr\/\",\"name\":\"Invicta\",\"description\":\"Fabricant fran\u00e7ais, sp\u00e9cialiste europ\u00e9en du chauffage au bois : po\u00eales \u00e0 bois et \u00e0 granul\u00e9s, chemin\u00e9es, foyers et inserts\",\"publisher\":{\"@id\":\"https:\/\/dev.invicta.wp19.axome.cc\/fr\/#organization\"},\"potentialAction\":[{\"@type\":\"SearchAction\",\"target\":{\"@type\":\"EntryPoint\",\"urlTemplate\":\"https:\/\/dev.invicta.wp19.axome.cc\/fr\/?s={search_term_string}\"},\"query-input\":{\"@type\":\"PropertyValueSpecification\",\"valueRequired\":true,\"valueName\":\"search_term_string\"}}],\"inLanguage\":\"fr-FR\"},{\"@type\":\"Organization\",\"@id\":\"https:\/\/dev.invicta.wp19.axome.cc\/fr\/#organization\",\"name\":\"Invicta\",\"url\":\"https:\/\/dev.invicta.wp19.axome.cc\/fr\/\",\"logo\":{\"@type\":\"ImageObject\",\"inLanguage\":\"fr-FR\",\"@id\":\"https:\/\/dev.invicta.wp19.axome.cc\/fr\/#\/schema\/logo\/image\/\",\"url\":\"https:\/\/www.invicta.fr\/wp-content\/uploads\/2019\/06\/INVICTALOGO_RVB.png\",\"contentUrl\":\"https:\/\/www.invicta.fr\/wp-content\/uploads\/2019\/06\/INVICTALOGO_RVB.png\",\"width\":1810,\"height\":1280,\"caption\":\"Invicta\"},\"image\":{\"@id\":\"https:\/\/dev.invicta.wp19.axome.cc\/fr\/#\/schema\/logo\/image\/\"}}]}<\/script>\n<!-- \/ Yoast SEO plugin. -->","yoast_head_json":{"title":"Po\u00eale \u00e0 bois en fonte Brio sur pied \u2013 Raccordable - Invicta","description":"Du haut de sa colonne centrale en fonte, ce po\u00eale \u00e0 bois r\u00e9v\u00e8le son immense talent. Tous les projecteurs se braquent sur cette nouvelle star du chauffage au look incroyable. Energie positive et ondes chaleureuses galvanisent son public. Quel Brio !","robots":{"index":"index","follow":"follow","max-snippet":"max-snippet:-1","max-image-preview":"max-image-preview:large","max-video-preview":"max-video-preview:-1"},"canonical":"https:\/\/dev.invicta.wp19.axome.cc\/fr\/produit\/poele-fonte-brio-sur-pied-raccordable\/","og_locale":"fr_FR","og_type":"article","og_title":"Po\u00eale \u00e0 bois en fonte Brio sur pied \u2013 Raccordable - Invicta","og_description":"Du haut de sa colonne centrale en fonte, ce po\u00eale \u00e0 bois r\u00e9v\u00e8le son immense talent. Tous les projecteurs se braquent sur cette nouvelle star du chauffage au look incroyable. Energie positive et ondes chaleureuses galvanisent son public. Quel Brio !","og_url":"https:\/\/dev.invicta.wp19.axome.cc\/fr\/produit\/poele-fonte-brio-sur-pied-raccordable\/","og_site_name":"Invicta","article_modified_time":"2025-11-26T08:21:39+00:00","og_image":[{"width":1008,"height":1008,"url":"https:\/\/dev.invicta.wp19.axome.cc\/wp-content\/uploads\/2025\/06\/C-BRIO-sur-pied-web.jpg","type":"image\/jpeg"}],"twitter_card":"summary_large_image","schema":{"@context":"https:\/\/schema.org","@graph":[{"@type":"WebPage","@id":"https:\/\/dev.invicta.wp19.axome.cc\/fr\/produit\/poele-fonte-brio-sur-pied-raccordable\/","url":"https:\/\/dev.invicta.wp19.axome.cc\/fr\/produit\/poele-fonte-brio-sur-pied-raccordable\/","name":"Po\u00eale \u00e0 bois en fonte Brio sur pied \u2013 Raccordable - Invicta","isPartOf":{"@id":"https:\/\/dev.invicta.wp19.axome.cc\/fr\/#website"},"primaryImageOfPage":{"@id":"https:\/\/dev.invicta.wp19.axome.cc\/fr\/produit\/poele-fonte-brio-sur-pied-raccordable\/#primaryimage"},"image":{"@id":"https:\/\/dev.invicta.wp19.axome.cc\/fr\/produit\/poele-fonte-brio-sur-pied-raccordable\/#primaryimage"},"thumbnailUrl":"https:\/\/dev.invicta.wp19.axome.cc\/wp-content\/uploads\/2025\/06\/C-BRIO-sur-pied-web.jpg","datePublished":"2025-11-26T07:21:37+00:00","dateModified":"2025-11-26T08:21:39+00:00","description":"Du haut de sa colonne centrale en fonte, ce po\u00eale \u00e0 bois r\u00e9v\u00e8le son immense talent. Tous les projecteurs se braquent sur cette nouvelle star du chauffage au look incroyable. Energie positive et ondes chaleureuses galvanisent son public. Quel Brio !","breadcrumb":{"@id":"https:\/\/dev.invicta.wp19.axome.cc\/fr\/produit\/poele-fonte-brio-sur-pied-raccordable\/#breadcrumb"},"inLanguage":"fr-FR","potentialAction":[{"@type":"ReadAction","target":["https:\/\/dev.invicta.wp19.axome.cc\/fr\/produit\/poele-fonte-brio-sur-pied-raccordable\/"]}]},{"@type":"ImageObject","inLanguage":"fr-FR","@id":"https:\/\/dev.invicta.wp19.axome.cc\/fr\/produit\/poele-fonte-brio-sur-pied-raccordable\/#primaryimage","url":"https:\/\/dev.invicta.wp19.axome.cc\/wp-content\/uploads\/2025\/06\/C-BRIO-sur-pied-web.jpg","contentUrl":"https:\/\/dev.invicta.wp19.axome.cc\/wp-content\/uploads\/2025\/06\/C-BRIO-sur-pied-web.jpg","width":1008,"height":1008,"caption":"Po\u00eale \u00e0 bois en fonte Brio sur pied \u2013 Raccordable"},{"@type":"BreadcrumbList","@id":"https:\/\/dev.invicta.wp19.axome.cc\/fr\/produit\/poele-fonte-brio-sur-pied-raccordable\/#breadcrumb","itemListElement":[{"@type":"ListItem","position":1,"name":"Accueil","item":"https:\/\/dev.invicta.wp19.axome.cc\/fr\/"},{"@type":"ListItem","position":2,"name":"Produits","item":"https:\/\/dev.invicta.wp19.axome.cc\/fr\/shop\/"},{"@type":"ListItem","position":3,"name":"Po\u00eales \u00e0 Bois","item":"https:\/\/dev.invicta.wp19.axome.cc\/fr\/categorie-produit\/poeles-bois\/"},{"@type":"ListItem","position":4,"name":"Po\u00eales \u00e0 Bois en Fonte","item":"https:\/\/dev.invicta.wp19.axome.cc\/fr\/categorie-produit\/poeles-bois\/poeles-a-bois-fonte-acier\/"},{"@type":"ListItem","position":5,"name":"Po\u00eale \u00e0 bois en fonte Brio sur pied \u2013 Raccordable"}]},{"@type":"WebSite","@id":"https:\/\/dev.invicta.wp19.axome.cc\/fr\/#website","url":"https:\/\/dev.invicta.wp19.axome.cc\/fr\/","name":"Invicta","description":"Fabricant fran\u00e7ais, sp\u00e9cialiste europ\u00e9en du chauffage au bois : po\u00eales \u00e0 bois et \u00e0 granul\u00e9s, chemin\u00e9es, foyers et inserts","publisher":{"@id":"https:\/\/dev.invicta.wp19.axome.cc\/fr\/#organization"},"potentialAction":[{"@type":"SearchAction","target":{"@type":"EntryPoint","urlTemplate":"https:\/\/dev.invicta.wp19.axome.cc\/fr\/?s={search_term_string}"},"query-input":{"@type":"PropertyValueSpecification","valueRequired":true,"valueName":"search_term_string"}}],"inLanguage":"fr-FR"},{"@type":"Organization","@id":"https:\/\/dev.invicta.wp19.axome.cc\/fr\/#organization","name":"Invicta","url":"https:\/\/dev.invicta.wp19.axome.cc\/fr\/","logo":{"@type":"ImageObject","inLanguage":"fr-FR","@id":"https:\/\/dev.invicta.wp19.axome.cc\/fr\/#\/schema\/logo\/image\/","url":"https:\/\/www.invicta.fr\/wp-content\/uploads\/2019\/06\/INVICTALOGO_RVB.png","contentUrl":"https:\/\/www.invicta.fr\/wp-content\/uploads\/2019\/06\/INVICTALOGO_RVB.png","width":1810,"height":1280,"caption":"Invicta"},"image":{"@id":"https:\/\/dev.invicta.wp19.axome.cc\/fr\/#\/schema\/logo\/image\/"}}]}},"_links":{"self":[{"href":"https:\/\/dev.invicta.wp19.axome.cc\/fr\/wp-json\/wp\/v2\/product\/68074","targetHints":{"allow":["GET"]}}],"collection":[{"href":"https:\/\/dev.invicta.wp19.axome.cc\/fr\/wp-json\/wp\/v2\/product"}],"about":[{"href":"https:\/\/dev.invicta.wp19.axome.cc\/fr\/wp-json\/wp\/v2\/types\/product"}],"wp:featuredmedia":[{"embeddable":true,"href":"https:\/\/dev.invicta.wp19.axome.cc\/fr\/wp-json\/wp\/v2\/media\/68075"}],"wp:attachment":[{"href":"https:\/\/dev.invicta.wp19.axome.cc\/fr\/wp-json\/wp\/v2\/media?parent=68074"}],"wp:term":[{"taxonomy":"product_brand","embeddable":true,"href":"https:\/\/dev.invicta.wp19.axome.cc\/fr\/wp-json\/wp\/v2\/product_brand?post=68074"},{"taxonomy":"product_cat","embeddable":true,"href":"https:\/\/dev.invicta.wp19.axome.cc\/fr\/wp-json\/wp\/v2\/product_cat?post=68074"},{"taxonomy":"product_tag","embeddable":true,"href":"https:\/\/dev.invicta.wp19.axome.cc\/fr\/wp-json\/wp\/v2\/product_tag?post=68074"},{"taxonomy":"plus_produit","embeddable":true,"href":"https:\/\/dev.invicta.wp19.axome.cc\/fr\/wp-json\/wp\/v2\/plus_produit?post=68074"}],"curies":[{"name":"wp","href":"https:\/\/api.w.org\/{rel}","templated":true}]}}