{"id":68100,"date":"2025-11-26T08:22:36","date_gmt":"2025-11-26T07:22:36","guid":{"rendered":"https:\/\/dev.invicta.wp19.axome.cc\/produit\/poele-a-bois-en-fonte-wilson-a-poser-raccordable\/"},"modified":"2025-11-26T09:22:39","modified_gmt":"2025-11-26T08:22:39","slug":"poele-a-bois-fonte-wilson-a-poser-raccordable","status":"publish","type":"product","link":"https:\/\/dev.invicta.wp19.axome.cc\/fr\/produit\/poele-a-bois-fonte-wilson-a-poser-raccordable\/","title":{"rendered":"Po\u00eale \u00e0 bois en fonte Wilson \u00e0 poser &#8211; Raccordable"},"content":{"rendered":"","protected":false},"excerpt":{"rendered":"<p>R\u00e9duisez votre facture de chauffage avec le tr\u00e8s performant po\u00eale \u00e0 bois Wilson. En plus de vous chauffer efficacement, cette version \u00e0 poser, au design \u00e9pur\u00e9, modernisera votre int\u00e9rieur. Livr\u00e9 avec 50 cm de fumisterie.<\/p>\n","protected":false},"featured_media":68101,"template":"","meta":{"_acf_changed":false},"product_brand":[],"product_cat":[2117,25,44,5861,5862,5860,5874,5838],"product_tag":[57,7095,58,7096,59,7107,7093,51,53,73,55,7094,65,6826],"plus_produit":[6930,612,131,6834,2144,1919,1983,129,130],"class_list":{"1":"product","4":"has-post-thumbnail","6":"product_cat-aide-au-choix","7":"product_cat-poeles-bois","8":"product_cat-poeles-a-bois-fonte-acier","9":"product_cat-poeles-a-bois-buches-50-cm","10":"product_cat-poeles-a-bois-8-kw","11":"product_cat-poeles-a-bois-contemporains","12":"product_cat-poeles-a-bois-industriels","13":"product_cat-poeles-a-bois-modernes","14":"product_tag-flamme-verte","15":"product_tag-1-flamme-verte-7","16":"product_tag-eco-design-2022","17":"product_tag-2-eco-design-2022","18":"product_tag-a-ecolabel","19":"product_tag-combustion-prolongee","20":"product_tag-flamme-verte-2","21":"product_tag-fonte-100","22":"product_tag-post-combustion","23":"product_tag-raccordable-2","24":"product_tag-raccordable","25":"product_tag-vitre-propre","26":"product_tag-garantie-2-ans","27":"product_tag-garantie-extension-3-ans","28":"pa_combustible-recommande-10259","29":"pa_consommation-053-a-222-kg-heure","30":"pa_depart-des-fumees-dessus","31":"pa_designer-non-utilise","32":"pa_diametre-de-buse-10217","33":"pa_indice-de-performance-5571","34":"pa_surface-de-chauffe-40-a-100-m","35":"pa_taux-de-co-0-12","36":"pa_volume-de-chauffe-105-240-m-2","37":"plus_produit-100-fonte","38":"plus_produit-air-secondaire-reglable","39":"plus_produit-combustion-prolongee-8-heures","40":"plus_produit-extension-de-garantie-3-ans","41":"plus_produit-habillage-foyer-en-vermiculite","42":"plus_produit-origine-france-garantie","43":"plus_produit-raccordable","44":"plus_produit-systeme-de-post-combustion","45":"plus_produit-vitre-propre","47":"first","48":"instock","49":"purchasable","50":"product-type-simple"},"acf":[],"yoast_head":"<!-- This site is optimized with the Yoast SEO plugin v24.7 - https:\/\/yoast.com\/wordpress\/plugins\/seo\/ -->\n<title>Po\u00eale \u00e0 bois en fonte Wilson \u00e0 poser - Raccordable - Invicta<\/title>\n<meta name=\"description\" content=\"R\u00e9duisez votre facture de chauffage avec le tr\u00e8s performant po\u00eale \u00e0 bois Wilson. En plus de vous chauffer efficacement, cette version \u00e0 poser, au design \u00e9pur\u00e9, modernisera votre int\u00e9rieur. Livr\u00e9 avec 50 cm de fumisterie.\" \/>\n<meta name=\"robots\" content=\"index, follow, max-snippet:-1, max-image-preview:large, max-video-preview:-1\" \/>\n<link rel=\"canonical\" href=\"https:\/\/dev.invicta.wp19.axome.cc\/fr\/produit\/poele-a-bois-fonte-wilson-a-poser-raccordable\/\" \/>\n<meta property=\"og:locale\" content=\"fr_FR\" \/>\n<meta property=\"og:type\" content=\"article\" \/>\n<meta property=\"og:title\" content=\"Po\u00eale \u00e0 bois en fonte Wilson \u00e0 poser - Raccordable - Invicta\" \/>\n<meta property=\"og:description\" content=\"R\u00e9duisez votre facture de chauffage avec le tr\u00e8s performant po\u00eale \u00e0 bois Wilson. En plus de vous chauffer efficacement, cette version \u00e0 poser, au design \u00e9pur\u00e9, modernisera votre int\u00e9rieur. Livr\u00e9 avec 50 cm de fumisterie.\" \/>\n<meta property=\"og:url\" content=\"https:\/\/dev.invicta.wp19.axome.cc\/fr\/produit\/poele-a-bois-fonte-wilson-a-poser-raccordable\/\" \/>\n<meta property=\"og:site_name\" content=\"Invicta\" \/>\n<meta property=\"article:modified_time\" content=\"2025-11-26T08:22:39+00:00\" \/>\n<meta property=\"og:image\" content=\"https:\/\/dev.invicta.wp19.axome.cc\/wp-content\/uploads\/2025\/06\/C-P648204-WILSON-POSER-WEB-2.jpg\" \/>\n\t<meta property=\"og:image:width\" content=\"939\" \/>\n\t<meta property=\"og:image:height\" content=\"800\" \/>\n\t<meta property=\"og:image:type\" content=\"image\/jpeg\" \/>\n<meta name=\"twitter:card\" content=\"summary_large_image\" \/>\n<script type=\"application\/ld+json\" class=\"yoast-schema-graph\">{\"@context\":\"https:\/\/schema.org\",\"@graph\":[{\"@type\":\"WebPage\",\"@id\":\"https:\/\/dev.invicta.wp19.axome.cc\/fr\/produit\/poele-a-bois-fonte-wilson-a-poser-raccordable\/\",\"url\":\"https:\/\/dev.invicta.wp19.axome.cc\/fr\/produit\/poele-a-bois-fonte-wilson-a-poser-raccordable\/\",\"name\":\"Po\u00eale \u00e0 bois en fonte Wilson \u00e0 poser - Raccordable - Invicta\",\"isPartOf\":{\"@id\":\"https:\/\/dev.invicta.wp19.axome.cc\/fr\/#website\"},\"primaryImageOfPage\":{\"@id\":\"https:\/\/dev.invicta.wp19.axome.cc\/fr\/produit\/poele-a-bois-fonte-wilson-a-poser-raccordable\/#primaryimage\"},\"image\":{\"@id\":\"https:\/\/dev.invicta.wp19.axome.cc\/fr\/produit\/poele-a-bois-fonte-wilson-a-poser-raccordable\/#primaryimage\"},\"thumbnailUrl\":\"https:\/\/dev.invicta.wp19.axome.cc\/wp-content\/uploads\/2025\/06\/C-P648204-WILSON-POSER-WEB-2.jpg\",\"datePublished\":\"2025-11-26T07:22:36+00:00\",\"dateModified\":\"2025-11-26T08:22:39+00:00\",\"description\":\"R\u00e9duisez votre facture de chauffage avec le tr\u00e8s performant po\u00eale \u00e0 bois Wilson. En plus de vous chauffer efficacement, cette version \u00e0 poser, au design \u00e9pur\u00e9, modernisera votre int\u00e9rieur. Livr\u00e9 avec 50 cm de fumisterie.\",\"breadcrumb\":{\"@id\":\"https:\/\/dev.invicta.wp19.axome.cc\/fr\/produit\/poele-a-bois-fonte-wilson-a-poser-raccordable\/#breadcrumb\"},\"inLanguage\":\"fr-FR\",\"potentialAction\":[{\"@type\":\"ReadAction\",\"target\":[\"https:\/\/dev.invicta.wp19.axome.cc\/fr\/produit\/poele-a-bois-fonte-wilson-a-poser-raccordable\/\"]}]},{\"@type\":\"ImageObject\",\"inLanguage\":\"fr-FR\",\"@id\":\"https:\/\/dev.invicta.wp19.axome.cc\/fr\/produit\/poele-a-bois-fonte-wilson-a-poser-raccordable\/#primaryimage\",\"url\":\"https:\/\/dev.invicta.wp19.axome.cc\/wp-content\/uploads\/2025\/06\/C-P648204-WILSON-POSER-WEB-2.jpg\",\"contentUrl\":\"https:\/\/dev.invicta.wp19.axome.cc\/wp-content\/uploads\/2025\/06\/C-P648204-WILSON-POSER-WEB-2.jpg\",\"width\":939,\"height\":800,\"caption\":\"Po\u00eale \u00e0 bois en fonte Wilson \u00e0 poser - Raccordable\"},{\"@type\":\"BreadcrumbList\",\"@id\":\"https:\/\/dev.invicta.wp19.axome.cc\/fr\/produit\/poele-a-bois-fonte-wilson-a-poser-raccordable\/#breadcrumb\",\"itemListElement\":[{\"@type\":\"ListItem\",\"position\":1,\"name\":\"Accueil\",\"item\":\"https:\/\/dev.invicta.wp19.axome.cc\/fr\/\"},{\"@type\":\"ListItem\",\"position\":2,\"name\":\"Produits\",\"item\":\"https:\/\/dev.invicta.wp19.axome.cc\/fr\/shop\/\"},{\"@type\":\"ListItem\",\"position\":3,\"name\":\"Po\u00eales \u00e0 Bois\",\"item\":\"https:\/\/dev.invicta.wp19.axome.cc\/fr\/categorie-produit\/poeles-bois\/\"},{\"@type\":\"ListItem\",\"position\":4,\"name\":\"Po\u00eales \u00e0 Bois en Fonte\",\"item\":\"https:\/\/dev.invicta.wp19.axome.cc\/fr\/categorie-produit\/poeles-bois\/poeles-a-bois-fonte-acier\/\"},{\"@type\":\"ListItem\",\"position\":5,\"name\":\"Po\u00eale \u00e0 bois en fonte Wilson \u00e0 poser &#8211; Raccordable\"}]},{\"@type\":\"WebSite\",\"@id\":\"https:\/\/dev.invicta.wp19.axome.cc\/fr\/#website\",\"url\":\"https:\/\/dev.invicta.wp19.axome.cc\/fr\/\",\"name\":\"Invicta\",\"description\":\"Fabricant fran\u00e7ais, sp\u00e9cialiste europ\u00e9en du chauffage au bois : po\u00eales \u00e0 bois et \u00e0 granul\u00e9s, chemin\u00e9es, foyers et inserts\",\"publisher\":{\"@id\":\"https:\/\/dev.invicta.wp19.axome.cc\/fr\/#organization\"},\"potentialAction\":[{\"@type\":\"SearchAction\",\"target\":{\"@type\":\"EntryPoint\",\"urlTemplate\":\"https:\/\/dev.invicta.wp19.axome.cc\/fr\/?s={search_term_string}\"},\"query-input\":{\"@type\":\"PropertyValueSpecification\",\"valueRequired\":true,\"valueName\":\"search_term_string\"}}],\"inLanguage\":\"fr-FR\"},{\"@type\":\"Organization\",\"@id\":\"https:\/\/dev.invicta.wp19.axome.cc\/fr\/#organization\",\"name\":\"Invicta\",\"url\":\"https:\/\/dev.invicta.wp19.axome.cc\/fr\/\",\"logo\":{\"@type\":\"ImageObject\",\"inLanguage\":\"fr-FR\",\"@id\":\"https:\/\/dev.invicta.wp19.axome.cc\/fr\/#\/schema\/logo\/image\/\",\"url\":\"https:\/\/www.invicta.fr\/wp-content\/uploads\/2019\/06\/INVICTALOGO_RVB.png\",\"contentUrl\":\"https:\/\/www.invicta.fr\/wp-content\/uploads\/2019\/06\/INVICTALOGO_RVB.png\",\"width\":1810,\"height\":1280,\"caption\":\"Invicta\"},\"image\":{\"@id\":\"https:\/\/dev.invicta.wp19.axome.cc\/fr\/#\/schema\/logo\/image\/\"}}]}<\/script>\n<!-- \/ Yoast SEO plugin. -->","yoast_head_json":{"title":"Po\u00eale \u00e0 bois en fonte Wilson \u00e0 poser - Raccordable - Invicta","description":"R\u00e9duisez votre facture de chauffage avec le tr\u00e8s performant po\u00eale \u00e0 bois Wilson. En plus de vous chauffer efficacement, cette version \u00e0 poser, au design \u00e9pur\u00e9, modernisera votre int\u00e9rieur. Livr\u00e9 avec 50 cm de fumisterie.","robots":{"index":"index","follow":"follow","max-snippet":"max-snippet:-1","max-image-preview":"max-image-preview:large","max-video-preview":"max-video-preview:-1"},"canonical":"https:\/\/dev.invicta.wp19.axome.cc\/fr\/produit\/poele-a-bois-fonte-wilson-a-poser-raccordable\/","og_locale":"fr_FR","og_type":"article","og_title":"Po\u00eale \u00e0 bois en fonte Wilson \u00e0 poser - Raccordable - Invicta","og_description":"R\u00e9duisez votre facture de chauffage avec le tr\u00e8s performant po\u00eale \u00e0 bois Wilson. En plus de vous chauffer efficacement, cette version \u00e0 poser, au design \u00e9pur\u00e9, modernisera votre int\u00e9rieur. Livr\u00e9 avec 50 cm de fumisterie.","og_url":"https:\/\/dev.invicta.wp19.axome.cc\/fr\/produit\/poele-a-bois-fonte-wilson-a-poser-raccordable\/","og_site_name":"Invicta","article_modified_time":"2025-11-26T08:22:39+00:00","og_image":[{"width":939,"height":800,"url":"https:\/\/dev.invicta.wp19.axome.cc\/wp-content\/uploads\/2025\/06\/C-P648204-WILSON-POSER-WEB-2.jpg","type":"image\/jpeg"}],"twitter_card":"summary_large_image","schema":{"@context":"https:\/\/schema.org","@graph":[{"@type":"WebPage","@id":"https:\/\/dev.invicta.wp19.axome.cc\/fr\/produit\/poele-a-bois-fonte-wilson-a-poser-raccordable\/","url":"https:\/\/dev.invicta.wp19.axome.cc\/fr\/produit\/poele-a-bois-fonte-wilson-a-poser-raccordable\/","name":"Po\u00eale \u00e0 bois en fonte Wilson \u00e0 poser - Raccordable - Invicta","isPartOf":{"@id":"https:\/\/dev.invicta.wp19.axome.cc\/fr\/#website"},"primaryImageOfPage":{"@id":"https:\/\/dev.invicta.wp19.axome.cc\/fr\/produit\/poele-a-bois-fonte-wilson-a-poser-raccordable\/#primaryimage"},"image":{"@id":"https:\/\/dev.invicta.wp19.axome.cc\/fr\/produit\/poele-a-bois-fonte-wilson-a-poser-raccordable\/#primaryimage"},"thumbnailUrl":"https:\/\/dev.invicta.wp19.axome.cc\/wp-content\/uploads\/2025\/06\/C-P648204-WILSON-POSER-WEB-2.jpg","datePublished":"2025-11-26T07:22:36+00:00","dateModified":"2025-11-26T08:22:39+00:00","description":"R\u00e9duisez votre facture de chauffage avec le tr\u00e8s performant po\u00eale \u00e0 bois Wilson. En plus de vous chauffer efficacement, cette version \u00e0 poser, au design \u00e9pur\u00e9, modernisera votre int\u00e9rieur. Livr\u00e9 avec 50 cm de fumisterie.","breadcrumb":{"@id":"https:\/\/dev.invicta.wp19.axome.cc\/fr\/produit\/poele-a-bois-fonte-wilson-a-poser-raccordable\/#breadcrumb"},"inLanguage":"fr-FR","potentialAction":[{"@type":"ReadAction","target":["https:\/\/dev.invicta.wp19.axome.cc\/fr\/produit\/poele-a-bois-fonte-wilson-a-poser-raccordable\/"]}]},{"@type":"ImageObject","inLanguage":"fr-FR","@id":"https:\/\/dev.invicta.wp19.axome.cc\/fr\/produit\/poele-a-bois-fonte-wilson-a-poser-raccordable\/#primaryimage","url":"https:\/\/dev.invicta.wp19.axome.cc\/wp-content\/uploads\/2025\/06\/C-P648204-WILSON-POSER-WEB-2.jpg","contentUrl":"https:\/\/dev.invicta.wp19.axome.cc\/wp-content\/uploads\/2025\/06\/C-P648204-WILSON-POSER-WEB-2.jpg","width":939,"height":800,"caption":"Po\u00eale \u00e0 bois en fonte Wilson \u00e0 poser - Raccordable"},{"@type":"BreadcrumbList","@id":"https:\/\/dev.invicta.wp19.axome.cc\/fr\/produit\/poele-a-bois-fonte-wilson-a-poser-raccordable\/#breadcrumb","itemListElement":[{"@type":"ListItem","position":1,"name":"Accueil","item":"https:\/\/dev.invicta.wp19.axome.cc\/fr\/"},{"@type":"ListItem","position":2,"name":"Produits","item":"https:\/\/dev.invicta.wp19.axome.cc\/fr\/shop\/"},{"@type":"ListItem","position":3,"name":"Po\u00eales \u00e0 Bois","item":"https:\/\/dev.invicta.wp19.axome.cc\/fr\/categorie-produit\/poeles-bois\/"},{"@type":"ListItem","position":4,"name":"Po\u00eales \u00e0 Bois en Fonte","item":"https:\/\/dev.invicta.wp19.axome.cc\/fr\/categorie-produit\/poeles-bois\/poeles-a-bois-fonte-acier\/"},{"@type":"ListItem","position":5,"name":"Po\u00eale \u00e0 bois en fonte Wilson \u00e0 poser &#8211; Raccordable"}]},{"@type":"WebSite","@id":"https:\/\/dev.invicta.wp19.axome.cc\/fr\/#website","url":"https:\/\/dev.invicta.wp19.axome.cc\/fr\/","name":"Invicta","description":"Fabricant fran\u00e7ais, sp\u00e9cialiste europ\u00e9en du chauffage au bois : po\u00eales \u00e0 bois et \u00e0 granul\u00e9s, chemin\u00e9es, foyers et inserts","publisher":{"@id":"https:\/\/dev.invicta.wp19.axome.cc\/fr\/#organization"},"potentialAction":[{"@type":"SearchAction","target":{"@type":"EntryPoint","urlTemplate":"https:\/\/dev.invicta.wp19.axome.cc\/fr\/?s={search_term_string}"},"query-input":{"@type":"PropertyValueSpecification","valueRequired":true,"valueName":"search_term_string"}}],"inLanguage":"fr-FR"},{"@type":"Organization","@id":"https:\/\/dev.invicta.wp19.axome.cc\/fr\/#organization","name":"Invicta","url":"https:\/\/dev.invicta.wp19.axome.cc\/fr\/","logo":{"@type":"ImageObject","inLanguage":"fr-FR","@id":"https:\/\/dev.invicta.wp19.axome.cc\/fr\/#\/schema\/logo\/image\/","url":"https:\/\/www.invicta.fr\/wp-content\/uploads\/2019\/06\/INVICTALOGO_RVB.png","contentUrl":"https:\/\/www.invicta.fr\/wp-content\/uploads\/2019\/06\/INVICTALOGO_RVB.png","width":1810,"height":1280,"caption":"Invicta"},"image":{"@id":"https:\/\/dev.invicta.wp19.axome.cc\/fr\/#\/schema\/logo\/image\/"}}]}},"_links":{"self":[{"href":"https:\/\/dev.invicta.wp19.axome.cc\/fr\/wp-json\/wp\/v2\/product\/68100","targetHints":{"allow":["GET"]}}],"collection":[{"href":"https:\/\/dev.invicta.wp19.axome.cc\/fr\/wp-json\/wp\/v2\/product"}],"about":[{"href":"https:\/\/dev.invicta.wp19.axome.cc\/fr\/wp-json\/wp\/v2\/types\/product"}],"wp:featuredmedia":[{"embeddable":true,"href":"https:\/\/dev.invicta.wp19.axome.cc\/fr\/wp-json\/wp\/v2\/media\/68101"}],"wp:attachment":[{"href":"https:\/\/dev.invicta.wp19.axome.cc\/fr\/wp-json\/wp\/v2\/media?parent=68100"}],"wp:term":[{"taxonomy":"product_brand","embeddable":true,"href":"https:\/\/dev.invicta.wp19.axome.cc\/fr\/wp-json\/wp\/v2\/product_brand?post=68100"},{"taxonomy":"product_cat","embeddable":true,"href":"https:\/\/dev.invicta.wp19.axome.cc\/fr\/wp-json\/wp\/v2\/product_cat?post=68100"},{"taxonomy":"product_tag","embeddable":true,"href":"https:\/\/dev.invicta.wp19.axome.cc\/fr\/wp-json\/wp\/v2\/product_tag?post=68100"},{"taxonomy":"plus_produit","embeddable":true,"href":"https:\/\/dev.invicta.wp19.axome.cc\/fr\/wp-json\/wp\/v2\/plus_produit?post=68100"}],"curies":[{"name":"wp","href":"https:\/\/api.w.org\/{rel}","templated":true}]}}