{"id":68114,"date":"2025-11-26T08:29:06","date_gmt":"2025-11-26T07:29:06","guid":{"rendered":"https:\/\/dev.invicta.wp19.axome.cc\/produit\/poele-a-bois-en-acier-et-fonte-etanche-calcias\/"},"modified":"2025-11-26T09:29:07","modified_gmt":"2025-11-26T08:29:07","slug":"poele-acier-et-fonte-calcias-etanche","status":"publish","type":"product","link":"https:\/\/dev.invicta.wp19.axome.cc\/fr\/produit\/poele-acier-et-fonte-calcias-etanche\/","title":{"rendered":"Po\u00eale \u00e0 bois en acier et fonte Etanche &#8211; Calcias"},"content":{"rendered":"","protected":false},"excerpt":{"rendered":"<p>Calcias est unique : une forme elliptique qui apporte chaleur et modernit\u00e9 ; de hautes performances \u00e9nerg\u00e9tiques gr\u00e2ce au foyer en fonte ; et c\u00f4t\u00e9 pratique, un b\u00fbcher en acier pour accueillir vos b\u00fbches.<\/p>\n","protected":false},"featured_media":68116,"template":"","meta":{"_acf_changed":false},"product_brand":[],"product_cat":[2117,25,41,5861,5868,5860,5835,5838,5841,5853],"product_tag":[57,7095,58,7096,59,7093,53,7094,65,6826],"plus_produit":[612,144,6834,5398,2036,129,5397,130],"class_list":{"1":"product","4":"has-post-thumbnail","6":"product_cat-aide-au-choix","7":"product_cat-poeles-bois","8":"product_cat-poeles-a-bois-etanches","9":"product_cat-poeles-a-bois-buches-50-cm","10":"product_cat-poeles-a-bois-9-kw","11":"product_cat-poeles-a-bois-contemporains","12":"product_cat-poeles-a-bois-design","13":"product_cat-poeles-a-bois-modernes","14":"product_cat-poeles-a-bois-ronds","15":"product_cat-poeles-a-bois-sortie-arriere","16":"product_tag-flamme-verte","17":"product_tag-1-flamme-verte-7","18":"product_tag-eco-design-2022","19":"product_tag-2-eco-design-2022","20":"product_tag-a-ecolabel","21":"product_tag-flamme-verte-2","22":"product_tag-post-combustion","23":"product_tag-vitre-propre","24":"product_tag-garantie-2-ans","25":"product_tag-garantie-extension-3-ans","26":"pa_combustible-recommande-7946","27":"pa_consommation-053-a-222-kg-heure","28":"pa_depart-des-fumees-arriere","29":"pa_depart-des-fumees-dessus","30":"pa_designer-non-utilise","31":"pa_diametre-de-buse-6898","32":"pa_indice-de-performance-5715","33":"pa_surface-de-chauffe-80-80","34":"pa_taux-de-co-0-1","35":"pa_volume-de-chauffe-200-200","36":"plus_produit-air-secondaire-reglable","37":"plus_produit-appareil-etanche-compatible-rt2012","38":"plus_produit-extension-de-garantie-3-ans","39":"plus_produit-foyer-exterieur-fonte-bucher-en-acier","40":"plus_produit-intermittent","41":"plus_produit-systeme-de-post-combustion","42":"plus_produit-vermiculite-haute-densite","43":"plus_produit-vitre-propre","45":"first","46":"instock","47":"purchasable","48":"product-type-simple"},"acf":[],"yoast_head":"<!-- This site is optimized with the Yoast SEO plugin v24.7 - https:\/\/yoast.com\/wordpress\/plugins\/seo\/ -->\n<title>Po\u00eale \u00e0 bois en acier et fonte Etanche - Calcias - Invicta<\/title>\n<meta name=\"description\" content=\"Calcias est unique : une forme elliptique qui apporte chaleur et modernit\u00e9 ; de hautes performances \u00e9nerg\u00e9tiques gr\u00e2ce au foyer en fonte ; et c\u00f4t\u00e9 pratique, un b\u00fbcher en acier pour accueillir vos b\u00fbches.\" \/>\n<meta name=\"robots\" content=\"index, follow, max-snippet:-1, max-image-preview:large, max-video-preview:-1\" \/>\n<link rel=\"canonical\" href=\"https:\/\/dev.invicta.wp19.axome.cc\/fr\/produit\/poele-acier-et-fonte-calcias-etanche\/\" \/>\n<meta property=\"og:locale\" content=\"fr_FR\" \/>\n<meta property=\"og:type\" content=\"article\" \/>\n<meta property=\"og:title\" content=\"Po\u00eale \u00e0 bois en acier et fonte Etanche - Calcias - Invicta\" \/>\n<meta property=\"og:description\" content=\"Calcias est unique : une forme elliptique qui apporte chaleur et modernit\u00e9 ; de hautes performances \u00e9nerg\u00e9tiques gr\u00e2ce au foyer en fonte ; et c\u00f4t\u00e9 pratique, un b\u00fbcher en acier pour accueillir vos b\u00fbches.\" \/>\n<meta property=\"og:url\" content=\"https:\/\/dev.invicta.wp19.axome.cc\/fr\/produit\/poele-acier-et-fonte-calcias-etanche\/\" \/>\n<meta property=\"og:site_name\" content=\"Invicta\" \/>\n<meta property=\"article:modified_time\" content=\"2025-11-26T08:29:07+00:00\" \/>\n<meta property=\"og:image\" content=\"https:\/\/dev.invicta.wp19.axome.cc\/wp-content\/uploads\/2025\/06\/A_CALCIAS_web.jpg\" \/>\n\t<meta property=\"og:image:width\" content=\"1106\" \/>\n\t<meta property=\"og:image:height\" content=\"622\" \/>\n\t<meta property=\"og:image:type\" content=\"image\/jpeg\" \/>\n<meta name=\"twitter:card\" content=\"summary_large_image\" \/>\n<script type=\"application\/ld+json\" class=\"yoast-schema-graph\">{\"@context\":\"https:\/\/schema.org\",\"@graph\":[{\"@type\":\"WebPage\",\"@id\":\"https:\/\/dev.invicta.wp19.axome.cc\/fr\/produit\/poele-acier-et-fonte-calcias-etanche\/\",\"url\":\"https:\/\/dev.invicta.wp19.axome.cc\/fr\/produit\/poele-acier-et-fonte-calcias-etanche\/\",\"name\":\"Po\u00eale \u00e0 bois en acier et fonte Etanche - Calcias - Invicta\",\"isPartOf\":{\"@id\":\"https:\/\/dev.invicta.wp19.axome.cc\/fr\/#website\"},\"primaryImageOfPage\":{\"@id\":\"https:\/\/dev.invicta.wp19.axome.cc\/fr\/produit\/poele-acier-et-fonte-calcias-etanche\/#primaryimage\"},\"image\":{\"@id\":\"https:\/\/dev.invicta.wp19.axome.cc\/fr\/produit\/poele-acier-et-fonte-calcias-etanche\/#primaryimage\"},\"thumbnailUrl\":\"https:\/\/dev.invicta.wp19.axome.cc\/wp-content\/uploads\/2025\/06\/A_CALCIAS_web.jpg\",\"datePublished\":\"2025-11-26T07:29:06+00:00\",\"dateModified\":\"2025-11-26T08:29:07+00:00\",\"description\":\"Calcias est unique : une forme elliptique qui apporte chaleur et modernit\u00e9 ; de hautes performances \u00e9nerg\u00e9tiques gr\u00e2ce au foyer en fonte ; et c\u00f4t\u00e9 pratique, un b\u00fbcher en acier pour accueillir vos b\u00fbches.\",\"breadcrumb\":{\"@id\":\"https:\/\/dev.invicta.wp19.axome.cc\/fr\/produit\/poele-acier-et-fonte-calcias-etanche\/#breadcrumb\"},\"inLanguage\":\"fr-FR\",\"potentialAction\":[{\"@type\":\"ReadAction\",\"target\":[\"https:\/\/dev.invicta.wp19.axome.cc\/fr\/produit\/poele-acier-et-fonte-calcias-etanche\/\"]}]},{\"@type\":\"ImageObject\",\"inLanguage\":\"fr-FR\",\"@id\":\"https:\/\/dev.invicta.wp19.axome.cc\/fr\/produit\/poele-acier-et-fonte-calcias-etanche\/#primaryimage\",\"url\":\"https:\/\/dev.invicta.wp19.axome.cc\/wp-content\/uploads\/2025\/06\/A_CALCIAS_web.jpg\",\"contentUrl\":\"https:\/\/dev.invicta.wp19.axome.cc\/wp-content\/uploads\/2025\/06\/A_CALCIAS_web.jpg\",\"width\":1106,\"height\":622,\"caption\":\"Po\u00eale \u00e0 bois en acier et fonte Etanche - Calcias\"},{\"@type\":\"BreadcrumbList\",\"@id\":\"https:\/\/dev.invicta.wp19.axome.cc\/fr\/produit\/poele-acier-et-fonte-calcias-etanche\/#breadcrumb\",\"itemListElement\":[{\"@type\":\"ListItem\",\"position\":1,\"name\":\"Accueil\",\"item\":\"https:\/\/dev.invicta.wp19.axome.cc\/fr\/\"},{\"@type\":\"ListItem\",\"position\":2,\"name\":\"Produits\",\"item\":\"https:\/\/dev.invicta.wp19.axome.cc\/fr\/shop\/\"},{\"@type\":\"ListItem\",\"position\":3,\"name\":\"Po\u00eales \u00e0 Bois\",\"item\":\"https:\/\/dev.invicta.wp19.axome.cc\/fr\/categorie-produit\/poeles-bois\/\"},{\"@type\":\"ListItem\",\"position\":4,\"name\":\"Po\u00eales \u00e0 Bois \u00e9tanches\",\"item\":\"https:\/\/dev.invicta.wp19.axome.cc\/fr\/categorie-produit\/poeles-bois\/poeles-a-bois-etanches\/\"},{\"@type\":\"ListItem\",\"position\":5,\"name\":\"Po\u00eale \u00e0 bois en acier et fonte Etanche &#8211; Calcias\"}]},{\"@type\":\"WebSite\",\"@id\":\"https:\/\/dev.invicta.wp19.axome.cc\/fr\/#website\",\"url\":\"https:\/\/dev.invicta.wp19.axome.cc\/fr\/\",\"name\":\"Invicta\",\"description\":\"Fabricant fran\u00e7ais, sp\u00e9cialiste europ\u00e9en du chauffage au bois : po\u00eales \u00e0 bois et \u00e0 granul\u00e9s, chemin\u00e9es, foyers et inserts\",\"publisher\":{\"@id\":\"https:\/\/dev.invicta.wp19.axome.cc\/fr\/#organization\"},\"potentialAction\":[{\"@type\":\"SearchAction\",\"target\":{\"@type\":\"EntryPoint\",\"urlTemplate\":\"https:\/\/dev.invicta.wp19.axome.cc\/fr\/?s={search_term_string}\"},\"query-input\":{\"@type\":\"PropertyValueSpecification\",\"valueRequired\":true,\"valueName\":\"search_term_string\"}}],\"inLanguage\":\"fr-FR\"},{\"@type\":\"Organization\",\"@id\":\"https:\/\/dev.invicta.wp19.axome.cc\/fr\/#organization\",\"name\":\"Invicta\",\"url\":\"https:\/\/dev.invicta.wp19.axome.cc\/fr\/\",\"logo\":{\"@type\":\"ImageObject\",\"inLanguage\":\"fr-FR\",\"@id\":\"https:\/\/dev.invicta.wp19.axome.cc\/fr\/#\/schema\/logo\/image\/\",\"url\":\"https:\/\/www.invicta.fr\/wp-content\/uploads\/2019\/06\/INVICTALOGO_RVB.png\",\"contentUrl\":\"https:\/\/www.invicta.fr\/wp-content\/uploads\/2019\/06\/INVICTALOGO_RVB.png\",\"width\":1810,\"height\":1280,\"caption\":\"Invicta\"},\"image\":{\"@id\":\"https:\/\/dev.invicta.wp19.axome.cc\/fr\/#\/schema\/logo\/image\/\"}}]}<\/script>\n<!-- \/ Yoast SEO plugin. -->","yoast_head_json":{"title":"Po\u00eale \u00e0 bois en acier et fonte Etanche - Calcias - Invicta","description":"Calcias est unique : une forme elliptique qui apporte chaleur et modernit\u00e9 ; de hautes performances \u00e9nerg\u00e9tiques gr\u00e2ce au foyer en fonte ; et c\u00f4t\u00e9 pratique, un b\u00fbcher en acier pour accueillir vos b\u00fbches.","robots":{"index":"index","follow":"follow","max-snippet":"max-snippet:-1","max-image-preview":"max-image-preview:large","max-video-preview":"max-video-preview:-1"},"canonical":"https:\/\/dev.invicta.wp19.axome.cc\/fr\/produit\/poele-acier-et-fonte-calcias-etanche\/","og_locale":"fr_FR","og_type":"article","og_title":"Po\u00eale \u00e0 bois en acier et fonte Etanche - Calcias - Invicta","og_description":"Calcias est unique : une forme elliptique qui apporte chaleur et modernit\u00e9 ; de hautes performances \u00e9nerg\u00e9tiques gr\u00e2ce au foyer en fonte ; et c\u00f4t\u00e9 pratique, un b\u00fbcher en acier pour accueillir vos b\u00fbches.","og_url":"https:\/\/dev.invicta.wp19.axome.cc\/fr\/produit\/poele-acier-et-fonte-calcias-etanche\/","og_site_name":"Invicta","article_modified_time":"2025-11-26T08:29:07+00:00","og_image":[{"width":1106,"height":622,"url":"https:\/\/dev.invicta.wp19.axome.cc\/wp-content\/uploads\/2025\/06\/A_CALCIAS_web.jpg","type":"image\/jpeg"}],"twitter_card":"summary_large_image","schema":{"@context":"https:\/\/schema.org","@graph":[{"@type":"WebPage","@id":"https:\/\/dev.invicta.wp19.axome.cc\/fr\/produit\/poele-acier-et-fonte-calcias-etanche\/","url":"https:\/\/dev.invicta.wp19.axome.cc\/fr\/produit\/poele-acier-et-fonte-calcias-etanche\/","name":"Po\u00eale \u00e0 bois en acier et fonte Etanche - Calcias - Invicta","isPartOf":{"@id":"https:\/\/dev.invicta.wp19.axome.cc\/fr\/#website"},"primaryImageOfPage":{"@id":"https:\/\/dev.invicta.wp19.axome.cc\/fr\/produit\/poele-acier-et-fonte-calcias-etanche\/#primaryimage"},"image":{"@id":"https:\/\/dev.invicta.wp19.axome.cc\/fr\/produit\/poele-acier-et-fonte-calcias-etanche\/#primaryimage"},"thumbnailUrl":"https:\/\/dev.invicta.wp19.axome.cc\/wp-content\/uploads\/2025\/06\/A_CALCIAS_web.jpg","datePublished":"2025-11-26T07:29:06+00:00","dateModified":"2025-11-26T08:29:07+00:00","description":"Calcias est unique : une forme elliptique qui apporte chaleur et modernit\u00e9 ; de hautes performances \u00e9nerg\u00e9tiques gr\u00e2ce au foyer en fonte ; et c\u00f4t\u00e9 pratique, un b\u00fbcher en acier pour accueillir vos b\u00fbches.","breadcrumb":{"@id":"https:\/\/dev.invicta.wp19.axome.cc\/fr\/produit\/poele-acier-et-fonte-calcias-etanche\/#breadcrumb"},"inLanguage":"fr-FR","potentialAction":[{"@type":"ReadAction","target":["https:\/\/dev.invicta.wp19.axome.cc\/fr\/produit\/poele-acier-et-fonte-calcias-etanche\/"]}]},{"@type":"ImageObject","inLanguage":"fr-FR","@id":"https:\/\/dev.invicta.wp19.axome.cc\/fr\/produit\/poele-acier-et-fonte-calcias-etanche\/#primaryimage","url":"https:\/\/dev.invicta.wp19.axome.cc\/wp-content\/uploads\/2025\/06\/A_CALCIAS_web.jpg","contentUrl":"https:\/\/dev.invicta.wp19.axome.cc\/wp-content\/uploads\/2025\/06\/A_CALCIAS_web.jpg","width":1106,"height":622,"caption":"Po\u00eale \u00e0 bois en acier et fonte Etanche - Calcias"},{"@type":"BreadcrumbList","@id":"https:\/\/dev.invicta.wp19.axome.cc\/fr\/produit\/poele-acier-et-fonte-calcias-etanche\/#breadcrumb","itemListElement":[{"@type":"ListItem","position":1,"name":"Accueil","item":"https:\/\/dev.invicta.wp19.axome.cc\/fr\/"},{"@type":"ListItem","position":2,"name":"Produits","item":"https:\/\/dev.invicta.wp19.axome.cc\/fr\/shop\/"},{"@type":"ListItem","position":3,"name":"Po\u00eales \u00e0 Bois","item":"https:\/\/dev.invicta.wp19.axome.cc\/fr\/categorie-produit\/poeles-bois\/"},{"@type":"ListItem","position":4,"name":"Po\u00eales \u00e0 Bois \u00e9tanches","item":"https:\/\/dev.invicta.wp19.axome.cc\/fr\/categorie-produit\/poeles-bois\/poeles-a-bois-etanches\/"},{"@type":"ListItem","position":5,"name":"Po\u00eale \u00e0 bois en acier et fonte Etanche &#8211; Calcias"}]},{"@type":"WebSite","@id":"https:\/\/dev.invicta.wp19.axome.cc\/fr\/#website","url":"https:\/\/dev.invicta.wp19.axome.cc\/fr\/","name":"Invicta","description":"Fabricant fran\u00e7ais, sp\u00e9cialiste europ\u00e9en du chauffage au bois : po\u00eales \u00e0 bois et \u00e0 granul\u00e9s, chemin\u00e9es, foyers et inserts","publisher":{"@id":"https:\/\/dev.invicta.wp19.axome.cc\/fr\/#organization"},"potentialAction":[{"@type":"SearchAction","target":{"@type":"EntryPoint","urlTemplate":"https:\/\/dev.invicta.wp19.axome.cc\/fr\/?s={search_term_string}"},"query-input":{"@type":"PropertyValueSpecification","valueRequired":true,"valueName":"search_term_string"}}],"inLanguage":"fr-FR"},{"@type":"Organization","@id":"https:\/\/dev.invicta.wp19.axome.cc\/fr\/#organization","name":"Invicta","url":"https:\/\/dev.invicta.wp19.axome.cc\/fr\/","logo":{"@type":"ImageObject","inLanguage":"fr-FR","@id":"https:\/\/dev.invicta.wp19.axome.cc\/fr\/#\/schema\/logo\/image\/","url":"https:\/\/www.invicta.fr\/wp-content\/uploads\/2019\/06\/INVICTALOGO_RVB.png","contentUrl":"https:\/\/www.invicta.fr\/wp-content\/uploads\/2019\/06\/INVICTALOGO_RVB.png","width":1810,"height":1280,"caption":"Invicta"},"image":{"@id":"https:\/\/dev.invicta.wp19.axome.cc\/fr\/#\/schema\/logo\/image\/"}}]}},"_links":{"self":[{"href":"https:\/\/dev.invicta.wp19.axome.cc\/fr\/wp-json\/wp\/v2\/product\/68114","targetHints":{"allow":["GET"]}}],"collection":[{"href":"https:\/\/dev.invicta.wp19.axome.cc\/fr\/wp-json\/wp\/v2\/product"}],"about":[{"href":"https:\/\/dev.invicta.wp19.axome.cc\/fr\/wp-json\/wp\/v2\/types\/product"}],"wp:featuredmedia":[{"embeddable":true,"href":"https:\/\/dev.invicta.wp19.axome.cc\/fr\/wp-json\/wp\/v2\/media\/68116"}],"wp:attachment":[{"href":"https:\/\/dev.invicta.wp19.axome.cc\/fr\/wp-json\/wp\/v2\/media?parent=68114"}],"wp:term":[{"taxonomy":"product_brand","embeddable":true,"href":"https:\/\/dev.invicta.wp19.axome.cc\/fr\/wp-json\/wp\/v2\/product_brand?post=68114"},{"taxonomy":"product_cat","embeddable":true,"href":"https:\/\/dev.invicta.wp19.axome.cc\/fr\/wp-json\/wp\/v2\/product_cat?post=68114"},{"taxonomy":"product_tag","embeddable":true,"href":"https:\/\/dev.invicta.wp19.axome.cc\/fr\/wp-json\/wp\/v2\/product_tag?post=68114"},{"taxonomy":"plus_produit","embeddable":true,"href":"https:\/\/dev.invicta.wp19.axome.cc\/fr\/wp-json\/wp\/v2\/plus_produit?post=68114"}],"curies":[{"name":"wp","href":"https:\/\/api.w.org\/{rel}","templated":true}]}}