{"id":68117,"date":"2025-11-26T08:14:44","date_gmt":"2025-11-26T07:14:44","guid":{"rendered":"https:\/\/dev.invicta.wp19.axome.cc\/produit\/poele-hybride-en-fonte-aratos-plug-in\/"},"modified":"2025-11-26T09:14:47","modified_gmt":"2025-11-26T08:14:47","slug":"poele-fonte-aratos-plug-in-hybride","status":"publish","type":"product","link":"https:\/\/dev.invicta.wp19.axome.cc\/fr\/produit\/poele-fonte-aratos-plug-in-hybride\/","title":{"rendered":"Po\u00eale hybride en fonte Aratos Plug-IN"},"content":{"rendered":"<h3>D\u00e9couvrir en vid\u00e9o<\/h3>\n<p><iframe title=\"PLUGIN 2018 - Invicta\" width=\"500\" height=\"281\" src=\"https:\/\/www.youtube.com\/embed\/6SvXiUP1vkc?feature=oembed\" frameborder=\"0\" allow=\"accelerometer; autoplay; clipboard-write; encrypted-media; gyroscope; picture-in-picture; web-share\" referrerpolicy=\"strict-origin-when-cross-origin\" allowfullscreen><\/iframe><\/p>\n","protected":false},"excerpt":{"rendered":"<p>Hybride, le po\u00eale Aratos Plug-IN fonctionne avec des b\u00fbches pour profiter de belles flamb\u00e9es et ne pas d\u00e9pendre de l&#8217;\u00e9lectricit\u00e9. En mode granul\u00e9s, Aratos Plug-IN diffuse une chaleur douce et r\u00e9gul\u00e9e. Le tout, en silence.<\/p>\n","protected":false},"featured_media":68121,"template":"","meta":{"_acf_changed":false},"product_brand":[],"product_cat":[2117,25,45,5849,26,47,5864,5834,5885,5856,5844],"product_tag":[67,57,7095,58,7096,59,7093,70,66,65,6825],"plus_produit":[612,2105,146,6835,2100,2104,1925,1921,2101],"class_list":{"1":"product","4":"has-post-thumbnail","6":"product_cat-aide-au-choix","7":"product_cat-poeles-bois","8":"product_cat-poeles-hybrides-buches-et-granules","9":"product_cat-poeles-a-bois-7-kw","10":"product_cat-poeles-granules","11":"product_cat-plug-in-poeles-a-granules-nouvelle-generation","12":"product_cat-poeles-a-granules-7-kw","13":"product_cat-poeles-a-granules-design","14":"product_cat-poeles-a-granules-contemporains","15":"product_cat-poeles-a-granules-modernes","16":"product_cat-poeles-a-granules-sortie-dessus","17":"product_tag-plug-in","18":"product_tag-flamme-verte","19":"product_tag-1-flamme-verte-7","20":"product_tag-eco-design-2022","21":"product_tag-2-eco-design-2022","22":"product_tag-a-ecolabel","23":"product_tag-flamme-verte-2","24":"product_tag-hybride-buches-et-granules","25":"product_tag-silencieux-convection-naturelle","26":"product_tag-garantie-2-ans","27":"product_tag-garantie-extension-1-an","28":"pa_autonomie-maximum-27-heures","29":"pa_autonomie-minimum-14-heures","30":"pa_capacite-de-la-tremie-22-kg","31":"pa_combustible-recommande-7946","32":"pa_consommation-0-8-1-6","33":"pa_depart-des-fumees-dessus","34":"pa_designer-b-dequet","35":"pa_diametre-de-buse-10217","36":"pa_indice-de-performance-5571","37":"pa_modulation-de-puissance-35-a-6-kw","38":"pa_surface-de-chauffe-40-a-85-m","39":"pa_taux-de-co-0-09","40":"pa_volume-de-chauffe-100-210-m","41":"plus_produit-air-secondaire-reglable","42":"plus_produit-allumage-et-extinction-en-manuel","43":"plus_produit-appareil-silencieux-a-convection-naturelle","44":"plus_produit-extension-de-garantie-1-an","45":"plus_produit-hybride-buches-et-granules","46":"plus_produit-module-technique-mural-innovant","47":"plus_produit-possibilite-de-pilotage-par-thermostat-externe-non-fourni","48":"plus_produit-regulation-de-lallure-ou-de-la-temperature-ambiante","49":"plus_produit-tirage-naturel","51":"first","52":"instock","53":"purchasable","54":"product-type-simple"},"acf":[],"yoast_head":"<!-- This site is optimized with the Yoast SEO plugin v24.7 - https:\/\/yoast.com\/wordpress\/plugins\/seo\/ -->\n<title>Po\u00eale hybride en fonte Aratos Plug-IN - Invicta<\/title>\n<meta name=\"description\" content=\"Hybride, le po\u00eale Aratos Plug-IN fonctionne avec des b\u00fbches pour profiter de belles flamb\u00e9es et ne pas d\u00e9pendre de l&#039;\u00e9lectricit\u00e9. En mode granul\u00e9s, Aratos Plug-IN diffuse une chaleur douce et r\u00e9gul\u00e9e. Le tout, en silence.\" \/>\n<meta name=\"robots\" content=\"index, follow, max-snippet:-1, max-image-preview:large, max-video-preview:-1\" \/>\n<link rel=\"canonical\" href=\"https:\/\/dev.invicta.wp19.axome.cc\/fr\/produit\/poele-fonte-aratos-plug-in-hybride\/\" \/>\n<meta property=\"og:locale\" content=\"fr_FR\" \/>\n<meta property=\"og:type\" content=\"article\" \/>\n<meta property=\"og:title\" content=\"Po\u00eale hybride en fonte Aratos Plug-IN - Invicta\" \/>\n<meta property=\"og:description\" content=\"Hybride, le po\u00eale Aratos Plug-IN fonctionne avec des b\u00fbches pour profiter de belles flamb\u00e9es et ne pas d\u00e9pendre de l&#039;\u00e9lectricit\u00e9. En mode granul\u00e9s, Aratos Plug-IN diffuse une chaleur douce et r\u00e9gul\u00e9e. Le tout, en silence.\" \/>\n<meta property=\"og:url\" content=\"https:\/\/dev.invicta.wp19.axome.cc\/fr\/produit\/poele-fonte-aratos-plug-in-hybride\/\" \/>\n<meta property=\"og:site_name\" content=\"Invicta\" \/>\n<meta property=\"article:modified_time\" content=\"2025-11-26T08:14:47+00:00\" \/>\n<meta property=\"og:image\" content=\"https:\/\/dev.invicta.wp19.axome.cc\/wp-content\/uploads\/2025\/06\/aratos_1071_ambiance.jpg\" \/>\n\t<meta property=\"og:image:width\" content=\"1618\" \/>\n\t<meta property=\"og:image:height\" content=\"1080\" \/>\n\t<meta property=\"og:image:type\" content=\"image\/jpeg\" \/>\n<meta name=\"twitter:card\" content=\"summary_large_image\" \/>\n<script type=\"application\/ld+json\" class=\"yoast-schema-graph\">{\"@context\":\"https:\/\/schema.org\",\"@graph\":[{\"@type\":\"WebPage\",\"@id\":\"https:\/\/dev.invicta.wp19.axome.cc\/fr\/produit\/poele-fonte-aratos-plug-in-hybride\/\",\"url\":\"https:\/\/dev.invicta.wp19.axome.cc\/fr\/produit\/poele-fonte-aratos-plug-in-hybride\/\",\"name\":\"Po\u00eale hybride en fonte Aratos Plug-IN - Invicta\",\"isPartOf\":{\"@id\":\"https:\/\/dev.invicta.wp19.axome.cc\/fr\/#website\"},\"primaryImageOfPage\":{\"@id\":\"https:\/\/dev.invicta.wp19.axome.cc\/fr\/produit\/poele-fonte-aratos-plug-in-hybride\/#primaryimage\"},\"image\":{\"@id\":\"https:\/\/dev.invicta.wp19.axome.cc\/fr\/produit\/poele-fonte-aratos-plug-in-hybride\/#primaryimage\"},\"thumbnailUrl\":\"https:\/\/dev.invicta.wp19.axome.cc\/wp-content\/uploads\/2025\/06\/aratos_1071_ambiance.jpg\",\"datePublished\":\"2025-11-26T07:14:44+00:00\",\"dateModified\":\"2025-11-26T08:14:47+00:00\",\"description\":\"Hybride, le po\u00eale Aratos Plug-IN fonctionne avec des b\u00fbches pour profiter de belles flamb\u00e9es et ne pas d\u00e9pendre de l'\u00e9lectricit\u00e9. En mode granul\u00e9s, Aratos Plug-IN diffuse une chaleur douce et r\u00e9gul\u00e9e. Le tout, en silence.\",\"breadcrumb\":{\"@id\":\"https:\/\/dev.invicta.wp19.axome.cc\/fr\/produit\/poele-fonte-aratos-plug-in-hybride\/#breadcrumb\"},\"inLanguage\":\"fr-FR\",\"potentialAction\":[{\"@type\":\"ReadAction\",\"target\":[\"https:\/\/dev.invicta.wp19.axome.cc\/fr\/produit\/poele-fonte-aratos-plug-in-hybride\/\"]}]},{\"@type\":\"ImageObject\",\"inLanguage\":\"fr-FR\",\"@id\":\"https:\/\/dev.invicta.wp19.axome.cc\/fr\/produit\/poele-fonte-aratos-plug-in-hybride\/#primaryimage\",\"url\":\"https:\/\/dev.invicta.wp19.axome.cc\/wp-content\/uploads\/2025\/06\/aratos_1071_ambiance.jpg\",\"contentUrl\":\"https:\/\/dev.invicta.wp19.axome.cc\/wp-content\/uploads\/2025\/06\/aratos_1071_ambiance.jpg\",\"width\":1618,\"height\":1080,\"caption\":\"Po\u00eale hybride en fonte Aratos Plug-IN\"},{\"@type\":\"BreadcrumbList\",\"@id\":\"https:\/\/dev.invicta.wp19.axome.cc\/fr\/produit\/poele-fonte-aratos-plug-in-hybride\/#breadcrumb\",\"itemListElement\":[{\"@type\":\"ListItem\",\"position\":1,\"name\":\"Accueil\",\"item\":\"https:\/\/dev.invicta.wp19.axome.cc\/fr\/\"},{\"@type\":\"ListItem\",\"position\":2,\"name\":\"Produits\",\"item\":\"https:\/\/dev.invicta.wp19.axome.cc\/fr\/shop\/\"},{\"@type\":\"ListItem\",\"position\":3,\"name\":\"Po\u00eales \u00e0 Bois\",\"item\":\"https:\/\/dev.invicta.wp19.axome.cc\/fr\/categorie-produit\/poeles-bois\/\"},{\"@type\":\"ListItem\",\"position\":4,\"name\":\"Po\u00eales Hybrides b\u00fbches et granul\u00e9s\",\"item\":\"https:\/\/dev.invicta.wp19.axome.cc\/fr\/categorie-produit\/poeles-bois\/poeles-hybrides-buches-et-granules\/\"},{\"@type\":\"ListItem\",\"position\":5,\"name\":\"Po\u00eale hybride en fonte Aratos Plug-IN\"}]},{\"@type\":\"WebSite\",\"@id\":\"https:\/\/dev.invicta.wp19.axome.cc\/fr\/#website\",\"url\":\"https:\/\/dev.invicta.wp19.axome.cc\/fr\/\",\"name\":\"Invicta\",\"description\":\"Fabricant fran\u00e7ais, sp\u00e9cialiste europ\u00e9en du chauffage au bois : po\u00eales \u00e0 bois et \u00e0 granul\u00e9s, chemin\u00e9es, foyers et inserts\",\"publisher\":{\"@id\":\"https:\/\/dev.invicta.wp19.axome.cc\/fr\/#organization\"},\"potentialAction\":[{\"@type\":\"SearchAction\",\"target\":{\"@type\":\"EntryPoint\",\"urlTemplate\":\"https:\/\/dev.invicta.wp19.axome.cc\/fr\/?s={search_term_string}\"},\"query-input\":{\"@type\":\"PropertyValueSpecification\",\"valueRequired\":true,\"valueName\":\"search_term_string\"}}],\"inLanguage\":\"fr-FR\"},{\"@type\":\"Organization\",\"@id\":\"https:\/\/dev.invicta.wp19.axome.cc\/fr\/#organization\",\"name\":\"Invicta\",\"url\":\"https:\/\/dev.invicta.wp19.axome.cc\/fr\/\",\"logo\":{\"@type\":\"ImageObject\",\"inLanguage\":\"fr-FR\",\"@id\":\"https:\/\/dev.invicta.wp19.axome.cc\/fr\/#\/schema\/logo\/image\/\",\"url\":\"https:\/\/www.invicta.fr\/wp-content\/uploads\/2019\/06\/INVICTALOGO_RVB.png\",\"contentUrl\":\"https:\/\/www.invicta.fr\/wp-content\/uploads\/2019\/06\/INVICTALOGO_RVB.png\",\"width\":1810,\"height\":1280,\"caption\":\"Invicta\"},\"image\":{\"@id\":\"https:\/\/dev.invicta.wp19.axome.cc\/fr\/#\/schema\/logo\/image\/\"}}]}<\/script>\n<!-- \/ Yoast SEO plugin. -->","yoast_head_json":{"title":"Po\u00eale hybride en fonte Aratos Plug-IN - Invicta","description":"Hybride, le po\u00eale Aratos Plug-IN fonctionne avec des b\u00fbches pour profiter de belles flamb\u00e9es et ne pas d\u00e9pendre de l'\u00e9lectricit\u00e9. En mode granul\u00e9s, Aratos Plug-IN diffuse une chaleur douce et r\u00e9gul\u00e9e. Le tout, en silence.","robots":{"index":"index","follow":"follow","max-snippet":"max-snippet:-1","max-image-preview":"max-image-preview:large","max-video-preview":"max-video-preview:-1"},"canonical":"https:\/\/dev.invicta.wp19.axome.cc\/fr\/produit\/poele-fonte-aratos-plug-in-hybride\/","og_locale":"fr_FR","og_type":"article","og_title":"Po\u00eale hybride en fonte Aratos Plug-IN - Invicta","og_description":"Hybride, le po\u00eale Aratos Plug-IN fonctionne avec des b\u00fbches pour profiter de belles flamb\u00e9es et ne pas d\u00e9pendre de l'\u00e9lectricit\u00e9. En mode granul\u00e9s, Aratos Plug-IN diffuse une chaleur douce et r\u00e9gul\u00e9e. Le tout, en silence.","og_url":"https:\/\/dev.invicta.wp19.axome.cc\/fr\/produit\/poele-fonte-aratos-plug-in-hybride\/","og_site_name":"Invicta","article_modified_time":"2025-11-26T08:14:47+00:00","og_image":[{"width":1618,"height":1080,"url":"https:\/\/dev.invicta.wp19.axome.cc\/wp-content\/uploads\/2025\/06\/aratos_1071_ambiance.jpg","type":"image\/jpeg"}],"twitter_card":"summary_large_image","schema":{"@context":"https:\/\/schema.org","@graph":[{"@type":"WebPage","@id":"https:\/\/dev.invicta.wp19.axome.cc\/fr\/produit\/poele-fonte-aratos-plug-in-hybride\/","url":"https:\/\/dev.invicta.wp19.axome.cc\/fr\/produit\/poele-fonte-aratos-plug-in-hybride\/","name":"Po\u00eale hybride en fonte Aratos Plug-IN - Invicta","isPartOf":{"@id":"https:\/\/dev.invicta.wp19.axome.cc\/fr\/#website"},"primaryImageOfPage":{"@id":"https:\/\/dev.invicta.wp19.axome.cc\/fr\/produit\/poele-fonte-aratos-plug-in-hybride\/#primaryimage"},"image":{"@id":"https:\/\/dev.invicta.wp19.axome.cc\/fr\/produit\/poele-fonte-aratos-plug-in-hybride\/#primaryimage"},"thumbnailUrl":"https:\/\/dev.invicta.wp19.axome.cc\/wp-content\/uploads\/2025\/06\/aratos_1071_ambiance.jpg","datePublished":"2025-11-26T07:14:44+00:00","dateModified":"2025-11-26T08:14:47+00:00","description":"Hybride, le po\u00eale Aratos Plug-IN fonctionne avec des b\u00fbches pour profiter de belles flamb\u00e9es et ne pas d\u00e9pendre de l'\u00e9lectricit\u00e9. En mode granul\u00e9s, Aratos Plug-IN diffuse une chaleur douce et r\u00e9gul\u00e9e. Le tout, en silence.","breadcrumb":{"@id":"https:\/\/dev.invicta.wp19.axome.cc\/fr\/produit\/poele-fonte-aratos-plug-in-hybride\/#breadcrumb"},"inLanguage":"fr-FR","potentialAction":[{"@type":"ReadAction","target":["https:\/\/dev.invicta.wp19.axome.cc\/fr\/produit\/poele-fonte-aratos-plug-in-hybride\/"]}]},{"@type":"ImageObject","inLanguage":"fr-FR","@id":"https:\/\/dev.invicta.wp19.axome.cc\/fr\/produit\/poele-fonte-aratos-plug-in-hybride\/#primaryimage","url":"https:\/\/dev.invicta.wp19.axome.cc\/wp-content\/uploads\/2025\/06\/aratos_1071_ambiance.jpg","contentUrl":"https:\/\/dev.invicta.wp19.axome.cc\/wp-content\/uploads\/2025\/06\/aratos_1071_ambiance.jpg","width":1618,"height":1080,"caption":"Po\u00eale hybride en fonte Aratos Plug-IN"},{"@type":"BreadcrumbList","@id":"https:\/\/dev.invicta.wp19.axome.cc\/fr\/produit\/poele-fonte-aratos-plug-in-hybride\/#breadcrumb","itemListElement":[{"@type":"ListItem","position":1,"name":"Accueil","item":"https:\/\/dev.invicta.wp19.axome.cc\/fr\/"},{"@type":"ListItem","position":2,"name":"Produits","item":"https:\/\/dev.invicta.wp19.axome.cc\/fr\/shop\/"},{"@type":"ListItem","position":3,"name":"Po\u00eales \u00e0 Bois","item":"https:\/\/dev.invicta.wp19.axome.cc\/fr\/categorie-produit\/poeles-bois\/"},{"@type":"ListItem","position":4,"name":"Po\u00eales Hybrides b\u00fbches et granul\u00e9s","item":"https:\/\/dev.invicta.wp19.axome.cc\/fr\/categorie-produit\/poeles-bois\/poeles-hybrides-buches-et-granules\/"},{"@type":"ListItem","position":5,"name":"Po\u00eale hybride en fonte Aratos Plug-IN"}]},{"@type":"WebSite","@id":"https:\/\/dev.invicta.wp19.axome.cc\/fr\/#website","url":"https:\/\/dev.invicta.wp19.axome.cc\/fr\/","name":"Invicta","description":"Fabricant fran\u00e7ais, sp\u00e9cialiste europ\u00e9en du chauffage au bois : po\u00eales \u00e0 bois et \u00e0 granul\u00e9s, chemin\u00e9es, foyers et inserts","publisher":{"@id":"https:\/\/dev.invicta.wp19.axome.cc\/fr\/#organization"},"potentialAction":[{"@type":"SearchAction","target":{"@type":"EntryPoint","urlTemplate":"https:\/\/dev.invicta.wp19.axome.cc\/fr\/?s={search_term_string}"},"query-input":{"@type":"PropertyValueSpecification","valueRequired":true,"valueName":"search_term_string"}}],"inLanguage":"fr-FR"},{"@type":"Organization","@id":"https:\/\/dev.invicta.wp19.axome.cc\/fr\/#organization","name":"Invicta","url":"https:\/\/dev.invicta.wp19.axome.cc\/fr\/","logo":{"@type":"ImageObject","inLanguage":"fr-FR","@id":"https:\/\/dev.invicta.wp19.axome.cc\/fr\/#\/schema\/logo\/image\/","url":"https:\/\/www.invicta.fr\/wp-content\/uploads\/2019\/06\/INVICTALOGO_RVB.png","contentUrl":"https:\/\/www.invicta.fr\/wp-content\/uploads\/2019\/06\/INVICTALOGO_RVB.png","width":1810,"height":1280,"caption":"Invicta"},"image":{"@id":"https:\/\/dev.invicta.wp19.axome.cc\/fr\/#\/schema\/logo\/image\/"}}]}},"_links":{"self":[{"href":"https:\/\/dev.invicta.wp19.axome.cc\/fr\/wp-json\/wp\/v2\/product\/68117","targetHints":{"allow":["GET"]}}],"collection":[{"href":"https:\/\/dev.invicta.wp19.axome.cc\/fr\/wp-json\/wp\/v2\/product"}],"about":[{"href":"https:\/\/dev.invicta.wp19.axome.cc\/fr\/wp-json\/wp\/v2\/types\/product"}],"wp:featuredmedia":[{"embeddable":true,"href":"https:\/\/dev.invicta.wp19.axome.cc\/fr\/wp-json\/wp\/v2\/media\/68121"}],"wp:attachment":[{"href":"https:\/\/dev.invicta.wp19.axome.cc\/fr\/wp-json\/wp\/v2\/media?parent=68117"}],"wp:term":[{"taxonomy":"product_brand","embeddable":true,"href":"https:\/\/dev.invicta.wp19.axome.cc\/fr\/wp-json\/wp\/v2\/product_brand?post=68117"},{"taxonomy":"product_cat","embeddable":true,"href":"https:\/\/dev.invicta.wp19.axome.cc\/fr\/wp-json\/wp\/v2\/product_cat?post=68117"},{"taxonomy":"product_tag","embeddable":true,"href":"https:\/\/dev.invicta.wp19.axome.cc\/fr\/wp-json\/wp\/v2\/product_tag?post=68117"},{"taxonomy":"plus_produit","embeddable":true,"href":"https:\/\/dev.invicta.wp19.axome.cc\/fr\/wp-json\/wp\/v2\/plus_produit?post=68117"}],"curies":[{"name":"wp","href":"https:\/\/api.w.org\/{rel}","templated":true}]}}