{"id":68134,"date":"2025-11-26T08:07:34","date_gmt":"2025-11-26T07:07:34","guid":{"rendered":"https:\/\/dev.invicta.wp19.axome.cc\/produit\/poele-hybride-en-fonte-carolo-mix\/"},"modified":"2025-11-26T09:07:36","modified_gmt":"2025-11-26T08:07:36","slug":"poele-carolo-mix","status":"publish","type":"product","link":"https:\/\/dev.invicta.wp19.axome.cc\/fr\/produit\/poele-carolo-mix\/","title":{"rendered":"Po\u00eale hybride en fonte Carolo Mix"},"content":{"rendered":"","protected":false},"excerpt":{"rendered":"<p>Pour ceux qui h\u00e9sitent entre les avantages d&#8217;un po\u00eale \u00e0 b\u00fbches et ceux d&#8217;un po\u00eale \u00e0 granul\u00e9s, voici Carolo Mix. Ce po\u00eale allie les avantages des deux combustibles. Simple d&#8217;utilisation, il passe ais\u00e9ment d&#8217;une fonction \u00e0 l&#8217;autre. Avec son design chaleureux, il saura vous charmer.<\/p>\n","protected":false},"featured_media":68136,"template":"","meta":{"_acf_changed":false},"product_brand":[],"product_cat":[2117,25,45,5849],"product_tag":[57,7095,58,7096,59,7107,7093,70,53,66,7094,65,6825],"plus_produit":[612,146,131,6835,2100,1919,129,130],"class_list":{"1":"product","4":"has-post-thumbnail","6":"product_cat-aide-au-choix","7":"product_cat-poeles-bois","8":"product_cat-poeles-hybrides-buches-et-granules","9":"product_cat-poeles-a-bois-7-kw","10":"product_tag-flamme-verte","11":"product_tag-1-flamme-verte-7","12":"product_tag-eco-design-2022","13":"product_tag-2-eco-design-2022","14":"product_tag-a-ecolabel","15":"product_tag-combustion-prolongee","16":"product_tag-flamme-verte-2","17":"product_tag-hybride-buches-et-granules","18":"product_tag-post-combustion","19":"product_tag-silencieux-convection-naturelle","20":"product_tag-vitre-propre","21":"product_tag-garantie-2-ans","22":"product_tag-garantie-extension-1-an","23":"pa_autonomie-maximum-17-heures","24":"pa_autonomie-minimum-8-hours","25":"pa_combustible-recommande-25-2","26":"pa_consommation-0-85-1-9","27":"pa_depart-des-fumees-dessus","28":"pa_designer-non-utilise","29":"pa_diametre-de-buse-10217","30":"pa_indice-de-performance-5582","31":"pa_modulation-de-puissance-35-a-65-kw","32":"pa_surface-de-chauffe-40-a-85-m","33":"pa_taux-de-co-0-08","34":"pa_volume-de-chauffe-100-210-m","35":"plus_produit-air-secondaire-reglable","36":"plus_produit-appareil-silencieux-a-convection-naturelle","37":"plus_produit-combustion-prolongee-8-heures","38":"plus_produit-extension-de-garantie-1-an","39":"plus_produit-hybride-buches-et-granules","40":"plus_produit-origine-france-garantie","41":"plus_produit-systeme-de-post-combustion","42":"plus_produit-vitre-propre","44":"first","45":"instock","46":"product-type-simple"},"acf":[],"yoast_head":"<!-- This site is optimized with the Yoast SEO plugin v24.7 - https:\/\/yoast.com\/wordpress\/plugins\/seo\/ -->\n<title>Po\u00eale hybride en fonte Carolo Mix - Invicta<\/title>\n<meta name=\"description\" content=\"Pour ceux qui h\u00e9sitent entre les avantages d&#039;un po\u00eale \u00e0 b\u00fbches et ceux d&#039;un po\u00eale \u00e0 granul\u00e9s, voici Carolo Mix. Ce po\u00eale allie les avantages des deux combustibles. Simple d&#039;utilisation, il passe ais\u00e9ment d&#039;une fonction \u00e0 l&#039;autre. Avec son design chaleureux, il saura vous charmer.\" \/>\n<meta name=\"robots\" content=\"index, follow, max-snippet:-1, max-image-preview:large, max-video-preview:-1\" \/>\n<link rel=\"canonical\" href=\"https:\/\/dev.invicta.wp19.axome.cc\/fr\/produit\/poele-carolo-mix\/\" \/>\n<meta property=\"og:locale\" content=\"fr_FR\" \/>\n<meta property=\"og:type\" content=\"article\" \/>\n<meta property=\"og:title\" content=\"Po\u00eale hybride en fonte Carolo Mix - Invicta\" \/>\n<meta property=\"og:description\" content=\"Pour ceux qui h\u00e9sitent entre les avantages d&#039;un po\u00eale \u00e0 b\u00fbches et ceux d&#039;un po\u00eale \u00e0 granul\u00e9s, voici Carolo Mix. Ce po\u00eale allie les avantages des deux combustibles. Simple d&#039;utilisation, il passe ais\u00e9ment d&#039;une fonction \u00e0 l&#039;autre. Avec son design chaleureux, il saura vous charmer.\" \/>\n<meta property=\"og:url\" content=\"https:\/\/dev.invicta.wp19.axome.cc\/fr\/produit\/poele-carolo-mix\/\" \/>\n<meta property=\"og:site_name\" content=\"Invicta\" \/>\n<meta property=\"article:modified_time\" content=\"2025-11-26T08:07:36+00:00\" \/>\n<meta property=\"og:image\" content=\"https:\/\/dev.invicta.wp19.axome.cc\/wp-content\/uploads\/2025\/06\/carolo-mix-poele-ambiance.jpg\" \/>\n\t<meta property=\"og:image:width\" content=\"684\" \/>\n\t<meta property=\"og:image:height\" content=\"900\" \/>\n\t<meta property=\"og:image:type\" content=\"image\/jpeg\" \/>\n<meta name=\"twitter:card\" content=\"summary_large_image\" \/>\n<script type=\"application\/ld+json\" class=\"yoast-schema-graph\">{\"@context\":\"https:\/\/schema.org\",\"@graph\":[{\"@type\":\"WebPage\",\"@id\":\"https:\/\/dev.invicta.wp19.axome.cc\/fr\/produit\/poele-carolo-mix\/\",\"url\":\"https:\/\/dev.invicta.wp19.axome.cc\/fr\/produit\/poele-carolo-mix\/\",\"name\":\"Po\u00eale hybride en fonte Carolo Mix - Invicta\",\"isPartOf\":{\"@id\":\"https:\/\/dev.invicta.wp19.axome.cc\/fr\/#website\"},\"primaryImageOfPage\":{\"@id\":\"https:\/\/dev.invicta.wp19.axome.cc\/fr\/produit\/poele-carolo-mix\/#primaryimage\"},\"image\":{\"@id\":\"https:\/\/dev.invicta.wp19.axome.cc\/fr\/produit\/poele-carolo-mix\/#primaryimage\"},\"thumbnailUrl\":\"https:\/\/dev.invicta.wp19.axome.cc\/wp-content\/uploads\/2025\/06\/carolo-mix-poele-ambiance.jpg\",\"datePublished\":\"2025-11-26T07:07:34+00:00\",\"dateModified\":\"2025-11-26T08:07:36+00:00\",\"description\":\"Pour ceux qui h\u00e9sitent entre les avantages d'un po\u00eale \u00e0 b\u00fbches et ceux d'un po\u00eale \u00e0 granul\u00e9s, voici Carolo Mix. Ce po\u00eale allie les avantages des deux combustibles. Simple d'utilisation, il passe ais\u00e9ment d'une fonction \u00e0 l'autre. Avec son design chaleureux, il saura vous charmer.\",\"breadcrumb\":{\"@id\":\"https:\/\/dev.invicta.wp19.axome.cc\/fr\/produit\/poele-carolo-mix\/#breadcrumb\"},\"inLanguage\":\"fr-FR\",\"potentialAction\":[{\"@type\":\"ReadAction\",\"target\":[\"https:\/\/dev.invicta.wp19.axome.cc\/fr\/produit\/poele-carolo-mix\/\"]}]},{\"@type\":\"ImageObject\",\"inLanguage\":\"fr-FR\",\"@id\":\"https:\/\/dev.invicta.wp19.axome.cc\/fr\/produit\/poele-carolo-mix\/#primaryimage\",\"url\":\"https:\/\/dev.invicta.wp19.axome.cc\/wp-content\/uploads\/2025\/06\/carolo-mix-poele-ambiance.jpg\",\"contentUrl\":\"https:\/\/dev.invicta.wp19.axome.cc\/wp-content\/uploads\/2025\/06\/carolo-mix-poele-ambiance.jpg\",\"width\":684,\"height\":900,\"caption\":\"Po\u00eale hybride en fonte Carolo Mix\"},{\"@type\":\"BreadcrumbList\",\"@id\":\"https:\/\/dev.invicta.wp19.axome.cc\/fr\/produit\/poele-carolo-mix\/#breadcrumb\",\"itemListElement\":[{\"@type\":\"ListItem\",\"position\":1,\"name\":\"Accueil\",\"item\":\"https:\/\/dev.invicta.wp19.axome.cc\/fr\/\"},{\"@type\":\"ListItem\",\"position\":2,\"name\":\"Produits\",\"item\":\"https:\/\/dev.invicta.wp19.axome.cc\/fr\/shop\/\"},{\"@type\":\"ListItem\",\"position\":3,\"name\":\"Po\u00eales \u00e0 Bois\",\"item\":\"https:\/\/dev.invicta.wp19.axome.cc\/fr\/categorie-produit\/poeles-bois\/\"},{\"@type\":\"ListItem\",\"position\":4,\"name\":\"Po\u00eales Hybrides b\u00fbches et granul\u00e9s\",\"item\":\"https:\/\/dev.invicta.wp19.axome.cc\/fr\/categorie-produit\/poeles-bois\/poeles-hybrides-buches-et-granules\/\"},{\"@type\":\"ListItem\",\"position\":5,\"name\":\"Po\u00eale hybride en fonte Carolo Mix\"}]},{\"@type\":\"WebSite\",\"@id\":\"https:\/\/dev.invicta.wp19.axome.cc\/fr\/#website\",\"url\":\"https:\/\/dev.invicta.wp19.axome.cc\/fr\/\",\"name\":\"Invicta\",\"description\":\"Fabricant fran\u00e7ais, sp\u00e9cialiste europ\u00e9en du chauffage au bois : po\u00eales \u00e0 bois et \u00e0 granul\u00e9s, chemin\u00e9es, foyers et inserts\",\"publisher\":{\"@id\":\"https:\/\/dev.invicta.wp19.axome.cc\/fr\/#organization\"},\"potentialAction\":[{\"@type\":\"SearchAction\",\"target\":{\"@type\":\"EntryPoint\",\"urlTemplate\":\"https:\/\/dev.invicta.wp19.axome.cc\/fr\/?s={search_term_string}\"},\"query-input\":{\"@type\":\"PropertyValueSpecification\",\"valueRequired\":true,\"valueName\":\"search_term_string\"}}],\"inLanguage\":\"fr-FR\"},{\"@type\":\"Organization\",\"@id\":\"https:\/\/dev.invicta.wp19.axome.cc\/fr\/#organization\",\"name\":\"Invicta\",\"url\":\"https:\/\/dev.invicta.wp19.axome.cc\/fr\/\",\"logo\":{\"@type\":\"ImageObject\",\"inLanguage\":\"fr-FR\",\"@id\":\"https:\/\/dev.invicta.wp19.axome.cc\/fr\/#\/schema\/logo\/image\/\",\"url\":\"https:\/\/www.invicta.fr\/wp-content\/uploads\/2019\/06\/INVICTALOGO_RVB.png\",\"contentUrl\":\"https:\/\/www.invicta.fr\/wp-content\/uploads\/2019\/06\/INVICTALOGO_RVB.png\",\"width\":1810,\"height\":1280,\"caption\":\"Invicta\"},\"image\":{\"@id\":\"https:\/\/dev.invicta.wp19.axome.cc\/fr\/#\/schema\/logo\/image\/\"}}]}<\/script>\n<!-- \/ Yoast SEO plugin. -->","yoast_head_json":{"title":"Po\u00eale hybride en fonte Carolo Mix - Invicta","description":"Pour ceux qui h\u00e9sitent entre les avantages d'un po\u00eale \u00e0 b\u00fbches et ceux d'un po\u00eale \u00e0 granul\u00e9s, voici Carolo Mix. Ce po\u00eale allie les avantages des deux combustibles. Simple d'utilisation, il passe ais\u00e9ment d'une fonction \u00e0 l'autre. Avec son design chaleureux, il saura vous charmer.","robots":{"index":"index","follow":"follow","max-snippet":"max-snippet:-1","max-image-preview":"max-image-preview:large","max-video-preview":"max-video-preview:-1"},"canonical":"https:\/\/dev.invicta.wp19.axome.cc\/fr\/produit\/poele-carolo-mix\/","og_locale":"fr_FR","og_type":"article","og_title":"Po\u00eale hybride en fonte Carolo Mix - Invicta","og_description":"Pour ceux qui h\u00e9sitent entre les avantages d'un po\u00eale \u00e0 b\u00fbches et ceux d'un po\u00eale \u00e0 granul\u00e9s, voici Carolo Mix. Ce po\u00eale allie les avantages des deux combustibles. Simple d'utilisation, il passe ais\u00e9ment d'une fonction \u00e0 l'autre. Avec son design chaleureux, il saura vous charmer.","og_url":"https:\/\/dev.invicta.wp19.axome.cc\/fr\/produit\/poele-carolo-mix\/","og_site_name":"Invicta","article_modified_time":"2025-11-26T08:07:36+00:00","og_image":[{"width":684,"height":900,"url":"https:\/\/dev.invicta.wp19.axome.cc\/wp-content\/uploads\/2025\/06\/carolo-mix-poele-ambiance.jpg","type":"image\/jpeg"}],"twitter_card":"summary_large_image","schema":{"@context":"https:\/\/schema.org","@graph":[{"@type":"WebPage","@id":"https:\/\/dev.invicta.wp19.axome.cc\/fr\/produit\/poele-carolo-mix\/","url":"https:\/\/dev.invicta.wp19.axome.cc\/fr\/produit\/poele-carolo-mix\/","name":"Po\u00eale hybride en fonte Carolo Mix - Invicta","isPartOf":{"@id":"https:\/\/dev.invicta.wp19.axome.cc\/fr\/#website"},"primaryImageOfPage":{"@id":"https:\/\/dev.invicta.wp19.axome.cc\/fr\/produit\/poele-carolo-mix\/#primaryimage"},"image":{"@id":"https:\/\/dev.invicta.wp19.axome.cc\/fr\/produit\/poele-carolo-mix\/#primaryimage"},"thumbnailUrl":"https:\/\/dev.invicta.wp19.axome.cc\/wp-content\/uploads\/2025\/06\/carolo-mix-poele-ambiance.jpg","datePublished":"2025-11-26T07:07:34+00:00","dateModified":"2025-11-26T08:07:36+00:00","description":"Pour ceux qui h\u00e9sitent entre les avantages d'un po\u00eale \u00e0 b\u00fbches et ceux d'un po\u00eale \u00e0 granul\u00e9s, voici Carolo Mix. Ce po\u00eale allie les avantages des deux combustibles. Simple d'utilisation, il passe ais\u00e9ment d'une fonction \u00e0 l'autre. Avec son design chaleureux, il saura vous charmer.","breadcrumb":{"@id":"https:\/\/dev.invicta.wp19.axome.cc\/fr\/produit\/poele-carolo-mix\/#breadcrumb"},"inLanguage":"fr-FR","potentialAction":[{"@type":"ReadAction","target":["https:\/\/dev.invicta.wp19.axome.cc\/fr\/produit\/poele-carolo-mix\/"]}]},{"@type":"ImageObject","inLanguage":"fr-FR","@id":"https:\/\/dev.invicta.wp19.axome.cc\/fr\/produit\/poele-carolo-mix\/#primaryimage","url":"https:\/\/dev.invicta.wp19.axome.cc\/wp-content\/uploads\/2025\/06\/carolo-mix-poele-ambiance.jpg","contentUrl":"https:\/\/dev.invicta.wp19.axome.cc\/wp-content\/uploads\/2025\/06\/carolo-mix-poele-ambiance.jpg","width":684,"height":900,"caption":"Po\u00eale hybride en fonte Carolo Mix"},{"@type":"BreadcrumbList","@id":"https:\/\/dev.invicta.wp19.axome.cc\/fr\/produit\/poele-carolo-mix\/#breadcrumb","itemListElement":[{"@type":"ListItem","position":1,"name":"Accueil","item":"https:\/\/dev.invicta.wp19.axome.cc\/fr\/"},{"@type":"ListItem","position":2,"name":"Produits","item":"https:\/\/dev.invicta.wp19.axome.cc\/fr\/shop\/"},{"@type":"ListItem","position":3,"name":"Po\u00eales \u00e0 Bois","item":"https:\/\/dev.invicta.wp19.axome.cc\/fr\/categorie-produit\/poeles-bois\/"},{"@type":"ListItem","position":4,"name":"Po\u00eales Hybrides b\u00fbches et granul\u00e9s","item":"https:\/\/dev.invicta.wp19.axome.cc\/fr\/categorie-produit\/poeles-bois\/poeles-hybrides-buches-et-granules\/"},{"@type":"ListItem","position":5,"name":"Po\u00eale hybride en fonte Carolo Mix"}]},{"@type":"WebSite","@id":"https:\/\/dev.invicta.wp19.axome.cc\/fr\/#website","url":"https:\/\/dev.invicta.wp19.axome.cc\/fr\/","name":"Invicta","description":"Fabricant fran\u00e7ais, sp\u00e9cialiste europ\u00e9en du chauffage au bois : po\u00eales \u00e0 bois et \u00e0 granul\u00e9s, chemin\u00e9es, foyers et inserts","publisher":{"@id":"https:\/\/dev.invicta.wp19.axome.cc\/fr\/#organization"},"potentialAction":[{"@type":"SearchAction","target":{"@type":"EntryPoint","urlTemplate":"https:\/\/dev.invicta.wp19.axome.cc\/fr\/?s={search_term_string}"},"query-input":{"@type":"PropertyValueSpecification","valueRequired":true,"valueName":"search_term_string"}}],"inLanguage":"fr-FR"},{"@type":"Organization","@id":"https:\/\/dev.invicta.wp19.axome.cc\/fr\/#organization","name":"Invicta","url":"https:\/\/dev.invicta.wp19.axome.cc\/fr\/","logo":{"@type":"ImageObject","inLanguage":"fr-FR","@id":"https:\/\/dev.invicta.wp19.axome.cc\/fr\/#\/schema\/logo\/image\/","url":"https:\/\/www.invicta.fr\/wp-content\/uploads\/2019\/06\/INVICTALOGO_RVB.png","contentUrl":"https:\/\/www.invicta.fr\/wp-content\/uploads\/2019\/06\/INVICTALOGO_RVB.png","width":1810,"height":1280,"caption":"Invicta"},"image":{"@id":"https:\/\/dev.invicta.wp19.axome.cc\/fr\/#\/schema\/logo\/image\/"}}]}},"_links":{"self":[{"href":"https:\/\/dev.invicta.wp19.axome.cc\/fr\/wp-json\/wp\/v2\/product\/68134","targetHints":{"allow":["GET"]}}],"collection":[{"href":"https:\/\/dev.invicta.wp19.axome.cc\/fr\/wp-json\/wp\/v2\/product"}],"about":[{"href":"https:\/\/dev.invicta.wp19.axome.cc\/fr\/wp-json\/wp\/v2\/types\/product"}],"wp:featuredmedia":[{"embeddable":true,"href":"https:\/\/dev.invicta.wp19.axome.cc\/fr\/wp-json\/wp\/v2\/media\/68136"}],"wp:attachment":[{"href":"https:\/\/dev.invicta.wp19.axome.cc\/fr\/wp-json\/wp\/v2\/media?parent=68134"}],"wp:term":[{"taxonomy":"product_brand","embeddable":true,"href":"https:\/\/dev.invicta.wp19.axome.cc\/fr\/wp-json\/wp\/v2\/product_brand?post=68134"},{"taxonomy":"product_cat","embeddable":true,"href":"https:\/\/dev.invicta.wp19.axome.cc\/fr\/wp-json\/wp\/v2\/product_cat?post=68134"},{"taxonomy":"product_tag","embeddable":true,"href":"https:\/\/dev.invicta.wp19.axome.cc\/fr\/wp-json\/wp\/v2\/product_tag?post=68134"},{"taxonomy":"plus_produit","embeddable":true,"href":"https:\/\/dev.invicta.wp19.axome.cc\/fr\/wp-json\/wp\/v2\/plus_produit?post=68134"}],"curies":[{"name":"wp","href":"https:\/\/api.w.org\/{rel}","templated":true}]}}