{"id":68297,"date":"2025-11-26T08:09:29","date_gmt":"2025-11-26T07:09:29","guid":{"rendered":"https:\/\/dev.invicta.wp19.axome.cc\/produit\/poele-a-granules-drosera-bordeaux-ip9-ventilation-desactivable\/"},"modified":"2025-11-26T09:09:31","modified_gmt":"2025-11-26T08:09:31","slug":"poele-a-granules-drosera-ip9-ventilation-desactivable","status":"publish","type":"product","link":"https:\/\/dev.invicta.wp19.axome.cc\/fr\/produit\/poele-a-granules-drosera-ip9-ventilation-desactivable\/","title":{"rendered":"Po\u00eale \u00e0 granul\u00e9s Drosera bordeaux  IP9 Ventilation d\u00e9sactivable"},"content":{"rendered":"","protected":false},"excerpt":{"rendered":"<p>Drosera se diff\u00e9rencie par le look rac\u00e9 de son habillage bordeaux, en m\u00e9tal sur les c\u00f4t\u00e9s, et c\u00e9ramique sur le dessus. Il pr\u00e9sente de multiples avantages li\u00e9s \u00e0 l&#8217;utilisation des granul\u00e9s et \u00e0 sa conception \u00e9tudi\u00e9e pour votre tranquillit\u00e9.<\/p>\n","protected":false},"featured_media":68299,"template":"","meta":{"_acf_changed":false},"product_brand":[],"product_cat":[2117,26,49,5858,5857,5837,5834,5885,5856,5855,5884],"product_tag":[57,7095,58,7096,64,7093,73,55,7650,65,6825],"plus_produit":[7716,137,6835,2132,5365,1925,1924,5364,2142,2143,2137,5912],"class_list":{"1":"product","4":"has-post-thumbnail","6":"product_cat-aide-au-choix","7":"product_cat-poeles-granules","8":"product_cat-poeles-a-granules-pellets","9":"product_cat-poeles-a-granules-9-kw","10":"product_cat-poeles-a-granules-autonomes","11":"product_cat-poeles-a-granules-programmables","12":"product_cat-poeles-a-granules-design","13":"product_cat-poeles-a-granules-contemporains","14":"product_cat-poeles-a-granules-modernes","15":"product_cat-poeles-a-granules-ronds","16":"product_cat-poeles-a-granules-rouges","17":"product_tag-flamme-verte","18":"product_tag-1-flamme-verte-7","19":"product_tag-eco-design-2022","20":"product_tag-2-eco-design-2022","21":"product_tag-a-ecolabel-2","22":"product_tag-flamme-verte-2","23":"product_tag-raccordable-2","24":"product_tag-raccordable","25":"product_tag-raccordable-kit-option","26":"product_tag-garantie-2-ans","27":"product_tag-garantie-extension-1-an","28":"pa_autonomie-maximum-20-heures","29":"pa_autonomie-minimum-8-hours","30":"pa_capacite-de-la-tremie-17-kg","31":"pa_consommation-0-85-2-11","32":"pa_depart-des-fumees-arriere","33":"pa_designer-non-utilise","34":"pa_diametre-de-buse-10228","35":"pa_indice-de-performance-5443","36":"pa_modulation-de-puissance-38-a-9-kw","37":"pa_surface-de-chauffe-72-a-104-m","38":"pa_volume-de-chauffe-180-a-260-m","39":"plus_produit-accessoires-optionnels-ip","40":"plus_produit-diffusion-dair-chaud-par-ventilateur-tangenciel","41":"plus_produit-extension-de-garantie-1-an","42":"plus_produit-kit-de-controle-de-la-combustion-kcc-2","43":"plus_produit-kit-wifi-en-option","44":"plus_produit-possibilite-de-pilotage-par-thermostat-externe-non-fourni","45":"plus_produit-programmation-chrono-thermostat","46":"plus_produit-raccordable-avec-kit-en-option-ref-p697010","47":"plus_produit-radiocommande-en-option","48":"plus_produit-regulation-de-la-puissance-ou-de-la-temperature-ambiante","49":"plus_produit-stand-by-veille","50":"plus_produit-ventilation-desactivable","52":"first","53":"instock","54":"product-type-simple"},"acf":[],"yoast_head":"<!-- This site is optimized with the Yoast SEO plugin v24.7 - https:\/\/yoast.com\/wordpress\/plugins\/seo\/ -->\n<title>Po\u00eale \u00e0 granul\u00e9s Drosera bordeaux IP9 Ventilation d\u00e9sactivable - Invicta<\/title>\n<meta name=\"description\" content=\"Drosera se diff\u00e9rencie par le look rac\u00e9 de son habillage bordeaux, en m\u00e9tal sur les c\u00f4t\u00e9s, et c\u00e9ramique sur le dessus. Il pr\u00e9sente de multiples avantages li\u00e9s \u00e0 l&#039;utilisation des granul\u00e9s et \u00e0 sa conception \u00e9tudi\u00e9e pour votre tranquillit\u00e9.\" \/>\n<meta name=\"robots\" content=\"index, follow, max-snippet:-1, max-image-preview:large, max-video-preview:-1\" \/>\n<link rel=\"canonical\" href=\"https:\/\/dev.invicta.wp19.axome.cc\/fr\/produit\/poele-a-granules-drosera-ip9-ventilation-desactivable\/\" \/>\n<meta property=\"og:locale\" content=\"fr_FR\" \/>\n<meta property=\"og:type\" content=\"article\" \/>\n<meta property=\"og:title\" content=\"Po\u00eale \u00e0 granul\u00e9s Drosera bordeaux IP9 Ventilation d\u00e9sactivable - Invicta\" \/>\n<meta property=\"og:description\" content=\"Drosera se diff\u00e9rencie par le look rac\u00e9 de son habillage bordeaux, en m\u00e9tal sur les c\u00f4t\u00e9s, et c\u00e9ramique sur le dessus. Il pr\u00e9sente de multiples avantages li\u00e9s \u00e0 l&#039;utilisation des granul\u00e9s et \u00e0 sa conception \u00e9tudi\u00e9e pour votre tranquillit\u00e9.\" \/>\n<meta property=\"og:url\" content=\"https:\/\/dev.invicta.wp19.axome.cc\/fr\/produit\/poele-a-granules-drosera-ip9-ventilation-desactivable\/\" \/>\n<meta property=\"og:site_name\" content=\"Invicta\" \/>\n<meta property=\"article:modified_time\" content=\"2025-11-26T08:09:31+00:00\" \/>\n<meta property=\"og:image\" content=\"https:\/\/dev.invicta.wp19.axome.cc\/wp-content\/uploads\/2025\/06\/DROSERA_bordeaux_LP_et_LPE_1-e1567696734835.jpg\" \/>\n\t<meta property=\"og:image:width\" content=\"540\" \/>\n\t<meta property=\"og:image:height\" content=\"807\" \/>\n\t<meta property=\"og:image:type\" content=\"image\/jpeg\" \/>\n<meta name=\"twitter:card\" content=\"summary_large_image\" \/>\n<script type=\"application\/ld+json\" class=\"yoast-schema-graph\">{\"@context\":\"https:\/\/schema.org\",\"@graph\":[{\"@type\":\"WebPage\",\"@id\":\"https:\/\/dev.invicta.wp19.axome.cc\/fr\/produit\/poele-a-granules-drosera-ip9-ventilation-desactivable\/\",\"url\":\"https:\/\/dev.invicta.wp19.axome.cc\/fr\/produit\/poele-a-granules-drosera-ip9-ventilation-desactivable\/\",\"name\":\"Po\u00eale \u00e0 granul\u00e9s Drosera bordeaux IP9 Ventilation d\u00e9sactivable - Invicta\",\"isPartOf\":{\"@id\":\"https:\/\/dev.invicta.wp19.axome.cc\/fr\/#website\"},\"primaryImageOfPage\":{\"@id\":\"https:\/\/dev.invicta.wp19.axome.cc\/fr\/produit\/poele-a-granules-drosera-ip9-ventilation-desactivable\/#primaryimage\"},\"image\":{\"@id\":\"https:\/\/dev.invicta.wp19.axome.cc\/fr\/produit\/poele-a-granules-drosera-ip9-ventilation-desactivable\/#primaryimage\"},\"thumbnailUrl\":\"https:\/\/dev.invicta.wp19.axome.cc\/wp-content\/uploads\/2025\/06\/DROSERA_bordeaux_LP_et_LPE_1-e1567696734835.jpg\",\"datePublished\":\"2025-11-26T07:09:29+00:00\",\"dateModified\":\"2025-11-26T08:09:31+00:00\",\"description\":\"Drosera se diff\u00e9rencie par le look rac\u00e9 de son habillage bordeaux, en m\u00e9tal sur les c\u00f4t\u00e9s, et c\u00e9ramique sur le dessus. Il pr\u00e9sente de multiples avantages li\u00e9s \u00e0 l'utilisation des granul\u00e9s et \u00e0 sa conception \u00e9tudi\u00e9e pour votre tranquillit\u00e9.\",\"breadcrumb\":{\"@id\":\"https:\/\/dev.invicta.wp19.axome.cc\/fr\/produit\/poele-a-granules-drosera-ip9-ventilation-desactivable\/#breadcrumb\"},\"inLanguage\":\"fr-FR\",\"potentialAction\":[{\"@type\":\"ReadAction\",\"target\":[\"https:\/\/dev.invicta.wp19.axome.cc\/fr\/produit\/poele-a-granules-drosera-ip9-ventilation-desactivable\/\"]}]},{\"@type\":\"ImageObject\",\"inLanguage\":\"fr-FR\",\"@id\":\"https:\/\/dev.invicta.wp19.axome.cc\/fr\/produit\/poele-a-granules-drosera-ip9-ventilation-desactivable\/#primaryimage\",\"url\":\"https:\/\/dev.invicta.wp19.axome.cc\/wp-content\/uploads\/2025\/06\/DROSERA_bordeaux_LP_et_LPE_1-e1567696734835.jpg\",\"contentUrl\":\"https:\/\/dev.invicta.wp19.axome.cc\/wp-content\/uploads\/2025\/06\/DROSERA_bordeaux_LP_et_LPE_1-e1567696734835.jpg\",\"width\":540,\"height\":807,\"caption\":\"Po\u00eale granul\u00e9s Drosera Bordeaux IPE6\"},{\"@type\":\"BreadcrumbList\",\"@id\":\"https:\/\/dev.invicta.wp19.axome.cc\/fr\/produit\/poele-a-granules-drosera-ip9-ventilation-desactivable\/#breadcrumb\",\"itemListElement\":[{\"@type\":\"ListItem\",\"position\":1,\"name\":\"Accueil\",\"item\":\"https:\/\/dev.invicta.wp19.axome.cc\/fr\/\"},{\"@type\":\"ListItem\",\"position\":2,\"name\":\"Produits\",\"item\":\"https:\/\/dev.invicta.wp19.axome.cc\/fr\/shop\/\"},{\"@type\":\"ListItem\",\"position\":3,\"name\":\"Po\u00eales \u00e0 Granul\u00e9s\",\"item\":\"https:\/\/dev.invicta.wp19.axome.cc\/fr\/categorie-produit\/poeles-granules\/\"},{\"@type\":\"ListItem\",\"position\":4,\"name\":\"Po\u00eales \u00e0 Granul\u00e9s Standards\",\"item\":\"https:\/\/dev.invicta.wp19.axome.cc\/fr\/categorie-produit\/poeles-granules\/poeles-a-granules-pellets\/\"},{\"@type\":\"ListItem\",\"position\":5,\"name\":\"Po\u00eale \u00e0 granul\u00e9s Drosera bordeaux IP9 Ventilation d\u00e9sactivable\"}]},{\"@type\":\"WebSite\",\"@id\":\"https:\/\/dev.invicta.wp19.axome.cc\/fr\/#website\",\"url\":\"https:\/\/dev.invicta.wp19.axome.cc\/fr\/\",\"name\":\"Invicta\",\"description\":\"Fabricant fran\u00e7ais, sp\u00e9cialiste europ\u00e9en du chauffage au bois : po\u00eales \u00e0 bois et \u00e0 granul\u00e9s, chemin\u00e9es, foyers et inserts\",\"publisher\":{\"@id\":\"https:\/\/dev.invicta.wp19.axome.cc\/fr\/#organization\"},\"potentialAction\":[{\"@type\":\"SearchAction\",\"target\":{\"@type\":\"EntryPoint\",\"urlTemplate\":\"https:\/\/dev.invicta.wp19.axome.cc\/fr\/?s={search_term_string}\"},\"query-input\":{\"@type\":\"PropertyValueSpecification\",\"valueRequired\":true,\"valueName\":\"search_term_string\"}}],\"inLanguage\":\"fr-FR\"},{\"@type\":\"Organization\",\"@id\":\"https:\/\/dev.invicta.wp19.axome.cc\/fr\/#organization\",\"name\":\"Invicta\",\"url\":\"https:\/\/dev.invicta.wp19.axome.cc\/fr\/\",\"logo\":{\"@type\":\"ImageObject\",\"inLanguage\":\"fr-FR\",\"@id\":\"https:\/\/dev.invicta.wp19.axome.cc\/fr\/#\/schema\/logo\/image\/\",\"url\":\"https:\/\/www.invicta.fr\/wp-content\/uploads\/2019\/06\/INVICTALOGO_RVB.png\",\"contentUrl\":\"https:\/\/www.invicta.fr\/wp-content\/uploads\/2019\/06\/INVICTALOGO_RVB.png\",\"width\":1810,\"height\":1280,\"caption\":\"Invicta\"},\"image\":{\"@id\":\"https:\/\/dev.invicta.wp19.axome.cc\/fr\/#\/schema\/logo\/image\/\"}}]}<\/script>\n<!-- \/ Yoast SEO plugin. -->","yoast_head_json":{"title":"Po\u00eale \u00e0 granul\u00e9s Drosera bordeaux IP9 Ventilation d\u00e9sactivable - Invicta","description":"Drosera se diff\u00e9rencie par le look rac\u00e9 de son habillage bordeaux, en m\u00e9tal sur les c\u00f4t\u00e9s, et c\u00e9ramique sur le dessus. Il pr\u00e9sente de multiples avantages li\u00e9s \u00e0 l'utilisation des granul\u00e9s et \u00e0 sa conception \u00e9tudi\u00e9e pour votre tranquillit\u00e9.","robots":{"index":"index","follow":"follow","max-snippet":"max-snippet:-1","max-image-preview":"max-image-preview:large","max-video-preview":"max-video-preview:-1"},"canonical":"https:\/\/dev.invicta.wp19.axome.cc\/fr\/produit\/poele-a-granules-drosera-ip9-ventilation-desactivable\/","og_locale":"fr_FR","og_type":"article","og_title":"Po\u00eale \u00e0 granul\u00e9s Drosera bordeaux IP9 Ventilation d\u00e9sactivable - Invicta","og_description":"Drosera se diff\u00e9rencie par le look rac\u00e9 de son habillage bordeaux, en m\u00e9tal sur les c\u00f4t\u00e9s, et c\u00e9ramique sur le dessus. Il pr\u00e9sente de multiples avantages li\u00e9s \u00e0 l'utilisation des granul\u00e9s et \u00e0 sa conception \u00e9tudi\u00e9e pour votre tranquillit\u00e9.","og_url":"https:\/\/dev.invicta.wp19.axome.cc\/fr\/produit\/poele-a-granules-drosera-ip9-ventilation-desactivable\/","og_site_name":"Invicta","article_modified_time":"2025-11-26T08:09:31+00:00","og_image":[{"width":540,"height":807,"url":"https:\/\/dev.invicta.wp19.axome.cc\/wp-content\/uploads\/2025\/06\/DROSERA_bordeaux_LP_et_LPE_1-e1567696734835.jpg","type":"image\/jpeg"}],"twitter_card":"summary_large_image","schema":{"@context":"https:\/\/schema.org","@graph":[{"@type":"WebPage","@id":"https:\/\/dev.invicta.wp19.axome.cc\/fr\/produit\/poele-a-granules-drosera-ip9-ventilation-desactivable\/","url":"https:\/\/dev.invicta.wp19.axome.cc\/fr\/produit\/poele-a-granules-drosera-ip9-ventilation-desactivable\/","name":"Po\u00eale \u00e0 granul\u00e9s Drosera bordeaux IP9 Ventilation d\u00e9sactivable - Invicta","isPartOf":{"@id":"https:\/\/dev.invicta.wp19.axome.cc\/fr\/#website"},"primaryImageOfPage":{"@id":"https:\/\/dev.invicta.wp19.axome.cc\/fr\/produit\/poele-a-granules-drosera-ip9-ventilation-desactivable\/#primaryimage"},"image":{"@id":"https:\/\/dev.invicta.wp19.axome.cc\/fr\/produit\/poele-a-granules-drosera-ip9-ventilation-desactivable\/#primaryimage"},"thumbnailUrl":"https:\/\/dev.invicta.wp19.axome.cc\/wp-content\/uploads\/2025\/06\/DROSERA_bordeaux_LP_et_LPE_1-e1567696734835.jpg","datePublished":"2025-11-26T07:09:29+00:00","dateModified":"2025-11-26T08:09:31+00:00","description":"Drosera se diff\u00e9rencie par le look rac\u00e9 de son habillage bordeaux, en m\u00e9tal sur les c\u00f4t\u00e9s, et c\u00e9ramique sur le dessus. Il pr\u00e9sente de multiples avantages li\u00e9s \u00e0 l'utilisation des granul\u00e9s et \u00e0 sa conception \u00e9tudi\u00e9e pour votre tranquillit\u00e9.","breadcrumb":{"@id":"https:\/\/dev.invicta.wp19.axome.cc\/fr\/produit\/poele-a-granules-drosera-ip9-ventilation-desactivable\/#breadcrumb"},"inLanguage":"fr-FR","potentialAction":[{"@type":"ReadAction","target":["https:\/\/dev.invicta.wp19.axome.cc\/fr\/produit\/poele-a-granules-drosera-ip9-ventilation-desactivable\/"]}]},{"@type":"ImageObject","inLanguage":"fr-FR","@id":"https:\/\/dev.invicta.wp19.axome.cc\/fr\/produit\/poele-a-granules-drosera-ip9-ventilation-desactivable\/#primaryimage","url":"https:\/\/dev.invicta.wp19.axome.cc\/wp-content\/uploads\/2025\/06\/DROSERA_bordeaux_LP_et_LPE_1-e1567696734835.jpg","contentUrl":"https:\/\/dev.invicta.wp19.axome.cc\/wp-content\/uploads\/2025\/06\/DROSERA_bordeaux_LP_et_LPE_1-e1567696734835.jpg","width":540,"height":807,"caption":"Po\u00eale granul\u00e9s Drosera Bordeaux IPE6"},{"@type":"BreadcrumbList","@id":"https:\/\/dev.invicta.wp19.axome.cc\/fr\/produit\/poele-a-granules-drosera-ip9-ventilation-desactivable\/#breadcrumb","itemListElement":[{"@type":"ListItem","position":1,"name":"Accueil","item":"https:\/\/dev.invicta.wp19.axome.cc\/fr\/"},{"@type":"ListItem","position":2,"name":"Produits","item":"https:\/\/dev.invicta.wp19.axome.cc\/fr\/shop\/"},{"@type":"ListItem","position":3,"name":"Po\u00eales \u00e0 Granul\u00e9s","item":"https:\/\/dev.invicta.wp19.axome.cc\/fr\/categorie-produit\/poeles-granules\/"},{"@type":"ListItem","position":4,"name":"Po\u00eales \u00e0 Granul\u00e9s Standards","item":"https:\/\/dev.invicta.wp19.axome.cc\/fr\/categorie-produit\/poeles-granules\/poeles-a-granules-pellets\/"},{"@type":"ListItem","position":5,"name":"Po\u00eale \u00e0 granul\u00e9s Drosera bordeaux IP9 Ventilation d\u00e9sactivable"}]},{"@type":"WebSite","@id":"https:\/\/dev.invicta.wp19.axome.cc\/fr\/#website","url":"https:\/\/dev.invicta.wp19.axome.cc\/fr\/","name":"Invicta","description":"Fabricant fran\u00e7ais, sp\u00e9cialiste europ\u00e9en du chauffage au bois : po\u00eales \u00e0 bois et \u00e0 granul\u00e9s, chemin\u00e9es, foyers et inserts","publisher":{"@id":"https:\/\/dev.invicta.wp19.axome.cc\/fr\/#organization"},"potentialAction":[{"@type":"SearchAction","target":{"@type":"EntryPoint","urlTemplate":"https:\/\/dev.invicta.wp19.axome.cc\/fr\/?s={search_term_string}"},"query-input":{"@type":"PropertyValueSpecification","valueRequired":true,"valueName":"search_term_string"}}],"inLanguage":"fr-FR"},{"@type":"Organization","@id":"https:\/\/dev.invicta.wp19.axome.cc\/fr\/#organization","name":"Invicta","url":"https:\/\/dev.invicta.wp19.axome.cc\/fr\/","logo":{"@type":"ImageObject","inLanguage":"fr-FR","@id":"https:\/\/dev.invicta.wp19.axome.cc\/fr\/#\/schema\/logo\/image\/","url":"https:\/\/www.invicta.fr\/wp-content\/uploads\/2019\/06\/INVICTALOGO_RVB.png","contentUrl":"https:\/\/www.invicta.fr\/wp-content\/uploads\/2019\/06\/INVICTALOGO_RVB.png","width":1810,"height":1280,"caption":"Invicta"},"image":{"@id":"https:\/\/dev.invicta.wp19.axome.cc\/fr\/#\/schema\/logo\/image\/"}}]}},"_links":{"self":[{"href":"https:\/\/dev.invicta.wp19.axome.cc\/fr\/wp-json\/wp\/v2\/product\/68297","targetHints":{"allow":["GET"]}}],"collection":[{"href":"https:\/\/dev.invicta.wp19.axome.cc\/fr\/wp-json\/wp\/v2\/product"}],"about":[{"href":"https:\/\/dev.invicta.wp19.axome.cc\/fr\/wp-json\/wp\/v2\/types\/product"}],"wp:featuredmedia":[{"embeddable":true,"href":"https:\/\/dev.invicta.wp19.axome.cc\/fr\/wp-json\/wp\/v2\/media\/68299"}],"wp:attachment":[{"href":"https:\/\/dev.invicta.wp19.axome.cc\/fr\/wp-json\/wp\/v2\/media?parent=68297"}],"wp:term":[{"taxonomy":"product_brand","embeddable":true,"href":"https:\/\/dev.invicta.wp19.axome.cc\/fr\/wp-json\/wp\/v2\/product_brand?post=68297"},{"taxonomy":"product_cat","embeddable":true,"href":"https:\/\/dev.invicta.wp19.axome.cc\/fr\/wp-json\/wp\/v2\/product_cat?post=68297"},{"taxonomy":"product_tag","embeddable":true,"href":"https:\/\/dev.invicta.wp19.axome.cc\/fr\/wp-json\/wp\/v2\/product_tag?post=68297"},{"taxonomy":"plus_produit","embeddable":true,"href":"https:\/\/dev.invicta.wp19.axome.cc\/fr\/wp-json\/wp\/v2\/plus_produit?post=68297"}],"curies":[{"name":"wp","href":"https:\/\/api.w.org\/{rel}","templated":true}]}}