{"id":68308,"date":"2025-11-26T08:09:45","date_gmt":"2025-11-26T07:09:45","guid":{"rendered":"https:\/\/dev.invicta.wp19.axome.cc\/produit\/poele-granules-drosera-bordeaux-ipe6\/"},"modified":"2025-11-26T09:09:47","modified_gmt":"2025-11-26T08:09:47","slug":"poele-granules-drosera-ipe6","status":"publish","type":"product","link":"https:\/\/dev.invicta.wp19.axome.cc\/fr\/produit\/poele-granules-drosera-ipe6\/","title":{"rendered":"Po\u00eale granul\u00e9s Drosera Bordeaux IPE6"},"content":{"rendered":"","protected":false},"excerpt":{"rendered":"<p>Lignes douces et arrondies donnent une dimension moderne au po\u00eale Drosera Bordeaux. La fa\u00e7ade prolonge les lignes courbes de la structure du po\u00eale gr\u00e2ce \u00e0 sa porte en fonte l\u00e9g\u00e8rement incurv\u00e9e.<\/p>\n","protected":false},"featured_media":68299,"template":"","meta":{"_acf_changed":false},"product_brand":[],"product_cat":[2117,26,48,5846,5870,5857,5837,5834,5885,5856,5871,5855,5884,5883,5863],"product_tag":[57,7095,58,7096,7093,5606,65,6825],"plus_produit":[7717,144,137,1933,6835,1932,2132,5365,1925,1924,2142,2143,2137,5912],"class_list":{"1":"product","4":"has-post-thumbnail","6":"product_cat-aide-au-choix","7":"product_cat-poeles-granules","8":"product_cat-poeles-a-granules-etanches-pellets","9":"product_cat-poeles-a-granules-6-kw","10":"product_cat-poeles-a-granules-etanches-6-kw","11":"product_cat-poeles-a-granules-autonomes","12":"product_cat-poeles-a-granules-programmables","13":"product_cat-poeles-a-granules-design","14":"product_cat-poeles-a-granules-contemporains","15":"product_cat-poeles-a-granules-modernes","16":"product_cat-poeles-a-granules-blancs","17":"product_cat-poeles-a-granules-ronds","18":"product_cat-poeles-a-granules-rouges","19":"product_cat-poeles-a-granules-sortie-murale","20":"product_cat-poeles-a-granules-sortie-ventouse","21":"product_tag-flamme-verte","22":"product_tag-1-flamme-verte-7","23":"product_tag-eco-design-2022","24":"product_tag-2-eco-design-2022","25":"product_tag-flamme-verte-2","26":"product_tag-zone-3-ventouse","27":"product_tag-garantie-2-ans","28":"product_tag-garantie-extension-1-an","29":"pa_autonomie-maximum-23-5","30":"pa_autonomie-minimum-11-heures","31":"pa_consommation-0-69-1-5","32":"pa_depart-des-fumees-arriere","33":"pa_designer-non-utilise","34":"pa_diametre-de-buse-10228","35":"pa_indice-de-performance-5919","36":"pa_modulation-de-puissance-31-a-65-kw","37":"pa_surface-de-chauffe-25-a-70-m","38":"pa_volume-de-chauffe-65-a-180-m","39":"plus_produit-accessoires-optionnels-ipe","40":"plus_produit-appareil-etanche-compatible-rt2012","41":"plus_produit-diffusion-dair-chaud-par-ventilateur-tangenciel","42":"plus_produit-document-technique-dapplication-n14-2-15-2130_v8","43":"plus_produit-extension-de-garantie-1-an","44":"plus_produit-installation-possible-en-facade-zone-3-ventouse","45":"plus_produit-kit-de-controle-de-la-combustion-kcc-2","46":"plus_produit-kit-wifi-en-option","47":"plus_produit-possibilite-de-pilotage-par-thermostat-externe-non-fourni","48":"plus_produit-programmation-chrono-thermostat","49":"plus_produit-radiocommande-en-option","50":"plus_produit-regulation-de-la-puissance-ou-de-la-temperature-ambiante","51":"plus_produit-stand-by-veille","52":"plus_produit-ventilation-desactivable","54":"first","55":"instock","56":"product-type-simple"},"acf":[],"yoast_head":"<!-- This site is optimized with the Yoast SEO plugin v24.7 - https:\/\/yoast.com\/wordpress\/plugins\/seo\/ -->\n<title>Po\u00eale granul\u00e9s Drosera Bordeaux IPE6 - Invicta<\/title>\n<meta name=\"description\" content=\"Lignes douces et arrondies donnent une dimension moderne au po\u00eale Drosera Bordeaux. La fa\u00e7ade prolonge les lignes courbes de la structure du po\u00eale gr\u00e2ce \u00e0 sa porte en fonte l\u00e9g\u00e8rement incurv\u00e9e.\" \/>\n<meta name=\"robots\" content=\"index, follow, max-snippet:-1, max-image-preview:large, max-video-preview:-1\" \/>\n<link rel=\"canonical\" href=\"https:\/\/dev.invicta.wp19.axome.cc\/fr\/produit\/poele-granules-drosera-ipe6\/\" \/>\n<meta property=\"og:locale\" content=\"fr_FR\" \/>\n<meta property=\"og:type\" content=\"article\" \/>\n<meta property=\"og:title\" content=\"Po\u00eale granul\u00e9s Drosera Bordeaux IPE6 - Invicta\" \/>\n<meta property=\"og:description\" content=\"Lignes douces et arrondies donnent une dimension moderne au po\u00eale Drosera Bordeaux. La fa\u00e7ade prolonge les lignes courbes de la structure du po\u00eale gr\u00e2ce \u00e0 sa porte en fonte l\u00e9g\u00e8rement incurv\u00e9e.\" \/>\n<meta property=\"og:url\" content=\"https:\/\/dev.invicta.wp19.axome.cc\/fr\/produit\/poele-granules-drosera-ipe6\/\" \/>\n<meta property=\"og:site_name\" content=\"Invicta\" \/>\n<meta property=\"article:modified_time\" content=\"2025-11-26T08:09:47+00:00\" \/>\n<meta property=\"og:image\" content=\"https:\/\/dev.invicta.wp19.axome.cc\/wp-content\/uploads\/2025\/06\/DROSERA_bordeaux_LP_et_LPE_1-e1567696734835.jpg\" \/>\n\t<meta property=\"og:image:width\" content=\"540\" \/>\n\t<meta property=\"og:image:height\" content=\"807\" \/>\n\t<meta property=\"og:image:type\" content=\"image\/jpeg\" \/>\n<meta name=\"twitter:card\" content=\"summary_large_image\" \/>\n<script type=\"application\/ld+json\" class=\"yoast-schema-graph\">{\"@context\":\"https:\/\/schema.org\",\"@graph\":[{\"@type\":\"WebPage\",\"@id\":\"https:\/\/dev.invicta.wp19.axome.cc\/fr\/produit\/poele-granules-drosera-ipe6\/\",\"url\":\"https:\/\/dev.invicta.wp19.axome.cc\/fr\/produit\/poele-granules-drosera-ipe6\/\",\"name\":\"Po\u00eale granul\u00e9s Drosera Bordeaux IPE6 - Invicta\",\"isPartOf\":{\"@id\":\"https:\/\/dev.invicta.wp19.axome.cc\/fr\/#website\"},\"primaryImageOfPage\":{\"@id\":\"https:\/\/dev.invicta.wp19.axome.cc\/fr\/produit\/poele-granules-drosera-ipe6\/#primaryimage\"},\"image\":{\"@id\":\"https:\/\/dev.invicta.wp19.axome.cc\/fr\/produit\/poele-granules-drosera-ipe6\/#primaryimage\"},\"thumbnailUrl\":\"https:\/\/dev.invicta.wp19.axome.cc\/wp-content\/uploads\/2025\/06\/DROSERA_bordeaux_LP_et_LPE_1-e1567696734835.jpg\",\"datePublished\":\"2025-11-26T07:09:45+00:00\",\"dateModified\":\"2025-11-26T08:09:47+00:00\",\"description\":\"Lignes douces et arrondies donnent une dimension moderne au po\u00eale Drosera Bordeaux. La fa\u00e7ade prolonge les lignes courbes de la structure du po\u00eale gr\u00e2ce \u00e0 sa porte en fonte l\u00e9g\u00e8rement incurv\u00e9e.\",\"breadcrumb\":{\"@id\":\"https:\/\/dev.invicta.wp19.axome.cc\/fr\/produit\/poele-granules-drosera-ipe6\/#breadcrumb\"},\"inLanguage\":\"fr-FR\",\"potentialAction\":[{\"@type\":\"ReadAction\",\"target\":[\"https:\/\/dev.invicta.wp19.axome.cc\/fr\/produit\/poele-granules-drosera-ipe6\/\"]}]},{\"@type\":\"ImageObject\",\"inLanguage\":\"fr-FR\",\"@id\":\"https:\/\/dev.invicta.wp19.axome.cc\/fr\/produit\/poele-granules-drosera-ipe6\/#primaryimage\",\"url\":\"https:\/\/dev.invicta.wp19.axome.cc\/wp-content\/uploads\/2025\/06\/DROSERA_bordeaux_LP_et_LPE_1-e1567696734835.jpg\",\"contentUrl\":\"https:\/\/dev.invicta.wp19.axome.cc\/wp-content\/uploads\/2025\/06\/DROSERA_bordeaux_LP_et_LPE_1-e1567696734835.jpg\",\"width\":540,\"height\":807,\"caption\":\"Po\u00eale granul\u00e9s Drosera Bordeaux IPE6\"},{\"@type\":\"BreadcrumbList\",\"@id\":\"https:\/\/dev.invicta.wp19.axome.cc\/fr\/produit\/poele-granules-drosera-ipe6\/#breadcrumb\",\"itemListElement\":[{\"@type\":\"ListItem\",\"position\":1,\"name\":\"Accueil\",\"item\":\"https:\/\/dev.invicta.wp19.axome.cc\/fr\/\"},{\"@type\":\"ListItem\",\"position\":2,\"name\":\"Produits\",\"item\":\"https:\/\/dev.invicta.wp19.axome.cc\/fr\/shop\/\"},{\"@type\":\"ListItem\",\"position\":3,\"name\":\"Po\u00eales \u00e0 Granul\u00e9s\",\"item\":\"https:\/\/dev.invicta.wp19.axome.cc\/fr\/categorie-produit\/poeles-granules\/\"},{\"@type\":\"ListItem\",\"position\":4,\"name\":\"Po\u00eales \u00e0 Granul\u00e9s \u00c9tanches\",\"item\":\"https:\/\/dev.invicta.wp19.axome.cc\/fr\/categorie-produit\/poeles-granules\/poeles-a-granules-etanches-pellets\/\"},{\"@type\":\"ListItem\",\"position\":5,\"name\":\"Po\u00eale granul\u00e9s Drosera Bordeaux IPE6\"}]},{\"@type\":\"WebSite\",\"@id\":\"https:\/\/dev.invicta.wp19.axome.cc\/fr\/#website\",\"url\":\"https:\/\/dev.invicta.wp19.axome.cc\/fr\/\",\"name\":\"Invicta\",\"description\":\"Fabricant fran\u00e7ais, sp\u00e9cialiste europ\u00e9en du chauffage au bois : po\u00eales \u00e0 bois et \u00e0 granul\u00e9s, chemin\u00e9es, foyers et inserts\",\"publisher\":{\"@id\":\"https:\/\/dev.invicta.wp19.axome.cc\/fr\/#organization\"},\"potentialAction\":[{\"@type\":\"SearchAction\",\"target\":{\"@type\":\"EntryPoint\",\"urlTemplate\":\"https:\/\/dev.invicta.wp19.axome.cc\/fr\/?s={search_term_string}\"},\"query-input\":{\"@type\":\"PropertyValueSpecification\",\"valueRequired\":true,\"valueName\":\"search_term_string\"}}],\"inLanguage\":\"fr-FR\"},{\"@type\":\"Organization\",\"@id\":\"https:\/\/dev.invicta.wp19.axome.cc\/fr\/#organization\",\"name\":\"Invicta\",\"url\":\"https:\/\/dev.invicta.wp19.axome.cc\/fr\/\",\"logo\":{\"@type\":\"ImageObject\",\"inLanguage\":\"fr-FR\",\"@id\":\"https:\/\/dev.invicta.wp19.axome.cc\/fr\/#\/schema\/logo\/image\/\",\"url\":\"https:\/\/www.invicta.fr\/wp-content\/uploads\/2019\/06\/INVICTALOGO_RVB.png\",\"contentUrl\":\"https:\/\/www.invicta.fr\/wp-content\/uploads\/2019\/06\/INVICTALOGO_RVB.png\",\"width\":1810,\"height\":1280,\"caption\":\"Invicta\"},\"image\":{\"@id\":\"https:\/\/dev.invicta.wp19.axome.cc\/fr\/#\/schema\/logo\/image\/\"}}]}<\/script>\n<!-- \/ Yoast SEO plugin. -->","yoast_head_json":{"title":"Po\u00eale granul\u00e9s Drosera Bordeaux IPE6 - Invicta","description":"Lignes douces et arrondies donnent une dimension moderne au po\u00eale Drosera Bordeaux. La fa\u00e7ade prolonge les lignes courbes de la structure du po\u00eale gr\u00e2ce \u00e0 sa porte en fonte l\u00e9g\u00e8rement incurv\u00e9e.","robots":{"index":"index","follow":"follow","max-snippet":"max-snippet:-1","max-image-preview":"max-image-preview:large","max-video-preview":"max-video-preview:-1"},"canonical":"https:\/\/dev.invicta.wp19.axome.cc\/fr\/produit\/poele-granules-drosera-ipe6\/","og_locale":"fr_FR","og_type":"article","og_title":"Po\u00eale granul\u00e9s Drosera Bordeaux IPE6 - Invicta","og_description":"Lignes douces et arrondies donnent une dimension moderne au po\u00eale Drosera Bordeaux. La fa\u00e7ade prolonge les lignes courbes de la structure du po\u00eale gr\u00e2ce \u00e0 sa porte en fonte l\u00e9g\u00e8rement incurv\u00e9e.","og_url":"https:\/\/dev.invicta.wp19.axome.cc\/fr\/produit\/poele-granules-drosera-ipe6\/","og_site_name":"Invicta","article_modified_time":"2025-11-26T08:09:47+00:00","og_image":[{"width":540,"height":807,"url":"https:\/\/dev.invicta.wp19.axome.cc\/wp-content\/uploads\/2025\/06\/DROSERA_bordeaux_LP_et_LPE_1-e1567696734835.jpg","type":"image\/jpeg"}],"twitter_card":"summary_large_image","schema":{"@context":"https:\/\/schema.org","@graph":[{"@type":"WebPage","@id":"https:\/\/dev.invicta.wp19.axome.cc\/fr\/produit\/poele-granules-drosera-ipe6\/","url":"https:\/\/dev.invicta.wp19.axome.cc\/fr\/produit\/poele-granules-drosera-ipe6\/","name":"Po\u00eale granul\u00e9s Drosera Bordeaux IPE6 - Invicta","isPartOf":{"@id":"https:\/\/dev.invicta.wp19.axome.cc\/fr\/#website"},"primaryImageOfPage":{"@id":"https:\/\/dev.invicta.wp19.axome.cc\/fr\/produit\/poele-granules-drosera-ipe6\/#primaryimage"},"image":{"@id":"https:\/\/dev.invicta.wp19.axome.cc\/fr\/produit\/poele-granules-drosera-ipe6\/#primaryimage"},"thumbnailUrl":"https:\/\/dev.invicta.wp19.axome.cc\/wp-content\/uploads\/2025\/06\/DROSERA_bordeaux_LP_et_LPE_1-e1567696734835.jpg","datePublished":"2025-11-26T07:09:45+00:00","dateModified":"2025-11-26T08:09:47+00:00","description":"Lignes douces et arrondies donnent une dimension moderne au po\u00eale Drosera Bordeaux. La fa\u00e7ade prolonge les lignes courbes de la structure du po\u00eale gr\u00e2ce \u00e0 sa porte en fonte l\u00e9g\u00e8rement incurv\u00e9e.","breadcrumb":{"@id":"https:\/\/dev.invicta.wp19.axome.cc\/fr\/produit\/poele-granules-drosera-ipe6\/#breadcrumb"},"inLanguage":"fr-FR","potentialAction":[{"@type":"ReadAction","target":["https:\/\/dev.invicta.wp19.axome.cc\/fr\/produit\/poele-granules-drosera-ipe6\/"]}]},{"@type":"ImageObject","inLanguage":"fr-FR","@id":"https:\/\/dev.invicta.wp19.axome.cc\/fr\/produit\/poele-granules-drosera-ipe6\/#primaryimage","url":"https:\/\/dev.invicta.wp19.axome.cc\/wp-content\/uploads\/2025\/06\/DROSERA_bordeaux_LP_et_LPE_1-e1567696734835.jpg","contentUrl":"https:\/\/dev.invicta.wp19.axome.cc\/wp-content\/uploads\/2025\/06\/DROSERA_bordeaux_LP_et_LPE_1-e1567696734835.jpg","width":540,"height":807,"caption":"Po\u00eale granul\u00e9s Drosera Bordeaux IPE6"},{"@type":"BreadcrumbList","@id":"https:\/\/dev.invicta.wp19.axome.cc\/fr\/produit\/poele-granules-drosera-ipe6\/#breadcrumb","itemListElement":[{"@type":"ListItem","position":1,"name":"Accueil","item":"https:\/\/dev.invicta.wp19.axome.cc\/fr\/"},{"@type":"ListItem","position":2,"name":"Produits","item":"https:\/\/dev.invicta.wp19.axome.cc\/fr\/shop\/"},{"@type":"ListItem","position":3,"name":"Po\u00eales \u00e0 Granul\u00e9s","item":"https:\/\/dev.invicta.wp19.axome.cc\/fr\/categorie-produit\/poeles-granules\/"},{"@type":"ListItem","position":4,"name":"Po\u00eales \u00e0 Granul\u00e9s \u00c9tanches","item":"https:\/\/dev.invicta.wp19.axome.cc\/fr\/categorie-produit\/poeles-granules\/poeles-a-granules-etanches-pellets\/"},{"@type":"ListItem","position":5,"name":"Po\u00eale granul\u00e9s Drosera Bordeaux IPE6"}]},{"@type":"WebSite","@id":"https:\/\/dev.invicta.wp19.axome.cc\/fr\/#website","url":"https:\/\/dev.invicta.wp19.axome.cc\/fr\/","name":"Invicta","description":"Fabricant fran\u00e7ais, sp\u00e9cialiste europ\u00e9en du chauffage au bois : po\u00eales \u00e0 bois et \u00e0 granul\u00e9s, chemin\u00e9es, foyers et inserts","publisher":{"@id":"https:\/\/dev.invicta.wp19.axome.cc\/fr\/#organization"},"potentialAction":[{"@type":"SearchAction","target":{"@type":"EntryPoint","urlTemplate":"https:\/\/dev.invicta.wp19.axome.cc\/fr\/?s={search_term_string}"},"query-input":{"@type":"PropertyValueSpecification","valueRequired":true,"valueName":"search_term_string"}}],"inLanguage":"fr-FR"},{"@type":"Organization","@id":"https:\/\/dev.invicta.wp19.axome.cc\/fr\/#organization","name":"Invicta","url":"https:\/\/dev.invicta.wp19.axome.cc\/fr\/","logo":{"@type":"ImageObject","inLanguage":"fr-FR","@id":"https:\/\/dev.invicta.wp19.axome.cc\/fr\/#\/schema\/logo\/image\/","url":"https:\/\/www.invicta.fr\/wp-content\/uploads\/2019\/06\/INVICTALOGO_RVB.png","contentUrl":"https:\/\/www.invicta.fr\/wp-content\/uploads\/2019\/06\/INVICTALOGO_RVB.png","width":1810,"height":1280,"caption":"Invicta"},"image":{"@id":"https:\/\/dev.invicta.wp19.axome.cc\/fr\/#\/schema\/logo\/image\/"}}]}},"_links":{"self":[{"href":"https:\/\/dev.invicta.wp19.axome.cc\/fr\/wp-json\/wp\/v2\/product\/68308","targetHints":{"allow":["GET"]}}],"collection":[{"href":"https:\/\/dev.invicta.wp19.axome.cc\/fr\/wp-json\/wp\/v2\/product"}],"about":[{"href":"https:\/\/dev.invicta.wp19.axome.cc\/fr\/wp-json\/wp\/v2\/types\/product"}],"wp:featuredmedia":[{"embeddable":true,"href":"https:\/\/dev.invicta.wp19.axome.cc\/fr\/wp-json\/wp\/v2\/media\/68299"}],"wp:attachment":[{"href":"https:\/\/dev.invicta.wp19.axome.cc\/fr\/wp-json\/wp\/v2\/media?parent=68308"}],"wp:term":[{"taxonomy":"product_brand","embeddable":true,"href":"https:\/\/dev.invicta.wp19.axome.cc\/fr\/wp-json\/wp\/v2\/product_brand?post=68308"},{"taxonomy":"product_cat","embeddable":true,"href":"https:\/\/dev.invicta.wp19.axome.cc\/fr\/wp-json\/wp\/v2\/product_cat?post=68308"},{"taxonomy":"product_tag","embeddable":true,"href":"https:\/\/dev.invicta.wp19.axome.cc\/fr\/wp-json\/wp\/v2\/product_tag?post=68308"},{"taxonomy":"plus_produit","embeddable":true,"href":"https:\/\/dev.invicta.wp19.axome.cc\/fr\/wp-json\/wp\/v2\/plus_produit?post=68308"}],"curies":[{"name":"wp","href":"https:\/\/api.w.org\/{rel}","templated":true}]}}