{"id":68396,"date":"2025-11-26T08:28:08","date_gmt":"2025-11-26T07:28:08","guid":{"rendered":"https:\/\/dev.invicta.wp19.axome.cc\/produit\/poele-a-bois-fonte-preston\/"},"modified":"2025-11-26T09:28:11","modified_gmt":"2025-11-26T08:28:11","slug":"poele-a-bois-en-fonte-preston-invicta","status":"publish","type":"product","link":"https:\/\/dev.invicta.wp19.axome.cc\/fr\/produit\/poele-a-bois-en-fonte-preston-invicta\/","title":{"rendered":"Po\u00eale \u00e0 bois fonte Preston"},"content":{"rendered":"","protected":false},"excerpt":{"rendered":"<p>Le po\u00eale en fonte Preston est simple et moderne. Gr\u00e2ce \u00e0 sa forme rectangulaire, il peut facilement \u00eatre sur\u00e9lev\u00e9 sur un banc propos\u00e9 en option ou sur une dalle en b\u00e9ton. Banc optionnel disponible en 2 dimensions.<\/p>\n","protected":false},"featured_media":68400,"template":"","meta":{"_acf_changed":false},"product_brand":[],"product_cat":[2117,25,44,5861,5860,5874,5838,5853,5851],"product_tag":[57,7095,58,7096,59,7107,7093,51,53,7094,65,6826],"plus_produit":[6930,612,131,6834,1919,129,130],"class_list":{"1":"product","4":"has-post-thumbnail","6":"product_cat-aide-au-choix","7":"product_cat-poeles-bois","8":"product_cat-poeles-a-bois-fonte-acier","9":"product_cat-poeles-a-bois-buches-50-cm","10":"product_cat-poeles-a-bois-contemporains","11":"product_cat-poeles-a-bois-industriels","12":"product_cat-poeles-a-bois-modernes","13":"product_cat-poeles-a-bois-sortie-arriere","14":"product_cat-poeles-a-bois-12-kw","15":"product_tag-flamme-verte","16":"product_tag-1-flamme-verte-7","17":"product_tag-eco-design-2022","18":"product_tag-2-eco-design-2022","19":"product_tag-a-ecolabel","20":"product_tag-combustion-prolongee","21":"product_tag-flamme-verte-2","22":"product_tag-fonte-100","23":"product_tag-post-combustion","24":"product_tag-vitre-propre","25":"product_tag-garantie-2-ans","26":"product_tag-garantie-extension-3-ans","27":"pa_combustible-recommande-10259","28":"pa_consommation-053-a-222-kg-heure","29":"pa_depart-des-fumees-arriere","30":"pa_depart-des-fumees-dessus","31":"pa_designer-non-utilise","32":"pa_diametre-de-buse-10327","33":"pa_indice-de-performance-5571","34":"pa_surface-de-chauffe-65-a-145-m","35":"pa_taux-de-co-0-09","36":"pa_volume-de-chauffe-160-a-360-m","37":"plus_produit-100-fonte","38":"plus_produit-air-secondaire-reglable","39":"plus_produit-combustion-prolongee-8-heures","40":"plus_produit-extension-de-garantie-3-ans","41":"plus_produit-origine-france-garantie","42":"plus_produit-systeme-de-post-combustion","43":"plus_produit-vitre-propre","45":"first","46":"instock","47":"purchasable","48":"product-type-simple"},"acf":[],"yoast_head":"<!-- This site is optimized with the Yoast SEO plugin v24.7 - https:\/\/yoast.com\/wordpress\/plugins\/seo\/ -->\n<title>Po\u00eale \u00e0 bois fonte Preston - Invicta<\/title>\n<meta name=\"description\" content=\"Le po\u00eale en fonte Preston est simple et moderne. Gr\u00e2ce \u00e0 sa forme rectangulaire, il peut facilement \u00eatre sur\u00e9lev\u00e9 sur un banc propos\u00e9 en option ou sur une dalle en b\u00e9ton. Banc optionnel disponible en 2 dimensions.\" \/>\n<meta name=\"robots\" content=\"index, follow, max-snippet:-1, max-image-preview:large, max-video-preview:-1\" \/>\n<link rel=\"canonical\" href=\"https:\/\/dev.invicta.wp19.axome.cc\/fr\/produit\/poele-a-bois-en-fonte-preston-invicta\/\" \/>\n<meta property=\"og:locale\" content=\"fr_FR\" \/>\n<meta property=\"og:type\" content=\"article\" \/>\n<meta property=\"og:title\" content=\"Po\u00eale \u00e0 bois fonte Preston - Invicta\" \/>\n<meta property=\"og:description\" content=\"Le po\u00eale en fonte Preston est simple et moderne. Gr\u00e2ce \u00e0 sa forme rectangulaire, il peut facilement \u00eatre sur\u00e9lev\u00e9 sur un banc propos\u00e9 en option ou sur une dalle en b\u00e9ton. Banc optionnel disponible en 2 dimensions.\" \/>\n<meta property=\"og:url\" content=\"https:\/\/dev.invicta.wp19.axome.cc\/fr\/produit\/poele-a-bois-en-fonte-preston-invicta\/\" \/>\n<meta property=\"og:site_name\" content=\"Invicta\" \/>\n<meta property=\"article:modified_time\" content=\"2025-11-26T08:28:11+00:00\" \/>\n<meta property=\"og:image\" content=\"https:\/\/dev.invicta.wp19.axome.cc\/wp-content\/uploads\/2025\/06\/A_P912804-PRESTON-web.jpg\" \/>\n\t<meta property=\"og:image:width\" content=\"1000\" \/>\n\t<meta property=\"og:image:height\" content=\"817\" \/>\n\t<meta property=\"og:image:type\" content=\"image\/jpeg\" \/>\n<meta name=\"twitter:card\" content=\"summary_large_image\" \/>\n<script type=\"application\/ld+json\" class=\"yoast-schema-graph\">{\"@context\":\"https:\/\/schema.org\",\"@graph\":[{\"@type\":\"WebPage\",\"@id\":\"https:\/\/dev.invicta.wp19.axome.cc\/fr\/produit\/poele-a-bois-en-fonte-preston-invicta\/\",\"url\":\"https:\/\/dev.invicta.wp19.axome.cc\/fr\/produit\/poele-a-bois-en-fonte-preston-invicta\/\",\"name\":\"Po\u00eale \u00e0 bois fonte Preston - Invicta\",\"isPartOf\":{\"@id\":\"https:\/\/dev.invicta.wp19.axome.cc\/fr\/#website\"},\"primaryImageOfPage\":{\"@id\":\"https:\/\/dev.invicta.wp19.axome.cc\/fr\/produit\/poele-a-bois-en-fonte-preston-invicta\/#primaryimage\"},\"image\":{\"@id\":\"https:\/\/dev.invicta.wp19.axome.cc\/fr\/produit\/poele-a-bois-en-fonte-preston-invicta\/#primaryimage\"},\"thumbnailUrl\":\"https:\/\/dev.invicta.wp19.axome.cc\/wp-content\/uploads\/2025\/06\/A_P912804-PRESTON-web.jpg\",\"datePublished\":\"2025-11-26T07:28:08+00:00\",\"dateModified\":\"2025-11-26T08:28:11+00:00\",\"description\":\"Le po\u00eale en fonte Preston est simple et moderne. Gr\u00e2ce \u00e0 sa forme rectangulaire, il peut facilement \u00eatre sur\u00e9lev\u00e9 sur un banc propos\u00e9 en option ou sur une dalle en b\u00e9ton. Banc optionnel disponible en 2 dimensions.\",\"breadcrumb\":{\"@id\":\"https:\/\/dev.invicta.wp19.axome.cc\/fr\/produit\/poele-a-bois-en-fonte-preston-invicta\/#breadcrumb\"},\"inLanguage\":\"fr-FR\",\"potentialAction\":[{\"@type\":\"ReadAction\",\"target\":[\"https:\/\/dev.invicta.wp19.axome.cc\/fr\/produit\/poele-a-bois-en-fonte-preston-invicta\/\"]}]},{\"@type\":\"ImageObject\",\"inLanguage\":\"fr-FR\",\"@id\":\"https:\/\/dev.invicta.wp19.axome.cc\/fr\/produit\/poele-a-bois-en-fonte-preston-invicta\/#primaryimage\",\"url\":\"https:\/\/dev.invicta.wp19.axome.cc\/wp-content\/uploads\/2025\/06\/A_P912804-PRESTON-web.jpg\",\"contentUrl\":\"https:\/\/dev.invicta.wp19.axome.cc\/wp-content\/uploads\/2025\/06\/A_P912804-PRESTON-web.jpg\",\"width\":1000,\"height\":817,\"caption\":\"Po\u00eale \u00e0 bois fonte Preston\"},{\"@type\":\"BreadcrumbList\",\"@id\":\"https:\/\/dev.invicta.wp19.axome.cc\/fr\/produit\/poele-a-bois-en-fonte-preston-invicta\/#breadcrumb\",\"itemListElement\":[{\"@type\":\"ListItem\",\"position\":1,\"name\":\"Accueil\",\"item\":\"https:\/\/dev.invicta.wp19.axome.cc\/fr\/\"},{\"@type\":\"ListItem\",\"position\":2,\"name\":\"Produits\",\"item\":\"https:\/\/dev.invicta.wp19.axome.cc\/fr\/shop\/\"},{\"@type\":\"ListItem\",\"position\":3,\"name\":\"Po\u00eales \u00e0 Bois\",\"item\":\"https:\/\/dev.invicta.wp19.axome.cc\/fr\/categorie-produit\/poeles-bois\/\"},{\"@type\":\"ListItem\",\"position\":4,\"name\":\"Po\u00eales \u00e0 Bois en Fonte\",\"item\":\"https:\/\/dev.invicta.wp19.axome.cc\/fr\/categorie-produit\/poeles-bois\/poeles-a-bois-fonte-acier\/\"},{\"@type\":\"ListItem\",\"position\":5,\"name\":\"Po\u00eale \u00e0 bois fonte Preston\"}]},{\"@type\":\"WebSite\",\"@id\":\"https:\/\/dev.invicta.wp19.axome.cc\/fr\/#website\",\"url\":\"https:\/\/dev.invicta.wp19.axome.cc\/fr\/\",\"name\":\"Invicta\",\"description\":\"Fabricant fran\u00e7ais, sp\u00e9cialiste europ\u00e9en du chauffage au bois : po\u00eales \u00e0 bois et \u00e0 granul\u00e9s, chemin\u00e9es, foyers et inserts\",\"publisher\":{\"@id\":\"https:\/\/dev.invicta.wp19.axome.cc\/fr\/#organization\"},\"potentialAction\":[{\"@type\":\"SearchAction\",\"target\":{\"@type\":\"EntryPoint\",\"urlTemplate\":\"https:\/\/dev.invicta.wp19.axome.cc\/fr\/?s={search_term_string}\"},\"query-input\":{\"@type\":\"PropertyValueSpecification\",\"valueRequired\":true,\"valueName\":\"search_term_string\"}}],\"inLanguage\":\"fr-FR\"},{\"@type\":\"Organization\",\"@id\":\"https:\/\/dev.invicta.wp19.axome.cc\/fr\/#organization\",\"name\":\"Invicta\",\"url\":\"https:\/\/dev.invicta.wp19.axome.cc\/fr\/\",\"logo\":{\"@type\":\"ImageObject\",\"inLanguage\":\"fr-FR\",\"@id\":\"https:\/\/dev.invicta.wp19.axome.cc\/fr\/#\/schema\/logo\/image\/\",\"url\":\"https:\/\/www.invicta.fr\/wp-content\/uploads\/2019\/06\/INVICTALOGO_RVB.png\",\"contentUrl\":\"https:\/\/www.invicta.fr\/wp-content\/uploads\/2019\/06\/INVICTALOGO_RVB.png\",\"width\":1810,\"height\":1280,\"caption\":\"Invicta\"},\"image\":{\"@id\":\"https:\/\/dev.invicta.wp19.axome.cc\/fr\/#\/schema\/logo\/image\/\"}}]}<\/script>\n<!-- \/ Yoast SEO plugin. -->","yoast_head_json":{"title":"Po\u00eale \u00e0 bois fonte Preston - Invicta","description":"Le po\u00eale en fonte Preston est simple et moderne. Gr\u00e2ce \u00e0 sa forme rectangulaire, il peut facilement \u00eatre sur\u00e9lev\u00e9 sur un banc propos\u00e9 en option ou sur une dalle en b\u00e9ton. Banc optionnel disponible en 2 dimensions.","robots":{"index":"index","follow":"follow","max-snippet":"max-snippet:-1","max-image-preview":"max-image-preview:large","max-video-preview":"max-video-preview:-1"},"canonical":"https:\/\/dev.invicta.wp19.axome.cc\/fr\/produit\/poele-a-bois-en-fonte-preston-invicta\/","og_locale":"fr_FR","og_type":"article","og_title":"Po\u00eale \u00e0 bois fonte Preston - Invicta","og_description":"Le po\u00eale en fonte Preston est simple et moderne. Gr\u00e2ce \u00e0 sa forme rectangulaire, il peut facilement \u00eatre sur\u00e9lev\u00e9 sur un banc propos\u00e9 en option ou sur une dalle en b\u00e9ton. Banc optionnel disponible en 2 dimensions.","og_url":"https:\/\/dev.invicta.wp19.axome.cc\/fr\/produit\/poele-a-bois-en-fonte-preston-invicta\/","og_site_name":"Invicta","article_modified_time":"2025-11-26T08:28:11+00:00","og_image":[{"width":1000,"height":817,"url":"https:\/\/dev.invicta.wp19.axome.cc\/wp-content\/uploads\/2025\/06\/A_P912804-PRESTON-web.jpg","type":"image\/jpeg"}],"twitter_card":"summary_large_image","schema":{"@context":"https:\/\/schema.org","@graph":[{"@type":"WebPage","@id":"https:\/\/dev.invicta.wp19.axome.cc\/fr\/produit\/poele-a-bois-en-fonte-preston-invicta\/","url":"https:\/\/dev.invicta.wp19.axome.cc\/fr\/produit\/poele-a-bois-en-fonte-preston-invicta\/","name":"Po\u00eale \u00e0 bois fonte Preston - Invicta","isPartOf":{"@id":"https:\/\/dev.invicta.wp19.axome.cc\/fr\/#website"},"primaryImageOfPage":{"@id":"https:\/\/dev.invicta.wp19.axome.cc\/fr\/produit\/poele-a-bois-en-fonte-preston-invicta\/#primaryimage"},"image":{"@id":"https:\/\/dev.invicta.wp19.axome.cc\/fr\/produit\/poele-a-bois-en-fonte-preston-invicta\/#primaryimage"},"thumbnailUrl":"https:\/\/dev.invicta.wp19.axome.cc\/wp-content\/uploads\/2025\/06\/A_P912804-PRESTON-web.jpg","datePublished":"2025-11-26T07:28:08+00:00","dateModified":"2025-11-26T08:28:11+00:00","description":"Le po\u00eale en fonte Preston est simple et moderne. Gr\u00e2ce \u00e0 sa forme rectangulaire, il peut facilement \u00eatre sur\u00e9lev\u00e9 sur un banc propos\u00e9 en option ou sur une dalle en b\u00e9ton. Banc optionnel disponible en 2 dimensions.","breadcrumb":{"@id":"https:\/\/dev.invicta.wp19.axome.cc\/fr\/produit\/poele-a-bois-en-fonte-preston-invicta\/#breadcrumb"},"inLanguage":"fr-FR","potentialAction":[{"@type":"ReadAction","target":["https:\/\/dev.invicta.wp19.axome.cc\/fr\/produit\/poele-a-bois-en-fonte-preston-invicta\/"]}]},{"@type":"ImageObject","inLanguage":"fr-FR","@id":"https:\/\/dev.invicta.wp19.axome.cc\/fr\/produit\/poele-a-bois-en-fonte-preston-invicta\/#primaryimage","url":"https:\/\/dev.invicta.wp19.axome.cc\/wp-content\/uploads\/2025\/06\/A_P912804-PRESTON-web.jpg","contentUrl":"https:\/\/dev.invicta.wp19.axome.cc\/wp-content\/uploads\/2025\/06\/A_P912804-PRESTON-web.jpg","width":1000,"height":817,"caption":"Po\u00eale \u00e0 bois fonte Preston"},{"@type":"BreadcrumbList","@id":"https:\/\/dev.invicta.wp19.axome.cc\/fr\/produit\/poele-a-bois-en-fonte-preston-invicta\/#breadcrumb","itemListElement":[{"@type":"ListItem","position":1,"name":"Accueil","item":"https:\/\/dev.invicta.wp19.axome.cc\/fr\/"},{"@type":"ListItem","position":2,"name":"Produits","item":"https:\/\/dev.invicta.wp19.axome.cc\/fr\/shop\/"},{"@type":"ListItem","position":3,"name":"Po\u00eales \u00e0 Bois","item":"https:\/\/dev.invicta.wp19.axome.cc\/fr\/categorie-produit\/poeles-bois\/"},{"@type":"ListItem","position":4,"name":"Po\u00eales \u00e0 Bois en Fonte","item":"https:\/\/dev.invicta.wp19.axome.cc\/fr\/categorie-produit\/poeles-bois\/poeles-a-bois-fonte-acier\/"},{"@type":"ListItem","position":5,"name":"Po\u00eale \u00e0 bois fonte Preston"}]},{"@type":"WebSite","@id":"https:\/\/dev.invicta.wp19.axome.cc\/fr\/#website","url":"https:\/\/dev.invicta.wp19.axome.cc\/fr\/","name":"Invicta","description":"Fabricant fran\u00e7ais, sp\u00e9cialiste europ\u00e9en du chauffage au bois : po\u00eales \u00e0 bois et \u00e0 granul\u00e9s, chemin\u00e9es, foyers et inserts","publisher":{"@id":"https:\/\/dev.invicta.wp19.axome.cc\/fr\/#organization"},"potentialAction":[{"@type":"SearchAction","target":{"@type":"EntryPoint","urlTemplate":"https:\/\/dev.invicta.wp19.axome.cc\/fr\/?s={search_term_string}"},"query-input":{"@type":"PropertyValueSpecification","valueRequired":true,"valueName":"search_term_string"}}],"inLanguage":"fr-FR"},{"@type":"Organization","@id":"https:\/\/dev.invicta.wp19.axome.cc\/fr\/#organization","name":"Invicta","url":"https:\/\/dev.invicta.wp19.axome.cc\/fr\/","logo":{"@type":"ImageObject","inLanguage":"fr-FR","@id":"https:\/\/dev.invicta.wp19.axome.cc\/fr\/#\/schema\/logo\/image\/","url":"https:\/\/www.invicta.fr\/wp-content\/uploads\/2019\/06\/INVICTALOGO_RVB.png","contentUrl":"https:\/\/www.invicta.fr\/wp-content\/uploads\/2019\/06\/INVICTALOGO_RVB.png","width":1810,"height":1280,"caption":"Invicta"},"image":{"@id":"https:\/\/dev.invicta.wp19.axome.cc\/fr\/#\/schema\/logo\/image\/"}}]}},"_links":{"self":[{"href":"https:\/\/dev.invicta.wp19.axome.cc\/fr\/wp-json\/wp\/v2\/product\/68396","targetHints":{"allow":["GET"]}}],"collection":[{"href":"https:\/\/dev.invicta.wp19.axome.cc\/fr\/wp-json\/wp\/v2\/product"}],"about":[{"href":"https:\/\/dev.invicta.wp19.axome.cc\/fr\/wp-json\/wp\/v2\/types\/product"}],"wp:featuredmedia":[{"embeddable":true,"href":"https:\/\/dev.invicta.wp19.axome.cc\/fr\/wp-json\/wp\/v2\/media\/68400"}],"wp:attachment":[{"href":"https:\/\/dev.invicta.wp19.axome.cc\/fr\/wp-json\/wp\/v2\/media?parent=68396"}],"wp:term":[{"taxonomy":"product_brand","embeddable":true,"href":"https:\/\/dev.invicta.wp19.axome.cc\/fr\/wp-json\/wp\/v2\/product_brand?post=68396"},{"taxonomy":"product_cat","embeddable":true,"href":"https:\/\/dev.invicta.wp19.axome.cc\/fr\/wp-json\/wp\/v2\/product_cat?post=68396"},{"taxonomy":"product_tag","embeddable":true,"href":"https:\/\/dev.invicta.wp19.axome.cc\/fr\/wp-json\/wp\/v2\/product_tag?post=68396"},{"taxonomy":"plus_produit","embeddable":true,"href":"https:\/\/dev.invicta.wp19.axome.cc\/fr\/wp-json\/wp\/v2\/plus_produit?post=68396"}],"curies":[{"name":"wp","href":"https:\/\/api.w.org\/{rel}","templated":true}]}}