{"id":68451,"date":"2025-11-26T08:28:16","date_gmt":"2025-11-26T07:28:16","guid":{"rendered":"https:\/\/dev.invicta.wp19.axome.cc\/produit\/poele-a-bois-fonte-nelson\/"},"modified":"2025-11-26T09:28:19","modified_gmt":"2025-11-26T08:28:19","slug":"poele-fonte-nelson","status":"publish","type":"product","link":"https:\/\/dev.invicta.wp19.axome.cc\/fr\/produit\/poele-fonte-nelson\/","title":{"rendered":"Po\u00eale \u00e0 bois fonte Nelson"},"content":{"rendered":"","protected":false},"excerpt":{"rendered":"<p>Avec ses 2 c\u00f4t\u00e9s vitr\u00e9s, le po\u00eale Nelson donne une caract\u00e8re unique \u00e0 votre habitat. De douces soir\u00e9es s&#8217;annoncent, de chaque c\u00f4t\u00e9 du po\u00eale, au rythme du cr\u00e9pitement du feu et du spectacle des flammes, d\u00e9sormais, immanquable.<\/p>\n","protected":false},"featured_media":68453,"template":"","meta":{"_acf_changed":false},"product_brand":[],"product_cat":[2117,25,44,5861,5860,5839,5838,5851],"product_tag":[57,7095,58,7096,59,7093,51,7094,65,6826],"plus_produit":[6930,612,602,603,6834,2036,1919,130],"class_list":{"1":"product","4":"has-post-thumbnail","6":"product_cat-aide-au-choix","7":"product_cat-poeles-bois","8":"product_cat-poeles-a-bois-fonte-acier","9":"product_cat-poeles-a-bois-buches-50-cm","10":"product_cat-poeles-a-bois-contemporains","11":"product_cat-poeles-a-bois-double-face","12":"product_cat-poeles-a-bois-modernes","13":"product_cat-poeles-a-bois-12-kw","14":"product_tag-flamme-verte","15":"product_tag-1-flamme-verte-7","16":"product_tag-eco-design-2022","17":"product_tag-2-eco-design-2022","18":"product_tag-a-ecolabel","19":"product_tag-flamme-verte-2","20":"product_tag-fonte-100","21":"product_tag-vitre-propre","22":"product_tag-garantie-2-ans","23":"product_tag-garantie-extension-3-ans","24":"pa_combustible-recommande-10259","25":"pa_consommation-053-a-222-kg-heure","26":"pa_depart-des-fumees-dessus","27":"pa_designer-non-utilise","28":"pa_diametre-de-buse-10327","29":"pa_indice-de-performance-5571","30":"pa_surface-de-chauffe-65-a-145-m","31":"pa_taux-de-co-0-09","32":"pa_volume-de-chauffe-160-a-360-m","33":"plus_produit-100-fonte","34":"plus_produit-air-secondaire-reglable","35":"plus_produit-double-face","36":"plus_produit-double-ouverture","37":"plus_produit-extension-de-garantie-3-ans","38":"plus_produit-intermittent","39":"plus_produit-origine-france-garantie","40":"plus_produit-vitre-propre","42":"first","43":"instock","44":"purchasable","45":"product-type-simple"},"acf":[],"yoast_head":"<!-- This site is optimized with the Yoast SEO plugin v24.7 - https:\/\/yoast.com\/wordpress\/plugins\/seo\/ -->\n<title>Po\u00eale \u00e0 bois fonte Nelson - Invicta<\/title>\n<meta name=\"description\" content=\"Avec ses 2 c\u00f4t\u00e9s vitr\u00e9s, le po\u00eale Nelson donne une caract\u00e8re unique \u00e0 votre habitat. De douces soir\u00e9es s&#039;annoncent, de chaque c\u00f4t\u00e9 du po\u00eale, au rythme du cr\u00e9pitement du feu et du spectacle des flammes, d\u00e9sormais, immanquable.\" \/>\n<meta name=\"robots\" content=\"index, follow, max-snippet:-1, max-image-preview:large, max-video-preview:-1\" \/>\n<link rel=\"canonical\" href=\"https:\/\/dev.invicta.wp19.axome.cc\/fr\/produit\/poele-fonte-nelson\/\" \/>\n<meta property=\"og:locale\" content=\"fr_FR\" \/>\n<meta property=\"og:type\" content=\"article\" \/>\n<meta property=\"og:title\" content=\"Po\u00eale \u00e0 bois fonte Nelson - Invicta\" \/>\n<meta property=\"og:description\" content=\"Avec ses 2 c\u00f4t\u00e9s vitr\u00e9s, le po\u00eale Nelson donne une caract\u00e8re unique \u00e0 votre habitat. De douces soir\u00e9es s&#039;annoncent, de chaque c\u00f4t\u00e9 du po\u00eale, au rythme du cr\u00e9pitement du feu et du spectacle des flammes, d\u00e9sormais, immanquable.\" \/>\n<meta property=\"og:url\" content=\"https:\/\/dev.invicta.wp19.axome.cc\/fr\/produit\/poele-fonte-nelson\/\" \/>\n<meta property=\"og:site_name\" content=\"Invicta\" \/>\n<meta property=\"article:modified_time\" content=\"2025-11-26T08:28:19+00:00\" \/>\n<meta property=\"og:image\" content=\"https:\/\/dev.invicta.wp19.axome.cc\/wp-content\/uploads\/2025\/06\/A_P912944-NELSON-web.jpg\" \/>\n\t<meta property=\"og:image:width\" content=\"750\" \/>\n\t<meta property=\"og:image:height\" content=\"1000\" \/>\n\t<meta property=\"og:image:type\" content=\"image\/jpeg\" \/>\n<meta name=\"twitter:card\" content=\"summary_large_image\" \/>\n<script type=\"application\/ld+json\" class=\"yoast-schema-graph\">{\"@context\":\"https:\/\/schema.org\",\"@graph\":[{\"@type\":\"WebPage\",\"@id\":\"https:\/\/dev.invicta.wp19.axome.cc\/fr\/produit\/poele-fonte-nelson\/\",\"url\":\"https:\/\/dev.invicta.wp19.axome.cc\/fr\/produit\/poele-fonte-nelson\/\",\"name\":\"Po\u00eale \u00e0 bois fonte Nelson - Invicta\",\"isPartOf\":{\"@id\":\"https:\/\/dev.invicta.wp19.axome.cc\/fr\/#website\"},\"primaryImageOfPage\":{\"@id\":\"https:\/\/dev.invicta.wp19.axome.cc\/fr\/produit\/poele-fonte-nelson\/#primaryimage\"},\"image\":{\"@id\":\"https:\/\/dev.invicta.wp19.axome.cc\/fr\/produit\/poele-fonte-nelson\/#primaryimage\"},\"thumbnailUrl\":\"https:\/\/dev.invicta.wp19.axome.cc\/wp-content\/uploads\/2025\/06\/A_P912944-NELSON-web.jpg\",\"datePublished\":\"2025-11-26T07:28:16+00:00\",\"dateModified\":\"2025-11-26T08:28:19+00:00\",\"description\":\"Avec ses 2 c\u00f4t\u00e9s vitr\u00e9s, le po\u00eale Nelson donne une caract\u00e8re unique \u00e0 votre habitat. De douces soir\u00e9es s'annoncent, de chaque c\u00f4t\u00e9 du po\u00eale, au rythme du cr\u00e9pitement du feu et du spectacle des flammes, d\u00e9sormais, immanquable.\",\"breadcrumb\":{\"@id\":\"https:\/\/dev.invicta.wp19.axome.cc\/fr\/produit\/poele-fonte-nelson\/#breadcrumb\"},\"inLanguage\":\"fr-FR\",\"potentialAction\":[{\"@type\":\"ReadAction\",\"target\":[\"https:\/\/dev.invicta.wp19.axome.cc\/fr\/produit\/poele-fonte-nelson\/\"]}]},{\"@type\":\"ImageObject\",\"inLanguage\":\"fr-FR\",\"@id\":\"https:\/\/dev.invicta.wp19.axome.cc\/fr\/produit\/poele-fonte-nelson\/#primaryimage\",\"url\":\"https:\/\/dev.invicta.wp19.axome.cc\/wp-content\/uploads\/2025\/06\/A_P912944-NELSON-web.jpg\",\"contentUrl\":\"https:\/\/dev.invicta.wp19.axome.cc\/wp-content\/uploads\/2025\/06\/A_P912944-NELSON-web.jpg\",\"width\":750,\"height\":1000,\"caption\":\"Po\u00eale \u00e0 bois fonte Nelson\"},{\"@type\":\"BreadcrumbList\",\"@id\":\"https:\/\/dev.invicta.wp19.axome.cc\/fr\/produit\/poele-fonte-nelson\/#breadcrumb\",\"itemListElement\":[{\"@type\":\"ListItem\",\"position\":1,\"name\":\"Accueil\",\"item\":\"https:\/\/dev.invicta.wp19.axome.cc\/fr\/\"},{\"@type\":\"ListItem\",\"position\":2,\"name\":\"Produits\",\"item\":\"https:\/\/dev.invicta.wp19.axome.cc\/fr\/shop\/\"},{\"@type\":\"ListItem\",\"position\":3,\"name\":\"Po\u00eales \u00e0 Bois\",\"item\":\"https:\/\/dev.invicta.wp19.axome.cc\/fr\/categorie-produit\/poeles-bois\/\"},{\"@type\":\"ListItem\",\"position\":4,\"name\":\"Po\u00eales \u00e0 Bois en Fonte\",\"item\":\"https:\/\/dev.invicta.wp19.axome.cc\/fr\/categorie-produit\/poeles-bois\/poeles-a-bois-fonte-acier\/\"},{\"@type\":\"ListItem\",\"position\":5,\"name\":\"Po\u00eale \u00e0 bois fonte Nelson\"}]},{\"@type\":\"WebSite\",\"@id\":\"https:\/\/dev.invicta.wp19.axome.cc\/fr\/#website\",\"url\":\"https:\/\/dev.invicta.wp19.axome.cc\/fr\/\",\"name\":\"Invicta\",\"description\":\"Fabricant fran\u00e7ais, sp\u00e9cialiste europ\u00e9en du chauffage au bois : po\u00eales \u00e0 bois et \u00e0 granul\u00e9s, chemin\u00e9es, foyers et inserts\",\"publisher\":{\"@id\":\"https:\/\/dev.invicta.wp19.axome.cc\/fr\/#organization\"},\"potentialAction\":[{\"@type\":\"SearchAction\",\"target\":{\"@type\":\"EntryPoint\",\"urlTemplate\":\"https:\/\/dev.invicta.wp19.axome.cc\/fr\/?s={search_term_string}\"},\"query-input\":{\"@type\":\"PropertyValueSpecification\",\"valueRequired\":true,\"valueName\":\"search_term_string\"}}],\"inLanguage\":\"fr-FR\"},{\"@type\":\"Organization\",\"@id\":\"https:\/\/dev.invicta.wp19.axome.cc\/fr\/#organization\",\"name\":\"Invicta\",\"url\":\"https:\/\/dev.invicta.wp19.axome.cc\/fr\/\",\"logo\":{\"@type\":\"ImageObject\",\"inLanguage\":\"fr-FR\",\"@id\":\"https:\/\/dev.invicta.wp19.axome.cc\/fr\/#\/schema\/logo\/image\/\",\"url\":\"https:\/\/www.invicta.fr\/wp-content\/uploads\/2019\/06\/INVICTALOGO_RVB.png\",\"contentUrl\":\"https:\/\/www.invicta.fr\/wp-content\/uploads\/2019\/06\/INVICTALOGO_RVB.png\",\"width\":1810,\"height\":1280,\"caption\":\"Invicta\"},\"image\":{\"@id\":\"https:\/\/dev.invicta.wp19.axome.cc\/fr\/#\/schema\/logo\/image\/\"}}]}<\/script>\n<!-- \/ Yoast SEO plugin. -->","yoast_head_json":{"title":"Po\u00eale \u00e0 bois fonte Nelson - Invicta","description":"Avec ses 2 c\u00f4t\u00e9s vitr\u00e9s, le po\u00eale Nelson donne une caract\u00e8re unique \u00e0 votre habitat. De douces soir\u00e9es s'annoncent, de chaque c\u00f4t\u00e9 du po\u00eale, au rythme du cr\u00e9pitement du feu et du spectacle des flammes, d\u00e9sormais, immanquable.","robots":{"index":"index","follow":"follow","max-snippet":"max-snippet:-1","max-image-preview":"max-image-preview:large","max-video-preview":"max-video-preview:-1"},"canonical":"https:\/\/dev.invicta.wp19.axome.cc\/fr\/produit\/poele-fonte-nelson\/","og_locale":"fr_FR","og_type":"article","og_title":"Po\u00eale \u00e0 bois fonte Nelson - Invicta","og_description":"Avec ses 2 c\u00f4t\u00e9s vitr\u00e9s, le po\u00eale Nelson donne une caract\u00e8re unique \u00e0 votre habitat. De douces soir\u00e9es s'annoncent, de chaque c\u00f4t\u00e9 du po\u00eale, au rythme du cr\u00e9pitement du feu et du spectacle des flammes, d\u00e9sormais, immanquable.","og_url":"https:\/\/dev.invicta.wp19.axome.cc\/fr\/produit\/poele-fonte-nelson\/","og_site_name":"Invicta","article_modified_time":"2025-11-26T08:28:19+00:00","og_image":[{"width":750,"height":1000,"url":"https:\/\/dev.invicta.wp19.axome.cc\/wp-content\/uploads\/2025\/06\/A_P912944-NELSON-web.jpg","type":"image\/jpeg"}],"twitter_card":"summary_large_image","schema":{"@context":"https:\/\/schema.org","@graph":[{"@type":"WebPage","@id":"https:\/\/dev.invicta.wp19.axome.cc\/fr\/produit\/poele-fonte-nelson\/","url":"https:\/\/dev.invicta.wp19.axome.cc\/fr\/produit\/poele-fonte-nelson\/","name":"Po\u00eale \u00e0 bois fonte Nelson - Invicta","isPartOf":{"@id":"https:\/\/dev.invicta.wp19.axome.cc\/fr\/#website"},"primaryImageOfPage":{"@id":"https:\/\/dev.invicta.wp19.axome.cc\/fr\/produit\/poele-fonte-nelson\/#primaryimage"},"image":{"@id":"https:\/\/dev.invicta.wp19.axome.cc\/fr\/produit\/poele-fonte-nelson\/#primaryimage"},"thumbnailUrl":"https:\/\/dev.invicta.wp19.axome.cc\/wp-content\/uploads\/2025\/06\/A_P912944-NELSON-web.jpg","datePublished":"2025-11-26T07:28:16+00:00","dateModified":"2025-11-26T08:28:19+00:00","description":"Avec ses 2 c\u00f4t\u00e9s vitr\u00e9s, le po\u00eale Nelson donne une caract\u00e8re unique \u00e0 votre habitat. De douces soir\u00e9es s'annoncent, de chaque c\u00f4t\u00e9 du po\u00eale, au rythme du cr\u00e9pitement du feu et du spectacle des flammes, d\u00e9sormais, immanquable.","breadcrumb":{"@id":"https:\/\/dev.invicta.wp19.axome.cc\/fr\/produit\/poele-fonte-nelson\/#breadcrumb"},"inLanguage":"fr-FR","potentialAction":[{"@type":"ReadAction","target":["https:\/\/dev.invicta.wp19.axome.cc\/fr\/produit\/poele-fonte-nelson\/"]}]},{"@type":"ImageObject","inLanguage":"fr-FR","@id":"https:\/\/dev.invicta.wp19.axome.cc\/fr\/produit\/poele-fonte-nelson\/#primaryimage","url":"https:\/\/dev.invicta.wp19.axome.cc\/wp-content\/uploads\/2025\/06\/A_P912944-NELSON-web.jpg","contentUrl":"https:\/\/dev.invicta.wp19.axome.cc\/wp-content\/uploads\/2025\/06\/A_P912944-NELSON-web.jpg","width":750,"height":1000,"caption":"Po\u00eale \u00e0 bois fonte Nelson"},{"@type":"BreadcrumbList","@id":"https:\/\/dev.invicta.wp19.axome.cc\/fr\/produit\/poele-fonte-nelson\/#breadcrumb","itemListElement":[{"@type":"ListItem","position":1,"name":"Accueil","item":"https:\/\/dev.invicta.wp19.axome.cc\/fr\/"},{"@type":"ListItem","position":2,"name":"Produits","item":"https:\/\/dev.invicta.wp19.axome.cc\/fr\/shop\/"},{"@type":"ListItem","position":3,"name":"Po\u00eales \u00e0 Bois","item":"https:\/\/dev.invicta.wp19.axome.cc\/fr\/categorie-produit\/poeles-bois\/"},{"@type":"ListItem","position":4,"name":"Po\u00eales \u00e0 Bois en Fonte","item":"https:\/\/dev.invicta.wp19.axome.cc\/fr\/categorie-produit\/poeles-bois\/poeles-a-bois-fonte-acier\/"},{"@type":"ListItem","position":5,"name":"Po\u00eale \u00e0 bois fonte Nelson"}]},{"@type":"WebSite","@id":"https:\/\/dev.invicta.wp19.axome.cc\/fr\/#website","url":"https:\/\/dev.invicta.wp19.axome.cc\/fr\/","name":"Invicta","description":"Fabricant fran\u00e7ais, sp\u00e9cialiste europ\u00e9en du chauffage au bois : po\u00eales \u00e0 bois et \u00e0 granul\u00e9s, chemin\u00e9es, foyers et inserts","publisher":{"@id":"https:\/\/dev.invicta.wp19.axome.cc\/fr\/#organization"},"potentialAction":[{"@type":"SearchAction","target":{"@type":"EntryPoint","urlTemplate":"https:\/\/dev.invicta.wp19.axome.cc\/fr\/?s={search_term_string}"},"query-input":{"@type":"PropertyValueSpecification","valueRequired":true,"valueName":"search_term_string"}}],"inLanguage":"fr-FR"},{"@type":"Organization","@id":"https:\/\/dev.invicta.wp19.axome.cc\/fr\/#organization","name":"Invicta","url":"https:\/\/dev.invicta.wp19.axome.cc\/fr\/","logo":{"@type":"ImageObject","inLanguage":"fr-FR","@id":"https:\/\/dev.invicta.wp19.axome.cc\/fr\/#\/schema\/logo\/image\/","url":"https:\/\/www.invicta.fr\/wp-content\/uploads\/2019\/06\/INVICTALOGO_RVB.png","contentUrl":"https:\/\/www.invicta.fr\/wp-content\/uploads\/2019\/06\/INVICTALOGO_RVB.png","width":1810,"height":1280,"caption":"Invicta"},"image":{"@id":"https:\/\/dev.invicta.wp19.axome.cc\/fr\/#\/schema\/logo\/image\/"}}]}},"_links":{"self":[{"href":"https:\/\/dev.invicta.wp19.axome.cc\/fr\/wp-json\/wp\/v2\/product\/68451","targetHints":{"allow":["GET"]}}],"collection":[{"href":"https:\/\/dev.invicta.wp19.axome.cc\/fr\/wp-json\/wp\/v2\/product"}],"about":[{"href":"https:\/\/dev.invicta.wp19.axome.cc\/fr\/wp-json\/wp\/v2\/types\/product"}],"wp:featuredmedia":[{"embeddable":true,"href":"https:\/\/dev.invicta.wp19.axome.cc\/fr\/wp-json\/wp\/v2\/media\/68453"}],"wp:attachment":[{"href":"https:\/\/dev.invicta.wp19.axome.cc\/fr\/wp-json\/wp\/v2\/media?parent=68451"}],"wp:term":[{"taxonomy":"product_brand","embeddable":true,"href":"https:\/\/dev.invicta.wp19.axome.cc\/fr\/wp-json\/wp\/v2\/product_brand?post=68451"},{"taxonomy":"product_cat","embeddable":true,"href":"https:\/\/dev.invicta.wp19.axome.cc\/fr\/wp-json\/wp\/v2\/product_cat?post=68451"},{"taxonomy":"product_tag","embeddable":true,"href":"https:\/\/dev.invicta.wp19.axome.cc\/fr\/wp-json\/wp\/v2\/product_tag?post=68451"},{"taxonomy":"plus_produit","embeddable":true,"href":"https:\/\/dev.invicta.wp19.axome.cc\/fr\/wp-json\/wp\/v2\/plus_produit?post=68451"}],"curies":[{"name":"wp","href":"https:\/\/api.w.org\/{rel}","templated":true}]}}