{"id":68483,"date":"2025-11-26T08:28:50","date_gmt":"2025-11-26T07:28:50","guid":{"rendered":"https:\/\/dev.invicta.wp19.axome.cc\/produit\/poele-a-bois-fonte-pharos-360\/"},"modified":"2025-11-26T09:28:52","modified_gmt":"2025-11-26T08:28:52","slug":"poele-fonte-pharos","status":"publish","type":"product","link":"https:\/\/dev.invicta.wp19.axome.cc\/fr\/produit\/poele-fonte-pharos\/","title":{"rendered":"Po\u00eale \u00e0 bois fonte Pharos 360\u00b0"},"content":{"rendered":"","protected":false},"excerpt":{"rendered":"<p>Produit phare de la gamme Invicta, Pharos ouvre le chemin vers une habitation moderne et efficacement chauff\u00e9e. Suivez la lumi\u00e8re et d\u00e9couvrez les avantages multiples de ce po\u00eale pivotant.<\/p>\n","protected":false},"featured_media":68485,"template":"","meta":{"_acf_changed":false},"product_brand":[],"product_cat":[2117,25,44,5887,5848,5860,5835,5838,5851],"product_tag":[57,7095,58,7096,59,7107,7093,51,53,7094,65,6826],"plus_produit":[6930,612,131,6834,1919,1803,129,130],"class_list":{"1":"product","4":"has-post-thumbnail","6":"product_cat-aide-au-choix","7":"product_cat-poeles-bois","8":"product_cat-poeles-a-bois-fonte-acier","9":"product_cat-poeles-a-bois-13-kw","10":"product_cat-poeles-a-bois-angle","11":"product_cat-poeles-a-bois-contemporains","12":"product_cat-poeles-a-bois-design","13":"product_cat-poeles-a-bois-modernes","14":"product_cat-poeles-a-bois-12-kw","15":"product_tag-flamme-verte","16":"product_tag-1-flamme-verte-7","17":"product_tag-eco-design-2022","18":"product_tag-2-eco-design-2022","19":"product_tag-a-ecolabel","20":"product_tag-combustion-prolongee","21":"product_tag-flamme-verte-2","22":"product_tag-fonte-100","23":"product_tag-post-combustion","24":"product_tag-vitre-propre","25":"product_tag-garantie-2-ans","26":"product_tag-garantie-extension-3-ans","27":"pa_combustible-recommande-7946","28":"pa_consommation-053-a-222-kg-heure","29":"pa_depart-des-fumees-dessus","30":"pa_designer-b-dequet","31":"pa_diametre-de-buse-10327","32":"pa_indice-de-performance-5571","33":"pa_surface-de-chauffe-65-a-145-m","34":"pa_taux-de-co-0-1","35":"pa_volume-de-chauffe-160-a-360-m","36":"plus_produit-100-fonte","37":"plus_produit-air-secondaire-reglable","38":"plus_produit-combustion-prolongee-8-heures","39":"plus_produit-extension-de-garantie-3-ans","40":"plus_produit-origine-france-garantie","41":"plus_produit-poele-pivotant-a-360-pied-et-buse-rotatifs","42":"plus_produit-systeme-de-post-combustion","43":"plus_produit-vitre-propre","45":"first","46":"instock","47":"purchasable","48":"product-type-simple"},"acf":[],"yoast_head":"<!-- This site is optimized with the Yoast SEO plugin v24.7 - https:\/\/yoast.com\/wordpress\/plugins\/seo\/ -->\n<title>Po\u00eale \u00e0 bois fonte Pharos 360\u00b0 - Invicta<\/title>\n<meta name=\"description\" content=\"Produit phare de la gamme Invicta, Pharos ouvre le chemin vers une habitation moderne et efficacement chauff\u00e9e. Suivez la lumi\u00e8re et d\u00e9couvrez les avantages multiples de ce po\u00eale pivotant.\" \/>\n<meta name=\"robots\" content=\"index, follow, max-snippet:-1, max-image-preview:large, max-video-preview:-1\" \/>\n<link rel=\"canonical\" href=\"https:\/\/dev.invicta.wp19.axome.cc\/fr\/produit\/poele-fonte-pharos\/\" \/>\n<meta property=\"og:locale\" content=\"fr_FR\" \/>\n<meta property=\"og:type\" content=\"article\" \/>\n<meta property=\"og:title\" content=\"Po\u00eale \u00e0 bois fonte Pharos 360\u00b0 - Invicta\" \/>\n<meta property=\"og:description\" content=\"Produit phare de la gamme Invicta, Pharos ouvre le chemin vers une habitation moderne et efficacement chauff\u00e9e. Suivez la lumi\u00e8re et d\u00e9couvrez les avantages multiples de ce po\u00eale pivotant.\" \/>\n<meta property=\"og:url\" content=\"https:\/\/dev.invicta.wp19.axome.cc\/fr\/produit\/poele-fonte-pharos\/\" \/>\n<meta property=\"og:site_name\" content=\"Invicta\" \/>\n<meta property=\"article:modified_time\" content=\"2025-11-26T08:28:52+00:00\" \/>\n<meta property=\"og:image\" content=\"https:\/\/dev.invicta.wp19.axome.cc\/wp-content\/uploads\/2025\/06\/pharos_961_poele_a_bois_ambiance.jpg\" \/>\n\t<meta property=\"og:image:width\" content=\"675\" \/>\n\t<meta property=\"og:image:height\" content=\"900\" \/>\n\t<meta property=\"og:image:type\" content=\"image\/jpeg\" \/>\n<meta name=\"twitter:card\" content=\"summary_large_image\" \/>\n<script type=\"application\/ld+json\" class=\"yoast-schema-graph\">{\"@context\":\"https:\/\/schema.org\",\"@graph\":[{\"@type\":\"WebPage\",\"@id\":\"https:\/\/dev.invicta.wp19.axome.cc\/fr\/produit\/poele-fonte-pharos\/\",\"url\":\"https:\/\/dev.invicta.wp19.axome.cc\/fr\/produit\/poele-fonte-pharos\/\",\"name\":\"Po\u00eale \u00e0 bois fonte Pharos 360\u00b0 - Invicta\",\"isPartOf\":{\"@id\":\"https:\/\/dev.invicta.wp19.axome.cc\/fr\/#website\"},\"primaryImageOfPage\":{\"@id\":\"https:\/\/dev.invicta.wp19.axome.cc\/fr\/produit\/poele-fonte-pharos\/#primaryimage\"},\"image\":{\"@id\":\"https:\/\/dev.invicta.wp19.axome.cc\/fr\/produit\/poele-fonte-pharos\/#primaryimage\"},\"thumbnailUrl\":\"https:\/\/dev.invicta.wp19.axome.cc\/wp-content\/uploads\/2025\/06\/pharos_961_poele_a_bois_ambiance.jpg\",\"datePublished\":\"2025-11-26T07:28:50+00:00\",\"dateModified\":\"2025-11-26T08:28:52+00:00\",\"description\":\"Produit phare de la gamme Invicta, Pharos ouvre le chemin vers une habitation moderne et efficacement chauff\u00e9e. Suivez la lumi\u00e8re et d\u00e9couvrez les avantages multiples de ce po\u00eale pivotant.\",\"breadcrumb\":{\"@id\":\"https:\/\/dev.invicta.wp19.axome.cc\/fr\/produit\/poele-fonte-pharos\/#breadcrumb\"},\"inLanguage\":\"fr-FR\",\"potentialAction\":[{\"@type\":\"ReadAction\",\"target\":[\"https:\/\/dev.invicta.wp19.axome.cc\/fr\/produit\/poele-fonte-pharos\/\"]}]},{\"@type\":\"ImageObject\",\"inLanguage\":\"fr-FR\",\"@id\":\"https:\/\/dev.invicta.wp19.axome.cc\/fr\/produit\/poele-fonte-pharos\/#primaryimage\",\"url\":\"https:\/\/dev.invicta.wp19.axome.cc\/wp-content\/uploads\/2025\/06\/pharos_961_poele_a_bois_ambiance.jpg\",\"contentUrl\":\"https:\/\/dev.invicta.wp19.axome.cc\/wp-content\/uploads\/2025\/06\/pharos_961_poele_a_bois_ambiance.jpg\",\"width\":675,\"height\":900,\"caption\":\"Po\u00eale \u00e0 bois fonte Pharos 360\u00b0\"},{\"@type\":\"BreadcrumbList\",\"@id\":\"https:\/\/dev.invicta.wp19.axome.cc\/fr\/produit\/poele-fonte-pharos\/#breadcrumb\",\"itemListElement\":[{\"@type\":\"ListItem\",\"position\":1,\"name\":\"Accueil\",\"item\":\"https:\/\/dev.invicta.wp19.axome.cc\/fr\/\"},{\"@type\":\"ListItem\",\"position\":2,\"name\":\"Produits\",\"item\":\"https:\/\/dev.invicta.wp19.axome.cc\/fr\/shop\/\"},{\"@type\":\"ListItem\",\"position\":3,\"name\":\"Po\u00eales \u00e0 Bois\",\"item\":\"https:\/\/dev.invicta.wp19.axome.cc\/fr\/categorie-produit\/poeles-bois\/\"},{\"@type\":\"ListItem\",\"position\":4,\"name\":\"Po\u00eales \u00e0 Bois en Fonte\",\"item\":\"https:\/\/dev.invicta.wp19.axome.cc\/fr\/categorie-produit\/poeles-bois\/poeles-a-bois-fonte-acier\/\"},{\"@type\":\"ListItem\",\"position\":5,\"name\":\"Po\u00eale \u00e0 bois fonte Pharos 360\u00b0\"}]},{\"@type\":\"WebSite\",\"@id\":\"https:\/\/dev.invicta.wp19.axome.cc\/fr\/#website\",\"url\":\"https:\/\/dev.invicta.wp19.axome.cc\/fr\/\",\"name\":\"Invicta\",\"description\":\"Fabricant fran\u00e7ais, sp\u00e9cialiste europ\u00e9en du chauffage au bois : po\u00eales \u00e0 bois et \u00e0 granul\u00e9s, chemin\u00e9es, foyers et inserts\",\"publisher\":{\"@id\":\"https:\/\/dev.invicta.wp19.axome.cc\/fr\/#organization\"},\"potentialAction\":[{\"@type\":\"SearchAction\",\"target\":{\"@type\":\"EntryPoint\",\"urlTemplate\":\"https:\/\/dev.invicta.wp19.axome.cc\/fr\/?s={search_term_string}\"},\"query-input\":{\"@type\":\"PropertyValueSpecification\",\"valueRequired\":true,\"valueName\":\"search_term_string\"}}],\"inLanguage\":\"fr-FR\"},{\"@type\":\"Organization\",\"@id\":\"https:\/\/dev.invicta.wp19.axome.cc\/fr\/#organization\",\"name\":\"Invicta\",\"url\":\"https:\/\/dev.invicta.wp19.axome.cc\/fr\/\",\"logo\":{\"@type\":\"ImageObject\",\"inLanguage\":\"fr-FR\",\"@id\":\"https:\/\/dev.invicta.wp19.axome.cc\/fr\/#\/schema\/logo\/image\/\",\"url\":\"https:\/\/www.invicta.fr\/wp-content\/uploads\/2019\/06\/INVICTALOGO_RVB.png\",\"contentUrl\":\"https:\/\/www.invicta.fr\/wp-content\/uploads\/2019\/06\/INVICTALOGO_RVB.png\",\"width\":1810,\"height\":1280,\"caption\":\"Invicta\"},\"image\":{\"@id\":\"https:\/\/dev.invicta.wp19.axome.cc\/fr\/#\/schema\/logo\/image\/\"}}]}<\/script>\n<!-- \/ Yoast SEO plugin. -->","yoast_head_json":{"title":"Po\u00eale \u00e0 bois fonte Pharos 360\u00b0 - Invicta","description":"Produit phare de la gamme Invicta, Pharos ouvre le chemin vers une habitation moderne et efficacement chauff\u00e9e. Suivez la lumi\u00e8re et d\u00e9couvrez les avantages multiples de ce po\u00eale pivotant.","robots":{"index":"index","follow":"follow","max-snippet":"max-snippet:-1","max-image-preview":"max-image-preview:large","max-video-preview":"max-video-preview:-1"},"canonical":"https:\/\/dev.invicta.wp19.axome.cc\/fr\/produit\/poele-fonte-pharos\/","og_locale":"fr_FR","og_type":"article","og_title":"Po\u00eale \u00e0 bois fonte Pharos 360\u00b0 - Invicta","og_description":"Produit phare de la gamme Invicta, Pharos ouvre le chemin vers une habitation moderne et efficacement chauff\u00e9e. Suivez la lumi\u00e8re et d\u00e9couvrez les avantages multiples de ce po\u00eale pivotant.","og_url":"https:\/\/dev.invicta.wp19.axome.cc\/fr\/produit\/poele-fonte-pharos\/","og_site_name":"Invicta","article_modified_time":"2025-11-26T08:28:52+00:00","og_image":[{"width":675,"height":900,"url":"https:\/\/dev.invicta.wp19.axome.cc\/wp-content\/uploads\/2025\/06\/pharos_961_poele_a_bois_ambiance.jpg","type":"image\/jpeg"}],"twitter_card":"summary_large_image","schema":{"@context":"https:\/\/schema.org","@graph":[{"@type":"WebPage","@id":"https:\/\/dev.invicta.wp19.axome.cc\/fr\/produit\/poele-fonte-pharos\/","url":"https:\/\/dev.invicta.wp19.axome.cc\/fr\/produit\/poele-fonte-pharos\/","name":"Po\u00eale \u00e0 bois fonte Pharos 360\u00b0 - Invicta","isPartOf":{"@id":"https:\/\/dev.invicta.wp19.axome.cc\/fr\/#website"},"primaryImageOfPage":{"@id":"https:\/\/dev.invicta.wp19.axome.cc\/fr\/produit\/poele-fonte-pharos\/#primaryimage"},"image":{"@id":"https:\/\/dev.invicta.wp19.axome.cc\/fr\/produit\/poele-fonte-pharos\/#primaryimage"},"thumbnailUrl":"https:\/\/dev.invicta.wp19.axome.cc\/wp-content\/uploads\/2025\/06\/pharos_961_poele_a_bois_ambiance.jpg","datePublished":"2025-11-26T07:28:50+00:00","dateModified":"2025-11-26T08:28:52+00:00","description":"Produit phare de la gamme Invicta, Pharos ouvre le chemin vers une habitation moderne et efficacement chauff\u00e9e. Suivez la lumi\u00e8re et d\u00e9couvrez les avantages multiples de ce po\u00eale pivotant.","breadcrumb":{"@id":"https:\/\/dev.invicta.wp19.axome.cc\/fr\/produit\/poele-fonte-pharos\/#breadcrumb"},"inLanguage":"fr-FR","potentialAction":[{"@type":"ReadAction","target":["https:\/\/dev.invicta.wp19.axome.cc\/fr\/produit\/poele-fonte-pharos\/"]}]},{"@type":"ImageObject","inLanguage":"fr-FR","@id":"https:\/\/dev.invicta.wp19.axome.cc\/fr\/produit\/poele-fonte-pharos\/#primaryimage","url":"https:\/\/dev.invicta.wp19.axome.cc\/wp-content\/uploads\/2025\/06\/pharos_961_poele_a_bois_ambiance.jpg","contentUrl":"https:\/\/dev.invicta.wp19.axome.cc\/wp-content\/uploads\/2025\/06\/pharos_961_poele_a_bois_ambiance.jpg","width":675,"height":900,"caption":"Po\u00eale \u00e0 bois fonte Pharos 360\u00b0"},{"@type":"BreadcrumbList","@id":"https:\/\/dev.invicta.wp19.axome.cc\/fr\/produit\/poele-fonte-pharos\/#breadcrumb","itemListElement":[{"@type":"ListItem","position":1,"name":"Accueil","item":"https:\/\/dev.invicta.wp19.axome.cc\/fr\/"},{"@type":"ListItem","position":2,"name":"Produits","item":"https:\/\/dev.invicta.wp19.axome.cc\/fr\/shop\/"},{"@type":"ListItem","position":3,"name":"Po\u00eales \u00e0 Bois","item":"https:\/\/dev.invicta.wp19.axome.cc\/fr\/categorie-produit\/poeles-bois\/"},{"@type":"ListItem","position":4,"name":"Po\u00eales \u00e0 Bois en Fonte","item":"https:\/\/dev.invicta.wp19.axome.cc\/fr\/categorie-produit\/poeles-bois\/poeles-a-bois-fonte-acier\/"},{"@type":"ListItem","position":5,"name":"Po\u00eale \u00e0 bois fonte Pharos 360\u00b0"}]},{"@type":"WebSite","@id":"https:\/\/dev.invicta.wp19.axome.cc\/fr\/#website","url":"https:\/\/dev.invicta.wp19.axome.cc\/fr\/","name":"Invicta","description":"Fabricant fran\u00e7ais, sp\u00e9cialiste europ\u00e9en du chauffage au bois : po\u00eales \u00e0 bois et \u00e0 granul\u00e9s, chemin\u00e9es, foyers et inserts","publisher":{"@id":"https:\/\/dev.invicta.wp19.axome.cc\/fr\/#organization"},"potentialAction":[{"@type":"SearchAction","target":{"@type":"EntryPoint","urlTemplate":"https:\/\/dev.invicta.wp19.axome.cc\/fr\/?s={search_term_string}"},"query-input":{"@type":"PropertyValueSpecification","valueRequired":true,"valueName":"search_term_string"}}],"inLanguage":"fr-FR"},{"@type":"Organization","@id":"https:\/\/dev.invicta.wp19.axome.cc\/fr\/#organization","name":"Invicta","url":"https:\/\/dev.invicta.wp19.axome.cc\/fr\/","logo":{"@type":"ImageObject","inLanguage":"fr-FR","@id":"https:\/\/dev.invicta.wp19.axome.cc\/fr\/#\/schema\/logo\/image\/","url":"https:\/\/www.invicta.fr\/wp-content\/uploads\/2019\/06\/INVICTALOGO_RVB.png","contentUrl":"https:\/\/www.invicta.fr\/wp-content\/uploads\/2019\/06\/INVICTALOGO_RVB.png","width":1810,"height":1280,"caption":"Invicta"},"image":{"@id":"https:\/\/dev.invicta.wp19.axome.cc\/fr\/#\/schema\/logo\/image\/"}}]}},"_links":{"self":[{"href":"https:\/\/dev.invicta.wp19.axome.cc\/fr\/wp-json\/wp\/v2\/product\/68483","targetHints":{"allow":["GET"]}}],"collection":[{"href":"https:\/\/dev.invicta.wp19.axome.cc\/fr\/wp-json\/wp\/v2\/product"}],"about":[{"href":"https:\/\/dev.invicta.wp19.axome.cc\/fr\/wp-json\/wp\/v2\/types\/product"}],"wp:featuredmedia":[{"embeddable":true,"href":"https:\/\/dev.invicta.wp19.axome.cc\/fr\/wp-json\/wp\/v2\/media\/68485"}],"wp:attachment":[{"href":"https:\/\/dev.invicta.wp19.axome.cc\/fr\/wp-json\/wp\/v2\/media?parent=68483"}],"wp:term":[{"taxonomy":"product_brand","embeddable":true,"href":"https:\/\/dev.invicta.wp19.axome.cc\/fr\/wp-json\/wp\/v2\/product_brand?post=68483"},{"taxonomy":"product_cat","embeddable":true,"href":"https:\/\/dev.invicta.wp19.axome.cc\/fr\/wp-json\/wp\/v2\/product_cat?post=68483"},{"taxonomy":"product_tag","embeddable":true,"href":"https:\/\/dev.invicta.wp19.axome.cc\/fr\/wp-json\/wp\/v2\/product_tag?post=68483"},{"taxonomy":"plus_produit","embeddable":true,"href":"https:\/\/dev.invicta.wp19.axome.cc\/fr\/wp-json\/wp\/v2\/plus_produit?post=68483"}],"curies":[{"name":"wp","href":"https:\/\/api.w.org\/{rel}","templated":true}]}}