{"id":68525,"date":"2025-11-26T08:24:26","date_gmt":"2025-11-26T07:24:26","guid":{"rendered":"https:\/\/dev.invicta.wp19.axome.cc\/produit\/poele-a-bois-fonte-bradford-emaille-rouge\/"},"modified":"2025-11-26T09:24:28","modified_gmt":"2025-11-26T08:24:28","slug":"poele-fonte-bradford-rouge","status":"publish","type":"product","link":"https:\/\/dev.invicta.wp19.axome.cc\/fr\/produit\/poele-fonte-bradford-rouge\/","title":{"rendered":"Po\u00eale \u00e0 bois Fonte Bradford \u00e9maill\u00e9 rouge"},"content":{"rendered":"","protected":false},"excerpt":{"rendered":"<p>Bradford affiche sans rougir un style intemporel. Ses lignes \u00e0 la fois classiques et actuelles jouent la discr\u00e9tion en anthracite et \u00e9maill\u00e9 ivoire ou se font plus dynamiques en \u00e9maill\u00e9 rouge.<\/p>\n","protected":false},"featured_media":68527,"template":"","meta":{"_acf_changed":false},"product_brand":[],"product_cat":[2117,25,44,5861,5868,5840,5847,5866,5875,5853,5880,5872],"product_tag":[57,7095,58,7096,59,7107,7093,51,53,7094,65,6826],"plus_produit":[6930,612,131,6834,1919,129,130],"class_list":{"1":"product","4":"has-post-thumbnail","6":"product_cat-aide-au-choix","7":"product_cat-poeles-bois","8":"product_cat-poeles-a-bois-fonte-acier","9":"product_cat-poeles-a-bois-buches-50-cm","10":"product_cat-poeles-a-bois-9-kw","11":"product_cat-poeles-a-bois-anciens","12":"product_cat-poeles-a-bois-blancs","13":"product_cat-poeles-a-bois-rouges","14":"product_cat-poeles-a-bois-rustiques","15":"product_cat-poeles-a-bois-sortie-arriere","16":"product_cat-poeles-a-bois-traditionnels","17":"product_cat-poeles-a-bois-vintage","18":"product_tag-flamme-verte","19":"product_tag-1-flamme-verte-7","20":"product_tag-eco-design-2022","21":"product_tag-2-eco-design-2022","22":"product_tag-a-ecolabel","23":"product_tag-combustion-prolongee","24":"product_tag-flamme-verte-2","25":"product_tag-fonte-100","26":"product_tag-post-combustion","27":"product_tag-vitre-propre","28":"product_tag-garantie-2-ans","29":"product_tag-garantie-extension-3-ans","30":"pa_combustible-recommande-10259","31":"pa_consommation-053-a-222-kg-heure","32":"pa_depart-des-fumees-arriere","33":"pa_depart-des-fumees-dessus","34":"pa_designer-non-utilise","35":"pa_diametre-de-buse-10217","36":"pa_indice-de-performance-5571","37":"pa_surface-de-chauffe-50-a-110-m","38":"pa_taux-de-co-0-1","39":"pa_volume-de-chauffe-125-275-m","40":"plus_produit-100-fonte","41":"plus_produit-air-secondaire-reglable","42":"plus_produit-combustion-prolongee-8-heures","43":"plus_produit-extension-de-garantie-3-ans","44":"plus_produit-origine-france-garantie","45":"plus_produit-systeme-de-post-combustion","46":"plus_produit-vitre-propre","48":"first","49":"instock","50":"purchasable","51":"product-type-simple"},"acf":[],"yoast_head":"<!-- This site is optimized with the Yoast SEO plugin v24.7 - https:\/\/yoast.com\/wordpress\/plugins\/seo\/ -->\n<title>Po\u00eale \u00e0 bois Fonte Bradford \u00e9maill\u00e9 rouge - Invicta<\/title>\n<meta name=\"description\" content=\"Bradford affiche sans rougir un style intemporel. Ses lignes \u00e0 la fois classiques et actuelles jouent la discr\u00e9tion en anthracite et \u00e9maill\u00e9 ivoire ou se font plus dynamiques en \u00e9maill\u00e9 rouge.\" \/>\n<meta name=\"robots\" content=\"index, follow, max-snippet:-1, max-image-preview:large, max-video-preview:-1\" \/>\n<link rel=\"canonical\" href=\"https:\/\/dev.invicta.wp19.axome.cc\/fr\/produit\/poele-fonte-bradford-rouge\/\" \/>\n<meta property=\"og:locale\" content=\"fr_FR\" \/>\n<meta property=\"og:type\" content=\"article\" \/>\n<meta property=\"og:title\" content=\"Po\u00eale \u00e0 bois Fonte Bradford \u00e9maill\u00e9 rouge - Invicta\" \/>\n<meta property=\"og:description\" content=\"Bradford affiche sans rougir un style intemporel. Ses lignes \u00e0 la fois classiques et actuelles jouent la discr\u00e9tion en anthracite et \u00e9maill\u00e9 ivoire ou se font plus dynamiques en \u00e9maill\u00e9 rouge.\" \/>\n<meta property=\"og:url\" content=\"https:\/\/dev.invicta.wp19.axome.cc\/fr\/produit\/poele-fonte-bradford-rouge\/\" \/>\n<meta property=\"og:site_name\" content=\"Invicta\" \/>\n<meta property=\"article:modified_time\" content=\"2025-11-26T08:24:28+00:00\" \/>\n<meta property=\"og:image\" content=\"https:\/\/dev.invicta.wp19.axome.cc\/wp-content\/uploads\/2025\/06\/BRADFORD-ambiance-rouge.jpg\" \/>\n\t<meta property=\"og:image:width\" content=\"979\" \/>\n\t<meta property=\"og:image:height\" content=\"979\" \/>\n\t<meta property=\"og:image:type\" content=\"image\/jpeg\" \/>\n<meta name=\"twitter:card\" content=\"summary_large_image\" \/>\n<script type=\"application\/ld+json\" class=\"yoast-schema-graph\">{\"@context\":\"https:\/\/schema.org\",\"@graph\":[{\"@type\":\"WebPage\",\"@id\":\"https:\/\/dev.invicta.wp19.axome.cc\/fr\/produit\/poele-fonte-bradford-rouge\/\",\"url\":\"https:\/\/dev.invicta.wp19.axome.cc\/fr\/produit\/poele-fonte-bradford-rouge\/\",\"name\":\"Po\u00eale \u00e0 bois Fonte Bradford \u00e9maill\u00e9 rouge - Invicta\",\"isPartOf\":{\"@id\":\"https:\/\/dev.invicta.wp19.axome.cc\/fr\/#website\"},\"primaryImageOfPage\":{\"@id\":\"https:\/\/dev.invicta.wp19.axome.cc\/fr\/produit\/poele-fonte-bradford-rouge\/#primaryimage\"},\"image\":{\"@id\":\"https:\/\/dev.invicta.wp19.axome.cc\/fr\/produit\/poele-fonte-bradford-rouge\/#primaryimage\"},\"thumbnailUrl\":\"https:\/\/dev.invicta.wp19.axome.cc\/wp-content\/uploads\/2025\/06\/BRADFORD-ambiance-rouge.jpg\",\"datePublished\":\"2025-11-26T07:24:26+00:00\",\"dateModified\":\"2025-11-26T08:24:28+00:00\",\"description\":\"Bradford affiche sans rougir un style intemporel. Ses lignes \u00e0 la fois classiques et actuelles jouent la discr\u00e9tion en anthracite et \u00e9maill\u00e9 ivoire ou se font plus dynamiques en \u00e9maill\u00e9 rouge.\",\"breadcrumb\":{\"@id\":\"https:\/\/dev.invicta.wp19.axome.cc\/fr\/produit\/poele-fonte-bradford-rouge\/#breadcrumb\"},\"inLanguage\":\"fr-FR\",\"potentialAction\":[{\"@type\":\"ReadAction\",\"target\":[\"https:\/\/dev.invicta.wp19.axome.cc\/fr\/produit\/poele-fonte-bradford-rouge\/\"]}]},{\"@type\":\"ImageObject\",\"inLanguage\":\"fr-FR\",\"@id\":\"https:\/\/dev.invicta.wp19.axome.cc\/fr\/produit\/poele-fonte-bradford-rouge\/#primaryimage\",\"url\":\"https:\/\/dev.invicta.wp19.axome.cc\/wp-content\/uploads\/2025\/06\/BRADFORD-ambiance-rouge.jpg\",\"contentUrl\":\"https:\/\/dev.invicta.wp19.axome.cc\/wp-content\/uploads\/2025\/06\/BRADFORD-ambiance-rouge.jpg\",\"width\":979,\"height\":979,\"caption\":\"Po\u00eale \u00e0 bois Fonte Bradford \u00e9maill\u00e9 rouge\"},{\"@type\":\"BreadcrumbList\",\"@id\":\"https:\/\/dev.invicta.wp19.axome.cc\/fr\/produit\/poele-fonte-bradford-rouge\/#breadcrumb\",\"itemListElement\":[{\"@type\":\"ListItem\",\"position\":1,\"name\":\"Accueil\",\"item\":\"https:\/\/dev.invicta.wp19.axome.cc\/fr\/\"},{\"@type\":\"ListItem\",\"position\":2,\"name\":\"Produits\",\"item\":\"https:\/\/dev.invicta.wp19.axome.cc\/fr\/shop\/\"},{\"@type\":\"ListItem\",\"position\":3,\"name\":\"Po\u00eales \u00e0 Bois\",\"item\":\"https:\/\/dev.invicta.wp19.axome.cc\/fr\/categorie-produit\/poeles-bois\/\"},{\"@type\":\"ListItem\",\"position\":4,\"name\":\"Po\u00eales \u00e0 Bois en Fonte\",\"item\":\"https:\/\/dev.invicta.wp19.axome.cc\/fr\/categorie-produit\/poeles-bois\/poeles-a-bois-fonte-acier\/\"},{\"@type\":\"ListItem\",\"position\":5,\"name\":\"Po\u00eale \u00e0 bois Fonte Bradford \u00e9maill\u00e9 rouge\"}]},{\"@type\":\"WebSite\",\"@id\":\"https:\/\/dev.invicta.wp19.axome.cc\/fr\/#website\",\"url\":\"https:\/\/dev.invicta.wp19.axome.cc\/fr\/\",\"name\":\"Invicta\",\"description\":\"Fabricant fran\u00e7ais, sp\u00e9cialiste europ\u00e9en du chauffage au bois : po\u00eales \u00e0 bois et \u00e0 granul\u00e9s, chemin\u00e9es, foyers et inserts\",\"publisher\":{\"@id\":\"https:\/\/dev.invicta.wp19.axome.cc\/fr\/#organization\"},\"potentialAction\":[{\"@type\":\"SearchAction\",\"target\":{\"@type\":\"EntryPoint\",\"urlTemplate\":\"https:\/\/dev.invicta.wp19.axome.cc\/fr\/?s={search_term_string}\"},\"query-input\":{\"@type\":\"PropertyValueSpecification\",\"valueRequired\":true,\"valueName\":\"search_term_string\"}}],\"inLanguage\":\"fr-FR\"},{\"@type\":\"Organization\",\"@id\":\"https:\/\/dev.invicta.wp19.axome.cc\/fr\/#organization\",\"name\":\"Invicta\",\"url\":\"https:\/\/dev.invicta.wp19.axome.cc\/fr\/\",\"logo\":{\"@type\":\"ImageObject\",\"inLanguage\":\"fr-FR\",\"@id\":\"https:\/\/dev.invicta.wp19.axome.cc\/fr\/#\/schema\/logo\/image\/\",\"url\":\"https:\/\/www.invicta.fr\/wp-content\/uploads\/2019\/06\/INVICTALOGO_RVB.png\",\"contentUrl\":\"https:\/\/www.invicta.fr\/wp-content\/uploads\/2019\/06\/INVICTALOGO_RVB.png\",\"width\":1810,\"height\":1280,\"caption\":\"Invicta\"},\"image\":{\"@id\":\"https:\/\/dev.invicta.wp19.axome.cc\/fr\/#\/schema\/logo\/image\/\"}}]}<\/script>\n<!-- \/ Yoast SEO plugin. -->","yoast_head_json":{"title":"Po\u00eale \u00e0 bois Fonte Bradford \u00e9maill\u00e9 rouge - Invicta","description":"Bradford affiche sans rougir un style intemporel. Ses lignes \u00e0 la fois classiques et actuelles jouent la discr\u00e9tion en anthracite et \u00e9maill\u00e9 ivoire ou se font plus dynamiques en \u00e9maill\u00e9 rouge.","robots":{"index":"index","follow":"follow","max-snippet":"max-snippet:-1","max-image-preview":"max-image-preview:large","max-video-preview":"max-video-preview:-1"},"canonical":"https:\/\/dev.invicta.wp19.axome.cc\/fr\/produit\/poele-fonte-bradford-rouge\/","og_locale":"fr_FR","og_type":"article","og_title":"Po\u00eale \u00e0 bois Fonte Bradford \u00e9maill\u00e9 rouge - Invicta","og_description":"Bradford affiche sans rougir un style intemporel. Ses lignes \u00e0 la fois classiques et actuelles jouent la discr\u00e9tion en anthracite et \u00e9maill\u00e9 ivoire ou se font plus dynamiques en \u00e9maill\u00e9 rouge.","og_url":"https:\/\/dev.invicta.wp19.axome.cc\/fr\/produit\/poele-fonte-bradford-rouge\/","og_site_name":"Invicta","article_modified_time":"2025-11-26T08:24:28+00:00","og_image":[{"width":979,"height":979,"url":"https:\/\/dev.invicta.wp19.axome.cc\/wp-content\/uploads\/2025\/06\/BRADFORD-ambiance-rouge.jpg","type":"image\/jpeg"}],"twitter_card":"summary_large_image","schema":{"@context":"https:\/\/schema.org","@graph":[{"@type":"WebPage","@id":"https:\/\/dev.invicta.wp19.axome.cc\/fr\/produit\/poele-fonte-bradford-rouge\/","url":"https:\/\/dev.invicta.wp19.axome.cc\/fr\/produit\/poele-fonte-bradford-rouge\/","name":"Po\u00eale \u00e0 bois Fonte Bradford \u00e9maill\u00e9 rouge - Invicta","isPartOf":{"@id":"https:\/\/dev.invicta.wp19.axome.cc\/fr\/#website"},"primaryImageOfPage":{"@id":"https:\/\/dev.invicta.wp19.axome.cc\/fr\/produit\/poele-fonte-bradford-rouge\/#primaryimage"},"image":{"@id":"https:\/\/dev.invicta.wp19.axome.cc\/fr\/produit\/poele-fonte-bradford-rouge\/#primaryimage"},"thumbnailUrl":"https:\/\/dev.invicta.wp19.axome.cc\/wp-content\/uploads\/2025\/06\/BRADFORD-ambiance-rouge.jpg","datePublished":"2025-11-26T07:24:26+00:00","dateModified":"2025-11-26T08:24:28+00:00","description":"Bradford affiche sans rougir un style intemporel. Ses lignes \u00e0 la fois classiques et actuelles jouent la discr\u00e9tion en anthracite et \u00e9maill\u00e9 ivoire ou se font plus dynamiques en \u00e9maill\u00e9 rouge.","breadcrumb":{"@id":"https:\/\/dev.invicta.wp19.axome.cc\/fr\/produit\/poele-fonte-bradford-rouge\/#breadcrumb"},"inLanguage":"fr-FR","potentialAction":[{"@type":"ReadAction","target":["https:\/\/dev.invicta.wp19.axome.cc\/fr\/produit\/poele-fonte-bradford-rouge\/"]}]},{"@type":"ImageObject","inLanguage":"fr-FR","@id":"https:\/\/dev.invicta.wp19.axome.cc\/fr\/produit\/poele-fonte-bradford-rouge\/#primaryimage","url":"https:\/\/dev.invicta.wp19.axome.cc\/wp-content\/uploads\/2025\/06\/BRADFORD-ambiance-rouge.jpg","contentUrl":"https:\/\/dev.invicta.wp19.axome.cc\/wp-content\/uploads\/2025\/06\/BRADFORD-ambiance-rouge.jpg","width":979,"height":979,"caption":"Po\u00eale \u00e0 bois Fonte Bradford \u00e9maill\u00e9 rouge"},{"@type":"BreadcrumbList","@id":"https:\/\/dev.invicta.wp19.axome.cc\/fr\/produit\/poele-fonte-bradford-rouge\/#breadcrumb","itemListElement":[{"@type":"ListItem","position":1,"name":"Accueil","item":"https:\/\/dev.invicta.wp19.axome.cc\/fr\/"},{"@type":"ListItem","position":2,"name":"Produits","item":"https:\/\/dev.invicta.wp19.axome.cc\/fr\/shop\/"},{"@type":"ListItem","position":3,"name":"Po\u00eales \u00e0 Bois","item":"https:\/\/dev.invicta.wp19.axome.cc\/fr\/categorie-produit\/poeles-bois\/"},{"@type":"ListItem","position":4,"name":"Po\u00eales \u00e0 Bois en Fonte","item":"https:\/\/dev.invicta.wp19.axome.cc\/fr\/categorie-produit\/poeles-bois\/poeles-a-bois-fonte-acier\/"},{"@type":"ListItem","position":5,"name":"Po\u00eale \u00e0 bois Fonte Bradford \u00e9maill\u00e9 rouge"}]},{"@type":"WebSite","@id":"https:\/\/dev.invicta.wp19.axome.cc\/fr\/#website","url":"https:\/\/dev.invicta.wp19.axome.cc\/fr\/","name":"Invicta","description":"Fabricant fran\u00e7ais, sp\u00e9cialiste europ\u00e9en du chauffage au bois : po\u00eales \u00e0 bois et \u00e0 granul\u00e9s, chemin\u00e9es, foyers et inserts","publisher":{"@id":"https:\/\/dev.invicta.wp19.axome.cc\/fr\/#organization"},"potentialAction":[{"@type":"SearchAction","target":{"@type":"EntryPoint","urlTemplate":"https:\/\/dev.invicta.wp19.axome.cc\/fr\/?s={search_term_string}"},"query-input":{"@type":"PropertyValueSpecification","valueRequired":true,"valueName":"search_term_string"}}],"inLanguage":"fr-FR"},{"@type":"Organization","@id":"https:\/\/dev.invicta.wp19.axome.cc\/fr\/#organization","name":"Invicta","url":"https:\/\/dev.invicta.wp19.axome.cc\/fr\/","logo":{"@type":"ImageObject","inLanguage":"fr-FR","@id":"https:\/\/dev.invicta.wp19.axome.cc\/fr\/#\/schema\/logo\/image\/","url":"https:\/\/www.invicta.fr\/wp-content\/uploads\/2019\/06\/INVICTALOGO_RVB.png","contentUrl":"https:\/\/www.invicta.fr\/wp-content\/uploads\/2019\/06\/INVICTALOGO_RVB.png","width":1810,"height":1280,"caption":"Invicta"},"image":{"@id":"https:\/\/dev.invicta.wp19.axome.cc\/fr\/#\/schema\/logo\/image\/"}}]}},"_links":{"self":[{"href":"https:\/\/dev.invicta.wp19.axome.cc\/fr\/wp-json\/wp\/v2\/product\/68525","targetHints":{"allow":["GET"]}}],"collection":[{"href":"https:\/\/dev.invicta.wp19.axome.cc\/fr\/wp-json\/wp\/v2\/product"}],"about":[{"href":"https:\/\/dev.invicta.wp19.axome.cc\/fr\/wp-json\/wp\/v2\/types\/product"}],"wp:featuredmedia":[{"embeddable":true,"href":"https:\/\/dev.invicta.wp19.axome.cc\/fr\/wp-json\/wp\/v2\/media\/68527"}],"wp:attachment":[{"href":"https:\/\/dev.invicta.wp19.axome.cc\/fr\/wp-json\/wp\/v2\/media?parent=68525"}],"wp:term":[{"taxonomy":"product_brand","embeddable":true,"href":"https:\/\/dev.invicta.wp19.axome.cc\/fr\/wp-json\/wp\/v2\/product_brand?post=68525"},{"taxonomy":"product_cat","embeddable":true,"href":"https:\/\/dev.invicta.wp19.axome.cc\/fr\/wp-json\/wp\/v2\/product_cat?post=68525"},{"taxonomy":"product_tag","embeddable":true,"href":"https:\/\/dev.invicta.wp19.axome.cc\/fr\/wp-json\/wp\/v2\/product_tag?post=68525"},{"taxonomy":"plus_produit","embeddable":true,"href":"https:\/\/dev.invicta.wp19.axome.cc\/fr\/wp-json\/wp\/v2\/plus_produit?post=68525"}],"curies":[{"name":"wp","href":"https:\/\/api.w.org\/{rel}","templated":true}]}}