{"id":68631,"date":"2025-11-26T08:11:39","date_gmt":"2025-11-26T07:11:39","guid":{"rendered":"https:\/\/dev.invicta.wp19.axome.cc\/produit\/poele-a-granules-etanche-nola-8-gris-poele-a-pellets\/"},"modified":"2025-11-26T09:11:41","modified_gmt":"2025-11-26T08:11:41","slug":"poele-a-granules-etanche-nola-8-gris-poele-a-pellets","status":"publish","type":"product","link":"https:\/\/dev.invicta.wp19.axome.cc\/fr\/produit\/poele-a-granules-etanche-nola-8-gris-poele-a-pellets\/","title":{"rendered":"Po\u00eale \u00e0 Granul\u00e9s Etanche Nola 8 gris &#8211; Po\u00eale \u00e0 Pellets"},"content":{"rendered":"","protected":false},"excerpt":{"rendered":"<p>Le po\u00eale \u00e0 granul\u00e9s \u00e9tanche Nola 8, avec son habillage gris, combine design \u00e9l\u00e9gant, performance optimale et chaleur douce. Parfait pour les constructions neuves et isol\u00e9es.<\/p>\n","protected":false},"featured_media":68632,"template":"","meta":{"_acf_changed":false},"product_brand":[],"product_cat":[2117,26,48,5859,5907,5857,5837,5885,5856,5871,5883,5863],"product_tag":[57,7095,58,7096,64,7093,5592,5606,65,6825],"plus_produit":[144,137,1933,6835,1932,2132,5365,1925,1968,1921,2137],"class_list":{"1":"product","4":"has-post-thumbnail","6":"product_cat-aide-au-choix","7":"product_cat-poeles-granules","8":"product_cat-poeles-a-granules-etanches-pellets","9":"product_cat-poeles-a-granules-8-kw","10":"product_cat-poeles-a-granules-etanches-8-kw","11":"product_cat-poeles-a-granules-autonomes","12":"product_cat-poeles-a-granules-programmables","13":"product_cat-poeles-a-granules-contemporains","14":"product_cat-poeles-a-granules-modernes","15":"product_cat-poeles-a-granules-blancs","16":"product_cat-poeles-a-granules-sortie-murale","17":"product_cat-poeles-a-granules-sortie-ventouse","18":"product_tag-flamme-verte","19":"product_tag-1-flamme-verte-7","20":"product_tag-eco-design-2022","21":"product_tag-2-eco-design-2022","22":"product_tag-a-ecolabel-2","23":"product_tag-flamme-verte-2","24":"product_tag-wifi-option-c02270","25":"product_tag-zone-3-ventouse","26":"product_tag-garantie-2-ans","27":"product_tag-garantie-extension-1-an","28":"pa_autonomie-maximum-18-h","29":"pa_autonomie-minimum-8-5-heures","30":"pa_capacite-de-la-tremie-16-5-kg","31":"pa_consommation-0-9-1-93","32":"pa_depart-des-fumees-arriere","33":"pa_designer-non-utilise","34":"pa_diametre-de-buse-10228","35":"pa_indice-de-performance-5574","36":"pa_modulation-de-puissance-4-a-8-kw","37":"pa_surface-de-chauffe-30-a-100-m","38":"pa_volume-de-chauffe-75-a-240-m","39":"plus_produit-appareil-etanche-compatible-rt2012","40":"plus_produit-diffusion-dair-chaud-par-ventilateur-tangenciel","41":"plus_produit-document-technique-dapplication-n14-2-15-2130_v8","42":"plus_produit-extension-de-garantie-1-an","43":"plus_produit-installation-possible-en-facade-zone-3-ventouse","44":"plus_produit-kit-de-controle-de-la-combustion-kcc-2","45":"plus_produit-kit-wifi-en-option","46":"plus_produit-possibilite-de-pilotage-par-thermostat-externe-non-fourni","47":"plus_produit-programmation","48":"plus_produit-regulation-de-lallure-ou-de-la-temperature-ambiante","49":"plus_produit-stand-by-veille","51":"first","52":"instock","53":"purchasable","54":"product-type-simple"},"acf":[],"yoast_head":"<!-- This site is optimized with the Yoast SEO plugin v24.7 - https:\/\/yoast.com\/wordpress\/plugins\/seo\/ -->\n<title>Po\u00eale \u00e0 Granul\u00e9s Etanche Nola 8 gris - Po\u00eale \u00e0 Pellets - Invicta<\/title>\n<meta name=\"description\" content=\"Le po\u00eale \u00e0 granul\u00e9s \u00e9tanche Nola 8, avec son habillage gris, combine design \u00e9l\u00e9gant, performance optimale et chaleur douce. Parfait pour les constructions neuves et isol\u00e9es.\" \/>\n<meta name=\"robots\" content=\"index, follow, max-snippet:-1, max-image-preview:large, max-video-preview:-1\" \/>\n<link rel=\"canonical\" href=\"https:\/\/dev.invicta.wp19.axome.cc\/fr\/produit\/poele-a-granules-etanche-nola-8-gris-poele-a-pellets\/\" \/>\n<meta property=\"og:locale\" content=\"fr_FR\" \/>\n<meta property=\"og:type\" content=\"article\" \/>\n<meta property=\"og:title\" content=\"Po\u00eale \u00e0 Granul\u00e9s Etanche Nola 8 gris - Po\u00eale \u00e0 Pellets - Invicta\" \/>\n<meta property=\"og:description\" content=\"Le po\u00eale \u00e0 granul\u00e9s \u00e9tanche Nola 8, avec son habillage gris, combine design \u00e9l\u00e9gant, performance optimale et chaleur douce. Parfait pour les constructions neuves et isol\u00e9es.\" \/>\n<meta property=\"og:url\" content=\"https:\/\/dev.invicta.wp19.axome.cc\/fr\/produit\/poele-a-granules-etanche-nola-8-gris-poele-a-pellets\/\" \/>\n<meta property=\"og:site_name\" content=\"Invicta\" \/>\n<meta property=\"article:modified_time\" content=\"2025-11-26T08:11:41+00:00\" \/>\n<meta property=\"og:image\" content=\"https:\/\/dev.invicta.wp19.axome.cc\/wp-content\/uploads\/2025\/06\/Nola_8_gris.jpg\" \/>\n\t<meta property=\"og:image:width\" content=\"581\" \/>\n\t<meta property=\"og:image:height\" content=\"1000\" \/>\n\t<meta property=\"og:image:type\" content=\"image\/jpeg\" \/>\n<meta name=\"twitter:card\" content=\"summary_large_image\" \/>\n<script type=\"application\/ld+json\" class=\"yoast-schema-graph\">{\"@context\":\"https:\/\/schema.org\",\"@graph\":[{\"@type\":\"WebPage\",\"@id\":\"https:\/\/dev.invicta.wp19.axome.cc\/fr\/produit\/poele-a-granules-etanche-nola-8-gris-poele-a-pellets\/\",\"url\":\"https:\/\/dev.invicta.wp19.axome.cc\/fr\/produit\/poele-a-granules-etanche-nola-8-gris-poele-a-pellets\/\",\"name\":\"Po\u00eale \u00e0 Granul\u00e9s Etanche Nola 8 gris - Po\u00eale \u00e0 Pellets - Invicta\",\"isPartOf\":{\"@id\":\"https:\/\/dev.invicta.wp19.axome.cc\/fr\/#website\"},\"primaryImageOfPage\":{\"@id\":\"https:\/\/dev.invicta.wp19.axome.cc\/fr\/produit\/poele-a-granules-etanche-nola-8-gris-poele-a-pellets\/#primaryimage\"},\"image\":{\"@id\":\"https:\/\/dev.invicta.wp19.axome.cc\/fr\/produit\/poele-a-granules-etanche-nola-8-gris-poele-a-pellets\/#primaryimage\"},\"thumbnailUrl\":\"https:\/\/dev.invicta.wp19.axome.cc\/wp-content\/uploads\/2025\/06\/Nola_8_gris.jpg\",\"datePublished\":\"2025-11-26T07:11:39+00:00\",\"dateModified\":\"2025-11-26T08:11:41+00:00\",\"description\":\"Le po\u00eale \u00e0 granul\u00e9s \u00e9tanche Nola 8, avec son habillage gris, combine design \u00e9l\u00e9gant, performance optimale et chaleur douce. Parfait pour les constructions neuves et isol\u00e9es.\",\"breadcrumb\":{\"@id\":\"https:\/\/dev.invicta.wp19.axome.cc\/fr\/produit\/poele-a-granules-etanche-nola-8-gris-poele-a-pellets\/#breadcrumb\"},\"inLanguage\":\"fr-FR\",\"potentialAction\":[{\"@type\":\"ReadAction\",\"target\":[\"https:\/\/dev.invicta.wp19.axome.cc\/fr\/produit\/poele-a-granules-etanche-nola-8-gris-poele-a-pellets\/\"]}]},{\"@type\":\"ImageObject\",\"inLanguage\":\"fr-FR\",\"@id\":\"https:\/\/dev.invicta.wp19.axome.cc\/fr\/produit\/poele-a-granules-etanche-nola-8-gris-poele-a-pellets\/#primaryimage\",\"url\":\"https:\/\/dev.invicta.wp19.axome.cc\/wp-content\/uploads\/2025\/06\/Nola_8_gris.jpg\",\"contentUrl\":\"https:\/\/dev.invicta.wp19.axome.cc\/wp-content\/uploads\/2025\/06\/Nola_8_gris.jpg\",\"width\":581,\"height\":1000,\"caption\":\"Po\u00eale \u00e0 Granul\u00e9s Etanche Nola 8 gris - Po\u00eale \u00e0 Pellets\"},{\"@type\":\"BreadcrumbList\",\"@id\":\"https:\/\/dev.invicta.wp19.axome.cc\/fr\/produit\/poele-a-granules-etanche-nola-8-gris-poele-a-pellets\/#breadcrumb\",\"itemListElement\":[{\"@type\":\"ListItem\",\"position\":1,\"name\":\"Accueil\",\"item\":\"https:\/\/dev.invicta.wp19.axome.cc\/fr\/\"},{\"@type\":\"ListItem\",\"position\":2,\"name\":\"Produits\",\"item\":\"https:\/\/dev.invicta.wp19.axome.cc\/fr\/shop\/\"},{\"@type\":\"ListItem\",\"position\":3,\"name\":\"Po\u00eales \u00e0 Granul\u00e9s\",\"item\":\"https:\/\/dev.invicta.wp19.axome.cc\/fr\/categorie-produit\/poeles-granules\/\"},{\"@type\":\"ListItem\",\"position\":4,\"name\":\"Po\u00eales \u00e0 Granul\u00e9s \u00c9tanches\",\"item\":\"https:\/\/dev.invicta.wp19.axome.cc\/fr\/categorie-produit\/poeles-granules\/poeles-a-granules-etanches-pellets\/\"},{\"@type\":\"ListItem\",\"position\":5,\"name\":\"Po\u00eale \u00e0 Granul\u00e9s Etanche Nola 8 gris &#8211; Po\u00eale \u00e0 Pellets\"}]},{\"@type\":\"WebSite\",\"@id\":\"https:\/\/dev.invicta.wp19.axome.cc\/fr\/#website\",\"url\":\"https:\/\/dev.invicta.wp19.axome.cc\/fr\/\",\"name\":\"Invicta\",\"description\":\"Fabricant fran\u00e7ais, sp\u00e9cialiste europ\u00e9en du chauffage au bois : po\u00eales \u00e0 bois et \u00e0 granul\u00e9s, chemin\u00e9es, foyers et inserts\",\"publisher\":{\"@id\":\"https:\/\/dev.invicta.wp19.axome.cc\/fr\/#organization\"},\"potentialAction\":[{\"@type\":\"SearchAction\",\"target\":{\"@type\":\"EntryPoint\",\"urlTemplate\":\"https:\/\/dev.invicta.wp19.axome.cc\/fr\/?s={search_term_string}\"},\"query-input\":{\"@type\":\"PropertyValueSpecification\",\"valueRequired\":true,\"valueName\":\"search_term_string\"}}],\"inLanguage\":\"fr-FR\"},{\"@type\":\"Organization\",\"@id\":\"https:\/\/dev.invicta.wp19.axome.cc\/fr\/#organization\",\"name\":\"Invicta\",\"url\":\"https:\/\/dev.invicta.wp19.axome.cc\/fr\/\",\"logo\":{\"@type\":\"ImageObject\",\"inLanguage\":\"fr-FR\",\"@id\":\"https:\/\/dev.invicta.wp19.axome.cc\/fr\/#\/schema\/logo\/image\/\",\"url\":\"https:\/\/www.invicta.fr\/wp-content\/uploads\/2019\/06\/INVICTALOGO_RVB.png\",\"contentUrl\":\"https:\/\/www.invicta.fr\/wp-content\/uploads\/2019\/06\/INVICTALOGO_RVB.png\",\"width\":1810,\"height\":1280,\"caption\":\"Invicta\"},\"image\":{\"@id\":\"https:\/\/dev.invicta.wp19.axome.cc\/fr\/#\/schema\/logo\/image\/\"}}]}<\/script>\n<!-- \/ Yoast SEO plugin. -->","yoast_head_json":{"title":"Po\u00eale \u00e0 Granul\u00e9s Etanche Nola 8 gris - Po\u00eale \u00e0 Pellets - Invicta","description":"Le po\u00eale \u00e0 granul\u00e9s \u00e9tanche Nola 8, avec son habillage gris, combine design \u00e9l\u00e9gant, performance optimale et chaleur douce. Parfait pour les constructions neuves et isol\u00e9es.","robots":{"index":"index","follow":"follow","max-snippet":"max-snippet:-1","max-image-preview":"max-image-preview:large","max-video-preview":"max-video-preview:-1"},"canonical":"https:\/\/dev.invicta.wp19.axome.cc\/fr\/produit\/poele-a-granules-etanche-nola-8-gris-poele-a-pellets\/","og_locale":"fr_FR","og_type":"article","og_title":"Po\u00eale \u00e0 Granul\u00e9s Etanche Nola 8 gris - Po\u00eale \u00e0 Pellets - Invicta","og_description":"Le po\u00eale \u00e0 granul\u00e9s \u00e9tanche Nola 8, avec son habillage gris, combine design \u00e9l\u00e9gant, performance optimale et chaleur douce. Parfait pour les constructions neuves et isol\u00e9es.","og_url":"https:\/\/dev.invicta.wp19.axome.cc\/fr\/produit\/poele-a-granules-etanche-nola-8-gris-poele-a-pellets\/","og_site_name":"Invicta","article_modified_time":"2025-11-26T08:11:41+00:00","og_image":[{"width":581,"height":1000,"url":"https:\/\/dev.invicta.wp19.axome.cc\/wp-content\/uploads\/2025\/06\/Nola_8_gris.jpg","type":"image\/jpeg"}],"twitter_card":"summary_large_image","schema":{"@context":"https:\/\/schema.org","@graph":[{"@type":"WebPage","@id":"https:\/\/dev.invicta.wp19.axome.cc\/fr\/produit\/poele-a-granules-etanche-nola-8-gris-poele-a-pellets\/","url":"https:\/\/dev.invicta.wp19.axome.cc\/fr\/produit\/poele-a-granules-etanche-nola-8-gris-poele-a-pellets\/","name":"Po\u00eale \u00e0 Granul\u00e9s Etanche Nola 8 gris - Po\u00eale \u00e0 Pellets - Invicta","isPartOf":{"@id":"https:\/\/dev.invicta.wp19.axome.cc\/fr\/#website"},"primaryImageOfPage":{"@id":"https:\/\/dev.invicta.wp19.axome.cc\/fr\/produit\/poele-a-granules-etanche-nola-8-gris-poele-a-pellets\/#primaryimage"},"image":{"@id":"https:\/\/dev.invicta.wp19.axome.cc\/fr\/produit\/poele-a-granules-etanche-nola-8-gris-poele-a-pellets\/#primaryimage"},"thumbnailUrl":"https:\/\/dev.invicta.wp19.axome.cc\/wp-content\/uploads\/2025\/06\/Nola_8_gris.jpg","datePublished":"2025-11-26T07:11:39+00:00","dateModified":"2025-11-26T08:11:41+00:00","description":"Le po\u00eale \u00e0 granul\u00e9s \u00e9tanche Nola 8, avec son habillage gris, combine design \u00e9l\u00e9gant, performance optimale et chaleur douce. Parfait pour les constructions neuves et isol\u00e9es.","breadcrumb":{"@id":"https:\/\/dev.invicta.wp19.axome.cc\/fr\/produit\/poele-a-granules-etanche-nola-8-gris-poele-a-pellets\/#breadcrumb"},"inLanguage":"fr-FR","potentialAction":[{"@type":"ReadAction","target":["https:\/\/dev.invicta.wp19.axome.cc\/fr\/produit\/poele-a-granules-etanche-nola-8-gris-poele-a-pellets\/"]}]},{"@type":"ImageObject","inLanguage":"fr-FR","@id":"https:\/\/dev.invicta.wp19.axome.cc\/fr\/produit\/poele-a-granules-etanche-nola-8-gris-poele-a-pellets\/#primaryimage","url":"https:\/\/dev.invicta.wp19.axome.cc\/wp-content\/uploads\/2025\/06\/Nola_8_gris.jpg","contentUrl":"https:\/\/dev.invicta.wp19.axome.cc\/wp-content\/uploads\/2025\/06\/Nola_8_gris.jpg","width":581,"height":1000,"caption":"Po\u00eale \u00e0 Granul\u00e9s Etanche Nola 8 gris - Po\u00eale \u00e0 Pellets"},{"@type":"BreadcrumbList","@id":"https:\/\/dev.invicta.wp19.axome.cc\/fr\/produit\/poele-a-granules-etanche-nola-8-gris-poele-a-pellets\/#breadcrumb","itemListElement":[{"@type":"ListItem","position":1,"name":"Accueil","item":"https:\/\/dev.invicta.wp19.axome.cc\/fr\/"},{"@type":"ListItem","position":2,"name":"Produits","item":"https:\/\/dev.invicta.wp19.axome.cc\/fr\/shop\/"},{"@type":"ListItem","position":3,"name":"Po\u00eales \u00e0 Granul\u00e9s","item":"https:\/\/dev.invicta.wp19.axome.cc\/fr\/categorie-produit\/poeles-granules\/"},{"@type":"ListItem","position":4,"name":"Po\u00eales \u00e0 Granul\u00e9s \u00c9tanches","item":"https:\/\/dev.invicta.wp19.axome.cc\/fr\/categorie-produit\/poeles-granules\/poeles-a-granules-etanches-pellets\/"},{"@type":"ListItem","position":5,"name":"Po\u00eale \u00e0 Granul\u00e9s Etanche Nola 8 gris &#8211; Po\u00eale \u00e0 Pellets"}]},{"@type":"WebSite","@id":"https:\/\/dev.invicta.wp19.axome.cc\/fr\/#website","url":"https:\/\/dev.invicta.wp19.axome.cc\/fr\/","name":"Invicta","description":"Fabricant fran\u00e7ais, sp\u00e9cialiste europ\u00e9en du chauffage au bois : po\u00eales \u00e0 bois et \u00e0 granul\u00e9s, chemin\u00e9es, foyers et inserts","publisher":{"@id":"https:\/\/dev.invicta.wp19.axome.cc\/fr\/#organization"},"potentialAction":[{"@type":"SearchAction","target":{"@type":"EntryPoint","urlTemplate":"https:\/\/dev.invicta.wp19.axome.cc\/fr\/?s={search_term_string}"},"query-input":{"@type":"PropertyValueSpecification","valueRequired":true,"valueName":"search_term_string"}}],"inLanguage":"fr-FR"},{"@type":"Organization","@id":"https:\/\/dev.invicta.wp19.axome.cc\/fr\/#organization","name":"Invicta","url":"https:\/\/dev.invicta.wp19.axome.cc\/fr\/","logo":{"@type":"ImageObject","inLanguage":"fr-FR","@id":"https:\/\/dev.invicta.wp19.axome.cc\/fr\/#\/schema\/logo\/image\/","url":"https:\/\/www.invicta.fr\/wp-content\/uploads\/2019\/06\/INVICTALOGO_RVB.png","contentUrl":"https:\/\/www.invicta.fr\/wp-content\/uploads\/2019\/06\/INVICTALOGO_RVB.png","width":1810,"height":1280,"caption":"Invicta"},"image":{"@id":"https:\/\/dev.invicta.wp19.axome.cc\/fr\/#\/schema\/logo\/image\/"}}]}},"_links":{"self":[{"href":"https:\/\/dev.invicta.wp19.axome.cc\/fr\/wp-json\/wp\/v2\/product\/68631","targetHints":{"allow":["GET"]}}],"collection":[{"href":"https:\/\/dev.invicta.wp19.axome.cc\/fr\/wp-json\/wp\/v2\/product"}],"about":[{"href":"https:\/\/dev.invicta.wp19.axome.cc\/fr\/wp-json\/wp\/v2\/types\/product"}],"wp:featuredmedia":[{"embeddable":true,"href":"https:\/\/dev.invicta.wp19.axome.cc\/fr\/wp-json\/wp\/v2\/media\/68632"}],"wp:attachment":[{"href":"https:\/\/dev.invicta.wp19.axome.cc\/fr\/wp-json\/wp\/v2\/media?parent=68631"}],"wp:term":[{"taxonomy":"product_brand","embeddable":true,"href":"https:\/\/dev.invicta.wp19.axome.cc\/fr\/wp-json\/wp\/v2\/product_brand?post=68631"},{"taxonomy":"product_cat","embeddable":true,"href":"https:\/\/dev.invicta.wp19.axome.cc\/fr\/wp-json\/wp\/v2\/product_cat?post=68631"},{"taxonomy":"product_tag","embeddable":true,"href":"https:\/\/dev.invicta.wp19.axome.cc\/fr\/wp-json\/wp\/v2\/product_tag?post=68631"},{"taxonomy":"plus_produit","embeddable":true,"href":"https:\/\/dev.invicta.wp19.axome.cc\/fr\/wp-json\/wp\/v2\/plus_produit?post=68631"}],"curies":[{"name":"wp","href":"https:\/\/api.w.org\/{rel}","templated":true}]}}