{"id":68660,"date":"2025-11-26T08:11:56","date_gmt":"2025-11-26T07:11:56","guid":{"rendered":"https:\/\/dev.invicta.wp19.axome.cc\/produit\/poele-a-granules-etanche-lodi-8-blanc-wi-fi-poele-a-pellets\/"},"modified":"2025-11-26T09:11:58","modified_gmt":"2025-11-26T08:11:58","slug":"poele-a-granules-etanche-lodi-8-blanc-wi-fi-poele-a-pellets","status":"publish","type":"product","link":"https:\/\/dev.invicta.wp19.axome.cc\/fr\/produit\/poele-a-granules-etanche-lodi-8-blanc-wi-fi-poele-a-pellets\/","title":{"rendered":"Po\u00eale \u00e0 Granul\u00e9s \u00e9tanche Lodi 8 blanc Wi-Fi &#8211; Po\u00eale \u00e0 pellets"},"content":{"rendered":"","protected":false},"excerpt":{"rendered":"<p>Avec ses lignes rondes et son style adouci, Lodi 8 \u00e9tanche diffuse chaleur et bien-\u00eatre dans votre habitat. Il dispose du Wi-Fi int\u00e9gr\u00e9 et peut \u00eatre pilot\u00e9 depuis un smartphone.<\/p>\n","protected":false},"featured_media":68661,"template":"","meta":{"_acf_changed":false},"product_brand":[],"product_cat":[],"product_tag":[57,7095,58,7096,64,7093,5600,5606,65,6825],"plus_produit":[144,137,1933,6835,1932,2132,1925,1968,1921,2137,5384],"class_list":{"1":"product","4":"has-post-thumbnail","6":"product_tag-flamme-verte","7":"product_tag-1-flamme-verte-7","8":"product_tag-eco-design-2022","9":"product_tag-2-eco-design-2022","10":"product_tag-a-ecolabel-2","11":"product_tag-flamme-verte-2","12":"product_tag-wifi-de-serie","13":"product_tag-zone-3-ventouse","14":"product_tag-garantie-2-ans","15":"product_tag-garantie-extension-1-an","16":"pa_autonomie-maximum-23-5","17":"pa_autonomie-minimum-9-heures","18":"pa_capacite-de-la-tremie-16-5-kg","19":"pa_consommation-0-69-1-77","20":"pa_depart-des-fumees-arriere","21":"pa_designer-non-utilise","22":"pa_diametre-de-buse-10228","23":"pa_indice-de-performance-5581","24":"pa_modulation-de-puissance-31-8-kw","25":"pa_surface-de-chauffe-30-a-100-m","26":"pa_taux-de-co-0-0078","27":"pa_volume-de-chauffe-75-a-240-m","28":"plus_produit-appareil-etanche-compatible-rt2012","29":"plus_produit-diffusion-dair-chaud-par-ventilateur-tangenciel","30":"plus_produit-document-technique-dapplication-n14-2-15-2130_v8","31":"plus_produit-extension-de-garantie-1-an","32":"plus_produit-installation-possible-en-facade-zone-3-ventouse","33":"plus_produit-kit-de-controle-de-la-combustion-kcc-2","34":"plus_produit-possibilite-de-pilotage-par-thermostat-externe-non-fourni","35":"plus_produit-programmation","36":"plus_produit-regulation-de-lallure-ou-de-la-temperature-ambiante","37":"plus_produit-stand-by-veille","38":"plus_produit-wifi-integre","40":"first","41":"instock","42":"purchasable","43":"product-type-simple"},"acf":[],"yoast_head":"<!-- This site is optimized with the Yoast SEO plugin v24.7 - https:\/\/yoast.com\/wordpress\/plugins\/seo\/ -->\n<title>Po\u00eale \u00e0 Granul\u00e9s \u00e9tanche Lodi 8 blanc Wi-Fi - Po\u00eale \u00e0 pellets - Invicta<\/title>\n<meta name=\"description\" content=\"Avec ses lignes rondes et son style adouci, Lodi 8 \u00e9tanche diffuse chaleur et bien-\u00eatre dans votre habitat. Il dispose du Wi-Fi int\u00e9gr\u00e9 et peut \u00eatre pilot\u00e9 depuis un smartphone.\" \/>\n<meta name=\"robots\" content=\"index, follow, max-snippet:-1, max-image-preview:large, max-video-preview:-1\" \/>\n<link rel=\"canonical\" href=\"https:\/\/dev.invicta.wp19.axome.cc\/fr\/produit\/poele-a-granules-etanche-lodi-8-blanc-wi-fi-poele-a-pellets\/\" \/>\n<meta property=\"og:locale\" content=\"fr_FR\" \/>\n<meta property=\"og:type\" content=\"article\" \/>\n<meta property=\"og:title\" content=\"Po\u00eale \u00e0 Granul\u00e9s \u00e9tanche Lodi 8 blanc Wi-Fi - Po\u00eale \u00e0 pellets - Invicta\" \/>\n<meta property=\"og:description\" content=\"Avec ses lignes rondes et son style adouci, Lodi 8 \u00e9tanche diffuse chaleur et bien-\u00eatre dans votre habitat. Il dispose du Wi-Fi int\u00e9gr\u00e9 et peut \u00eatre pilot\u00e9 depuis un smartphone.\" \/>\n<meta property=\"og:url\" content=\"https:\/\/dev.invicta.wp19.axome.cc\/fr\/produit\/poele-a-granules-etanche-lodi-8-blanc-wi-fi-poele-a-pellets\/\" \/>\n<meta property=\"og:site_name\" content=\"Invicta\" \/>\n<meta property=\"article:modified_time\" content=\"2025-11-26T08:11:58+00:00\" \/>\n<meta property=\"og:image\" content=\"https:\/\/dev.invicta.wp19.axome.cc\/wp-content\/uploads\/2025\/06\/LODI-etanche-8-WIFI_blanc-WEB-1.jpg\" \/>\n\t<meta property=\"og:image:width\" content=\"851\" \/>\n\t<meta property=\"og:image:height\" content=\"848\" \/>\n\t<meta property=\"og:image:type\" content=\"image\/jpeg\" \/>\n<meta name=\"twitter:card\" content=\"summary_large_image\" \/>\n<script type=\"application\/ld+json\" class=\"yoast-schema-graph\">{\"@context\":\"https:\/\/schema.org\",\"@graph\":[{\"@type\":\"WebPage\",\"@id\":\"https:\/\/dev.invicta.wp19.axome.cc\/fr\/produit\/poele-a-granules-etanche-lodi-8-blanc-wi-fi-poele-a-pellets\/\",\"url\":\"https:\/\/dev.invicta.wp19.axome.cc\/fr\/produit\/poele-a-granules-etanche-lodi-8-blanc-wi-fi-poele-a-pellets\/\",\"name\":\"Po\u00eale \u00e0 Granul\u00e9s \u00e9tanche Lodi 8 blanc Wi-Fi - Po\u00eale \u00e0 pellets - Invicta\",\"isPartOf\":{\"@id\":\"https:\/\/dev.invicta.wp19.axome.cc\/fr\/#website\"},\"primaryImageOfPage\":{\"@id\":\"https:\/\/dev.invicta.wp19.axome.cc\/fr\/produit\/poele-a-granules-etanche-lodi-8-blanc-wi-fi-poele-a-pellets\/#primaryimage\"},\"image\":{\"@id\":\"https:\/\/dev.invicta.wp19.axome.cc\/fr\/produit\/poele-a-granules-etanche-lodi-8-blanc-wi-fi-poele-a-pellets\/#primaryimage\"},\"thumbnailUrl\":\"https:\/\/dev.invicta.wp19.axome.cc\/wp-content\/uploads\/2025\/06\/LODI-etanche-8-WIFI_blanc-WEB-1.jpg\",\"datePublished\":\"2025-11-26T07:11:56+00:00\",\"dateModified\":\"2025-11-26T08:11:58+00:00\",\"description\":\"Avec ses lignes rondes et son style adouci, Lodi 8 \u00e9tanche diffuse chaleur et bien-\u00eatre dans votre habitat. Il dispose du Wi-Fi int\u00e9gr\u00e9 et peut \u00eatre pilot\u00e9 depuis un smartphone.\",\"breadcrumb\":{\"@id\":\"https:\/\/dev.invicta.wp19.axome.cc\/fr\/produit\/poele-a-granules-etanche-lodi-8-blanc-wi-fi-poele-a-pellets\/#breadcrumb\"},\"inLanguage\":\"fr-FR\",\"potentialAction\":[{\"@type\":\"ReadAction\",\"target\":[\"https:\/\/dev.invicta.wp19.axome.cc\/fr\/produit\/poele-a-granules-etanche-lodi-8-blanc-wi-fi-poele-a-pellets\/\"]}]},{\"@type\":\"ImageObject\",\"inLanguage\":\"fr-FR\",\"@id\":\"https:\/\/dev.invicta.wp19.axome.cc\/fr\/produit\/poele-a-granules-etanche-lodi-8-blanc-wi-fi-poele-a-pellets\/#primaryimage\",\"url\":\"https:\/\/dev.invicta.wp19.axome.cc\/wp-content\/uploads\/2025\/06\/LODI-etanche-8-WIFI_blanc-WEB-1.jpg\",\"contentUrl\":\"https:\/\/dev.invicta.wp19.axome.cc\/wp-content\/uploads\/2025\/06\/LODI-etanche-8-WIFI_blanc-WEB-1.jpg\",\"width\":851,\"height\":848,\"caption\":\"Po\u00eale \u00e0 Granul\u00e9s \u00e9tanche Lodi 8 blanc Wi-Fi - Po\u00eale \u00e0 pellets\"},{\"@type\":\"BreadcrumbList\",\"@id\":\"https:\/\/dev.invicta.wp19.axome.cc\/fr\/produit\/poele-a-granules-etanche-lodi-8-blanc-wi-fi-poele-a-pellets\/#breadcrumb\",\"itemListElement\":[{\"@type\":\"ListItem\",\"position\":1,\"name\":\"Accueil\",\"item\":\"https:\/\/dev.invicta.wp19.axome.cc\/fr\/\"},{\"@type\":\"ListItem\",\"position\":2,\"name\":\"Produits\",\"item\":\"https:\/\/dev.invicta.wp19.axome.cc\/fr\/shop\/\"},{\"@type\":\"ListItem\",\"position\":3,\"name\":\"Po\u00eale \u00e0 Granul\u00e9s \u00e9tanche Lodi 8 blanc Wi-Fi &#8211; Po\u00eale \u00e0 pellets\"}]},{\"@type\":\"WebSite\",\"@id\":\"https:\/\/dev.invicta.wp19.axome.cc\/fr\/#website\",\"url\":\"https:\/\/dev.invicta.wp19.axome.cc\/fr\/\",\"name\":\"Invicta\",\"description\":\"Fabricant fran\u00e7ais, sp\u00e9cialiste europ\u00e9en du chauffage au bois : po\u00eales \u00e0 bois et \u00e0 granul\u00e9s, chemin\u00e9es, foyers et inserts\",\"publisher\":{\"@id\":\"https:\/\/dev.invicta.wp19.axome.cc\/fr\/#organization\"},\"potentialAction\":[{\"@type\":\"SearchAction\",\"target\":{\"@type\":\"EntryPoint\",\"urlTemplate\":\"https:\/\/dev.invicta.wp19.axome.cc\/fr\/?s={search_term_string}\"},\"query-input\":{\"@type\":\"PropertyValueSpecification\",\"valueRequired\":true,\"valueName\":\"search_term_string\"}}],\"inLanguage\":\"fr-FR\"},{\"@type\":\"Organization\",\"@id\":\"https:\/\/dev.invicta.wp19.axome.cc\/fr\/#organization\",\"name\":\"Invicta\",\"url\":\"https:\/\/dev.invicta.wp19.axome.cc\/fr\/\",\"logo\":{\"@type\":\"ImageObject\",\"inLanguage\":\"fr-FR\",\"@id\":\"https:\/\/dev.invicta.wp19.axome.cc\/fr\/#\/schema\/logo\/image\/\",\"url\":\"https:\/\/www.invicta.fr\/wp-content\/uploads\/2019\/06\/INVICTALOGO_RVB.png\",\"contentUrl\":\"https:\/\/www.invicta.fr\/wp-content\/uploads\/2019\/06\/INVICTALOGO_RVB.png\",\"width\":1810,\"height\":1280,\"caption\":\"Invicta\"},\"image\":{\"@id\":\"https:\/\/dev.invicta.wp19.axome.cc\/fr\/#\/schema\/logo\/image\/\"}}]}<\/script>\n<!-- \/ Yoast SEO plugin. -->","yoast_head_json":{"title":"Po\u00eale \u00e0 Granul\u00e9s \u00e9tanche Lodi 8 blanc Wi-Fi - Po\u00eale \u00e0 pellets - Invicta","description":"Avec ses lignes rondes et son style adouci, Lodi 8 \u00e9tanche diffuse chaleur et bien-\u00eatre dans votre habitat. Il dispose du Wi-Fi int\u00e9gr\u00e9 et peut \u00eatre pilot\u00e9 depuis un smartphone.","robots":{"index":"index","follow":"follow","max-snippet":"max-snippet:-1","max-image-preview":"max-image-preview:large","max-video-preview":"max-video-preview:-1"},"canonical":"https:\/\/dev.invicta.wp19.axome.cc\/fr\/produit\/poele-a-granules-etanche-lodi-8-blanc-wi-fi-poele-a-pellets\/","og_locale":"fr_FR","og_type":"article","og_title":"Po\u00eale \u00e0 Granul\u00e9s \u00e9tanche Lodi 8 blanc Wi-Fi - Po\u00eale \u00e0 pellets - Invicta","og_description":"Avec ses lignes rondes et son style adouci, Lodi 8 \u00e9tanche diffuse chaleur et bien-\u00eatre dans votre habitat. Il dispose du Wi-Fi int\u00e9gr\u00e9 et peut \u00eatre pilot\u00e9 depuis un smartphone.","og_url":"https:\/\/dev.invicta.wp19.axome.cc\/fr\/produit\/poele-a-granules-etanche-lodi-8-blanc-wi-fi-poele-a-pellets\/","og_site_name":"Invicta","article_modified_time":"2025-11-26T08:11:58+00:00","og_image":[{"width":851,"height":848,"url":"https:\/\/dev.invicta.wp19.axome.cc\/wp-content\/uploads\/2025\/06\/LODI-etanche-8-WIFI_blanc-WEB-1.jpg","type":"image\/jpeg"}],"twitter_card":"summary_large_image","schema":{"@context":"https:\/\/schema.org","@graph":[{"@type":"WebPage","@id":"https:\/\/dev.invicta.wp19.axome.cc\/fr\/produit\/poele-a-granules-etanche-lodi-8-blanc-wi-fi-poele-a-pellets\/","url":"https:\/\/dev.invicta.wp19.axome.cc\/fr\/produit\/poele-a-granules-etanche-lodi-8-blanc-wi-fi-poele-a-pellets\/","name":"Po\u00eale \u00e0 Granul\u00e9s \u00e9tanche Lodi 8 blanc Wi-Fi - Po\u00eale \u00e0 pellets - Invicta","isPartOf":{"@id":"https:\/\/dev.invicta.wp19.axome.cc\/fr\/#website"},"primaryImageOfPage":{"@id":"https:\/\/dev.invicta.wp19.axome.cc\/fr\/produit\/poele-a-granules-etanche-lodi-8-blanc-wi-fi-poele-a-pellets\/#primaryimage"},"image":{"@id":"https:\/\/dev.invicta.wp19.axome.cc\/fr\/produit\/poele-a-granules-etanche-lodi-8-blanc-wi-fi-poele-a-pellets\/#primaryimage"},"thumbnailUrl":"https:\/\/dev.invicta.wp19.axome.cc\/wp-content\/uploads\/2025\/06\/LODI-etanche-8-WIFI_blanc-WEB-1.jpg","datePublished":"2025-11-26T07:11:56+00:00","dateModified":"2025-11-26T08:11:58+00:00","description":"Avec ses lignes rondes et son style adouci, Lodi 8 \u00e9tanche diffuse chaleur et bien-\u00eatre dans votre habitat. Il dispose du Wi-Fi int\u00e9gr\u00e9 et peut \u00eatre pilot\u00e9 depuis un smartphone.","breadcrumb":{"@id":"https:\/\/dev.invicta.wp19.axome.cc\/fr\/produit\/poele-a-granules-etanche-lodi-8-blanc-wi-fi-poele-a-pellets\/#breadcrumb"},"inLanguage":"fr-FR","potentialAction":[{"@type":"ReadAction","target":["https:\/\/dev.invicta.wp19.axome.cc\/fr\/produit\/poele-a-granules-etanche-lodi-8-blanc-wi-fi-poele-a-pellets\/"]}]},{"@type":"ImageObject","inLanguage":"fr-FR","@id":"https:\/\/dev.invicta.wp19.axome.cc\/fr\/produit\/poele-a-granules-etanche-lodi-8-blanc-wi-fi-poele-a-pellets\/#primaryimage","url":"https:\/\/dev.invicta.wp19.axome.cc\/wp-content\/uploads\/2025\/06\/LODI-etanche-8-WIFI_blanc-WEB-1.jpg","contentUrl":"https:\/\/dev.invicta.wp19.axome.cc\/wp-content\/uploads\/2025\/06\/LODI-etanche-8-WIFI_blanc-WEB-1.jpg","width":851,"height":848,"caption":"Po\u00eale \u00e0 Granul\u00e9s \u00e9tanche Lodi 8 blanc Wi-Fi - Po\u00eale \u00e0 pellets"},{"@type":"BreadcrumbList","@id":"https:\/\/dev.invicta.wp19.axome.cc\/fr\/produit\/poele-a-granules-etanche-lodi-8-blanc-wi-fi-poele-a-pellets\/#breadcrumb","itemListElement":[{"@type":"ListItem","position":1,"name":"Accueil","item":"https:\/\/dev.invicta.wp19.axome.cc\/fr\/"},{"@type":"ListItem","position":2,"name":"Produits","item":"https:\/\/dev.invicta.wp19.axome.cc\/fr\/shop\/"},{"@type":"ListItem","position":3,"name":"Po\u00eale \u00e0 Granul\u00e9s \u00e9tanche Lodi 8 blanc Wi-Fi &#8211; Po\u00eale \u00e0 pellets"}]},{"@type":"WebSite","@id":"https:\/\/dev.invicta.wp19.axome.cc\/fr\/#website","url":"https:\/\/dev.invicta.wp19.axome.cc\/fr\/","name":"Invicta","description":"Fabricant fran\u00e7ais, sp\u00e9cialiste europ\u00e9en du chauffage au bois : po\u00eales \u00e0 bois et \u00e0 granul\u00e9s, chemin\u00e9es, foyers et inserts","publisher":{"@id":"https:\/\/dev.invicta.wp19.axome.cc\/fr\/#organization"},"potentialAction":[{"@type":"SearchAction","target":{"@type":"EntryPoint","urlTemplate":"https:\/\/dev.invicta.wp19.axome.cc\/fr\/?s={search_term_string}"},"query-input":{"@type":"PropertyValueSpecification","valueRequired":true,"valueName":"search_term_string"}}],"inLanguage":"fr-FR"},{"@type":"Organization","@id":"https:\/\/dev.invicta.wp19.axome.cc\/fr\/#organization","name":"Invicta","url":"https:\/\/dev.invicta.wp19.axome.cc\/fr\/","logo":{"@type":"ImageObject","inLanguage":"fr-FR","@id":"https:\/\/dev.invicta.wp19.axome.cc\/fr\/#\/schema\/logo\/image\/","url":"https:\/\/www.invicta.fr\/wp-content\/uploads\/2019\/06\/INVICTALOGO_RVB.png","contentUrl":"https:\/\/www.invicta.fr\/wp-content\/uploads\/2019\/06\/INVICTALOGO_RVB.png","width":1810,"height":1280,"caption":"Invicta"},"image":{"@id":"https:\/\/dev.invicta.wp19.axome.cc\/fr\/#\/schema\/logo\/image\/"}}]}},"_links":{"self":[{"href":"https:\/\/dev.invicta.wp19.axome.cc\/fr\/wp-json\/wp\/v2\/product\/68660","targetHints":{"allow":["GET"]}}],"collection":[{"href":"https:\/\/dev.invicta.wp19.axome.cc\/fr\/wp-json\/wp\/v2\/product"}],"about":[{"href":"https:\/\/dev.invicta.wp19.axome.cc\/fr\/wp-json\/wp\/v2\/types\/product"}],"wp:featuredmedia":[{"embeddable":true,"href":"https:\/\/dev.invicta.wp19.axome.cc\/fr\/wp-json\/wp\/v2\/media\/68661"}],"wp:attachment":[{"href":"https:\/\/dev.invicta.wp19.axome.cc\/fr\/wp-json\/wp\/v2\/media?parent=68660"}],"wp:term":[{"taxonomy":"product_brand","embeddable":true,"href":"https:\/\/dev.invicta.wp19.axome.cc\/fr\/wp-json\/wp\/v2\/product_brand?post=68660"},{"taxonomy":"product_cat","embeddable":true,"href":"https:\/\/dev.invicta.wp19.axome.cc\/fr\/wp-json\/wp\/v2\/product_cat?post=68660"},{"taxonomy":"product_tag","embeddable":true,"href":"https:\/\/dev.invicta.wp19.axome.cc\/fr\/wp-json\/wp\/v2\/product_tag?post=68660"},{"taxonomy":"plus_produit","embeddable":true,"href":"https:\/\/dev.invicta.wp19.axome.cc\/fr\/wp-json\/wp\/v2\/plus_produit?post=68660"}],"curies":[{"name":"wp","href":"https:\/\/api.w.org\/{rel}","templated":true}]}}