{"id":68684,"date":"2025-11-26T08:14:36","date_gmt":"2025-11-26T07:14:36","guid":{"rendered":"https:\/\/dev.invicta.wp19.axome.cc\/produit\/poele-a-granules-ove-plug-in-auto-droite\/"},"modified":"2025-11-26T09:14:38","modified_gmt":"2025-11-26T08:14:38","slug":"ove-plug-in-auto","status":"publish","type":"product","link":"https:\/\/dev.invicta.wp19.axome.cc\/fr\/produit\/ove-plug-in-auto\/","title":{"rendered":"Po\u00eale \u00e0 granul\u00e9s Ove Plug-IN Auto Droite"},"content":{"rendered":"<p><iframe title=\"PLUGIN 2018 - Invicta\" width=\"500\" height=\"281\" src=\"https:\/\/www.youtube.com\/embed\/6SvXiUP1vkc?feature=oembed\" frameborder=\"0\" allow=\"accelerometer; autoplay; clipboard-write; encrypted-media; gyroscope; picture-in-picture; web-share\" referrerpolicy=\"strict-origin-when-cross-origin\" allowfullscreen><\/iframe><\/p>\n","protected":false},"excerpt":{"rendered":"<p>Concept innovant de po\u00eale \u00e0 granul\u00e9s, Ove Plug-IN auto \u0153uvre pour le plaisir des sens. La vue avec une esth\u00e9tique incroyable. L&#8217;ou\u00efe avec un fonctionnement silencieux. Et le sens pratique avec un r\u00e9servoir de 21 kg et de nombreuses possibilit\u00e9s de programmation.<\/p>\n","protected":false},"featured_media":68688,"template":"","meta":{"_acf_changed":false},"product_brand":[],"product_cat":[2117,26,47,5864,5857,5837,5834,5885,5856,5855,5844],"product_tag":[67,57,7095,58,7096,64,7093,68,66,5592,65,6825],"plus_produit":[612,1920,146,6835,5365,2104,1925,1924,1921,2137],"class_list":{"1":"product","4":"has-post-thumbnail","6":"product_cat-aide-au-choix","7":"product_cat-poeles-granules","8":"product_cat-plug-in-poeles-a-granules-nouvelle-generation","9":"product_cat-poeles-a-granules-7-kw","10":"product_cat-poeles-a-granules-autonomes","11":"product_cat-poeles-a-granules-programmables","12":"product_cat-poeles-a-granules-design","13":"product_cat-poeles-a-granules-contemporains","14":"product_cat-poeles-a-granules-modernes","15":"product_cat-poeles-a-granules-ronds","16":"product_cat-poeles-a-granules-sortie-dessus","17":"product_tag-plug-in","18":"product_tag-flamme-verte","19":"product_tag-1-flamme-verte-7","20":"product_tag-eco-design-2022","21":"product_tag-2-eco-design-2022","22":"product_tag-a-ecolabel-2","23":"product_tag-flamme-verte-2","24":"product_tag-full-auto","25":"product_tag-silencieux-convection-naturelle","26":"product_tag-wifi-option-c02270","27":"product_tag-garantie-2-ans","28":"product_tag-garantie-extension-1-an","29":"pa_autonomie-maximum-30-heures","30":"pa_autonomie-minimum-11-heures","31":"pa_capacite-de-la-tremie-6381","32":"pa_consommation-0-7-1-8","33":"pa_depart-des-fumees-dessus","34":"pa_designer-b-dequet","35":"pa_diametre-de-buse-10228","36":"pa_indice-de-performance-5578","37":"pa_modulation-de-puissance-35-83-kw","38":"pa_surface-de-chauffe-25-100","39":"pa_taux-de-co-0-0078","40":"pa_volume-de-chauffe-65-250","41":"plus_produit-air-secondaire-reglable","42":"plus_produit-allumage-et-extinction-automatiques","43":"plus_produit-appareil-silencieux-a-convection-naturelle","44":"plus_produit-extension-de-garantie-1-an","45":"plus_produit-kit-wifi-en-option","46":"plus_produit-module-technique-mural-innovant","47":"plus_produit-possibilite-de-pilotage-par-thermostat-externe-non-fourni","48":"plus_produit-programmation-chrono-thermostat","49":"plus_produit-regulation-de-lallure-ou-de-la-temperature-ambiante","50":"plus_produit-stand-by-veille","52":"first","53":"instock","54":"purchasable","55":"product-type-simple"},"acf":[],"yoast_head":"<!-- This site is optimized with the Yoast SEO plugin v24.7 - https:\/\/yoast.com\/wordpress\/plugins\/seo\/ -->\n<title>Po\u00eale \u00e0 granul\u00e9s Ove Plug-IN Auto Droite - Invicta<\/title>\n<meta name=\"description\" content=\"Concept innovant de po\u00eale \u00e0 granul\u00e9s, Ove Plug-IN auto \u0153uvre pour le plaisir des sens. La vue avec une esth\u00e9tique incroyable. L&#039;ou\u00efe avec un fonctionnement silencieux. Et le sens pratique avec un r\u00e9servoir de 21 kg et de nombreuses possibilit\u00e9s de programmation.\" \/>\n<meta name=\"robots\" content=\"index, follow, max-snippet:-1, max-image-preview:large, max-video-preview:-1\" \/>\n<link rel=\"canonical\" href=\"https:\/\/dev.invicta.wp19.axome.cc\/fr\/produit\/ove-plug-in-auto\/\" \/>\n<meta property=\"og:locale\" content=\"fr_FR\" \/>\n<meta property=\"og:type\" content=\"article\" \/>\n<meta property=\"og:title\" content=\"Po\u00eale \u00e0 granul\u00e9s Ove Plug-IN Auto Droite - Invicta\" \/>\n<meta property=\"og:description\" content=\"Concept innovant de po\u00eale \u00e0 granul\u00e9s, Ove Plug-IN auto \u0153uvre pour le plaisir des sens. La vue avec une esth\u00e9tique incroyable. L&#039;ou\u00efe avec un fonctionnement silencieux. Et le sens pratique avec un r\u00e9servoir de 21 kg et de nombreuses possibilit\u00e9s de programmation.\" \/>\n<meta property=\"og:url\" content=\"https:\/\/dev.invicta.wp19.axome.cc\/fr\/produit\/ove-plug-in-auto\/\" \/>\n<meta property=\"og:site_name\" content=\"Invicta\" \/>\n<meta property=\"article:modified_time\" content=\"2025-11-26T08:14:38+00:00\" \/>\n<meta property=\"og:image\" content=\"https:\/\/dev.invicta.wp19.axome.cc\/wp-content\/uploads\/2025\/06\/ove_auto.jpg\" \/>\n\t<meta property=\"og:image:width\" content=\"1500\" \/>\n\t<meta property=\"og:image:height\" content=\"1068\" \/>\n\t<meta property=\"og:image:type\" content=\"image\/jpeg\" \/>\n<meta name=\"twitter:card\" content=\"summary_large_image\" \/>\n<script type=\"application\/ld+json\" class=\"yoast-schema-graph\">{\"@context\":\"https:\/\/schema.org\",\"@graph\":[{\"@type\":\"WebPage\",\"@id\":\"https:\/\/dev.invicta.wp19.axome.cc\/fr\/produit\/ove-plug-in-auto\/\",\"url\":\"https:\/\/dev.invicta.wp19.axome.cc\/fr\/produit\/ove-plug-in-auto\/\",\"name\":\"Po\u00eale \u00e0 granul\u00e9s Ove Plug-IN Auto Droite - Invicta\",\"isPartOf\":{\"@id\":\"https:\/\/dev.invicta.wp19.axome.cc\/fr\/#website\"},\"primaryImageOfPage\":{\"@id\":\"https:\/\/dev.invicta.wp19.axome.cc\/fr\/produit\/ove-plug-in-auto\/#primaryimage\"},\"image\":{\"@id\":\"https:\/\/dev.invicta.wp19.axome.cc\/fr\/produit\/ove-plug-in-auto\/#primaryimage\"},\"thumbnailUrl\":\"https:\/\/dev.invicta.wp19.axome.cc\/wp-content\/uploads\/2025\/06\/ove_auto.jpg\",\"datePublished\":\"2025-11-26T07:14:36+00:00\",\"dateModified\":\"2025-11-26T08:14:38+00:00\",\"description\":\"Concept innovant de po\u00eale \u00e0 granul\u00e9s, Ove Plug-IN auto \u0153uvre pour le plaisir des sens. La vue avec une esth\u00e9tique incroyable. L'ou\u00efe avec un fonctionnement silencieux. Et le sens pratique avec un r\u00e9servoir de 21 kg et de nombreuses possibilit\u00e9s de programmation.\",\"breadcrumb\":{\"@id\":\"https:\/\/dev.invicta.wp19.axome.cc\/fr\/produit\/ove-plug-in-auto\/#breadcrumb\"},\"inLanguage\":\"fr-FR\",\"potentialAction\":[{\"@type\":\"ReadAction\",\"target\":[\"https:\/\/dev.invicta.wp19.axome.cc\/fr\/produit\/ove-plug-in-auto\/\"]}]},{\"@type\":\"ImageObject\",\"inLanguage\":\"fr-FR\",\"@id\":\"https:\/\/dev.invicta.wp19.axome.cc\/fr\/produit\/ove-plug-in-auto\/#primaryimage\",\"url\":\"https:\/\/dev.invicta.wp19.axome.cc\/wp-content\/uploads\/2025\/06\/ove_auto.jpg\",\"contentUrl\":\"https:\/\/dev.invicta.wp19.axome.cc\/wp-content\/uploads\/2025\/06\/ove_auto.jpg\",\"width\":1500,\"height\":1068,\"caption\":\"Po\u00eale \u00e0 granul\u00e9s Ove Plug-IN Auto Gauche\"},{\"@type\":\"BreadcrumbList\",\"@id\":\"https:\/\/dev.invicta.wp19.axome.cc\/fr\/produit\/ove-plug-in-auto\/#breadcrumb\",\"itemListElement\":[{\"@type\":\"ListItem\",\"position\":1,\"name\":\"Accueil\",\"item\":\"https:\/\/dev.invicta.wp19.axome.cc\/fr\/\"},{\"@type\":\"ListItem\",\"position\":2,\"name\":\"Produits\",\"item\":\"https:\/\/dev.invicta.wp19.axome.cc\/fr\/shop\/\"},{\"@type\":\"ListItem\",\"position\":3,\"name\":\"Po\u00eales \u00e0 Granul\u00e9s\",\"item\":\"https:\/\/dev.invicta.wp19.axome.cc\/fr\/categorie-produit\/poeles-granules\/\"},{\"@type\":\"ListItem\",\"position\":4,\"name\":\"Plug-in, design et innovation\",\"item\":\"https:\/\/dev.invicta.wp19.axome.cc\/fr\/categorie-produit\/poeles-granules\/plug-in-poeles-a-granules-nouvelle-generation\/\"},{\"@type\":\"ListItem\",\"position\":5,\"name\":\"Po\u00eale \u00e0 granul\u00e9s Ove Plug-IN Auto Droite\"}]},{\"@type\":\"WebSite\",\"@id\":\"https:\/\/dev.invicta.wp19.axome.cc\/fr\/#website\",\"url\":\"https:\/\/dev.invicta.wp19.axome.cc\/fr\/\",\"name\":\"Invicta\",\"description\":\"Fabricant fran\u00e7ais, sp\u00e9cialiste europ\u00e9en du chauffage au bois : po\u00eales \u00e0 bois et \u00e0 granul\u00e9s, chemin\u00e9es, foyers et inserts\",\"publisher\":{\"@id\":\"https:\/\/dev.invicta.wp19.axome.cc\/fr\/#organization\"},\"potentialAction\":[{\"@type\":\"SearchAction\",\"target\":{\"@type\":\"EntryPoint\",\"urlTemplate\":\"https:\/\/dev.invicta.wp19.axome.cc\/fr\/?s={search_term_string}\"},\"query-input\":{\"@type\":\"PropertyValueSpecification\",\"valueRequired\":true,\"valueName\":\"search_term_string\"}}],\"inLanguage\":\"fr-FR\"},{\"@type\":\"Organization\",\"@id\":\"https:\/\/dev.invicta.wp19.axome.cc\/fr\/#organization\",\"name\":\"Invicta\",\"url\":\"https:\/\/dev.invicta.wp19.axome.cc\/fr\/\",\"logo\":{\"@type\":\"ImageObject\",\"inLanguage\":\"fr-FR\",\"@id\":\"https:\/\/dev.invicta.wp19.axome.cc\/fr\/#\/schema\/logo\/image\/\",\"url\":\"https:\/\/www.invicta.fr\/wp-content\/uploads\/2019\/06\/INVICTALOGO_RVB.png\",\"contentUrl\":\"https:\/\/www.invicta.fr\/wp-content\/uploads\/2019\/06\/INVICTALOGO_RVB.png\",\"width\":1810,\"height\":1280,\"caption\":\"Invicta\"},\"image\":{\"@id\":\"https:\/\/dev.invicta.wp19.axome.cc\/fr\/#\/schema\/logo\/image\/\"}}]}<\/script>\n<!-- \/ Yoast SEO plugin. -->","yoast_head_json":{"title":"Po\u00eale \u00e0 granul\u00e9s Ove Plug-IN Auto Droite - Invicta","description":"Concept innovant de po\u00eale \u00e0 granul\u00e9s, Ove Plug-IN auto \u0153uvre pour le plaisir des sens. La vue avec une esth\u00e9tique incroyable. L'ou\u00efe avec un fonctionnement silencieux. Et le sens pratique avec un r\u00e9servoir de 21 kg et de nombreuses possibilit\u00e9s de programmation.","robots":{"index":"index","follow":"follow","max-snippet":"max-snippet:-1","max-image-preview":"max-image-preview:large","max-video-preview":"max-video-preview:-1"},"canonical":"https:\/\/dev.invicta.wp19.axome.cc\/fr\/produit\/ove-plug-in-auto\/","og_locale":"fr_FR","og_type":"article","og_title":"Po\u00eale \u00e0 granul\u00e9s Ove Plug-IN Auto Droite - Invicta","og_description":"Concept innovant de po\u00eale \u00e0 granul\u00e9s, Ove Plug-IN auto \u0153uvre pour le plaisir des sens. La vue avec une esth\u00e9tique incroyable. L'ou\u00efe avec un fonctionnement silencieux. Et le sens pratique avec un r\u00e9servoir de 21 kg et de nombreuses possibilit\u00e9s de programmation.","og_url":"https:\/\/dev.invicta.wp19.axome.cc\/fr\/produit\/ove-plug-in-auto\/","og_site_name":"Invicta","article_modified_time":"2025-11-26T08:14:38+00:00","og_image":[{"width":1500,"height":1068,"url":"https:\/\/dev.invicta.wp19.axome.cc\/wp-content\/uploads\/2025\/06\/ove_auto.jpg","type":"image\/jpeg"}],"twitter_card":"summary_large_image","schema":{"@context":"https:\/\/schema.org","@graph":[{"@type":"WebPage","@id":"https:\/\/dev.invicta.wp19.axome.cc\/fr\/produit\/ove-plug-in-auto\/","url":"https:\/\/dev.invicta.wp19.axome.cc\/fr\/produit\/ove-plug-in-auto\/","name":"Po\u00eale \u00e0 granul\u00e9s Ove Plug-IN Auto Droite - Invicta","isPartOf":{"@id":"https:\/\/dev.invicta.wp19.axome.cc\/fr\/#website"},"primaryImageOfPage":{"@id":"https:\/\/dev.invicta.wp19.axome.cc\/fr\/produit\/ove-plug-in-auto\/#primaryimage"},"image":{"@id":"https:\/\/dev.invicta.wp19.axome.cc\/fr\/produit\/ove-plug-in-auto\/#primaryimage"},"thumbnailUrl":"https:\/\/dev.invicta.wp19.axome.cc\/wp-content\/uploads\/2025\/06\/ove_auto.jpg","datePublished":"2025-11-26T07:14:36+00:00","dateModified":"2025-11-26T08:14:38+00:00","description":"Concept innovant de po\u00eale \u00e0 granul\u00e9s, Ove Plug-IN auto \u0153uvre pour le plaisir des sens. La vue avec une esth\u00e9tique incroyable. L'ou\u00efe avec un fonctionnement silencieux. Et le sens pratique avec un r\u00e9servoir de 21 kg et de nombreuses possibilit\u00e9s de programmation.","breadcrumb":{"@id":"https:\/\/dev.invicta.wp19.axome.cc\/fr\/produit\/ove-plug-in-auto\/#breadcrumb"},"inLanguage":"fr-FR","potentialAction":[{"@type":"ReadAction","target":["https:\/\/dev.invicta.wp19.axome.cc\/fr\/produit\/ove-plug-in-auto\/"]}]},{"@type":"ImageObject","inLanguage":"fr-FR","@id":"https:\/\/dev.invicta.wp19.axome.cc\/fr\/produit\/ove-plug-in-auto\/#primaryimage","url":"https:\/\/dev.invicta.wp19.axome.cc\/wp-content\/uploads\/2025\/06\/ove_auto.jpg","contentUrl":"https:\/\/dev.invicta.wp19.axome.cc\/wp-content\/uploads\/2025\/06\/ove_auto.jpg","width":1500,"height":1068,"caption":"Po\u00eale \u00e0 granul\u00e9s Ove Plug-IN Auto Gauche"},{"@type":"BreadcrumbList","@id":"https:\/\/dev.invicta.wp19.axome.cc\/fr\/produit\/ove-plug-in-auto\/#breadcrumb","itemListElement":[{"@type":"ListItem","position":1,"name":"Accueil","item":"https:\/\/dev.invicta.wp19.axome.cc\/fr\/"},{"@type":"ListItem","position":2,"name":"Produits","item":"https:\/\/dev.invicta.wp19.axome.cc\/fr\/shop\/"},{"@type":"ListItem","position":3,"name":"Po\u00eales \u00e0 Granul\u00e9s","item":"https:\/\/dev.invicta.wp19.axome.cc\/fr\/categorie-produit\/poeles-granules\/"},{"@type":"ListItem","position":4,"name":"Plug-in, design et innovation","item":"https:\/\/dev.invicta.wp19.axome.cc\/fr\/categorie-produit\/poeles-granules\/plug-in-poeles-a-granules-nouvelle-generation\/"},{"@type":"ListItem","position":5,"name":"Po\u00eale \u00e0 granul\u00e9s Ove Plug-IN Auto Droite"}]},{"@type":"WebSite","@id":"https:\/\/dev.invicta.wp19.axome.cc\/fr\/#website","url":"https:\/\/dev.invicta.wp19.axome.cc\/fr\/","name":"Invicta","description":"Fabricant fran\u00e7ais, sp\u00e9cialiste europ\u00e9en du chauffage au bois : po\u00eales \u00e0 bois et \u00e0 granul\u00e9s, chemin\u00e9es, foyers et inserts","publisher":{"@id":"https:\/\/dev.invicta.wp19.axome.cc\/fr\/#organization"},"potentialAction":[{"@type":"SearchAction","target":{"@type":"EntryPoint","urlTemplate":"https:\/\/dev.invicta.wp19.axome.cc\/fr\/?s={search_term_string}"},"query-input":{"@type":"PropertyValueSpecification","valueRequired":true,"valueName":"search_term_string"}}],"inLanguage":"fr-FR"},{"@type":"Organization","@id":"https:\/\/dev.invicta.wp19.axome.cc\/fr\/#organization","name":"Invicta","url":"https:\/\/dev.invicta.wp19.axome.cc\/fr\/","logo":{"@type":"ImageObject","inLanguage":"fr-FR","@id":"https:\/\/dev.invicta.wp19.axome.cc\/fr\/#\/schema\/logo\/image\/","url":"https:\/\/www.invicta.fr\/wp-content\/uploads\/2019\/06\/INVICTALOGO_RVB.png","contentUrl":"https:\/\/www.invicta.fr\/wp-content\/uploads\/2019\/06\/INVICTALOGO_RVB.png","width":1810,"height":1280,"caption":"Invicta"},"image":{"@id":"https:\/\/dev.invicta.wp19.axome.cc\/fr\/#\/schema\/logo\/image\/"}}]}},"_links":{"self":[{"href":"https:\/\/dev.invicta.wp19.axome.cc\/fr\/wp-json\/wp\/v2\/product\/68684","targetHints":{"allow":["GET"]}}],"collection":[{"href":"https:\/\/dev.invicta.wp19.axome.cc\/fr\/wp-json\/wp\/v2\/product"}],"about":[{"href":"https:\/\/dev.invicta.wp19.axome.cc\/fr\/wp-json\/wp\/v2\/types\/product"}],"wp:featuredmedia":[{"embeddable":true,"href":"https:\/\/dev.invicta.wp19.axome.cc\/fr\/wp-json\/wp\/v2\/media\/68688"}],"wp:attachment":[{"href":"https:\/\/dev.invicta.wp19.axome.cc\/fr\/wp-json\/wp\/v2\/media?parent=68684"}],"wp:term":[{"taxonomy":"product_brand","embeddable":true,"href":"https:\/\/dev.invicta.wp19.axome.cc\/fr\/wp-json\/wp\/v2\/product_brand?post=68684"},{"taxonomy":"product_cat","embeddable":true,"href":"https:\/\/dev.invicta.wp19.axome.cc\/fr\/wp-json\/wp\/v2\/product_cat?post=68684"},{"taxonomy":"product_tag","embeddable":true,"href":"https:\/\/dev.invicta.wp19.axome.cc\/fr\/wp-json\/wp\/v2\/product_tag?post=68684"},{"taxonomy":"plus_produit","embeddable":true,"href":"https:\/\/dev.invicta.wp19.axome.cc\/fr\/wp-json\/wp\/v2\/plus_produit?post=68684"}],"curies":[{"name":"wp","href":"https:\/\/api.w.org\/{rel}","templated":true}]}}