{"id":68718,"date":"2025-11-26T08:23:27","date_gmt":"2025-11-26T07:23:27","guid":{"rendered":"https:\/\/dev.invicta.wp19.axome.cc\/produit\/poele-a-bois-en-acier-et-fonte-neosen-3-vitres-raccordable-plus\/"},"modified":"2025-11-26T09:23:29","modified_gmt":"2025-11-26T08:23:29","slug":"poele-a-bois-en-acier-neosen-plus-3-cotes-vitres-raccordable","status":"publish","type":"product","link":"https:\/\/dev.invicta.wp19.axome.cc\/fr\/produit\/poele-a-bois-en-acier-neosen-plus-3-cotes-vitres-raccordable\/","title":{"rendered":"Po\u00eale \u00e0 bois en acier et fonte Neosen 3 vitres Raccordable Plus"},"content":{"rendered":"","protected":false},"excerpt":{"rendered":"<p>Admirez le po\u00eale Neosen de tous les c\u00f4t\u00e9s\u2026 Gr\u00e2ce aux vitres lat\u00e9rales, vous partez en immersion au c\u0153ur du spectacle fascinant et d\u00e9lassant des flammes. Ressentez tous les bienfaits procur\u00e9s par son efficacit\u00e9 de chauffe.<\/p>\n","protected":false},"featured_media":68720,"template":"","meta":{"_acf_changed":false},"product_brand":[],"product_cat":[2117,25,6968,5862,5867,5848,5860,5835,5838,5841],"product_tag":[57,7095,58,7096,64,7093,53,73,55,7094,65,6826],"plus_produit":[5740,6834,1592,2036,5739,5737,1983,129,130],"class_list":{"1":"product","4":"has-post-thumbnail","6":"product_cat-aide-au-choix","7":"product_cat-poeles-bois","8":"product_cat-poeles-a-bois-en-acier","9":"product_cat-poeles-a-bois-8-kw","10":"product_cat-poeles-a-bois-3-faces","11":"product_cat-poeles-a-bois-angle","12":"product_cat-poeles-a-bois-contemporains","13":"product_cat-poeles-a-bois-design","14":"product_cat-poeles-a-bois-modernes","15":"product_cat-poeles-a-bois-ronds","16":"product_tag-flamme-verte","17":"product_tag-1-flamme-verte-7","18":"product_tag-eco-design-2022","19":"product_tag-2-eco-design-2022","20":"product_tag-a-ecolabel-2","21":"product_tag-flamme-verte-2","22":"product_tag-post-combustion","23":"product_tag-raccordable-2","24":"product_tag-raccordable","25":"product_tag-vitre-propre","26":"product_tag-garantie-2-ans","27":"product_tag-garantie-extension-3-ans","28":"pa_combustible-recommande-7946","29":"pa_consommation-053-a-222-kg-heure","30":"pa_depart-des-fumees-dessus","31":"pa_designer-non-utilise","32":"pa_diametre-de-buse-10217","33":"pa_indice-de-performance-6858","34":"pa_surface-de-chauffe-40-a-100-m","35":"pa_taux-de-co-0-12","36":"pa_volume-de-chauffe-105-240-m-2","37":"plus_produit-accumulateur-de-chaleur-en-option","38":"plus_produit-extension-de-garantie-3-ans","39":"plus_produit-habillage-de-la-chambre-de-combustion-en-fonte","40":"plus_produit-intermittent","41":"plus_produit-poignee-amovible","42":"plus_produit-porte-et-dessus-en-fonte","43":"plus_produit-raccordable","44":"plus_produit-systeme-de-post-combustion","45":"plus_produit-vitre-propre","47":"first","48":"instock","49":"purchasable","50":"product-type-simple"},"acf":[],"yoast_head":"<!-- This site is optimized with the Yoast SEO plugin v24.7 - https:\/\/yoast.com\/wordpress\/plugins\/seo\/ -->\n<title>Po\u00eale \u00e0 bois en acier et fonte Neosen 3 vitres Raccordable Plus - Invicta<\/title>\n<meta name=\"description\" content=\"Admirez le po\u00eale Neosen de tous les c\u00f4t\u00e9s\u2026 Gr\u00e2ce aux vitres lat\u00e9rales, vous partez en immersion au c\u0153ur du spectacle fascinant et d\u00e9lassant des flammes. Ressentez tous les bienfaits procur\u00e9s par son efficacit\u00e9 de chauffe.\" \/>\n<meta name=\"robots\" content=\"index, follow, max-snippet:-1, max-image-preview:large, max-video-preview:-1\" \/>\n<link rel=\"canonical\" href=\"https:\/\/dev.invicta.wp19.axome.cc\/fr\/produit\/poele-a-bois-en-acier-neosen-plus-3-cotes-vitres-raccordable\/\" \/>\n<meta property=\"og:locale\" content=\"fr_FR\" \/>\n<meta property=\"og:type\" content=\"article\" \/>\n<meta property=\"og:title\" content=\"Po\u00eale \u00e0 bois en acier et fonte Neosen 3 vitres Raccordable Plus - Invicta\" \/>\n<meta property=\"og:description\" content=\"Admirez le po\u00eale Neosen de tous les c\u00f4t\u00e9s\u2026 Gr\u00e2ce aux vitres lat\u00e9rales, vous partez en immersion au c\u0153ur du spectacle fascinant et d\u00e9lassant des flammes. Ressentez tous les bienfaits procur\u00e9s par son efficacit\u00e9 de chauffe.\" \/>\n<meta property=\"og:url\" content=\"https:\/\/dev.invicta.wp19.axome.cc\/fr\/produit\/poele-a-bois-en-acier-neosen-plus-3-cotes-vitres-raccordable\/\" \/>\n<meta property=\"og:site_name\" content=\"Invicta\" \/>\n<meta property=\"article:modified_time\" content=\"2025-11-26T08:23:29+00:00\" \/>\n<meta property=\"og:image\" content=\"https:\/\/dev.invicta.wp19.axome.cc\/wp-content\/uploads\/2025\/06\/A_NEOSEN_3V_PLUS_web.jpg\" \/>\n\t<meta property=\"og:image:width\" content=\"714\" \/>\n\t<meta property=\"og:image:height\" content=\"1000\" \/>\n\t<meta property=\"og:image:type\" content=\"image\/jpeg\" \/>\n<meta name=\"twitter:card\" content=\"summary_large_image\" \/>\n<script type=\"application\/ld+json\" class=\"yoast-schema-graph\">{\"@context\":\"https:\/\/schema.org\",\"@graph\":[{\"@type\":\"WebPage\",\"@id\":\"https:\/\/dev.invicta.wp19.axome.cc\/fr\/produit\/poele-a-bois-en-acier-neosen-plus-3-cotes-vitres-raccordable\/\",\"url\":\"https:\/\/dev.invicta.wp19.axome.cc\/fr\/produit\/poele-a-bois-en-acier-neosen-plus-3-cotes-vitres-raccordable\/\",\"name\":\"Po\u00eale \u00e0 bois en acier et fonte Neosen 3 vitres Raccordable Plus - Invicta\",\"isPartOf\":{\"@id\":\"https:\/\/dev.invicta.wp19.axome.cc\/fr\/#website\"},\"primaryImageOfPage\":{\"@id\":\"https:\/\/dev.invicta.wp19.axome.cc\/fr\/produit\/poele-a-bois-en-acier-neosen-plus-3-cotes-vitres-raccordable\/#primaryimage\"},\"image\":{\"@id\":\"https:\/\/dev.invicta.wp19.axome.cc\/fr\/produit\/poele-a-bois-en-acier-neosen-plus-3-cotes-vitres-raccordable\/#primaryimage\"},\"thumbnailUrl\":\"https:\/\/dev.invicta.wp19.axome.cc\/wp-content\/uploads\/2025\/06\/A_NEOSEN_3V_PLUS_web.jpg\",\"datePublished\":\"2025-11-26T07:23:27+00:00\",\"dateModified\":\"2025-11-26T08:23:29+00:00\",\"description\":\"Admirez le po\u00eale Neosen de tous les c\u00f4t\u00e9s\u2026 Gr\u00e2ce aux vitres lat\u00e9rales, vous partez en immersion au c\u0153ur du spectacle fascinant et d\u00e9lassant des flammes. Ressentez tous les bienfaits procur\u00e9s par son efficacit\u00e9 de chauffe.\",\"breadcrumb\":{\"@id\":\"https:\/\/dev.invicta.wp19.axome.cc\/fr\/produit\/poele-a-bois-en-acier-neosen-plus-3-cotes-vitres-raccordable\/#breadcrumb\"},\"inLanguage\":\"fr-FR\",\"potentialAction\":[{\"@type\":\"ReadAction\",\"target\":[\"https:\/\/dev.invicta.wp19.axome.cc\/fr\/produit\/poele-a-bois-en-acier-neosen-plus-3-cotes-vitres-raccordable\/\"]}]},{\"@type\":\"ImageObject\",\"inLanguage\":\"fr-FR\",\"@id\":\"https:\/\/dev.invicta.wp19.axome.cc\/fr\/produit\/poele-a-bois-en-acier-neosen-plus-3-cotes-vitres-raccordable\/#primaryimage\",\"url\":\"https:\/\/dev.invicta.wp19.axome.cc\/wp-content\/uploads\/2025\/06\/A_NEOSEN_3V_PLUS_web.jpg\",\"contentUrl\":\"https:\/\/dev.invicta.wp19.axome.cc\/wp-content\/uploads\/2025\/06\/A_NEOSEN_3V_PLUS_web.jpg\",\"width\":714,\"height\":1000,\"caption\":\"Po\u00eale \u00e0 bois en acier et fonte Neosen 3 vitres Raccordable Plus\"},{\"@type\":\"BreadcrumbList\",\"@id\":\"https:\/\/dev.invicta.wp19.axome.cc\/fr\/produit\/poele-a-bois-en-acier-neosen-plus-3-cotes-vitres-raccordable\/#breadcrumb\",\"itemListElement\":[{\"@type\":\"ListItem\",\"position\":1,\"name\":\"Accueil\",\"item\":\"https:\/\/dev.invicta.wp19.axome.cc\/fr\/\"},{\"@type\":\"ListItem\",\"position\":2,\"name\":\"Produits\",\"item\":\"https:\/\/dev.invicta.wp19.axome.cc\/fr\/shop\/\"},{\"@type\":\"ListItem\",\"position\":3,\"name\":\"Po\u00eales \u00e0 Bois\",\"item\":\"https:\/\/dev.invicta.wp19.axome.cc\/fr\/categorie-produit\/poeles-bois\/\"},{\"@type\":\"ListItem\",\"position\":4,\"name\":\"Po\u00eales \u00e0 Bois en Acier\",\"item\":\"https:\/\/dev.invicta.wp19.axome.cc\/fr\/categorie-produit\/poeles-bois\/poeles-a-bois-en-acier\/\"},{\"@type\":\"ListItem\",\"position\":5,\"name\":\"Po\u00eale \u00e0 bois en acier et fonte Neosen 3 vitres Raccordable Plus\"}]},{\"@type\":\"WebSite\",\"@id\":\"https:\/\/dev.invicta.wp19.axome.cc\/fr\/#website\",\"url\":\"https:\/\/dev.invicta.wp19.axome.cc\/fr\/\",\"name\":\"Invicta\",\"description\":\"Fabricant fran\u00e7ais, sp\u00e9cialiste europ\u00e9en du chauffage au bois : po\u00eales \u00e0 bois et \u00e0 granul\u00e9s, chemin\u00e9es, foyers et inserts\",\"publisher\":{\"@id\":\"https:\/\/dev.invicta.wp19.axome.cc\/fr\/#organization\"},\"potentialAction\":[{\"@type\":\"SearchAction\",\"target\":{\"@type\":\"EntryPoint\",\"urlTemplate\":\"https:\/\/dev.invicta.wp19.axome.cc\/fr\/?s={search_term_string}\"},\"query-input\":{\"@type\":\"PropertyValueSpecification\",\"valueRequired\":true,\"valueName\":\"search_term_string\"}}],\"inLanguage\":\"fr-FR\"},{\"@type\":\"Organization\",\"@id\":\"https:\/\/dev.invicta.wp19.axome.cc\/fr\/#organization\",\"name\":\"Invicta\",\"url\":\"https:\/\/dev.invicta.wp19.axome.cc\/fr\/\",\"logo\":{\"@type\":\"ImageObject\",\"inLanguage\":\"fr-FR\",\"@id\":\"https:\/\/dev.invicta.wp19.axome.cc\/fr\/#\/schema\/logo\/image\/\",\"url\":\"https:\/\/www.invicta.fr\/wp-content\/uploads\/2019\/06\/INVICTALOGO_RVB.png\",\"contentUrl\":\"https:\/\/www.invicta.fr\/wp-content\/uploads\/2019\/06\/INVICTALOGO_RVB.png\",\"width\":1810,\"height\":1280,\"caption\":\"Invicta\"},\"image\":{\"@id\":\"https:\/\/dev.invicta.wp19.axome.cc\/fr\/#\/schema\/logo\/image\/\"}}]}<\/script>\n<!-- \/ Yoast SEO plugin. -->","yoast_head_json":{"title":"Po\u00eale \u00e0 bois en acier et fonte Neosen 3 vitres Raccordable Plus - Invicta","description":"Admirez le po\u00eale Neosen de tous les c\u00f4t\u00e9s\u2026 Gr\u00e2ce aux vitres lat\u00e9rales, vous partez en immersion au c\u0153ur du spectacle fascinant et d\u00e9lassant des flammes. Ressentez tous les bienfaits procur\u00e9s par son efficacit\u00e9 de chauffe.","robots":{"index":"index","follow":"follow","max-snippet":"max-snippet:-1","max-image-preview":"max-image-preview:large","max-video-preview":"max-video-preview:-1"},"canonical":"https:\/\/dev.invicta.wp19.axome.cc\/fr\/produit\/poele-a-bois-en-acier-neosen-plus-3-cotes-vitres-raccordable\/","og_locale":"fr_FR","og_type":"article","og_title":"Po\u00eale \u00e0 bois en acier et fonte Neosen 3 vitres Raccordable Plus - Invicta","og_description":"Admirez le po\u00eale Neosen de tous les c\u00f4t\u00e9s\u2026 Gr\u00e2ce aux vitres lat\u00e9rales, vous partez en immersion au c\u0153ur du spectacle fascinant et d\u00e9lassant des flammes. Ressentez tous les bienfaits procur\u00e9s par son efficacit\u00e9 de chauffe.","og_url":"https:\/\/dev.invicta.wp19.axome.cc\/fr\/produit\/poele-a-bois-en-acier-neosen-plus-3-cotes-vitres-raccordable\/","og_site_name":"Invicta","article_modified_time":"2025-11-26T08:23:29+00:00","og_image":[{"width":714,"height":1000,"url":"https:\/\/dev.invicta.wp19.axome.cc\/wp-content\/uploads\/2025\/06\/A_NEOSEN_3V_PLUS_web.jpg","type":"image\/jpeg"}],"twitter_card":"summary_large_image","schema":{"@context":"https:\/\/schema.org","@graph":[{"@type":"WebPage","@id":"https:\/\/dev.invicta.wp19.axome.cc\/fr\/produit\/poele-a-bois-en-acier-neosen-plus-3-cotes-vitres-raccordable\/","url":"https:\/\/dev.invicta.wp19.axome.cc\/fr\/produit\/poele-a-bois-en-acier-neosen-plus-3-cotes-vitres-raccordable\/","name":"Po\u00eale \u00e0 bois en acier et fonte Neosen 3 vitres Raccordable Plus - Invicta","isPartOf":{"@id":"https:\/\/dev.invicta.wp19.axome.cc\/fr\/#website"},"primaryImageOfPage":{"@id":"https:\/\/dev.invicta.wp19.axome.cc\/fr\/produit\/poele-a-bois-en-acier-neosen-plus-3-cotes-vitres-raccordable\/#primaryimage"},"image":{"@id":"https:\/\/dev.invicta.wp19.axome.cc\/fr\/produit\/poele-a-bois-en-acier-neosen-plus-3-cotes-vitres-raccordable\/#primaryimage"},"thumbnailUrl":"https:\/\/dev.invicta.wp19.axome.cc\/wp-content\/uploads\/2025\/06\/A_NEOSEN_3V_PLUS_web.jpg","datePublished":"2025-11-26T07:23:27+00:00","dateModified":"2025-11-26T08:23:29+00:00","description":"Admirez le po\u00eale Neosen de tous les c\u00f4t\u00e9s\u2026 Gr\u00e2ce aux vitres lat\u00e9rales, vous partez en immersion au c\u0153ur du spectacle fascinant et d\u00e9lassant des flammes. Ressentez tous les bienfaits procur\u00e9s par son efficacit\u00e9 de chauffe.","breadcrumb":{"@id":"https:\/\/dev.invicta.wp19.axome.cc\/fr\/produit\/poele-a-bois-en-acier-neosen-plus-3-cotes-vitres-raccordable\/#breadcrumb"},"inLanguage":"fr-FR","potentialAction":[{"@type":"ReadAction","target":["https:\/\/dev.invicta.wp19.axome.cc\/fr\/produit\/poele-a-bois-en-acier-neosen-plus-3-cotes-vitres-raccordable\/"]}]},{"@type":"ImageObject","inLanguage":"fr-FR","@id":"https:\/\/dev.invicta.wp19.axome.cc\/fr\/produit\/poele-a-bois-en-acier-neosen-plus-3-cotes-vitres-raccordable\/#primaryimage","url":"https:\/\/dev.invicta.wp19.axome.cc\/wp-content\/uploads\/2025\/06\/A_NEOSEN_3V_PLUS_web.jpg","contentUrl":"https:\/\/dev.invicta.wp19.axome.cc\/wp-content\/uploads\/2025\/06\/A_NEOSEN_3V_PLUS_web.jpg","width":714,"height":1000,"caption":"Po\u00eale \u00e0 bois en acier et fonte Neosen 3 vitres Raccordable Plus"},{"@type":"BreadcrumbList","@id":"https:\/\/dev.invicta.wp19.axome.cc\/fr\/produit\/poele-a-bois-en-acier-neosen-plus-3-cotes-vitres-raccordable\/#breadcrumb","itemListElement":[{"@type":"ListItem","position":1,"name":"Accueil","item":"https:\/\/dev.invicta.wp19.axome.cc\/fr\/"},{"@type":"ListItem","position":2,"name":"Produits","item":"https:\/\/dev.invicta.wp19.axome.cc\/fr\/shop\/"},{"@type":"ListItem","position":3,"name":"Po\u00eales \u00e0 Bois","item":"https:\/\/dev.invicta.wp19.axome.cc\/fr\/categorie-produit\/poeles-bois\/"},{"@type":"ListItem","position":4,"name":"Po\u00eales \u00e0 Bois en Acier","item":"https:\/\/dev.invicta.wp19.axome.cc\/fr\/categorie-produit\/poeles-bois\/poeles-a-bois-en-acier\/"},{"@type":"ListItem","position":5,"name":"Po\u00eale \u00e0 bois en acier et fonte Neosen 3 vitres Raccordable Plus"}]},{"@type":"WebSite","@id":"https:\/\/dev.invicta.wp19.axome.cc\/fr\/#website","url":"https:\/\/dev.invicta.wp19.axome.cc\/fr\/","name":"Invicta","description":"Fabricant fran\u00e7ais, sp\u00e9cialiste europ\u00e9en du chauffage au bois : po\u00eales \u00e0 bois et \u00e0 granul\u00e9s, chemin\u00e9es, foyers et inserts","publisher":{"@id":"https:\/\/dev.invicta.wp19.axome.cc\/fr\/#organization"},"potentialAction":[{"@type":"SearchAction","target":{"@type":"EntryPoint","urlTemplate":"https:\/\/dev.invicta.wp19.axome.cc\/fr\/?s={search_term_string}"},"query-input":{"@type":"PropertyValueSpecification","valueRequired":true,"valueName":"search_term_string"}}],"inLanguage":"fr-FR"},{"@type":"Organization","@id":"https:\/\/dev.invicta.wp19.axome.cc\/fr\/#organization","name":"Invicta","url":"https:\/\/dev.invicta.wp19.axome.cc\/fr\/","logo":{"@type":"ImageObject","inLanguage":"fr-FR","@id":"https:\/\/dev.invicta.wp19.axome.cc\/fr\/#\/schema\/logo\/image\/","url":"https:\/\/www.invicta.fr\/wp-content\/uploads\/2019\/06\/INVICTALOGO_RVB.png","contentUrl":"https:\/\/www.invicta.fr\/wp-content\/uploads\/2019\/06\/INVICTALOGO_RVB.png","width":1810,"height":1280,"caption":"Invicta"},"image":{"@id":"https:\/\/dev.invicta.wp19.axome.cc\/fr\/#\/schema\/logo\/image\/"}}]}},"_links":{"self":[{"href":"https:\/\/dev.invicta.wp19.axome.cc\/fr\/wp-json\/wp\/v2\/product\/68718","targetHints":{"allow":["GET"]}}],"collection":[{"href":"https:\/\/dev.invicta.wp19.axome.cc\/fr\/wp-json\/wp\/v2\/product"}],"about":[{"href":"https:\/\/dev.invicta.wp19.axome.cc\/fr\/wp-json\/wp\/v2\/types\/product"}],"wp:featuredmedia":[{"embeddable":true,"href":"https:\/\/dev.invicta.wp19.axome.cc\/fr\/wp-json\/wp\/v2\/media\/68720"}],"wp:attachment":[{"href":"https:\/\/dev.invicta.wp19.axome.cc\/fr\/wp-json\/wp\/v2\/media?parent=68718"}],"wp:term":[{"taxonomy":"product_brand","embeddable":true,"href":"https:\/\/dev.invicta.wp19.axome.cc\/fr\/wp-json\/wp\/v2\/product_brand?post=68718"},{"taxonomy":"product_cat","embeddable":true,"href":"https:\/\/dev.invicta.wp19.axome.cc\/fr\/wp-json\/wp\/v2\/product_cat?post=68718"},{"taxonomy":"product_tag","embeddable":true,"href":"https:\/\/dev.invicta.wp19.axome.cc\/fr\/wp-json\/wp\/v2\/product_tag?post=68718"},{"taxonomy":"plus_produit","embeddable":true,"href":"https:\/\/dev.invicta.wp19.axome.cc\/fr\/wp-json\/wp\/v2\/plus_produit?post=68718"}],"curies":[{"name":"wp","href":"https:\/\/api.w.org\/{rel}","templated":true}]}}