{"id":68727,"date":"2025-11-26T08:23:35","date_gmt":"2025-11-26T07:23:35","guid":{"rendered":"https:\/\/dev.invicta.wp19.axome.cc\/produit\/poele-a-bois-en-acier-et-fonte-neosen-raccordable-plus-2\/"},"modified":"2025-11-26T09:23:38","modified_gmt":"2025-11-26T08:23:38","slug":"poele-a-bois-en-acier-et-fonte-etanche-neosen-plus-raccordable","status":"publish","type":"product","link":"https:\/\/dev.invicta.wp19.axome.cc\/fr\/produit\/poele-a-bois-en-acier-et-fonte-etanche-neosen-plus-raccordable\/","title":{"rendered":"Po\u00eale \u00e0 bois en acier et fonte Neosen Raccordable Plus"},"content":{"rendered":"","protected":false},"excerpt":{"rendered":"<p>Cette version \u00e9tanche et raccordable du po\u00eale Neosen permet de raccorder directement l&#8217;air de combustion sur l&#8217;ext\u00e9rieur. Neosen \u00e9tanche raccordable est id\u00e9al pour les maisons RT 2012, RE2020 ou basse consommation.<\/p>\n","protected":false},"featured_media":68728,"template":"","meta":{"_acf_changed":false},"product_brand":[],"product_cat":[2117,25,41,5862,5860,5835,5838,5841],"product_tag":[57,7095,58,7096,64,7093,53,7094,65,6826],"plus_produit":[5740,144,6834,1592,2036,5739,5737,129,130],"class_list":{"1":"product","4":"has-post-thumbnail","6":"product_cat-aide-au-choix","7":"product_cat-poeles-bois","8":"product_cat-poeles-a-bois-etanches","9":"product_cat-poeles-a-bois-8-kw","10":"product_cat-poeles-a-bois-contemporains","11":"product_cat-poeles-a-bois-design","12":"product_cat-poeles-a-bois-modernes","13":"product_cat-poeles-a-bois-ronds","14":"product_tag-flamme-verte","15":"product_tag-1-flamme-verte-7","16":"product_tag-eco-design-2022","17":"product_tag-2-eco-design-2022","18":"product_tag-a-ecolabel-2","19":"product_tag-flamme-verte-2","20":"product_tag-post-combustion","21":"product_tag-vitre-propre","22":"product_tag-garantie-2-ans","23":"product_tag-garantie-extension-3-ans","24":"pa_combustible-recommande-7946","25":"pa_consommation-053-a-222-kg-heure","26":"pa_depart-des-fumees-dessus","27":"pa_designer-non-utilise","28":"pa_diametre-de-buse-10217","29":"pa_indice-de-performance-6858","30":"pa_surface-de-chauffe-40-a-100-m","31":"pa_taux-de-co-0-12","32":"pa_volume-de-chauffe-105-240-m-2","33":"plus_produit-accumulateur-de-chaleur-en-option","34":"plus_produit-appareil-etanche-compatible-rt2012","35":"plus_produit-extension-de-garantie-3-ans","36":"plus_produit-habillage-de-la-chambre-de-combustion-en-fonte","37":"plus_produit-intermittent","38":"plus_produit-poignee-amovible","39":"plus_produit-porte-et-dessus-en-fonte","40":"plus_produit-systeme-de-post-combustion","41":"plus_produit-vitre-propre","43":"first","44":"instock","45":"purchasable","46":"product-type-simple"},"acf":[],"yoast_head":"<!-- This site is optimized with the Yoast SEO plugin v24.7 - https:\/\/yoast.com\/wordpress\/plugins\/seo\/ -->\n<title>Po\u00eale \u00e0 bois en acier et fonte Neosen Raccordable Plus - Invicta<\/title>\n<meta name=\"description\" content=\"Cette version \u00e9tanche et raccordable du po\u00eale Neosen permet de raccorder directement l&#039;air de combustion sur l&#039;ext\u00e9rieur. Neosen \u00e9tanche raccordable est id\u00e9al pour les maisons RT 2012, RE2020 ou basse consommation.\" \/>\n<meta name=\"robots\" content=\"index, follow, max-snippet:-1, max-image-preview:large, max-video-preview:-1\" \/>\n<link rel=\"canonical\" href=\"https:\/\/dev.invicta.wp19.axome.cc\/fr\/produit\/poele-a-bois-en-acier-et-fonte-etanche-neosen-plus-raccordable\/\" \/>\n<meta property=\"og:locale\" content=\"fr_FR\" \/>\n<meta property=\"og:type\" content=\"article\" \/>\n<meta property=\"og:title\" content=\"Po\u00eale \u00e0 bois en acier et fonte Neosen Raccordable Plus - Invicta\" \/>\n<meta property=\"og:description\" content=\"Cette version \u00e9tanche et raccordable du po\u00eale Neosen permet de raccorder directement l&#039;air de combustion sur l&#039;ext\u00e9rieur. Neosen \u00e9tanche raccordable est id\u00e9al pour les maisons RT 2012, RE2020 ou basse consommation.\" \/>\n<meta property=\"og:url\" content=\"https:\/\/dev.invicta.wp19.axome.cc\/fr\/produit\/poele-a-bois-en-acier-et-fonte-etanche-neosen-plus-raccordable\/\" \/>\n<meta property=\"og:site_name\" content=\"Invicta\" \/>\n<meta property=\"article:modified_time\" content=\"2025-11-26T08:23:38+00:00\" \/>\n<meta property=\"og:image\" content=\"https:\/\/dev.invicta.wp19.axome.cc\/wp-content\/uploads\/2025\/06\/C-NEOSEN-ETANCHE-PLUS-web.jpg\" \/>\n\t<meta property=\"og:image:width\" content=\"533\" \/>\n\t<meta property=\"og:image:height\" content=\"800\" \/>\n\t<meta property=\"og:image:type\" content=\"image\/jpeg\" \/>\n<meta name=\"twitter:card\" content=\"summary_large_image\" \/>\n<script type=\"application\/ld+json\" class=\"yoast-schema-graph\">{\"@context\":\"https:\/\/schema.org\",\"@graph\":[{\"@type\":\"WebPage\",\"@id\":\"https:\/\/dev.invicta.wp19.axome.cc\/fr\/produit\/poele-a-bois-en-acier-et-fonte-etanche-neosen-plus-raccordable\/\",\"url\":\"https:\/\/dev.invicta.wp19.axome.cc\/fr\/produit\/poele-a-bois-en-acier-et-fonte-etanche-neosen-plus-raccordable\/\",\"name\":\"Po\u00eale \u00e0 bois en acier et fonte Neosen Raccordable Plus - Invicta\",\"isPartOf\":{\"@id\":\"https:\/\/dev.invicta.wp19.axome.cc\/fr\/#website\"},\"primaryImageOfPage\":{\"@id\":\"https:\/\/dev.invicta.wp19.axome.cc\/fr\/produit\/poele-a-bois-en-acier-et-fonte-etanche-neosen-plus-raccordable\/#primaryimage\"},\"image\":{\"@id\":\"https:\/\/dev.invicta.wp19.axome.cc\/fr\/produit\/poele-a-bois-en-acier-et-fonte-etanche-neosen-plus-raccordable\/#primaryimage\"},\"thumbnailUrl\":\"https:\/\/dev.invicta.wp19.axome.cc\/wp-content\/uploads\/2025\/06\/C-NEOSEN-ETANCHE-PLUS-web.jpg\",\"datePublished\":\"2025-11-26T07:23:35+00:00\",\"dateModified\":\"2025-11-26T08:23:38+00:00\",\"description\":\"Cette version \u00e9tanche et raccordable du po\u00eale Neosen permet de raccorder directement l'air de combustion sur l'ext\u00e9rieur. Neosen \u00e9tanche raccordable est id\u00e9al pour les maisons RT 2012, RE2020 ou basse consommation.\",\"breadcrumb\":{\"@id\":\"https:\/\/dev.invicta.wp19.axome.cc\/fr\/produit\/poele-a-bois-en-acier-et-fonte-etanche-neosen-plus-raccordable\/#breadcrumb\"},\"inLanguage\":\"fr-FR\",\"potentialAction\":[{\"@type\":\"ReadAction\",\"target\":[\"https:\/\/dev.invicta.wp19.axome.cc\/fr\/produit\/poele-a-bois-en-acier-et-fonte-etanche-neosen-plus-raccordable\/\"]}]},{\"@type\":\"ImageObject\",\"inLanguage\":\"fr-FR\",\"@id\":\"https:\/\/dev.invicta.wp19.axome.cc\/fr\/produit\/poele-a-bois-en-acier-et-fonte-etanche-neosen-plus-raccordable\/#primaryimage\",\"url\":\"https:\/\/dev.invicta.wp19.axome.cc\/wp-content\/uploads\/2025\/06\/C-NEOSEN-ETANCHE-PLUS-web.jpg\",\"contentUrl\":\"https:\/\/dev.invicta.wp19.axome.cc\/wp-content\/uploads\/2025\/06\/C-NEOSEN-ETANCHE-PLUS-web.jpg\",\"width\":533,\"height\":800,\"caption\":\"Po\u00eale \u00e0 bois en acier et fonte Neosen Raccordable Plus\"},{\"@type\":\"BreadcrumbList\",\"@id\":\"https:\/\/dev.invicta.wp19.axome.cc\/fr\/produit\/poele-a-bois-en-acier-et-fonte-etanche-neosen-plus-raccordable\/#breadcrumb\",\"itemListElement\":[{\"@type\":\"ListItem\",\"position\":1,\"name\":\"Accueil\",\"item\":\"https:\/\/dev.invicta.wp19.axome.cc\/fr\/\"},{\"@type\":\"ListItem\",\"position\":2,\"name\":\"Produits\",\"item\":\"https:\/\/dev.invicta.wp19.axome.cc\/fr\/shop\/\"},{\"@type\":\"ListItem\",\"position\":3,\"name\":\"Po\u00eales \u00e0 Bois\",\"item\":\"https:\/\/dev.invicta.wp19.axome.cc\/fr\/categorie-produit\/poeles-bois\/\"},{\"@type\":\"ListItem\",\"position\":4,\"name\":\"Po\u00eales \u00e0 Bois \u00e9tanches\",\"item\":\"https:\/\/dev.invicta.wp19.axome.cc\/fr\/categorie-produit\/poeles-bois\/poeles-a-bois-etanches\/\"},{\"@type\":\"ListItem\",\"position\":5,\"name\":\"Po\u00eale \u00e0 bois en acier et fonte Neosen Raccordable Plus\"}]},{\"@type\":\"WebSite\",\"@id\":\"https:\/\/dev.invicta.wp19.axome.cc\/fr\/#website\",\"url\":\"https:\/\/dev.invicta.wp19.axome.cc\/fr\/\",\"name\":\"Invicta\",\"description\":\"Fabricant fran\u00e7ais, sp\u00e9cialiste europ\u00e9en du chauffage au bois : po\u00eales \u00e0 bois et \u00e0 granul\u00e9s, chemin\u00e9es, foyers et inserts\",\"publisher\":{\"@id\":\"https:\/\/dev.invicta.wp19.axome.cc\/fr\/#organization\"},\"potentialAction\":[{\"@type\":\"SearchAction\",\"target\":{\"@type\":\"EntryPoint\",\"urlTemplate\":\"https:\/\/dev.invicta.wp19.axome.cc\/fr\/?s={search_term_string}\"},\"query-input\":{\"@type\":\"PropertyValueSpecification\",\"valueRequired\":true,\"valueName\":\"search_term_string\"}}],\"inLanguage\":\"fr-FR\"},{\"@type\":\"Organization\",\"@id\":\"https:\/\/dev.invicta.wp19.axome.cc\/fr\/#organization\",\"name\":\"Invicta\",\"url\":\"https:\/\/dev.invicta.wp19.axome.cc\/fr\/\",\"logo\":{\"@type\":\"ImageObject\",\"inLanguage\":\"fr-FR\",\"@id\":\"https:\/\/dev.invicta.wp19.axome.cc\/fr\/#\/schema\/logo\/image\/\",\"url\":\"https:\/\/www.invicta.fr\/wp-content\/uploads\/2019\/06\/INVICTALOGO_RVB.png\",\"contentUrl\":\"https:\/\/www.invicta.fr\/wp-content\/uploads\/2019\/06\/INVICTALOGO_RVB.png\",\"width\":1810,\"height\":1280,\"caption\":\"Invicta\"},\"image\":{\"@id\":\"https:\/\/dev.invicta.wp19.axome.cc\/fr\/#\/schema\/logo\/image\/\"}}]}<\/script>\n<!-- \/ Yoast SEO plugin. -->","yoast_head_json":{"title":"Po\u00eale \u00e0 bois en acier et fonte Neosen Raccordable Plus - Invicta","description":"Cette version \u00e9tanche et raccordable du po\u00eale Neosen permet de raccorder directement l'air de combustion sur l'ext\u00e9rieur. Neosen \u00e9tanche raccordable est id\u00e9al pour les maisons RT 2012, RE2020 ou basse consommation.","robots":{"index":"index","follow":"follow","max-snippet":"max-snippet:-1","max-image-preview":"max-image-preview:large","max-video-preview":"max-video-preview:-1"},"canonical":"https:\/\/dev.invicta.wp19.axome.cc\/fr\/produit\/poele-a-bois-en-acier-et-fonte-etanche-neosen-plus-raccordable\/","og_locale":"fr_FR","og_type":"article","og_title":"Po\u00eale \u00e0 bois en acier et fonte Neosen Raccordable Plus - Invicta","og_description":"Cette version \u00e9tanche et raccordable du po\u00eale Neosen permet de raccorder directement l'air de combustion sur l'ext\u00e9rieur. Neosen \u00e9tanche raccordable est id\u00e9al pour les maisons RT 2012, RE2020 ou basse consommation.","og_url":"https:\/\/dev.invicta.wp19.axome.cc\/fr\/produit\/poele-a-bois-en-acier-et-fonte-etanche-neosen-plus-raccordable\/","og_site_name":"Invicta","article_modified_time":"2025-11-26T08:23:38+00:00","og_image":[{"width":533,"height":800,"url":"https:\/\/dev.invicta.wp19.axome.cc\/wp-content\/uploads\/2025\/06\/C-NEOSEN-ETANCHE-PLUS-web.jpg","type":"image\/jpeg"}],"twitter_card":"summary_large_image","schema":{"@context":"https:\/\/schema.org","@graph":[{"@type":"WebPage","@id":"https:\/\/dev.invicta.wp19.axome.cc\/fr\/produit\/poele-a-bois-en-acier-et-fonte-etanche-neosen-plus-raccordable\/","url":"https:\/\/dev.invicta.wp19.axome.cc\/fr\/produit\/poele-a-bois-en-acier-et-fonte-etanche-neosen-plus-raccordable\/","name":"Po\u00eale \u00e0 bois en acier et fonte Neosen Raccordable Plus - Invicta","isPartOf":{"@id":"https:\/\/dev.invicta.wp19.axome.cc\/fr\/#website"},"primaryImageOfPage":{"@id":"https:\/\/dev.invicta.wp19.axome.cc\/fr\/produit\/poele-a-bois-en-acier-et-fonte-etanche-neosen-plus-raccordable\/#primaryimage"},"image":{"@id":"https:\/\/dev.invicta.wp19.axome.cc\/fr\/produit\/poele-a-bois-en-acier-et-fonte-etanche-neosen-plus-raccordable\/#primaryimage"},"thumbnailUrl":"https:\/\/dev.invicta.wp19.axome.cc\/wp-content\/uploads\/2025\/06\/C-NEOSEN-ETANCHE-PLUS-web.jpg","datePublished":"2025-11-26T07:23:35+00:00","dateModified":"2025-11-26T08:23:38+00:00","description":"Cette version \u00e9tanche et raccordable du po\u00eale Neosen permet de raccorder directement l'air de combustion sur l'ext\u00e9rieur. Neosen \u00e9tanche raccordable est id\u00e9al pour les maisons RT 2012, RE2020 ou basse consommation.","breadcrumb":{"@id":"https:\/\/dev.invicta.wp19.axome.cc\/fr\/produit\/poele-a-bois-en-acier-et-fonte-etanche-neosen-plus-raccordable\/#breadcrumb"},"inLanguage":"fr-FR","potentialAction":[{"@type":"ReadAction","target":["https:\/\/dev.invicta.wp19.axome.cc\/fr\/produit\/poele-a-bois-en-acier-et-fonte-etanche-neosen-plus-raccordable\/"]}]},{"@type":"ImageObject","inLanguage":"fr-FR","@id":"https:\/\/dev.invicta.wp19.axome.cc\/fr\/produit\/poele-a-bois-en-acier-et-fonte-etanche-neosen-plus-raccordable\/#primaryimage","url":"https:\/\/dev.invicta.wp19.axome.cc\/wp-content\/uploads\/2025\/06\/C-NEOSEN-ETANCHE-PLUS-web.jpg","contentUrl":"https:\/\/dev.invicta.wp19.axome.cc\/wp-content\/uploads\/2025\/06\/C-NEOSEN-ETANCHE-PLUS-web.jpg","width":533,"height":800,"caption":"Po\u00eale \u00e0 bois en acier et fonte Neosen Raccordable Plus"},{"@type":"BreadcrumbList","@id":"https:\/\/dev.invicta.wp19.axome.cc\/fr\/produit\/poele-a-bois-en-acier-et-fonte-etanche-neosen-plus-raccordable\/#breadcrumb","itemListElement":[{"@type":"ListItem","position":1,"name":"Accueil","item":"https:\/\/dev.invicta.wp19.axome.cc\/fr\/"},{"@type":"ListItem","position":2,"name":"Produits","item":"https:\/\/dev.invicta.wp19.axome.cc\/fr\/shop\/"},{"@type":"ListItem","position":3,"name":"Po\u00eales \u00e0 Bois","item":"https:\/\/dev.invicta.wp19.axome.cc\/fr\/categorie-produit\/poeles-bois\/"},{"@type":"ListItem","position":4,"name":"Po\u00eales \u00e0 Bois \u00e9tanches","item":"https:\/\/dev.invicta.wp19.axome.cc\/fr\/categorie-produit\/poeles-bois\/poeles-a-bois-etanches\/"},{"@type":"ListItem","position":5,"name":"Po\u00eale \u00e0 bois en acier et fonte Neosen Raccordable Plus"}]},{"@type":"WebSite","@id":"https:\/\/dev.invicta.wp19.axome.cc\/fr\/#website","url":"https:\/\/dev.invicta.wp19.axome.cc\/fr\/","name":"Invicta","description":"Fabricant fran\u00e7ais, sp\u00e9cialiste europ\u00e9en du chauffage au bois : po\u00eales \u00e0 bois et \u00e0 granul\u00e9s, chemin\u00e9es, foyers et inserts","publisher":{"@id":"https:\/\/dev.invicta.wp19.axome.cc\/fr\/#organization"},"potentialAction":[{"@type":"SearchAction","target":{"@type":"EntryPoint","urlTemplate":"https:\/\/dev.invicta.wp19.axome.cc\/fr\/?s={search_term_string}"},"query-input":{"@type":"PropertyValueSpecification","valueRequired":true,"valueName":"search_term_string"}}],"inLanguage":"fr-FR"},{"@type":"Organization","@id":"https:\/\/dev.invicta.wp19.axome.cc\/fr\/#organization","name":"Invicta","url":"https:\/\/dev.invicta.wp19.axome.cc\/fr\/","logo":{"@type":"ImageObject","inLanguage":"fr-FR","@id":"https:\/\/dev.invicta.wp19.axome.cc\/fr\/#\/schema\/logo\/image\/","url":"https:\/\/www.invicta.fr\/wp-content\/uploads\/2019\/06\/INVICTALOGO_RVB.png","contentUrl":"https:\/\/www.invicta.fr\/wp-content\/uploads\/2019\/06\/INVICTALOGO_RVB.png","width":1810,"height":1280,"caption":"Invicta"},"image":{"@id":"https:\/\/dev.invicta.wp19.axome.cc\/fr\/#\/schema\/logo\/image\/"}}]}},"_links":{"self":[{"href":"https:\/\/dev.invicta.wp19.axome.cc\/fr\/wp-json\/wp\/v2\/product\/68727","targetHints":{"allow":["GET"]}}],"collection":[{"href":"https:\/\/dev.invicta.wp19.axome.cc\/fr\/wp-json\/wp\/v2\/product"}],"about":[{"href":"https:\/\/dev.invicta.wp19.axome.cc\/fr\/wp-json\/wp\/v2\/types\/product"}],"wp:featuredmedia":[{"embeddable":true,"href":"https:\/\/dev.invicta.wp19.axome.cc\/fr\/wp-json\/wp\/v2\/media\/68728"}],"wp:attachment":[{"href":"https:\/\/dev.invicta.wp19.axome.cc\/fr\/wp-json\/wp\/v2\/media?parent=68727"}],"wp:term":[{"taxonomy":"product_brand","embeddable":true,"href":"https:\/\/dev.invicta.wp19.axome.cc\/fr\/wp-json\/wp\/v2\/product_brand?post=68727"},{"taxonomy":"product_cat","embeddable":true,"href":"https:\/\/dev.invicta.wp19.axome.cc\/fr\/wp-json\/wp\/v2\/product_cat?post=68727"},{"taxonomy":"product_tag","embeddable":true,"href":"https:\/\/dev.invicta.wp19.axome.cc\/fr\/wp-json\/wp\/v2\/product_tag?post=68727"},{"taxonomy":"plus_produit","embeddable":true,"href":"https:\/\/dev.invicta.wp19.axome.cc\/fr\/wp-json\/wp\/v2\/plus_produit?post=68727"}],"curies":[{"name":"wp","href":"https:\/\/api.w.org\/{rel}","templated":true}]}}