{"id":68740,"date":"2025-11-26T08:12:08","date_gmt":"2025-11-26T07:12:08","guid":{"rendered":"https:\/\/dev.invicta.wp19.axome.cc\/produit\/insert-a-bois-700-ethera-turbo\/"},"modified":"2025-11-26T09:12:09","modified_gmt":"2025-11-26T08:12:09","slug":"insert-a-bois-700-ethera-turbo","status":"publish","type":"product","link":"https:\/\/dev.invicta.wp19.axome.cc\/fr\/produit\/insert-a-bois-700-ethera-turbo\/","title":{"rendered":"Insert \u00e0 bois 700 Eth\u00e9ra Turbo"},"content":{"rendered":"","protected":false},"excerpt":{"rendered":"<p>Ce mod\u00e8le vous propose de transformer votre chemin\u00e9e en solution de chauffage efficace et performante. Une atmosph\u00e8re chaleureuse se cr\u00e9e dans votre habitat. Nouvelles turbines plus silencieuses et plus puissantes. 2 vitesses : boost via interrupteur non fourni.<\/p>\n","protected":false},"featured_media":0,"template":"","meta":{"_acf_changed":false},"product_brand":[],"product_cat":[],"product_tag":[57,7095,58,7096,59,7093,53,73,55,7094,65,6826],"plus_produit":[6868,6834,2146,2150,1919,6869,129,130],"class_list":{"1":"product","5":"product_tag-flamme-verte","6":"product_tag-1-flamme-verte-7","7":"product_tag-eco-design-2022","8":"product_tag-2-eco-design-2022","9":"product_tag-a-ecolabel","10":"product_tag-flamme-verte-2","11":"product_tag-post-combustion","12":"product_tag-raccordable-2","13":"product_tag-raccordable","14":"product_tag-vitre-propre","15":"product_tag-garantie-2-ans","16":"product_tag-garantie-extension-3-ans","17":"pa_consommation-053-a-222-kg-heure","18":"pa_depart-des-fumees-dessus","19":"pa_designer-non-utilise","20":"pa_diametre-de-buse-10217","21":"pa_indice-de-performance-5572","22":"pa_surface-de-chauffe-40-a-100-m","23":"pa_taux-de-co-0-12","24":"pa_volume-de-chauffe-105-240-m-2","25":"plus_produit-nouvelles-turbines","26":"plus_produit-extension-de-garantie-3-ans","27":"plus_produit-intermittent-et-combustion-prolongee-3-heures","28":"plus_produit-manchettes-en-option","29":"plus_produit-origine-france-garantie","30":"plus_produit-raccordable-avec-buse-orientable","31":"plus_produit-systeme-de-post-combustion","32":"plus_produit-vitre-propre","34":"first","35":"instock","36":"purchasable","37":"product-type-simple"},"acf":[],"yoast_head":"<!-- This site is optimized with the Yoast SEO plugin v24.7 - https:\/\/yoast.com\/wordpress\/plugins\/seo\/ -->\n<title>Insert \u00e0 bois 700 Eth\u00e9ra Turbo - Invicta<\/title>\n<meta name=\"description\" content=\"Ce mod\u00e8le vous propose de transformer votre chemin\u00e9e en solution de chauffage efficace et performante. Une atmosph\u00e8re chaleureuse se cr\u00e9e dans votre habitat. Nouvelles turbines plus silencieuses et plus puissantes. 2 vitesses : boost via interrupteur non fourni.\" \/>\n<meta name=\"robots\" content=\"index, follow, max-snippet:-1, max-image-preview:large, max-video-preview:-1\" \/>\n<link rel=\"canonical\" href=\"https:\/\/dev.invicta.wp19.axome.cc\/fr\/produit\/insert-a-bois-700-ethera-turbo\/\" \/>\n<meta property=\"og:locale\" content=\"fr_FR\" \/>\n<meta property=\"og:type\" content=\"article\" \/>\n<meta property=\"og:title\" content=\"Insert \u00e0 bois 700 Eth\u00e9ra Turbo - Invicta\" \/>\n<meta property=\"og:description\" content=\"Ce mod\u00e8le vous propose de transformer votre chemin\u00e9e en solution de chauffage efficace et performante. Une atmosph\u00e8re chaleureuse se cr\u00e9e dans votre habitat. Nouvelles turbines plus silencieuses et plus puissantes. 2 vitesses : boost via interrupteur non fourni.\" \/>\n<meta property=\"og:url\" content=\"https:\/\/dev.invicta.wp19.axome.cc\/fr\/produit\/insert-a-bois-700-ethera-turbo\/\" \/>\n<meta property=\"og:site_name\" content=\"Invicta\" \/>\n<meta property=\"article:modified_time\" content=\"2025-11-26T08:12:09+00:00\" \/>\n<meta name=\"twitter:card\" content=\"summary_large_image\" \/>\n<script type=\"application\/ld+json\" class=\"yoast-schema-graph\">{\"@context\":\"https:\/\/schema.org\",\"@graph\":[{\"@type\":\"WebPage\",\"@id\":\"https:\/\/dev.invicta.wp19.axome.cc\/fr\/produit\/insert-a-bois-700-ethera-turbo\/\",\"url\":\"https:\/\/dev.invicta.wp19.axome.cc\/fr\/produit\/insert-a-bois-700-ethera-turbo\/\",\"name\":\"Insert \u00e0 bois 700 Eth\u00e9ra Turbo - Invicta\",\"isPartOf\":{\"@id\":\"https:\/\/dev.invicta.wp19.axome.cc\/fr\/#website\"},\"datePublished\":\"2025-11-26T07:12:08+00:00\",\"dateModified\":\"2025-11-26T08:12:09+00:00\",\"description\":\"Ce mod\u00e8le vous propose de transformer votre chemin\u00e9e en solution de chauffage efficace et performante. Une atmosph\u00e8re chaleureuse se cr\u00e9e dans votre habitat. Nouvelles turbines plus silencieuses et plus puissantes. 2 vitesses : boost via interrupteur non fourni.\",\"breadcrumb\":{\"@id\":\"https:\/\/dev.invicta.wp19.axome.cc\/fr\/produit\/insert-a-bois-700-ethera-turbo\/#breadcrumb\"},\"inLanguage\":\"fr-FR\",\"potentialAction\":[{\"@type\":\"ReadAction\",\"target\":[\"https:\/\/dev.invicta.wp19.axome.cc\/fr\/produit\/insert-a-bois-700-ethera-turbo\/\"]}]},{\"@type\":\"BreadcrumbList\",\"@id\":\"https:\/\/dev.invicta.wp19.axome.cc\/fr\/produit\/insert-a-bois-700-ethera-turbo\/#breadcrumb\",\"itemListElement\":[{\"@type\":\"ListItem\",\"position\":1,\"name\":\"Accueil\",\"item\":\"https:\/\/dev.invicta.wp19.axome.cc\/fr\/\"},{\"@type\":\"ListItem\",\"position\":2,\"name\":\"Produits\",\"item\":\"https:\/\/dev.invicta.wp19.axome.cc\/fr\/shop\/\"},{\"@type\":\"ListItem\",\"position\":3,\"name\":\"Insert \u00e0 bois 700 Eth\u00e9ra Turbo\"}]},{\"@type\":\"WebSite\",\"@id\":\"https:\/\/dev.invicta.wp19.axome.cc\/fr\/#website\",\"url\":\"https:\/\/dev.invicta.wp19.axome.cc\/fr\/\",\"name\":\"Invicta\",\"description\":\"Fabricant fran\u00e7ais, sp\u00e9cialiste europ\u00e9en du chauffage au bois : po\u00eales \u00e0 bois et \u00e0 granul\u00e9s, chemin\u00e9es, foyers et inserts\",\"publisher\":{\"@id\":\"https:\/\/dev.invicta.wp19.axome.cc\/fr\/#organization\"},\"potentialAction\":[{\"@type\":\"SearchAction\",\"target\":{\"@type\":\"EntryPoint\",\"urlTemplate\":\"https:\/\/dev.invicta.wp19.axome.cc\/fr\/?s={search_term_string}\"},\"query-input\":{\"@type\":\"PropertyValueSpecification\",\"valueRequired\":true,\"valueName\":\"search_term_string\"}}],\"inLanguage\":\"fr-FR\"},{\"@type\":\"Organization\",\"@id\":\"https:\/\/dev.invicta.wp19.axome.cc\/fr\/#organization\",\"name\":\"Invicta\",\"url\":\"https:\/\/dev.invicta.wp19.axome.cc\/fr\/\",\"logo\":{\"@type\":\"ImageObject\",\"inLanguage\":\"fr-FR\",\"@id\":\"https:\/\/dev.invicta.wp19.axome.cc\/fr\/#\/schema\/logo\/image\/\",\"url\":\"https:\/\/www.invicta.fr\/wp-content\/uploads\/2019\/06\/INVICTALOGO_RVB.png\",\"contentUrl\":\"https:\/\/www.invicta.fr\/wp-content\/uploads\/2019\/06\/INVICTALOGO_RVB.png\",\"width\":1810,\"height\":1280,\"caption\":\"Invicta\"},\"image\":{\"@id\":\"https:\/\/dev.invicta.wp19.axome.cc\/fr\/#\/schema\/logo\/image\/\"}}]}<\/script>\n<!-- \/ Yoast SEO plugin. -->","yoast_head_json":{"title":"Insert \u00e0 bois 700 Eth\u00e9ra Turbo - Invicta","description":"Ce mod\u00e8le vous propose de transformer votre chemin\u00e9e en solution de chauffage efficace et performante. Une atmosph\u00e8re chaleureuse se cr\u00e9e dans votre habitat. Nouvelles turbines plus silencieuses et plus puissantes. 2 vitesses : boost via interrupteur non fourni.","robots":{"index":"index","follow":"follow","max-snippet":"max-snippet:-1","max-image-preview":"max-image-preview:large","max-video-preview":"max-video-preview:-1"},"canonical":"https:\/\/dev.invicta.wp19.axome.cc\/fr\/produit\/insert-a-bois-700-ethera-turbo\/","og_locale":"fr_FR","og_type":"article","og_title":"Insert \u00e0 bois 700 Eth\u00e9ra Turbo - Invicta","og_description":"Ce mod\u00e8le vous propose de transformer votre chemin\u00e9e en solution de chauffage efficace et performante. Une atmosph\u00e8re chaleureuse se cr\u00e9e dans votre habitat. Nouvelles turbines plus silencieuses et plus puissantes. 2 vitesses : boost via interrupteur non fourni.","og_url":"https:\/\/dev.invicta.wp19.axome.cc\/fr\/produit\/insert-a-bois-700-ethera-turbo\/","og_site_name":"Invicta","article_modified_time":"2025-11-26T08:12:09+00:00","twitter_card":"summary_large_image","schema":{"@context":"https:\/\/schema.org","@graph":[{"@type":"WebPage","@id":"https:\/\/dev.invicta.wp19.axome.cc\/fr\/produit\/insert-a-bois-700-ethera-turbo\/","url":"https:\/\/dev.invicta.wp19.axome.cc\/fr\/produit\/insert-a-bois-700-ethera-turbo\/","name":"Insert \u00e0 bois 700 Eth\u00e9ra Turbo - Invicta","isPartOf":{"@id":"https:\/\/dev.invicta.wp19.axome.cc\/fr\/#website"},"datePublished":"2025-11-26T07:12:08+00:00","dateModified":"2025-11-26T08:12:09+00:00","description":"Ce mod\u00e8le vous propose de transformer votre chemin\u00e9e en solution de chauffage efficace et performante. Une atmosph\u00e8re chaleureuse se cr\u00e9e dans votre habitat. Nouvelles turbines plus silencieuses et plus puissantes. 2 vitesses : boost via interrupteur non fourni.","breadcrumb":{"@id":"https:\/\/dev.invicta.wp19.axome.cc\/fr\/produit\/insert-a-bois-700-ethera-turbo\/#breadcrumb"},"inLanguage":"fr-FR","potentialAction":[{"@type":"ReadAction","target":["https:\/\/dev.invicta.wp19.axome.cc\/fr\/produit\/insert-a-bois-700-ethera-turbo\/"]}]},{"@type":"BreadcrumbList","@id":"https:\/\/dev.invicta.wp19.axome.cc\/fr\/produit\/insert-a-bois-700-ethera-turbo\/#breadcrumb","itemListElement":[{"@type":"ListItem","position":1,"name":"Accueil","item":"https:\/\/dev.invicta.wp19.axome.cc\/fr\/"},{"@type":"ListItem","position":2,"name":"Produits","item":"https:\/\/dev.invicta.wp19.axome.cc\/fr\/shop\/"},{"@type":"ListItem","position":3,"name":"Insert \u00e0 bois 700 Eth\u00e9ra Turbo"}]},{"@type":"WebSite","@id":"https:\/\/dev.invicta.wp19.axome.cc\/fr\/#website","url":"https:\/\/dev.invicta.wp19.axome.cc\/fr\/","name":"Invicta","description":"Fabricant fran\u00e7ais, sp\u00e9cialiste europ\u00e9en du chauffage au bois : po\u00eales \u00e0 bois et \u00e0 granul\u00e9s, chemin\u00e9es, foyers et inserts","publisher":{"@id":"https:\/\/dev.invicta.wp19.axome.cc\/fr\/#organization"},"potentialAction":[{"@type":"SearchAction","target":{"@type":"EntryPoint","urlTemplate":"https:\/\/dev.invicta.wp19.axome.cc\/fr\/?s={search_term_string}"},"query-input":{"@type":"PropertyValueSpecification","valueRequired":true,"valueName":"search_term_string"}}],"inLanguage":"fr-FR"},{"@type":"Organization","@id":"https:\/\/dev.invicta.wp19.axome.cc\/fr\/#organization","name":"Invicta","url":"https:\/\/dev.invicta.wp19.axome.cc\/fr\/","logo":{"@type":"ImageObject","inLanguage":"fr-FR","@id":"https:\/\/dev.invicta.wp19.axome.cc\/fr\/#\/schema\/logo\/image\/","url":"https:\/\/www.invicta.fr\/wp-content\/uploads\/2019\/06\/INVICTALOGO_RVB.png","contentUrl":"https:\/\/www.invicta.fr\/wp-content\/uploads\/2019\/06\/INVICTALOGO_RVB.png","width":1810,"height":1280,"caption":"Invicta"},"image":{"@id":"https:\/\/dev.invicta.wp19.axome.cc\/fr\/#\/schema\/logo\/image\/"}}]}},"_links":{"self":[{"href":"https:\/\/dev.invicta.wp19.axome.cc\/fr\/wp-json\/wp\/v2\/product\/68740","targetHints":{"allow":["GET"]}}],"collection":[{"href":"https:\/\/dev.invicta.wp19.axome.cc\/fr\/wp-json\/wp\/v2\/product"}],"about":[{"href":"https:\/\/dev.invicta.wp19.axome.cc\/fr\/wp-json\/wp\/v2\/types\/product"}],"wp:attachment":[{"href":"https:\/\/dev.invicta.wp19.axome.cc\/fr\/wp-json\/wp\/v2\/media?parent=68740"}],"wp:term":[{"taxonomy":"product_brand","embeddable":true,"href":"https:\/\/dev.invicta.wp19.axome.cc\/fr\/wp-json\/wp\/v2\/product_brand?post=68740"},{"taxonomy":"product_cat","embeddable":true,"href":"https:\/\/dev.invicta.wp19.axome.cc\/fr\/wp-json\/wp\/v2\/product_cat?post=68740"},{"taxonomy":"product_tag","embeddable":true,"href":"https:\/\/dev.invicta.wp19.axome.cc\/fr\/wp-json\/wp\/v2\/product_tag?post=68740"},{"taxonomy":"plus_produit","embeddable":true,"href":"https:\/\/dev.invicta.wp19.axome.cc\/fr\/wp-json\/wp\/v2\/plus_produit?post=68740"}],"curies":[{"name":"wp","href":"https:\/\/api.w.org\/{rel}","templated":true}]}}