{"id":68742,"date":"2025-11-26T08:32:16","date_gmt":"2025-11-26T07:32:16","guid":{"rendered":"https:\/\/dev.invicta.wp19.axome.cc\/produit\/insert-a-bois-700-absolu-turbo\/"},"modified":"2025-11-26T09:32:18","modified_gmt":"2025-11-26T08:32:18","slug":"insert-a-bois-700-absolu-magic-light","status":"publish","type":"product","link":"https:\/\/dev.invicta.wp19.axome.cc\/fr\/produit\/insert-a-bois-700-absolu-magic-light\/","title":{"rendered":"Insert \u00e0 bois 700 Absolu Turbo"},"content":{"rendered":"","protected":false},"excerpt":{"rendered":"<p>Cette nouvelle r\u00e9f\u00e9rence fait rimer \u00e9l\u00e9gance avec performance. La vitre Magic light s&#8217;illumine lorsque les b\u00fbches s&#8217;embrasent. Elle reste noire \u00e0 l&#8217;arr\u00eat et donne assur\u00e9ment du cachet \u00e0 votre espace de vie. Nouvelles turbines plus silencieuses et plus puissantes. 2 vitesses : boost via interrupteur non fourni.<\/p>\n","protected":false},"featured_media":68744,"template":"","meta":{"_acf_changed":false},"product_brand":[],"product_cat":[2117,27,81,5888],"product_tag":[57,7095,58,7096,59,7093,53,73,55,7094,65,6826],"plus_produit":[6868,6834,7356,2146,2150,1919,1983,129,6900,130],"class_list":{"1":"product","4":"has-post-thumbnail","6":"product_cat-aide-au-choix","7":"product_cat-inserts-cheminees","8":"product_cat-inserts-a-bois-pour-cheminees","9":"product_cat-inserts-bois-encastrables","10":"product_tag-flamme-verte","11":"product_tag-1-flamme-verte-7","12":"product_tag-eco-design-2022","13":"product_tag-2-eco-design-2022","14":"product_tag-a-ecolabel","15":"product_tag-flamme-verte-2","16":"product_tag-post-combustion","17":"product_tag-raccordable-2","18":"product_tag-raccordable","19":"product_tag-vitre-propre","20":"product_tag-garantie-2-ans","21":"product_tag-garantie-extension-3-ans","22":"pa_consommation-053-a-222-kg-heure","23":"pa_depart-des-fumees-dessus","24":"pa_designer-non-utilise","25":"pa_diametre-de-buse-10217","26":"pa_indice-de-performance-5572","27":"pa_surface-de-chauffe-40-a-100-m","28":"pa_taux-de-co-0-12","29":"pa_volume-de-chauffe-105-240-m-2","30":"plus_produit-nouvelles-turbines","31":"plus_produit-extension-de-garantie-3-ans","32":"plus_produit-fonte-carenage-acier","33":"plus_produit-intermittent-et-combustion-prolongee-3-heures","34":"plus_produit-manchettes-en-option","35":"plus_produit-origine-france-garantie","36":"plus_produit-raccordable","37":"plus_produit-systeme-de-post-combustion","38":"plus_produit-vitre-magic-light","39":"plus_produit-vitre-propre","41":"first","42":"instock","43":"purchasable","44":"product-type-simple"},"acf":[],"yoast_head":"<!-- This site is optimized with the Yoast SEO plugin v24.7 - https:\/\/yoast.com\/wordpress\/plugins\/seo\/ -->\n<title>Insert \u00e0 bois 700 Absolu Turbo - Invicta<\/title>\n<meta name=\"description\" content=\"Cette nouvelle r\u00e9f\u00e9rence fait rimer \u00e9l\u00e9gance avec performance. La vitre Magic light s&#039;illumine lorsque les b\u00fbches s&#039;embrasent. Elle reste noire \u00e0 l&#039;arr\u00eat et donne assur\u00e9ment du cachet \u00e0 votre espace de vie. Nouvelles turbines plus silencieuses et plus puissantes. 2 vitesses : boost via interrupteur non fourni.\" \/>\n<meta name=\"robots\" content=\"index, follow, max-snippet:-1, max-image-preview:large, max-video-preview:-1\" \/>\n<link rel=\"canonical\" href=\"https:\/\/dev.invicta.wp19.axome.cc\/fr\/produit\/insert-a-bois-700-absolu-magic-light\/\" \/>\n<meta property=\"og:locale\" content=\"fr_FR\" \/>\n<meta property=\"og:type\" content=\"article\" \/>\n<meta property=\"og:title\" content=\"Insert \u00e0 bois 700 Absolu Turbo - Invicta\" \/>\n<meta property=\"og:description\" content=\"Cette nouvelle r\u00e9f\u00e9rence fait rimer \u00e9l\u00e9gance avec performance. La vitre Magic light s&#039;illumine lorsque les b\u00fbches s&#039;embrasent. Elle reste noire \u00e0 l&#039;arr\u00eat et donne assur\u00e9ment du cachet \u00e0 votre espace de vie. Nouvelles turbines plus silencieuses et plus puissantes. 2 vitesses : boost via interrupteur non fourni.\" \/>\n<meta property=\"og:url\" content=\"https:\/\/dev.invicta.wp19.axome.cc\/fr\/produit\/insert-a-bois-700-absolu-magic-light\/\" \/>\n<meta property=\"og:site_name\" content=\"Invicta\" \/>\n<meta property=\"article:modified_time\" content=\"2025-11-26T08:32:18+00:00\" \/>\n<meta property=\"og:image\" content=\"https:\/\/dev.invicta.wp19.axome.cc\/wp-content\/uploads\/2025\/06\/A_P967008_ABSOLU2_web.jpg\" \/>\n\t<meta property=\"og:image:width\" content=\"1000\" \/>\n\t<meta property=\"og:image:height\" content=\"750\" \/>\n\t<meta property=\"og:image:type\" content=\"image\/jpeg\" \/>\n<meta name=\"twitter:card\" content=\"summary_large_image\" \/>\n<script type=\"application\/ld+json\" class=\"yoast-schema-graph\">{\"@context\":\"https:\/\/schema.org\",\"@graph\":[{\"@type\":\"WebPage\",\"@id\":\"https:\/\/dev.invicta.wp19.axome.cc\/fr\/produit\/insert-a-bois-700-absolu-magic-light\/\",\"url\":\"https:\/\/dev.invicta.wp19.axome.cc\/fr\/produit\/insert-a-bois-700-absolu-magic-light\/\",\"name\":\"Insert \u00e0 bois 700 Absolu Turbo - Invicta\",\"isPartOf\":{\"@id\":\"https:\/\/dev.invicta.wp19.axome.cc\/fr\/#website\"},\"primaryImageOfPage\":{\"@id\":\"https:\/\/dev.invicta.wp19.axome.cc\/fr\/produit\/insert-a-bois-700-absolu-magic-light\/#primaryimage\"},\"image\":{\"@id\":\"https:\/\/dev.invicta.wp19.axome.cc\/fr\/produit\/insert-a-bois-700-absolu-magic-light\/#primaryimage\"},\"thumbnailUrl\":\"https:\/\/dev.invicta.wp19.axome.cc\/wp-content\/uploads\/2025\/06\/A_P967008_ABSOLU2_web.jpg\",\"datePublished\":\"2025-11-26T07:32:16+00:00\",\"dateModified\":\"2025-11-26T08:32:18+00:00\",\"description\":\"Cette nouvelle r\u00e9f\u00e9rence fait rimer \u00e9l\u00e9gance avec performance. La vitre Magic light s'illumine lorsque les b\u00fbches s'embrasent. Elle reste noire \u00e0 l'arr\u00eat et donne assur\u00e9ment du cachet \u00e0 votre espace de vie. Nouvelles turbines plus silencieuses et plus puissantes. 2 vitesses : boost via interrupteur non fourni.\",\"breadcrumb\":{\"@id\":\"https:\/\/dev.invicta.wp19.axome.cc\/fr\/produit\/insert-a-bois-700-absolu-magic-light\/#breadcrumb\"},\"inLanguage\":\"fr-FR\",\"potentialAction\":[{\"@type\":\"ReadAction\",\"target\":[\"https:\/\/dev.invicta.wp19.axome.cc\/fr\/produit\/insert-a-bois-700-absolu-magic-light\/\"]}]},{\"@type\":\"ImageObject\",\"inLanguage\":\"fr-FR\",\"@id\":\"https:\/\/dev.invicta.wp19.axome.cc\/fr\/produit\/insert-a-bois-700-absolu-magic-light\/#primaryimage\",\"url\":\"https:\/\/dev.invicta.wp19.axome.cc\/wp-content\/uploads\/2025\/06\/A_P967008_ABSOLU2_web.jpg\",\"contentUrl\":\"https:\/\/dev.invicta.wp19.axome.cc\/wp-content\/uploads\/2025\/06\/A_P967008_ABSOLU2_web.jpg\",\"width\":1000,\"height\":750,\"caption\":\"Insert \u00e0 bois 700 Absolu Turbo\"},{\"@type\":\"BreadcrumbList\",\"@id\":\"https:\/\/dev.invicta.wp19.axome.cc\/fr\/produit\/insert-a-bois-700-absolu-magic-light\/#breadcrumb\",\"itemListElement\":[{\"@type\":\"ListItem\",\"position\":1,\"name\":\"Accueil\",\"item\":\"https:\/\/dev.invicta.wp19.axome.cc\/fr\/\"},{\"@type\":\"ListItem\",\"position\":2,\"name\":\"Produits\",\"item\":\"https:\/\/dev.invicta.wp19.axome.cc\/fr\/shop\/\"},{\"@type\":\"ListItem\",\"position\":3,\"name\":\"Inserts Chemin\u00e9es\",\"item\":\"https:\/\/dev.invicta.wp19.axome.cc\/fr\/categorie-produit\/inserts-cheminees\/\"},{\"@type\":\"ListItem\",\"position\":4,\"name\":\"Inserts \u00e0 Bois - Chemin\u00e9es\",\"item\":\"https:\/\/dev.invicta.wp19.axome.cc\/fr\/categorie-produit\/inserts-cheminees\/inserts-a-bois-pour-cheminees\/\"},{\"@type\":\"ListItem\",\"position\":5,\"name\":\"Insert \u00e0 bois 700 Absolu Turbo\"}]},{\"@type\":\"WebSite\",\"@id\":\"https:\/\/dev.invicta.wp19.axome.cc\/fr\/#website\",\"url\":\"https:\/\/dev.invicta.wp19.axome.cc\/fr\/\",\"name\":\"Invicta\",\"description\":\"Fabricant fran\u00e7ais, sp\u00e9cialiste europ\u00e9en du chauffage au bois : po\u00eales \u00e0 bois et \u00e0 granul\u00e9s, chemin\u00e9es, foyers et inserts\",\"publisher\":{\"@id\":\"https:\/\/dev.invicta.wp19.axome.cc\/fr\/#organization\"},\"potentialAction\":[{\"@type\":\"SearchAction\",\"target\":{\"@type\":\"EntryPoint\",\"urlTemplate\":\"https:\/\/dev.invicta.wp19.axome.cc\/fr\/?s={search_term_string}\"},\"query-input\":{\"@type\":\"PropertyValueSpecification\",\"valueRequired\":true,\"valueName\":\"search_term_string\"}}],\"inLanguage\":\"fr-FR\"},{\"@type\":\"Organization\",\"@id\":\"https:\/\/dev.invicta.wp19.axome.cc\/fr\/#organization\",\"name\":\"Invicta\",\"url\":\"https:\/\/dev.invicta.wp19.axome.cc\/fr\/\",\"logo\":{\"@type\":\"ImageObject\",\"inLanguage\":\"fr-FR\",\"@id\":\"https:\/\/dev.invicta.wp19.axome.cc\/fr\/#\/schema\/logo\/image\/\",\"url\":\"https:\/\/www.invicta.fr\/wp-content\/uploads\/2019\/06\/INVICTALOGO_RVB.png\",\"contentUrl\":\"https:\/\/www.invicta.fr\/wp-content\/uploads\/2019\/06\/INVICTALOGO_RVB.png\",\"width\":1810,\"height\":1280,\"caption\":\"Invicta\"},\"image\":{\"@id\":\"https:\/\/dev.invicta.wp19.axome.cc\/fr\/#\/schema\/logo\/image\/\"}}]}<\/script>\n<!-- \/ Yoast SEO plugin. -->","yoast_head_json":{"title":"Insert \u00e0 bois 700 Absolu Turbo - Invicta","description":"Cette nouvelle r\u00e9f\u00e9rence fait rimer \u00e9l\u00e9gance avec performance. La vitre Magic light s'illumine lorsque les b\u00fbches s'embrasent. Elle reste noire \u00e0 l'arr\u00eat et donne assur\u00e9ment du cachet \u00e0 votre espace de vie. Nouvelles turbines plus silencieuses et plus puissantes. 2 vitesses : boost via interrupteur non fourni.","robots":{"index":"index","follow":"follow","max-snippet":"max-snippet:-1","max-image-preview":"max-image-preview:large","max-video-preview":"max-video-preview:-1"},"canonical":"https:\/\/dev.invicta.wp19.axome.cc\/fr\/produit\/insert-a-bois-700-absolu-magic-light\/","og_locale":"fr_FR","og_type":"article","og_title":"Insert \u00e0 bois 700 Absolu Turbo - Invicta","og_description":"Cette nouvelle r\u00e9f\u00e9rence fait rimer \u00e9l\u00e9gance avec performance. La vitre Magic light s'illumine lorsque les b\u00fbches s'embrasent. Elle reste noire \u00e0 l'arr\u00eat et donne assur\u00e9ment du cachet \u00e0 votre espace de vie. Nouvelles turbines plus silencieuses et plus puissantes. 2 vitesses : boost via interrupteur non fourni.","og_url":"https:\/\/dev.invicta.wp19.axome.cc\/fr\/produit\/insert-a-bois-700-absolu-magic-light\/","og_site_name":"Invicta","article_modified_time":"2025-11-26T08:32:18+00:00","og_image":[{"width":1000,"height":750,"url":"https:\/\/dev.invicta.wp19.axome.cc\/wp-content\/uploads\/2025\/06\/A_P967008_ABSOLU2_web.jpg","type":"image\/jpeg"}],"twitter_card":"summary_large_image","schema":{"@context":"https:\/\/schema.org","@graph":[{"@type":"WebPage","@id":"https:\/\/dev.invicta.wp19.axome.cc\/fr\/produit\/insert-a-bois-700-absolu-magic-light\/","url":"https:\/\/dev.invicta.wp19.axome.cc\/fr\/produit\/insert-a-bois-700-absolu-magic-light\/","name":"Insert \u00e0 bois 700 Absolu Turbo - Invicta","isPartOf":{"@id":"https:\/\/dev.invicta.wp19.axome.cc\/fr\/#website"},"primaryImageOfPage":{"@id":"https:\/\/dev.invicta.wp19.axome.cc\/fr\/produit\/insert-a-bois-700-absolu-magic-light\/#primaryimage"},"image":{"@id":"https:\/\/dev.invicta.wp19.axome.cc\/fr\/produit\/insert-a-bois-700-absolu-magic-light\/#primaryimage"},"thumbnailUrl":"https:\/\/dev.invicta.wp19.axome.cc\/wp-content\/uploads\/2025\/06\/A_P967008_ABSOLU2_web.jpg","datePublished":"2025-11-26T07:32:16+00:00","dateModified":"2025-11-26T08:32:18+00:00","description":"Cette nouvelle r\u00e9f\u00e9rence fait rimer \u00e9l\u00e9gance avec performance. La vitre Magic light s'illumine lorsque les b\u00fbches s'embrasent. Elle reste noire \u00e0 l'arr\u00eat et donne assur\u00e9ment du cachet \u00e0 votre espace de vie. Nouvelles turbines plus silencieuses et plus puissantes. 2 vitesses : boost via interrupteur non fourni.","breadcrumb":{"@id":"https:\/\/dev.invicta.wp19.axome.cc\/fr\/produit\/insert-a-bois-700-absolu-magic-light\/#breadcrumb"},"inLanguage":"fr-FR","potentialAction":[{"@type":"ReadAction","target":["https:\/\/dev.invicta.wp19.axome.cc\/fr\/produit\/insert-a-bois-700-absolu-magic-light\/"]}]},{"@type":"ImageObject","inLanguage":"fr-FR","@id":"https:\/\/dev.invicta.wp19.axome.cc\/fr\/produit\/insert-a-bois-700-absolu-magic-light\/#primaryimage","url":"https:\/\/dev.invicta.wp19.axome.cc\/wp-content\/uploads\/2025\/06\/A_P967008_ABSOLU2_web.jpg","contentUrl":"https:\/\/dev.invicta.wp19.axome.cc\/wp-content\/uploads\/2025\/06\/A_P967008_ABSOLU2_web.jpg","width":1000,"height":750,"caption":"Insert \u00e0 bois 700 Absolu Turbo"},{"@type":"BreadcrumbList","@id":"https:\/\/dev.invicta.wp19.axome.cc\/fr\/produit\/insert-a-bois-700-absolu-magic-light\/#breadcrumb","itemListElement":[{"@type":"ListItem","position":1,"name":"Accueil","item":"https:\/\/dev.invicta.wp19.axome.cc\/fr\/"},{"@type":"ListItem","position":2,"name":"Produits","item":"https:\/\/dev.invicta.wp19.axome.cc\/fr\/shop\/"},{"@type":"ListItem","position":3,"name":"Inserts Chemin\u00e9es","item":"https:\/\/dev.invicta.wp19.axome.cc\/fr\/categorie-produit\/inserts-cheminees\/"},{"@type":"ListItem","position":4,"name":"Inserts \u00e0 Bois - Chemin\u00e9es","item":"https:\/\/dev.invicta.wp19.axome.cc\/fr\/categorie-produit\/inserts-cheminees\/inserts-a-bois-pour-cheminees\/"},{"@type":"ListItem","position":5,"name":"Insert \u00e0 bois 700 Absolu Turbo"}]},{"@type":"WebSite","@id":"https:\/\/dev.invicta.wp19.axome.cc\/fr\/#website","url":"https:\/\/dev.invicta.wp19.axome.cc\/fr\/","name":"Invicta","description":"Fabricant fran\u00e7ais, sp\u00e9cialiste europ\u00e9en du chauffage au bois : po\u00eales \u00e0 bois et \u00e0 granul\u00e9s, chemin\u00e9es, foyers et inserts","publisher":{"@id":"https:\/\/dev.invicta.wp19.axome.cc\/fr\/#organization"},"potentialAction":[{"@type":"SearchAction","target":{"@type":"EntryPoint","urlTemplate":"https:\/\/dev.invicta.wp19.axome.cc\/fr\/?s={search_term_string}"},"query-input":{"@type":"PropertyValueSpecification","valueRequired":true,"valueName":"search_term_string"}}],"inLanguage":"fr-FR"},{"@type":"Organization","@id":"https:\/\/dev.invicta.wp19.axome.cc\/fr\/#organization","name":"Invicta","url":"https:\/\/dev.invicta.wp19.axome.cc\/fr\/","logo":{"@type":"ImageObject","inLanguage":"fr-FR","@id":"https:\/\/dev.invicta.wp19.axome.cc\/fr\/#\/schema\/logo\/image\/","url":"https:\/\/www.invicta.fr\/wp-content\/uploads\/2019\/06\/INVICTALOGO_RVB.png","contentUrl":"https:\/\/www.invicta.fr\/wp-content\/uploads\/2019\/06\/INVICTALOGO_RVB.png","width":1810,"height":1280,"caption":"Invicta"},"image":{"@id":"https:\/\/dev.invicta.wp19.axome.cc\/fr\/#\/schema\/logo\/image\/"}}]}},"_links":{"self":[{"href":"https:\/\/dev.invicta.wp19.axome.cc\/fr\/wp-json\/wp\/v2\/product\/68742","targetHints":{"allow":["GET"]}}],"collection":[{"href":"https:\/\/dev.invicta.wp19.axome.cc\/fr\/wp-json\/wp\/v2\/product"}],"about":[{"href":"https:\/\/dev.invicta.wp19.axome.cc\/fr\/wp-json\/wp\/v2\/types\/product"}],"wp:featuredmedia":[{"embeddable":true,"href":"https:\/\/dev.invicta.wp19.axome.cc\/fr\/wp-json\/wp\/v2\/media\/68744"}],"wp:attachment":[{"href":"https:\/\/dev.invicta.wp19.axome.cc\/fr\/wp-json\/wp\/v2\/media?parent=68742"}],"wp:term":[{"taxonomy":"product_brand","embeddable":true,"href":"https:\/\/dev.invicta.wp19.axome.cc\/fr\/wp-json\/wp\/v2\/product_brand?post=68742"},{"taxonomy":"product_cat","embeddable":true,"href":"https:\/\/dev.invicta.wp19.axome.cc\/fr\/wp-json\/wp\/v2\/product_cat?post=68742"},{"taxonomy":"product_tag","embeddable":true,"href":"https:\/\/dev.invicta.wp19.axome.cc\/fr\/wp-json\/wp\/v2\/product_tag?post=68742"},{"taxonomy":"plus_produit","embeddable":true,"href":"https:\/\/dev.invicta.wp19.axome.cc\/fr\/wp-json\/wp\/v2\/plus_produit?post=68742"}],"curies":[{"name":"wp","href":"https:\/\/api.w.org\/{rel}","templated":true}]}}