{"id":68775,"date":"2025-11-26T08:34:17","date_gmt":"2025-11-26T07:34:17","guid":{"rendered":"https:\/\/dev.invicta.wp19.axome.cc\/produit\/foyer-a-bois-700-philos-avec-volet\/"},"modified":"2025-11-26T09:34:19","modified_gmt":"2025-11-26T08:34:19","slug":"foyer-700-philos-volet","status":"publish","type":"product","link":"https:\/\/dev.invicta.wp19.axome.cc\/fr\/produit\/foyer-700-philos-volet\/","title":{"rendered":"Foyer \u00e0 bois 700 Philos avec volet"},"content":{"rendered":"","protected":false},"excerpt":{"rendered":"<p>B\u00e9n\u00e9ficiez de belles performances \u00e9nerg\u00e9tiques et de nombreux avantages techniques avec ce foyer \u00e0 petit prix.<\/p>\n","protected":false},"featured_media":68776,"template":"","meta":{"_acf_changed":false},"product_brand":[],"product_cat":[2117,27,74],"product_tag":[57,7095,58,7096,59,7093,51,53,73,55,7094,65,6826],"plus_produit":[6930,6834,2146,1919,1983,129,130,140],"class_list":{"1":"product","4":"has-post-thumbnail","6":"product_cat-aide-au-choix","7":"product_cat-inserts-cheminees","8":"product_cat-foyers-a-bois-pour-cheminees-cheminees-inserts","9":"product_tag-flamme-verte","10":"product_tag-1-flamme-verte-7","11":"product_tag-eco-design-2022","12":"product_tag-2-eco-design-2022","13":"product_tag-a-ecolabel","14":"product_tag-flamme-verte-2","15":"product_tag-fonte-100","16":"product_tag-post-combustion","17":"product_tag-raccordable-2","18":"product_tag-raccordable","19":"product_tag-vitre-propre","20":"product_tag-garantie-2-ans","21":"product_tag-garantie-extension-3-ans","22":"pa_combustible-recommande-7946","23":"pa_consommation-053-a-222-kg-heure","24":"pa_depart-des-fumees-dessus","25":"pa_designer-non-utilise","26":"pa_diametre-de-buse-10327","27":"pa_indice-de-performance-5571","28":"pa_surface-de-chauffe-55-a-120-m","29":"pa_taux-de-co-0-1","30":"pa_volume-de-chauffe-135-300-m-2","31":"plus_produit-100-fonte","32":"plus_produit-extension-de-garantie-3-ans","33":"plus_produit-intermittent-et-combustion-prolongee-3-heures","34":"plus_produit-origine-france-garantie","35":"plus_produit-raccordable","36":"plus_produit-systeme-de-post-combustion","37":"plus_produit-vitre-propre","38":"plus_produit-volet-de-buse","40":"first","41":"instock","42":"purchasable","43":"product-type-simple"},"acf":[],"yoast_head":"<!-- This site is optimized with the Yoast SEO plugin v24.7 - https:\/\/yoast.com\/wordpress\/plugins\/seo\/ -->\n<title>Foyer \u00e0 bois 700 Philos avec volet - Invicta<\/title>\n<meta name=\"description\" content=\"B\u00e9n\u00e9ficiez de belles performances \u00e9nerg\u00e9tiques et de nombreux avantages techniques avec ce foyer \u00e0 petit prix.\" \/>\n<meta name=\"robots\" content=\"index, follow, max-snippet:-1, max-image-preview:large, max-video-preview:-1\" \/>\n<link rel=\"canonical\" href=\"https:\/\/dev.invicta.wp19.axome.cc\/fr\/produit\/foyer-700-philos-volet\/\" \/>\n<meta property=\"og:locale\" content=\"fr_FR\" \/>\n<meta property=\"og:type\" content=\"article\" \/>\n<meta property=\"og:title\" content=\"Foyer \u00e0 bois 700 Philos avec volet - Invicta\" \/>\n<meta property=\"og:description\" content=\"B\u00e9n\u00e9ficiez de belles performances \u00e9nerg\u00e9tiques et de nombreux avantages techniques avec ce foyer \u00e0 petit prix.\" \/>\n<meta property=\"og:url\" content=\"https:\/\/dev.invicta.wp19.axome.cc\/fr\/produit\/foyer-700-philos-volet\/\" \/>\n<meta property=\"og:site_name\" content=\"Invicta\" \/>\n<meta property=\"article:modified_time\" content=\"2025-11-26T08:34:19+00:00\" \/>\n<meta property=\"og:image\" content=\"https:\/\/dev.invicta.wp19.axome.cc\/wp-content\/uploads\/2025\/06\/C-P977102-PHILOS_700-e1628152139249.jpg\" \/>\n\t<meta property=\"og:image:width\" content=\"798\" \/>\n\t<meta property=\"og:image:height\" content=\"788\" \/>\n\t<meta property=\"og:image:type\" content=\"image\/jpeg\" \/>\n<meta name=\"twitter:card\" content=\"summary_large_image\" \/>\n<script type=\"application\/ld+json\" class=\"yoast-schema-graph\">{\"@context\":\"https:\/\/schema.org\",\"@graph\":[{\"@type\":\"WebPage\",\"@id\":\"https:\/\/dev.invicta.wp19.axome.cc\/fr\/produit\/foyer-700-philos-volet\/\",\"url\":\"https:\/\/dev.invicta.wp19.axome.cc\/fr\/produit\/foyer-700-philos-volet\/\",\"name\":\"Foyer \u00e0 bois 700 Philos avec volet - Invicta\",\"isPartOf\":{\"@id\":\"https:\/\/dev.invicta.wp19.axome.cc\/fr\/#website\"},\"primaryImageOfPage\":{\"@id\":\"https:\/\/dev.invicta.wp19.axome.cc\/fr\/produit\/foyer-700-philos-volet\/#primaryimage\"},\"image\":{\"@id\":\"https:\/\/dev.invicta.wp19.axome.cc\/fr\/produit\/foyer-700-philos-volet\/#primaryimage\"},\"thumbnailUrl\":\"https:\/\/dev.invicta.wp19.axome.cc\/wp-content\/uploads\/2025\/06\/C-P977102-PHILOS_700-e1628152139249.jpg\",\"datePublished\":\"2025-11-26T07:34:17+00:00\",\"dateModified\":\"2025-11-26T08:34:19+00:00\",\"description\":\"B\u00e9n\u00e9ficiez de belles performances \u00e9nerg\u00e9tiques et de nombreux avantages techniques avec ce foyer \u00e0 petit prix.\",\"breadcrumb\":{\"@id\":\"https:\/\/dev.invicta.wp19.axome.cc\/fr\/produit\/foyer-700-philos-volet\/#breadcrumb\"},\"inLanguage\":\"fr-FR\",\"potentialAction\":[{\"@type\":\"ReadAction\",\"target\":[\"https:\/\/dev.invicta.wp19.axome.cc\/fr\/produit\/foyer-700-philos-volet\/\"]}]},{\"@type\":\"ImageObject\",\"inLanguage\":\"fr-FR\",\"@id\":\"https:\/\/dev.invicta.wp19.axome.cc\/fr\/produit\/foyer-700-philos-volet\/#primaryimage\",\"url\":\"https:\/\/dev.invicta.wp19.axome.cc\/wp-content\/uploads\/2025\/06\/C-P977102-PHILOS_700-e1628152139249.jpg\",\"contentUrl\":\"https:\/\/dev.invicta.wp19.axome.cc\/wp-content\/uploads\/2025\/06\/C-P977102-PHILOS_700-e1628152139249.jpg\",\"width\":798,\"height\":788,\"caption\":\"Foyer \u00e0 bois 700 Philos avec volet\"},{\"@type\":\"BreadcrumbList\",\"@id\":\"https:\/\/dev.invicta.wp19.axome.cc\/fr\/produit\/foyer-700-philos-volet\/#breadcrumb\",\"itemListElement\":[{\"@type\":\"ListItem\",\"position\":1,\"name\":\"Accueil\",\"item\":\"https:\/\/dev.invicta.wp19.axome.cc\/fr\/\"},{\"@type\":\"ListItem\",\"position\":2,\"name\":\"Produits\",\"item\":\"https:\/\/dev.invicta.wp19.axome.cc\/fr\/shop\/\"},{\"@type\":\"ListItem\",\"position\":3,\"name\":\"Inserts Chemin\u00e9es\",\"item\":\"https:\/\/dev.invicta.wp19.axome.cc\/fr\/categorie-produit\/inserts-cheminees\/\"},{\"@type\":\"ListItem\",\"position\":4,\"name\":\"Foyers \u00e0 Bois - Chemin\u00e9es\",\"item\":\"https:\/\/dev.invicta.wp19.axome.cc\/fr\/categorie-produit\/inserts-cheminees\/foyers-a-bois-pour-cheminees-cheminees-inserts\/\"},{\"@type\":\"ListItem\",\"position\":5,\"name\":\"Foyer \u00e0 bois 700 Philos avec volet\"}]},{\"@type\":\"WebSite\",\"@id\":\"https:\/\/dev.invicta.wp19.axome.cc\/fr\/#website\",\"url\":\"https:\/\/dev.invicta.wp19.axome.cc\/fr\/\",\"name\":\"Invicta\",\"description\":\"Fabricant fran\u00e7ais, sp\u00e9cialiste europ\u00e9en du chauffage au bois : po\u00eales \u00e0 bois et \u00e0 granul\u00e9s, chemin\u00e9es, foyers et inserts\",\"publisher\":{\"@id\":\"https:\/\/dev.invicta.wp19.axome.cc\/fr\/#organization\"},\"potentialAction\":[{\"@type\":\"SearchAction\",\"target\":{\"@type\":\"EntryPoint\",\"urlTemplate\":\"https:\/\/dev.invicta.wp19.axome.cc\/fr\/?s={search_term_string}\"},\"query-input\":{\"@type\":\"PropertyValueSpecification\",\"valueRequired\":true,\"valueName\":\"search_term_string\"}}],\"inLanguage\":\"fr-FR\"},{\"@type\":\"Organization\",\"@id\":\"https:\/\/dev.invicta.wp19.axome.cc\/fr\/#organization\",\"name\":\"Invicta\",\"url\":\"https:\/\/dev.invicta.wp19.axome.cc\/fr\/\",\"logo\":{\"@type\":\"ImageObject\",\"inLanguage\":\"fr-FR\",\"@id\":\"https:\/\/dev.invicta.wp19.axome.cc\/fr\/#\/schema\/logo\/image\/\",\"url\":\"https:\/\/www.invicta.fr\/wp-content\/uploads\/2019\/06\/INVICTALOGO_RVB.png\",\"contentUrl\":\"https:\/\/www.invicta.fr\/wp-content\/uploads\/2019\/06\/INVICTALOGO_RVB.png\",\"width\":1810,\"height\":1280,\"caption\":\"Invicta\"},\"image\":{\"@id\":\"https:\/\/dev.invicta.wp19.axome.cc\/fr\/#\/schema\/logo\/image\/\"}}]}<\/script>\n<!-- \/ Yoast SEO plugin. -->","yoast_head_json":{"title":"Foyer \u00e0 bois 700 Philos avec volet - Invicta","description":"B\u00e9n\u00e9ficiez de belles performances \u00e9nerg\u00e9tiques et de nombreux avantages techniques avec ce foyer \u00e0 petit prix.","robots":{"index":"index","follow":"follow","max-snippet":"max-snippet:-1","max-image-preview":"max-image-preview:large","max-video-preview":"max-video-preview:-1"},"canonical":"https:\/\/dev.invicta.wp19.axome.cc\/fr\/produit\/foyer-700-philos-volet\/","og_locale":"fr_FR","og_type":"article","og_title":"Foyer \u00e0 bois 700 Philos avec volet - Invicta","og_description":"B\u00e9n\u00e9ficiez de belles performances \u00e9nerg\u00e9tiques et de nombreux avantages techniques avec ce foyer \u00e0 petit prix.","og_url":"https:\/\/dev.invicta.wp19.axome.cc\/fr\/produit\/foyer-700-philos-volet\/","og_site_name":"Invicta","article_modified_time":"2025-11-26T08:34:19+00:00","og_image":[{"width":798,"height":788,"url":"https:\/\/dev.invicta.wp19.axome.cc\/wp-content\/uploads\/2025\/06\/C-P977102-PHILOS_700-e1628152139249.jpg","type":"image\/jpeg"}],"twitter_card":"summary_large_image","schema":{"@context":"https:\/\/schema.org","@graph":[{"@type":"WebPage","@id":"https:\/\/dev.invicta.wp19.axome.cc\/fr\/produit\/foyer-700-philos-volet\/","url":"https:\/\/dev.invicta.wp19.axome.cc\/fr\/produit\/foyer-700-philos-volet\/","name":"Foyer \u00e0 bois 700 Philos avec volet - Invicta","isPartOf":{"@id":"https:\/\/dev.invicta.wp19.axome.cc\/fr\/#website"},"primaryImageOfPage":{"@id":"https:\/\/dev.invicta.wp19.axome.cc\/fr\/produit\/foyer-700-philos-volet\/#primaryimage"},"image":{"@id":"https:\/\/dev.invicta.wp19.axome.cc\/fr\/produit\/foyer-700-philos-volet\/#primaryimage"},"thumbnailUrl":"https:\/\/dev.invicta.wp19.axome.cc\/wp-content\/uploads\/2025\/06\/C-P977102-PHILOS_700-e1628152139249.jpg","datePublished":"2025-11-26T07:34:17+00:00","dateModified":"2025-11-26T08:34:19+00:00","description":"B\u00e9n\u00e9ficiez de belles performances \u00e9nerg\u00e9tiques et de nombreux avantages techniques avec ce foyer \u00e0 petit prix.","breadcrumb":{"@id":"https:\/\/dev.invicta.wp19.axome.cc\/fr\/produit\/foyer-700-philos-volet\/#breadcrumb"},"inLanguage":"fr-FR","potentialAction":[{"@type":"ReadAction","target":["https:\/\/dev.invicta.wp19.axome.cc\/fr\/produit\/foyer-700-philos-volet\/"]}]},{"@type":"ImageObject","inLanguage":"fr-FR","@id":"https:\/\/dev.invicta.wp19.axome.cc\/fr\/produit\/foyer-700-philos-volet\/#primaryimage","url":"https:\/\/dev.invicta.wp19.axome.cc\/wp-content\/uploads\/2025\/06\/C-P977102-PHILOS_700-e1628152139249.jpg","contentUrl":"https:\/\/dev.invicta.wp19.axome.cc\/wp-content\/uploads\/2025\/06\/C-P977102-PHILOS_700-e1628152139249.jpg","width":798,"height":788,"caption":"Foyer \u00e0 bois 700 Philos avec volet"},{"@type":"BreadcrumbList","@id":"https:\/\/dev.invicta.wp19.axome.cc\/fr\/produit\/foyer-700-philos-volet\/#breadcrumb","itemListElement":[{"@type":"ListItem","position":1,"name":"Accueil","item":"https:\/\/dev.invicta.wp19.axome.cc\/fr\/"},{"@type":"ListItem","position":2,"name":"Produits","item":"https:\/\/dev.invicta.wp19.axome.cc\/fr\/shop\/"},{"@type":"ListItem","position":3,"name":"Inserts Chemin\u00e9es","item":"https:\/\/dev.invicta.wp19.axome.cc\/fr\/categorie-produit\/inserts-cheminees\/"},{"@type":"ListItem","position":4,"name":"Foyers \u00e0 Bois - Chemin\u00e9es","item":"https:\/\/dev.invicta.wp19.axome.cc\/fr\/categorie-produit\/inserts-cheminees\/foyers-a-bois-pour-cheminees-cheminees-inserts\/"},{"@type":"ListItem","position":5,"name":"Foyer \u00e0 bois 700 Philos avec volet"}]},{"@type":"WebSite","@id":"https:\/\/dev.invicta.wp19.axome.cc\/fr\/#website","url":"https:\/\/dev.invicta.wp19.axome.cc\/fr\/","name":"Invicta","description":"Fabricant fran\u00e7ais, sp\u00e9cialiste europ\u00e9en du chauffage au bois : po\u00eales \u00e0 bois et \u00e0 granul\u00e9s, chemin\u00e9es, foyers et inserts","publisher":{"@id":"https:\/\/dev.invicta.wp19.axome.cc\/fr\/#organization"},"potentialAction":[{"@type":"SearchAction","target":{"@type":"EntryPoint","urlTemplate":"https:\/\/dev.invicta.wp19.axome.cc\/fr\/?s={search_term_string}"},"query-input":{"@type":"PropertyValueSpecification","valueRequired":true,"valueName":"search_term_string"}}],"inLanguage":"fr-FR"},{"@type":"Organization","@id":"https:\/\/dev.invicta.wp19.axome.cc\/fr\/#organization","name":"Invicta","url":"https:\/\/dev.invicta.wp19.axome.cc\/fr\/","logo":{"@type":"ImageObject","inLanguage":"fr-FR","@id":"https:\/\/dev.invicta.wp19.axome.cc\/fr\/#\/schema\/logo\/image\/","url":"https:\/\/www.invicta.fr\/wp-content\/uploads\/2019\/06\/INVICTALOGO_RVB.png","contentUrl":"https:\/\/www.invicta.fr\/wp-content\/uploads\/2019\/06\/INVICTALOGO_RVB.png","width":1810,"height":1280,"caption":"Invicta"},"image":{"@id":"https:\/\/dev.invicta.wp19.axome.cc\/fr\/#\/schema\/logo\/image\/"}}]}},"_links":{"self":[{"href":"https:\/\/dev.invicta.wp19.axome.cc\/fr\/wp-json\/wp\/v2\/product\/68775","targetHints":{"allow":["GET"]}}],"collection":[{"href":"https:\/\/dev.invicta.wp19.axome.cc\/fr\/wp-json\/wp\/v2\/product"}],"about":[{"href":"https:\/\/dev.invicta.wp19.axome.cc\/fr\/wp-json\/wp\/v2\/types\/product"}],"wp:featuredmedia":[{"embeddable":true,"href":"https:\/\/dev.invicta.wp19.axome.cc\/fr\/wp-json\/wp\/v2\/media\/68776"}],"wp:attachment":[{"href":"https:\/\/dev.invicta.wp19.axome.cc\/fr\/wp-json\/wp\/v2\/media?parent=68775"}],"wp:term":[{"taxonomy":"product_brand","embeddable":true,"href":"https:\/\/dev.invicta.wp19.axome.cc\/fr\/wp-json\/wp\/v2\/product_brand?post=68775"},{"taxonomy":"product_cat","embeddable":true,"href":"https:\/\/dev.invicta.wp19.axome.cc\/fr\/wp-json\/wp\/v2\/product_cat?post=68775"},{"taxonomy":"product_tag","embeddable":true,"href":"https:\/\/dev.invicta.wp19.axome.cc\/fr\/wp-json\/wp\/v2\/product_tag?post=68775"},{"taxonomy":"plus_produit","embeddable":true,"href":"https:\/\/dev.invicta.wp19.axome.cc\/fr\/wp-json\/wp\/v2\/plus_produit?post=68775"}],"curies":[{"name":"wp","href":"https:\/\/api.w.org\/{rel}","templated":true}]}}