{"id":68821,"date":"2025-11-26T08:14:28","date_gmt":"2025-11-26T07:14:28","guid":{"rendered":"https:\/\/dev.invicta.wp19.axome.cc\/produit\/poele-a-granules-etanche-nola-8-noir-poele-a-pellets\/"},"modified":"2025-11-26T09:14:30","modified_gmt":"2025-11-26T08:14:30","slug":"poele-a-granules-etanche-nola-8-noir-poele-a-pellets","status":"publish","type":"product","link":"https:\/\/dev.invicta.wp19.axome.cc\/fr\/produit\/poele-a-granules-etanche-nola-8-noir-poele-a-pellets\/","title":{"rendered":"Po\u00eale \u00e0 Granul\u00e9s Etanche Nola 8 noir &#8211; Po\u00eale \u00e0 Pellets"},"content":{"rendered":"","protected":false},"excerpt":{"rendered":"<p>Id\u00e9al pour les maisons neuves ou bien isol\u00e9es, le po\u00eale \u00e0 granul\u00e9s Nola 8 \u00e9tanche diffuse une chaleur douce et r\u00e9gul\u00e9e. Avec sa finition blanche, il allie design, modernit\u00e9 et performances \u00e9lev\u00e9es.<\/p>\n","protected":false},"featured_media":68822,"template":"","meta":{"_acf_changed":false},"product_brand":[],"product_cat":[2117,26,48,5859,5907,5857,5837,5885,5856,5871,5883,5863],"product_tag":[64,5592,5606,65,6825],"plus_produit":[144,137,1933,6835,1932,2132,5365,1925,1968,1921,2137],"class_list":{"1":"product","4":"has-post-thumbnail","6":"product_cat-aide-au-choix","7":"product_cat-poeles-granules","8":"product_cat-poeles-a-granules-etanches-pellets","9":"product_cat-poeles-a-granules-8-kw","10":"product_cat-poeles-a-granules-etanches-8-kw","11":"product_cat-poeles-a-granules-autonomes","12":"product_cat-poeles-a-granules-programmables","13":"product_cat-poeles-a-granules-contemporains","14":"product_cat-poeles-a-granules-modernes","15":"product_cat-poeles-a-granules-blancs","16":"product_cat-poeles-a-granules-sortie-murale","17":"product_cat-poeles-a-granules-sortie-ventouse","18":"product_tag-a-ecolabel-2","19":"product_tag-wifi-option-c02270","20":"product_tag-zone-3-ventouse","21":"product_tag-garantie-2-ans","22":"product_tag-garantie-extension-1-an","23":"pa_autonomie-maximum-18-h","24":"pa_autonomie-minimum-8-5-heures","25":"pa_capacite-de-la-tremie-16-5-kg","26":"pa_consommation-0-9-1-93","27":"pa_depart-des-fumees-arriere","28":"pa_designer-non-utilise","29":"pa_diametre-de-buse-10228","30":"pa_indice-de-performance-5574","31":"pa_modulation-de-puissance-4-a-8-kw","32":"pa_surface-de-chauffe-25-100","33":"pa_volume-de-chauffe-75-a-240-m","34":"plus_produit-appareil-etanche-compatible-rt2012","35":"plus_produit-diffusion-dair-chaud-par-ventilateur-tangenciel","36":"plus_produit-document-technique-dapplication-n14-2-15-2130_v8","37":"plus_produit-extension-de-garantie-1-an","38":"plus_produit-installation-possible-en-facade-zone-3-ventouse","39":"plus_produit-kit-de-controle-de-la-combustion-kcc-2","40":"plus_produit-kit-wifi-en-option","41":"plus_produit-possibilite-de-pilotage-par-thermostat-externe-non-fourni","42":"plus_produit-programmation","43":"plus_produit-regulation-de-lallure-ou-de-la-temperature-ambiante","44":"plus_produit-stand-by-veille","46":"first","47":"instock","48":"purchasable","49":"product-type-simple"},"acf":[],"yoast_head":"<!-- This site is optimized with the Yoast SEO plugin v24.7 - https:\/\/yoast.com\/wordpress\/plugins\/seo\/ -->\n<title>Po\u00eale \u00e0 Granul\u00e9s Etanche Nola 8 noir - Po\u00eale \u00e0 Pellets - Invicta<\/title>\n<meta name=\"description\" content=\"Id\u00e9al pour les maisons neuves ou bien isol\u00e9es, le po\u00eale \u00e0 granul\u00e9s Nola 8 \u00e9tanche diffuse une chaleur douce et r\u00e9gul\u00e9e. Avec sa finition blanche, il allie design, modernit\u00e9 et performances \u00e9lev\u00e9es.\" \/>\n<meta name=\"robots\" content=\"index, follow, max-snippet:-1, max-image-preview:large, max-video-preview:-1\" \/>\n<link rel=\"canonical\" href=\"https:\/\/dev.invicta.wp19.axome.cc\/fr\/produit\/poele-a-granules-etanche-nola-8-noir-poele-a-pellets\/\" \/>\n<meta property=\"og:locale\" content=\"fr_FR\" \/>\n<meta property=\"og:type\" content=\"article\" \/>\n<meta property=\"og:title\" content=\"Po\u00eale \u00e0 Granul\u00e9s Etanche Nola 8 noir - Po\u00eale \u00e0 Pellets - Invicta\" \/>\n<meta property=\"og:description\" content=\"Id\u00e9al pour les maisons neuves ou bien isol\u00e9es, le po\u00eale \u00e0 granul\u00e9s Nola 8 \u00e9tanche diffuse une chaleur douce et r\u00e9gul\u00e9e. Avec sa finition blanche, il allie design, modernit\u00e9 et performances \u00e9lev\u00e9es.\" \/>\n<meta property=\"og:url\" content=\"https:\/\/dev.invicta.wp19.axome.cc\/fr\/produit\/poele-a-granules-etanche-nola-8-noir-poele-a-pellets\/\" \/>\n<meta property=\"og:site_name\" content=\"Invicta\" \/>\n<meta property=\"article:modified_time\" content=\"2025-11-26T08:14:30+00:00\" \/>\n<meta property=\"og:image\" content=\"https:\/\/dev.invicta.wp19.axome.cc\/wp-content\/uploads\/2025\/06\/Nola_8_noir.jpg\" \/>\n\t<meta property=\"og:image:width\" content=\"473\" \/>\n\t<meta property=\"og:image:height\" content=\"1000\" \/>\n\t<meta property=\"og:image:type\" content=\"image\/jpeg\" \/>\n<meta name=\"twitter:card\" content=\"summary_large_image\" \/>\n<script type=\"application\/ld+json\" class=\"yoast-schema-graph\">{\"@context\":\"https:\/\/schema.org\",\"@graph\":[{\"@type\":\"WebPage\",\"@id\":\"https:\/\/dev.invicta.wp19.axome.cc\/fr\/produit\/poele-a-granules-etanche-nola-8-noir-poele-a-pellets\/\",\"url\":\"https:\/\/dev.invicta.wp19.axome.cc\/fr\/produit\/poele-a-granules-etanche-nola-8-noir-poele-a-pellets\/\",\"name\":\"Po\u00eale \u00e0 Granul\u00e9s Etanche Nola 8 noir - Po\u00eale \u00e0 Pellets - Invicta\",\"isPartOf\":{\"@id\":\"https:\/\/dev.invicta.wp19.axome.cc\/fr\/#website\"},\"primaryImageOfPage\":{\"@id\":\"https:\/\/dev.invicta.wp19.axome.cc\/fr\/produit\/poele-a-granules-etanche-nola-8-noir-poele-a-pellets\/#primaryimage\"},\"image\":{\"@id\":\"https:\/\/dev.invicta.wp19.axome.cc\/fr\/produit\/poele-a-granules-etanche-nola-8-noir-poele-a-pellets\/#primaryimage\"},\"thumbnailUrl\":\"https:\/\/dev.invicta.wp19.axome.cc\/wp-content\/uploads\/2025\/06\/Nola_8_noir.jpg\",\"datePublished\":\"2025-11-26T07:14:28+00:00\",\"dateModified\":\"2025-11-26T08:14:30+00:00\",\"description\":\"Id\u00e9al pour les maisons neuves ou bien isol\u00e9es, le po\u00eale \u00e0 granul\u00e9s Nola 8 \u00e9tanche diffuse une chaleur douce et r\u00e9gul\u00e9e. Avec sa finition blanche, il allie design, modernit\u00e9 et performances \u00e9lev\u00e9es.\",\"breadcrumb\":{\"@id\":\"https:\/\/dev.invicta.wp19.axome.cc\/fr\/produit\/poele-a-granules-etanche-nola-8-noir-poele-a-pellets\/#breadcrumb\"},\"inLanguage\":\"fr-FR\",\"potentialAction\":[{\"@type\":\"ReadAction\",\"target\":[\"https:\/\/dev.invicta.wp19.axome.cc\/fr\/produit\/poele-a-granules-etanche-nola-8-noir-poele-a-pellets\/\"]}]},{\"@type\":\"ImageObject\",\"inLanguage\":\"fr-FR\",\"@id\":\"https:\/\/dev.invicta.wp19.axome.cc\/fr\/produit\/poele-a-granules-etanche-nola-8-noir-poele-a-pellets\/#primaryimage\",\"url\":\"https:\/\/dev.invicta.wp19.axome.cc\/wp-content\/uploads\/2025\/06\/Nola_8_noir.jpg\",\"contentUrl\":\"https:\/\/dev.invicta.wp19.axome.cc\/wp-content\/uploads\/2025\/06\/Nola_8_noir.jpg\",\"width\":473,\"height\":1000,\"caption\":\"Po\u00eale \u00e0 Granul\u00e9s Etanche Nola 8 noir - Po\u00eale \u00e0 Pellets\"},{\"@type\":\"BreadcrumbList\",\"@id\":\"https:\/\/dev.invicta.wp19.axome.cc\/fr\/produit\/poele-a-granules-etanche-nola-8-noir-poele-a-pellets\/#breadcrumb\",\"itemListElement\":[{\"@type\":\"ListItem\",\"position\":1,\"name\":\"Accueil\",\"item\":\"https:\/\/dev.invicta.wp19.axome.cc\/fr\/\"},{\"@type\":\"ListItem\",\"position\":2,\"name\":\"Produits\",\"item\":\"https:\/\/dev.invicta.wp19.axome.cc\/fr\/shop\/\"},{\"@type\":\"ListItem\",\"position\":3,\"name\":\"Po\u00eales \u00e0 Granul\u00e9s\",\"item\":\"https:\/\/dev.invicta.wp19.axome.cc\/fr\/categorie-produit\/poeles-granules\/\"},{\"@type\":\"ListItem\",\"position\":4,\"name\":\"Po\u00eales \u00e0 Granul\u00e9s \u00c9tanches\",\"item\":\"https:\/\/dev.invicta.wp19.axome.cc\/fr\/categorie-produit\/poeles-granules\/poeles-a-granules-etanches-pellets\/\"},{\"@type\":\"ListItem\",\"position\":5,\"name\":\"Po\u00eale \u00e0 Granul\u00e9s Etanche Nola 8 noir &#8211; Po\u00eale \u00e0 Pellets\"}]},{\"@type\":\"WebSite\",\"@id\":\"https:\/\/dev.invicta.wp19.axome.cc\/fr\/#website\",\"url\":\"https:\/\/dev.invicta.wp19.axome.cc\/fr\/\",\"name\":\"Invicta\",\"description\":\"Fabricant fran\u00e7ais, sp\u00e9cialiste europ\u00e9en du chauffage au bois : po\u00eales \u00e0 bois et \u00e0 granul\u00e9s, chemin\u00e9es, foyers et inserts\",\"publisher\":{\"@id\":\"https:\/\/dev.invicta.wp19.axome.cc\/fr\/#organization\"},\"potentialAction\":[{\"@type\":\"SearchAction\",\"target\":{\"@type\":\"EntryPoint\",\"urlTemplate\":\"https:\/\/dev.invicta.wp19.axome.cc\/fr\/?s={search_term_string}\"},\"query-input\":{\"@type\":\"PropertyValueSpecification\",\"valueRequired\":true,\"valueName\":\"search_term_string\"}}],\"inLanguage\":\"fr-FR\"},{\"@type\":\"Organization\",\"@id\":\"https:\/\/dev.invicta.wp19.axome.cc\/fr\/#organization\",\"name\":\"Invicta\",\"url\":\"https:\/\/dev.invicta.wp19.axome.cc\/fr\/\",\"logo\":{\"@type\":\"ImageObject\",\"inLanguage\":\"fr-FR\",\"@id\":\"https:\/\/dev.invicta.wp19.axome.cc\/fr\/#\/schema\/logo\/image\/\",\"url\":\"https:\/\/www.invicta.fr\/wp-content\/uploads\/2019\/06\/INVICTALOGO_RVB.png\",\"contentUrl\":\"https:\/\/www.invicta.fr\/wp-content\/uploads\/2019\/06\/INVICTALOGO_RVB.png\",\"width\":1810,\"height\":1280,\"caption\":\"Invicta\"},\"image\":{\"@id\":\"https:\/\/dev.invicta.wp19.axome.cc\/fr\/#\/schema\/logo\/image\/\"}}]}<\/script>\n<!-- \/ Yoast SEO plugin. -->","yoast_head_json":{"title":"Po\u00eale \u00e0 Granul\u00e9s Etanche Nola 8 noir - Po\u00eale \u00e0 Pellets - Invicta","description":"Id\u00e9al pour les maisons neuves ou bien isol\u00e9es, le po\u00eale \u00e0 granul\u00e9s Nola 8 \u00e9tanche diffuse une chaleur douce et r\u00e9gul\u00e9e. Avec sa finition blanche, il allie design, modernit\u00e9 et performances \u00e9lev\u00e9es.","robots":{"index":"index","follow":"follow","max-snippet":"max-snippet:-1","max-image-preview":"max-image-preview:large","max-video-preview":"max-video-preview:-1"},"canonical":"https:\/\/dev.invicta.wp19.axome.cc\/fr\/produit\/poele-a-granules-etanche-nola-8-noir-poele-a-pellets\/","og_locale":"fr_FR","og_type":"article","og_title":"Po\u00eale \u00e0 Granul\u00e9s Etanche Nola 8 noir - Po\u00eale \u00e0 Pellets - Invicta","og_description":"Id\u00e9al pour les maisons neuves ou bien isol\u00e9es, le po\u00eale \u00e0 granul\u00e9s Nola 8 \u00e9tanche diffuse une chaleur douce et r\u00e9gul\u00e9e. Avec sa finition blanche, il allie design, modernit\u00e9 et performances \u00e9lev\u00e9es.","og_url":"https:\/\/dev.invicta.wp19.axome.cc\/fr\/produit\/poele-a-granules-etanche-nola-8-noir-poele-a-pellets\/","og_site_name":"Invicta","article_modified_time":"2025-11-26T08:14:30+00:00","og_image":[{"width":473,"height":1000,"url":"https:\/\/dev.invicta.wp19.axome.cc\/wp-content\/uploads\/2025\/06\/Nola_8_noir.jpg","type":"image\/jpeg"}],"twitter_card":"summary_large_image","schema":{"@context":"https:\/\/schema.org","@graph":[{"@type":"WebPage","@id":"https:\/\/dev.invicta.wp19.axome.cc\/fr\/produit\/poele-a-granules-etanche-nola-8-noir-poele-a-pellets\/","url":"https:\/\/dev.invicta.wp19.axome.cc\/fr\/produit\/poele-a-granules-etanche-nola-8-noir-poele-a-pellets\/","name":"Po\u00eale \u00e0 Granul\u00e9s Etanche Nola 8 noir - Po\u00eale \u00e0 Pellets - Invicta","isPartOf":{"@id":"https:\/\/dev.invicta.wp19.axome.cc\/fr\/#website"},"primaryImageOfPage":{"@id":"https:\/\/dev.invicta.wp19.axome.cc\/fr\/produit\/poele-a-granules-etanche-nola-8-noir-poele-a-pellets\/#primaryimage"},"image":{"@id":"https:\/\/dev.invicta.wp19.axome.cc\/fr\/produit\/poele-a-granules-etanche-nola-8-noir-poele-a-pellets\/#primaryimage"},"thumbnailUrl":"https:\/\/dev.invicta.wp19.axome.cc\/wp-content\/uploads\/2025\/06\/Nola_8_noir.jpg","datePublished":"2025-11-26T07:14:28+00:00","dateModified":"2025-11-26T08:14:30+00:00","description":"Id\u00e9al pour les maisons neuves ou bien isol\u00e9es, le po\u00eale \u00e0 granul\u00e9s Nola 8 \u00e9tanche diffuse une chaleur douce et r\u00e9gul\u00e9e. Avec sa finition blanche, il allie design, modernit\u00e9 et performances \u00e9lev\u00e9es.","breadcrumb":{"@id":"https:\/\/dev.invicta.wp19.axome.cc\/fr\/produit\/poele-a-granules-etanche-nola-8-noir-poele-a-pellets\/#breadcrumb"},"inLanguage":"fr-FR","potentialAction":[{"@type":"ReadAction","target":["https:\/\/dev.invicta.wp19.axome.cc\/fr\/produit\/poele-a-granules-etanche-nola-8-noir-poele-a-pellets\/"]}]},{"@type":"ImageObject","inLanguage":"fr-FR","@id":"https:\/\/dev.invicta.wp19.axome.cc\/fr\/produit\/poele-a-granules-etanche-nola-8-noir-poele-a-pellets\/#primaryimage","url":"https:\/\/dev.invicta.wp19.axome.cc\/wp-content\/uploads\/2025\/06\/Nola_8_noir.jpg","contentUrl":"https:\/\/dev.invicta.wp19.axome.cc\/wp-content\/uploads\/2025\/06\/Nola_8_noir.jpg","width":473,"height":1000,"caption":"Po\u00eale \u00e0 Granul\u00e9s Etanche Nola 8 noir - Po\u00eale \u00e0 Pellets"},{"@type":"BreadcrumbList","@id":"https:\/\/dev.invicta.wp19.axome.cc\/fr\/produit\/poele-a-granules-etanche-nola-8-noir-poele-a-pellets\/#breadcrumb","itemListElement":[{"@type":"ListItem","position":1,"name":"Accueil","item":"https:\/\/dev.invicta.wp19.axome.cc\/fr\/"},{"@type":"ListItem","position":2,"name":"Produits","item":"https:\/\/dev.invicta.wp19.axome.cc\/fr\/shop\/"},{"@type":"ListItem","position":3,"name":"Po\u00eales \u00e0 Granul\u00e9s","item":"https:\/\/dev.invicta.wp19.axome.cc\/fr\/categorie-produit\/poeles-granules\/"},{"@type":"ListItem","position":4,"name":"Po\u00eales \u00e0 Granul\u00e9s \u00c9tanches","item":"https:\/\/dev.invicta.wp19.axome.cc\/fr\/categorie-produit\/poeles-granules\/poeles-a-granules-etanches-pellets\/"},{"@type":"ListItem","position":5,"name":"Po\u00eale \u00e0 Granul\u00e9s Etanche Nola 8 noir &#8211; Po\u00eale \u00e0 Pellets"}]},{"@type":"WebSite","@id":"https:\/\/dev.invicta.wp19.axome.cc\/fr\/#website","url":"https:\/\/dev.invicta.wp19.axome.cc\/fr\/","name":"Invicta","description":"Fabricant fran\u00e7ais, sp\u00e9cialiste europ\u00e9en du chauffage au bois : po\u00eales \u00e0 bois et \u00e0 granul\u00e9s, chemin\u00e9es, foyers et inserts","publisher":{"@id":"https:\/\/dev.invicta.wp19.axome.cc\/fr\/#organization"},"potentialAction":[{"@type":"SearchAction","target":{"@type":"EntryPoint","urlTemplate":"https:\/\/dev.invicta.wp19.axome.cc\/fr\/?s={search_term_string}"},"query-input":{"@type":"PropertyValueSpecification","valueRequired":true,"valueName":"search_term_string"}}],"inLanguage":"fr-FR"},{"@type":"Organization","@id":"https:\/\/dev.invicta.wp19.axome.cc\/fr\/#organization","name":"Invicta","url":"https:\/\/dev.invicta.wp19.axome.cc\/fr\/","logo":{"@type":"ImageObject","inLanguage":"fr-FR","@id":"https:\/\/dev.invicta.wp19.axome.cc\/fr\/#\/schema\/logo\/image\/","url":"https:\/\/www.invicta.fr\/wp-content\/uploads\/2019\/06\/INVICTALOGO_RVB.png","contentUrl":"https:\/\/www.invicta.fr\/wp-content\/uploads\/2019\/06\/INVICTALOGO_RVB.png","width":1810,"height":1280,"caption":"Invicta"},"image":{"@id":"https:\/\/dev.invicta.wp19.axome.cc\/fr\/#\/schema\/logo\/image\/"}}]}},"_links":{"self":[{"href":"https:\/\/dev.invicta.wp19.axome.cc\/fr\/wp-json\/wp\/v2\/product\/68821","targetHints":{"allow":["GET"]}}],"collection":[{"href":"https:\/\/dev.invicta.wp19.axome.cc\/fr\/wp-json\/wp\/v2\/product"}],"about":[{"href":"https:\/\/dev.invicta.wp19.axome.cc\/fr\/wp-json\/wp\/v2\/types\/product"}],"wp:featuredmedia":[{"embeddable":true,"href":"https:\/\/dev.invicta.wp19.axome.cc\/fr\/wp-json\/wp\/v2\/media\/68822"}],"wp:attachment":[{"href":"https:\/\/dev.invicta.wp19.axome.cc\/fr\/wp-json\/wp\/v2\/media?parent=68821"}],"wp:term":[{"taxonomy":"product_brand","embeddable":true,"href":"https:\/\/dev.invicta.wp19.axome.cc\/fr\/wp-json\/wp\/v2\/product_brand?post=68821"},{"taxonomy":"product_cat","embeddable":true,"href":"https:\/\/dev.invicta.wp19.axome.cc\/fr\/wp-json\/wp\/v2\/product_cat?post=68821"},{"taxonomy":"product_tag","embeddable":true,"href":"https:\/\/dev.invicta.wp19.axome.cc\/fr\/wp-json\/wp\/v2\/product_tag?post=68821"},{"taxonomy":"plus_produit","embeddable":true,"href":"https:\/\/dev.invicta.wp19.axome.cc\/fr\/wp-json\/wp\/v2\/plus_produit?post=68821"}],"curies":[{"name":"wp","href":"https:\/\/api.w.org\/{rel}","templated":true}]}}