{"id":68841,"date":"2025-11-26T08:33:52","date_gmt":"2025-11-26T07:33:52","guid":{"rendered":"https:\/\/dev.invicta.wp19.axome.cc\/produit\/insert-a-bois-700-austral-convection-naturelle\/"},"modified":"2025-11-26T09:33:55","modified_gmt":"2025-11-26T08:33:55","slug":"insert-a-bois-700-austral-convection-naturelle","status":"publish","type":"product","link":"https:\/\/dev.invicta.wp19.axome.cc\/fr\/produit\/insert-a-bois-700-austral-convection-naturelle\/","title":{"rendered":"Insert \u00e0 Bois 700 Austral Convection Naturelle"},"content":{"rendered":"","protected":false},"excerpt":{"rendered":"<p>Ce mod\u00e8le vous propose de transformer votre chemin\u00e9e en solution de chauffage efficace et performante. Une atmosph\u00e8re chaleureuse se cr\u00e9e dans votre habitat. Le tout en silence gr\u00e2ce \u00e0 son fonctionnement par convection naturelle.<\/p>\n","protected":false},"featured_media":68842,"template":"","meta":{"_acf_changed":false},"product_brand":[],"product_cat":[2117,27,81,5888],"product_tag":[58,7096,59,6959,53,73,55,7094,65,6826],"plus_produit":[6834,7356,2146,2150,1919,1983,6869,7447,129,130],"class_list":{"1":"product","4":"has-post-thumbnail","6":"product_cat-aide-au-choix","7":"product_cat-inserts-cheminees","8":"product_cat-inserts-a-bois-pour-cheminees","9":"product_cat-inserts-bois-encastrables","10":"product_tag-eco-design-2022","11":"product_tag-2-eco-design-2022","12":"product_tag-a-ecolabel","13":"product_tag-nouveaute","14":"product_tag-post-combustion","15":"product_tag-raccordable-2","16":"product_tag-raccordable","17":"product_tag-vitre-propre","18":"product_tag-garantie-2-ans","19":"product_tag-garantie-extension-3-ans","20":"pa_combustible-recommande-10259","21":"pa_consommation-053-a-222-kg-heure","22":"pa_depart-des-fumees-dessus","23":"pa_designer-non-utilise","24":"pa_diametre-de-buse-10217","25":"pa_indice-de-performance-5571","26":"pa_surface-de-chauffe-40-a-100-m","27":"pa_taux-de-co-0-12","28":"pa_volume-de-chauffe-105-240-m-2","29":"plus_produit-extension-de-garantie-3-ans","30":"plus_produit-fonte-carenage-acier","31":"plus_produit-intermittent-et-combustion-prolongee-3-heures","32":"plus_produit-manchettes-en-option","33":"plus_produit-origine-france-garantie","34":"plus_produit-raccordable","35":"plus_produit-raccordable-avec-buse-orientable","36":"plus_produit-reserve-aux-pros","37":"plus_produit-systeme-de-post-combustion","38":"plus_produit-vitre-propre","40":"first","41":"instock","42":"purchasable","43":"product-type-simple"},"acf":[],"yoast_head":"<!-- This site is optimized with the Yoast SEO plugin v24.7 - https:\/\/yoast.com\/wordpress\/plugins\/seo\/ -->\n<title>Insert \u00e0 Bois 700 Austral Convection Naturelle - Invicta<\/title>\n<meta name=\"description\" content=\"Ce mod\u00e8le vous propose de transformer votre chemin\u00e9e en solution de chauffage efficace et performante. Une atmosph\u00e8re chaleureuse se cr\u00e9e dans votre habitat. Le tout en silence gr\u00e2ce \u00e0 son fonctionnement par convection naturelle.\" \/>\n<meta name=\"robots\" content=\"index, follow, max-snippet:-1, max-image-preview:large, max-video-preview:-1\" \/>\n<link rel=\"canonical\" href=\"https:\/\/dev.invicta.wp19.axome.cc\/fr\/produit\/insert-a-bois-700-austral-convection-naturelle\/\" \/>\n<meta property=\"og:locale\" content=\"fr_FR\" \/>\n<meta property=\"og:type\" content=\"article\" \/>\n<meta property=\"og:title\" content=\"Insert \u00e0 Bois 700 Austral Convection Naturelle - Invicta\" \/>\n<meta property=\"og:description\" content=\"Ce mod\u00e8le vous propose de transformer votre chemin\u00e9e en solution de chauffage efficace et performante. Une atmosph\u00e8re chaleureuse se cr\u00e9e dans votre habitat. Le tout en silence gr\u00e2ce \u00e0 son fonctionnement par convection naturelle.\" \/>\n<meta property=\"og:url\" content=\"https:\/\/dev.invicta.wp19.axome.cc\/fr\/produit\/insert-a-bois-700-austral-convection-naturelle\/\" \/>\n<meta property=\"og:site_name\" content=\"Invicta\" \/>\n<meta property=\"article:modified_time\" content=\"2025-11-26T08:33:55+00:00\" \/>\n<meta property=\"og:image\" content=\"https:\/\/dev.invicta.wp19.axome.cc\/wp-content\/uploads\/2025\/06\/C_P967009-10_AUSTRAL_web.jpg\" \/>\n\t<meta property=\"og:image:width\" content=\"800\" \/>\n\t<meta property=\"og:image:height\" content=\"800\" \/>\n\t<meta property=\"og:image:type\" content=\"image\/jpeg\" \/>\n<meta name=\"twitter:card\" content=\"summary_large_image\" \/>\n<script type=\"application\/ld+json\" class=\"yoast-schema-graph\">{\"@context\":\"https:\/\/schema.org\",\"@graph\":[{\"@type\":\"WebPage\",\"@id\":\"https:\/\/dev.invicta.wp19.axome.cc\/fr\/produit\/insert-a-bois-700-austral-convection-naturelle\/\",\"url\":\"https:\/\/dev.invicta.wp19.axome.cc\/fr\/produit\/insert-a-bois-700-austral-convection-naturelle\/\",\"name\":\"Insert \u00e0 Bois 700 Austral Convection Naturelle - Invicta\",\"isPartOf\":{\"@id\":\"https:\/\/dev.invicta.wp19.axome.cc\/fr\/#website\"},\"primaryImageOfPage\":{\"@id\":\"https:\/\/dev.invicta.wp19.axome.cc\/fr\/produit\/insert-a-bois-700-austral-convection-naturelle\/#primaryimage\"},\"image\":{\"@id\":\"https:\/\/dev.invicta.wp19.axome.cc\/fr\/produit\/insert-a-bois-700-austral-convection-naturelle\/#primaryimage\"},\"thumbnailUrl\":\"https:\/\/dev.invicta.wp19.axome.cc\/wp-content\/uploads\/2025\/06\/C_P967009-10_AUSTRAL_web.jpg\",\"datePublished\":\"2025-11-26T07:33:52+00:00\",\"dateModified\":\"2025-11-26T08:33:55+00:00\",\"description\":\"Ce mod\u00e8le vous propose de transformer votre chemin\u00e9e en solution de chauffage efficace et performante. Une atmosph\u00e8re chaleureuse se cr\u00e9e dans votre habitat. Le tout en silence gr\u00e2ce \u00e0 son fonctionnement par convection naturelle.\",\"breadcrumb\":{\"@id\":\"https:\/\/dev.invicta.wp19.axome.cc\/fr\/produit\/insert-a-bois-700-austral-convection-naturelle\/#breadcrumb\"},\"inLanguage\":\"fr-FR\",\"potentialAction\":[{\"@type\":\"ReadAction\",\"target\":[\"https:\/\/dev.invicta.wp19.axome.cc\/fr\/produit\/insert-a-bois-700-austral-convection-naturelle\/\"]}]},{\"@type\":\"ImageObject\",\"inLanguage\":\"fr-FR\",\"@id\":\"https:\/\/dev.invicta.wp19.axome.cc\/fr\/produit\/insert-a-bois-700-austral-convection-naturelle\/#primaryimage\",\"url\":\"https:\/\/dev.invicta.wp19.axome.cc\/wp-content\/uploads\/2025\/06\/C_P967009-10_AUSTRAL_web.jpg\",\"contentUrl\":\"https:\/\/dev.invicta.wp19.axome.cc\/wp-content\/uploads\/2025\/06\/C_P967009-10_AUSTRAL_web.jpg\",\"width\":800,\"height\":800,\"caption\":\"Insert \u00e0 Bois 700 Austral Convection Naturelle\"},{\"@type\":\"BreadcrumbList\",\"@id\":\"https:\/\/dev.invicta.wp19.axome.cc\/fr\/produit\/insert-a-bois-700-austral-convection-naturelle\/#breadcrumb\",\"itemListElement\":[{\"@type\":\"ListItem\",\"position\":1,\"name\":\"Accueil\",\"item\":\"https:\/\/dev.invicta.wp19.axome.cc\/fr\/\"},{\"@type\":\"ListItem\",\"position\":2,\"name\":\"Produits\",\"item\":\"https:\/\/dev.invicta.wp19.axome.cc\/fr\/shop\/\"},{\"@type\":\"ListItem\",\"position\":3,\"name\":\"Inserts Chemin\u00e9es\",\"item\":\"https:\/\/dev.invicta.wp19.axome.cc\/fr\/categorie-produit\/inserts-cheminees\/\"},{\"@type\":\"ListItem\",\"position\":4,\"name\":\"Inserts \u00e0 Bois - Chemin\u00e9es\",\"item\":\"https:\/\/dev.invicta.wp19.axome.cc\/fr\/categorie-produit\/inserts-cheminees\/inserts-a-bois-pour-cheminees\/\"},{\"@type\":\"ListItem\",\"position\":5,\"name\":\"Insert \u00e0 Bois 700 Austral Convection Naturelle\"}]},{\"@type\":\"WebSite\",\"@id\":\"https:\/\/dev.invicta.wp19.axome.cc\/fr\/#website\",\"url\":\"https:\/\/dev.invicta.wp19.axome.cc\/fr\/\",\"name\":\"Invicta\",\"description\":\"Fabricant fran\u00e7ais, sp\u00e9cialiste europ\u00e9en du chauffage au bois : po\u00eales \u00e0 bois et \u00e0 granul\u00e9s, chemin\u00e9es, foyers et inserts\",\"publisher\":{\"@id\":\"https:\/\/dev.invicta.wp19.axome.cc\/fr\/#organization\"},\"potentialAction\":[{\"@type\":\"SearchAction\",\"target\":{\"@type\":\"EntryPoint\",\"urlTemplate\":\"https:\/\/dev.invicta.wp19.axome.cc\/fr\/?s={search_term_string}\"},\"query-input\":{\"@type\":\"PropertyValueSpecification\",\"valueRequired\":true,\"valueName\":\"search_term_string\"}}],\"inLanguage\":\"fr-FR\"},{\"@type\":\"Organization\",\"@id\":\"https:\/\/dev.invicta.wp19.axome.cc\/fr\/#organization\",\"name\":\"Invicta\",\"url\":\"https:\/\/dev.invicta.wp19.axome.cc\/fr\/\",\"logo\":{\"@type\":\"ImageObject\",\"inLanguage\":\"fr-FR\",\"@id\":\"https:\/\/dev.invicta.wp19.axome.cc\/fr\/#\/schema\/logo\/image\/\",\"url\":\"https:\/\/www.invicta.fr\/wp-content\/uploads\/2019\/06\/INVICTALOGO_RVB.png\",\"contentUrl\":\"https:\/\/www.invicta.fr\/wp-content\/uploads\/2019\/06\/INVICTALOGO_RVB.png\",\"width\":1810,\"height\":1280,\"caption\":\"Invicta\"},\"image\":{\"@id\":\"https:\/\/dev.invicta.wp19.axome.cc\/fr\/#\/schema\/logo\/image\/\"}}]}<\/script>\n<!-- \/ Yoast SEO plugin. -->","yoast_head_json":{"title":"Insert \u00e0 Bois 700 Austral Convection Naturelle - Invicta","description":"Ce mod\u00e8le vous propose de transformer votre chemin\u00e9e en solution de chauffage efficace et performante. Une atmosph\u00e8re chaleureuse se cr\u00e9e dans votre habitat. Le tout en silence gr\u00e2ce \u00e0 son fonctionnement par convection naturelle.","robots":{"index":"index","follow":"follow","max-snippet":"max-snippet:-1","max-image-preview":"max-image-preview:large","max-video-preview":"max-video-preview:-1"},"canonical":"https:\/\/dev.invicta.wp19.axome.cc\/fr\/produit\/insert-a-bois-700-austral-convection-naturelle\/","og_locale":"fr_FR","og_type":"article","og_title":"Insert \u00e0 Bois 700 Austral Convection Naturelle - Invicta","og_description":"Ce mod\u00e8le vous propose de transformer votre chemin\u00e9e en solution de chauffage efficace et performante. Une atmosph\u00e8re chaleureuse se cr\u00e9e dans votre habitat. Le tout en silence gr\u00e2ce \u00e0 son fonctionnement par convection naturelle.","og_url":"https:\/\/dev.invicta.wp19.axome.cc\/fr\/produit\/insert-a-bois-700-austral-convection-naturelle\/","og_site_name":"Invicta","article_modified_time":"2025-11-26T08:33:55+00:00","og_image":[{"width":800,"height":800,"url":"https:\/\/dev.invicta.wp19.axome.cc\/wp-content\/uploads\/2025\/06\/C_P967009-10_AUSTRAL_web.jpg","type":"image\/jpeg"}],"twitter_card":"summary_large_image","schema":{"@context":"https:\/\/schema.org","@graph":[{"@type":"WebPage","@id":"https:\/\/dev.invicta.wp19.axome.cc\/fr\/produit\/insert-a-bois-700-austral-convection-naturelle\/","url":"https:\/\/dev.invicta.wp19.axome.cc\/fr\/produit\/insert-a-bois-700-austral-convection-naturelle\/","name":"Insert \u00e0 Bois 700 Austral Convection Naturelle - Invicta","isPartOf":{"@id":"https:\/\/dev.invicta.wp19.axome.cc\/fr\/#website"},"primaryImageOfPage":{"@id":"https:\/\/dev.invicta.wp19.axome.cc\/fr\/produit\/insert-a-bois-700-austral-convection-naturelle\/#primaryimage"},"image":{"@id":"https:\/\/dev.invicta.wp19.axome.cc\/fr\/produit\/insert-a-bois-700-austral-convection-naturelle\/#primaryimage"},"thumbnailUrl":"https:\/\/dev.invicta.wp19.axome.cc\/wp-content\/uploads\/2025\/06\/C_P967009-10_AUSTRAL_web.jpg","datePublished":"2025-11-26T07:33:52+00:00","dateModified":"2025-11-26T08:33:55+00:00","description":"Ce mod\u00e8le vous propose de transformer votre chemin\u00e9e en solution de chauffage efficace et performante. Une atmosph\u00e8re chaleureuse se cr\u00e9e dans votre habitat. Le tout en silence gr\u00e2ce \u00e0 son fonctionnement par convection naturelle.","breadcrumb":{"@id":"https:\/\/dev.invicta.wp19.axome.cc\/fr\/produit\/insert-a-bois-700-austral-convection-naturelle\/#breadcrumb"},"inLanguage":"fr-FR","potentialAction":[{"@type":"ReadAction","target":["https:\/\/dev.invicta.wp19.axome.cc\/fr\/produit\/insert-a-bois-700-austral-convection-naturelle\/"]}]},{"@type":"ImageObject","inLanguage":"fr-FR","@id":"https:\/\/dev.invicta.wp19.axome.cc\/fr\/produit\/insert-a-bois-700-austral-convection-naturelle\/#primaryimage","url":"https:\/\/dev.invicta.wp19.axome.cc\/wp-content\/uploads\/2025\/06\/C_P967009-10_AUSTRAL_web.jpg","contentUrl":"https:\/\/dev.invicta.wp19.axome.cc\/wp-content\/uploads\/2025\/06\/C_P967009-10_AUSTRAL_web.jpg","width":800,"height":800,"caption":"Insert \u00e0 Bois 700 Austral Convection Naturelle"},{"@type":"BreadcrumbList","@id":"https:\/\/dev.invicta.wp19.axome.cc\/fr\/produit\/insert-a-bois-700-austral-convection-naturelle\/#breadcrumb","itemListElement":[{"@type":"ListItem","position":1,"name":"Accueil","item":"https:\/\/dev.invicta.wp19.axome.cc\/fr\/"},{"@type":"ListItem","position":2,"name":"Produits","item":"https:\/\/dev.invicta.wp19.axome.cc\/fr\/shop\/"},{"@type":"ListItem","position":3,"name":"Inserts Chemin\u00e9es","item":"https:\/\/dev.invicta.wp19.axome.cc\/fr\/categorie-produit\/inserts-cheminees\/"},{"@type":"ListItem","position":4,"name":"Inserts \u00e0 Bois - Chemin\u00e9es","item":"https:\/\/dev.invicta.wp19.axome.cc\/fr\/categorie-produit\/inserts-cheminees\/inserts-a-bois-pour-cheminees\/"},{"@type":"ListItem","position":5,"name":"Insert \u00e0 Bois 700 Austral Convection Naturelle"}]},{"@type":"WebSite","@id":"https:\/\/dev.invicta.wp19.axome.cc\/fr\/#website","url":"https:\/\/dev.invicta.wp19.axome.cc\/fr\/","name":"Invicta","description":"Fabricant fran\u00e7ais, sp\u00e9cialiste europ\u00e9en du chauffage au bois : po\u00eales \u00e0 bois et \u00e0 granul\u00e9s, chemin\u00e9es, foyers et inserts","publisher":{"@id":"https:\/\/dev.invicta.wp19.axome.cc\/fr\/#organization"},"potentialAction":[{"@type":"SearchAction","target":{"@type":"EntryPoint","urlTemplate":"https:\/\/dev.invicta.wp19.axome.cc\/fr\/?s={search_term_string}"},"query-input":{"@type":"PropertyValueSpecification","valueRequired":true,"valueName":"search_term_string"}}],"inLanguage":"fr-FR"},{"@type":"Organization","@id":"https:\/\/dev.invicta.wp19.axome.cc\/fr\/#organization","name":"Invicta","url":"https:\/\/dev.invicta.wp19.axome.cc\/fr\/","logo":{"@type":"ImageObject","inLanguage":"fr-FR","@id":"https:\/\/dev.invicta.wp19.axome.cc\/fr\/#\/schema\/logo\/image\/","url":"https:\/\/www.invicta.fr\/wp-content\/uploads\/2019\/06\/INVICTALOGO_RVB.png","contentUrl":"https:\/\/www.invicta.fr\/wp-content\/uploads\/2019\/06\/INVICTALOGO_RVB.png","width":1810,"height":1280,"caption":"Invicta"},"image":{"@id":"https:\/\/dev.invicta.wp19.axome.cc\/fr\/#\/schema\/logo\/image\/"}}]}},"_links":{"self":[{"href":"https:\/\/dev.invicta.wp19.axome.cc\/fr\/wp-json\/wp\/v2\/product\/68841","targetHints":{"allow":["GET"]}}],"collection":[{"href":"https:\/\/dev.invicta.wp19.axome.cc\/fr\/wp-json\/wp\/v2\/product"}],"about":[{"href":"https:\/\/dev.invicta.wp19.axome.cc\/fr\/wp-json\/wp\/v2\/types\/product"}],"wp:featuredmedia":[{"embeddable":true,"href":"https:\/\/dev.invicta.wp19.axome.cc\/fr\/wp-json\/wp\/v2\/media\/68842"}],"wp:attachment":[{"href":"https:\/\/dev.invicta.wp19.axome.cc\/fr\/wp-json\/wp\/v2\/media?parent=68841"}],"wp:term":[{"taxonomy":"product_brand","embeddable":true,"href":"https:\/\/dev.invicta.wp19.axome.cc\/fr\/wp-json\/wp\/v2\/product_brand?post=68841"},{"taxonomy":"product_cat","embeddable":true,"href":"https:\/\/dev.invicta.wp19.axome.cc\/fr\/wp-json\/wp\/v2\/product_cat?post=68841"},{"taxonomy":"product_tag","embeddable":true,"href":"https:\/\/dev.invicta.wp19.axome.cc\/fr\/wp-json\/wp\/v2\/product_tag?post=68841"},{"taxonomy":"plus_produit","embeddable":true,"href":"https:\/\/dev.invicta.wp19.axome.cc\/fr\/wp-json\/wp\/v2\/plus_produit?post=68841"}],"curies":[{"name":"wp","href":"https:\/\/api.w.org\/{rel}","templated":true}]}}