{"id":68847,"date":"2025-11-26T08:34:10","date_gmt":"2025-11-26T07:34:10","guid":{"rendered":"https:\/\/dev.invicta.wp19.axome.cc\/produit\/insert-a-bois-700-sirocco-convection-naturelle\/"},"modified":"2025-11-26T09:34:12","modified_gmt":"2025-11-26T08:34:12","slug":"insert-a-bois-700-sirocco-convection-naturelle","status":"publish","type":"product","link":"https:\/\/dev.invicta.wp19.axome.cc\/fr\/produit\/insert-a-bois-700-sirocco-convection-naturelle\/","title":{"rendered":"Insert \u00e0 Bois 700 Sirocco Convection Naturelle"},"content":{"rendered":"","protected":false},"excerpt":{"rendered":"<p>Cet insert silencieux, une fois install\u00e9 dans votre chemin\u00e9e, r\u00e9chauffera efficacement l&#8217;ambiance par convection naturelle. Disponible en version avec ventilateurs. Produit exclusif Grandes Surfaces de Bricolage<\/p>\n","protected":false},"featured_media":0,"template":"","meta":{"_acf_changed":false},"product_brand":[],"product_cat":[2117,27,81,5888],"product_tag":[59,6959,66,7094,65],"plus_produit":[146,6834,7356,2146,2150,1919,129,130],"class_list":{"1":"product","5":"product_cat-aide-au-choix","6":"product_cat-inserts-cheminees","7":"product_cat-inserts-a-bois-pour-cheminees","8":"product_cat-inserts-bois-encastrables","9":"product_tag-a-ecolabel","10":"product_tag-nouveaute","11":"product_tag-silencieux-convection-naturelle","12":"product_tag-vitre-propre","13":"product_tag-garantie-2-ans","14":"pa_consommation-053-a-222-kg-heure","15":"pa_depart-des-fumees-dessus","16":"pa_designer-non-utilise","17":"pa_diametre-de-buse-10217","18":"pa_indice-de-performance-5571","19":"pa_surface-de-chauffe-40-a-100-m","20":"pa_taux-de-co-0-12","21":"pa_volume-de-chauffe-105-240-m-2","22":"plus_produit-appareil-silencieux-a-convection-naturelle","23":"plus_produit-extension-de-garantie-3-ans","24":"plus_produit-fonte-carenage-acier","25":"plus_produit-intermittent-et-combustion-prolongee-3-heures","26":"plus_produit-manchettes-en-option","27":"plus_produit-origine-france-garantie","28":"plus_produit-systeme-de-post-combustion","29":"plus_produit-vitre-propre","31":"first","32":"instock","33":"purchasable","34":"product-type-simple"},"acf":[],"yoast_head":"<!-- This site is optimized with the Yoast SEO plugin v24.7 - https:\/\/yoast.com\/wordpress\/plugins\/seo\/ -->\n<title>Insert \u00e0 Bois 700 Sirocco Convection Naturelle - Invicta<\/title>\n<meta name=\"description\" content=\"Cet insert silencieux, une fois install\u00e9 dans votre chemin\u00e9e, r\u00e9chauffera efficacement l&#039;ambiance par convection naturelle. Disponible en version avec ventilateurs. Produit exclusif Grandes Surfaces de Bricolage\" \/>\n<meta name=\"robots\" content=\"index, follow, max-snippet:-1, max-image-preview:large, max-video-preview:-1\" \/>\n<link rel=\"canonical\" href=\"https:\/\/dev.invicta.wp19.axome.cc\/fr\/produit\/insert-a-bois-700-sirocco-convection-naturelle\/\" \/>\n<meta property=\"og:locale\" content=\"fr_FR\" \/>\n<meta property=\"og:type\" content=\"article\" \/>\n<meta property=\"og:title\" content=\"Insert \u00e0 Bois 700 Sirocco Convection Naturelle - Invicta\" \/>\n<meta property=\"og:description\" content=\"Cet insert silencieux, une fois install\u00e9 dans votre chemin\u00e9e, r\u00e9chauffera efficacement l&#039;ambiance par convection naturelle. Disponible en version avec ventilateurs. Produit exclusif Grandes Surfaces de Bricolage\" \/>\n<meta property=\"og:url\" content=\"https:\/\/dev.invicta.wp19.axome.cc\/fr\/produit\/insert-a-bois-700-sirocco-convection-naturelle\/\" \/>\n<meta property=\"og:site_name\" content=\"Invicta\" \/>\n<meta property=\"article:modified_time\" content=\"2025-11-26T08:34:12+00:00\" \/>\n<meta name=\"twitter:card\" content=\"summary_large_image\" \/>\n<script type=\"application\/ld+json\" class=\"yoast-schema-graph\">{\"@context\":\"https:\/\/schema.org\",\"@graph\":[{\"@type\":\"WebPage\",\"@id\":\"https:\/\/dev.invicta.wp19.axome.cc\/fr\/produit\/insert-a-bois-700-sirocco-convection-naturelle\/\",\"url\":\"https:\/\/dev.invicta.wp19.axome.cc\/fr\/produit\/insert-a-bois-700-sirocco-convection-naturelle\/\",\"name\":\"Insert \u00e0 Bois 700 Sirocco Convection Naturelle - Invicta\",\"isPartOf\":{\"@id\":\"https:\/\/dev.invicta.wp19.axome.cc\/fr\/#website\"},\"datePublished\":\"2025-11-26T07:34:10+00:00\",\"dateModified\":\"2025-11-26T08:34:12+00:00\",\"description\":\"Cet insert silencieux, une fois install\u00e9 dans votre chemin\u00e9e, r\u00e9chauffera efficacement l'ambiance par convection naturelle. Disponible en version avec ventilateurs. Produit exclusif Grandes Surfaces de Bricolage\",\"breadcrumb\":{\"@id\":\"https:\/\/dev.invicta.wp19.axome.cc\/fr\/produit\/insert-a-bois-700-sirocco-convection-naturelle\/#breadcrumb\"},\"inLanguage\":\"fr-FR\",\"potentialAction\":[{\"@type\":\"ReadAction\",\"target\":[\"https:\/\/dev.invicta.wp19.axome.cc\/fr\/produit\/insert-a-bois-700-sirocco-convection-naturelle\/\"]}]},{\"@type\":\"BreadcrumbList\",\"@id\":\"https:\/\/dev.invicta.wp19.axome.cc\/fr\/produit\/insert-a-bois-700-sirocco-convection-naturelle\/#breadcrumb\",\"itemListElement\":[{\"@type\":\"ListItem\",\"position\":1,\"name\":\"Accueil\",\"item\":\"https:\/\/dev.invicta.wp19.axome.cc\/fr\/\"},{\"@type\":\"ListItem\",\"position\":2,\"name\":\"Produits\",\"item\":\"https:\/\/dev.invicta.wp19.axome.cc\/fr\/shop\/\"},{\"@type\":\"ListItem\",\"position\":3,\"name\":\"Inserts Chemin\u00e9es\",\"item\":\"https:\/\/dev.invicta.wp19.axome.cc\/fr\/categorie-produit\/inserts-cheminees\/\"},{\"@type\":\"ListItem\",\"position\":4,\"name\":\"Inserts \u00e0 Bois - Chemin\u00e9es\",\"item\":\"https:\/\/dev.invicta.wp19.axome.cc\/fr\/categorie-produit\/inserts-cheminees\/inserts-a-bois-pour-cheminees\/\"},{\"@type\":\"ListItem\",\"position\":5,\"name\":\"Insert \u00e0 Bois 700 Sirocco Convection Naturelle\"}]},{\"@type\":\"WebSite\",\"@id\":\"https:\/\/dev.invicta.wp19.axome.cc\/fr\/#website\",\"url\":\"https:\/\/dev.invicta.wp19.axome.cc\/fr\/\",\"name\":\"Invicta\",\"description\":\"Fabricant fran\u00e7ais, sp\u00e9cialiste europ\u00e9en du chauffage au bois : po\u00eales \u00e0 bois et \u00e0 granul\u00e9s, chemin\u00e9es, foyers et inserts\",\"publisher\":{\"@id\":\"https:\/\/dev.invicta.wp19.axome.cc\/fr\/#organization\"},\"potentialAction\":[{\"@type\":\"SearchAction\",\"target\":{\"@type\":\"EntryPoint\",\"urlTemplate\":\"https:\/\/dev.invicta.wp19.axome.cc\/fr\/?s={search_term_string}\"},\"query-input\":{\"@type\":\"PropertyValueSpecification\",\"valueRequired\":true,\"valueName\":\"search_term_string\"}}],\"inLanguage\":\"fr-FR\"},{\"@type\":\"Organization\",\"@id\":\"https:\/\/dev.invicta.wp19.axome.cc\/fr\/#organization\",\"name\":\"Invicta\",\"url\":\"https:\/\/dev.invicta.wp19.axome.cc\/fr\/\",\"logo\":{\"@type\":\"ImageObject\",\"inLanguage\":\"fr-FR\",\"@id\":\"https:\/\/dev.invicta.wp19.axome.cc\/fr\/#\/schema\/logo\/image\/\",\"url\":\"https:\/\/www.invicta.fr\/wp-content\/uploads\/2019\/06\/INVICTALOGO_RVB.png\",\"contentUrl\":\"https:\/\/www.invicta.fr\/wp-content\/uploads\/2019\/06\/INVICTALOGO_RVB.png\",\"width\":1810,\"height\":1280,\"caption\":\"Invicta\"},\"image\":{\"@id\":\"https:\/\/dev.invicta.wp19.axome.cc\/fr\/#\/schema\/logo\/image\/\"}}]}<\/script>\n<!-- \/ Yoast SEO plugin. -->","yoast_head_json":{"title":"Insert \u00e0 Bois 700 Sirocco Convection Naturelle - Invicta","description":"Cet insert silencieux, une fois install\u00e9 dans votre chemin\u00e9e, r\u00e9chauffera efficacement l'ambiance par convection naturelle. Disponible en version avec ventilateurs. Produit exclusif Grandes Surfaces de Bricolage","robots":{"index":"index","follow":"follow","max-snippet":"max-snippet:-1","max-image-preview":"max-image-preview:large","max-video-preview":"max-video-preview:-1"},"canonical":"https:\/\/dev.invicta.wp19.axome.cc\/fr\/produit\/insert-a-bois-700-sirocco-convection-naturelle\/","og_locale":"fr_FR","og_type":"article","og_title":"Insert \u00e0 Bois 700 Sirocco Convection Naturelle - Invicta","og_description":"Cet insert silencieux, une fois install\u00e9 dans votre chemin\u00e9e, r\u00e9chauffera efficacement l'ambiance par convection naturelle. Disponible en version avec ventilateurs. Produit exclusif Grandes Surfaces de Bricolage","og_url":"https:\/\/dev.invicta.wp19.axome.cc\/fr\/produit\/insert-a-bois-700-sirocco-convection-naturelle\/","og_site_name":"Invicta","article_modified_time":"2025-11-26T08:34:12+00:00","twitter_card":"summary_large_image","schema":{"@context":"https:\/\/schema.org","@graph":[{"@type":"WebPage","@id":"https:\/\/dev.invicta.wp19.axome.cc\/fr\/produit\/insert-a-bois-700-sirocco-convection-naturelle\/","url":"https:\/\/dev.invicta.wp19.axome.cc\/fr\/produit\/insert-a-bois-700-sirocco-convection-naturelle\/","name":"Insert \u00e0 Bois 700 Sirocco Convection Naturelle - Invicta","isPartOf":{"@id":"https:\/\/dev.invicta.wp19.axome.cc\/fr\/#website"},"datePublished":"2025-11-26T07:34:10+00:00","dateModified":"2025-11-26T08:34:12+00:00","description":"Cet insert silencieux, une fois install\u00e9 dans votre chemin\u00e9e, r\u00e9chauffera efficacement l'ambiance par convection naturelle. Disponible en version avec ventilateurs. Produit exclusif Grandes Surfaces de Bricolage","breadcrumb":{"@id":"https:\/\/dev.invicta.wp19.axome.cc\/fr\/produit\/insert-a-bois-700-sirocco-convection-naturelle\/#breadcrumb"},"inLanguage":"fr-FR","potentialAction":[{"@type":"ReadAction","target":["https:\/\/dev.invicta.wp19.axome.cc\/fr\/produit\/insert-a-bois-700-sirocco-convection-naturelle\/"]}]},{"@type":"BreadcrumbList","@id":"https:\/\/dev.invicta.wp19.axome.cc\/fr\/produit\/insert-a-bois-700-sirocco-convection-naturelle\/#breadcrumb","itemListElement":[{"@type":"ListItem","position":1,"name":"Accueil","item":"https:\/\/dev.invicta.wp19.axome.cc\/fr\/"},{"@type":"ListItem","position":2,"name":"Produits","item":"https:\/\/dev.invicta.wp19.axome.cc\/fr\/shop\/"},{"@type":"ListItem","position":3,"name":"Inserts Chemin\u00e9es","item":"https:\/\/dev.invicta.wp19.axome.cc\/fr\/categorie-produit\/inserts-cheminees\/"},{"@type":"ListItem","position":4,"name":"Inserts \u00e0 Bois - Chemin\u00e9es","item":"https:\/\/dev.invicta.wp19.axome.cc\/fr\/categorie-produit\/inserts-cheminees\/inserts-a-bois-pour-cheminees\/"},{"@type":"ListItem","position":5,"name":"Insert \u00e0 Bois 700 Sirocco Convection Naturelle"}]},{"@type":"WebSite","@id":"https:\/\/dev.invicta.wp19.axome.cc\/fr\/#website","url":"https:\/\/dev.invicta.wp19.axome.cc\/fr\/","name":"Invicta","description":"Fabricant fran\u00e7ais, sp\u00e9cialiste europ\u00e9en du chauffage au bois : po\u00eales \u00e0 bois et \u00e0 granul\u00e9s, chemin\u00e9es, foyers et inserts","publisher":{"@id":"https:\/\/dev.invicta.wp19.axome.cc\/fr\/#organization"},"potentialAction":[{"@type":"SearchAction","target":{"@type":"EntryPoint","urlTemplate":"https:\/\/dev.invicta.wp19.axome.cc\/fr\/?s={search_term_string}"},"query-input":{"@type":"PropertyValueSpecification","valueRequired":true,"valueName":"search_term_string"}}],"inLanguage":"fr-FR"},{"@type":"Organization","@id":"https:\/\/dev.invicta.wp19.axome.cc\/fr\/#organization","name":"Invicta","url":"https:\/\/dev.invicta.wp19.axome.cc\/fr\/","logo":{"@type":"ImageObject","inLanguage":"fr-FR","@id":"https:\/\/dev.invicta.wp19.axome.cc\/fr\/#\/schema\/logo\/image\/","url":"https:\/\/www.invicta.fr\/wp-content\/uploads\/2019\/06\/INVICTALOGO_RVB.png","contentUrl":"https:\/\/www.invicta.fr\/wp-content\/uploads\/2019\/06\/INVICTALOGO_RVB.png","width":1810,"height":1280,"caption":"Invicta"},"image":{"@id":"https:\/\/dev.invicta.wp19.axome.cc\/fr\/#\/schema\/logo\/image\/"}}]}},"_links":{"self":[{"href":"https:\/\/dev.invicta.wp19.axome.cc\/fr\/wp-json\/wp\/v2\/product\/68847","targetHints":{"allow":["GET"]}}],"collection":[{"href":"https:\/\/dev.invicta.wp19.axome.cc\/fr\/wp-json\/wp\/v2\/product"}],"about":[{"href":"https:\/\/dev.invicta.wp19.axome.cc\/fr\/wp-json\/wp\/v2\/types\/product"}],"wp:attachment":[{"href":"https:\/\/dev.invicta.wp19.axome.cc\/fr\/wp-json\/wp\/v2\/media?parent=68847"}],"wp:term":[{"taxonomy":"product_brand","embeddable":true,"href":"https:\/\/dev.invicta.wp19.axome.cc\/fr\/wp-json\/wp\/v2\/product_brand?post=68847"},{"taxonomy":"product_cat","embeddable":true,"href":"https:\/\/dev.invicta.wp19.axome.cc\/fr\/wp-json\/wp\/v2\/product_cat?post=68847"},{"taxonomy":"product_tag","embeddable":true,"href":"https:\/\/dev.invicta.wp19.axome.cc\/fr\/wp-json\/wp\/v2\/product_tag?post=68847"},{"taxonomy":"plus_produit","embeddable":true,"href":"https:\/\/dev.invicta.wp19.axome.cc\/fr\/wp-json\/wp\/v2\/plus_produit?post=68847"}],"curies":[{"name":"wp","href":"https:\/\/api.w.org\/{rel}","templated":true}]}}