{"id":68882,"date":"2025-06-16T18:02:57","date_gmt":"2025-06-16T16:02:57","guid":{"rendered":"https:\/\/dev.invicta.wp19.axome.cc\/produit\/insert-a-granules-liera-80-10-kw\/"},"modified":"2025-06-16T18:02:58","modified_gmt":"2025-06-16T16:02:58","slug":"insert-a-granules-liera-80-10-kw","status":"publish","type":"product","link":"https:\/\/dev.invicta.wp19.axome.cc\/fr\/produit\/insert-a-granules-liera-80-10-kw\/","title":{"rendered":"INSERT \u00c0 GRANUL\u00c9S LIERA 80 \u2013 10 kW"},"content":{"rendered":"<p>Liera offre l\u2019\u00e9quilibre parfait entre esth\u00e9tique moderne et diffusion optimis\u00e9e de la chaleur. L\u2019\u00e9l\u00e9gante vitre noire Magic Light s\u2019illumine lorsque les granul\u00e9s s\u2019embrasent. Un ventilateur suppl\u00e9mentaire distribue l\u2019air chaud canalis\u00e9 vers des pi\u00e8ces adjacentes. A vous tous les avantages d\u2019un chemin\u00e9e combin\u00e9s au confort et \u00e0 la performance d\u2019un appareil \u00e0 granul\u00e9s !  Pilotage simplifi\u00e9 via une radiocommande.<\/p>\n","protected":false},"excerpt":{"rendered":"<p>Liera offre l\u2019\u00e9quilibre parfait entre esth\u00e9tique moderne et diffusion optimis\u00e9e de la chaleur. L\u2019\u00e9l\u00e9gante vitre noire Magic Light s\u2019illumine lorsque les granul\u00e9s s\u2019embrasent. Un ventilateur suppl\u00e9mentaire distribue l\u2019air chaud canalis\u00e9 vers des pi\u00e8ces adjacentes. A vous tous les avantages d\u2019un chemin\u00e9e combin\u00e9s au confort et \u00e0 la performance d\u2019un appareil \u00e0 granul\u00e9s ! Pilotage simplifi\u00e9 [&hellip;]<\/p>\n","protected":false},"featured_media":68883,"template":"","meta":{"_acf_changed":false},"product_brand":[],"product_cat":[],"product_tag":[58,7096,64,3055,5599,6825],"plus_produit":[5396,7933,7934,7334,6835,2132,1925,1924,1934,1921,2137,6900],"class_list":{"1":"product","4":"has-post-thumbnail","6":"product_tag-eco-design-2022","7":"product_tag-2-eco-design-2022","8":"product_tag-a-ecolabel-2","9":"product_tag-canalisable","10":"product_tag-canalisable-1-ventilateur-dedie","11":"product_tag-garantie-extension-1-an","12":"pa_autonomie-maximum-16-00","13":"pa_autonomie-minimum-6-50","14":"pa_capacite-de-la-tremie-15-00","15":"pa_consommation-0-92-2-18","16":"pa_depart-des-fumees-dessus","17":"pa_diametre-de-buse-80-mm","18":"pa_indice-de-performance-123-00","19":"pa_modulation-de-puissance-39-93","20":"pa_surface-de-chauffe-35-00-110-00","21":"pa_taux-de-co-0-0240","22":"pa_volume-de-chauffe-min-85-00-max-275-00","23":"plus_produit-canalisable-avec-ventilateur-dedie","24":"plus_produit-canalisable-kit-de-canalisation-de-lair-chaud-fourni","25":"plus_produit-chargement-tremie-inserts-liera","26":"plus_produit-diffusion-dair-chaud-par-ventilateur-radial-centrifuge","27":"plus_produit-extension-de-garantie-1-an","28":"plus_produit-kit-de-controle-de-la-combustion-kcc-2","29":"plus_produit-possibilite-de-pilotage-par-thermostat-externe-non-fourni","30":"plus_produit-programmation-chrono-thermostat","31":"plus_produit-radiocommande-de-serie","32":"plus_produit-regulation-de-lallure-ou-de-la-temperature-ambiante","33":"plus_produit-stand-by-veille","34":"plus_produit-vitre-magic-light","36":"first","37":"instock","38":"purchasable","39":"product-type-simple"},"acf":[],"yoast_head":"<!-- This site is optimized with the Yoast SEO plugin v24.7 - https:\/\/yoast.com\/wordpress\/plugins\/seo\/ -->\n<title>INSERT \u00c0 GRANUL\u00c9S LIERA 80 \u2013 10 kW - Invicta<\/title>\n<meta name=\"description\" content=\"Liera offre l\u2019\u00e9quilibre parfait entre esth\u00e9tique moderne et diffusion optimis\u00e9e de la chaleur. L\u2019\u00e9l\u00e9gante vitre noire Magic Light s\u2019illumine lorsque les\" \/>\n<meta name=\"robots\" content=\"index, follow, max-snippet:-1, max-image-preview:large, max-video-preview:-1\" \/>\n<link rel=\"canonical\" href=\"https:\/\/dev.invicta.wp19.axome.cc\/fr\/produit\/insert-a-granules-liera-80-10-kw\/\" \/>\n<meta property=\"og:locale\" content=\"fr_FR\" \/>\n<meta property=\"og:type\" content=\"article\" \/>\n<meta property=\"og:title\" content=\"INSERT \u00c0 GRANUL\u00c9S LIERA 80 \u2013 10 kW - Invicta\" \/>\n<meta property=\"og:description\" content=\"Liera offre l\u2019\u00e9quilibre parfait entre esth\u00e9tique moderne et diffusion optimis\u00e9e de la chaleur. L\u2019\u00e9l\u00e9gante vitre noire Magic Light s\u2019illumine lorsque les\" \/>\n<meta property=\"og:url\" content=\"https:\/\/dev.invicta.wp19.axome.cc\/fr\/produit\/insert-a-granules-liera-80-10-kw\/\" \/>\n<meta property=\"og:site_name\" content=\"Invicta\" \/>\n<meta property=\"article:modified_time\" content=\"2025-06-16T16:02:58+00:00\" \/>\n<meta property=\"og:image\" content=\"https:\/\/dev.invicta.wp19.axome.cc\/wp-content\/uploads\/2025\/06\/C-LIERA-80-web.jpg\" \/>\n\t<meta property=\"og:image:width\" content=\"945\" \/>\n\t<meta property=\"og:image:height\" content=\"1000\" \/>\n\t<meta property=\"og:image:type\" content=\"image\/jpeg\" \/>\n<meta name=\"twitter:card\" content=\"summary_large_image\" \/>\n<script type=\"application\/ld+json\" class=\"yoast-schema-graph\">{\"@context\":\"https:\/\/schema.org\",\"@graph\":[{\"@type\":\"WebPage\",\"@id\":\"https:\/\/dev.invicta.wp19.axome.cc\/fr\/produit\/insert-a-granules-liera-80-10-kw\/\",\"url\":\"https:\/\/dev.invicta.wp19.axome.cc\/fr\/produit\/insert-a-granules-liera-80-10-kw\/\",\"name\":\"INSERT \u00c0 GRANUL\u00c9S LIERA 80 \u2013 10 kW - Invicta\",\"isPartOf\":{\"@id\":\"https:\/\/dev.invicta.wp19.axome.cc\/fr\/#website\"},\"primaryImageOfPage\":{\"@id\":\"https:\/\/dev.invicta.wp19.axome.cc\/fr\/produit\/insert-a-granules-liera-80-10-kw\/#primaryimage\"},\"image\":{\"@id\":\"https:\/\/dev.invicta.wp19.axome.cc\/fr\/produit\/insert-a-granules-liera-80-10-kw\/#primaryimage\"},\"thumbnailUrl\":\"https:\/\/dev.invicta.wp19.axome.cc\/wp-content\/uploads\/2025\/06\/C-LIERA-80-web.jpg\",\"datePublished\":\"2025-06-16T16:02:57+00:00\",\"dateModified\":\"2025-06-16T16:02:58+00:00\",\"description\":\"Liera offre l\u2019\u00e9quilibre parfait entre esth\u00e9tique moderne et diffusion optimis\u00e9e de la chaleur. L\u2019\u00e9l\u00e9gante vitre noire Magic Light s\u2019illumine lorsque les\",\"breadcrumb\":{\"@id\":\"https:\/\/dev.invicta.wp19.axome.cc\/fr\/produit\/insert-a-granules-liera-80-10-kw\/#breadcrumb\"},\"inLanguage\":\"fr-FR\",\"potentialAction\":[{\"@type\":\"ReadAction\",\"target\":[\"https:\/\/dev.invicta.wp19.axome.cc\/fr\/produit\/insert-a-granules-liera-80-10-kw\/\"]}]},{\"@type\":\"ImageObject\",\"inLanguage\":\"fr-FR\",\"@id\":\"https:\/\/dev.invicta.wp19.axome.cc\/fr\/produit\/insert-a-granules-liera-80-10-kw\/#primaryimage\",\"url\":\"https:\/\/dev.invicta.wp19.axome.cc\/wp-content\/uploads\/2025\/06\/C-LIERA-80-web.jpg\",\"contentUrl\":\"https:\/\/dev.invicta.wp19.axome.cc\/wp-content\/uploads\/2025\/06\/C-LIERA-80-web.jpg\",\"width\":945,\"height\":1000,\"caption\":\"INSERT \u00c0 GRANUL\u00c9S LIERA 80 \u2013 10 kW\"},{\"@type\":\"BreadcrumbList\",\"@id\":\"https:\/\/dev.invicta.wp19.axome.cc\/fr\/produit\/insert-a-granules-liera-80-10-kw\/#breadcrumb\",\"itemListElement\":[{\"@type\":\"ListItem\",\"position\":1,\"name\":\"Accueil\",\"item\":\"https:\/\/dev.invicta.wp19.axome.cc\/fr\/\"},{\"@type\":\"ListItem\",\"position\":2,\"name\":\"Produits\",\"item\":\"https:\/\/dev.invicta.wp19.axome.cc\/fr\/shop\/\"},{\"@type\":\"ListItem\",\"position\":3,\"name\":\"INSERT \u00c0 GRANUL\u00c9S LIERA 80 \u2013 10 kW\"}]},{\"@type\":\"WebSite\",\"@id\":\"https:\/\/dev.invicta.wp19.axome.cc\/fr\/#website\",\"url\":\"https:\/\/dev.invicta.wp19.axome.cc\/fr\/\",\"name\":\"Invicta\",\"description\":\"Fabricant fran\u00e7ais, sp\u00e9cialiste europ\u00e9en du chauffage au bois : po\u00eales \u00e0 bois et \u00e0 granul\u00e9s, chemin\u00e9es, foyers et inserts\",\"publisher\":{\"@id\":\"https:\/\/dev.invicta.wp19.axome.cc\/fr\/#organization\"},\"potentialAction\":[{\"@type\":\"SearchAction\",\"target\":{\"@type\":\"EntryPoint\",\"urlTemplate\":\"https:\/\/dev.invicta.wp19.axome.cc\/fr\/?s={search_term_string}\"},\"query-input\":{\"@type\":\"PropertyValueSpecification\",\"valueRequired\":true,\"valueName\":\"search_term_string\"}}],\"inLanguage\":\"fr-FR\"},{\"@type\":\"Organization\",\"@id\":\"https:\/\/dev.invicta.wp19.axome.cc\/fr\/#organization\",\"name\":\"Invicta\",\"url\":\"https:\/\/dev.invicta.wp19.axome.cc\/fr\/\",\"logo\":{\"@type\":\"ImageObject\",\"inLanguage\":\"fr-FR\",\"@id\":\"https:\/\/dev.invicta.wp19.axome.cc\/fr\/#\/schema\/logo\/image\/\",\"url\":\"https:\/\/www.invicta.fr\/wp-content\/uploads\/2019\/06\/INVICTALOGO_RVB.png\",\"contentUrl\":\"https:\/\/www.invicta.fr\/wp-content\/uploads\/2019\/06\/INVICTALOGO_RVB.png\",\"width\":1810,\"height\":1280,\"caption\":\"Invicta\"},\"image\":{\"@id\":\"https:\/\/dev.invicta.wp19.axome.cc\/fr\/#\/schema\/logo\/image\/\"}}]}<\/script>\n<!-- \/ Yoast SEO plugin. -->","yoast_head_json":{"title":"INSERT \u00c0 GRANUL\u00c9S LIERA 80 \u2013 10 kW - Invicta","description":"Liera offre l\u2019\u00e9quilibre parfait entre esth\u00e9tique moderne et diffusion optimis\u00e9e de la chaleur. L\u2019\u00e9l\u00e9gante vitre noire Magic Light s\u2019illumine lorsque les","robots":{"index":"index","follow":"follow","max-snippet":"max-snippet:-1","max-image-preview":"max-image-preview:large","max-video-preview":"max-video-preview:-1"},"canonical":"https:\/\/dev.invicta.wp19.axome.cc\/fr\/produit\/insert-a-granules-liera-80-10-kw\/","og_locale":"fr_FR","og_type":"article","og_title":"INSERT \u00c0 GRANUL\u00c9S LIERA 80 \u2013 10 kW - Invicta","og_description":"Liera offre l\u2019\u00e9quilibre parfait entre esth\u00e9tique moderne et diffusion optimis\u00e9e de la chaleur. L\u2019\u00e9l\u00e9gante vitre noire Magic Light s\u2019illumine lorsque les","og_url":"https:\/\/dev.invicta.wp19.axome.cc\/fr\/produit\/insert-a-granules-liera-80-10-kw\/","og_site_name":"Invicta","article_modified_time":"2025-06-16T16:02:58+00:00","og_image":[{"width":945,"height":1000,"url":"https:\/\/dev.invicta.wp19.axome.cc\/wp-content\/uploads\/2025\/06\/C-LIERA-80-web.jpg","type":"image\/jpeg"}],"twitter_card":"summary_large_image","schema":{"@context":"https:\/\/schema.org","@graph":[{"@type":"WebPage","@id":"https:\/\/dev.invicta.wp19.axome.cc\/fr\/produit\/insert-a-granules-liera-80-10-kw\/","url":"https:\/\/dev.invicta.wp19.axome.cc\/fr\/produit\/insert-a-granules-liera-80-10-kw\/","name":"INSERT \u00c0 GRANUL\u00c9S LIERA 80 \u2013 10 kW - Invicta","isPartOf":{"@id":"https:\/\/dev.invicta.wp19.axome.cc\/fr\/#website"},"primaryImageOfPage":{"@id":"https:\/\/dev.invicta.wp19.axome.cc\/fr\/produit\/insert-a-granules-liera-80-10-kw\/#primaryimage"},"image":{"@id":"https:\/\/dev.invicta.wp19.axome.cc\/fr\/produit\/insert-a-granules-liera-80-10-kw\/#primaryimage"},"thumbnailUrl":"https:\/\/dev.invicta.wp19.axome.cc\/wp-content\/uploads\/2025\/06\/C-LIERA-80-web.jpg","datePublished":"2025-06-16T16:02:57+00:00","dateModified":"2025-06-16T16:02:58+00:00","description":"Liera offre l\u2019\u00e9quilibre parfait entre esth\u00e9tique moderne et diffusion optimis\u00e9e de la chaleur. L\u2019\u00e9l\u00e9gante vitre noire Magic Light s\u2019illumine lorsque les","breadcrumb":{"@id":"https:\/\/dev.invicta.wp19.axome.cc\/fr\/produit\/insert-a-granules-liera-80-10-kw\/#breadcrumb"},"inLanguage":"fr-FR","potentialAction":[{"@type":"ReadAction","target":["https:\/\/dev.invicta.wp19.axome.cc\/fr\/produit\/insert-a-granules-liera-80-10-kw\/"]}]},{"@type":"ImageObject","inLanguage":"fr-FR","@id":"https:\/\/dev.invicta.wp19.axome.cc\/fr\/produit\/insert-a-granules-liera-80-10-kw\/#primaryimage","url":"https:\/\/dev.invicta.wp19.axome.cc\/wp-content\/uploads\/2025\/06\/C-LIERA-80-web.jpg","contentUrl":"https:\/\/dev.invicta.wp19.axome.cc\/wp-content\/uploads\/2025\/06\/C-LIERA-80-web.jpg","width":945,"height":1000,"caption":"INSERT \u00c0 GRANUL\u00c9S LIERA 80 \u2013 10 kW"},{"@type":"BreadcrumbList","@id":"https:\/\/dev.invicta.wp19.axome.cc\/fr\/produit\/insert-a-granules-liera-80-10-kw\/#breadcrumb","itemListElement":[{"@type":"ListItem","position":1,"name":"Accueil","item":"https:\/\/dev.invicta.wp19.axome.cc\/fr\/"},{"@type":"ListItem","position":2,"name":"Produits","item":"https:\/\/dev.invicta.wp19.axome.cc\/fr\/shop\/"},{"@type":"ListItem","position":3,"name":"INSERT \u00c0 GRANUL\u00c9S LIERA 80 \u2013 10 kW"}]},{"@type":"WebSite","@id":"https:\/\/dev.invicta.wp19.axome.cc\/fr\/#website","url":"https:\/\/dev.invicta.wp19.axome.cc\/fr\/","name":"Invicta","description":"Fabricant fran\u00e7ais, sp\u00e9cialiste europ\u00e9en du chauffage au bois : po\u00eales \u00e0 bois et \u00e0 granul\u00e9s, chemin\u00e9es, foyers et inserts","publisher":{"@id":"https:\/\/dev.invicta.wp19.axome.cc\/fr\/#organization"},"potentialAction":[{"@type":"SearchAction","target":{"@type":"EntryPoint","urlTemplate":"https:\/\/dev.invicta.wp19.axome.cc\/fr\/?s={search_term_string}"},"query-input":{"@type":"PropertyValueSpecification","valueRequired":true,"valueName":"search_term_string"}}],"inLanguage":"fr-FR"},{"@type":"Organization","@id":"https:\/\/dev.invicta.wp19.axome.cc\/fr\/#organization","name":"Invicta","url":"https:\/\/dev.invicta.wp19.axome.cc\/fr\/","logo":{"@type":"ImageObject","inLanguage":"fr-FR","@id":"https:\/\/dev.invicta.wp19.axome.cc\/fr\/#\/schema\/logo\/image\/","url":"https:\/\/www.invicta.fr\/wp-content\/uploads\/2019\/06\/INVICTALOGO_RVB.png","contentUrl":"https:\/\/www.invicta.fr\/wp-content\/uploads\/2019\/06\/INVICTALOGO_RVB.png","width":1810,"height":1280,"caption":"Invicta"},"image":{"@id":"https:\/\/dev.invicta.wp19.axome.cc\/fr\/#\/schema\/logo\/image\/"}}]}},"_links":{"self":[{"href":"https:\/\/dev.invicta.wp19.axome.cc\/fr\/wp-json\/wp\/v2\/product\/68882","targetHints":{"allow":["GET"]}}],"collection":[{"href":"https:\/\/dev.invicta.wp19.axome.cc\/fr\/wp-json\/wp\/v2\/product"}],"about":[{"href":"https:\/\/dev.invicta.wp19.axome.cc\/fr\/wp-json\/wp\/v2\/types\/product"}],"wp:featuredmedia":[{"embeddable":true,"href":"https:\/\/dev.invicta.wp19.axome.cc\/fr\/wp-json\/wp\/v2\/media\/68883"}],"wp:attachment":[{"href":"https:\/\/dev.invicta.wp19.axome.cc\/fr\/wp-json\/wp\/v2\/media?parent=68882"}],"wp:term":[{"taxonomy":"product_brand","embeddable":true,"href":"https:\/\/dev.invicta.wp19.axome.cc\/fr\/wp-json\/wp\/v2\/product_brand?post=68882"},{"taxonomy":"product_cat","embeddable":true,"href":"https:\/\/dev.invicta.wp19.axome.cc\/fr\/wp-json\/wp\/v2\/product_cat?post=68882"},{"taxonomy":"product_tag","embeddable":true,"href":"https:\/\/dev.invicta.wp19.axome.cc\/fr\/wp-json\/wp\/v2\/product_tag?post=68882"},{"taxonomy":"plus_produit","embeddable":true,"href":"https:\/\/dev.invicta.wp19.axome.cc\/fr\/wp-json\/wp\/v2\/plus_produit?post=68882"}],"curies":[{"name":"wp","href":"https:\/\/api.w.org\/{rel}","templated":true}]}}