{"id":68892,"date":"2025-06-16T18:03:07","date_gmt":"2025-06-16T16:03:07","guid":{"rendered":"https:\/\/dev.invicta.wp19.axome.cc\/produit\/foyer-a-bois-bayard-104-plus-cheminee\/"},"modified":"2025-06-16T18:03:07","modified_gmt":"2025-06-16T16:03:07","slug":"foyer-a-bois-bayard-104-plus-cheminee","status":"publish","type":"product","link":"https:\/\/dev.invicta.wp19.axome.cc\/fr\/produit\/foyer-a-bois-bayard-104-plus-cheminee\/","title":{"rendered":"Foyer \u00e0 Bois BAYARD 104 PLUS \u2013 Chemin\u00e9e"},"content":{"rendered":"<p>La grande vitre de ce foyer au style moderne donne une dimension sup\u00e9rieure \u00e0 la magie du feu. La porte escamotable se rel\u00e8ve pour alimenter le feu en bois. A l\u2019affiche : plaisir des yeux, confort d\u2019utilisation et efficacit\u00e9 thermique g\u00e9n\u00e9r\u00e9e par l\u2019habillage du foyer en pierres r\u00e9fractaires.<\/p>\n","protected":false},"excerpt":{"rendered":"<p>La grande vitre de ce foyer au style moderne donne une dimension sup\u00e9rieure \u00e0 la magie du feu. La porte escamotable se rel\u00e8ve pour alimenter le feu en bois. A l\u2019affiche : plaisir des yeux, confort d\u2019utilisation et efficacit\u00e9 thermique g\u00e9n\u00e9r\u00e9e par l\u2019habillage du foyer en pierres r\u00e9fractaires.<\/p>\n","protected":false},"featured_media":68893,"template":"","meta":{"_acf_changed":false},"product_brand":[],"product_cat":[],"product_tag":[58,7096,64,3055,53,73,55,7094,6826],"plus_produit":[7942,138,6834,7161,2036,7377,1983,141,130],"class_list":{"1":"product","4":"has-post-thumbnail","6":"product_tag-eco-design-2022","7":"product_tag-2-eco-design-2022","8":"product_tag-a-ecolabel-2","9":"product_tag-canalisable","10":"product_tag-post-combustion","11":"product_tag-raccordable-2","12":"product_tag-raccordable","13":"product_tag-vitre-propre","14":"product_tag-garantie-extension-3-ans","15":"pa_depart-des-fumees-dessus","16":"pa_diametre-de-buse-200-mm","17":"pa_indice-de-performance-110-00","18":"pa_surface-de-chauffe-70-00-160-00","19":"pa_taux-de-co-0-1200","20":"pa_volume-de-chauffe-min-170-00-max-390-00","21":"plus_produit-accessoires-optionnels-bayard-104-134","22":"plus_produit-canalisable","23":"plus_produit-extension-de-garantie-3-ans","24":"plus_produit-habillage-foyer-brique-refractaire","25":"plus_produit-intermittent","26":"plus_produit-porte-escamotable","27":"plus_produit-raccordable","28":"plus_produit-vitre-exterieure-grand-angle","29":"plus_produit-vitre-propre","31":"first","32":"instock","33":"purchasable","34":"product-type-simple"},"acf":[],"yoast_head":"<!-- This site is optimized with the Yoast SEO plugin v24.7 - https:\/\/yoast.com\/wordpress\/plugins\/seo\/ -->\n<title>Foyer \u00e0 Bois BAYARD 104 PLUS \u2013 Chemin\u00e9e - Invicta<\/title>\n<meta name=\"description\" content=\"La grande vitre de ce foyer au style moderne donne une dimension sup\u00e9rieure \u00e0 la magie du feu. La porte escamotable se rel\u00e8ve pour alimenter le feu en\" \/>\n<meta name=\"robots\" content=\"index, follow, max-snippet:-1, max-image-preview:large, max-video-preview:-1\" \/>\n<link rel=\"canonical\" href=\"https:\/\/dev.invicta.wp19.axome.cc\/fr\/produit\/foyer-a-bois-bayard-104-plus-cheminee\/\" \/>\n<meta property=\"og:locale\" content=\"fr_FR\" \/>\n<meta property=\"og:type\" content=\"article\" \/>\n<meta property=\"og:title\" content=\"Foyer \u00e0 Bois BAYARD 104 PLUS \u2013 Chemin\u00e9e - Invicta\" \/>\n<meta property=\"og:description\" content=\"La grande vitre de ce foyer au style moderne donne une dimension sup\u00e9rieure \u00e0 la magie du feu. La porte escamotable se rel\u00e8ve pour alimenter le feu en\" \/>\n<meta property=\"og:url\" content=\"https:\/\/dev.invicta.wp19.axome.cc\/fr\/produit\/foyer-a-bois-bayard-104-plus-cheminee\/\" \/>\n<meta property=\"og:site_name\" content=\"Invicta\" \/>\n<meta property=\"og:image\" content=\"https:\/\/dev.invicta.wp19.axome.cc\/wp-content\/uploads\/2025\/06\/BAYARD104.jpg\" \/>\n\t<meta property=\"og:image:width\" content=\"667\" \/>\n\t<meta property=\"og:image:height\" content=\"1000\" \/>\n\t<meta property=\"og:image:type\" content=\"image\/jpeg\" \/>\n<meta name=\"twitter:card\" content=\"summary_large_image\" \/>\n<script type=\"application\/ld+json\" class=\"yoast-schema-graph\">{\"@context\":\"https:\/\/schema.org\",\"@graph\":[{\"@type\":\"WebPage\",\"@id\":\"https:\/\/dev.invicta.wp19.axome.cc\/fr\/produit\/foyer-a-bois-bayard-104-plus-cheminee\/\",\"url\":\"https:\/\/dev.invicta.wp19.axome.cc\/fr\/produit\/foyer-a-bois-bayard-104-plus-cheminee\/\",\"name\":\"Foyer \u00e0 Bois BAYARD 104 PLUS \u2013 Chemin\u00e9e - Invicta\",\"isPartOf\":{\"@id\":\"https:\/\/dev.invicta.wp19.axome.cc\/fr\/#website\"},\"primaryImageOfPage\":{\"@id\":\"https:\/\/dev.invicta.wp19.axome.cc\/fr\/produit\/foyer-a-bois-bayard-104-plus-cheminee\/#primaryimage\"},\"image\":{\"@id\":\"https:\/\/dev.invicta.wp19.axome.cc\/fr\/produit\/foyer-a-bois-bayard-104-plus-cheminee\/#primaryimage\"},\"thumbnailUrl\":\"https:\/\/dev.invicta.wp19.axome.cc\/wp-content\/uploads\/2025\/06\/BAYARD104.jpg\",\"datePublished\":\"2025-06-16T16:03:07+00:00\",\"description\":\"La grande vitre de ce foyer au style moderne donne une dimension sup\u00e9rieure \u00e0 la magie du feu. La porte escamotable se rel\u00e8ve pour alimenter le feu en\",\"breadcrumb\":{\"@id\":\"https:\/\/dev.invicta.wp19.axome.cc\/fr\/produit\/foyer-a-bois-bayard-104-plus-cheminee\/#breadcrumb\"},\"inLanguage\":\"fr-FR\",\"potentialAction\":[{\"@type\":\"ReadAction\",\"target\":[\"https:\/\/dev.invicta.wp19.axome.cc\/fr\/produit\/foyer-a-bois-bayard-104-plus-cheminee\/\"]}]},{\"@type\":\"ImageObject\",\"inLanguage\":\"fr-FR\",\"@id\":\"https:\/\/dev.invicta.wp19.axome.cc\/fr\/produit\/foyer-a-bois-bayard-104-plus-cheminee\/#primaryimage\",\"url\":\"https:\/\/dev.invicta.wp19.axome.cc\/wp-content\/uploads\/2025\/06\/BAYARD104.jpg\",\"contentUrl\":\"https:\/\/dev.invicta.wp19.axome.cc\/wp-content\/uploads\/2025\/06\/BAYARD104.jpg\",\"width\":667,\"height\":1000,\"caption\":\"Foyer \u00e0 Bois BAYARD 104 PLUS \u2013 Chemin\u00e9e\"},{\"@type\":\"BreadcrumbList\",\"@id\":\"https:\/\/dev.invicta.wp19.axome.cc\/fr\/produit\/foyer-a-bois-bayard-104-plus-cheminee\/#breadcrumb\",\"itemListElement\":[{\"@type\":\"ListItem\",\"position\":1,\"name\":\"Accueil\",\"item\":\"https:\/\/dev.invicta.wp19.axome.cc\/fr\/\"},{\"@type\":\"ListItem\",\"position\":2,\"name\":\"Produits\",\"item\":\"https:\/\/dev.invicta.wp19.axome.cc\/fr\/shop\/\"},{\"@type\":\"ListItem\",\"position\":3,\"name\":\"Foyer \u00e0 Bois BAYARD 104 PLUS \u2013 Chemin\u00e9e\"}]},{\"@type\":\"WebSite\",\"@id\":\"https:\/\/dev.invicta.wp19.axome.cc\/fr\/#website\",\"url\":\"https:\/\/dev.invicta.wp19.axome.cc\/fr\/\",\"name\":\"Invicta\",\"description\":\"Fabricant fran\u00e7ais, sp\u00e9cialiste europ\u00e9en du chauffage au bois : po\u00eales \u00e0 bois et \u00e0 granul\u00e9s, chemin\u00e9es, foyers et inserts\",\"publisher\":{\"@id\":\"https:\/\/dev.invicta.wp19.axome.cc\/fr\/#organization\"},\"potentialAction\":[{\"@type\":\"SearchAction\",\"target\":{\"@type\":\"EntryPoint\",\"urlTemplate\":\"https:\/\/dev.invicta.wp19.axome.cc\/fr\/?s={search_term_string}\"},\"query-input\":{\"@type\":\"PropertyValueSpecification\",\"valueRequired\":true,\"valueName\":\"search_term_string\"}}],\"inLanguage\":\"fr-FR\"},{\"@type\":\"Organization\",\"@id\":\"https:\/\/dev.invicta.wp19.axome.cc\/fr\/#organization\",\"name\":\"Invicta\",\"url\":\"https:\/\/dev.invicta.wp19.axome.cc\/fr\/\",\"logo\":{\"@type\":\"ImageObject\",\"inLanguage\":\"fr-FR\",\"@id\":\"https:\/\/dev.invicta.wp19.axome.cc\/fr\/#\/schema\/logo\/image\/\",\"url\":\"https:\/\/www.invicta.fr\/wp-content\/uploads\/2019\/06\/INVICTALOGO_RVB.png\",\"contentUrl\":\"https:\/\/www.invicta.fr\/wp-content\/uploads\/2019\/06\/INVICTALOGO_RVB.png\",\"width\":1810,\"height\":1280,\"caption\":\"Invicta\"},\"image\":{\"@id\":\"https:\/\/dev.invicta.wp19.axome.cc\/fr\/#\/schema\/logo\/image\/\"}}]}<\/script>\n<!-- \/ Yoast SEO plugin. -->","yoast_head_json":{"title":"Foyer \u00e0 Bois BAYARD 104 PLUS \u2013 Chemin\u00e9e - Invicta","description":"La grande vitre de ce foyer au style moderne donne une dimension sup\u00e9rieure \u00e0 la magie du feu. La porte escamotable se rel\u00e8ve pour alimenter le feu en","robots":{"index":"index","follow":"follow","max-snippet":"max-snippet:-1","max-image-preview":"max-image-preview:large","max-video-preview":"max-video-preview:-1"},"canonical":"https:\/\/dev.invicta.wp19.axome.cc\/fr\/produit\/foyer-a-bois-bayard-104-plus-cheminee\/","og_locale":"fr_FR","og_type":"article","og_title":"Foyer \u00e0 Bois BAYARD 104 PLUS \u2013 Chemin\u00e9e - Invicta","og_description":"La grande vitre de ce foyer au style moderne donne une dimension sup\u00e9rieure \u00e0 la magie du feu. La porte escamotable se rel\u00e8ve pour alimenter le feu en","og_url":"https:\/\/dev.invicta.wp19.axome.cc\/fr\/produit\/foyer-a-bois-bayard-104-plus-cheminee\/","og_site_name":"Invicta","og_image":[{"width":667,"height":1000,"url":"https:\/\/dev.invicta.wp19.axome.cc\/wp-content\/uploads\/2025\/06\/BAYARD104.jpg","type":"image\/jpeg"}],"twitter_card":"summary_large_image","schema":{"@context":"https:\/\/schema.org","@graph":[{"@type":"WebPage","@id":"https:\/\/dev.invicta.wp19.axome.cc\/fr\/produit\/foyer-a-bois-bayard-104-plus-cheminee\/","url":"https:\/\/dev.invicta.wp19.axome.cc\/fr\/produit\/foyer-a-bois-bayard-104-plus-cheminee\/","name":"Foyer \u00e0 Bois BAYARD 104 PLUS \u2013 Chemin\u00e9e - Invicta","isPartOf":{"@id":"https:\/\/dev.invicta.wp19.axome.cc\/fr\/#website"},"primaryImageOfPage":{"@id":"https:\/\/dev.invicta.wp19.axome.cc\/fr\/produit\/foyer-a-bois-bayard-104-plus-cheminee\/#primaryimage"},"image":{"@id":"https:\/\/dev.invicta.wp19.axome.cc\/fr\/produit\/foyer-a-bois-bayard-104-plus-cheminee\/#primaryimage"},"thumbnailUrl":"https:\/\/dev.invicta.wp19.axome.cc\/wp-content\/uploads\/2025\/06\/BAYARD104.jpg","datePublished":"2025-06-16T16:03:07+00:00","description":"La grande vitre de ce foyer au style moderne donne une dimension sup\u00e9rieure \u00e0 la magie du feu. La porte escamotable se rel\u00e8ve pour alimenter le feu en","breadcrumb":{"@id":"https:\/\/dev.invicta.wp19.axome.cc\/fr\/produit\/foyer-a-bois-bayard-104-plus-cheminee\/#breadcrumb"},"inLanguage":"fr-FR","potentialAction":[{"@type":"ReadAction","target":["https:\/\/dev.invicta.wp19.axome.cc\/fr\/produit\/foyer-a-bois-bayard-104-plus-cheminee\/"]}]},{"@type":"ImageObject","inLanguage":"fr-FR","@id":"https:\/\/dev.invicta.wp19.axome.cc\/fr\/produit\/foyer-a-bois-bayard-104-plus-cheminee\/#primaryimage","url":"https:\/\/dev.invicta.wp19.axome.cc\/wp-content\/uploads\/2025\/06\/BAYARD104.jpg","contentUrl":"https:\/\/dev.invicta.wp19.axome.cc\/wp-content\/uploads\/2025\/06\/BAYARD104.jpg","width":667,"height":1000,"caption":"Foyer \u00e0 Bois BAYARD 104 PLUS \u2013 Chemin\u00e9e"},{"@type":"BreadcrumbList","@id":"https:\/\/dev.invicta.wp19.axome.cc\/fr\/produit\/foyer-a-bois-bayard-104-plus-cheminee\/#breadcrumb","itemListElement":[{"@type":"ListItem","position":1,"name":"Accueil","item":"https:\/\/dev.invicta.wp19.axome.cc\/fr\/"},{"@type":"ListItem","position":2,"name":"Produits","item":"https:\/\/dev.invicta.wp19.axome.cc\/fr\/shop\/"},{"@type":"ListItem","position":3,"name":"Foyer \u00e0 Bois BAYARD 104 PLUS \u2013 Chemin\u00e9e"}]},{"@type":"WebSite","@id":"https:\/\/dev.invicta.wp19.axome.cc\/fr\/#website","url":"https:\/\/dev.invicta.wp19.axome.cc\/fr\/","name":"Invicta","description":"Fabricant fran\u00e7ais, sp\u00e9cialiste europ\u00e9en du chauffage au bois : po\u00eales \u00e0 bois et \u00e0 granul\u00e9s, chemin\u00e9es, foyers et inserts","publisher":{"@id":"https:\/\/dev.invicta.wp19.axome.cc\/fr\/#organization"},"potentialAction":[{"@type":"SearchAction","target":{"@type":"EntryPoint","urlTemplate":"https:\/\/dev.invicta.wp19.axome.cc\/fr\/?s={search_term_string}"},"query-input":{"@type":"PropertyValueSpecification","valueRequired":true,"valueName":"search_term_string"}}],"inLanguage":"fr-FR"},{"@type":"Organization","@id":"https:\/\/dev.invicta.wp19.axome.cc\/fr\/#organization","name":"Invicta","url":"https:\/\/dev.invicta.wp19.axome.cc\/fr\/","logo":{"@type":"ImageObject","inLanguage":"fr-FR","@id":"https:\/\/dev.invicta.wp19.axome.cc\/fr\/#\/schema\/logo\/image\/","url":"https:\/\/www.invicta.fr\/wp-content\/uploads\/2019\/06\/INVICTALOGO_RVB.png","contentUrl":"https:\/\/www.invicta.fr\/wp-content\/uploads\/2019\/06\/INVICTALOGO_RVB.png","width":1810,"height":1280,"caption":"Invicta"},"image":{"@id":"https:\/\/dev.invicta.wp19.axome.cc\/fr\/#\/schema\/logo\/image\/"}}]}},"_links":{"self":[{"href":"https:\/\/dev.invicta.wp19.axome.cc\/fr\/wp-json\/wp\/v2\/product\/68892","targetHints":{"allow":["GET"]}}],"collection":[{"href":"https:\/\/dev.invicta.wp19.axome.cc\/fr\/wp-json\/wp\/v2\/product"}],"about":[{"href":"https:\/\/dev.invicta.wp19.axome.cc\/fr\/wp-json\/wp\/v2\/types\/product"}],"wp:featuredmedia":[{"embeddable":true,"href":"https:\/\/dev.invicta.wp19.axome.cc\/fr\/wp-json\/wp\/v2\/media\/68893"}],"wp:attachment":[{"href":"https:\/\/dev.invicta.wp19.axome.cc\/fr\/wp-json\/wp\/v2\/media?parent=68892"}],"wp:term":[{"taxonomy":"product_brand","embeddable":true,"href":"https:\/\/dev.invicta.wp19.axome.cc\/fr\/wp-json\/wp\/v2\/product_brand?post=68892"},{"taxonomy":"product_cat","embeddable":true,"href":"https:\/\/dev.invicta.wp19.axome.cc\/fr\/wp-json\/wp\/v2\/product_cat?post=68892"},{"taxonomy":"product_tag","embeddable":true,"href":"https:\/\/dev.invicta.wp19.axome.cc\/fr\/wp-json\/wp\/v2\/product_tag?post=68892"},{"taxonomy":"plus_produit","embeddable":true,"href":"https:\/\/dev.invicta.wp19.axome.cc\/fr\/wp-json\/wp\/v2\/plus_produit?post=68892"}],"curies":[{"name":"wp","href":"https:\/\/api.w.org\/{rel}","templated":true}]}}