{"id":68909,"date":"2025-11-26T08:19:31","date_gmt":"2025-11-26T07:19:31","guid":{"rendered":"https:\/\/dev.invicta.wp19.axome.cc\/produit\/poele-granules-hydro-etanche-teramo-plus-rouge\/"},"modified":"2025-11-26T09:19:33","modified_gmt":"2025-11-26T08:19:33","slug":"poele-granules-hydro-etanche-teramo-rouge","status":"publish","type":"product","link":"https:\/\/dev.invicta.wp19.axome.cc\/fr\/produit\/poele-granules-hydro-etanche-teramo-rouge\/","title":{"rendered":"Po\u00eale granul\u00e9s hydro \u00e9tanche Teramo Plus &#8211; Rouge"},"content":{"rendered":"","protected":false},"excerpt":{"rendered":"<p>Avec sa finition rouge \u00e9clatante, le Teramo Plus apporte une touche de modernit\u00e9 \u00e0 votre int\u00e9rieur. Le po\u00eale \u00e0 granul\u00e9s hydro Teramo est id\u00e9al pour distribuer la chaleur dans plusieurs pi\u00e8ces. Il peut \u00eatre \u00eatre raccord\u00e9 \u00e0 un syst\u00e8me de chauffage hydraulique par radiateurs. Produit r\u00e9serv\u00e9 aux march\u00e9s export.<\/p>\n","protected":false},"featured_media":0,"template":"","meta":{"_acf_changed":false},"product_brand":[],"product_cat":[2117,26,49,5842,5865,5857,5836,5837,5885,5856],"product_tag":[57,7095,58,7096,64,7093,65,6825],"plus_produit":[137,6835,1925,1968,2143,2137],"class_list":{"1":"product","5":"product_cat-aide-au-choix","6":"product_cat-poeles-granules","7":"product_cat-poeles-a-granules-pellets","8":"product_cat-poeles-a-granules-10-kw","9":"product_cat-poeles-a-granules-11-kw","10":"product_cat-poeles-a-granules-autonomes","11":"product_cat-poeles-a-granules-canalisables","12":"product_cat-poeles-a-granules-programmables","13":"product_cat-poeles-a-granules-contemporains","14":"product_cat-poeles-a-granules-modernes","15":"product_tag-flamme-verte","16":"product_tag-1-flamme-verte-7","17":"product_tag-eco-design-2022","18":"product_tag-2-eco-design-2022","19":"product_tag-a-ecolabel-2","20":"product_tag-flamme-verte-2","21":"product_tag-garantie-2-ans","22":"product_tag-garantie-extension-1-an","23":"pa_consommation-053-a-222-kg-heure","24":"pa_depart-des-fumees-arriere","25":"pa_designer-non-utilise","26":"pa_diametre-de-buse-10228","27":"pa_indice-de-performance-7029","28":"pa_surface-de-chauffe-7022","29":"pa_taux-de-co-0-0038","30":"pa_volume-de-chauffe-7021","31":"plus_produit-diffusion-dair-chaud-par-ventilateur-tangenciel","32":"plus_produit-extension-de-garantie-1-an","33":"plus_produit-possibilite-de-pilotage-par-thermostat-externe-non-fourni","34":"plus_produit-programmation","35":"plus_produit-regulation-de-la-puissance-ou-de-la-temperature-ambiante","36":"plus_produit-stand-by-veille","38":"first","39":"instock","40":"product-type-simple"},"acf":[],"yoast_head":"<!-- This site is optimized with the Yoast SEO plugin v24.7 - https:\/\/yoast.com\/wordpress\/plugins\/seo\/ -->\n<title>Po\u00eale granul\u00e9s hydro \u00e9tanche Teramo Plus - Rouge - Invicta<\/title>\n<meta name=\"description\" content=\"Avec sa finition rouge \u00e9clatante, le Teramo Plus apporte une touche de modernit\u00e9 \u00e0 votre int\u00e9rieur. Le po\u00eale \u00e0 granul\u00e9s hydro Teramo est id\u00e9al pour distribuer la chaleur dans plusieurs pi\u00e8ces. Il peut \u00eatre \u00eatre raccord\u00e9 \u00e0 un syst\u00e8me de chauffage hydraulique par radiateurs. Produit r\u00e9serv\u00e9 aux march\u00e9s export.\" \/>\n<meta name=\"robots\" content=\"index, follow, max-snippet:-1, max-image-preview:large, max-video-preview:-1\" \/>\n<link rel=\"canonical\" href=\"https:\/\/dev.invicta.wp19.axome.cc\/fr\/produit\/poele-granules-hydro-etanche-teramo-rouge\/\" \/>\n<meta property=\"og:locale\" content=\"fr_FR\" \/>\n<meta property=\"og:type\" content=\"article\" \/>\n<meta property=\"og:title\" content=\"Po\u00eale granul\u00e9s hydro \u00e9tanche Teramo Plus - Rouge - Invicta\" \/>\n<meta property=\"og:description\" content=\"Avec sa finition rouge \u00e9clatante, le Teramo Plus apporte une touche de modernit\u00e9 \u00e0 votre int\u00e9rieur. Le po\u00eale \u00e0 granul\u00e9s hydro Teramo est id\u00e9al pour distribuer la chaleur dans plusieurs pi\u00e8ces. Il peut \u00eatre \u00eatre raccord\u00e9 \u00e0 un syst\u00e8me de chauffage hydraulique par radiateurs. Produit r\u00e9serv\u00e9 aux march\u00e9s export.\" \/>\n<meta property=\"og:url\" content=\"https:\/\/dev.invicta.wp19.axome.cc\/fr\/produit\/poele-granules-hydro-etanche-teramo-rouge\/\" \/>\n<meta property=\"og:site_name\" content=\"Invicta\" \/>\n<meta property=\"article:modified_time\" content=\"2025-11-26T08:19:33+00:00\" \/>\n<meta name=\"twitter:card\" content=\"summary_large_image\" \/>\n<script type=\"application\/ld+json\" class=\"yoast-schema-graph\">{\"@context\":\"https:\/\/schema.org\",\"@graph\":[{\"@type\":\"WebPage\",\"@id\":\"https:\/\/dev.invicta.wp19.axome.cc\/fr\/produit\/poele-granules-hydro-etanche-teramo-rouge\/\",\"url\":\"https:\/\/dev.invicta.wp19.axome.cc\/fr\/produit\/poele-granules-hydro-etanche-teramo-rouge\/\",\"name\":\"Po\u00eale granul\u00e9s hydro \u00e9tanche Teramo Plus - Rouge - Invicta\",\"isPartOf\":{\"@id\":\"https:\/\/dev.invicta.wp19.axome.cc\/fr\/#website\"},\"datePublished\":\"2025-11-26T07:19:31+00:00\",\"dateModified\":\"2025-11-26T08:19:33+00:00\",\"description\":\"Avec sa finition rouge \u00e9clatante, le Teramo Plus apporte une touche de modernit\u00e9 \u00e0 votre int\u00e9rieur. Le po\u00eale \u00e0 granul\u00e9s hydro Teramo est id\u00e9al pour distribuer la chaleur dans plusieurs pi\u00e8ces. Il peut \u00eatre \u00eatre raccord\u00e9 \u00e0 un syst\u00e8me de chauffage hydraulique par radiateurs. Produit r\u00e9serv\u00e9 aux march\u00e9s export.\",\"breadcrumb\":{\"@id\":\"https:\/\/dev.invicta.wp19.axome.cc\/fr\/produit\/poele-granules-hydro-etanche-teramo-rouge\/#breadcrumb\"},\"inLanguage\":\"fr-FR\",\"potentialAction\":[{\"@type\":\"ReadAction\",\"target\":[\"https:\/\/dev.invicta.wp19.axome.cc\/fr\/produit\/poele-granules-hydro-etanche-teramo-rouge\/\"]}]},{\"@type\":\"BreadcrumbList\",\"@id\":\"https:\/\/dev.invicta.wp19.axome.cc\/fr\/produit\/poele-granules-hydro-etanche-teramo-rouge\/#breadcrumb\",\"itemListElement\":[{\"@type\":\"ListItem\",\"position\":1,\"name\":\"Accueil\",\"item\":\"https:\/\/dev.invicta.wp19.axome.cc\/fr\/\"},{\"@type\":\"ListItem\",\"position\":2,\"name\":\"Produits\",\"item\":\"https:\/\/dev.invicta.wp19.axome.cc\/fr\/shop\/\"},{\"@type\":\"ListItem\",\"position\":3,\"name\":\"Po\u00eales \u00e0 Granul\u00e9s\",\"item\":\"https:\/\/dev.invicta.wp19.axome.cc\/fr\/categorie-produit\/poeles-granules\/\"},{\"@type\":\"ListItem\",\"position\":4,\"name\":\"Po\u00eales \u00e0 Granul\u00e9s Standards\",\"item\":\"https:\/\/dev.invicta.wp19.axome.cc\/fr\/categorie-produit\/poeles-granules\/poeles-a-granules-pellets\/\"},{\"@type\":\"ListItem\",\"position\":5,\"name\":\"Po\u00eale granul\u00e9s hydro \u00e9tanche Teramo Plus &#8211; Rouge\"}]},{\"@type\":\"WebSite\",\"@id\":\"https:\/\/dev.invicta.wp19.axome.cc\/fr\/#website\",\"url\":\"https:\/\/dev.invicta.wp19.axome.cc\/fr\/\",\"name\":\"Invicta\",\"description\":\"Fabricant fran\u00e7ais, sp\u00e9cialiste europ\u00e9en du chauffage au bois : po\u00eales \u00e0 bois et \u00e0 granul\u00e9s, chemin\u00e9es, foyers et inserts\",\"publisher\":{\"@id\":\"https:\/\/dev.invicta.wp19.axome.cc\/fr\/#organization\"},\"potentialAction\":[{\"@type\":\"SearchAction\",\"target\":{\"@type\":\"EntryPoint\",\"urlTemplate\":\"https:\/\/dev.invicta.wp19.axome.cc\/fr\/?s={search_term_string}\"},\"query-input\":{\"@type\":\"PropertyValueSpecification\",\"valueRequired\":true,\"valueName\":\"search_term_string\"}}],\"inLanguage\":\"fr-FR\"},{\"@type\":\"Organization\",\"@id\":\"https:\/\/dev.invicta.wp19.axome.cc\/fr\/#organization\",\"name\":\"Invicta\",\"url\":\"https:\/\/dev.invicta.wp19.axome.cc\/fr\/\",\"logo\":{\"@type\":\"ImageObject\",\"inLanguage\":\"fr-FR\",\"@id\":\"https:\/\/dev.invicta.wp19.axome.cc\/fr\/#\/schema\/logo\/image\/\",\"url\":\"https:\/\/www.invicta.fr\/wp-content\/uploads\/2019\/06\/INVICTALOGO_RVB.png\",\"contentUrl\":\"https:\/\/www.invicta.fr\/wp-content\/uploads\/2019\/06\/INVICTALOGO_RVB.png\",\"width\":1810,\"height\":1280,\"caption\":\"Invicta\"},\"image\":{\"@id\":\"https:\/\/dev.invicta.wp19.axome.cc\/fr\/#\/schema\/logo\/image\/\"}}]}<\/script>\n<!-- \/ Yoast SEO plugin. -->","yoast_head_json":{"title":"Po\u00eale granul\u00e9s hydro \u00e9tanche Teramo Plus - Rouge - Invicta","description":"Avec sa finition rouge \u00e9clatante, le Teramo Plus apporte une touche de modernit\u00e9 \u00e0 votre int\u00e9rieur. Le po\u00eale \u00e0 granul\u00e9s hydro Teramo est id\u00e9al pour distribuer la chaleur dans plusieurs pi\u00e8ces. Il peut \u00eatre \u00eatre raccord\u00e9 \u00e0 un syst\u00e8me de chauffage hydraulique par radiateurs. Produit r\u00e9serv\u00e9 aux march\u00e9s export.","robots":{"index":"index","follow":"follow","max-snippet":"max-snippet:-1","max-image-preview":"max-image-preview:large","max-video-preview":"max-video-preview:-1"},"canonical":"https:\/\/dev.invicta.wp19.axome.cc\/fr\/produit\/poele-granules-hydro-etanche-teramo-rouge\/","og_locale":"fr_FR","og_type":"article","og_title":"Po\u00eale granul\u00e9s hydro \u00e9tanche Teramo Plus - Rouge - Invicta","og_description":"Avec sa finition rouge \u00e9clatante, le Teramo Plus apporte une touche de modernit\u00e9 \u00e0 votre int\u00e9rieur. Le po\u00eale \u00e0 granul\u00e9s hydro Teramo est id\u00e9al pour distribuer la chaleur dans plusieurs pi\u00e8ces. Il peut \u00eatre \u00eatre raccord\u00e9 \u00e0 un syst\u00e8me de chauffage hydraulique par radiateurs. Produit r\u00e9serv\u00e9 aux march\u00e9s export.","og_url":"https:\/\/dev.invicta.wp19.axome.cc\/fr\/produit\/poele-granules-hydro-etanche-teramo-rouge\/","og_site_name":"Invicta","article_modified_time":"2025-11-26T08:19:33+00:00","twitter_card":"summary_large_image","schema":{"@context":"https:\/\/schema.org","@graph":[{"@type":"WebPage","@id":"https:\/\/dev.invicta.wp19.axome.cc\/fr\/produit\/poele-granules-hydro-etanche-teramo-rouge\/","url":"https:\/\/dev.invicta.wp19.axome.cc\/fr\/produit\/poele-granules-hydro-etanche-teramo-rouge\/","name":"Po\u00eale granul\u00e9s hydro \u00e9tanche Teramo Plus - Rouge - Invicta","isPartOf":{"@id":"https:\/\/dev.invicta.wp19.axome.cc\/fr\/#website"},"datePublished":"2025-11-26T07:19:31+00:00","dateModified":"2025-11-26T08:19:33+00:00","description":"Avec sa finition rouge \u00e9clatante, le Teramo Plus apporte une touche de modernit\u00e9 \u00e0 votre int\u00e9rieur. Le po\u00eale \u00e0 granul\u00e9s hydro Teramo est id\u00e9al pour distribuer la chaleur dans plusieurs pi\u00e8ces. Il peut \u00eatre \u00eatre raccord\u00e9 \u00e0 un syst\u00e8me de chauffage hydraulique par radiateurs. Produit r\u00e9serv\u00e9 aux march\u00e9s export.","breadcrumb":{"@id":"https:\/\/dev.invicta.wp19.axome.cc\/fr\/produit\/poele-granules-hydro-etanche-teramo-rouge\/#breadcrumb"},"inLanguage":"fr-FR","potentialAction":[{"@type":"ReadAction","target":["https:\/\/dev.invicta.wp19.axome.cc\/fr\/produit\/poele-granules-hydro-etanche-teramo-rouge\/"]}]},{"@type":"BreadcrumbList","@id":"https:\/\/dev.invicta.wp19.axome.cc\/fr\/produit\/poele-granules-hydro-etanche-teramo-rouge\/#breadcrumb","itemListElement":[{"@type":"ListItem","position":1,"name":"Accueil","item":"https:\/\/dev.invicta.wp19.axome.cc\/fr\/"},{"@type":"ListItem","position":2,"name":"Produits","item":"https:\/\/dev.invicta.wp19.axome.cc\/fr\/shop\/"},{"@type":"ListItem","position":3,"name":"Po\u00eales \u00e0 Granul\u00e9s","item":"https:\/\/dev.invicta.wp19.axome.cc\/fr\/categorie-produit\/poeles-granules\/"},{"@type":"ListItem","position":4,"name":"Po\u00eales \u00e0 Granul\u00e9s Standards","item":"https:\/\/dev.invicta.wp19.axome.cc\/fr\/categorie-produit\/poeles-granules\/poeles-a-granules-pellets\/"},{"@type":"ListItem","position":5,"name":"Po\u00eale granul\u00e9s hydro \u00e9tanche Teramo Plus &#8211; Rouge"}]},{"@type":"WebSite","@id":"https:\/\/dev.invicta.wp19.axome.cc\/fr\/#website","url":"https:\/\/dev.invicta.wp19.axome.cc\/fr\/","name":"Invicta","description":"Fabricant fran\u00e7ais, sp\u00e9cialiste europ\u00e9en du chauffage au bois : po\u00eales \u00e0 bois et \u00e0 granul\u00e9s, chemin\u00e9es, foyers et inserts","publisher":{"@id":"https:\/\/dev.invicta.wp19.axome.cc\/fr\/#organization"},"potentialAction":[{"@type":"SearchAction","target":{"@type":"EntryPoint","urlTemplate":"https:\/\/dev.invicta.wp19.axome.cc\/fr\/?s={search_term_string}"},"query-input":{"@type":"PropertyValueSpecification","valueRequired":true,"valueName":"search_term_string"}}],"inLanguage":"fr-FR"},{"@type":"Organization","@id":"https:\/\/dev.invicta.wp19.axome.cc\/fr\/#organization","name":"Invicta","url":"https:\/\/dev.invicta.wp19.axome.cc\/fr\/","logo":{"@type":"ImageObject","inLanguage":"fr-FR","@id":"https:\/\/dev.invicta.wp19.axome.cc\/fr\/#\/schema\/logo\/image\/","url":"https:\/\/www.invicta.fr\/wp-content\/uploads\/2019\/06\/INVICTALOGO_RVB.png","contentUrl":"https:\/\/www.invicta.fr\/wp-content\/uploads\/2019\/06\/INVICTALOGO_RVB.png","width":1810,"height":1280,"caption":"Invicta"},"image":{"@id":"https:\/\/dev.invicta.wp19.axome.cc\/fr\/#\/schema\/logo\/image\/"}}]}},"_links":{"self":[{"href":"https:\/\/dev.invicta.wp19.axome.cc\/fr\/wp-json\/wp\/v2\/product\/68909","targetHints":{"allow":["GET"]}}],"collection":[{"href":"https:\/\/dev.invicta.wp19.axome.cc\/fr\/wp-json\/wp\/v2\/product"}],"about":[{"href":"https:\/\/dev.invicta.wp19.axome.cc\/fr\/wp-json\/wp\/v2\/types\/product"}],"wp:attachment":[{"href":"https:\/\/dev.invicta.wp19.axome.cc\/fr\/wp-json\/wp\/v2\/media?parent=68909"}],"wp:term":[{"taxonomy":"product_brand","embeddable":true,"href":"https:\/\/dev.invicta.wp19.axome.cc\/fr\/wp-json\/wp\/v2\/product_brand?post=68909"},{"taxonomy":"product_cat","embeddable":true,"href":"https:\/\/dev.invicta.wp19.axome.cc\/fr\/wp-json\/wp\/v2\/product_cat?post=68909"},{"taxonomy":"product_tag","embeddable":true,"href":"https:\/\/dev.invicta.wp19.axome.cc\/fr\/wp-json\/wp\/v2\/product_tag?post=68909"},{"taxonomy":"plus_produit","embeddable":true,"href":"https:\/\/dev.invicta.wp19.axome.cc\/fr\/wp-json\/wp\/v2\/plus_produit?post=68909"}],"curies":[{"name":"wp","href":"https:\/\/api.w.org\/{rel}","templated":true}]}}