{"id":68913,"date":"2025-05-01T00:00:00","date_gmt":"2025-04-30T22:00:00","guid":{"rendered":"https:\/\/dev.invicta.wp19.axome.cc\/produit\/poele-a-granules-mira-10-wi-fi-noir-poele-a-pellets\/"},"modified":"2025-11-26T09:15:23","modified_gmt":"2025-11-26T08:15:23","slug":"poele-a-granules-mira-10-noir-wi-fi-poele-a-pellets","status":"publish","type":"product","link":"https:\/\/dev.invicta.wp19.axome.cc\/fr\/produit\/poele-a-granules-mira-10-noir-wi-fi-poele-a-pellets\/","title":{"rendered":"Po\u00eale \u00e0 granul\u00e9s Mira 10 Wi-Fi \u2013 Noir &#8211; Po\u00eale \u00e0 pellets"},"content":{"rendered":"","protected":false},"excerpt":{"rendered":"<p>Lev\u00e9e de rideau sur une magnifique mise en sc\u00e8ne du spectacle des flammes. Acteur performant de votre chauffage Mira 10 suscite l&#8217;\u00e9merveillement gr\u00e2ce \u00e0 son habit de m\u00e9tal noir unique et tr\u00e8s tendance.<\/p>\n","protected":false},"featured_media":68914,"template":"","meta":{"_acf_changed":false},"product_brand":[],"product_cat":[2117,26,49,5842,5857,5837,5834,5885,5856],"product_tag":[58,7096,64,6959,5600,65,6825],"plus_produit":[137,6835,1925,1968,1921,2137,5384],"class_list":{"1":"product","4":"has-post-thumbnail","6":"product_cat-aide-au-choix","7":"product_cat-poeles-granules","8":"product_cat-poeles-a-granules-pellets","9":"product_cat-poeles-a-granules-10-kw","10":"product_cat-poeles-a-granules-autonomes","11":"product_cat-poeles-a-granules-programmables","12":"product_cat-poeles-a-granules-design","13":"product_cat-poeles-a-granules-contemporains","14":"product_cat-poeles-a-granules-modernes","15":"product_tag-eco-design-2022","16":"product_tag-2-eco-design-2022","17":"product_tag-a-ecolabel-2","18":"product_tag-nouveaute","19":"product_tag-wifi-de-serie","20":"product_tag-garantie-2-ans","21":"product_tag-garantie-extension-1-an","22":"pa_autonomie-maximum-17-5","23":"pa_autonomie-minimum-7-5","24":"pa_consommation-0-92-2-2","25":"pa_depart-des-fumees-arriere","26":"pa_designer-non-utilise","27":"pa_diametre-de-buse-10228","28":"pa_indice-de-performance-5919","29":"pa_modulation-de-puissance-4-95-kw","30":"pa_surface-de-chauffe-35-a-120-m","31":"pa_taux-de-co-0-024","32":"pa_volume-de-chauffe-85-a-300-m","33":"plus_produit-diffusion-dair-chaud-par-ventilateur-tangenciel","34":"plus_produit-extension-de-garantie-1-an","35":"plus_produit-possibilite-de-pilotage-par-thermostat-externe-non-fourni","36":"plus_produit-programmation","37":"plus_produit-regulation-de-lallure-ou-de-la-temperature-ambiante","38":"plus_produit-stand-by-veille","39":"plus_produit-wifi-integre","41":"first","42":"instock","43":"purchasable","44":"product-type-simple"},"acf":[],"yoast_head":"<!-- This site is optimized with the Yoast SEO plugin v24.7 - https:\/\/yoast.com\/wordpress\/plugins\/seo\/ -->\n<title>Po\u00eale \u00e0 granul\u00e9s Mira 10 Wi-Fi \u2013 Noir - Po\u00eale \u00e0 pellets - Invicta<\/title>\n<meta name=\"description\" content=\"Lev\u00e9e de rideau sur une magnifique mise en sc\u00e8ne du spectacle des flammes. Acteur performant de votre chauffage Mira 10 suscite l&#039;\u00e9merveillement gr\u00e2ce \u00e0 son habit de m\u00e9tal noir unique et tr\u00e8s tendance.\" \/>\n<meta name=\"robots\" content=\"index, follow, max-snippet:-1, max-image-preview:large, max-video-preview:-1\" \/>\n<link rel=\"canonical\" href=\"https:\/\/dev.invicta.wp19.axome.cc\/fr\/produit\/poele-a-granules-mira-10-noir-wi-fi-poele-a-pellets\/\" \/>\n<meta property=\"og:locale\" content=\"fr_FR\" \/>\n<meta property=\"og:type\" content=\"article\" \/>\n<meta property=\"og:title\" content=\"Po\u00eale \u00e0 granul\u00e9s Mira 10 Wi-Fi \u2013 Noir - Po\u00eale \u00e0 pellets - Invicta\" \/>\n<meta property=\"og:description\" content=\"Lev\u00e9e de rideau sur une magnifique mise en sc\u00e8ne du spectacle des flammes. Acteur performant de votre chauffage Mira 10 suscite l&#039;\u00e9merveillement gr\u00e2ce \u00e0 son habit de m\u00e9tal noir unique et tr\u00e8s tendance.\" \/>\n<meta property=\"og:url\" content=\"https:\/\/dev.invicta.wp19.axome.cc\/fr\/produit\/poele-a-granules-mira-10-noir-wi-fi-poele-a-pellets\/\" \/>\n<meta property=\"og:site_name\" content=\"Invicta\" \/>\n<meta property=\"article:modified_time\" content=\"2025-11-26T08:15:23+00:00\" \/>\n<meta property=\"og:image\" content=\"https:\/\/dev.invicta.wp19.axome.cc\/wp-content\/uploads\/2025\/06\/C_MIRA10_Wi-Fi_noir_web.jpg\" \/>\n\t<meta property=\"og:image:width\" content=\"539\" \/>\n\t<meta property=\"og:image:height\" content=\"900\" \/>\n\t<meta property=\"og:image:type\" content=\"image\/jpeg\" \/>\n<meta name=\"twitter:card\" content=\"summary_large_image\" \/>\n<script type=\"application\/ld+json\" class=\"yoast-schema-graph\">{\"@context\":\"https:\/\/schema.org\",\"@graph\":[{\"@type\":\"WebPage\",\"@id\":\"https:\/\/dev.invicta.wp19.axome.cc\/fr\/produit\/poele-a-granules-mira-10-noir-wi-fi-poele-a-pellets\/\",\"url\":\"https:\/\/dev.invicta.wp19.axome.cc\/fr\/produit\/poele-a-granules-mira-10-noir-wi-fi-poele-a-pellets\/\",\"name\":\"Po\u00eale \u00e0 granul\u00e9s Mira 10 Wi-Fi \u2013 Noir - Po\u00eale \u00e0 pellets - Invicta\",\"isPartOf\":{\"@id\":\"https:\/\/dev.invicta.wp19.axome.cc\/fr\/#website\"},\"primaryImageOfPage\":{\"@id\":\"https:\/\/dev.invicta.wp19.axome.cc\/fr\/produit\/poele-a-granules-mira-10-noir-wi-fi-poele-a-pellets\/#primaryimage\"},\"image\":{\"@id\":\"https:\/\/dev.invicta.wp19.axome.cc\/fr\/produit\/poele-a-granules-mira-10-noir-wi-fi-poele-a-pellets\/#primaryimage\"},\"thumbnailUrl\":\"https:\/\/dev.invicta.wp19.axome.cc\/wp-content\/uploads\/2025\/06\/C_MIRA10_Wi-Fi_noir_web.jpg\",\"datePublished\":\"2025-04-30T22:00:00+00:00\",\"dateModified\":\"2025-11-26T08:15:23+00:00\",\"description\":\"Lev\u00e9e de rideau sur une magnifique mise en sc\u00e8ne du spectacle des flammes. Acteur performant de votre chauffage Mira 10 suscite l'\u00e9merveillement gr\u00e2ce \u00e0 son habit de m\u00e9tal noir unique et tr\u00e8s tendance.\",\"breadcrumb\":{\"@id\":\"https:\/\/dev.invicta.wp19.axome.cc\/fr\/produit\/poele-a-granules-mira-10-noir-wi-fi-poele-a-pellets\/#breadcrumb\"},\"inLanguage\":\"fr-FR\",\"potentialAction\":[{\"@type\":\"ReadAction\",\"target\":[\"https:\/\/dev.invicta.wp19.axome.cc\/fr\/produit\/poele-a-granules-mira-10-noir-wi-fi-poele-a-pellets\/\"]}]},{\"@type\":\"ImageObject\",\"inLanguage\":\"fr-FR\",\"@id\":\"https:\/\/dev.invicta.wp19.axome.cc\/fr\/produit\/poele-a-granules-mira-10-noir-wi-fi-poele-a-pellets\/#primaryimage\",\"url\":\"https:\/\/dev.invicta.wp19.axome.cc\/wp-content\/uploads\/2025\/06\/C_MIRA10_Wi-Fi_noir_web.jpg\",\"contentUrl\":\"https:\/\/dev.invicta.wp19.axome.cc\/wp-content\/uploads\/2025\/06\/C_MIRA10_Wi-Fi_noir_web.jpg\",\"width\":539,\"height\":900,\"caption\":\"Po\u00eale \u00e0 granul\u00e9s Mira 10 Wi-Fi \u2013 Noir - Po\u00eale \u00e0 pellets\"},{\"@type\":\"BreadcrumbList\",\"@id\":\"https:\/\/dev.invicta.wp19.axome.cc\/fr\/produit\/poele-a-granules-mira-10-noir-wi-fi-poele-a-pellets\/#breadcrumb\",\"itemListElement\":[{\"@type\":\"ListItem\",\"position\":1,\"name\":\"Accueil\",\"item\":\"https:\/\/dev.invicta.wp19.axome.cc\/fr\/\"},{\"@type\":\"ListItem\",\"position\":2,\"name\":\"Produits\",\"item\":\"https:\/\/dev.invicta.wp19.axome.cc\/fr\/shop\/\"},{\"@type\":\"ListItem\",\"position\":3,\"name\":\"Po\u00eales \u00e0 Granul\u00e9s\",\"item\":\"https:\/\/dev.invicta.wp19.axome.cc\/fr\/categorie-produit\/poeles-granules\/\"},{\"@type\":\"ListItem\",\"position\":4,\"name\":\"Po\u00eales \u00e0 Granul\u00e9s Standards\",\"item\":\"https:\/\/dev.invicta.wp19.axome.cc\/fr\/categorie-produit\/poeles-granules\/poeles-a-granules-pellets\/\"},{\"@type\":\"ListItem\",\"position\":5,\"name\":\"Po\u00eale \u00e0 granul\u00e9s Mira 10 Wi-Fi \u2013 Noir &#8211; Po\u00eale \u00e0 pellets\"}]},{\"@type\":\"WebSite\",\"@id\":\"https:\/\/dev.invicta.wp19.axome.cc\/fr\/#website\",\"url\":\"https:\/\/dev.invicta.wp19.axome.cc\/fr\/\",\"name\":\"Invicta\",\"description\":\"Fabricant fran\u00e7ais, sp\u00e9cialiste europ\u00e9en du chauffage au bois : po\u00eales \u00e0 bois et \u00e0 granul\u00e9s, chemin\u00e9es, foyers et inserts\",\"publisher\":{\"@id\":\"https:\/\/dev.invicta.wp19.axome.cc\/fr\/#organization\"},\"potentialAction\":[{\"@type\":\"SearchAction\",\"target\":{\"@type\":\"EntryPoint\",\"urlTemplate\":\"https:\/\/dev.invicta.wp19.axome.cc\/fr\/?s={search_term_string}\"},\"query-input\":{\"@type\":\"PropertyValueSpecification\",\"valueRequired\":true,\"valueName\":\"search_term_string\"}}],\"inLanguage\":\"fr-FR\"},{\"@type\":\"Organization\",\"@id\":\"https:\/\/dev.invicta.wp19.axome.cc\/fr\/#organization\",\"name\":\"Invicta\",\"url\":\"https:\/\/dev.invicta.wp19.axome.cc\/fr\/\",\"logo\":{\"@type\":\"ImageObject\",\"inLanguage\":\"fr-FR\",\"@id\":\"https:\/\/dev.invicta.wp19.axome.cc\/fr\/#\/schema\/logo\/image\/\",\"url\":\"https:\/\/www.invicta.fr\/wp-content\/uploads\/2019\/06\/INVICTALOGO_RVB.png\",\"contentUrl\":\"https:\/\/www.invicta.fr\/wp-content\/uploads\/2019\/06\/INVICTALOGO_RVB.png\",\"width\":1810,\"height\":1280,\"caption\":\"Invicta\"},\"image\":{\"@id\":\"https:\/\/dev.invicta.wp19.axome.cc\/fr\/#\/schema\/logo\/image\/\"}}]}<\/script>\n<!-- \/ Yoast SEO plugin. -->","yoast_head_json":{"title":"Po\u00eale \u00e0 granul\u00e9s Mira 10 Wi-Fi \u2013 Noir - Po\u00eale \u00e0 pellets - Invicta","description":"Lev\u00e9e de rideau sur une magnifique mise en sc\u00e8ne du spectacle des flammes. Acteur performant de votre chauffage Mira 10 suscite l'\u00e9merveillement gr\u00e2ce \u00e0 son habit de m\u00e9tal noir unique et tr\u00e8s tendance.","robots":{"index":"index","follow":"follow","max-snippet":"max-snippet:-1","max-image-preview":"max-image-preview:large","max-video-preview":"max-video-preview:-1"},"canonical":"https:\/\/dev.invicta.wp19.axome.cc\/fr\/produit\/poele-a-granules-mira-10-noir-wi-fi-poele-a-pellets\/","og_locale":"fr_FR","og_type":"article","og_title":"Po\u00eale \u00e0 granul\u00e9s Mira 10 Wi-Fi \u2013 Noir - Po\u00eale \u00e0 pellets - Invicta","og_description":"Lev\u00e9e de rideau sur une magnifique mise en sc\u00e8ne du spectacle des flammes. Acteur performant de votre chauffage Mira 10 suscite l'\u00e9merveillement gr\u00e2ce \u00e0 son habit de m\u00e9tal noir unique et tr\u00e8s tendance.","og_url":"https:\/\/dev.invicta.wp19.axome.cc\/fr\/produit\/poele-a-granules-mira-10-noir-wi-fi-poele-a-pellets\/","og_site_name":"Invicta","article_modified_time":"2025-11-26T08:15:23+00:00","og_image":[{"width":539,"height":900,"url":"https:\/\/dev.invicta.wp19.axome.cc\/wp-content\/uploads\/2025\/06\/C_MIRA10_Wi-Fi_noir_web.jpg","type":"image\/jpeg"}],"twitter_card":"summary_large_image","schema":{"@context":"https:\/\/schema.org","@graph":[{"@type":"WebPage","@id":"https:\/\/dev.invicta.wp19.axome.cc\/fr\/produit\/poele-a-granules-mira-10-noir-wi-fi-poele-a-pellets\/","url":"https:\/\/dev.invicta.wp19.axome.cc\/fr\/produit\/poele-a-granules-mira-10-noir-wi-fi-poele-a-pellets\/","name":"Po\u00eale \u00e0 granul\u00e9s Mira 10 Wi-Fi \u2013 Noir - Po\u00eale \u00e0 pellets - Invicta","isPartOf":{"@id":"https:\/\/dev.invicta.wp19.axome.cc\/fr\/#website"},"primaryImageOfPage":{"@id":"https:\/\/dev.invicta.wp19.axome.cc\/fr\/produit\/poele-a-granules-mira-10-noir-wi-fi-poele-a-pellets\/#primaryimage"},"image":{"@id":"https:\/\/dev.invicta.wp19.axome.cc\/fr\/produit\/poele-a-granules-mira-10-noir-wi-fi-poele-a-pellets\/#primaryimage"},"thumbnailUrl":"https:\/\/dev.invicta.wp19.axome.cc\/wp-content\/uploads\/2025\/06\/C_MIRA10_Wi-Fi_noir_web.jpg","datePublished":"2025-04-30T22:00:00+00:00","dateModified":"2025-11-26T08:15:23+00:00","description":"Lev\u00e9e de rideau sur une magnifique mise en sc\u00e8ne du spectacle des flammes. Acteur performant de votre chauffage Mira 10 suscite l'\u00e9merveillement gr\u00e2ce \u00e0 son habit de m\u00e9tal noir unique et tr\u00e8s tendance.","breadcrumb":{"@id":"https:\/\/dev.invicta.wp19.axome.cc\/fr\/produit\/poele-a-granules-mira-10-noir-wi-fi-poele-a-pellets\/#breadcrumb"},"inLanguage":"fr-FR","potentialAction":[{"@type":"ReadAction","target":["https:\/\/dev.invicta.wp19.axome.cc\/fr\/produit\/poele-a-granules-mira-10-noir-wi-fi-poele-a-pellets\/"]}]},{"@type":"ImageObject","inLanguage":"fr-FR","@id":"https:\/\/dev.invicta.wp19.axome.cc\/fr\/produit\/poele-a-granules-mira-10-noir-wi-fi-poele-a-pellets\/#primaryimage","url":"https:\/\/dev.invicta.wp19.axome.cc\/wp-content\/uploads\/2025\/06\/C_MIRA10_Wi-Fi_noir_web.jpg","contentUrl":"https:\/\/dev.invicta.wp19.axome.cc\/wp-content\/uploads\/2025\/06\/C_MIRA10_Wi-Fi_noir_web.jpg","width":539,"height":900,"caption":"Po\u00eale \u00e0 granul\u00e9s Mira 10 Wi-Fi \u2013 Noir - Po\u00eale \u00e0 pellets"},{"@type":"BreadcrumbList","@id":"https:\/\/dev.invicta.wp19.axome.cc\/fr\/produit\/poele-a-granules-mira-10-noir-wi-fi-poele-a-pellets\/#breadcrumb","itemListElement":[{"@type":"ListItem","position":1,"name":"Accueil","item":"https:\/\/dev.invicta.wp19.axome.cc\/fr\/"},{"@type":"ListItem","position":2,"name":"Produits","item":"https:\/\/dev.invicta.wp19.axome.cc\/fr\/shop\/"},{"@type":"ListItem","position":3,"name":"Po\u00eales \u00e0 Granul\u00e9s","item":"https:\/\/dev.invicta.wp19.axome.cc\/fr\/categorie-produit\/poeles-granules\/"},{"@type":"ListItem","position":4,"name":"Po\u00eales \u00e0 Granul\u00e9s Standards","item":"https:\/\/dev.invicta.wp19.axome.cc\/fr\/categorie-produit\/poeles-granules\/poeles-a-granules-pellets\/"},{"@type":"ListItem","position":5,"name":"Po\u00eale \u00e0 granul\u00e9s Mira 10 Wi-Fi \u2013 Noir &#8211; Po\u00eale \u00e0 pellets"}]},{"@type":"WebSite","@id":"https:\/\/dev.invicta.wp19.axome.cc\/fr\/#website","url":"https:\/\/dev.invicta.wp19.axome.cc\/fr\/","name":"Invicta","description":"Fabricant fran\u00e7ais, sp\u00e9cialiste europ\u00e9en du chauffage au bois : po\u00eales \u00e0 bois et \u00e0 granul\u00e9s, chemin\u00e9es, foyers et inserts","publisher":{"@id":"https:\/\/dev.invicta.wp19.axome.cc\/fr\/#organization"},"potentialAction":[{"@type":"SearchAction","target":{"@type":"EntryPoint","urlTemplate":"https:\/\/dev.invicta.wp19.axome.cc\/fr\/?s={search_term_string}"},"query-input":{"@type":"PropertyValueSpecification","valueRequired":true,"valueName":"search_term_string"}}],"inLanguage":"fr-FR"},{"@type":"Organization","@id":"https:\/\/dev.invicta.wp19.axome.cc\/fr\/#organization","name":"Invicta","url":"https:\/\/dev.invicta.wp19.axome.cc\/fr\/","logo":{"@type":"ImageObject","inLanguage":"fr-FR","@id":"https:\/\/dev.invicta.wp19.axome.cc\/fr\/#\/schema\/logo\/image\/","url":"https:\/\/www.invicta.fr\/wp-content\/uploads\/2019\/06\/INVICTALOGO_RVB.png","contentUrl":"https:\/\/www.invicta.fr\/wp-content\/uploads\/2019\/06\/INVICTALOGO_RVB.png","width":1810,"height":1280,"caption":"Invicta"},"image":{"@id":"https:\/\/dev.invicta.wp19.axome.cc\/fr\/#\/schema\/logo\/image\/"}}]}},"_links":{"self":[{"href":"https:\/\/dev.invicta.wp19.axome.cc\/fr\/wp-json\/wp\/v2\/product\/68913","targetHints":{"allow":["GET"]}}],"collection":[{"href":"https:\/\/dev.invicta.wp19.axome.cc\/fr\/wp-json\/wp\/v2\/product"}],"about":[{"href":"https:\/\/dev.invicta.wp19.axome.cc\/fr\/wp-json\/wp\/v2\/types\/product"}],"wp:featuredmedia":[{"embeddable":true,"href":"https:\/\/dev.invicta.wp19.axome.cc\/fr\/wp-json\/wp\/v2\/media\/68914"}],"wp:attachment":[{"href":"https:\/\/dev.invicta.wp19.axome.cc\/fr\/wp-json\/wp\/v2\/media?parent=68913"}],"wp:term":[{"taxonomy":"product_brand","embeddable":true,"href":"https:\/\/dev.invicta.wp19.axome.cc\/fr\/wp-json\/wp\/v2\/product_brand?post=68913"},{"taxonomy":"product_cat","embeddable":true,"href":"https:\/\/dev.invicta.wp19.axome.cc\/fr\/wp-json\/wp\/v2\/product_cat?post=68913"},{"taxonomy":"product_tag","embeddable":true,"href":"https:\/\/dev.invicta.wp19.axome.cc\/fr\/wp-json\/wp\/v2\/product_tag?post=68913"},{"taxonomy":"plus_produit","embeddable":true,"href":"https:\/\/dev.invicta.wp19.axome.cc\/fr\/wp-json\/wp\/v2\/plus_produit?post=68913"}],"curies":[{"name":"wp","href":"https:\/\/api.w.org\/{rel}","templated":true}]}}