{"id":68920,"date":"2025-11-26T08:26:04","date_gmt":"2025-11-26T07:26:04","guid":{"rendered":"https:\/\/dev.invicta.wp19.axome.cc\/produit\/poele-a-bois-en-fonte-fifty-plus-arche-anthracite\/"},"modified":"2025-11-26T09:26:07","modified_gmt":"2025-11-26T08:26:07","slug":"cast-iron-wood-stove-fifty-arche","status":"publish","type":"product","link":"https:\/\/dev.invicta.wp19.axome.cc\/fr\/produit\/cast-iron-wood-stove-fifty-arche\/","title":{"rendered":"Po\u00eale \u00e0 bois en Fonte Fifty Plus Arche anthracite"},"content":{"rendered":"","protected":false},"excerpt":{"rendered":"<p>Le po\u00eale \u00e0 bois Fifty Arche vous transporte dans le style des ann\u00e9es 50 et dans l&#8217;efficacit\u00e9 \u00e9nerg\u00e9tique du futur.<\/p>\n","protected":false},"featured_media":68921,"template":"","meta":{"_acf_changed":false},"product_brand":[],"product_cat":[2117,25,44,5861,5847,5860,5835,5874,5838,5841,5866,5872,5854,5877],"product_tag":[58,7096,59,7107,51,53,7094,65,6826],"plus_produit":[6930,612,131,6834,1919,129,130],"class_list":{"1":"product","4":"has-post-thumbnail","6":"product_cat-aide-au-choix","7":"product_cat-poeles-bois","8":"product_cat-poeles-a-bois-fonte-acier","9":"product_cat-poeles-a-bois-buches-50-cm","10":"product_cat-poeles-a-bois-blancs","11":"product_cat-poeles-a-bois-contemporains","12":"product_cat-poeles-a-bois-design","13":"product_cat-poeles-a-bois-industriels","14":"product_cat-poeles-a-bois-modernes","15":"product_cat-poeles-a-bois-ronds","16":"product_cat-poeles-a-bois-rouges","17":"product_cat-poeles-a-bois-vintage","18":"product_cat-poeles-a-bois-10-kw","19":"product_cat-poeles-a-bois-11-kw","20":"product_tag-eco-design-2022","21":"product_tag-2-eco-design-2022","22":"product_tag-a-ecolabel","23":"product_tag-combustion-prolongee","24":"product_tag-fonte-100","25":"product_tag-post-combustion","26":"product_tag-vitre-propre","27":"product_tag-garantie-2-ans","28":"product_tag-garantie-extension-3-ans","29":"pa_combustible-recommande-10259","30":"pa_consommation-053-a-222-kg-heure","31":"pa_depart-des-fumees-dessus","32":"pa_designer-non-utilise","33":"pa_diametre-de-buse-10217","34":"pa_indice-de-performance-5571","35":"pa_surface-de-chauffe-55-a-120-m","36":"pa_taux-de-co-0-1","37":"pa_volume-de-chauffe-135-300-m-2","38":"plus_produit-100-fonte","39":"plus_produit-air-secondaire-reglable","40":"plus_produit-combustion-prolongee-8-heures","41":"plus_produit-extension-de-garantie-3-ans","42":"plus_produit-origine-france-garantie","43":"plus_produit-systeme-de-post-combustion","44":"plus_produit-vitre-propre","46":"first","47":"instock","48":"purchasable","49":"product-type-simple"},"acf":[],"yoast_head":"<!-- This site is optimized with the Yoast SEO plugin v24.7 - https:\/\/yoast.com\/wordpress\/plugins\/seo\/ -->\n<title>Po\u00eale \u00e0 bois en Fonte Fifty Plus Arche anthracite - Invicta<\/title>\n<meta name=\"description\" content=\"Le po\u00eale \u00e0 bois Fifty Arche vous transporte dans le style des ann\u00e9es 50 et dans l&#039;efficacit\u00e9 \u00e9nerg\u00e9tique du futur.\" \/>\n<meta name=\"robots\" content=\"index, follow, max-snippet:-1, max-image-preview:large, max-video-preview:-1\" \/>\n<link rel=\"canonical\" href=\"https:\/\/dev.invicta.wp19.axome.cc\/fr\/produit\/cast-iron-wood-stove-fifty-arche\/\" \/>\n<meta property=\"og:locale\" content=\"fr_FR\" \/>\n<meta property=\"og:type\" content=\"article\" \/>\n<meta property=\"og:title\" content=\"Po\u00eale \u00e0 bois en Fonte Fifty Plus Arche anthracite - Invicta\" \/>\n<meta property=\"og:description\" content=\"Le po\u00eale \u00e0 bois Fifty Arche vous transporte dans le style des ann\u00e9es 50 et dans l&#039;efficacit\u00e9 \u00e9nerg\u00e9tique du futur.\" \/>\n<meta property=\"og:url\" content=\"https:\/\/dev.invicta.wp19.axome.cc\/fr\/produit\/cast-iron-wood-stove-fifty-arche\/\" \/>\n<meta property=\"og:site_name\" content=\"Invicta\" \/>\n<meta property=\"article:modified_time\" content=\"2025-11-26T08:26:07+00:00\" \/>\n<meta property=\"og:image\" content=\"https:\/\/dev.invicta.wp19.axome.cc\/wp-content\/uploads\/2025\/06\/C_P647944_FIFTY_ARCHE_ANTHRACITE_web.jpg\" \/>\n\t<meta property=\"og:image:width\" content=\"1000\" \/>\n\t<meta property=\"og:image:height\" content=\"843\" \/>\n\t<meta property=\"og:image:type\" content=\"image\/jpeg\" \/>\n<meta name=\"twitter:card\" content=\"summary_large_image\" \/>\n<script type=\"application\/ld+json\" class=\"yoast-schema-graph\">{\"@context\":\"https:\/\/schema.org\",\"@graph\":[{\"@type\":\"WebPage\",\"@id\":\"https:\/\/dev.invicta.wp19.axome.cc\/fr\/produit\/cast-iron-wood-stove-fifty-arche\/\",\"url\":\"https:\/\/dev.invicta.wp19.axome.cc\/fr\/produit\/cast-iron-wood-stove-fifty-arche\/\",\"name\":\"Po\u00eale \u00e0 bois en Fonte Fifty Plus Arche anthracite - Invicta\",\"isPartOf\":{\"@id\":\"https:\/\/dev.invicta.wp19.axome.cc\/fr\/#website\"},\"primaryImageOfPage\":{\"@id\":\"https:\/\/dev.invicta.wp19.axome.cc\/fr\/produit\/cast-iron-wood-stove-fifty-arche\/#primaryimage\"},\"image\":{\"@id\":\"https:\/\/dev.invicta.wp19.axome.cc\/fr\/produit\/cast-iron-wood-stove-fifty-arche\/#primaryimage\"},\"thumbnailUrl\":\"https:\/\/dev.invicta.wp19.axome.cc\/wp-content\/uploads\/2025\/06\/C_P647944_FIFTY_ARCHE_ANTHRACITE_web.jpg\",\"datePublished\":\"2025-11-26T07:26:04+00:00\",\"dateModified\":\"2025-11-26T08:26:07+00:00\",\"description\":\"Le po\u00eale \u00e0 bois Fifty Arche vous transporte dans le style des ann\u00e9es 50 et dans l'efficacit\u00e9 \u00e9nerg\u00e9tique du futur.\",\"breadcrumb\":{\"@id\":\"https:\/\/dev.invicta.wp19.axome.cc\/fr\/produit\/cast-iron-wood-stove-fifty-arche\/#breadcrumb\"},\"inLanguage\":\"fr-FR\",\"potentialAction\":[{\"@type\":\"ReadAction\",\"target\":[\"https:\/\/dev.invicta.wp19.axome.cc\/fr\/produit\/cast-iron-wood-stove-fifty-arche\/\"]}]},{\"@type\":\"ImageObject\",\"inLanguage\":\"fr-FR\",\"@id\":\"https:\/\/dev.invicta.wp19.axome.cc\/fr\/produit\/cast-iron-wood-stove-fifty-arche\/#primaryimage\",\"url\":\"https:\/\/dev.invicta.wp19.axome.cc\/wp-content\/uploads\/2025\/06\/C_P647944_FIFTY_ARCHE_ANTHRACITE_web.jpg\",\"contentUrl\":\"https:\/\/dev.invicta.wp19.axome.cc\/wp-content\/uploads\/2025\/06\/C_P647944_FIFTY_ARCHE_ANTHRACITE_web.jpg\",\"width\":1000,\"height\":843,\"caption\":\"Po\u00eale \u00e0 bois en Fonte Fifty Plus Arche anthracite\"},{\"@type\":\"BreadcrumbList\",\"@id\":\"https:\/\/dev.invicta.wp19.axome.cc\/fr\/produit\/cast-iron-wood-stove-fifty-arche\/#breadcrumb\",\"itemListElement\":[{\"@type\":\"ListItem\",\"position\":1,\"name\":\"Accueil\",\"item\":\"https:\/\/dev.invicta.wp19.axome.cc\/fr\/\"},{\"@type\":\"ListItem\",\"position\":2,\"name\":\"Produits\",\"item\":\"https:\/\/dev.invicta.wp19.axome.cc\/fr\/shop\/\"},{\"@type\":\"ListItem\",\"position\":3,\"name\":\"Po\u00eales \u00e0 Bois\",\"item\":\"https:\/\/dev.invicta.wp19.axome.cc\/fr\/categorie-produit\/poeles-bois\/\"},{\"@type\":\"ListItem\",\"position\":4,\"name\":\"Po\u00eales \u00e0 Bois en Fonte\",\"item\":\"https:\/\/dev.invicta.wp19.axome.cc\/fr\/categorie-produit\/poeles-bois\/poeles-a-bois-fonte-acier\/\"},{\"@type\":\"ListItem\",\"position\":5,\"name\":\"Po\u00eale \u00e0 bois en Fonte Fifty Plus Arche anthracite\"}]},{\"@type\":\"WebSite\",\"@id\":\"https:\/\/dev.invicta.wp19.axome.cc\/fr\/#website\",\"url\":\"https:\/\/dev.invicta.wp19.axome.cc\/fr\/\",\"name\":\"Invicta\",\"description\":\"Fabricant fran\u00e7ais, sp\u00e9cialiste europ\u00e9en du chauffage au bois : po\u00eales \u00e0 bois et \u00e0 granul\u00e9s, chemin\u00e9es, foyers et inserts\",\"publisher\":{\"@id\":\"https:\/\/dev.invicta.wp19.axome.cc\/fr\/#organization\"},\"potentialAction\":[{\"@type\":\"SearchAction\",\"target\":{\"@type\":\"EntryPoint\",\"urlTemplate\":\"https:\/\/dev.invicta.wp19.axome.cc\/fr\/?s={search_term_string}\"},\"query-input\":{\"@type\":\"PropertyValueSpecification\",\"valueRequired\":true,\"valueName\":\"search_term_string\"}}],\"inLanguage\":\"fr-FR\"},{\"@type\":\"Organization\",\"@id\":\"https:\/\/dev.invicta.wp19.axome.cc\/fr\/#organization\",\"name\":\"Invicta\",\"url\":\"https:\/\/dev.invicta.wp19.axome.cc\/fr\/\",\"logo\":{\"@type\":\"ImageObject\",\"inLanguage\":\"fr-FR\",\"@id\":\"https:\/\/dev.invicta.wp19.axome.cc\/fr\/#\/schema\/logo\/image\/\",\"url\":\"https:\/\/www.invicta.fr\/wp-content\/uploads\/2019\/06\/INVICTALOGO_RVB.png\",\"contentUrl\":\"https:\/\/www.invicta.fr\/wp-content\/uploads\/2019\/06\/INVICTALOGO_RVB.png\",\"width\":1810,\"height\":1280,\"caption\":\"Invicta\"},\"image\":{\"@id\":\"https:\/\/dev.invicta.wp19.axome.cc\/fr\/#\/schema\/logo\/image\/\"}}]}<\/script>\n<!-- \/ Yoast SEO plugin. -->","yoast_head_json":{"title":"Po\u00eale \u00e0 bois en Fonte Fifty Plus Arche anthracite - Invicta","description":"Le po\u00eale \u00e0 bois Fifty Arche vous transporte dans le style des ann\u00e9es 50 et dans l'efficacit\u00e9 \u00e9nerg\u00e9tique du futur.","robots":{"index":"index","follow":"follow","max-snippet":"max-snippet:-1","max-image-preview":"max-image-preview:large","max-video-preview":"max-video-preview:-1"},"canonical":"https:\/\/dev.invicta.wp19.axome.cc\/fr\/produit\/cast-iron-wood-stove-fifty-arche\/","og_locale":"fr_FR","og_type":"article","og_title":"Po\u00eale \u00e0 bois en Fonte Fifty Plus Arche anthracite - Invicta","og_description":"Le po\u00eale \u00e0 bois Fifty Arche vous transporte dans le style des ann\u00e9es 50 et dans l'efficacit\u00e9 \u00e9nerg\u00e9tique du futur.","og_url":"https:\/\/dev.invicta.wp19.axome.cc\/fr\/produit\/cast-iron-wood-stove-fifty-arche\/","og_site_name":"Invicta","article_modified_time":"2025-11-26T08:26:07+00:00","og_image":[{"width":1000,"height":843,"url":"https:\/\/dev.invicta.wp19.axome.cc\/wp-content\/uploads\/2025\/06\/C_P647944_FIFTY_ARCHE_ANTHRACITE_web.jpg","type":"image\/jpeg"}],"twitter_card":"summary_large_image","schema":{"@context":"https:\/\/schema.org","@graph":[{"@type":"WebPage","@id":"https:\/\/dev.invicta.wp19.axome.cc\/fr\/produit\/cast-iron-wood-stove-fifty-arche\/","url":"https:\/\/dev.invicta.wp19.axome.cc\/fr\/produit\/cast-iron-wood-stove-fifty-arche\/","name":"Po\u00eale \u00e0 bois en Fonte Fifty Plus Arche anthracite - Invicta","isPartOf":{"@id":"https:\/\/dev.invicta.wp19.axome.cc\/fr\/#website"},"primaryImageOfPage":{"@id":"https:\/\/dev.invicta.wp19.axome.cc\/fr\/produit\/cast-iron-wood-stove-fifty-arche\/#primaryimage"},"image":{"@id":"https:\/\/dev.invicta.wp19.axome.cc\/fr\/produit\/cast-iron-wood-stove-fifty-arche\/#primaryimage"},"thumbnailUrl":"https:\/\/dev.invicta.wp19.axome.cc\/wp-content\/uploads\/2025\/06\/C_P647944_FIFTY_ARCHE_ANTHRACITE_web.jpg","datePublished":"2025-11-26T07:26:04+00:00","dateModified":"2025-11-26T08:26:07+00:00","description":"Le po\u00eale \u00e0 bois Fifty Arche vous transporte dans le style des ann\u00e9es 50 et dans l'efficacit\u00e9 \u00e9nerg\u00e9tique du futur.","breadcrumb":{"@id":"https:\/\/dev.invicta.wp19.axome.cc\/fr\/produit\/cast-iron-wood-stove-fifty-arche\/#breadcrumb"},"inLanguage":"fr-FR","potentialAction":[{"@type":"ReadAction","target":["https:\/\/dev.invicta.wp19.axome.cc\/fr\/produit\/cast-iron-wood-stove-fifty-arche\/"]}]},{"@type":"ImageObject","inLanguage":"fr-FR","@id":"https:\/\/dev.invicta.wp19.axome.cc\/fr\/produit\/cast-iron-wood-stove-fifty-arche\/#primaryimage","url":"https:\/\/dev.invicta.wp19.axome.cc\/wp-content\/uploads\/2025\/06\/C_P647944_FIFTY_ARCHE_ANTHRACITE_web.jpg","contentUrl":"https:\/\/dev.invicta.wp19.axome.cc\/wp-content\/uploads\/2025\/06\/C_P647944_FIFTY_ARCHE_ANTHRACITE_web.jpg","width":1000,"height":843,"caption":"Po\u00eale \u00e0 bois en Fonte Fifty Plus Arche anthracite"},{"@type":"BreadcrumbList","@id":"https:\/\/dev.invicta.wp19.axome.cc\/fr\/produit\/cast-iron-wood-stove-fifty-arche\/#breadcrumb","itemListElement":[{"@type":"ListItem","position":1,"name":"Accueil","item":"https:\/\/dev.invicta.wp19.axome.cc\/fr\/"},{"@type":"ListItem","position":2,"name":"Produits","item":"https:\/\/dev.invicta.wp19.axome.cc\/fr\/shop\/"},{"@type":"ListItem","position":3,"name":"Po\u00eales \u00e0 Bois","item":"https:\/\/dev.invicta.wp19.axome.cc\/fr\/categorie-produit\/poeles-bois\/"},{"@type":"ListItem","position":4,"name":"Po\u00eales \u00e0 Bois en Fonte","item":"https:\/\/dev.invicta.wp19.axome.cc\/fr\/categorie-produit\/poeles-bois\/poeles-a-bois-fonte-acier\/"},{"@type":"ListItem","position":5,"name":"Po\u00eale \u00e0 bois en Fonte Fifty Plus Arche anthracite"}]},{"@type":"WebSite","@id":"https:\/\/dev.invicta.wp19.axome.cc\/fr\/#website","url":"https:\/\/dev.invicta.wp19.axome.cc\/fr\/","name":"Invicta","description":"Fabricant fran\u00e7ais, sp\u00e9cialiste europ\u00e9en du chauffage au bois : po\u00eales \u00e0 bois et \u00e0 granul\u00e9s, chemin\u00e9es, foyers et inserts","publisher":{"@id":"https:\/\/dev.invicta.wp19.axome.cc\/fr\/#organization"},"potentialAction":[{"@type":"SearchAction","target":{"@type":"EntryPoint","urlTemplate":"https:\/\/dev.invicta.wp19.axome.cc\/fr\/?s={search_term_string}"},"query-input":{"@type":"PropertyValueSpecification","valueRequired":true,"valueName":"search_term_string"}}],"inLanguage":"fr-FR"},{"@type":"Organization","@id":"https:\/\/dev.invicta.wp19.axome.cc\/fr\/#organization","name":"Invicta","url":"https:\/\/dev.invicta.wp19.axome.cc\/fr\/","logo":{"@type":"ImageObject","inLanguage":"fr-FR","@id":"https:\/\/dev.invicta.wp19.axome.cc\/fr\/#\/schema\/logo\/image\/","url":"https:\/\/www.invicta.fr\/wp-content\/uploads\/2019\/06\/INVICTALOGO_RVB.png","contentUrl":"https:\/\/www.invicta.fr\/wp-content\/uploads\/2019\/06\/INVICTALOGO_RVB.png","width":1810,"height":1280,"caption":"Invicta"},"image":{"@id":"https:\/\/dev.invicta.wp19.axome.cc\/fr\/#\/schema\/logo\/image\/"}}]}},"_links":{"self":[{"href":"https:\/\/dev.invicta.wp19.axome.cc\/fr\/wp-json\/wp\/v2\/product\/68920","targetHints":{"allow":["GET"]}}],"collection":[{"href":"https:\/\/dev.invicta.wp19.axome.cc\/fr\/wp-json\/wp\/v2\/product"}],"about":[{"href":"https:\/\/dev.invicta.wp19.axome.cc\/fr\/wp-json\/wp\/v2\/types\/product"}],"wp:featuredmedia":[{"embeddable":true,"href":"https:\/\/dev.invicta.wp19.axome.cc\/fr\/wp-json\/wp\/v2\/media\/68921"}],"wp:attachment":[{"href":"https:\/\/dev.invicta.wp19.axome.cc\/fr\/wp-json\/wp\/v2\/media?parent=68920"}],"wp:term":[{"taxonomy":"product_brand","embeddable":true,"href":"https:\/\/dev.invicta.wp19.axome.cc\/fr\/wp-json\/wp\/v2\/product_brand?post=68920"},{"taxonomy":"product_cat","embeddable":true,"href":"https:\/\/dev.invicta.wp19.axome.cc\/fr\/wp-json\/wp\/v2\/product_cat?post=68920"},{"taxonomy":"product_tag","embeddable":true,"href":"https:\/\/dev.invicta.wp19.axome.cc\/fr\/wp-json\/wp\/v2\/product_tag?post=68920"},{"taxonomy":"plus_produit","embeddable":true,"href":"https:\/\/dev.invicta.wp19.axome.cc\/fr\/wp-json\/wp\/v2\/plus_produit?post=68920"}],"curies":[{"name":"wp","href":"https:\/\/api.w.org\/{rel}","templated":true}]}}