{"id":68932,"date":"2025-11-26T08:35:20","date_gmt":"2025-11-26T07:35:20","guid":{"rendered":"https:\/\/dev.invicta.wp19.axome.cc\/produit\/insert-800-compact-turbo-10-kw\/"},"modified":"2025-11-26T09:35:22","modified_gmt":"2025-11-26T08:35:22","slug":"insert-800-compact","status":"publish","type":"product","link":"https:\/\/dev.invicta.wp19.axome.cc\/fr\/produit\/insert-800-compact\/","title":{"rendered":"Insert 800 Compact Turbo 10 kW"},"content":{"rendered":"","protected":false},"excerpt":{"rendered":"<p>Cet insert grand format insuffle bien-\u00eatre et confort dans votre int\u00e9rieur. Vous profitez de hautes performances \u00e9nerg\u00e9tiques en installant ce mod\u00e8le dans votre chemin\u00e9e ouverte.<\/p>\n","protected":false},"featured_media":68375,"template":"","meta":{"_acf_changed":false},"product_brand":[],"product_cat":[2117,27,81,5888],"product_tag":[58,7096,59,53,7094,65,6825],"plus_produit":[2152,6834,7356,2146,2150,1919,129,130],"class_list":{"1":"product","4":"has-post-thumbnail","6":"product_cat-aide-au-choix","7":"product_cat-inserts-cheminees","8":"product_cat-inserts-a-bois-pour-cheminees","9":"product_cat-inserts-bois-encastrables","10":"product_tag-eco-design-2022","11":"product_tag-2-eco-design-2022","12":"product_tag-a-ecolabel","13":"product_tag-post-combustion","14":"product_tag-vitre-propre","15":"product_tag-garantie-2-ans","16":"product_tag-garantie-extension-1-an","17":"pa_consommation-053-a-222-kg-heure","18":"pa_depart-des-fumees-dessus","19":"pa_designer-non-utilise","20":"pa_diametre-de-buse-10287","21":"pa_indice-de-performance-5571","22":"pa_surface-de-chauffe-55-a-120-m","23":"pa_taux-de-co-0-12","24":"pa_volume-de-chauffe-135-300-m-2","25":"plus_produit-diffusion-dair-chaud-par-ventilation-forcee","26":"plus_produit-extension-de-garantie-3-ans","27":"plus_produit-fonte-carenage-acier","28":"plus_produit-intermittent-et-combustion-prolongee-3-heures","29":"plus_produit-manchettes-en-option","30":"plus_produit-origine-france-garantie","31":"plus_produit-systeme-de-post-combustion","32":"plus_produit-vitre-propre","34":"first","35":"instock","36":"purchasable","37":"product-type-simple"},"acf":[],"yoast_head":"<!-- This site is optimized with the Yoast SEO plugin v24.7 - https:\/\/yoast.com\/wordpress\/plugins\/seo\/ -->\n<title>Insert 800 Compact Turbo 10 kW - Invicta<\/title>\n<meta name=\"description\" content=\"Cet insert grand format insuffle bien-\u00eatre et confort dans votre int\u00e9rieur. Vous profitez de hautes performances \u00e9nerg\u00e9tiques en installant ce mod\u00e8le dans votre chemin\u00e9e ouverte.\" \/>\n<meta name=\"robots\" content=\"index, follow, max-snippet:-1, max-image-preview:large, max-video-preview:-1\" \/>\n<link rel=\"canonical\" href=\"https:\/\/dev.invicta.wp19.axome.cc\/fr\/produit\/insert-800-compact\/\" \/>\n<meta property=\"og:locale\" content=\"fr_FR\" \/>\n<meta property=\"og:type\" content=\"article\" \/>\n<meta property=\"og:title\" content=\"Insert 800 Compact Turbo 10 kW - Invicta\" \/>\n<meta property=\"og:description\" content=\"Cet insert grand format insuffle bien-\u00eatre et confort dans votre int\u00e9rieur. Vous profitez de hautes performances \u00e9nerg\u00e9tiques en installant ce mod\u00e8le dans votre chemin\u00e9e ouverte.\" \/>\n<meta property=\"og:url\" content=\"https:\/\/dev.invicta.wp19.axome.cc\/fr\/produit\/insert-800-compact\/\" \/>\n<meta property=\"og:site_name\" content=\"Invicta\" \/>\n<meta property=\"article:modified_time\" content=\"2025-11-26T08:35:22+00:00\" \/>\n<meta property=\"og:image\" content=\"https:\/\/dev.invicta.wp19.axome.cc\/wp-content\/uploads\/2025\/06\/C-P902840-800-compact-sans-manchette-WEB.jpg\" \/>\n\t<meta property=\"og:image:width\" content=\"1163\" \/>\n\t<meta property=\"og:image:height\" content=\"1000\" \/>\n\t<meta property=\"og:image:type\" content=\"image\/jpeg\" \/>\n<meta name=\"twitter:card\" content=\"summary_large_image\" \/>\n<script type=\"application\/ld+json\" class=\"yoast-schema-graph\">{\"@context\":\"https:\/\/schema.org\",\"@graph\":[{\"@type\":\"WebPage\",\"@id\":\"https:\/\/dev.invicta.wp19.axome.cc\/fr\/produit\/insert-800-compact\/\",\"url\":\"https:\/\/dev.invicta.wp19.axome.cc\/fr\/produit\/insert-800-compact\/\",\"name\":\"Insert 800 Compact Turbo 10 kW - Invicta\",\"isPartOf\":{\"@id\":\"https:\/\/dev.invicta.wp19.axome.cc\/fr\/#website\"},\"primaryImageOfPage\":{\"@id\":\"https:\/\/dev.invicta.wp19.axome.cc\/fr\/produit\/insert-800-compact\/#primaryimage\"},\"image\":{\"@id\":\"https:\/\/dev.invicta.wp19.axome.cc\/fr\/produit\/insert-800-compact\/#primaryimage\"},\"thumbnailUrl\":\"https:\/\/dev.invicta.wp19.axome.cc\/wp-content\/uploads\/2025\/06\/C-P902840-800-compact-sans-manchette-WEB.jpg\",\"datePublished\":\"2025-11-26T07:35:20+00:00\",\"dateModified\":\"2025-11-26T08:35:22+00:00\",\"description\":\"Cet insert grand format insuffle bien-\u00eatre et confort dans votre int\u00e9rieur. Vous profitez de hautes performances \u00e9nerg\u00e9tiques en installant ce mod\u00e8le dans votre chemin\u00e9e ouverte.\",\"breadcrumb\":{\"@id\":\"https:\/\/dev.invicta.wp19.axome.cc\/fr\/produit\/insert-800-compact\/#breadcrumb\"},\"inLanguage\":\"fr-FR\",\"potentialAction\":[{\"@type\":\"ReadAction\",\"target\":[\"https:\/\/dev.invicta.wp19.axome.cc\/fr\/produit\/insert-800-compact\/\"]}]},{\"@type\":\"ImageObject\",\"inLanguage\":\"fr-FR\",\"@id\":\"https:\/\/dev.invicta.wp19.axome.cc\/fr\/produit\/insert-800-compact\/#primaryimage\",\"url\":\"https:\/\/dev.invicta.wp19.axome.cc\/wp-content\/uploads\/2025\/06\/C-P902840-800-compact-sans-manchette-WEB.jpg\",\"contentUrl\":\"https:\/\/dev.invicta.wp19.axome.cc\/wp-content\/uploads\/2025\/06\/C-P902840-800-compact-sans-manchette-WEB.jpg\",\"width\":1163,\"height\":1000,\"caption\":\"Insert 800 Compact Turbo 10 kW\"},{\"@type\":\"BreadcrumbList\",\"@id\":\"https:\/\/dev.invicta.wp19.axome.cc\/fr\/produit\/insert-800-compact\/#breadcrumb\",\"itemListElement\":[{\"@type\":\"ListItem\",\"position\":1,\"name\":\"Accueil\",\"item\":\"https:\/\/dev.invicta.wp19.axome.cc\/fr\/\"},{\"@type\":\"ListItem\",\"position\":2,\"name\":\"Produits\",\"item\":\"https:\/\/dev.invicta.wp19.axome.cc\/fr\/shop\/\"},{\"@type\":\"ListItem\",\"position\":3,\"name\":\"Inserts Chemin\u00e9es\",\"item\":\"https:\/\/dev.invicta.wp19.axome.cc\/fr\/categorie-produit\/inserts-cheminees\/\"},{\"@type\":\"ListItem\",\"position\":4,\"name\":\"Inserts \u00e0 Bois - Chemin\u00e9es\",\"item\":\"https:\/\/dev.invicta.wp19.axome.cc\/fr\/categorie-produit\/inserts-cheminees\/inserts-a-bois-pour-cheminees\/\"},{\"@type\":\"ListItem\",\"position\":5,\"name\":\"Insert 800 Compact Turbo 10 kW\"}]},{\"@type\":\"WebSite\",\"@id\":\"https:\/\/dev.invicta.wp19.axome.cc\/fr\/#website\",\"url\":\"https:\/\/dev.invicta.wp19.axome.cc\/fr\/\",\"name\":\"Invicta\",\"description\":\"Fabricant fran\u00e7ais, sp\u00e9cialiste europ\u00e9en du chauffage au bois : po\u00eales \u00e0 bois et \u00e0 granul\u00e9s, chemin\u00e9es, foyers et inserts\",\"publisher\":{\"@id\":\"https:\/\/dev.invicta.wp19.axome.cc\/fr\/#organization\"},\"potentialAction\":[{\"@type\":\"SearchAction\",\"target\":{\"@type\":\"EntryPoint\",\"urlTemplate\":\"https:\/\/dev.invicta.wp19.axome.cc\/fr\/?s={search_term_string}\"},\"query-input\":{\"@type\":\"PropertyValueSpecification\",\"valueRequired\":true,\"valueName\":\"search_term_string\"}}],\"inLanguage\":\"fr-FR\"},{\"@type\":\"Organization\",\"@id\":\"https:\/\/dev.invicta.wp19.axome.cc\/fr\/#organization\",\"name\":\"Invicta\",\"url\":\"https:\/\/dev.invicta.wp19.axome.cc\/fr\/\",\"logo\":{\"@type\":\"ImageObject\",\"inLanguage\":\"fr-FR\",\"@id\":\"https:\/\/dev.invicta.wp19.axome.cc\/fr\/#\/schema\/logo\/image\/\",\"url\":\"https:\/\/www.invicta.fr\/wp-content\/uploads\/2019\/06\/INVICTALOGO_RVB.png\",\"contentUrl\":\"https:\/\/www.invicta.fr\/wp-content\/uploads\/2019\/06\/INVICTALOGO_RVB.png\",\"width\":1810,\"height\":1280,\"caption\":\"Invicta\"},\"image\":{\"@id\":\"https:\/\/dev.invicta.wp19.axome.cc\/fr\/#\/schema\/logo\/image\/\"}}]}<\/script>\n<!-- \/ Yoast SEO plugin. -->","yoast_head_json":{"title":"Insert 800 Compact Turbo 10 kW - Invicta","description":"Cet insert grand format insuffle bien-\u00eatre et confort dans votre int\u00e9rieur. Vous profitez de hautes performances \u00e9nerg\u00e9tiques en installant ce mod\u00e8le dans votre chemin\u00e9e ouverte.","robots":{"index":"index","follow":"follow","max-snippet":"max-snippet:-1","max-image-preview":"max-image-preview:large","max-video-preview":"max-video-preview:-1"},"canonical":"https:\/\/dev.invicta.wp19.axome.cc\/fr\/produit\/insert-800-compact\/","og_locale":"fr_FR","og_type":"article","og_title":"Insert 800 Compact Turbo 10 kW - Invicta","og_description":"Cet insert grand format insuffle bien-\u00eatre et confort dans votre int\u00e9rieur. Vous profitez de hautes performances \u00e9nerg\u00e9tiques en installant ce mod\u00e8le dans votre chemin\u00e9e ouverte.","og_url":"https:\/\/dev.invicta.wp19.axome.cc\/fr\/produit\/insert-800-compact\/","og_site_name":"Invicta","article_modified_time":"2025-11-26T08:35:22+00:00","og_image":[{"width":1163,"height":1000,"url":"https:\/\/dev.invicta.wp19.axome.cc\/wp-content\/uploads\/2025\/06\/C-P902840-800-compact-sans-manchette-WEB.jpg","type":"image\/jpeg"}],"twitter_card":"summary_large_image","schema":{"@context":"https:\/\/schema.org","@graph":[{"@type":"WebPage","@id":"https:\/\/dev.invicta.wp19.axome.cc\/fr\/produit\/insert-800-compact\/","url":"https:\/\/dev.invicta.wp19.axome.cc\/fr\/produit\/insert-800-compact\/","name":"Insert 800 Compact Turbo 10 kW - Invicta","isPartOf":{"@id":"https:\/\/dev.invicta.wp19.axome.cc\/fr\/#website"},"primaryImageOfPage":{"@id":"https:\/\/dev.invicta.wp19.axome.cc\/fr\/produit\/insert-800-compact\/#primaryimage"},"image":{"@id":"https:\/\/dev.invicta.wp19.axome.cc\/fr\/produit\/insert-800-compact\/#primaryimage"},"thumbnailUrl":"https:\/\/dev.invicta.wp19.axome.cc\/wp-content\/uploads\/2025\/06\/C-P902840-800-compact-sans-manchette-WEB.jpg","datePublished":"2025-11-26T07:35:20+00:00","dateModified":"2025-11-26T08:35:22+00:00","description":"Cet insert grand format insuffle bien-\u00eatre et confort dans votre int\u00e9rieur. Vous profitez de hautes performances \u00e9nerg\u00e9tiques en installant ce mod\u00e8le dans votre chemin\u00e9e ouverte.","breadcrumb":{"@id":"https:\/\/dev.invicta.wp19.axome.cc\/fr\/produit\/insert-800-compact\/#breadcrumb"},"inLanguage":"fr-FR","potentialAction":[{"@type":"ReadAction","target":["https:\/\/dev.invicta.wp19.axome.cc\/fr\/produit\/insert-800-compact\/"]}]},{"@type":"ImageObject","inLanguage":"fr-FR","@id":"https:\/\/dev.invicta.wp19.axome.cc\/fr\/produit\/insert-800-compact\/#primaryimage","url":"https:\/\/dev.invicta.wp19.axome.cc\/wp-content\/uploads\/2025\/06\/C-P902840-800-compact-sans-manchette-WEB.jpg","contentUrl":"https:\/\/dev.invicta.wp19.axome.cc\/wp-content\/uploads\/2025\/06\/C-P902840-800-compact-sans-manchette-WEB.jpg","width":1163,"height":1000,"caption":"Insert 800 Compact Turbo 10 kW"},{"@type":"BreadcrumbList","@id":"https:\/\/dev.invicta.wp19.axome.cc\/fr\/produit\/insert-800-compact\/#breadcrumb","itemListElement":[{"@type":"ListItem","position":1,"name":"Accueil","item":"https:\/\/dev.invicta.wp19.axome.cc\/fr\/"},{"@type":"ListItem","position":2,"name":"Produits","item":"https:\/\/dev.invicta.wp19.axome.cc\/fr\/shop\/"},{"@type":"ListItem","position":3,"name":"Inserts Chemin\u00e9es","item":"https:\/\/dev.invicta.wp19.axome.cc\/fr\/categorie-produit\/inserts-cheminees\/"},{"@type":"ListItem","position":4,"name":"Inserts \u00e0 Bois - Chemin\u00e9es","item":"https:\/\/dev.invicta.wp19.axome.cc\/fr\/categorie-produit\/inserts-cheminees\/inserts-a-bois-pour-cheminees\/"},{"@type":"ListItem","position":5,"name":"Insert 800 Compact Turbo 10 kW"}]},{"@type":"WebSite","@id":"https:\/\/dev.invicta.wp19.axome.cc\/fr\/#website","url":"https:\/\/dev.invicta.wp19.axome.cc\/fr\/","name":"Invicta","description":"Fabricant fran\u00e7ais, sp\u00e9cialiste europ\u00e9en du chauffage au bois : po\u00eales \u00e0 bois et \u00e0 granul\u00e9s, chemin\u00e9es, foyers et inserts","publisher":{"@id":"https:\/\/dev.invicta.wp19.axome.cc\/fr\/#organization"},"potentialAction":[{"@type":"SearchAction","target":{"@type":"EntryPoint","urlTemplate":"https:\/\/dev.invicta.wp19.axome.cc\/fr\/?s={search_term_string}"},"query-input":{"@type":"PropertyValueSpecification","valueRequired":true,"valueName":"search_term_string"}}],"inLanguage":"fr-FR"},{"@type":"Organization","@id":"https:\/\/dev.invicta.wp19.axome.cc\/fr\/#organization","name":"Invicta","url":"https:\/\/dev.invicta.wp19.axome.cc\/fr\/","logo":{"@type":"ImageObject","inLanguage":"fr-FR","@id":"https:\/\/dev.invicta.wp19.axome.cc\/fr\/#\/schema\/logo\/image\/","url":"https:\/\/www.invicta.fr\/wp-content\/uploads\/2019\/06\/INVICTALOGO_RVB.png","contentUrl":"https:\/\/www.invicta.fr\/wp-content\/uploads\/2019\/06\/INVICTALOGO_RVB.png","width":1810,"height":1280,"caption":"Invicta"},"image":{"@id":"https:\/\/dev.invicta.wp19.axome.cc\/fr\/#\/schema\/logo\/image\/"}}]}},"_links":{"self":[{"href":"https:\/\/dev.invicta.wp19.axome.cc\/fr\/wp-json\/wp\/v2\/product\/68932","targetHints":{"allow":["GET"]}}],"collection":[{"href":"https:\/\/dev.invicta.wp19.axome.cc\/fr\/wp-json\/wp\/v2\/product"}],"about":[{"href":"https:\/\/dev.invicta.wp19.axome.cc\/fr\/wp-json\/wp\/v2\/types\/product"}],"wp:featuredmedia":[{"embeddable":true,"href":"https:\/\/dev.invicta.wp19.axome.cc\/fr\/wp-json\/wp\/v2\/media\/68375"}],"wp:attachment":[{"href":"https:\/\/dev.invicta.wp19.axome.cc\/fr\/wp-json\/wp\/v2\/media?parent=68932"}],"wp:term":[{"taxonomy":"product_brand","embeddable":true,"href":"https:\/\/dev.invicta.wp19.axome.cc\/fr\/wp-json\/wp\/v2\/product_brand?post=68932"},{"taxonomy":"product_cat","embeddable":true,"href":"https:\/\/dev.invicta.wp19.axome.cc\/fr\/wp-json\/wp\/v2\/product_cat?post=68932"},{"taxonomy":"product_tag","embeddable":true,"href":"https:\/\/dev.invicta.wp19.axome.cc\/fr\/wp-json\/wp\/v2\/product_tag?post=68932"},{"taxonomy":"plus_produit","embeddable":true,"href":"https:\/\/dev.invicta.wp19.axome.cc\/fr\/wp-json\/wp\/v2\/plus_produit?post=68932"}],"curies":[{"name":"wp","href":"https:\/\/api.w.org\/{rel}","templated":true}]}}