{"id":69647,"date":"2025-11-26T08:27:36","date_gmt":"2025-11-26T12:58:34","guid":{"rendered":"https:\/\/dev.invicta.wp19.axome.cc\/produit\/fogao-de-ferro-fundido-kazan-zen\/"},"modified":"2025-11-26T14:58:36","modified_gmt":"2025-11-26T13:58:36","slug":"ferro-fundido-fogao-kazan-zen","status":"publish","type":"product","link":"https:\/\/dev.invicta.wp19.axome.cc\/pt\/produit\/ferro-fundido-fogao-kazan-zen\/","title":{"rendered":"Fog\u00e3o de ferro fundido Kazan Zen"},"content":{"rendered":"","protected":false},"excerpt":{"rendered":"<p>Com o seu toque hygge, o Kazan zen revela um interior confort\u00e1vel e acolhedor, onde \u00e9 bom encontrar ref\u00fagio. <em>Projeto: Bernard Dequet<\/em><\/p>\n","protected":false},"featured_media":67821,"template":"","meta":{"_acf_changed":false},"product_brand":[],"product_cat":[3105,4842,4188,6225,6224],"product_tag":[3311,3310,3277,3275,3312,4513,6832],"plus_produit":[8087,3883,3858,6837,3306,3326,3307],"class_list":{"1":"product","4":"has-post-thumbnail","6":"product_cat-ajuda-na-selecao","7":"product_cat-salamandras-a-lenha","8":"product_cat-salamandras-a-lenha-em-ferro-fundido-ou-em-aco-salamandras-a-lenha","9":"product_cat-9-kw-fogoes-a-lenha","10":"product_cat-fogoes-a-lenha-com-saida-traseira","11":"product_tag-flamme-verte-7-pt","12":"product_tag-eco-design-2022-es-pt","13":"product_tag-certificacion-ecolabel-a-pt","14":"product_tag-100-hierro-fundido-pt","15":"product_tag-post-combustion-es-pt","16":"product_tag-garantia-de-3-anos-pt","17":"product_tag-y-extension-garantie-2ans-por","18":"pa_consommation-053-a-222-kg-hora","19":"pa_depart-des-fumees-parte-superior-pt","20":"pa_depart-des-fumees-parte-traseira","21":"pa_indice-de-performance-100-pt","22":"pa_surface-de-chauffe-50-a-110-m-pt","23":"pa_volume-de-chauffe-125-a-275-m-pt","24":"plus_produit-100-fonte-4","25":"plus_produit-ar-secundario-ajustavel-pt","26":"plus_produit-combustion-prolongada-8-horas-pt","27":"plus_produit-extensao-de-garantia-2-anos","28":"plus_produit-origine-france-garantie","29":"plus_produit-sistema-de-post-combustion-pt","30":"plus_produit-vidro-proprio","32":"first","33":"instock","34":"purchasable","35":"product-type-simple"},"acf":[],"yoast_head":"<!-- This site is optimized with the Yoast SEO plugin v24.7 - https:\/\/yoast.com\/wordpress\/plugins\/seo\/ -->\n<title>Fog\u00e3o de ferro fundido Kazan Zen - Invicta<\/title>\n<meta name=\"description\" content=\"Com o seu toque hygge, o Kazan zen revela um interior confort\u00e1vel e acolhedor, onde \u00e9 bom encontrar ref\u00fagio. Projeto: Bernard Dequet\" \/>\n<meta name=\"robots\" content=\"index, follow, max-snippet:-1, max-image-preview:large, max-video-preview:-1\" \/>\n<link rel=\"canonical\" href=\"https:\/\/dev.invicta.wp19.axome.cc\/pt\/produit\/ferro-fundido-fogao-kazan-zen\/\" \/>\n<meta property=\"og:locale\" content=\"pt_PT\" \/>\n<meta property=\"og:type\" content=\"article\" \/>\n<meta property=\"og:title\" content=\"Fog\u00e3o de ferro fundido Kazan Zen - Invicta\" \/>\n<meta property=\"og:description\" content=\"Com o seu toque hygge, o Kazan zen revela um interior confort\u00e1vel e acolhedor, onde \u00e9 bom encontrar ref\u00fagio. Projeto: Bernard Dequet\" \/>\n<meta property=\"og:url\" content=\"https:\/\/dev.invicta.wp19.axome.cc\/pt\/produit\/ferro-fundido-fogao-kazan-zen\/\" \/>\n<meta property=\"og:site_name\" content=\"Invicta\" \/>\n<meta property=\"article:modified_time\" content=\"2025-11-26T13:58:36+00:00\" \/>\n<meta property=\"og:image\" content=\"https:\/\/dev.invicta.wp19.axome.cc\/wp-content\/uploads\/2025\/06\/A_KAZAN_ZEN.jpg\" \/>\n\t<meta property=\"og:image:width\" content=\"714\" \/>\n\t<meta property=\"og:image:height\" content=\"1000\" \/>\n\t<meta property=\"og:image:type\" content=\"image\/jpeg\" \/>\n<meta name=\"twitter:card\" content=\"summary_large_image\" \/>\n<script type=\"application\/ld+json\" class=\"yoast-schema-graph\">{\"@context\":\"https:\/\/schema.org\",\"@graph\":[{\"@type\":\"WebPage\",\"@id\":\"https:\/\/dev.invicta.wp19.axome.cc\/pt\/produit\/ferro-fundido-fogao-kazan-zen\/\",\"url\":\"https:\/\/dev.invicta.wp19.axome.cc\/pt\/produit\/ferro-fundido-fogao-kazan-zen\/\",\"name\":\"Fog\u00e3o de ferro fundido Kazan Zen - Invicta\",\"isPartOf\":{\"@id\":\"https:\/\/dev.invicta.wp19.axome.cc\/pt\/#website\"},\"primaryImageOfPage\":{\"@id\":\"https:\/\/dev.invicta.wp19.axome.cc\/pt\/produit\/ferro-fundido-fogao-kazan-zen\/#primaryimage\"},\"image\":{\"@id\":\"https:\/\/dev.invicta.wp19.axome.cc\/pt\/produit\/ferro-fundido-fogao-kazan-zen\/#primaryimage\"},\"thumbnailUrl\":\"https:\/\/dev.invicta.wp19.axome.cc\/wp-content\/uploads\/2025\/06\/A_KAZAN_ZEN.jpg\",\"datePublished\":\"2025-11-26T12:58:34+00:00\",\"dateModified\":\"2025-11-26T13:58:36+00:00\",\"description\":\"Com o seu toque hygge, o Kazan zen revela um interior confort\u00e1vel e acolhedor, onde \u00e9 bom encontrar ref\u00fagio. Projeto: Bernard Dequet\",\"breadcrumb\":{\"@id\":\"https:\/\/dev.invicta.wp19.axome.cc\/pt\/produit\/ferro-fundido-fogao-kazan-zen\/#breadcrumb\"},\"inLanguage\":\"pt-PT\",\"potentialAction\":[{\"@type\":\"ReadAction\",\"target\":[\"https:\/\/dev.invicta.wp19.axome.cc\/pt\/produit\/ferro-fundido-fogao-kazan-zen\/\"]}]},{\"@type\":\"ImageObject\",\"inLanguage\":\"pt-PT\",\"@id\":\"https:\/\/dev.invicta.wp19.axome.cc\/pt\/produit\/ferro-fundido-fogao-kazan-zen\/#primaryimage\",\"url\":\"https:\/\/dev.invicta.wp19.axome.cc\/wp-content\/uploads\/2025\/06\/A_KAZAN_ZEN.jpg\",\"contentUrl\":\"https:\/\/dev.invicta.wp19.axome.cc\/wp-content\/uploads\/2025\/06\/A_KAZAN_ZEN.jpg\",\"width\":714,\"height\":1000,\"caption\":\"Po\u00eale \u00e0 bois en fonte Kazan Zen\"},{\"@type\":\"BreadcrumbList\",\"@id\":\"https:\/\/dev.invicta.wp19.axome.cc\/pt\/produit\/ferro-fundido-fogao-kazan-zen\/#breadcrumb\",\"itemListElement\":[{\"@type\":\"ListItem\",\"position\":1,\"name\":\"Home\",\"item\":\"https:\/\/dev.invicta.wp19.axome.cc\/pt\/\"},{\"@type\":\"ListItem\",\"position\":2,\"name\":\"Produtos\",\"item\":\"https:\/\/dev.invicta.wp19.axome.cc\/pt\/shop\/\"},{\"@type\":\"ListItem\",\"position\":3,\"name\":\"Salamandras a lenha\",\"item\":\"https:\/\/dev.invicta.wp19.axome.cc\/pt\/categorie-produit\/salamandras-a-lenha\/\"},{\"@type\":\"ListItem\",\"position\":4,\"name\":\"Salamandras a lenha em ferro fundido ou em a\u00e7o\",\"item\":\"https:\/\/dev.invicta.wp19.axome.cc\/pt\/categorie-produit\/salamandras-a-lenha\/salamandras-a-lenha-em-ferro-fundido-ou-em-aco-salamandras-a-lenha\/\"},{\"@type\":\"ListItem\",\"position\":5,\"name\":\"Fog\u00e3o de ferro fundido Kazan Zen\"}]},{\"@type\":\"WebSite\",\"@id\":\"https:\/\/dev.invicta.wp19.axome.cc\/pt\/#website\",\"url\":\"https:\/\/dev.invicta.wp19.axome.cc\/pt\/\",\"name\":\"Invicta\",\"description\":\"Fabricant fran\u00e7ais, sp\u00e9cialiste europ\u00e9en du chauffage au bois : po\u00eales \u00e0 bois et \u00e0 granul\u00e9s, chemin\u00e9es, foyers et inserts\",\"publisher\":{\"@id\":\"https:\/\/dev.invicta.wp19.axome.cc\/pt\/#organization\"},\"potentialAction\":[{\"@type\":\"SearchAction\",\"target\":{\"@type\":\"EntryPoint\",\"urlTemplate\":\"https:\/\/dev.invicta.wp19.axome.cc\/pt\/?s={search_term_string}\"},\"query-input\":{\"@type\":\"PropertyValueSpecification\",\"valueRequired\":true,\"valueName\":\"search_term_string\"}}],\"inLanguage\":\"pt-PT\"},{\"@type\":\"Organization\",\"@id\":\"https:\/\/dev.invicta.wp19.axome.cc\/pt\/#organization\",\"name\":\"Invicta\",\"url\":\"https:\/\/dev.invicta.wp19.axome.cc\/pt\/\",\"logo\":{\"@type\":\"ImageObject\",\"inLanguage\":\"pt-PT\",\"@id\":\"https:\/\/dev.invicta.wp19.axome.cc\/pt\/#\/schema\/logo\/image\/\",\"url\":\"https:\/\/www.invicta.fr\/wp-content\/uploads\/2019\/06\/INVICTALOGO_RVB.png\",\"contentUrl\":\"https:\/\/www.invicta.fr\/wp-content\/uploads\/2019\/06\/INVICTALOGO_RVB.png\",\"width\":1810,\"height\":1280,\"caption\":\"Invicta\"},\"image\":{\"@id\":\"https:\/\/dev.invicta.wp19.axome.cc\/pt\/#\/schema\/logo\/image\/\"}}]}<\/script>\n<!-- \/ Yoast SEO plugin. -->","yoast_head_json":{"title":"Fog\u00e3o de ferro fundido Kazan Zen - Invicta","description":"Com o seu toque hygge, o Kazan zen revela um interior confort\u00e1vel e acolhedor, onde \u00e9 bom encontrar ref\u00fagio. Projeto: Bernard Dequet","robots":{"index":"index","follow":"follow","max-snippet":"max-snippet:-1","max-image-preview":"max-image-preview:large","max-video-preview":"max-video-preview:-1"},"canonical":"https:\/\/dev.invicta.wp19.axome.cc\/pt\/produit\/ferro-fundido-fogao-kazan-zen\/","og_locale":"pt_PT","og_type":"article","og_title":"Fog\u00e3o de ferro fundido Kazan Zen - Invicta","og_description":"Com o seu toque hygge, o Kazan zen revela um interior confort\u00e1vel e acolhedor, onde \u00e9 bom encontrar ref\u00fagio. Projeto: Bernard Dequet","og_url":"https:\/\/dev.invicta.wp19.axome.cc\/pt\/produit\/ferro-fundido-fogao-kazan-zen\/","og_site_name":"Invicta","article_modified_time":"2025-11-26T13:58:36+00:00","og_image":[{"width":714,"height":1000,"url":"https:\/\/dev.invicta.wp19.axome.cc\/wp-content\/uploads\/2025\/06\/A_KAZAN_ZEN.jpg","type":"image\/jpeg"}],"twitter_card":"summary_large_image","schema":{"@context":"https:\/\/schema.org","@graph":[{"@type":"WebPage","@id":"https:\/\/dev.invicta.wp19.axome.cc\/pt\/produit\/ferro-fundido-fogao-kazan-zen\/","url":"https:\/\/dev.invicta.wp19.axome.cc\/pt\/produit\/ferro-fundido-fogao-kazan-zen\/","name":"Fog\u00e3o de ferro fundido Kazan Zen - Invicta","isPartOf":{"@id":"https:\/\/dev.invicta.wp19.axome.cc\/pt\/#website"},"primaryImageOfPage":{"@id":"https:\/\/dev.invicta.wp19.axome.cc\/pt\/produit\/ferro-fundido-fogao-kazan-zen\/#primaryimage"},"image":{"@id":"https:\/\/dev.invicta.wp19.axome.cc\/pt\/produit\/ferro-fundido-fogao-kazan-zen\/#primaryimage"},"thumbnailUrl":"https:\/\/dev.invicta.wp19.axome.cc\/wp-content\/uploads\/2025\/06\/A_KAZAN_ZEN.jpg","datePublished":"2025-11-26T12:58:34+00:00","dateModified":"2025-11-26T13:58:36+00:00","description":"Com o seu toque hygge, o Kazan zen revela um interior confort\u00e1vel e acolhedor, onde \u00e9 bom encontrar ref\u00fagio. Projeto: Bernard Dequet","breadcrumb":{"@id":"https:\/\/dev.invicta.wp19.axome.cc\/pt\/produit\/ferro-fundido-fogao-kazan-zen\/#breadcrumb"},"inLanguage":"pt-PT","potentialAction":[{"@type":"ReadAction","target":["https:\/\/dev.invicta.wp19.axome.cc\/pt\/produit\/ferro-fundido-fogao-kazan-zen\/"]}]},{"@type":"ImageObject","inLanguage":"pt-PT","@id":"https:\/\/dev.invicta.wp19.axome.cc\/pt\/produit\/ferro-fundido-fogao-kazan-zen\/#primaryimage","url":"https:\/\/dev.invicta.wp19.axome.cc\/wp-content\/uploads\/2025\/06\/A_KAZAN_ZEN.jpg","contentUrl":"https:\/\/dev.invicta.wp19.axome.cc\/wp-content\/uploads\/2025\/06\/A_KAZAN_ZEN.jpg","width":714,"height":1000,"caption":"Po\u00eale \u00e0 bois en fonte Kazan Zen"},{"@type":"BreadcrumbList","@id":"https:\/\/dev.invicta.wp19.axome.cc\/pt\/produit\/ferro-fundido-fogao-kazan-zen\/#breadcrumb","itemListElement":[{"@type":"ListItem","position":1,"name":"Home","item":"https:\/\/dev.invicta.wp19.axome.cc\/pt\/"},{"@type":"ListItem","position":2,"name":"Produtos","item":"https:\/\/dev.invicta.wp19.axome.cc\/pt\/shop\/"},{"@type":"ListItem","position":3,"name":"Salamandras a lenha","item":"https:\/\/dev.invicta.wp19.axome.cc\/pt\/categorie-produit\/salamandras-a-lenha\/"},{"@type":"ListItem","position":4,"name":"Salamandras a lenha em ferro fundido ou em a\u00e7o","item":"https:\/\/dev.invicta.wp19.axome.cc\/pt\/categorie-produit\/salamandras-a-lenha\/salamandras-a-lenha-em-ferro-fundido-ou-em-aco-salamandras-a-lenha\/"},{"@type":"ListItem","position":5,"name":"Fog\u00e3o de ferro fundido Kazan Zen"}]},{"@type":"WebSite","@id":"https:\/\/dev.invicta.wp19.axome.cc\/pt\/#website","url":"https:\/\/dev.invicta.wp19.axome.cc\/pt\/","name":"Invicta","description":"Fabricant fran\u00e7ais, sp\u00e9cialiste europ\u00e9en du chauffage au bois : po\u00eales \u00e0 bois et \u00e0 granul\u00e9s, chemin\u00e9es, foyers et inserts","publisher":{"@id":"https:\/\/dev.invicta.wp19.axome.cc\/pt\/#organization"},"potentialAction":[{"@type":"SearchAction","target":{"@type":"EntryPoint","urlTemplate":"https:\/\/dev.invicta.wp19.axome.cc\/pt\/?s={search_term_string}"},"query-input":{"@type":"PropertyValueSpecification","valueRequired":true,"valueName":"search_term_string"}}],"inLanguage":"pt-PT"},{"@type":"Organization","@id":"https:\/\/dev.invicta.wp19.axome.cc\/pt\/#organization","name":"Invicta","url":"https:\/\/dev.invicta.wp19.axome.cc\/pt\/","logo":{"@type":"ImageObject","inLanguage":"pt-PT","@id":"https:\/\/dev.invicta.wp19.axome.cc\/pt\/#\/schema\/logo\/image\/","url":"https:\/\/www.invicta.fr\/wp-content\/uploads\/2019\/06\/INVICTALOGO_RVB.png","contentUrl":"https:\/\/www.invicta.fr\/wp-content\/uploads\/2019\/06\/INVICTALOGO_RVB.png","width":1810,"height":1280,"caption":"Invicta"},"image":{"@id":"https:\/\/dev.invicta.wp19.axome.cc\/pt\/#\/schema\/logo\/image\/"}}]}},"_links":{"self":[{"href":"https:\/\/dev.invicta.wp19.axome.cc\/pt\/wp-json\/wp\/v2\/product\/69647","targetHints":{"allow":["GET"]}}],"collection":[{"href":"https:\/\/dev.invicta.wp19.axome.cc\/pt\/wp-json\/wp\/v2\/product"}],"about":[{"href":"https:\/\/dev.invicta.wp19.axome.cc\/pt\/wp-json\/wp\/v2\/types\/product"}],"wp:featuredmedia":[{"embeddable":true,"href":"https:\/\/dev.invicta.wp19.axome.cc\/pt\/wp-json\/wp\/v2\/media\/67821"}],"wp:attachment":[{"href":"https:\/\/dev.invicta.wp19.axome.cc\/pt\/wp-json\/wp\/v2\/media?parent=69647"}],"wp:term":[{"taxonomy":"product_brand","embeddable":true,"href":"https:\/\/dev.invicta.wp19.axome.cc\/pt\/wp-json\/wp\/v2\/product_brand?post=69647"},{"taxonomy":"product_cat","embeddable":true,"href":"https:\/\/dev.invicta.wp19.axome.cc\/pt\/wp-json\/wp\/v2\/product_cat?post=69647"},{"taxonomy":"product_tag","embeddable":true,"href":"https:\/\/dev.invicta.wp19.axome.cc\/pt\/wp-json\/wp\/v2\/product_tag?post=69647"},{"taxonomy":"plus_produit","embeddable":true,"href":"https:\/\/dev.invicta.wp19.axome.cc\/pt\/wp-json\/wp\/v2\/plus_produit?post=69647"}],"curies":[{"name":"wp","href":"https:\/\/api.w.org\/{rel}","templated":true}]}}