{"id":69649,"date":"2025-11-26T08:22:03","date_gmt":"2025-11-26T12:53:06","guid":{"rendered":"https:\/\/dev.invicta.wp19.axome.cc\/produit\/fogao-de-ferro-fundido-iwaki\/"},"modified":"2025-11-26T14:53:09","modified_gmt":"2025-11-26T13:53:09","slug":"ferro-fundido-fogao-iwaki","status":"publish","type":"product","link":"https:\/\/dev.invicta.wp19.axome.cc\/pt\/produit\/ferro-fundido-fogao-iwaki\/","title":{"rendered":"Fog\u00e3o de ferro fundido Iwaki"},"content":{"rendered":"","protected":false},"excerpt":{"rendered":"<p>Com esp\u00edrito Zen, Iwaki transmite harmonia e serenidade ao seu interior. Sinta toda a energia positiva que emerge deste fog\u00e3o de propor\u00e7\u00f5es equilibradas. Projeto: Bernard Dequet<\/p>\n","protected":false},"featured_media":67827,"template":"","meta":{"_acf_changed":false},"product_brand":[],"product_cat":[3105,4842,4188,6124,6125,6121,6127,6122,6178,6224],"product_tag":[3311,3310,3277,3275,3312,4513,6832],"plus_produit":[8087,3883,3858,6837,3306,3326,3307],"class_list":{"1":"product","4":"has-post-thumbnail","6":"product_cat-ajuda-na-selecao","7":"product_cat-salamandras-a-lenha","8":"product_cat-salamandras-a-lenha-em-ferro-fundido-ou-em-aco-salamandras-a-lenha","9":"product_cat-7-kw-fogoes-a-lenha","10":"product_cat-fogoes-a-lenha-contemporaneos","11":"product_cat-fogoes-a-lenha-de-design","12":"product_cat-fogoes-industriais-a-lenha","13":"product_cat-fogoes-modernos-a-lenha","14":"product_cat-fogoes-a-lenha-pequenos","15":"product_cat-fogoes-a-lenha-com-saida-traseira","16":"product_tag-flamme-verte-7-pt","17":"product_tag-eco-design-2022-es-pt","18":"product_tag-certificacion-ecolabel-a-pt","19":"product_tag-100-hierro-fundido-pt","20":"product_tag-post-combustion-es-pt","21":"product_tag-garantia-de-3-anos-pt","22":"product_tag-y-extension-garantie-2ans-por","23":"pa_consommation-053-a-222-kg-hora","24":"pa_depart-des-fumees-parte-superior-pt","25":"pa_depart-des-fumees-parte-traseira","26":"pa_indice-de-performance-103-pt","27":"pa_surface-de-chauffe-40-a-85-m-pt","28":"pa_volume-de-chauffe-100-210-m-pt","29":"plus_produit-100-fonte-4","30":"plus_produit-ar-secundario-ajustavel-pt","31":"plus_produit-combustion-prolongada-8-horas-pt","32":"plus_produit-extensao-de-garantia-2-anos","33":"plus_produit-origine-france-garantie","34":"plus_produit-sistema-de-post-combustion-pt","35":"plus_produit-vidro-proprio","37":"first","38":"instock","39":"purchasable","40":"product-type-simple"},"acf":[],"yoast_head":"<!-- This site is optimized with the Yoast SEO plugin v24.7 - https:\/\/yoast.com\/wordpress\/plugins\/seo\/ -->\n<title>Fog\u00e3o de ferro fundido Iwaki - Invicta<\/title>\n<meta name=\"description\" content=\"Com esp\u00edrito Zen, Iwaki transmite harmonia e serenidade ao seu interior. Sinta toda a energia positiva que emerge deste fog\u00e3o de propor\u00e7\u00f5es equilibradas. Projeto: Bernard Dequet\" \/>\n<meta name=\"robots\" content=\"index, follow, max-snippet:-1, max-image-preview:large, max-video-preview:-1\" \/>\n<link rel=\"canonical\" href=\"https:\/\/dev.invicta.wp19.axome.cc\/pt\/produit\/ferro-fundido-fogao-iwaki\/\" \/>\n<meta property=\"og:locale\" content=\"pt_PT\" \/>\n<meta property=\"og:type\" content=\"article\" \/>\n<meta property=\"og:title\" content=\"Fog\u00e3o de ferro fundido Iwaki - Invicta\" \/>\n<meta property=\"og:description\" content=\"Com esp\u00edrito Zen, Iwaki transmite harmonia e serenidade ao seu interior. Sinta toda a energia positiva que emerge deste fog\u00e3o de propor\u00e7\u00f5es equilibradas. Projeto: Bernard Dequet\" \/>\n<meta property=\"og:url\" content=\"https:\/\/dev.invicta.wp19.axome.cc\/pt\/produit\/ferro-fundido-fogao-iwaki\/\" \/>\n<meta property=\"og:site_name\" content=\"Invicta\" \/>\n<meta property=\"article:modified_time\" content=\"2025-11-26T13:53:09+00:00\" \/>\n<meta property=\"og:image\" content=\"https:\/\/dev.invicta.wp19.axome.cc\/wp-content\/uploads\/2025\/06\/NEW-iwaki-ambiance_1431531632.jpg\" \/>\n\t<meta property=\"og:image:width\" content=\"1276\" \/>\n\t<meta property=\"og:image:height\" content=\"1042\" \/>\n\t<meta property=\"og:image:type\" content=\"image\/jpeg\" \/>\n<meta name=\"twitter:card\" content=\"summary_large_image\" \/>\n<script type=\"application\/ld+json\" class=\"yoast-schema-graph\">{\"@context\":\"https:\/\/schema.org\",\"@graph\":[{\"@type\":\"WebPage\",\"@id\":\"https:\/\/dev.invicta.wp19.axome.cc\/pt\/produit\/ferro-fundido-fogao-iwaki\/\",\"url\":\"https:\/\/dev.invicta.wp19.axome.cc\/pt\/produit\/ferro-fundido-fogao-iwaki\/\",\"name\":\"Fog\u00e3o de ferro fundido Iwaki - Invicta\",\"isPartOf\":{\"@id\":\"https:\/\/dev.invicta.wp19.axome.cc\/pt\/#website\"},\"primaryImageOfPage\":{\"@id\":\"https:\/\/dev.invicta.wp19.axome.cc\/pt\/produit\/ferro-fundido-fogao-iwaki\/#primaryimage\"},\"image\":{\"@id\":\"https:\/\/dev.invicta.wp19.axome.cc\/pt\/produit\/ferro-fundido-fogao-iwaki\/#primaryimage\"},\"thumbnailUrl\":\"https:\/\/dev.invicta.wp19.axome.cc\/wp-content\/uploads\/2025\/06\/NEW-iwaki-ambiance_1431531632.jpg\",\"datePublished\":\"2025-11-26T12:53:06+00:00\",\"dateModified\":\"2025-11-26T13:53:09+00:00\",\"description\":\"Com esp\u00edrito Zen, Iwaki transmite harmonia e serenidade ao seu interior. Sinta toda a energia positiva que emerge deste fog\u00e3o de propor\u00e7\u00f5es equilibradas. Projeto: Bernard Dequet\",\"breadcrumb\":{\"@id\":\"https:\/\/dev.invicta.wp19.axome.cc\/pt\/produit\/ferro-fundido-fogao-iwaki\/#breadcrumb\"},\"inLanguage\":\"pt-PT\",\"potentialAction\":[{\"@type\":\"ReadAction\",\"target\":[\"https:\/\/dev.invicta.wp19.axome.cc\/pt\/produit\/ferro-fundido-fogao-iwaki\/\"]}]},{\"@type\":\"ImageObject\",\"inLanguage\":\"pt-PT\",\"@id\":\"https:\/\/dev.invicta.wp19.axome.cc\/pt\/produit\/ferro-fundido-fogao-iwaki\/#primaryimage\",\"url\":\"https:\/\/dev.invicta.wp19.axome.cc\/wp-content\/uploads\/2025\/06\/NEW-iwaki-ambiance_1431531632.jpg\",\"contentUrl\":\"https:\/\/dev.invicta.wp19.axome.cc\/wp-content\/uploads\/2025\/06\/NEW-iwaki-ambiance_1431531632.jpg\",\"width\":1276,\"height\":1042,\"caption\":\"Po\u00eale \u00e0 bois en fonte Iwaki\"},{\"@type\":\"BreadcrumbList\",\"@id\":\"https:\/\/dev.invicta.wp19.axome.cc\/pt\/produit\/ferro-fundido-fogao-iwaki\/#breadcrumb\",\"itemListElement\":[{\"@type\":\"ListItem\",\"position\":1,\"name\":\"Home\",\"item\":\"https:\/\/dev.invicta.wp19.axome.cc\/pt\/\"},{\"@type\":\"ListItem\",\"position\":2,\"name\":\"Produtos\",\"item\":\"https:\/\/dev.invicta.wp19.axome.cc\/pt\/shop\/\"},{\"@type\":\"ListItem\",\"position\":3,\"name\":\"Salamandras a lenha\",\"item\":\"https:\/\/dev.invicta.wp19.axome.cc\/pt\/categorie-produit\/salamandras-a-lenha\/\"},{\"@type\":\"ListItem\",\"position\":4,\"name\":\"Salamandras a lenha em ferro fundido ou em a\u00e7o\",\"item\":\"https:\/\/dev.invicta.wp19.axome.cc\/pt\/categorie-produit\/salamandras-a-lenha\/salamandras-a-lenha-em-ferro-fundido-ou-em-aco-salamandras-a-lenha\/\"},{\"@type\":\"ListItem\",\"position\":5,\"name\":\"Fog\u00e3o de ferro fundido Iwaki\"}]},{\"@type\":\"WebSite\",\"@id\":\"https:\/\/dev.invicta.wp19.axome.cc\/pt\/#website\",\"url\":\"https:\/\/dev.invicta.wp19.axome.cc\/pt\/\",\"name\":\"Invicta\",\"description\":\"Fabricant fran\u00e7ais, sp\u00e9cialiste europ\u00e9en du chauffage au bois : po\u00eales \u00e0 bois et \u00e0 granul\u00e9s, chemin\u00e9es, foyers et inserts\",\"publisher\":{\"@id\":\"https:\/\/dev.invicta.wp19.axome.cc\/pt\/#organization\"},\"potentialAction\":[{\"@type\":\"SearchAction\",\"target\":{\"@type\":\"EntryPoint\",\"urlTemplate\":\"https:\/\/dev.invicta.wp19.axome.cc\/pt\/?s={search_term_string}\"},\"query-input\":{\"@type\":\"PropertyValueSpecification\",\"valueRequired\":true,\"valueName\":\"search_term_string\"}}],\"inLanguage\":\"pt-PT\"},{\"@type\":\"Organization\",\"@id\":\"https:\/\/dev.invicta.wp19.axome.cc\/pt\/#organization\",\"name\":\"Invicta\",\"url\":\"https:\/\/dev.invicta.wp19.axome.cc\/pt\/\",\"logo\":{\"@type\":\"ImageObject\",\"inLanguage\":\"pt-PT\",\"@id\":\"https:\/\/dev.invicta.wp19.axome.cc\/pt\/#\/schema\/logo\/image\/\",\"url\":\"https:\/\/www.invicta.fr\/wp-content\/uploads\/2019\/06\/INVICTALOGO_RVB.png\",\"contentUrl\":\"https:\/\/www.invicta.fr\/wp-content\/uploads\/2019\/06\/INVICTALOGO_RVB.png\",\"width\":1810,\"height\":1280,\"caption\":\"Invicta\"},\"image\":{\"@id\":\"https:\/\/dev.invicta.wp19.axome.cc\/pt\/#\/schema\/logo\/image\/\"}}]}<\/script>\n<!-- \/ Yoast SEO plugin. -->","yoast_head_json":{"title":"Fog\u00e3o de ferro fundido Iwaki - Invicta","description":"Com esp\u00edrito Zen, Iwaki transmite harmonia e serenidade ao seu interior. Sinta toda a energia positiva que emerge deste fog\u00e3o de propor\u00e7\u00f5es equilibradas. Projeto: Bernard Dequet","robots":{"index":"index","follow":"follow","max-snippet":"max-snippet:-1","max-image-preview":"max-image-preview:large","max-video-preview":"max-video-preview:-1"},"canonical":"https:\/\/dev.invicta.wp19.axome.cc\/pt\/produit\/ferro-fundido-fogao-iwaki\/","og_locale":"pt_PT","og_type":"article","og_title":"Fog\u00e3o de ferro fundido Iwaki - Invicta","og_description":"Com esp\u00edrito Zen, Iwaki transmite harmonia e serenidade ao seu interior. Sinta toda a energia positiva que emerge deste fog\u00e3o de propor\u00e7\u00f5es equilibradas. Projeto: Bernard Dequet","og_url":"https:\/\/dev.invicta.wp19.axome.cc\/pt\/produit\/ferro-fundido-fogao-iwaki\/","og_site_name":"Invicta","article_modified_time":"2025-11-26T13:53:09+00:00","og_image":[{"width":1276,"height":1042,"url":"https:\/\/dev.invicta.wp19.axome.cc\/wp-content\/uploads\/2025\/06\/NEW-iwaki-ambiance_1431531632.jpg","type":"image\/jpeg"}],"twitter_card":"summary_large_image","schema":{"@context":"https:\/\/schema.org","@graph":[{"@type":"WebPage","@id":"https:\/\/dev.invicta.wp19.axome.cc\/pt\/produit\/ferro-fundido-fogao-iwaki\/","url":"https:\/\/dev.invicta.wp19.axome.cc\/pt\/produit\/ferro-fundido-fogao-iwaki\/","name":"Fog\u00e3o de ferro fundido Iwaki - Invicta","isPartOf":{"@id":"https:\/\/dev.invicta.wp19.axome.cc\/pt\/#website"},"primaryImageOfPage":{"@id":"https:\/\/dev.invicta.wp19.axome.cc\/pt\/produit\/ferro-fundido-fogao-iwaki\/#primaryimage"},"image":{"@id":"https:\/\/dev.invicta.wp19.axome.cc\/pt\/produit\/ferro-fundido-fogao-iwaki\/#primaryimage"},"thumbnailUrl":"https:\/\/dev.invicta.wp19.axome.cc\/wp-content\/uploads\/2025\/06\/NEW-iwaki-ambiance_1431531632.jpg","datePublished":"2025-11-26T12:53:06+00:00","dateModified":"2025-11-26T13:53:09+00:00","description":"Com esp\u00edrito Zen, Iwaki transmite harmonia e serenidade ao seu interior. Sinta toda a energia positiva que emerge deste fog\u00e3o de propor\u00e7\u00f5es equilibradas. Projeto: Bernard Dequet","breadcrumb":{"@id":"https:\/\/dev.invicta.wp19.axome.cc\/pt\/produit\/ferro-fundido-fogao-iwaki\/#breadcrumb"},"inLanguage":"pt-PT","potentialAction":[{"@type":"ReadAction","target":["https:\/\/dev.invicta.wp19.axome.cc\/pt\/produit\/ferro-fundido-fogao-iwaki\/"]}]},{"@type":"ImageObject","inLanguage":"pt-PT","@id":"https:\/\/dev.invicta.wp19.axome.cc\/pt\/produit\/ferro-fundido-fogao-iwaki\/#primaryimage","url":"https:\/\/dev.invicta.wp19.axome.cc\/wp-content\/uploads\/2025\/06\/NEW-iwaki-ambiance_1431531632.jpg","contentUrl":"https:\/\/dev.invicta.wp19.axome.cc\/wp-content\/uploads\/2025\/06\/NEW-iwaki-ambiance_1431531632.jpg","width":1276,"height":1042,"caption":"Po\u00eale \u00e0 bois en fonte Iwaki"},{"@type":"BreadcrumbList","@id":"https:\/\/dev.invicta.wp19.axome.cc\/pt\/produit\/ferro-fundido-fogao-iwaki\/#breadcrumb","itemListElement":[{"@type":"ListItem","position":1,"name":"Home","item":"https:\/\/dev.invicta.wp19.axome.cc\/pt\/"},{"@type":"ListItem","position":2,"name":"Produtos","item":"https:\/\/dev.invicta.wp19.axome.cc\/pt\/shop\/"},{"@type":"ListItem","position":3,"name":"Salamandras a lenha","item":"https:\/\/dev.invicta.wp19.axome.cc\/pt\/categorie-produit\/salamandras-a-lenha\/"},{"@type":"ListItem","position":4,"name":"Salamandras a lenha em ferro fundido ou em a\u00e7o","item":"https:\/\/dev.invicta.wp19.axome.cc\/pt\/categorie-produit\/salamandras-a-lenha\/salamandras-a-lenha-em-ferro-fundido-ou-em-aco-salamandras-a-lenha\/"},{"@type":"ListItem","position":5,"name":"Fog\u00e3o de ferro fundido Iwaki"}]},{"@type":"WebSite","@id":"https:\/\/dev.invicta.wp19.axome.cc\/pt\/#website","url":"https:\/\/dev.invicta.wp19.axome.cc\/pt\/","name":"Invicta","description":"Fabricant fran\u00e7ais, sp\u00e9cialiste europ\u00e9en du chauffage au bois : po\u00eales \u00e0 bois et \u00e0 granul\u00e9s, chemin\u00e9es, foyers et inserts","publisher":{"@id":"https:\/\/dev.invicta.wp19.axome.cc\/pt\/#organization"},"potentialAction":[{"@type":"SearchAction","target":{"@type":"EntryPoint","urlTemplate":"https:\/\/dev.invicta.wp19.axome.cc\/pt\/?s={search_term_string}"},"query-input":{"@type":"PropertyValueSpecification","valueRequired":true,"valueName":"search_term_string"}}],"inLanguage":"pt-PT"},{"@type":"Organization","@id":"https:\/\/dev.invicta.wp19.axome.cc\/pt\/#organization","name":"Invicta","url":"https:\/\/dev.invicta.wp19.axome.cc\/pt\/","logo":{"@type":"ImageObject","inLanguage":"pt-PT","@id":"https:\/\/dev.invicta.wp19.axome.cc\/pt\/#\/schema\/logo\/image\/","url":"https:\/\/www.invicta.fr\/wp-content\/uploads\/2019\/06\/INVICTALOGO_RVB.png","contentUrl":"https:\/\/www.invicta.fr\/wp-content\/uploads\/2019\/06\/INVICTALOGO_RVB.png","width":1810,"height":1280,"caption":"Invicta"},"image":{"@id":"https:\/\/dev.invicta.wp19.axome.cc\/pt\/#\/schema\/logo\/image\/"}}]}},"_links":{"self":[{"href":"https:\/\/dev.invicta.wp19.axome.cc\/pt\/wp-json\/wp\/v2\/product\/69649","targetHints":{"allow":["GET"]}}],"collection":[{"href":"https:\/\/dev.invicta.wp19.axome.cc\/pt\/wp-json\/wp\/v2\/product"}],"about":[{"href":"https:\/\/dev.invicta.wp19.axome.cc\/pt\/wp-json\/wp\/v2\/types\/product"}],"wp:featuredmedia":[{"embeddable":true,"href":"https:\/\/dev.invicta.wp19.axome.cc\/pt\/wp-json\/wp\/v2\/media\/67827"}],"wp:attachment":[{"href":"https:\/\/dev.invicta.wp19.axome.cc\/pt\/wp-json\/wp\/v2\/media?parent=69649"}],"wp:term":[{"taxonomy":"product_brand","embeddable":true,"href":"https:\/\/dev.invicta.wp19.axome.cc\/pt\/wp-json\/wp\/v2\/product_brand?post=69649"},{"taxonomy":"product_cat","embeddable":true,"href":"https:\/\/dev.invicta.wp19.axome.cc\/pt\/wp-json\/wp\/v2\/product_cat?post=69649"},{"taxonomy":"product_tag","embeddable":true,"href":"https:\/\/dev.invicta.wp19.axome.cc\/pt\/wp-json\/wp\/v2\/product_tag?post=69649"},{"taxonomy":"plus_produit","embeddable":true,"href":"https:\/\/dev.invicta.wp19.axome.cc\/pt\/wp-json\/wp\/v2\/plus_produit?post=69649"}],"curies":[{"name":"wp","href":"https:\/\/api.w.org\/{rel}","templated":true}]}}