{"id":69680,"date":"2025-11-26T08:17:29","date_gmt":"2025-11-26T12:48:38","guid":{"rendered":"https:\/\/dev.invicta.wp19.axome.cc\/produit\/salamandra-a-pellets-nola-10-cinza\/"},"modified":"2025-11-26T14:48:48","modified_gmt":"2025-11-26T13:48:48","slug":"salamandra-a-pellet-nola-10-cinzento","status":"publish","type":"product","link":"https:\/\/dev.invicta.wp19.axome.cc\/pt\/produit\/salamandra-a-pellet-nola-10-cinzento\/","title":{"rendered":"Salamandra a pellets Nola 10 cinza"},"content":{"rendered":"","protected":false},"excerpt":{"rendered":"<p>Esta salamandra a pellets, com o seu design elegante, integra-se harmoniosamente no seu interior. Fornece um calor suave e regulado para um conforto \u00f3timo.<\/p>\n","protected":false},"featured_media":67965,"template":"","meta":{"_acf_changed":false},"product_brand":[],"product_cat":[3105,4930,4610,6488,6038,6035,6040,6037],"product_tag":[3311,3310,4434,6369,4513,6828],"plus_produit":[6840,6366,4043,4051,4040,3864,4073,3171],"class_list":{"1":"product","4":"has-post-thumbnail","6":"product_cat-ajuda-na-selecao","7":"product_cat-fogoes-a-pellets","8":"product_cat-salamandras-a-pellets","9":"product_cat-10-kw-fogoes-a-pellets","10":"product_cat-fogoes-autonomos-a-pellets","11":"product_cat-fogoes-a-pellets-programaveis","12":"product_cat-fogoes-a-pellets-contemporaneos","13":"product_cat-fogoes-modernos-a-pellets","14":"product_tag-flamme-verte-7-pt","15":"product_tag-eco-design-2022-es-pt","16":"product_tag-a-ecolabel-pt","17":"product_tag-opcao-wifi-c02270","18":"product_tag-garantia-de-3-anos-pt","19":"product_tag-y-garantie-extension-1-an-portugais","20":"pa_autonomie-minimum-7-horas-pt","21":"pa_capacite-de-la-tremie-165-kg-pt","22":"pa_consommation-0-67-2-31-3","23":"pa_depart-des-fumees-parte-traseira","24":"pa_indice-de-performance-123-pt","25":"pa_surface-de-chauffe-35-a-120-m-pt","26":"pa_volume-de-chauffe-85-a-300-m-pt","27":"plus_produit-extension-de-garantie-1-an-por","28":"plus_produit-kit-wi-fi-opcional","29":"plus_produit-possibilidade-de-pilotagem-por-termostato-externo-pt","30":"plus_produit-programacao-horaria-pt","31":"plus_produit-regulacao-da-velocidade-ou-da-temperatura-ambiente-pt","32":"plus_produit-saida-de-ar-quente-por-ventilador-pt","33":"plus_produit-stand-by-espera-pt","34":"plus_produit-telecomando-fornecido-com-a-salamandra","36":"first","37":"instock","38":"purchasable","39":"product-type-simple"},"acf":[],"yoast_head":"<!-- This site is optimized with the Yoast SEO plugin v24.7 - https:\/\/yoast.com\/wordpress\/plugins\/seo\/ -->\n<title>Salamandra a pellets Nola 10 cinza - Invicta<\/title>\n<meta name=\"description\" content=\"Esta salamandra a pellets, com o seu design elegante, integra-se harmoniosamente no seu interior. Fornece um calor suave e regulado para um conforto \u00f3timo.\" \/>\n<meta name=\"robots\" content=\"index, follow, max-snippet:-1, max-image-preview:large, max-video-preview:-1\" \/>\n<link rel=\"canonical\" href=\"https:\/\/dev.invicta.wp19.axome.cc\/pt\/produit\/salamandra-a-pellet-nola-10-cinzento\/\" \/>\n<meta property=\"og:locale\" content=\"pt_PT\" \/>\n<meta property=\"og:type\" content=\"article\" \/>\n<meta property=\"og:title\" content=\"Salamandra a pellets Nola 10 cinza - Invicta\" \/>\n<meta property=\"og:description\" content=\"Esta salamandra a pellets, com o seu design elegante, integra-se harmoniosamente no seu interior. Fornece um calor suave e regulado para um conforto \u00f3timo.\" \/>\n<meta property=\"og:url\" content=\"https:\/\/dev.invicta.wp19.axome.cc\/pt\/produit\/salamandra-a-pellet-nola-10-cinzento\/\" \/>\n<meta property=\"og:site_name\" content=\"Invicta\" \/>\n<meta property=\"article:modified_time\" content=\"2025-11-26T13:48:48+00:00\" \/>\n<meta property=\"og:image\" content=\"https:\/\/dev.invicta.wp19.axome.cc\/wp-content\/uploads\/2025\/06\/A_P641818_NOLA_10_GRIS-web.jpg\" \/>\n\t<meta property=\"og:image:width\" content=\"697\" \/>\n\t<meta property=\"og:image:height\" content=\"900\" \/>\n\t<meta property=\"og:image:type\" content=\"image\/jpeg\" \/>\n<meta name=\"twitter:card\" content=\"summary_large_image\" \/>\n<script type=\"application\/ld+json\" class=\"yoast-schema-graph\">{\"@context\":\"https:\/\/schema.org\",\"@graph\":[{\"@type\":\"WebPage\",\"@id\":\"https:\/\/dev.invicta.wp19.axome.cc\/pt\/produit\/salamandra-a-pellet-nola-10-cinzento\/\",\"url\":\"https:\/\/dev.invicta.wp19.axome.cc\/pt\/produit\/salamandra-a-pellet-nola-10-cinzento\/\",\"name\":\"Salamandra a pellets Nola 10 cinza - Invicta\",\"isPartOf\":{\"@id\":\"https:\/\/dev.invicta.wp19.axome.cc\/pt\/#website\"},\"primaryImageOfPage\":{\"@id\":\"https:\/\/dev.invicta.wp19.axome.cc\/pt\/produit\/salamandra-a-pellet-nola-10-cinzento\/#primaryimage\"},\"image\":{\"@id\":\"https:\/\/dev.invicta.wp19.axome.cc\/pt\/produit\/salamandra-a-pellet-nola-10-cinzento\/#primaryimage\"},\"thumbnailUrl\":\"https:\/\/dev.invicta.wp19.axome.cc\/wp-content\/uploads\/2025\/06\/A_P641818_NOLA_10_GRIS-web.jpg\",\"datePublished\":\"2025-11-26T12:48:38+00:00\",\"dateModified\":\"2025-11-26T13:48:48+00:00\",\"description\":\"Esta salamandra a pellets, com o seu design elegante, integra-se harmoniosamente no seu interior. Fornece um calor suave e regulado para um conforto \u00f3timo.\",\"breadcrumb\":{\"@id\":\"https:\/\/dev.invicta.wp19.axome.cc\/pt\/produit\/salamandra-a-pellet-nola-10-cinzento\/#breadcrumb\"},\"inLanguage\":\"pt-PT\",\"potentialAction\":[{\"@type\":\"ReadAction\",\"target\":[\"https:\/\/dev.invicta.wp19.axome.cc\/pt\/produit\/salamandra-a-pellet-nola-10-cinzento\/\"]}]},{\"@type\":\"ImageObject\",\"inLanguage\":\"pt-PT\",\"@id\":\"https:\/\/dev.invicta.wp19.axome.cc\/pt\/produit\/salamandra-a-pellet-nola-10-cinzento\/#primaryimage\",\"url\":\"https:\/\/dev.invicta.wp19.axome.cc\/wp-content\/uploads\/2025\/06\/A_P641818_NOLA_10_GRIS-web.jpg\",\"contentUrl\":\"https:\/\/dev.invicta.wp19.axome.cc\/wp-content\/uploads\/2025\/06\/A_P641818_NOLA_10_GRIS-web.jpg\",\"width\":697,\"height\":900,\"caption\":\"Po\u00eale \u00e0 Granul\u00e9s Nola 7 gris - Po\u00eale \u00e0 Pellets\"},{\"@type\":\"BreadcrumbList\",\"@id\":\"https:\/\/dev.invicta.wp19.axome.cc\/pt\/produit\/salamandra-a-pellet-nola-10-cinzento\/#breadcrumb\",\"itemListElement\":[{\"@type\":\"ListItem\",\"position\":1,\"name\":\"Home\",\"item\":\"https:\/\/dev.invicta.wp19.axome.cc\/pt\/\"},{\"@type\":\"ListItem\",\"position\":2,\"name\":\"Produtos\",\"item\":\"https:\/\/dev.invicta.wp19.axome.cc\/pt\/shop\/\"},{\"@type\":\"ListItem\",\"position\":3,\"name\":\"Salamandras a pellets\",\"item\":\"https:\/\/dev.invicta.wp19.axome.cc\/pt\/categorie-produit\/fogoes-a-pellets\/\"},{\"@type\":\"ListItem\",\"position\":4,\"name\":\"Salamandras a pellets\",\"item\":\"https:\/\/dev.invicta.wp19.axome.cc\/pt\/categorie-produit\/fogoes-a-pellets\/salamandras-a-pellets\/\"},{\"@type\":\"ListItem\",\"position\":5,\"name\":\"Salamandra a pellets Nola 10 cinza\"}]},{\"@type\":\"WebSite\",\"@id\":\"https:\/\/dev.invicta.wp19.axome.cc\/pt\/#website\",\"url\":\"https:\/\/dev.invicta.wp19.axome.cc\/pt\/\",\"name\":\"Invicta\",\"description\":\"Fabricant fran\u00e7ais, sp\u00e9cialiste europ\u00e9en du chauffage au bois : po\u00eales \u00e0 bois et \u00e0 granul\u00e9s, chemin\u00e9es, foyers et inserts\",\"publisher\":{\"@id\":\"https:\/\/dev.invicta.wp19.axome.cc\/pt\/#organization\"},\"potentialAction\":[{\"@type\":\"SearchAction\",\"target\":{\"@type\":\"EntryPoint\",\"urlTemplate\":\"https:\/\/dev.invicta.wp19.axome.cc\/pt\/?s={search_term_string}\"},\"query-input\":{\"@type\":\"PropertyValueSpecification\",\"valueRequired\":true,\"valueName\":\"search_term_string\"}}],\"inLanguage\":\"pt-PT\"},{\"@type\":\"Organization\",\"@id\":\"https:\/\/dev.invicta.wp19.axome.cc\/pt\/#organization\",\"name\":\"Invicta\",\"url\":\"https:\/\/dev.invicta.wp19.axome.cc\/pt\/\",\"logo\":{\"@type\":\"ImageObject\",\"inLanguage\":\"pt-PT\",\"@id\":\"https:\/\/dev.invicta.wp19.axome.cc\/pt\/#\/schema\/logo\/image\/\",\"url\":\"https:\/\/www.invicta.fr\/wp-content\/uploads\/2019\/06\/INVICTALOGO_RVB.png\",\"contentUrl\":\"https:\/\/www.invicta.fr\/wp-content\/uploads\/2019\/06\/INVICTALOGO_RVB.png\",\"width\":1810,\"height\":1280,\"caption\":\"Invicta\"},\"image\":{\"@id\":\"https:\/\/dev.invicta.wp19.axome.cc\/pt\/#\/schema\/logo\/image\/\"}}]}<\/script>\n<!-- \/ Yoast SEO plugin. -->","yoast_head_json":{"title":"Salamandra a pellets Nola 10 cinza - Invicta","description":"Esta salamandra a pellets, com o seu design elegante, integra-se harmoniosamente no seu interior. Fornece um calor suave e regulado para um conforto \u00f3timo.","robots":{"index":"index","follow":"follow","max-snippet":"max-snippet:-1","max-image-preview":"max-image-preview:large","max-video-preview":"max-video-preview:-1"},"canonical":"https:\/\/dev.invicta.wp19.axome.cc\/pt\/produit\/salamandra-a-pellet-nola-10-cinzento\/","og_locale":"pt_PT","og_type":"article","og_title":"Salamandra a pellets Nola 10 cinza - Invicta","og_description":"Esta salamandra a pellets, com o seu design elegante, integra-se harmoniosamente no seu interior. Fornece um calor suave e regulado para um conforto \u00f3timo.","og_url":"https:\/\/dev.invicta.wp19.axome.cc\/pt\/produit\/salamandra-a-pellet-nola-10-cinzento\/","og_site_name":"Invicta","article_modified_time":"2025-11-26T13:48:48+00:00","og_image":[{"width":697,"height":900,"url":"https:\/\/dev.invicta.wp19.axome.cc\/wp-content\/uploads\/2025\/06\/A_P641818_NOLA_10_GRIS-web.jpg","type":"image\/jpeg"}],"twitter_card":"summary_large_image","schema":{"@context":"https:\/\/schema.org","@graph":[{"@type":"WebPage","@id":"https:\/\/dev.invicta.wp19.axome.cc\/pt\/produit\/salamandra-a-pellet-nola-10-cinzento\/","url":"https:\/\/dev.invicta.wp19.axome.cc\/pt\/produit\/salamandra-a-pellet-nola-10-cinzento\/","name":"Salamandra a pellets Nola 10 cinza - Invicta","isPartOf":{"@id":"https:\/\/dev.invicta.wp19.axome.cc\/pt\/#website"},"primaryImageOfPage":{"@id":"https:\/\/dev.invicta.wp19.axome.cc\/pt\/produit\/salamandra-a-pellet-nola-10-cinzento\/#primaryimage"},"image":{"@id":"https:\/\/dev.invicta.wp19.axome.cc\/pt\/produit\/salamandra-a-pellet-nola-10-cinzento\/#primaryimage"},"thumbnailUrl":"https:\/\/dev.invicta.wp19.axome.cc\/wp-content\/uploads\/2025\/06\/A_P641818_NOLA_10_GRIS-web.jpg","datePublished":"2025-11-26T12:48:38+00:00","dateModified":"2025-11-26T13:48:48+00:00","description":"Esta salamandra a pellets, com o seu design elegante, integra-se harmoniosamente no seu interior. Fornece um calor suave e regulado para um conforto \u00f3timo.","breadcrumb":{"@id":"https:\/\/dev.invicta.wp19.axome.cc\/pt\/produit\/salamandra-a-pellet-nola-10-cinzento\/#breadcrumb"},"inLanguage":"pt-PT","potentialAction":[{"@type":"ReadAction","target":["https:\/\/dev.invicta.wp19.axome.cc\/pt\/produit\/salamandra-a-pellet-nola-10-cinzento\/"]}]},{"@type":"ImageObject","inLanguage":"pt-PT","@id":"https:\/\/dev.invicta.wp19.axome.cc\/pt\/produit\/salamandra-a-pellet-nola-10-cinzento\/#primaryimage","url":"https:\/\/dev.invicta.wp19.axome.cc\/wp-content\/uploads\/2025\/06\/A_P641818_NOLA_10_GRIS-web.jpg","contentUrl":"https:\/\/dev.invicta.wp19.axome.cc\/wp-content\/uploads\/2025\/06\/A_P641818_NOLA_10_GRIS-web.jpg","width":697,"height":900,"caption":"Po\u00eale \u00e0 Granul\u00e9s Nola 7 gris - Po\u00eale \u00e0 Pellets"},{"@type":"BreadcrumbList","@id":"https:\/\/dev.invicta.wp19.axome.cc\/pt\/produit\/salamandra-a-pellet-nola-10-cinzento\/#breadcrumb","itemListElement":[{"@type":"ListItem","position":1,"name":"Home","item":"https:\/\/dev.invicta.wp19.axome.cc\/pt\/"},{"@type":"ListItem","position":2,"name":"Produtos","item":"https:\/\/dev.invicta.wp19.axome.cc\/pt\/shop\/"},{"@type":"ListItem","position":3,"name":"Salamandras a pellets","item":"https:\/\/dev.invicta.wp19.axome.cc\/pt\/categorie-produit\/fogoes-a-pellets\/"},{"@type":"ListItem","position":4,"name":"Salamandras a pellets","item":"https:\/\/dev.invicta.wp19.axome.cc\/pt\/categorie-produit\/fogoes-a-pellets\/salamandras-a-pellets\/"},{"@type":"ListItem","position":5,"name":"Salamandra a pellets Nola 10 cinza"}]},{"@type":"WebSite","@id":"https:\/\/dev.invicta.wp19.axome.cc\/pt\/#website","url":"https:\/\/dev.invicta.wp19.axome.cc\/pt\/","name":"Invicta","description":"Fabricant fran\u00e7ais, sp\u00e9cialiste europ\u00e9en du chauffage au bois : po\u00eales \u00e0 bois et \u00e0 granul\u00e9s, chemin\u00e9es, foyers et inserts","publisher":{"@id":"https:\/\/dev.invicta.wp19.axome.cc\/pt\/#organization"},"potentialAction":[{"@type":"SearchAction","target":{"@type":"EntryPoint","urlTemplate":"https:\/\/dev.invicta.wp19.axome.cc\/pt\/?s={search_term_string}"},"query-input":{"@type":"PropertyValueSpecification","valueRequired":true,"valueName":"search_term_string"}}],"inLanguage":"pt-PT"},{"@type":"Organization","@id":"https:\/\/dev.invicta.wp19.axome.cc\/pt\/#organization","name":"Invicta","url":"https:\/\/dev.invicta.wp19.axome.cc\/pt\/","logo":{"@type":"ImageObject","inLanguage":"pt-PT","@id":"https:\/\/dev.invicta.wp19.axome.cc\/pt\/#\/schema\/logo\/image\/","url":"https:\/\/www.invicta.fr\/wp-content\/uploads\/2019\/06\/INVICTALOGO_RVB.png","contentUrl":"https:\/\/www.invicta.fr\/wp-content\/uploads\/2019\/06\/INVICTALOGO_RVB.png","width":1810,"height":1280,"caption":"Invicta"},"image":{"@id":"https:\/\/dev.invicta.wp19.axome.cc\/pt\/#\/schema\/logo\/image\/"}}]}},"_links":{"self":[{"href":"https:\/\/dev.invicta.wp19.axome.cc\/pt\/wp-json\/wp\/v2\/product\/69680","targetHints":{"allow":["GET"]}}],"collection":[{"href":"https:\/\/dev.invicta.wp19.axome.cc\/pt\/wp-json\/wp\/v2\/product"}],"about":[{"href":"https:\/\/dev.invicta.wp19.axome.cc\/pt\/wp-json\/wp\/v2\/types\/product"}],"wp:featuredmedia":[{"embeddable":true,"href":"https:\/\/dev.invicta.wp19.axome.cc\/pt\/wp-json\/wp\/v2\/media\/67965"}],"wp:attachment":[{"href":"https:\/\/dev.invicta.wp19.axome.cc\/pt\/wp-json\/wp\/v2\/media?parent=69680"}],"wp:term":[{"taxonomy":"product_brand","embeddable":true,"href":"https:\/\/dev.invicta.wp19.axome.cc\/pt\/wp-json\/wp\/v2\/product_brand?post=69680"},{"taxonomy":"product_cat","embeddable":true,"href":"https:\/\/dev.invicta.wp19.axome.cc\/pt\/wp-json\/wp\/v2\/product_cat?post=69680"},{"taxonomy":"product_tag","embeddable":true,"href":"https:\/\/dev.invicta.wp19.axome.cc\/pt\/wp-json\/wp\/v2\/product_tag?post=69680"},{"taxonomy":"plus_produit","embeddable":true,"href":"https:\/\/dev.invicta.wp19.axome.cc\/pt\/wp-json\/wp\/v2\/plus_produit?post=69680"}],"curies":[{"name":"wp","href":"https:\/\/api.w.org\/{rel}","templated":true}]}}