{"id":69688,"date":"2025-11-26T08:06:44","date_gmt":"2025-06-09T16:11:28","guid":{"rendered":"https:\/\/dev.invicta.wp19.axome.cc\/produit\/salamandra-a-pellets-bassano-5\/"},"modified":"2025-06-09T18:11:34","modified_gmt":"2025-06-09T16:11:34","slug":"salamandra-a-pellets-bassano-5","status":"publish","type":"product","link":"https:\/\/dev.invicta.wp19.axome.cc\/pt\/produit\/salamandra-a-pellets-bassano-5\/","title":{"rendered":"Salamandra a pellets Bassano 5"},"content":{"rendered":"<p>Compacta, a Bassana \u00e9 a salamandra a pellets para espa\u00e7os pequenos e or\u00e7amentos limitados. Usufrua da melhor rela\u00e7\u00e3o qualidade\/pre\u00e7o do mercado!<\/p>\n<p>&nbsp;<\/p>\n","protected":false},"excerpt":{"rendered":"<p>Compacta, a Bassana \u00e9 a salamandra a pellets para espa\u00e7os pequenos e or\u00e7amentos limitados. Usufrua da melhor rela\u00e7\u00e3o qualidade\/pre\u00e7o do mercado! &nbsp;<\/p>\n","protected":false},"featured_media":0,"template":"","meta":{"_acf_changed":false},"product_brand":[],"product_cat":[],"product_tag":[4434,6369,4513,6828],"plus_produit":[6840,4049,6366,4043,4051,4040,3864,4074,4073],"class_list":{"1":"product","5":"product_tag-a-ecolabel-pt","6":"product_tag-opcao-wifi-c02270","7":"product_tag-garantia-de-3-anos-pt","8":"product_tag-y-garantie-extension-1-an-portugais","9":"pa_autonomie-maximum-8-horas-pt","10":"pa_consommation-0-95-0-95-4","11":"pa_depart-des-fumees-parte-superior-pt","12":"pa_depart-des-fumees-parte-traseira","13":"pa_indice-de-performance-123-pt","14":"pa_surface-de-chauffe-25-100-pt","15":"plus_produit-extension-de-garantie-1-an-por","16":"plus_produit-ideal-para-orcamentos-reduzidos-pt","17":"plus_produit-kit-wi-fi-opcional","18":"plus_produit-possibilidade-de-pilotagem-por-termostato-externo-pt","19":"plus_produit-programacao-horaria-pt","20":"plus_produit-regulacao-da-velocidade-ou-da-temperatura-ambiente-pt","21":"plus_produit-saida-de-ar-quente-por-ventilador-pt","22":"plus_produit-saida-superior-pt","23":"plus_produit-stand-by-espera-pt","25":"first","26":"instock","27":"purchasable","28":"product-type-simple"},"acf":[],"yoast_head":"<!-- This site is optimized with the Yoast SEO plugin v24.7 - https:\/\/yoast.com\/wordpress\/plugins\/seo\/ -->\n<title>Salamandra a pellets Bassano 5 - Invicta<\/title>\n<meta name=\"description\" content=\"Compacta, a Bassana \u00e9 a salamandra a pellets para espa\u00e7os pequenos e or\u00e7amentos limitados. Usufrua da melhor rela\u00e7\u00e3o qualidade\/pre\u00e7o do mercado! &nbsp;\" \/>\n<meta name=\"robots\" content=\"index, follow, max-snippet:-1, max-image-preview:large, max-video-preview:-1\" \/>\n<link rel=\"canonical\" href=\"https:\/\/dev.invicta.wp19.axome.cc\/pt\/produit\/salamandra-a-pellets-bassano-5\/\" \/>\n<meta property=\"og:locale\" content=\"pt_PT\" \/>\n<meta property=\"og:type\" content=\"article\" \/>\n<meta property=\"og:title\" content=\"Salamandra a pellets Bassano 5 - Invicta\" \/>\n<meta property=\"og:description\" content=\"Compacta, a Bassana \u00e9 a salamandra a pellets para espa\u00e7os pequenos e or\u00e7amentos limitados. Usufrua da melhor rela\u00e7\u00e3o qualidade\/pre\u00e7o do mercado! &nbsp;\" \/>\n<meta property=\"og:url\" content=\"https:\/\/dev.invicta.wp19.axome.cc\/pt\/produit\/salamandra-a-pellets-bassano-5\/\" \/>\n<meta property=\"og:site_name\" content=\"Invicta\" \/>\n<meta property=\"article:modified_time\" content=\"2025-06-09T16:11:34+00:00\" \/>\n<meta name=\"twitter:card\" content=\"summary_large_image\" \/>\n<script type=\"application\/ld+json\" class=\"yoast-schema-graph\">{\"@context\":\"https:\/\/schema.org\",\"@graph\":[{\"@type\":\"WebPage\",\"@id\":\"https:\/\/dev.invicta.wp19.axome.cc\/pt\/produit\/salamandra-a-pellets-bassano-5\/\",\"url\":\"https:\/\/dev.invicta.wp19.axome.cc\/pt\/produit\/salamandra-a-pellets-bassano-5\/\",\"name\":\"Salamandra a pellets Bassano 5 - Invicta\",\"isPartOf\":{\"@id\":\"https:\/\/dev.invicta.wp19.axome.cc\/pt\/#website\"},\"datePublished\":\"2025-06-09T16:11:28+00:00\",\"dateModified\":\"2025-06-09T16:11:34+00:00\",\"description\":\"Compacta, a Bassana \u00e9 a salamandra a pellets para espa\u00e7os pequenos e or\u00e7amentos limitados. Usufrua da melhor rela\u00e7\u00e3o qualidade\/pre\u00e7o do mercado! &nbsp;\",\"breadcrumb\":{\"@id\":\"https:\/\/dev.invicta.wp19.axome.cc\/pt\/produit\/salamandra-a-pellets-bassano-5\/#breadcrumb\"},\"inLanguage\":\"pt-PT\",\"potentialAction\":[{\"@type\":\"ReadAction\",\"target\":[\"https:\/\/dev.invicta.wp19.axome.cc\/pt\/produit\/salamandra-a-pellets-bassano-5\/\"]}]},{\"@type\":\"BreadcrumbList\",\"@id\":\"https:\/\/dev.invicta.wp19.axome.cc\/pt\/produit\/salamandra-a-pellets-bassano-5\/#breadcrumb\",\"itemListElement\":[{\"@type\":\"ListItem\",\"position\":1,\"name\":\"Home\",\"item\":\"https:\/\/dev.invicta.wp19.axome.cc\/pt\/\"},{\"@type\":\"ListItem\",\"position\":2,\"name\":\"Produtos\",\"item\":\"https:\/\/dev.invicta.wp19.axome.cc\/pt\/shop\/\"},{\"@type\":\"ListItem\",\"position\":3,\"name\":\"Salamandra a pellets Bassano 5\"}]},{\"@type\":\"WebSite\",\"@id\":\"https:\/\/dev.invicta.wp19.axome.cc\/pt\/#website\",\"url\":\"https:\/\/dev.invicta.wp19.axome.cc\/pt\/\",\"name\":\"Invicta\",\"description\":\"Fabricant fran\u00e7ais, sp\u00e9cialiste europ\u00e9en du chauffage au bois : po\u00eales \u00e0 bois et \u00e0 granul\u00e9s, chemin\u00e9es, foyers et inserts\",\"publisher\":{\"@id\":\"https:\/\/dev.invicta.wp19.axome.cc\/pt\/#organization\"},\"potentialAction\":[{\"@type\":\"SearchAction\",\"target\":{\"@type\":\"EntryPoint\",\"urlTemplate\":\"https:\/\/dev.invicta.wp19.axome.cc\/pt\/?s={search_term_string}\"},\"query-input\":{\"@type\":\"PropertyValueSpecification\",\"valueRequired\":true,\"valueName\":\"search_term_string\"}}],\"inLanguage\":\"pt-PT\"},{\"@type\":\"Organization\",\"@id\":\"https:\/\/dev.invicta.wp19.axome.cc\/pt\/#organization\",\"name\":\"Invicta\",\"url\":\"https:\/\/dev.invicta.wp19.axome.cc\/pt\/\",\"logo\":{\"@type\":\"ImageObject\",\"inLanguage\":\"pt-PT\",\"@id\":\"https:\/\/dev.invicta.wp19.axome.cc\/pt\/#\/schema\/logo\/image\/\",\"url\":\"https:\/\/www.invicta.fr\/wp-content\/uploads\/2019\/06\/INVICTALOGO_RVB.png\",\"contentUrl\":\"https:\/\/www.invicta.fr\/wp-content\/uploads\/2019\/06\/INVICTALOGO_RVB.png\",\"width\":1810,\"height\":1280,\"caption\":\"Invicta\"},\"image\":{\"@id\":\"https:\/\/dev.invicta.wp19.axome.cc\/pt\/#\/schema\/logo\/image\/\"}}]}<\/script>\n<!-- \/ Yoast SEO plugin. -->","yoast_head_json":{"title":"Salamandra a pellets Bassano 5 - Invicta","description":"Compacta, a Bassana \u00e9 a salamandra a pellets para espa\u00e7os pequenos e or\u00e7amentos limitados. Usufrua da melhor rela\u00e7\u00e3o qualidade\/pre\u00e7o do mercado! &nbsp;","robots":{"index":"index","follow":"follow","max-snippet":"max-snippet:-1","max-image-preview":"max-image-preview:large","max-video-preview":"max-video-preview:-1"},"canonical":"https:\/\/dev.invicta.wp19.axome.cc\/pt\/produit\/salamandra-a-pellets-bassano-5\/","og_locale":"pt_PT","og_type":"article","og_title":"Salamandra a pellets Bassano 5 - Invicta","og_description":"Compacta, a Bassana \u00e9 a salamandra a pellets para espa\u00e7os pequenos e or\u00e7amentos limitados. Usufrua da melhor rela\u00e7\u00e3o qualidade\/pre\u00e7o do mercado! &nbsp;","og_url":"https:\/\/dev.invicta.wp19.axome.cc\/pt\/produit\/salamandra-a-pellets-bassano-5\/","og_site_name":"Invicta","article_modified_time":"2025-06-09T16:11:34+00:00","twitter_card":"summary_large_image","schema":{"@context":"https:\/\/schema.org","@graph":[{"@type":"WebPage","@id":"https:\/\/dev.invicta.wp19.axome.cc\/pt\/produit\/salamandra-a-pellets-bassano-5\/","url":"https:\/\/dev.invicta.wp19.axome.cc\/pt\/produit\/salamandra-a-pellets-bassano-5\/","name":"Salamandra a pellets Bassano 5 - Invicta","isPartOf":{"@id":"https:\/\/dev.invicta.wp19.axome.cc\/pt\/#website"},"datePublished":"2025-06-09T16:11:28+00:00","dateModified":"2025-06-09T16:11:34+00:00","description":"Compacta, a Bassana \u00e9 a salamandra a pellets para espa\u00e7os pequenos e or\u00e7amentos limitados. Usufrua da melhor rela\u00e7\u00e3o qualidade\/pre\u00e7o do mercado! &nbsp;","breadcrumb":{"@id":"https:\/\/dev.invicta.wp19.axome.cc\/pt\/produit\/salamandra-a-pellets-bassano-5\/#breadcrumb"},"inLanguage":"pt-PT","potentialAction":[{"@type":"ReadAction","target":["https:\/\/dev.invicta.wp19.axome.cc\/pt\/produit\/salamandra-a-pellets-bassano-5\/"]}]},{"@type":"BreadcrumbList","@id":"https:\/\/dev.invicta.wp19.axome.cc\/pt\/produit\/salamandra-a-pellets-bassano-5\/#breadcrumb","itemListElement":[{"@type":"ListItem","position":1,"name":"Home","item":"https:\/\/dev.invicta.wp19.axome.cc\/pt\/"},{"@type":"ListItem","position":2,"name":"Produtos","item":"https:\/\/dev.invicta.wp19.axome.cc\/pt\/shop\/"},{"@type":"ListItem","position":3,"name":"Salamandra a pellets Bassano 5"}]},{"@type":"WebSite","@id":"https:\/\/dev.invicta.wp19.axome.cc\/pt\/#website","url":"https:\/\/dev.invicta.wp19.axome.cc\/pt\/","name":"Invicta","description":"Fabricant fran\u00e7ais, sp\u00e9cialiste europ\u00e9en du chauffage au bois : po\u00eales \u00e0 bois et \u00e0 granul\u00e9s, chemin\u00e9es, foyers et inserts","publisher":{"@id":"https:\/\/dev.invicta.wp19.axome.cc\/pt\/#organization"},"potentialAction":[{"@type":"SearchAction","target":{"@type":"EntryPoint","urlTemplate":"https:\/\/dev.invicta.wp19.axome.cc\/pt\/?s={search_term_string}"},"query-input":{"@type":"PropertyValueSpecification","valueRequired":true,"valueName":"search_term_string"}}],"inLanguage":"pt-PT"},{"@type":"Organization","@id":"https:\/\/dev.invicta.wp19.axome.cc\/pt\/#organization","name":"Invicta","url":"https:\/\/dev.invicta.wp19.axome.cc\/pt\/","logo":{"@type":"ImageObject","inLanguage":"pt-PT","@id":"https:\/\/dev.invicta.wp19.axome.cc\/pt\/#\/schema\/logo\/image\/","url":"https:\/\/www.invicta.fr\/wp-content\/uploads\/2019\/06\/INVICTALOGO_RVB.png","contentUrl":"https:\/\/www.invicta.fr\/wp-content\/uploads\/2019\/06\/INVICTALOGO_RVB.png","width":1810,"height":1280,"caption":"Invicta"},"image":{"@id":"https:\/\/dev.invicta.wp19.axome.cc\/pt\/#\/schema\/logo\/image\/"}}]}},"_links":{"self":[{"href":"https:\/\/dev.invicta.wp19.axome.cc\/pt\/wp-json\/wp\/v2\/product\/69688","targetHints":{"allow":["GET"]}}],"collection":[{"href":"https:\/\/dev.invicta.wp19.axome.cc\/pt\/wp-json\/wp\/v2\/product"}],"about":[{"href":"https:\/\/dev.invicta.wp19.axome.cc\/pt\/wp-json\/wp\/v2\/types\/product"}],"wp:attachment":[{"href":"https:\/\/dev.invicta.wp19.axome.cc\/pt\/wp-json\/wp\/v2\/media?parent=69688"}],"wp:term":[{"taxonomy":"product_brand","embeddable":true,"href":"https:\/\/dev.invicta.wp19.axome.cc\/pt\/wp-json\/wp\/v2\/product_brand?post=69688"},{"taxonomy":"product_cat","embeddable":true,"href":"https:\/\/dev.invicta.wp19.axome.cc\/pt\/wp-json\/wp\/v2\/product_cat?post=69688"},{"taxonomy":"product_tag","embeddable":true,"href":"https:\/\/dev.invicta.wp19.axome.cc\/pt\/wp-json\/wp\/v2\/product_tag?post=69688"},{"taxonomy":"plus_produit","embeddable":true,"href":"https:\/\/dev.invicta.wp19.axome.cc\/pt\/wp-json\/wp\/v2\/plus_produit?post=69688"}],"curies":[{"name":"wp","href":"https:\/\/api.w.org\/{rel}","templated":true}]}}