{"id":69707,"date":"2025-11-26T08:14:44","date_gmt":"2025-11-26T12:46:00","guid":{"rendered":"https:\/\/dev.invicta.wp19.axome.cc\/produit\/salamandra-ferro-fundido-aratos-plug-in-hibrida\/"},"modified":"2025-11-26T14:46:07","modified_gmt":"2025-11-26T13:46:07","slug":"salamandra-ferro-fundido-aratos-plug-in-hibrida","status":"publish","type":"product","link":"https:\/\/dev.invicta.wp19.axome.cc\/pt\/produit\/salamandra-ferro-fundido-aratos-plug-in-hibrida\/","title":{"rendered":"Salamandra Ferro Fundido Aratos Plug-IN H\u00edbrida"},"content":{"rendered":"<h3>Descobrir em v\u00eddeo<\/h3>\n<p><iframe title=\"PLUGIN 2018 - Invicta\" width=\"500\" height=\"281\" src=\"https:\/\/www.youtube.com\/embed\/6SvXiUP1vkc?feature=oembed\" frameborder=\"0\" allow=\"accelerometer; autoplay; clipboard-write; encrypted-media; gyroscope; picture-in-picture; web-share\" referrerpolicy=\"strict-origin-when-cross-origin\" allowfullscreen><\/iframe><\/p>\n","protected":false},"excerpt":{"rendered":"<p>H\u00edbrida, a salamandra Aratos Plug-IN funciona a lenha para que possa desfrutar do prazer das chamas e n\u00e3o depender da eletricidade. Em modo de pellets, a Aratos Plug-IN difunde um calor suave e controlado. Tudo isto em sil\u00eancio.<\/p>\n","protected":false},"featured_media":68132,"template":"","meta":{"_acf_changed":false},"product_brand":[],"product_cat":[3105,4842,4592,6124,4930,4769,6367,6034,6040,6037,6036],"product_tag":[4770,3311,3310,3277,4594,4593,4513,6828],"plus_produit":[4070,3872,3883,6840,4067,4069,4043,4040,4068],"class_list":{"1":"product","4":"has-post-thumbnail","6":"product_cat-ajuda-na-selecao","7":"product_cat-salamandras-a-lenha","8":"product_cat-salamandras-hibridas-a-lenha-e-a-pellets-salamandras-a-lenha","9":"product_cat-7-kw-fogoes-a-lenha","10":"product_cat-fogoes-a-pellets","11":"product_cat-plug-in-salamandras-a-pellets-de-nova-geracao-fogoes-a-pellets","12":"product_cat-7-kw-fogoes-a-pellets","13":"product_cat-fogoes-a-pellets-de-design","14":"product_cat-fogoes-a-pellets-contemporaneos","15":"product_cat-fogoes-modernos-a-pellets","16":"product_cat-fogoes-a-pellets-de-saida-superior","17":"product_tag-plug-in-pt","18":"product_tag-flamme-verte-7-pt","19":"product_tag-eco-design-2022-es-pt","20":"product_tag-certificacion-ecolabel-a-pt","21":"product_tag-hibrida-a-lenha-e-a-pellets","22":"product_tag-silenciosa-conveccao-natural","23":"product_tag-garantia-de-3-anos-pt","24":"product_tag-y-garantie-extension-1-an-portugais","25":"pa_autonomie-maximum-27-horas-pt","26":"pa_autonomie-minimum-14-horas-pt","27":"pa_capacite-de-la-tremie-22-kg-pt","28":"pa_combustible-recommande-33-2","29":"pa_depart-des-fumees-parte-superior-pt","30":"pa_indice-de-performance-100-pt","31":"pa_modulation-de-puissance-35-a-6-kw-pt","32":"pa_surface-de-chauffe-40-a-85-m-pt","33":"pa_volume-de-chauffe-100-210-m-pt","34":"plus_produit-acendimento-e-extincao-manuais-pt","35":"plus_produit-aparelho-silencioso-conveccao-natural-pt","36":"plus_produit-ar-secundario-ajustavel-pt","37":"plus_produit-extension-de-garantie-1-an-por","38":"plus_produit-hibrido-troncos-e-pellets-pt","39":"plus_produit-modulo-tecnico-mural-inovador-pt","40":"plus_produit-possibilidade-de-pilotagem-por-termostato-externo-pt","41":"plus_produit-regulacao-da-velocidade-ou-da-temperatura-ambiente-pt","42":"plus_produit-tiragem-natural-pt","44":"first","45":"instock","46":"purchasable","47":"product-type-simple"},"acf":[],"yoast_head":"<!-- This site is optimized with the Yoast SEO plugin v24.7 - https:\/\/yoast.com\/wordpress\/plugins\/seo\/ -->\n<title>Salamandra Ferro Fundido Aratos Plug-IN H\u00edbrida - Invicta<\/title>\n<meta name=\"description\" content=\"H\u00edbrida, a salamandra Aratos Plug-IN funciona a lenha para que possa desfrutar do prazer das chamas e n\u00e3o depender da eletricidade. Em modo de pellets, a Aratos Plug-IN difunde um calor suave e controlado. Tudo isto em sil\u00eancio.\" \/>\n<meta name=\"robots\" content=\"index, follow, max-snippet:-1, max-image-preview:large, max-video-preview:-1\" \/>\n<link rel=\"canonical\" href=\"https:\/\/dev.invicta.wp19.axome.cc\/pt\/produit\/salamandra-ferro-fundido-aratos-plug-in-hibrida\/\" \/>\n<meta property=\"og:locale\" content=\"pt_PT\" \/>\n<meta property=\"og:type\" content=\"article\" \/>\n<meta property=\"og:title\" content=\"Salamandra Ferro Fundido Aratos Plug-IN H\u00edbrida - Invicta\" \/>\n<meta property=\"og:description\" content=\"H\u00edbrida, a salamandra Aratos Plug-IN funciona a lenha para que possa desfrutar do prazer das chamas e n\u00e3o depender da eletricidade. Em modo de pellets, a Aratos Plug-IN difunde um calor suave e controlado. Tudo isto em sil\u00eancio.\" \/>\n<meta property=\"og:url\" content=\"https:\/\/dev.invicta.wp19.axome.cc\/pt\/produit\/salamandra-ferro-fundido-aratos-plug-in-hibrida\/\" \/>\n<meta property=\"og:site_name\" content=\"Invicta\" \/>\n<meta property=\"article:modified_time\" content=\"2025-11-26T13:46:07+00:00\" \/>\n<meta property=\"og:image\" content=\"https:\/\/dev.invicta.wp19.axome.cc\/wp-content\/uploads\/2025\/06\/aratos_1071_ambiance.jpg\" \/>\n\t<meta property=\"og:image:width\" content=\"1618\" \/>\n\t<meta property=\"og:image:height\" content=\"1080\" \/>\n\t<meta property=\"og:image:type\" content=\"image\/jpeg\" \/>\n<meta name=\"twitter:card\" content=\"summary_large_image\" \/>\n<script type=\"application\/ld+json\" class=\"yoast-schema-graph\">{\"@context\":\"https:\/\/schema.org\",\"@graph\":[{\"@type\":\"WebPage\",\"@id\":\"https:\/\/dev.invicta.wp19.axome.cc\/pt\/produit\/salamandra-ferro-fundido-aratos-plug-in-hibrida\/\",\"url\":\"https:\/\/dev.invicta.wp19.axome.cc\/pt\/produit\/salamandra-ferro-fundido-aratos-plug-in-hibrida\/\",\"name\":\"Salamandra Ferro Fundido Aratos Plug-IN H\u00edbrida - Invicta\",\"isPartOf\":{\"@id\":\"https:\/\/dev.invicta.wp19.axome.cc\/pt\/#website\"},\"primaryImageOfPage\":{\"@id\":\"https:\/\/dev.invicta.wp19.axome.cc\/pt\/produit\/salamandra-ferro-fundido-aratos-plug-in-hibrida\/#primaryimage\"},\"image\":{\"@id\":\"https:\/\/dev.invicta.wp19.axome.cc\/pt\/produit\/salamandra-ferro-fundido-aratos-plug-in-hibrida\/#primaryimage\"},\"thumbnailUrl\":\"https:\/\/dev.invicta.wp19.axome.cc\/wp-content\/uploads\/2025\/06\/aratos_1071_ambiance.jpg\",\"datePublished\":\"2025-11-26T12:46:00+00:00\",\"dateModified\":\"2025-11-26T13:46:07+00:00\",\"description\":\"H\u00edbrida, a salamandra Aratos Plug-IN funciona a lenha para que possa desfrutar do prazer das chamas e n\u00e3o depender da eletricidade. Em modo de pellets, a Aratos Plug-IN difunde um calor suave e controlado. Tudo isto em sil\u00eancio.\",\"breadcrumb\":{\"@id\":\"https:\/\/dev.invicta.wp19.axome.cc\/pt\/produit\/salamandra-ferro-fundido-aratos-plug-in-hibrida\/#breadcrumb\"},\"inLanguage\":\"pt-PT\",\"potentialAction\":[{\"@type\":\"ReadAction\",\"target\":[\"https:\/\/dev.invicta.wp19.axome.cc\/pt\/produit\/salamandra-ferro-fundido-aratos-plug-in-hibrida\/\"]}]},{\"@type\":\"ImageObject\",\"inLanguage\":\"pt-PT\",\"@id\":\"https:\/\/dev.invicta.wp19.axome.cc\/pt\/produit\/salamandra-ferro-fundido-aratos-plug-in-hibrida\/#primaryimage\",\"url\":\"https:\/\/dev.invicta.wp19.axome.cc\/wp-content\/uploads\/2025\/06\/aratos_1071_ambiance.jpg\",\"contentUrl\":\"https:\/\/dev.invicta.wp19.axome.cc\/wp-content\/uploads\/2025\/06\/aratos_1071_ambiance.jpg\",\"width\":1618,\"height\":1080},{\"@type\":\"BreadcrumbList\",\"@id\":\"https:\/\/dev.invicta.wp19.axome.cc\/pt\/produit\/salamandra-ferro-fundido-aratos-plug-in-hibrida\/#breadcrumb\",\"itemListElement\":[{\"@type\":\"ListItem\",\"position\":1,\"name\":\"Home\",\"item\":\"https:\/\/dev.invicta.wp19.axome.cc\/pt\/\"},{\"@type\":\"ListItem\",\"position\":2,\"name\":\"Produtos\",\"item\":\"https:\/\/dev.invicta.wp19.axome.cc\/pt\/shop\/\"},{\"@type\":\"ListItem\",\"position\":3,\"name\":\"Salamandras a lenha\",\"item\":\"https:\/\/dev.invicta.wp19.axome.cc\/pt\/categorie-produit\/salamandras-a-lenha\/\"},{\"@type\":\"ListItem\",\"position\":4,\"name\":\"Salamandras h\u00edbridas a lenha e a pellets\",\"item\":\"https:\/\/dev.invicta.wp19.axome.cc\/pt\/categorie-produit\/salamandras-a-lenha\/salamandras-hibridas-a-lenha-e-a-pellets-salamandras-a-lenha\/\"},{\"@type\":\"ListItem\",\"position\":5,\"name\":\"Salamandra Ferro Fundido Aratos Plug-IN H\u00edbrida\"}]},{\"@type\":\"WebSite\",\"@id\":\"https:\/\/dev.invicta.wp19.axome.cc\/pt\/#website\",\"url\":\"https:\/\/dev.invicta.wp19.axome.cc\/pt\/\",\"name\":\"Invicta\",\"description\":\"Fabricant fran\u00e7ais, sp\u00e9cialiste europ\u00e9en du chauffage au bois : po\u00eales \u00e0 bois et \u00e0 granul\u00e9s, chemin\u00e9es, foyers et inserts\",\"publisher\":{\"@id\":\"https:\/\/dev.invicta.wp19.axome.cc\/pt\/#organization\"},\"potentialAction\":[{\"@type\":\"SearchAction\",\"target\":{\"@type\":\"EntryPoint\",\"urlTemplate\":\"https:\/\/dev.invicta.wp19.axome.cc\/pt\/?s={search_term_string}\"},\"query-input\":{\"@type\":\"PropertyValueSpecification\",\"valueRequired\":true,\"valueName\":\"search_term_string\"}}],\"inLanguage\":\"pt-PT\"},{\"@type\":\"Organization\",\"@id\":\"https:\/\/dev.invicta.wp19.axome.cc\/pt\/#organization\",\"name\":\"Invicta\",\"url\":\"https:\/\/dev.invicta.wp19.axome.cc\/pt\/\",\"logo\":{\"@type\":\"ImageObject\",\"inLanguage\":\"pt-PT\",\"@id\":\"https:\/\/dev.invicta.wp19.axome.cc\/pt\/#\/schema\/logo\/image\/\",\"url\":\"https:\/\/www.invicta.fr\/wp-content\/uploads\/2019\/06\/INVICTALOGO_RVB.png\",\"contentUrl\":\"https:\/\/www.invicta.fr\/wp-content\/uploads\/2019\/06\/INVICTALOGO_RVB.png\",\"width\":1810,\"height\":1280,\"caption\":\"Invicta\"},\"image\":{\"@id\":\"https:\/\/dev.invicta.wp19.axome.cc\/pt\/#\/schema\/logo\/image\/\"}}]}<\/script>\n<!-- \/ Yoast SEO plugin. -->","yoast_head_json":{"title":"Salamandra Ferro Fundido Aratos Plug-IN H\u00edbrida - Invicta","description":"H\u00edbrida, a salamandra Aratos Plug-IN funciona a lenha para que possa desfrutar do prazer das chamas e n\u00e3o depender da eletricidade. Em modo de pellets, a Aratos Plug-IN difunde um calor suave e controlado. Tudo isto em sil\u00eancio.","robots":{"index":"index","follow":"follow","max-snippet":"max-snippet:-1","max-image-preview":"max-image-preview:large","max-video-preview":"max-video-preview:-1"},"canonical":"https:\/\/dev.invicta.wp19.axome.cc\/pt\/produit\/salamandra-ferro-fundido-aratos-plug-in-hibrida\/","og_locale":"pt_PT","og_type":"article","og_title":"Salamandra Ferro Fundido Aratos Plug-IN H\u00edbrida - Invicta","og_description":"H\u00edbrida, a salamandra Aratos Plug-IN funciona a lenha para que possa desfrutar do prazer das chamas e n\u00e3o depender da eletricidade. Em modo de pellets, a Aratos Plug-IN difunde um calor suave e controlado. Tudo isto em sil\u00eancio.","og_url":"https:\/\/dev.invicta.wp19.axome.cc\/pt\/produit\/salamandra-ferro-fundido-aratos-plug-in-hibrida\/","og_site_name":"Invicta","article_modified_time":"2025-11-26T13:46:07+00:00","og_image":[{"width":1618,"height":1080,"url":"https:\/\/dev.invicta.wp19.axome.cc\/wp-content\/uploads\/2025\/06\/aratos_1071_ambiance.jpg","type":"image\/jpeg"}],"twitter_card":"summary_large_image","schema":{"@context":"https:\/\/schema.org","@graph":[{"@type":"WebPage","@id":"https:\/\/dev.invicta.wp19.axome.cc\/pt\/produit\/salamandra-ferro-fundido-aratos-plug-in-hibrida\/","url":"https:\/\/dev.invicta.wp19.axome.cc\/pt\/produit\/salamandra-ferro-fundido-aratos-plug-in-hibrida\/","name":"Salamandra Ferro Fundido Aratos Plug-IN H\u00edbrida - Invicta","isPartOf":{"@id":"https:\/\/dev.invicta.wp19.axome.cc\/pt\/#website"},"primaryImageOfPage":{"@id":"https:\/\/dev.invicta.wp19.axome.cc\/pt\/produit\/salamandra-ferro-fundido-aratos-plug-in-hibrida\/#primaryimage"},"image":{"@id":"https:\/\/dev.invicta.wp19.axome.cc\/pt\/produit\/salamandra-ferro-fundido-aratos-plug-in-hibrida\/#primaryimage"},"thumbnailUrl":"https:\/\/dev.invicta.wp19.axome.cc\/wp-content\/uploads\/2025\/06\/aratos_1071_ambiance.jpg","datePublished":"2025-11-26T12:46:00+00:00","dateModified":"2025-11-26T13:46:07+00:00","description":"H\u00edbrida, a salamandra Aratos Plug-IN funciona a lenha para que possa desfrutar do prazer das chamas e n\u00e3o depender da eletricidade. Em modo de pellets, a Aratos Plug-IN difunde um calor suave e controlado. Tudo isto em sil\u00eancio.","breadcrumb":{"@id":"https:\/\/dev.invicta.wp19.axome.cc\/pt\/produit\/salamandra-ferro-fundido-aratos-plug-in-hibrida\/#breadcrumb"},"inLanguage":"pt-PT","potentialAction":[{"@type":"ReadAction","target":["https:\/\/dev.invicta.wp19.axome.cc\/pt\/produit\/salamandra-ferro-fundido-aratos-plug-in-hibrida\/"]}]},{"@type":"ImageObject","inLanguage":"pt-PT","@id":"https:\/\/dev.invicta.wp19.axome.cc\/pt\/produit\/salamandra-ferro-fundido-aratos-plug-in-hibrida\/#primaryimage","url":"https:\/\/dev.invicta.wp19.axome.cc\/wp-content\/uploads\/2025\/06\/aratos_1071_ambiance.jpg","contentUrl":"https:\/\/dev.invicta.wp19.axome.cc\/wp-content\/uploads\/2025\/06\/aratos_1071_ambiance.jpg","width":1618,"height":1080},{"@type":"BreadcrumbList","@id":"https:\/\/dev.invicta.wp19.axome.cc\/pt\/produit\/salamandra-ferro-fundido-aratos-plug-in-hibrida\/#breadcrumb","itemListElement":[{"@type":"ListItem","position":1,"name":"Home","item":"https:\/\/dev.invicta.wp19.axome.cc\/pt\/"},{"@type":"ListItem","position":2,"name":"Produtos","item":"https:\/\/dev.invicta.wp19.axome.cc\/pt\/shop\/"},{"@type":"ListItem","position":3,"name":"Salamandras a lenha","item":"https:\/\/dev.invicta.wp19.axome.cc\/pt\/categorie-produit\/salamandras-a-lenha\/"},{"@type":"ListItem","position":4,"name":"Salamandras h\u00edbridas a lenha e a pellets","item":"https:\/\/dev.invicta.wp19.axome.cc\/pt\/categorie-produit\/salamandras-a-lenha\/salamandras-hibridas-a-lenha-e-a-pellets-salamandras-a-lenha\/"},{"@type":"ListItem","position":5,"name":"Salamandra Ferro Fundido Aratos Plug-IN H\u00edbrida"}]},{"@type":"WebSite","@id":"https:\/\/dev.invicta.wp19.axome.cc\/pt\/#website","url":"https:\/\/dev.invicta.wp19.axome.cc\/pt\/","name":"Invicta","description":"Fabricant fran\u00e7ais, sp\u00e9cialiste europ\u00e9en du chauffage au bois : po\u00eales \u00e0 bois et \u00e0 granul\u00e9s, chemin\u00e9es, foyers et inserts","publisher":{"@id":"https:\/\/dev.invicta.wp19.axome.cc\/pt\/#organization"},"potentialAction":[{"@type":"SearchAction","target":{"@type":"EntryPoint","urlTemplate":"https:\/\/dev.invicta.wp19.axome.cc\/pt\/?s={search_term_string}"},"query-input":{"@type":"PropertyValueSpecification","valueRequired":true,"valueName":"search_term_string"}}],"inLanguage":"pt-PT"},{"@type":"Organization","@id":"https:\/\/dev.invicta.wp19.axome.cc\/pt\/#organization","name":"Invicta","url":"https:\/\/dev.invicta.wp19.axome.cc\/pt\/","logo":{"@type":"ImageObject","inLanguage":"pt-PT","@id":"https:\/\/dev.invicta.wp19.axome.cc\/pt\/#\/schema\/logo\/image\/","url":"https:\/\/www.invicta.fr\/wp-content\/uploads\/2019\/06\/INVICTALOGO_RVB.png","contentUrl":"https:\/\/www.invicta.fr\/wp-content\/uploads\/2019\/06\/INVICTALOGO_RVB.png","width":1810,"height":1280,"caption":"Invicta"},"image":{"@id":"https:\/\/dev.invicta.wp19.axome.cc\/pt\/#\/schema\/logo\/image\/"}}]}},"_links":{"self":[{"href":"https:\/\/dev.invicta.wp19.axome.cc\/pt\/wp-json\/wp\/v2\/product\/69707","targetHints":{"allow":["GET"]}}],"collection":[{"href":"https:\/\/dev.invicta.wp19.axome.cc\/pt\/wp-json\/wp\/v2\/product"}],"about":[{"href":"https:\/\/dev.invicta.wp19.axome.cc\/pt\/wp-json\/wp\/v2\/types\/product"}],"wp:featuredmedia":[{"embeddable":true,"href":"https:\/\/dev.invicta.wp19.axome.cc\/pt\/wp-json\/wp\/v2\/media\/68132"}],"wp:attachment":[{"href":"https:\/\/dev.invicta.wp19.axome.cc\/pt\/wp-json\/wp\/v2\/media?parent=69707"}],"wp:term":[{"taxonomy":"product_brand","embeddable":true,"href":"https:\/\/dev.invicta.wp19.axome.cc\/pt\/wp-json\/wp\/v2\/product_brand?post=69707"},{"taxonomy":"product_cat","embeddable":true,"href":"https:\/\/dev.invicta.wp19.axome.cc\/pt\/wp-json\/wp\/v2\/product_cat?post=69707"},{"taxonomy":"product_tag","embeddable":true,"href":"https:\/\/dev.invicta.wp19.axome.cc\/pt\/wp-json\/wp\/v2\/product_tag?post=69707"},{"taxonomy":"plus_produit","embeddable":true,"href":"https:\/\/dev.invicta.wp19.axome.cc\/pt\/wp-json\/wp\/v2\/plus_produit?post=69707"}],"curies":[{"name":"wp","href":"https:\/\/api.w.org\/{rel}","templated":true}]}}