{"id":69729,"date":"2025-11-26T08:19:39","date_gmt":"2025-11-26T12:50:51","guid":{"rendered":"https:\/\/dev.invicta.wp19.axome.cc\/produit\/banco-de-apoio-gm\/"},"modified":"2025-11-26T14:50:52","modified_gmt":"2025-11-26T13:50:52","slug":"banco-suporte","status":"publish","type":"product","link":"https:\/\/dev.invicta.wp19.axome.cc\/pt\/produit\/banco-suporte\/","title":{"rendered":"Banco de apoio GM"},"content":{"rendered":"","protected":false},"excerpt":{"rendered":"<p>Este banco em a\u00e7o negro ensaibrado \u00e9 pr\u00e1tico e moderno. Disp\u00f5e de 4 cilindros regul\u00e1veis. Dispon\u00edvel em 2 tamanhos, permite a coloca\u00e7\u00e3o da sua salamandra Preston, Aaron ou R\u00e9va.<\/p>\n","protected":false},"featured_media":68178,"template":"","meta":{"_acf_changed":false},"product_brand":[],"product_cat":[3105,4842,4525,4930],"product_tag":[4513],"plus_produit":[4025],"class_list":{"1":"product","4":"has-post-thumbnail","6":"product_cat-ajuda-na-selecao","7":"product_cat-salamandras-a-lenha","8":"product_cat-acessorios-pt","9":"product_cat-fogoes-a-pellets","10":"product_tag-garantia-de-3-anos-pt","11":"pa_consommation-053-a-222-kg-hora","12":"pa_surface-de-chauffe-25-100-pt","13":"pa_volume-de-chauffe-100-210-m-pt","14":"plus_produit-banco-formato-grande-pt","16":"first","17":"instock","18":"purchasable","19":"product-type-simple"},"acf":[],"yoast_head":"<!-- This site is optimized with the Yoast SEO plugin v24.7 - https:\/\/yoast.com\/wordpress\/plugins\/seo\/ -->\n<title>Banco de apoio GM - Invicta<\/title>\n<meta name=\"description\" content=\"Este banco em a\u00e7o negro ensaibrado \u00e9 pr\u00e1tico e moderno. Disp\u00f5e de 4 cilindros regul\u00e1veis. Dispon\u00edvel em 2 tamanhos, permite a coloca\u00e7\u00e3o da sua salamandra Preston, Aaron ou R\u00e9va.\" \/>\n<meta name=\"robots\" content=\"index, follow, max-snippet:-1, max-image-preview:large, max-video-preview:-1\" \/>\n<link rel=\"canonical\" href=\"https:\/\/dev.invicta.wp19.axome.cc\/pt\/produit\/banco-suporte\/\" \/>\n<meta property=\"og:locale\" content=\"pt_PT\" \/>\n<meta property=\"og:type\" content=\"article\" \/>\n<meta property=\"og:title\" content=\"Banco de apoio GM - Invicta\" \/>\n<meta property=\"og:description\" content=\"Este banco em a\u00e7o negro ensaibrado \u00e9 pr\u00e1tico e moderno. Disp\u00f5e de 4 cilindros regul\u00e1veis. Dispon\u00edvel em 2 tamanhos, permite a coloca\u00e7\u00e3o da sua salamandra Preston, Aaron ou R\u00e9va.\" \/>\n<meta property=\"og:url\" content=\"https:\/\/dev.invicta.wp19.axome.cc\/pt\/produit\/banco-suporte\/\" \/>\n<meta property=\"og:site_name\" content=\"Invicta\" \/>\n<meta property=\"article:modified_time\" content=\"2025-11-26T13:50:52+00:00\" \/>\n<meta property=\"og:image\" content=\"https:\/\/dev.invicta.wp19.axome.cc\/wp-content\/uploads\/2025\/06\/banc-support-grand.jpg\" \/>\n\t<meta property=\"og:image:width\" content=\"1360\" \/>\n\t<meta property=\"og:image:height\" content=\"900\" \/>\n\t<meta property=\"og:image:type\" content=\"image\/jpeg\" \/>\n<meta name=\"twitter:card\" content=\"summary_large_image\" \/>\n<script type=\"application\/ld+json\" class=\"yoast-schema-graph\">{\"@context\":\"https:\/\/schema.org\",\"@graph\":[{\"@type\":\"WebPage\",\"@id\":\"https:\/\/dev.invicta.wp19.axome.cc\/pt\/produit\/banco-suporte\/\",\"url\":\"https:\/\/dev.invicta.wp19.axome.cc\/pt\/produit\/banco-suporte\/\",\"name\":\"Banco de apoio GM - Invicta\",\"isPartOf\":{\"@id\":\"https:\/\/dev.invicta.wp19.axome.cc\/pt\/#website\"},\"primaryImageOfPage\":{\"@id\":\"https:\/\/dev.invicta.wp19.axome.cc\/pt\/produit\/banco-suporte\/#primaryimage\"},\"image\":{\"@id\":\"https:\/\/dev.invicta.wp19.axome.cc\/pt\/produit\/banco-suporte\/#primaryimage\"},\"thumbnailUrl\":\"https:\/\/dev.invicta.wp19.axome.cc\/wp-content\/uploads\/2025\/06\/banc-support-grand.jpg\",\"datePublished\":\"2025-11-26T12:50:51+00:00\",\"dateModified\":\"2025-11-26T13:50:52+00:00\",\"description\":\"Este banco em a\u00e7o negro ensaibrado \u00e9 pr\u00e1tico e moderno. Disp\u00f5e de 4 cilindros regul\u00e1veis. Dispon\u00edvel em 2 tamanhos, permite a coloca\u00e7\u00e3o da sua salamandra Preston, Aaron ou R\u00e9va.\",\"breadcrumb\":{\"@id\":\"https:\/\/dev.invicta.wp19.axome.cc\/pt\/produit\/banco-suporte\/#breadcrumb\"},\"inLanguage\":\"pt-PT\",\"potentialAction\":[{\"@type\":\"ReadAction\",\"target\":[\"https:\/\/dev.invicta.wp19.axome.cc\/pt\/produit\/banco-suporte\/\"]}]},{\"@type\":\"ImageObject\",\"inLanguage\":\"pt-PT\",\"@id\":\"https:\/\/dev.invicta.wp19.axome.cc\/pt\/produit\/banco-suporte\/#primaryimage\",\"url\":\"https:\/\/dev.invicta.wp19.axome.cc\/wp-content\/uploads\/2025\/06\/banc-support-grand.jpg\",\"contentUrl\":\"https:\/\/dev.invicta.wp19.axome.cc\/wp-content\/uploads\/2025\/06\/banc-support-grand.jpg\",\"width\":1360,\"height\":900,\"caption\":\"Banc support GM\"},{\"@type\":\"BreadcrumbList\",\"@id\":\"https:\/\/dev.invicta.wp19.axome.cc\/pt\/produit\/banco-suporte\/#breadcrumb\",\"itemListElement\":[{\"@type\":\"ListItem\",\"position\":1,\"name\":\"Home\",\"item\":\"https:\/\/dev.invicta.wp19.axome.cc\/pt\/\"},{\"@type\":\"ListItem\",\"position\":2,\"name\":\"Produtos\",\"item\":\"https:\/\/dev.invicta.wp19.axome.cc\/pt\/shop\/\"},{\"@type\":\"ListItem\",\"position\":3,\"name\":\"Salamandras a lenha\",\"item\":\"https:\/\/dev.invicta.wp19.axome.cc\/pt\/categorie-produit\/salamandras-a-lenha\/\"},{\"@type\":\"ListItem\",\"position\":4,\"name\":\"Acess\u00f3rios\",\"item\":\"https:\/\/dev.invicta.wp19.axome.cc\/pt\/categorie-produit\/salamandras-a-lenha\/acessorios-pt\/\"},{\"@type\":\"ListItem\",\"position\":5,\"name\":\"Banco de apoio GM\"}]},{\"@type\":\"WebSite\",\"@id\":\"https:\/\/dev.invicta.wp19.axome.cc\/pt\/#website\",\"url\":\"https:\/\/dev.invicta.wp19.axome.cc\/pt\/\",\"name\":\"Invicta\",\"description\":\"Fabricant fran\u00e7ais, sp\u00e9cialiste europ\u00e9en du chauffage au bois : po\u00eales \u00e0 bois et \u00e0 granul\u00e9s, chemin\u00e9es, foyers et inserts\",\"publisher\":{\"@id\":\"https:\/\/dev.invicta.wp19.axome.cc\/pt\/#organization\"},\"potentialAction\":[{\"@type\":\"SearchAction\",\"target\":{\"@type\":\"EntryPoint\",\"urlTemplate\":\"https:\/\/dev.invicta.wp19.axome.cc\/pt\/?s={search_term_string}\"},\"query-input\":{\"@type\":\"PropertyValueSpecification\",\"valueRequired\":true,\"valueName\":\"search_term_string\"}}],\"inLanguage\":\"pt-PT\"},{\"@type\":\"Organization\",\"@id\":\"https:\/\/dev.invicta.wp19.axome.cc\/pt\/#organization\",\"name\":\"Invicta\",\"url\":\"https:\/\/dev.invicta.wp19.axome.cc\/pt\/\",\"logo\":{\"@type\":\"ImageObject\",\"inLanguage\":\"pt-PT\",\"@id\":\"https:\/\/dev.invicta.wp19.axome.cc\/pt\/#\/schema\/logo\/image\/\",\"url\":\"https:\/\/www.invicta.fr\/wp-content\/uploads\/2019\/06\/INVICTALOGO_RVB.png\",\"contentUrl\":\"https:\/\/www.invicta.fr\/wp-content\/uploads\/2019\/06\/INVICTALOGO_RVB.png\",\"width\":1810,\"height\":1280,\"caption\":\"Invicta\"},\"image\":{\"@id\":\"https:\/\/dev.invicta.wp19.axome.cc\/pt\/#\/schema\/logo\/image\/\"}}]}<\/script>\n<!-- \/ Yoast SEO plugin. -->","yoast_head_json":{"title":"Banco de apoio GM - Invicta","description":"Este banco em a\u00e7o negro ensaibrado \u00e9 pr\u00e1tico e moderno. Disp\u00f5e de 4 cilindros regul\u00e1veis. Dispon\u00edvel em 2 tamanhos, permite a coloca\u00e7\u00e3o da sua salamandra Preston, Aaron ou R\u00e9va.","robots":{"index":"index","follow":"follow","max-snippet":"max-snippet:-1","max-image-preview":"max-image-preview:large","max-video-preview":"max-video-preview:-1"},"canonical":"https:\/\/dev.invicta.wp19.axome.cc\/pt\/produit\/banco-suporte\/","og_locale":"pt_PT","og_type":"article","og_title":"Banco de apoio GM - Invicta","og_description":"Este banco em a\u00e7o negro ensaibrado \u00e9 pr\u00e1tico e moderno. Disp\u00f5e de 4 cilindros regul\u00e1veis. Dispon\u00edvel em 2 tamanhos, permite a coloca\u00e7\u00e3o da sua salamandra Preston, Aaron ou R\u00e9va.","og_url":"https:\/\/dev.invicta.wp19.axome.cc\/pt\/produit\/banco-suporte\/","og_site_name":"Invicta","article_modified_time":"2025-11-26T13:50:52+00:00","og_image":[{"width":1360,"height":900,"url":"https:\/\/dev.invicta.wp19.axome.cc\/wp-content\/uploads\/2025\/06\/banc-support-grand.jpg","type":"image\/jpeg"}],"twitter_card":"summary_large_image","schema":{"@context":"https:\/\/schema.org","@graph":[{"@type":"WebPage","@id":"https:\/\/dev.invicta.wp19.axome.cc\/pt\/produit\/banco-suporte\/","url":"https:\/\/dev.invicta.wp19.axome.cc\/pt\/produit\/banco-suporte\/","name":"Banco de apoio GM - Invicta","isPartOf":{"@id":"https:\/\/dev.invicta.wp19.axome.cc\/pt\/#website"},"primaryImageOfPage":{"@id":"https:\/\/dev.invicta.wp19.axome.cc\/pt\/produit\/banco-suporte\/#primaryimage"},"image":{"@id":"https:\/\/dev.invicta.wp19.axome.cc\/pt\/produit\/banco-suporte\/#primaryimage"},"thumbnailUrl":"https:\/\/dev.invicta.wp19.axome.cc\/wp-content\/uploads\/2025\/06\/banc-support-grand.jpg","datePublished":"2025-11-26T12:50:51+00:00","dateModified":"2025-11-26T13:50:52+00:00","description":"Este banco em a\u00e7o negro ensaibrado \u00e9 pr\u00e1tico e moderno. Disp\u00f5e de 4 cilindros regul\u00e1veis. Dispon\u00edvel em 2 tamanhos, permite a coloca\u00e7\u00e3o da sua salamandra Preston, Aaron ou R\u00e9va.","breadcrumb":{"@id":"https:\/\/dev.invicta.wp19.axome.cc\/pt\/produit\/banco-suporte\/#breadcrumb"},"inLanguage":"pt-PT","potentialAction":[{"@type":"ReadAction","target":["https:\/\/dev.invicta.wp19.axome.cc\/pt\/produit\/banco-suporte\/"]}]},{"@type":"ImageObject","inLanguage":"pt-PT","@id":"https:\/\/dev.invicta.wp19.axome.cc\/pt\/produit\/banco-suporte\/#primaryimage","url":"https:\/\/dev.invicta.wp19.axome.cc\/wp-content\/uploads\/2025\/06\/banc-support-grand.jpg","contentUrl":"https:\/\/dev.invicta.wp19.axome.cc\/wp-content\/uploads\/2025\/06\/banc-support-grand.jpg","width":1360,"height":900,"caption":"Banc support GM"},{"@type":"BreadcrumbList","@id":"https:\/\/dev.invicta.wp19.axome.cc\/pt\/produit\/banco-suporte\/#breadcrumb","itemListElement":[{"@type":"ListItem","position":1,"name":"Home","item":"https:\/\/dev.invicta.wp19.axome.cc\/pt\/"},{"@type":"ListItem","position":2,"name":"Produtos","item":"https:\/\/dev.invicta.wp19.axome.cc\/pt\/shop\/"},{"@type":"ListItem","position":3,"name":"Salamandras a lenha","item":"https:\/\/dev.invicta.wp19.axome.cc\/pt\/categorie-produit\/salamandras-a-lenha\/"},{"@type":"ListItem","position":4,"name":"Acess\u00f3rios","item":"https:\/\/dev.invicta.wp19.axome.cc\/pt\/categorie-produit\/salamandras-a-lenha\/acessorios-pt\/"},{"@type":"ListItem","position":5,"name":"Banco de apoio GM"}]},{"@type":"WebSite","@id":"https:\/\/dev.invicta.wp19.axome.cc\/pt\/#website","url":"https:\/\/dev.invicta.wp19.axome.cc\/pt\/","name":"Invicta","description":"Fabricant fran\u00e7ais, sp\u00e9cialiste europ\u00e9en du chauffage au bois : po\u00eales \u00e0 bois et \u00e0 granul\u00e9s, chemin\u00e9es, foyers et inserts","publisher":{"@id":"https:\/\/dev.invicta.wp19.axome.cc\/pt\/#organization"},"potentialAction":[{"@type":"SearchAction","target":{"@type":"EntryPoint","urlTemplate":"https:\/\/dev.invicta.wp19.axome.cc\/pt\/?s={search_term_string}"},"query-input":{"@type":"PropertyValueSpecification","valueRequired":true,"valueName":"search_term_string"}}],"inLanguage":"pt-PT"},{"@type":"Organization","@id":"https:\/\/dev.invicta.wp19.axome.cc\/pt\/#organization","name":"Invicta","url":"https:\/\/dev.invicta.wp19.axome.cc\/pt\/","logo":{"@type":"ImageObject","inLanguage":"pt-PT","@id":"https:\/\/dev.invicta.wp19.axome.cc\/pt\/#\/schema\/logo\/image\/","url":"https:\/\/www.invicta.fr\/wp-content\/uploads\/2019\/06\/INVICTALOGO_RVB.png","contentUrl":"https:\/\/www.invicta.fr\/wp-content\/uploads\/2019\/06\/INVICTALOGO_RVB.png","width":1810,"height":1280,"caption":"Invicta"},"image":{"@id":"https:\/\/dev.invicta.wp19.axome.cc\/pt\/#\/schema\/logo\/image\/"}}]}},"_links":{"self":[{"href":"https:\/\/dev.invicta.wp19.axome.cc\/pt\/wp-json\/wp\/v2\/product\/69729","targetHints":{"allow":["GET"]}}],"collection":[{"href":"https:\/\/dev.invicta.wp19.axome.cc\/pt\/wp-json\/wp\/v2\/product"}],"about":[{"href":"https:\/\/dev.invicta.wp19.axome.cc\/pt\/wp-json\/wp\/v2\/types\/product"}],"wp:featuredmedia":[{"embeddable":true,"href":"https:\/\/dev.invicta.wp19.axome.cc\/pt\/wp-json\/wp\/v2\/media\/68178"}],"wp:attachment":[{"href":"https:\/\/dev.invicta.wp19.axome.cc\/pt\/wp-json\/wp\/v2\/media?parent=69729"}],"wp:term":[{"taxonomy":"product_brand","embeddable":true,"href":"https:\/\/dev.invicta.wp19.axome.cc\/pt\/wp-json\/wp\/v2\/product_brand?post=69729"},{"taxonomy":"product_cat","embeddable":true,"href":"https:\/\/dev.invicta.wp19.axome.cc\/pt\/wp-json\/wp\/v2\/product_cat?post=69729"},{"taxonomy":"product_tag","embeddable":true,"href":"https:\/\/dev.invicta.wp19.axome.cc\/pt\/wp-json\/wp\/v2\/product_tag?post=69729"},{"taxonomy":"plus_produit","embeddable":true,"href":"https:\/\/dev.invicta.wp19.axome.cc\/pt\/wp-json\/wp\/v2\/plus_produit?post=69729"}],"curies":[{"name":"wp","href":"https:\/\/api.w.org\/{rel}","templated":true}]}}