{"id":69742,"date":"2025-11-26T08:08:31","date_gmt":"2025-06-09T16:12:12","guid":{"rendered":"https:\/\/dev.invicta.wp19.axome.cc\/produit\/salamandra-de-pellets-arenga-ipe9\/"},"modified":"2025-06-09T18:12:13","modified_gmt":"2025-06-09T16:12:13","slug":"salamandra-de-pellets-arenga-ipe9","status":"publish","type":"product","link":"https:\/\/dev.invicta.wp19.axome.cc\/pt\/produit\/salamandra-de-pellets-arenga-ipe9\/","title":{"rendered":"Salamandra de pellets Arenga IPE9"},"content":{"rendered":"<p>Um actor importante no seu conforto interior, Arenga oferece uma interpreta\u00e7\u00e3o original do espect\u00e1culo do fogo. O seu aspecto s\u00f3brio e o requinte do seu traje preto ou branco atraem todos os olhos e iluminam todos os ambientes.<\/p>\n","protected":false},"excerpt":{"rendered":"<p>Um actor importante no seu conforto interior, Arenga oferece uma interpreta\u00e7\u00e3o original do espect\u00e1culo do fogo. O seu aspecto s\u00f3brio e o requinte do seu traje preto ou branco atraem todos os olhos e iluminam todos os ambientes.<\/p>\n","protected":false},"featured_media":68238,"template":"","meta":{"_acf_changed":false},"product_brand":[],"product_cat":[3105,4930,4932,6592,6696,6038,6035,6034,6040,6037,6593,6407,6657,6655],"product_tag":[3311,3310,6659,4513,6828],"plus_produit":[6653,3871,4076,6840,3208,4072,6366,3209,4043,4042,4077,3864,4073],"class_list":{"1":"product","4":"has-post-thumbnail","6":"product_cat-ajuda-na-selecao","7":"product_cat-fogoes-a-pellets","8":"product_cat-salamandras-estanques-a-pellets","9":"product_cat-fogoes-de-pelota-9-kw","10":"product_cat-fogoes-de-9-kw","11":"product_cat-fogoes-autonomos-a-pellets","12":"product_cat-fogoes-a-pellets-programaveis","13":"product_cat-fogoes-a-pellets-de-design","14":"product_cat-fogoes-a-pellets-contemporaneos","15":"product_cat-fogoes-modernos-a-pellets","16":"product_cat-fogoes-a-pellets-brancos","17":"product_cat-fogoes-de-pellets-redondos","18":"product_cat-tomada-de-parede-para-fogoes-a-pellets","19":"product_cat-fogoes-a-pellets-com-saida-de-aspiracao","20":"product_tag-flamme-verte-7-pt","21":"product_tag-eco-design-2022-es-pt","22":"product_tag-zona-3-ventosa-pt","23":"product_tag-garantia-de-3-anos-pt","24":"product_tag-y-garantie-extension-1-an-portugais","25":"pa_consommation-0-69-2-14-2","26":"pa_depart-des-fumees-parte-traseira","27":"pa_indice-de-performance-125-pt","28":"pa_modulation-de-puissance-31-a-91-kw-pt","29":"pa_surface-de-chauffe-35-a-110-m-pt","30":"pa_volume-de-chauffe-85-a-275-m-pt","31":"plus_produit-a-ventilacao-pode-ser-desligada","32":"plus_produit-aparelho-estanque-compativel-rt2012-pt","33":"plus_produit-controlo-remoto-em-opcao-pt","34":"plus_produit-extension-de-garantie-1-an-por","35":"plus_produit-instalacao-possivel-em-fachada-zona-3-ventosa","36":"plus_produit-kit-controlo-de-combustao-kcc-pt","37":"plus_produit-kit-wi-fi-opcional","38":"plus_produit-parecer-tecnico-cstb-no14-2-15-2130v5","39":"plus_produit-possibilidade-de-pilotagem-por-termostato-externo-pt","40":"plus_produit-programacao-cronometro-termostato-pt","41":"plus_produit-regulacao-da-potencia-ou-da-temperatura-ambiente-pt","42":"plus_produit-saida-de-ar-quente-por-ventilador-pt","43":"plus_produit-stand-by-espera-pt","45":"first","46":"instock","47":"product-type-simple"},"acf":[],"yoast_head":"<!-- This site is optimized with the Yoast SEO plugin v24.7 - https:\/\/yoast.com\/wordpress\/plugins\/seo\/ -->\n<title>Salamandra de pellets Arenga IPE9 - Invicta<\/title>\n<meta name=\"description\" content=\"Um actor importante no seu conforto interior, Arenga oferece uma interpreta\u00e7\u00e3o original do espect\u00e1culo do fogo. O seu aspecto s\u00f3brio e o requinte do seu\" \/>\n<meta name=\"robots\" content=\"index, follow, max-snippet:-1, max-image-preview:large, max-video-preview:-1\" \/>\n<link rel=\"canonical\" href=\"https:\/\/dev.invicta.wp19.axome.cc\/pt\/produit\/salamandra-de-pellets-arenga-ipe9\/\" \/>\n<meta property=\"og:locale\" content=\"pt_PT\" \/>\n<meta property=\"og:type\" content=\"article\" \/>\n<meta property=\"og:title\" content=\"Salamandra de pellets Arenga IPE9 - Invicta\" \/>\n<meta property=\"og:description\" content=\"Um actor importante no seu conforto interior, Arenga oferece uma interpreta\u00e7\u00e3o original do espect\u00e1culo do fogo. O seu aspecto s\u00f3brio e o requinte do seu\" \/>\n<meta property=\"og:url\" content=\"https:\/\/dev.invicta.wp19.axome.cc\/pt\/produit\/salamandra-de-pellets-arenga-ipe9\/\" \/>\n<meta property=\"og:site_name\" content=\"Invicta\" \/>\n<meta property=\"article:modified_time\" content=\"2025-06-09T16:12:13+00:00\" \/>\n<meta name=\"twitter:card\" content=\"summary_large_image\" \/>\n<script type=\"application\/ld+json\" class=\"yoast-schema-graph\">{\"@context\":\"https:\/\/schema.org\",\"@graph\":[{\"@type\":\"WebPage\",\"@id\":\"https:\/\/dev.invicta.wp19.axome.cc\/pt\/produit\/salamandra-de-pellets-arenga-ipe9\/\",\"url\":\"https:\/\/dev.invicta.wp19.axome.cc\/pt\/produit\/salamandra-de-pellets-arenga-ipe9\/\",\"name\":\"Salamandra de pellets Arenga IPE9 - Invicta\",\"isPartOf\":{\"@id\":\"https:\/\/dev.invicta.wp19.axome.cc\/pt\/#website\"},\"primaryImageOfPage\":{\"@id\":\"https:\/\/dev.invicta.wp19.axome.cc\/pt\/produit\/salamandra-de-pellets-arenga-ipe9\/#primaryimage\"},\"image\":{\"@id\":\"https:\/\/dev.invicta.wp19.axome.cc\/pt\/produit\/salamandra-de-pellets-arenga-ipe9\/#primaryimage\"},\"thumbnailUrl\":\"https:\/\/dev.invicta.wp19.axome.cc\/wp-content\/uploads\/2025\/06\/NEW-Arenga-LP_blanc_1431689191.jpg\",\"datePublished\":\"2025-06-09T16:12:12+00:00\",\"dateModified\":\"2025-06-09T16:12:13+00:00\",\"description\":\"Um actor importante no seu conforto interior, Arenga oferece uma interpreta\u00e7\u00e3o original do espect\u00e1culo do fogo. O seu aspecto s\u00f3brio e o requinte do seu\",\"breadcrumb\":{\"@id\":\"https:\/\/dev.invicta.wp19.axome.cc\/pt\/produit\/salamandra-de-pellets-arenga-ipe9\/#breadcrumb\"},\"inLanguage\":\"pt-PT\",\"potentialAction\":[{\"@type\":\"ReadAction\",\"target\":[\"https:\/\/dev.invicta.wp19.axome.cc\/pt\/produit\/salamandra-de-pellets-arenga-ipe9\/\"]}]},{\"@type\":\"ImageObject\",\"inLanguage\":\"pt-PT\",\"@id\":\"https:\/\/dev.invicta.wp19.axome.cc\/pt\/produit\/salamandra-de-pellets-arenga-ipe9\/#primaryimage\",\"url\":\"https:\/\/dev.invicta.wp19.axome.cc\/wp-content\/uploads\/2025\/06\/NEW-Arenga-LP_blanc_1431689191.jpg\",\"contentUrl\":\"https:\/\/dev.invicta.wp19.axome.cc\/wp-content\/uploads\/2025\/06\/NEW-Arenga-LP_blanc_1431689191.jpg\",\"width\":234,\"height\":403,\"caption\":\"Po\u00eale \u00e0 granul\u00e9s Arenga noir IPE9\"},{\"@type\":\"BreadcrumbList\",\"@id\":\"https:\/\/dev.invicta.wp19.axome.cc\/pt\/produit\/salamandra-de-pellets-arenga-ipe9\/#breadcrumb\",\"itemListElement\":[{\"@type\":\"ListItem\",\"position\":1,\"name\":\"Home\",\"item\":\"https:\/\/dev.invicta.wp19.axome.cc\/pt\/\"},{\"@type\":\"ListItem\",\"position\":2,\"name\":\"Produtos\",\"item\":\"https:\/\/dev.invicta.wp19.axome.cc\/pt\/shop\/\"},{\"@type\":\"ListItem\",\"position\":3,\"name\":\"Salamandras a pellets\",\"item\":\"https:\/\/dev.invicta.wp19.axome.cc\/pt\/categorie-produit\/fogoes-a-pellets\/\"},{\"@type\":\"ListItem\",\"position\":4,\"name\":\"Salamandras estanques \u200b\u200ba pellets\",\"item\":\"https:\/\/dev.invicta.wp19.axome.cc\/pt\/categorie-produit\/fogoes-a-pellets\/salamandras-estanques-a-pellets\/\"},{\"@type\":\"ListItem\",\"position\":5,\"name\":\"Salamandra de pellets Arenga IPE9\"}]},{\"@type\":\"WebSite\",\"@id\":\"https:\/\/dev.invicta.wp19.axome.cc\/pt\/#website\",\"url\":\"https:\/\/dev.invicta.wp19.axome.cc\/pt\/\",\"name\":\"Invicta\",\"description\":\"Fabricant fran\u00e7ais, sp\u00e9cialiste europ\u00e9en du chauffage au bois : po\u00eales \u00e0 bois et \u00e0 granul\u00e9s, chemin\u00e9es, foyers et inserts\",\"publisher\":{\"@id\":\"https:\/\/dev.invicta.wp19.axome.cc\/pt\/#organization\"},\"potentialAction\":[{\"@type\":\"SearchAction\",\"target\":{\"@type\":\"EntryPoint\",\"urlTemplate\":\"https:\/\/dev.invicta.wp19.axome.cc\/pt\/?s={search_term_string}\"},\"query-input\":{\"@type\":\"PropertyValueSpecification\",\"valueRequired\":true,\"valueName\":\"search_term_string\"}}],\"inLanguage\":\"pt-PT\"},{\"@type\":\"Organization\",\"@id\":\"https:\/\/dev.invicta.wp19.axome.cc\/pt\/#organization\",\"name\":\"Invicta\",\"url\":\"https:\/\/dev.invicta.wp19.axome.cc\/pt\/\",\"logo\":{\"@type\":\"ImageObject\",\"inLanguage\":\"pt-PT\",\"@id\":\"https:\/\/dev.invicta.wp19.axome.cc\/pt\/#\/schema\/logo\/image\/\",\"url\":\"https:\/\/www.invicta.fr\/wp-content\/uploads\/2019\/06\/INVICTALOGO_RVB.png\",\"contentUrl\":\"https:\/\/www.invicta.fr\/wp-content\/uploads\/2019\/06\/INVICTALOGO_RVB.png\",\"width\":1810,\"height\":1280,\"caption\":\"Invicta\"},\"image\":{\"@id\":\"https:\/\/dev.invicta.wp19.axome.cc\/pt\/#\/schema\/logo\/image\/\"}}]}<\/script>\n<!-- \/ Yoast SEO plugin. -->","yoast_head_json":{"title":"Salamandra de pellets Arenga IPE9 - Invicta","description":"Um actor importante no seu conforto interior, Arenga oferece uma interpreta\u00e7\u00e3o original do espect\u00e1culo do fogo. O seu aspecto s\u00f3brio e o requinte do seu","robots":{"index":"index","follow":"follow","max-snippet":"max-snippet:-1","max-image-preview":"max-image-preview:large","max-video-preview":"max-video-preview:-1"},"canonical":"https:\/\/dev.invicta.wp19.axome.cc\/pt\/produit\/salamandra-de-pellets-arenga-ipe9\/","og_locale":"pt_PT","og_type":"article","og_title":"Salamandra de pellets Arenga IPE9 - Invicta","og_description":"Um actor importante no seu conforto interior, Arenga oferece uma interpreta\u00e7\u00e3o original do espect\u00e1culo do fogo. O seu aspecto s\u00f3brio e o requinte do seu","og_url":"https:\/\/dev.invicta.wp19.axome.cc\/pt\/produit\/salamandra-de-pellets-arenga-ipe9\/","og_site_name":"Invicta","article_modified_time":"2025-06-09T16:12:13+00:00","twitter_card":"summary_large_image","schema":{"@context":"https:\/\/schema.org","@graph":[{"@type":"WebPage","@id":"https:\/\/dev.invicta.wp19.axome.cc\/pt\/produit\/salamandra-de-pellets-arenga-ipe9\/","url":"https:\/\/dev.invicta.wp19.axome.cc\/pt\/produit\/salamandra-de-pellets-arenga-ipe9\/","name":"Salamandra de pellets Arenga IPE9 - Invicta","isPartOf":{"@id":"https:\/\/dev.invicta.wp19.axome.cc\/pt\/#website"},"primaryImageOfPage":{"@id":"https:\/\/dev.invicta.wp19.axome.cc\/pt\/produit\/salamandra-de-pellets-arenga-ipe9\/#primaryimage"},"image":{"@id":"https:\/\/dev.invicta.wp19.axome.cc\/pt\/produit\/salamandra-de-pellets-arenga-ipe9\/#primaryimage"},"thumbnailUrl":"https:\/\/dev.invicta.wp19.axome.cc\/wp-content\/uploads\/2025\/06\/NEW-Arenga-LP_blanc_1431689191.jpg","datePublished":"2025-06-09T16:12:12+00:00","dateModified":"2025-06-09T16:12:13+00:00","description":"Um actor importante no seu conforto interior, Arenga oferece uma interpreta\u00e7\u00e3o original do espect\u00e1culo do fogo. O seu aspecto s\u00f3brio e o requinte do seu","breadcrumb":{"@id":"https:\/\/dev.invicta.wp19.axome.cc\/pt\/produit\/salamandra-de-pellets-arenga-ipe9\/#breadcrumb"},"inLanguage":"pt-PT","potentialAction":[{"@type":"ReadAction","target":["https:\/\/dev.invicta.wp19.axome.cc\/pt\/produit\/salamandra-de-pellets-arenga-ipe9\/"]}]},{"@type":"ImageObject","inLanguage":"pt-PT","@id":"https:\/\/dev.invicta.wp19.axome.cc\/pt\/produit\/salamandra-de-pellets-arenga-ipe9\/#primaryimage","url":"https:\/\/dev.invicta.wp19.axome.cc\/wp-content\/uploads\/2025\/06\/NEW-Arenga-LP_blanc_1431689191.jpg","contentUrl":"https:\/\/dev.invicta.wp19.axome.cc\/wp-content\/uploads\/2025\/06\/NEW-Arenga-LP_blanc_1431689191.jpg","width":234,"height":403,"caption":"Po\u00eale \u00e0 granul\u00e9s Arenga noir IPE9"},{"@type":"BreadcrumbList","@id":"https:\/\/dev.invicta.wp19.axome.cc\/pt\/produit\/salamandra-de-pellets-arenga-ipe9\/#breadcrumb","itemListElement":[{"@type":"ListItem","position":1,"name":"Home","item":"https:\/\/dev.invicta.wp19.axome.cc\/pt\/"},{"@type":"ListItem","position":2,"name":"Produtos","item":"https:\/\/dev.invicta.wp19.axome.cc\/pt\/shop\/"},{"@type":"ListItem","position":3,"name":"Salamandras a pellets","item":"https:\/\/dev.invicta.wp19.axome.cc\/pt\/categorie-produit\/fogoes-a-pellets\/"},{"@type":"ListItem","position":4,"name":"Salamandras estanques \u200b\u200ba pellets","item":"https:\/\/dev.invicta.wp19.axome.cc\/pt\/categorie-produit\/fogoes-a-pellets\/salamandras-estanques-a-pellets\/"},{"@type":"ListItem","position":5,"name":"Salamandra de pellets Arenga IPE9"}]},{"@type":"WebSite","@id":"https:\/\/dev.invicta.wp19.axome.cc\/pt\/#website","url":"https:\/\/dev.invicta.wp19.axome.cc\/pt\/","name":"Invicta","description":"Fabricant fran\u00e7ais, sp\u00e9cialiste europ\u00e9en du chauffage au bois : po\u00eales \u00e0 bois et \u00e0 granul\u00e9s, chemin\u00e9es, foyers et inserts","publisher":{"@id":"https:\/\/dev.invicta.wp19.axome.cc\/pt\/#organization"},"potentialAction":[{"@type":"SearchAction","target":{"@type":"EntryPoint","urlTemplate":"https:\/\/dev.invicta.wp19.axome.cc\/pt\/?s={search_term_string}"},"query-input":{"@type":"PropertyValueSpecification","valueRequired":true,"valueName":"search_term_string"}}],"inLanguage":"pt-PT"},{"@type":"Organization","@id":"https:\/\/dev.invicta.wp19.axome.cc\/pt\/#organization","name":"Invicta","url":"https:\/\/dev.invicta.wp19.axome.cc\/pt\/","logo":{"@type":"ImageObject","inLanguage":"pt-PT","@id":"https:\/\/dev.invicta.wp19.axome.cc\/pt\/#\/schema\/logo\/image\/","url":"https:\/\/www.invicta.fr\/wp-content\/uploads\/2019\/06\/INVICTALOGO_RVB.png","contentUrl":"https:\/\/www.invicta.fr\/wp-content\/uploads\/2019\/06\/INVICTALOGO_RVB.png","width":1810,"height":1280,"caption":"Invicta"},"image":{"@id":"https:\/\/dev.invicta.wp19.axome.cc\/pt\/#\/schema\/logo\/image\/"}}]}},"_links":{"self":[{"href":"https:\/\/dev.invicta.wp19.axome.cc\/pt\/wp-json\/wp\/v2\/product\/69742","targetHints":{"allow":["GET"]}}],"collection":[{"href":"https:\/\/dev.invicta.wp19.axome.cc\/pt\/wp-json\/wp\/v2\/product"}],"about":[{"href":"https:\/\/dev.invicta.wp19.axome.cc\/pt\/wp-json\/wp\/v2\/types\/product"}],"wp:featuredmedia":[{"embeddable":true,"href":"https:\/\/dev.invicta.wp19.axome.cc\/pt\/wp-json\/wp\/v2\/media\/68238"}],"wp:attachment":[{"href":"https:\/\/dev.invicta.wp19.axome.cc\/pt\/wp-json\/wp\/v2\/media?parent=69742"}],"wp:term":[{"taxonomy":"product_brand","embeddable":true,"href":"https:\/\/dev.invicta.wp19.axome.cc\/pt\/wp-json\/wp\/v2\/product_brand?post=69742"},{"taxonomy":"product_cat","embeddable":true,"href":"https:\/\/dev.invicta.wp19.axome.cc\/pt\/wp-json\/wp\/v2\/product_cat?post=69742"},{"taxonomy":"product_tag","embeddable":true,"href":"https:\/\/dev.invicta.wp19.axome.cc\/pt\/wp-json\/wp\/v2\/product_tag?post=69742"},{"taxonomy":"plus_produit","embeddable":true,"href":"https:\/\/dev.invicta.wp19.axome.cc\/pt\/wp-json\/wp\/v2\/plus_produit?post=69742"}],"curies":[{"name":"wp","href":"https:\/\/api.w.org\/{rel}","templated":true}]}}